{"id":68881,"date":"2025-01-28T07:32:58","date_gmt":"2025-01-28T10:32:58","guid":{"rendered":"https:\/\/www.bozza.com\/produto\/valvula-medidor-digital-para-oleo-bz-950\/"},"modified":"2026-03-19T08:53:08","modified_gmt":"2026-03-19T11:53:08","slug":"valve-digital-meter-oil-bz-950","status":"publish","type":"product","link":"https:\/\/bozza.com\/en\/produto\/valve-digital-meter-oil-bz-950\/","title":{"rendered":"VALVE WITH DIGITAL METER FOR OIL BZ-950"},"content":{"rendered":"<ul>\n<li>Maximum flow rate: 35 L\/Min;<\/li>\n<li>Minimum flow rate: 1 L\/Min;<\/li>\n<li>Maximum working pressure: 725 PSI (51.7 BAR);<\/li>\n<li>Product inlet: 1\/2&#8243; NPT female thread;<\/li>\n<li>Accuracy: \u00b10.5%;<\/li>\n<li>Maximum working temperature: 50\u00b0C;<\/li>\n<li>Minimum working temperature: -10\u00b0C;<\/li>\n<li>Compatibility: Lubricant oil up to SAE-140;<\/li>\n<li>Calibrated and sealed by Bozza;<\/li>\n<\/ul>\n","protected":false},"excerpt":{"rendered":"<p>Valve with a digital meter, manufactured in Brazil using advanced technology. Equipped with an anti-drip system and an integrated electronic meter, providing precise control over the volume of oil delivered in each operation. Ideal for bulk lubricant oil transfer.<\/p>\n<p><span style=\"color: #ffffff;\">\u00a0<span style=\"color: #ffffff;\">01<\/span>.470.0004 BZ 950 BZ950 BZ-950 B-950 B950 950 95 B95 B9<\/span><\/p>\n","protected":false},"featured_media":68573,"template":"","meta":{"_acf_changed":false},"product_brand":[],"product_cat":[463,246,461,262],"product_tag":[480,264,1032,479,481],"class_list":{"0":"post-68881","1":"product","2":"type-product","3":"status-publish","4":"has-post-thumbnail","6":"product_cat-all-products","7":"product_cat-equipamentos-para-postos-de-servicos-en","8":"product_cat-releases","9":"product_cat-valves-nozzles-electric-mechanical-meters","10":"product_tag-medidor-digital-en","11":"product_tag-oleo-en","12":"product_tag-oleo-en-2","13":"product_tag-propulsora-en","14":"product_tag-transporte-en","16":"first","17":"instock","18":"shipping-taxable","19":"product-type-simple"},"acf":[],"yoast_head":"<!-- This site is optimized with the Yoast SEO plugin v26.9 - https:\/\/yoast.com\/product\/yoast-seo-wordpress\/ -->\n<title>VALVE WITH DIGITAL METER FOR OIL BZ-950 | Bozza<\/title>\n<meta name=\"description\" content=\"Medidor Digital para \u00d3leo B-900 vem com Va\u0301lvula com sistema anti-gotejante, permitindo maior controle na transfer\u00eancia do volume de o\u0301leo.\" \/>\n<meta name=\"robots\" content=\"index, follow, max-snippet:-1, max-image-preview:large, max-video-preview:-1\" \/>\n<link rel=\"canonical\" href=\"https:\/\/bozza.com\/en\/produto\/valve-digital-meter-oil-bz-950\/\" \/>\n<meta property=\"og:locale\" content=\"en_US\" \/>\n<meta property=\"og:type\" content=\"article\" \/>\n<meta property=\"og:title\" content=\"VALVE WITH DIGITAL METER FOR OIL BZ-950 | Bozza\" \/>\n<meta property=\"og:description\" content=\"Medidor Digital para \u00d3leo B-900 vem com Va\u0301lvula com sistema anti-gotejante, permitindo maior controle na transfer\u00eancia do volume de o\u0301leo.\" \/>\n<meta property=\"og:url\" content=\"https:\/\/bozza.com\/en\/produto\/valve-digital-meter-oil-bz-950\/\" \/>\n<meta property=\"og:site_name\" content=\"Bozza\" \/>\n<meta property=\"article:publisher\" content=\"https:\/\/www.facebook.com\/bozza.oficial\/\" \/>\n<meta property=\"article:modified_time\" content=\"2026-03-19T11:53:08+00:00\" \/>\n<meta property=\"og:image\" content=\"https:\/\/bozza.com\/wp-content\/uploads\/2025\/01\/01.470.0004_BZ-950_MEDIDOR-DIGITAL-OLEO.jpg\" \/>\n\t<meta property=\"og:image:width\" content=\"1080\" \/>\n\t<meta property=\"og:image:height\" content=\"1080\" \/>\n\t<meta property=\"og:image:type\" content=\"image\/jpeg\" \/>\n<meta name=\"twitter:card\" content=\"summary_large_image\" \/>\n<meta name=\"twitter:label1\" content=\"Est. reading time\" \/>\n\t<meta name=\"twitter:data1\" content=\"1 minute\" \/>\n<script type=\"application\/ld+json\" class=\"yoast-schema-graph\">{\"@context\":\"https:\/\/schema.org\",\"@graph\":[{\"@type\":\"WebPage\",\"@id\":\"https:\/\/bozza.com\/en\/produto\/valve-digital-meter-oil-bz-950\/\",\"url\":\"https:\/\/bozza.com\/en\/produto\/valve-digital-meter-oil-bz-950\/\",\"name\":\"VALVE WITH DIGITAL METER FOR OIL BZ-950 | Bozza\",\"isPartOf\":{\"@id\":\"https:\/\/bozza.com\/#website\"},\"primaryImageOfPage\":{\"@id\":\"https:\/\/bozza.com\/en\/produto\/valve-digital-meter-oil-bz-950\/#primaryimage\"},\"image\":{\"@id\":\"https:\/\/bozza.com\/en\/produto\/valve-digital-meter-oil-bz-950\/#primaryimage\"},\"thumbnailUrl\":\"https:\/\/bozza.com\/wp-content\/uploads\/2025\/01\/01.470.0004_BZ-950_MEDIDOR-DIGITAL-OLEO.jpg\",\"datePublished\":\"2025-01-28T10:32:58+00:00\",\"dateModified\":\"2026-03-19T11:53:08+00:00\",\"description\":\"Medidor Digital para \u00d3leo B-900 vem com Va\u0301lvula com sistema anti-gotejante, permitindo maior controle na transfer\u00eancia do volume de o\u0301leo.\",\"breadcrumb\":{\"@id\":\"https:\/\/bozza.com\/en\/produto\/valve-digital-meter-oil-bz-950\/#breadcrumb\"},\"inLanguage\":\"en-US\",\"potentialAction\":[{\"@type\":\"ReadAction\",\"target\":[\"https:\/\/bozza.com\/en\/produto\/valve-digital-meter-oil-bz-950\/\"]}]},{\"@type\":\"ImageObject\",\"inLanguage\":\"en-US\",\"@id\":\"https:\/\/bozza.com\/en\/produto\/valve-digital-meter-oil-bz-950\/#primaryimage\",\"url\":\"https:\/\/bozza.com\/wp-content\/uploads\/2025\/01\/01.470.0004_BZ-950_MEDIDOR-DIGITAL-OLEO.jpg\",\"contentUrl\":\"https:\/\/bozza.com\/wp-content\/uploads\/2025\/01\/01.470.0004_BZ-950_MEDIDOR-DIGITAL-OLEO.jpg\",\"width\":1080,\"height\":1080,\"caption\":\"BZ-950_MEDIDOR-DIGITAL-OLEO-BOZZA\"},{\"@type\":\"BreadcrumbList\",\"@id\":\"https:\/\/bozza.com\/en\/produto\/valve-digital-meter-oil-bz-950\/#breadcrumb\",\"itemListElement\":[{\"@type\":\"ListItem\",\"position\":1,\"name\":\"In\u00edcio\",\"item\":\"https:\/\/bozza.com\/\"},{\"@type\":\"ListItem\",\"position\":2,\"name\":\"Produtos\",\"item\":\"https:\/\/bozza.com\/?page_id=70036\"},{\"@type\":\"ListItem\",\"position\":3,\"name\":\"VALVE WITH DIGITAL METER FOR OIL BZ-950\"}]},{\"@type\":\"WebSite\",\"@id\":\"https:\/\/bozza.com\/#website\",\"url\":\"https:\/\/bozza.com\/\",\"name\":\"Bozza\",\"description\":\"Solu\u00e7\u00f5es em Lubrifica\u00e7\u00e3o\",\"publisher\":{\"@id\":\"https:\/\/bozza.com\/#organization\"},\"potentialAction\":[{\"@type\":\"SearchAction\",\"target\":{\"@type\":\"EntryPoint\",\"urlTemplate\":\"https:\/\/bozza.com\/?s={search_term_string}\"},\"query-input\":{\"@type\":\"PropertyValueSpecification\",\"valueRequired\":true,\"valueName\":\"search_term_string\"}}],\"inLanguage\":\"en-US\"},{\"@type\":\"Organization\",\"@id\":\"https:\/\/bozza.com\/#organization\",\"name\":\"Bozza\",\"url\":\"https:\/\/bozza.com\/\",\"logo\":{\"@type\":\"ImageObject\",\"inLanguage\":\"en-US\",\"@id\":\"https:\/\/bozza.com\/#\/schema\/logo\/image\/\",\"url\":\"\",\"contentUrl\":\"\",\"caption\":\"Bozza\"},\"image\":{\"@id\":\"https:\/\/bozza.com\/#\/schema\/logo\/image\/\"},\"sameAs\":[\"https:\/\/www.facebook.com\/bozza.oficial\/\",\"https:\/\/www.instagram.com\/bozzaoficial\/\",\"https:\/\/www.linkedin.com\/company\/bozza\/\",\"https:\/\/www.youtube.com\/channel\/UCQRiHYNpM4VQWF9YxVgSTsw?view_as=subscriber\"]}]}<\/script>\n<!-- \/ Yoast SEO plugin. -->","yoast_head_json":{"title":"VALVE WITH DIGITAL METER FOR OIL BZ-950 | Bozza","description":"Medidor Digital para \u00d3leo B-900 vem com Va\u0301lvula com sistema anti-gotejante, permitindo maior controle na transfer\u00eancia do volume de o\u0301leo.","robots":{"index":"index","follow":"follow","max-snippet":"max-snippet:-1","max-image-preview":"max-image-preview:large","max-video-preview":"max-video-preview:-1"},"canonical":"https:\/\/bozza.com\/en\/produto\/valve-digital-meter-oil-bz-950\/","og_locale":"en_US","og_type":"article","og_title":"VALVE WITH DIGITAL METER FOR OIL BZ-950 | Bozza","og_description":"Medidor Digital para \u00d3leo B-900 vem com Va\u0301lvula com sistema anti-gotejante, permitindo maior controle na transfer\u00eancia do volume de o\u0301leo.","og_url":"https:\/\/bozza.com\/en\/produto\/valve-digital-meter-oil-bz-950\/","og_site_name":"Bozza","article_publisher":"https:\/\/www.facebook.com\/bozza.oficial\/","article_modified_time":"2026-03-19T11:53:08+00:00","og_image":[{"width":1080,"height":1080,"url":"https:\/\/bozza.com\/wp-content\/uploads\/2025\/01\/01.470.0004_BZ-950_MEDIDOR-DIGITAL-OLEO.jpg","type":"image\/jpeg"}],"twitter_card":"summary_large_image","twitter_misc":{"Est. reading time":"1 minute"},"schema":{"@context":"https:\/\/schema.org","@graph":[{"@type":"WebPage","@id":"https:\/\/bozza.com\/en\/produto\/valve-digital-meter-oil-bz-950\/","url":"https:\/\/bozza.com\/en\/produto\/valve-digital-meter-oil-bz-950\/","name":"VALVE WITH DIGITAL METER FOR OIL BZ-950 | Bozza","isPartOf":{"@id":"https:\/\/bozza.com\/#website"},"primaryImageOfPage":{"@id":"https:\/\/bozza.com\/en\/produto\/valve-digital-meter-oil-bz-950\/#primaryimage"},"image":{"@id":"https:\/\/bozza.com\/en\/produto\/valve-digital-meter-oil-bz-950\/#primaryimage"},"thumbnailUrl":"https:\/\/bozza.com\/wp-content\/uploads\/2025\/01\/01.470.0004_BZ-950_MEDIDOR-DIGITAL-OLEO.jpg","datePublished":"2025-01-28T10:32:58+00:00","dateModified":"2026-03-19T11:53:08+00:00","description":"Medidor Digital para \u00d3leo B-900 vem com Va\u0301lvula com sistema anti-gotejante, permitindo maior controle na transfer\u00eancia do volume de o\u0301leo.","breadcrumb":{"@id":"https:\/\/bozza.com\/en\/produto\/valve-digital-meter-oil-bz-950\/#breadcrumb"},"inLanguage":"en-US","potentialAction":[{"@type":"ReadAction","target":["https:\/\/bozza.com\/en\/produto\/valve-digital-meter-oil-bz-950\/"]}]},{"@type":"ImageObject","inLanguage":"en-US","@id":"https:\/\/bozza.com\/en\/produto\/valve-digital-meter-oil-bz-950\/#primaryimage","url":"https:\/\/bozza.com\/wp-content\/uploads\/2025\/01\/01.470.0004_BZ-950_MEDIDOR-DIGITAL-OLEO.jpg","contentUrl":"https:\/\/bozza.com\/wp-content\/uploads\/2025\/01\/01.470.0004_BZ-950_MEDIDOR-DIGITAL-OLEO.jpg","width":1080,"height":1080,"caption":"BZ-950_MEDIDOR-DIGITAL-OLEO-BOZZA"},{"@type":"BreadcrumbList","@id":"https:\/\/bozza.com\/en\/produto\/valve-digital-meter-oil-bz-950\/#breadcrumb","itemListElement":[{"@type":"ListItem","position":1,"name":"In\u00edcio","item":"https:\/\/bozza.com\/"},{"@type":"ListItem","position":2,"name":"Produtos","item":"https:\/\/bozza.com\/?page_id=70036"},{"@type":"ListItem","position":3,"name":"VALVE WITH DIGITAL METER FOR OIL BZ-950"}]},{"@type":"WebSite","@id":"https:\/\/bozza.com\/#website","url":"https:\/\/bozza.com\/","name":"Bozza","description":"Solu\u00e7\u00f5es em Lubrifica\u00e7\u00e3o","publisher":{"@id":"https:\/\/bozza.com\/#organization"},"potentialAction":[{"@type":"SearchAction","target":{"@type":"EntryPoint","urlTemplate":"https:\/\/bozza.com\/?s={search_term_string}"},"query-input":{"@type":"PropertyValueSpecification","valueRequired":true,"valueName":"search_term_string"}}],"inLanguage":"en-US"},{"@type":"Organization","@id":"https:\/\/bozza.com\/#organization","name":"Bozza","url":"https:\/\/bozza.com\/","logo":{"@type":"ImageObject","inLanguage":"en-US","@id":"https:\/\/bozza.com\/#\/schema\/logo\/image\/","url":"","contentUrl":"","caption":"Bozza"},"image":{"@id":"https:\/\/bozza.com\/#\/schema\/logo\/image\/"},"sameAs":["https:\/\/www.facebook.com\/bozza.oficial\/","https:\/\/www.instagram.com\/bozzaoficial\/","https:\/\/www.linkedin.com\/company\/bozza\/","https:\/\/www.youtube.com\/channel\/UCQRiHYNpM4VQWF9YxVgSTsw?view_as=subscriber"]}]}},"_links":{"self":[{"href":"https:\/\/bozza.com\/en\/wp-json\/wp\/v2\/product\/68881","targetHints":{"allow":["GET"]}}],"collection":[{"href":"https:\/\/bozza.com\/en\/wp-json\/wp\/v2\/product"}],"about":[{"href":"https:\/\/bozza.com\/en\/wp-json\/wp\/v2\/types\/product"}],"wp:featuredmedia":[{"embeddable":true,"href":"https:\/\/bozza.com\/en\/wp-json\/wp\/v2\/media\/68573"}],"wp:attachment":[{"href":"https:\/\/bozza.com\/en\/wp-json\/wp\/v2\/media?parent=68881"}],"wp:term":[{"taxonomy":"product_brand","embeddable":true,"href":"https:\/\/bozza.com\/en\/wp-json\/wp\/v2\/product_brand?post=68881"},{"taxonomy":"product_cat","embeddable":true,"href":"https:\/\/bozza.com\/en\/wp-json\/wp\/v2\/product_cat?post=68881"},{"taxonomy":"product_tag","embeddable":true,"href":"https:\/\/bozza.com\/en\/wp-json\/wp\/v2\/product_tag?post=68881"}],"curies":[{"name":"wp","href":"https:\/\/api.w.org\/{rel}","templated":true}]}}