{"id":69103,"date":"2024-06-24T11:14:58","date_gmt":"2024-06-24T14:14:58","guid":{"rendered":"https:\/\/www.bozza.com\/produto\/bomba-manual-para-oleo-8021-g4-15litros\/"},"modified":"2026-03-19T08:54:09","modified_gmt":"2026-03-19T11:54:09","slug":"bomba-manual-para-oleo-8021-g4-15litros","status":"publish","type":"product","link":"https:\/\/bozza.com\/en\/produto\/bomba-manual-para-oleo-8021-g4-15litros\/","title":{"rendered":"MANUAL PUMP FOR OIL 8021-G4 15 L"},"content":{"rendered":"<ul>\n<li>15 L Metal reservoir<\/li>\n<li>Flow: 0.125 L\/cycle<\/li>\n<\/ul>\n","protected":false},"excerpt":{"rendered":"<p>Manual lubricating oil transfer pump for gearshift and differential, with crank system. Recommended for automobile repair shops, dealerships, and transportation companies in general, which do not have compressed air. <span style=\"color: #ffffff;\">Baldinho 01.210.0306, Bomba de \u00f3leo, Balde de \u00f3leo, <span data-sheets-root=\"1\">Bombas<\/span><\/span><\/p>\n","protected":false},"featured_media":67916,"template":"","meta":{"_acf_changed":false},"product_brand":[],"product_cat":[463,1008,460],"product_tag":[513,264,1032],"class_list":{"0":"post-69103","1":"product","2":"type-product","3":"status-publish","4":"has-post-thumbnail","6":"product_cat-all-products","7":"product_cat-for-oil","8":"product_cat-manual-pump","9":"product_tag-manual-en","10":"product_tag-oleo-en","11":"product_tag-oleo-en-2","13":"first","14":"instock","15":"shipping-taxable","16":"product-type-simple"},"acf":[],"yoast_head":"<!-- This site is optimized with the Yoast SEO plugin v26.9 - https:\/\/yoast.com\/product\/yoast-seo-wordpress\/ -->\n<title>MANUAL PUMP FOR OIL 8021-G4 15 L | Bozza<\/title>\n<meta name=\"robots\" content=\"index, follow, max-snippet:-1, max-image-preview:large, max-video-preview:-1\" \/>\n<link rel=\"canonical\" href=\"https:\/\/bozza.com\/en\/produto\/bomba-manual-para-oleo-8021-g4-15litros\/\" \/>\n<meta property=\"og:locale\" content=\"en_US\" \/>\n<meta property=\"og:type\" content=\"article\" \/>\n<meta property=\"og:title\" content=\"MANUAL PUMP FOR OIL 8021-G4 15 L | Bozza\" \/>\n<meta property=\"og:description\" content=\"Manual lubricating oil transfer pump for gearshift and differential, with crank system. Recommended for automobile repair shops, dealerships, and transportation companies in general, which do not have compressed air. Baldinho 01.210.0306, Bomba de \u00f3leo, Balde de \u00f3leo, Bombas\" \/>\n<meta property=\"og:url\" content=\"https:\/\/bozza.com\/en\/produto\/bomba-manual-para-oleo-8021-g4-15litros\/\" \/>\n<meta property=\"og:site_name\" content=\"Bozza\" \/>\n<meta property=\"article:publisher\" content=\"https:\/\/www.facebook.com\/bozza.oficial\/\" \/>\n<meta property=\"article:modified_time\" content=\"2026-03-19T11:54:09+00:00\" \/>\n<meta property=\"og:image\" content=\"https:\/\/bozza.com\/wp-content\/uploads\/2024\/06\/8021_BOZZA_2024.jpg\" \/>\n\t<meta property=\"og:image:width\" content=\"1080\" \/>\n\t<meta property=\"og:image:height\" content=\"1080\" \/>\n\t<meta property=\"og:image:type\" content=\"image\/jpeg\" \/>\n<meta name=\"twitter:card\" content=\"summary_large_image\" \/>\n<meta name=\"twitter:label1\" content=\"Est. reading time\" \/>\n\t<meta name=\"twitter:data1\" content=\"1 minute\" \/>\n<script type=\"application\/ld+json\" class=\"yoast-schema-graph\">{\"@context\":\"https:\/\/schema.org\",\"@graph\":[{\"@type\":\"WebPage\",\"@id\":\"https:\/\/bozza.com\/en\/produto\/bomba-manual-para-oleo-8021-g4-15litros\/\",\"url\":\"https:\/\/bozza.com\/en\/produto\/bomba-manual-para-oleo-8021-g4-15litros\/\",\"name\":\"MANUAL PUMP FOR OIL 8021-G4 15 L | Bozza\",\"isPartOf\":{\"@id\":\"https:\/\/bozza.com\/#website\"},\"primaryImageOfPage\":{\"@id\":\"https:\/\/bozza.com\/en\/produto\/bomba-manual-para-oleo-8021-g4-15litros\/#primaryimage\"},\"image\":{\"@id\":\"https:\/\/bozza.com\/en\/produto\/bomba-manual-para-oleo-8021-g4-15litros\/#primaryimage\"},\"thumbnailUrl\":\"https:\/\/bozza.com\/wp-content\/uploads\/2024\/06\/8021_BOZZA_2024.jpg\",\"datePublished\":\"2024-06-24T14:14:58+00:00\",\"dateModified\":\"2026-03-19T11:54:09+00:00\",\"breadcrumb\":{\"@id\":\"https:\/\/bozza.com\/en\/produto\/bomba-manual-para-oleo-8021-g4-15litros\/#breadcrumb\"},\"inLanguage\":\"en-US\",\"potentialAction\":[{\"@type\":\"ReadAction\",\"target\":[\"https:\/\/bozza.com\/en\/produto\/bomba-manual-para-oleo-8021-g4-15litros\/\"]}]},{\"@type\":\"ImageObject\",\"inLanguage\":\"en-US\",\"@id\":\"https:\/\/bozza.com\/en\/produto\/bomba-manual-para-oleo-8021-g4-15litros\/#primaryimage\",\"url\":\"https:\/\/bozza.com\/wp-content\/uploads\/2024\/06\/8021_BOZZA_2024.jpg\",\"contentUrl\":\"https:\/\/bozza.com\/wp-content\/uploads\/2024\/06\/8021_BOZZA_2024.jpg\",\"width\":1080,\"height\":1080,\"caption\":\"8021_BOZZA_2024\"},{\"@type\":\"BreadcrumbList\",\"@id\":\"https:\/\/bozza.com\/en\/produto\/bomba-manual-para-oleo-8021-g4-15litros\/#breadcrumb\",\"itemListElement\":[{\"@type\":\"ListItem\",\"position\":1,\"name\":\"In\u00edcio\",\"item\":\"https:\/\/bozza.com\/\"},{\"@type\":\"ListItem\",\"position\":2,\"name\":\"Produtos\",\"item\":\"https:\/\/bozza.com\/?page_id=70036\"},{\"@type\":\"ListItem\",\"position\":3,\"name\":\"MANUAL PUMP FOR OIL 8021-G4 15 L\"}]},{\"@type\":\"WebSite\",\"@id\":\"https:\/\/bozza.com\/#website\",\"url\":\"https:\/\/bozza.com\/\",\"name\":\"Bozza\",\"description\":\"Solu\u00e7\u00f5es em Lubrifica\u00e7\u00e3o\",\"publisher\":{\"@id\":\"https:\/\/bozza.com\/#organization\"},\"potentialAction\":[{\"@type\":\"SearchAction\",\"target\":{\"@type\":\"EntryPoint\",\"urlTemplate\":\"https:\/\/bozza.com\/?s={search_term_string}\"},\"query-input\":{\"@type\":\"PropertyValueSpecification\",\"valueRequired\":true,\"valueName\":\"search_term_string\"}}],\"inLanguage\":\"en-US\"},{\"@type\":\"Organization\",\"@id\":\"https:\/\/bozza.com\/#organization\",\"name\":\"Bozza\",\"url\":\"https:\/\/bozza.com\/\",\"logo\":{\"@type\":\"ImageObject\",\"inLanguage\":\"en-US\",\"@id\":\"https:\/\/bozza.com\/#\/schema\/logo\/image\/\",\"url\":\"\",\"contentUrl\":\"\",\"caption\":\"Bozza\"},\"image\":{\"@id\":\"https:\/\/bozza.com\/#\/schema\/logo\/image\/\"},\"sameAs\":[\"https:\/\/www.facebook.com\/bozza.oficial\/\",\"https:\/\/www.instagram.com\/bozzaoficial\/\",\"https:\/\/www.linkedin.com\/company\/bozza\/\",\"https:\/\/www.youtube.com\/channel\/UCQRiHYNpM4VQWF9YxVgSTsw?view_as=subscriber\"]}]}<\/script>\n<!-- \/ Yoast SEO plugin. -->","yoast_head_json":{"title":"MANUAL PUMP FOR OIL 8021-G4 15 L | Bozza","robots":{"index":"index","follow":"follow","max-snippet":"max-snippet:-1","max-image-preview":"max-image-preview:large","max-video-preview":"max-video-preview:-1"},"canonical":"https:\/\/bozza.com\/en\/produto\/bomba-manual-para-oleo-8021-g4-15litros\/","og_locale":"en_US","og_type":"article","og_title":"MANUAL PUMP FOR OIL 8021-G4 15 L | Bozza","og_description":"Manual lubricating oil transfer pump for gearshift and differential, with crank system. Recommended for automobile repair shops, dealerships, and transportation companies in general, which do not have compressed air. Baldinho 01.210.0306, Bomba de \u00f3leo, Balde de \u00f3leo, Bombas","og_url":"https:\/\/bozza.com\/en\/produto\/bomba-manual-para-oleo-8021-g4-15litros\/","og_site_name":"Bozza","article_publisher":"https:\/\/www.facebook.com\/bozza.oficial\/","article_modified_time":"2026-03-19T11:54:09+00:00","og_image":[{"width":1080,"height":1080,"url":"https:\/\/bozza.com\/wp-content\/uploads\/2024\/06\/8021_BOZZA_2024.jpg","type":"image\/jpeg"}],"twitter_card":"summary_large_image","twitter_misc":{"Est. reading time":"1 minute"},"schema":{"@context":"https:\/\/schema.org","@graph":[{"@type":"WebPage","@id":"https:\/\/bozza.com\/en\/produto\/bomba-manual-para-oleo-8021-g4-15litros\/","url":"https:\/\/bozza.com\/en\/produto\/bomba-manual-para-oleo-8021-g4-15litros\/","name":"MANUAL PUMP FOR OIL 8021-G4 15 L | Bozza","isPartOf":{"@id":"https:\/\/bozza.com\/#website"},"primaryImageOfPage":{"@id":"https:\/\/bozza.com\/en\/produto\/bomba-manual-para-oleo-8021-g4-15litros\/#primaryimage"},"image":{"@id":"https:\/\/bozza.com\/en\/produto\/bomba-manual-para-oleo-8021-g4-15litros\/#primaryimage"},"thumbnailUrl":"https:\/\/bozza.com\/wp-content\/uploads\/2024\/06\/8021_BOZZA_2024.jpg","datePublished":"2024-06-24T14:14:58+00:00","dateModified":"2026-03-19T11:54:09+00:00","breadcrumb":{"@id":"https:\/\/bozza.com\/en\/produto\/bomba-manual-para-oleo-8021-g4-15litros\/#breadcrumb"},"inLanguage":"en-US","potentialAction":[{"@type":"ReadAction","target":["https:\/\/bozza.com\/en\/produto\/bomba-manual-para-oleo-8021-g4-15litros\/"]}]},{"@type":"ImageObject","inLanguage":"en-US","@id":"https:\/\/bozza.com\/en\/produto\/bomba-manual-para-oleo-8021-g4-15litros\/#primaryimage","url":"https:\/\/bozza.com\/wp-content\/uploads\/2024\/06\/8021_BOZZA_2024.jpg","contentUrl":"https:\/\/bozza.com\/wp-content\/uploads\/2024\/06\/8021_BOZZA_2024.jpg","width":1080,"height":1080,"caption":"8021_BOZZA_2024"},{"@type":"BreadcrumbList","@id":"https:\/\/bozza.com\/en\/produto\/bomba-manual-para-oleo-8021-g4-15litros\/#breadcrumb","itemListElement":[{"@type":"ListItem","position":1,"name":"In\u00edcio","item":"https:\/\/bozza.com\/"},{"@type":"ListItem","position":2,"name":"Produtos","item":"https:\/\/bozza.com\/?page_id=70036"},{"@type":"ListItem","position":3,"name":"MANUAL PUMP FOR OIL 8021-G4 15 L"}]},{"@type":"WebSite","@id":"https:\/\/bozza.com\/#website","url":"https:\/\/bozza.com\/","name":"Bozza","description":"Solu\u00e7\u00f5es em Lubrifica\u00e7\u00e3o","publisher":{"@id":"https:\/\/bozza.com\/#organization"},"potentialAction":[{"@type":"SearchAction","target":{"@type":"EntryPoint","urlTemplate":"https:\/\/bozza.com\/?s={search_term_string}"},"query-input":{"@type":"PropertyValueSpecification","valueRequired":true,"valueName":"search_term_string"}}],"inLanguage":"en-US"},{"@type":"Organization","@id":"https:\/\/bozza.com\/#organization","name":"Bozza","url":"https:\/\/bozza.com\/","logo":{"@type":"ImageObject","inLanguage":"en-US","@id":"https:\/\/bozza.com\/#\/schema\/logo\/image\/","url":"","contentUrl":"","caption":"Bozza"},"image":{"@id":"https:\/\/bozza.com\/#\/schema\/logo\/image\/"},"sameAs":["https:\/\/www.facebook.com\/bozza.oficial\/","https:\/\/www.instagram.com\/bozzaoficial\/","https:\/\/www.linkedin.com\/company\/bozza\/","https:\/\/www.youtube.com\/channel\/UCQRiHYNpM4VQWF9YxVgSTsw?view_as=subscriber"]}]}},"_links":{"self":[{"href":"https:\/\/bozza.com\/en\/wp-json\/wp\/v2\/product\/69103","targetHints":{"allow":["GET"]}}],"collection":[{"href":"https:\/\/bozza.com\/en\/wp-json\/wp\/v2\/product"}],"about":[{"href":"https:\/\/bozza.com\/en\/wp-json\/wp\/v2\/types\/product"}],"wp:featuredmedia":[{"embeddable":true,"href":"https:\/\/bozza.com\/en\/wp-json\/wp\/v2\/media\/67916"}],"wp:attachment":[{"href":"https:\/\/bozza.com\/en\/wp-json\/wp\/v2\/media?parent=69103"}],"wp:term":[{"taxonomy":"product_brand","embeddable":true,"href":"https:\/\/bozza.com\/en\/wp-json\/wp\/v2\/product_brand?post=69103"},{"taxonomy":"product_cat","embeddable":true,"href":"https:\/\/bozza.com\/en\/wp-json\/wp\/v2\/product_cat?post=69103"},{"taxonomy":"product_tag","embeddable":true,"href":"https:\/\/bozza.com\/en\/wp-json\/wp\/v2\/product_tag?post=69103"}],"curies":[{"name":"wp","href":"https:\/\/api.w.org\/{rel}","templated":true}]}}