{"id":80497,"date":"2026-03-05T10:07:07","date_gmt":"2026-03-05T13:07:07","guid":{"rendered":"https:\/\/bozza.com\/produto\/carrinho-coletor-oleo-6024\/"},"modified":"2026-04-04T18:08:05","modified_gmt":"2026-04-04T21:08:05","slug":"carrinho-coletor-oleo-6024","status":"publish","type":"product","link":"https:\/\/bozza.com\/en\/produto\/carrinho-coletor-oleo-6024\/","title":{"rendered":"OIL COLLECTION CART &#8211; 6024"},"content":{"rendered":"<ul>\n<li>Capacity: 100 L;<\/li>\n<li>Minimum clearance: 250 mm;<\/li>\n<li>Tank dimensions: 1250 x 505 x 250 mm;<\/li>\n<li>Finish: Electrostatic painting;<\/li>\n<li>Drain ball valve: 1\/2&#8243; NPT.<\/li>\n<\/ul>\n","protected":false},"excerpt":{"rendered":"<p>Mobile equipment suitable for customers who need to collect used lubricating oil removed from heavy vehicles and machinery reservoirs in general. Recommended for use in the tractor, truck, and general transport dealership sector. <span style=\"color: #ffffff;\">01.421.0652<\/span><\/p>\n","protected":false},"featured_media":80478,"template":"","meta":{"_acf_changed":false},"product_brand":[1027],"product_cat":[463,246,1008],"product_tag":[486,515,264,164,516],"class_list":{"0":"post-80497","1":"product","2":"type-product","3":"status-publish","4":"has-post-thumbnail","6":"product_brand-postos-de-servicos-en","7":"product_cat-all-products","8":"product_cat-equipamentos-para-postos-de-servicos-en","9":"product_cat-for-oil","10":"product_tag-coletor-en","11":"product_tag-movel-en","12":"product_tag-oleo-en","13":"product_tag-oleo","14":"product_tag-usado-en","16":"first","17":"instock","18":"shipping-taxable","19":"product-type-simple"},"acf":[],"yoast_head":"<!-- This site is optimized with the Yoast SEO plugin v26.9 - https:\/\/yoast.com\/product\/yoast-seo-wordpress\/ -->\n<title>OIL COLLECTION CART - 6024 | Bozza<\/title>\n<meta name=\"description\" content=\"Oil Collection Cart 6024. Collection of used lubricating oil from heavy vehicles such as tractor dealerships, trucks and transport in general.\" \/>\n<meta name=\"robots\" content=\"index, follow, max-snippet:-1, max-image-preview:large, max-video-preview:-1\" \/>\n<link rel=\"canonical\" href=\"https:\/\/bozza.com\/produto\/carrinho-coletor-oleo-6024\/\" \/>\n<meta property=\"og:locale\" content=\"en_US\" \/>\n<meta property=\"og:type\" content=\"article\" \/>\n<meta property=\"og:title\" content=\"OIL COLLECTION CART - 6024 | Bozza\" \/>\n<meta property=\"og:description\" content=\"Oil Collection Cart 6024. Collection of used lubricating oil from heavy vehicles such as tractor dealerships, trucks and transport in general.\" \/>\n<meta property=\"og:url\" content=\"https:\/\/bozza.com\/produto\/carrinho-coletor-oleo-6024\/\" \/>\n<meta property=\"og:site_name\" content=\"Bozza\" \/>\n<meta property=\"article:publisher\" content=\"https:\/\/www.facebook.com\/bozza.oficial\/\" \/>\n<meta property=\"article:modified_time\" content=\"2026-04-04T21:08:05+00:00\" \/>\n<meta property=\"og:image\" content=\"https:\/\/bozza.com\/wp-content\/uploads\/2023\/06\/01.421.0652_6023_CARRINHO-COLETOR-OLEO-60L_2026.jpg\" \/>\n\t<meta property=\"og:image:width\" content=\"1080\" \/>\n\t<meta property=\"og:image:height\" content=\"1080\" \/>\n\t<meta property=\"og:image:type\" content=\"image\/jpeg\" \/>\n<meta name=\"twitter:card\" content=\"summary_large_image\" \/>\n<meta name=\"twitter:label1\" content=\"Est. reading time\" \/>\n\t<meta name=\"twitter:data1\" content=\"1 minute\" \/>\n<script type=\"application\/ld+json\" class=\"yoast-schema-graph\">{\"@context\":\"https:\/\/schema.org\",\"@graph\":[{\"@type\":\"WebPage\",\"@id\":\"https:\/\/bozza.com\/produto\/carrinho-coletor-oleo-6024\/\",\"url\":\"https:\/\/bozza.com\/produto\/carrinho-coletor-oleo-6024\/\",\"name\":\"OIL COLLECTION CART - 6024 | Bozza\",\"isPartOf\":{\"@id\":\"https:\/\/bozza.com\/#website\"},\"primaryImageOfPage\":{\"@id\":\"https:\/\/bozza.com\/produto\/carrinho-coletor-oleo-6024\/#primaryimage\"},\"image\":{\"@id\":\"https:\/\/bozza.com\/produto\/carrinho-coletor-oleo-6024\/#primaryimage\"},\"thumbnailUrl\":\"https:\/\/bozza.com\/wp-content\/uploads\/2023\/06\/01.421.0652_6023_CARRINHO-COLETOR-OLEO-60L_2026.jpg\",\"datePublished\":\"2026-03-05T13:07:07+00:00\",\"dateModified\":\"2026-04-04T21:08:05+00:00\",\"description\":\"Oil Collection Cart 6024. Collection of used lubricating oil from heavy vehicles such as tractor dealerships, trucks and transport in general.\",\"breadcrumb\":{\"@id\":\"https:\/\/bozza.com\/produto\/carrinho-coletor-oleo-6024\/#breadcrumb\"},\"inLanguage\":\"en-US\",\"potentialAction\":[{\"@type\":\"ReadAction\",\"target\":[\"https:\/\/bozza.com\/produto\/carrinho-coletor-oleo-6024\/\"]}]},{\"@type\":\"ImageObject\",\"inLanguage\":\"en-US\",\"@id\":\"https:\/\/bozza.com\/produto\/carrinho-coletor-oleo-6024\/#primaryimage\",\"url\":\"https:\/\/bozza.com\/wp-content\/uploads\/2023\/06\/01.421.0652_6023_CARRINHO-COLETOR-OLEO-60L_2026.jpg\",\"contentUrl\":\"https:\/\/bozza.com\/wp-content\/uploads\/2023\/06\/01.421.0652_6023_CARRINHO-COLETOR-OLEO-60L_2026.jpg\",\"width\":1080,\"height\":1080},{\"@type\":\"BreadcrumbList\",\"@id\":\"https:\/\/bozza.com\/produto\/carrinho-coletor-oleo-6024\/#breadcrumb\",\"itemListElement\":[{\"@type\":\"ListItem\",\"position\":1,\"name\":\"In\u00edcio\",\"item\":\"https:\/\/bozza.com\/\"},{\"@type\":\"ListItem\",\"position\":2,\"name\":\"Produtos\",\"item\":\"https:\/\/bozza.com\/?page_id=70036\"},{\"@type\":\"ListItem\",\"position\":3,\"name\":\"OIL COLLECTION CART &#8211; 6024\"}]},{\"@type\":\"WebSite\",\"@id\":\"https:\/\/bozza.com\/#website\",\"url\":\"https:\/\/bozza.com\/\",\"name\":\"Bozza\",\"description\":\"Solu\u00e7\u00f5es em Lubrifica\u00e7\u00e3o\",\"publisher\":{\"@id\":\"https:\/\/bozza.com\/#organization\"},\"potentialAction\":[{\"@type\":\"SearchAction\",\"target\":{\"@type\":\"EntryPoint\",\"urlTemplate\":\"https:\/\/bozza.com\/?s={search_term_string}\"},\"query-input\":{\"@type\":\"PropertyValueSpecification\",\"valueRequired\":true,\"valueName\":\"search_term_string\"}}],\"inLanguage\":\"en-US\"},{\"@type\":\"Organization\",\"@id\":\"https:\/\/bozza.com\/#organization\",\"name\":\"Bozza\",\"url\":\"https:\/\/bozza.com\/\",\"logo\":{\"@type\":\"ImageObject\",\"inLanguage\":\"en-US\",\"@id\":\"https:\/\/bozza.com\/#\/schema\/logo\/image\/\",\"url\":\"\",\"contentUrl\":\"\",\"caption\":\"Bozza\"},\"image\":{\"@id\":\"https:\/\/bozza.com\/#\/schema\/logo\/image\/\"},\"sameAs\":[\"https:\/\/www.facebook.com\/bozza.oficial\/\",\"https:\/\/www.instagram.com\/bozzaoficial\/\",\"https:\/\/www.linkedin.com\/company\/bozza\/\",\"https:\/\/www.youtube.com\/channel\/UCQRiHYNpM4VQWF9YxVgSTsw?view_as=subscriber\"]}]}<\/script>\n<!-- \/ Yoast SEO plugin. -->","yoast_head_json":{"title":"OIL COLLECTION CART - 6024 | Bozza","description":"Oil Collection Cart 6024. Collection of used lubricating oil from heavy vehicles such as tractor dealerships, trucks and transport in general.","robots":{"index":"index","follow":"follow","max-snippet":"max-snippet:-1","max-image-preview":"max-image-preview:large","max-video-preview":"max-video-preview:-1"},"canonical":"https:\/\/bozza.com\/produto\/carrinho-coletor-oleo-6024\/","og_locale":"en_US","og_type":"article","og_title":"OIL COLLECTION CART - 6024 | Bozza","og_description":"Oil Collection Cart 6024. Collection of used lubricating oil from heavy vehicles such as tractor dealerships, trucks and transport in general.","og_url":"https:\/\/bozza.com\/produto\/carrinho-coletor-oleo-6024\/","og_site_name":"Bozza","article_publisher":"https:\/\/www.facebook.com\/bozza.oficial\/","article_modified_time":"2026-04-04T21:08:05+00:00","og_image":[{"width":1080,"height":1080,"url":"https:\/\/bozza.com\/wp-content\/uploads\/2023\/06\/01.421.0652_6023_CARRINHO-COLETOR-OLEO-60L_2026.jpg","type":"image\/jpeg"}],"twitter_card":"summary_large_image","twitter_misc":{"Est. reading time":"1 minute"},"schema":{"@context":"https:\/\/schema.org","@graph":[{"@type":"WebPage","@id":"https:\/\/bozza.com\/produto\/carrinho-coletor-oleo-6024\/","url":"https:\/\/bozza.com\/produto\/carrinho-coletor-oleo-6024\/","name":"OIL COLLECTION CART - 6024 | Bozza","isPartOf":{"@id":"https:\/\/bozza.com\/#website"},"primaryImageOfPage":{"@id":"https:\/\/bozza.com\/produto\/carrinho-coletor-oleo-6024\/#primaryimage"},"image":{"@id":"https:\/\/bozza.com\/produto\/carrinho-coletor-oleo-6024\/#primaryimage"},"thumbnailUrl":"https:\/\/bozza.com\/wp-content\/uploads\/2023\/06\/01.421.0652_6023_CARRINHO-COLETOR-OLEO-60L_2026.jpg","datePublished":"2026-03-05T13:07:07+00:00","dateModified":"2026-04-04T21:08:05+00:00","description":"Oil Collection Cart 6024. Collection of used lubricating oil from heavy vehicles such as tractor dealerships, trucks and transport in general.","breadcrumb":{"@id":"https:\/\/bozza.com\/produto\/carrinho-coletor-oleo-6024\/#breadcrumb"},"inLanguage":"en-US","potentialAction":[{"@type":"ReadAction","target":["https:\/\/bozza.com\/produto\/carrinho-coletor-oleo-6024\/"]}]},{"@type":"ImageObject","inLanguage":"en-US","@id":"https:\/\/bozza.com\/produto\/carrinho-coletor-oleo-6024\/#primaryimage","url":"https:\/\/bozza.com\/wp-content\/uploads\/2023\/06\/01.421.0652_6023_CARRINHO-COLETOR-OLEO-60L_2026.jpg","contentUrl":"https:\/\/bozza.com\/wp-content\/uploads\/2023\/06\/01.421.0652_6023_CARRINHO-COLETOR-OLEO-60L_2026.jpg","width":1080,"height":1080},{"@type":"BreadcrumbList","@id":"https:\/\/bozza.com\/produto\/carrinho-coletor-oleo-6024\/#breadcrumb","itemListElement":[{"@type":"ListItem","position":1,"name":"In\u00edcio","item":"https:\/\/bozza.com\/"},{"@type":"ListItem","position":2,"name":"Produtos","item":"https:\/\/bozza.com\/?page_id=70036"},{"@type":"ListItem","position":3,"name":"OIL COLLECTION CART &#8211; 6024"}]},{"@type":"WebSite","@id":"https:\/\/bozza.com\/#website","url":"https:\/\/bozza.com\/","name":"Bozza","description":"Solu\u00e7\u00f5es em Lubrifica\u00e7\u00e3o","publisher":{"@id":"https:\/\/bozza.com\/#organization"},"potentialAction":[{"@type":"SearchAction","target":{"@type":"EntryPoint","urlTemplate":"https:\/\/bozza.com\/?s={search_term_string}"},"query-input":{"@type":"PropertyValueSpecification","valueRequired":true,"valueName":"search_term_string"}}],"inLanguage":"en-US"},{"@type":"Organization","@id":"https:\/\/bozza.com\/#organization","name":"Bozza","url":"https:\/\/bozza.com\/","logo":{"@type":"ImageObject","inLanguage":"en-US","@id":"https:\/\/bozza.com\/#\/schema\/logo\/image\/","url":"","contentUrl":"","caption":"Bozza"},"image":{"@id":"https:\/\/bozza.com\/#\/schema\/logo\/image\/"},"sameAs":["https:\/\/www.facebook.com\/bozza.oficial\/","https:\/\/www.instagram.com\/bozzaoficial\/","https:\/\/www.linkedin.com\/company\/bozza\/","https:\/\/www.youtube.com\/channel\/UCQRiHYNpM4VQWF9YxVgSTsw?view_as=subscriber"]}]}},"_links":{"self":[{"href":"https:\/\/bozza.com\/en\/wp-json\/wp\/v2\/product\/80497","targetHints":{"allow":["GET"]}}],"collection":[{"href":"https:\/\/bozza.com\/en\/wp-json\/wp\/v2\/product"}],"about":[{"href":"https:\/\/bozza.com\/en\/wp-json\/wp\/v2\/types\/product"}],"wp:featuredmedia":[{"embeddable":true,"href":"https:\/\/bozza.com\/en\/wp-json\/wp\/v2\/media\/80478"}],"wp:attachment":[{"href":"https:\/\/bozza.com\/en\/wp-json\/wp\/v2\/media?parent=80497"}],"wp:term":[{"taxonomy":"product_brand","embeddable":true,"href":"https:\/\/bozza.com\/en\/wp-json\/wp\/v2\/product_brand?post=80497"},{"taxonomy":"product_cat","embeddable":true,"href":"https:\/\/bozza.com\/en\/wp-json\/wp\/v2\/product_cat?post=80497"},{"taxonomy":"product_tag","embeddable":true,"href":"https:\/\/bozza.com\/en\/wp-json\/wp\/v2\/product_tag?post=80497"}],"curies":[{"name":"wp","href":"https:\/\/api.w.org\/{rel}","templated":true}]}}