{"id":80891,"date":"2026-04-01T10:00:28","date_gmt":"2026-04-01T13:00:28","guid":{"rendered":"https:\/\/bozza.com\/produto\/medidor-digital-graxa-bz-1900\/"},"modified":"2026-04-04T12:06:34","modified_gmt":"2026-04-04T15:06:34","slug":"medidor-digital-graxa-bz-1900","status":"publish","type":"product","link":"https:\/\/bozza.com\/en\/produto\/medidor-digital-graxa-bz-1900\/","title":{"rendered":"DIGITAL GREASE METER &#8211; BZ-1900"},"content":{"rendered":"<ul>\n<li>Maximum pressure: 8,000 PSI (600 BAR);<\/li>\n<li>Inlet thread: 1\/8&#8243; NPT female thread;<\/li>\n<li>Outlet thread: 1\/8&#8243; NPT female thread;<\/li>\n<li>Maximum flow rate: 2,500 kg\/minute<\/li>\n<li>Minimum flow rate: 0.100 kg\/minute<\/li>\n<li>Compatibility: grease consistency up to NLGI grade 3;<\/li>\n<li>Accuracy: \u00b10.5%<\/li>\n<li>Operating temperature: -0\u00b0C \/ +60\u00b0C<\/li>\n<li>Dimensions (LxWxH): 115x85x90 \u200b\u200bmm<\/li>\n<li>Weight: 0.42 kg<\/li>\n<\/ul>\n","protected":false},"excerpt":{"rendered":"<p>Electronic grease meter that allows visualization of the amount of grease applied in grams, reducing waste during operation and extending bearing life. Suitable for all manual and pneumatic grease pumps.<\/p>\n","protected":false},"featured_media":80858,"template":"","meta":{"_acf_changed":false},"product_brand":[1039,1040,1041,1027],"product_cat":[463,475,1006,262],"product_tag":[517,465,497,466,542,490,537],"class_list":{"0":"post-80891","1":"product","2":"type-product","3":"status-publish","4":"has-post-thumbnail","6":"product_brand-agricola-en","7":"product_brand-construcao-en","8":"product_brand-mineracao-en","9":"product_brand-postos-de-servicos-en","10":"product_cat-all-products","11":"product_cat-convoy-equipment","12":"product_cat-for-grease","13":"product_cat-valves-nozzles-electric-mechanical-meters","14":"product_tag-agropecuaria-en","15":"product_tag-construcao-en","16":"product_tag-eletronico-en","17":"product_tag-industria-en","18":"product_tag-medidor-en","19":"product_tag-mineracao-en","20":"product_tag-posto-de-servico-en","22":"first","23":"instock","24":"shipping-taxable","25":"product-type-simple"},"acf":[],"yoast_head":"<!-- This site is optimized with the Yoast SEO plugin v26.9 - https:\/\/yoast.com\/product\/yoast-seo-wordpress\/ -->\n<title>DIGITAL GREASE METER - BZ-1900 | Bozza<\/title>\n<meta name=\"robots\" content=\"index, follow, max-snippet:-1, max-image-preview:large, max-video-preview:-1\" \/>\n<link rel=\"canonical\" href=\"https:\/\/bozza.com\/en\/produto\/medidor-digital-graxa-bz-1900\/\" \/>\n<meta property=\"og:locale\" content=\"en_US\" \/>\n<meta property=\"og:type\" content=\"article\" \/>\n<meta property=\"og:title\" content=\"DIGITAL GREASE METER - BZ-1900 | Bozza\" \/>\n<meta property=\"og:description\" content=\"Electronic grease meter that allows visualization of the amount of grease applied in grams, reducing waste during operation and extending bearing life. Suitable for all manual and pneumatic grease pumps.\" \/>\n<meta property=\"og:url\" content=\"https:\/\/bozza.com\/en\/produto\/medidor-digital-graxa-bz-1900\/\" \/>\n<meta property=\"og:site_name\" content=\"Bozza\" \/>\n<meta property=\"article:publisher\" content=\"https:\/\/www.facebook.com\/bozza.oficial\/\" \/>\n<meta property=\"article:modified_time\" content=\"2026-04-04T15:06:34+00:00\" \/>\n<meta property=\"og:image\" content=\"https:\/\/bozza.com\/wp-content\/uploads\/2026\/04\/12.470.0102_BZ-1900_BOZZA_03.png\" \/>\n\t<meta property=\"og:image:width\" content=\"1080\" \/>\n\t<meta property=\"og:image:height\" content=\"1080\" \/>\n\t<meta property=\"og:image:type\" content=\"image\/png\" \/>\n<meta name=\"twitter:card\" content=\"summary_large_image\" \/>\n<meta name=\"twitter:label1\" content=\"Est. reading time\" \/>\n\t<meta name=\"twitter:data1\" content=\"1 minute\" \/>\n<script type=\"application\/ld+json\" class=\"yoast-schema-graph\">{\"@context\":\"https:\/\/schema.org\",\"@graph\":[{\"@type\":\"WebPage\",\"@id\":\"https:\/\/bozza.com\/en\/produto\/medidor-digital-graxa-bz-1900\/\",\"url\":\"https:\/\/bozza.com\/en\/produto\/medidor-digital-graxa-bz-1900\/\",\"name\":\"DIGITAL GREASE METER - BZ-1900 | Bozza\",\"isPartOf\":{\"@id\":\"https:\/\/bozza.com\/#website\"},\"primaryImageOfPage\":{\"@id\":\"https:\/\/bozza.com\/en\/produto\/medidor-digital-graxa-bz-1900\/#primaryimage\"},\"image\":{\"@id\":\"https:\/\/bozza.com\/en\/produto\/medidor-digital-graxa-bz-1900\/#primaryimage\"},\"thumbnailUrl\":\"https:\/\/bozza.com\/wp-content\/uploads\/2026\/04\/12.470.0102_BZ-1900_BOZZA_03.png\",\"datePublished\":\"2026-04-01T13:00:28+00:00\",\"dateModified\":\"2026-04-04T15:06:34+00:00\",\"breadcrumb\":{\"@id\":\"https:\/\/bozza.com\/en\/produto\/medidor-digital-graxa-bz-1900\/#breadcrumb\"},\"inLanguage\":\"en-US\",\"potentialAction\":[{\"@type\":\"ReadAction\",\"target\":[\"https:\/\/bozza.com\/en\/produto\/medidor-digital-graxa-bz-1900\/\"]}]},{\"@type\":\"ImageObject\",\"inLanguage\":\"en-US\",\"@id\":\"https:\/\/bozza.com\/en\/produto\/medidor-digital-graxa-bz-1900\/#primaryimage\",\"url\":\"https:\/\/bozza.com\/wp-content\/uploads\/2026\/04\/12.470.0102_BZ-1900_BOZZA_03.png\",\"contentUrl\":\"https:\/\/bozza.com\/wp-content\/uploads\/2026\/04\/12.470.0102_BZ-1900_BOZZA_03.png\",\"width\":1080,\"height\":1080},{\"@type\":\"BreadcrumbList\",\"@id\":\"https:\/\/bozza.com\/en\/produto\/medidor-digital-graxa-bz-1900\/#breadcrumb\",\"itemListElement\":[{\"@type\":\"ListItem\",\"position\":1,\"name\":\"In\u00edcio\",\"item\":\"https:\/\/bozza.com\/\"},{\"@type\":\"ListItem\",\"position\":2,\"name\":\"Produtos\",\"item\":\"https:\/\/bozza.com\/?page_id=70036\"},{\"@type\":\"ListItem\",\"position\":3,\"name\":\"DIGITAL GREASE METER &#8211; BZ-1900\"}]},{\"@type\":\"WebSite\",\"@id\":\"https:\/\/bozza.com\/#website\",\"url\":\"https:\/\/bozza.com\/\",\"name\":\"Bozza\",\"description\":\"Solu\u00e7\u00f5es em Lubrifica\u00e7\u00e3o\",\"publisher\":{\"@id\":\"https:\/\/bozza.com\/#organization\"},\"potentialAction\":[{\"@type\":\"SearchAction\",\"target\":{\"@type\":\"EntryPoint\",\"urlTemplate\":\"https:\/\/bozza.com\/?s={search_term_string}\"},\"query-input\":{\"@type\":\"PropertyValueSpecification\",\"valueRequired\":true,\"valueName\":\"search_term_string\"}}],\"inLanguage\":\"en-US\"},{\"@type\":\"Organization\",\"@id\":\"https:\/\/bozza.com\/#organization\",\"name\":\"Bozza\",\"url\":\"https:\/\/bozza.com\/\",\"logo\":{\"@type\":\"ImageObject\",\"inLanguage\":\"en-US\",\"@id\":\"https:\/\/bozza.com\/#\/schema\/logo\/image\/\",\"url\":\"\",\"contentUrl\":\"\",\"caption\":\"Bozza\"},\"image\":{\"@id\":\"https:\/\/bozza.com\/#\/schema\/logo\/image\/\"},\"sameAs\":[\"https:\/\/www.facebook.com\/bozza.oficial\/\",\"https:\/\/www.instagram.com\/bozzaoficial\/\",\"https:\/\/www.linkedin.com\/company\/bozza\/\",\"https:\/\/www.youtube.com\/channel\/UCQRiHYNpM4VQWF9YxVgSTsw?view_as=subscriber\"]}]}<\/script>\n<!-- \/ Yoast SEO plugin. -->","yoast_head_json":{"title":"DIGITAL GREASE METER - BZ-1900 | Bozza","robots":{"index":"index","follow":"follow","max-snippet":"max-snippet:-1","max-image-preview":"max-image-preview:large","max-video-preview":"max-video-preview:-1"},"canonical":"https:\/\/bozza.com\/en\/produto\/medidor-digital-graxa-bz-1900\/","og_locale":"en_US","og_type":"article","og_title":"DIGITAL GREASE METER - BZ-1900 | Bozza","og_description":"Electronic grease meter that allows visualization of the amount of grease applied in grams, reducing waste during operation and extending bearing life. Suitable for all manual and pneumatic grease pumps.","og_url":"https:\/\/bozza.com\/en\/produto\/medidor-digital-graxa-bz-1900\/","og_site_name":"Bozza","article_publisher":"https:\/\/www.facebook.com\/bozza.oficial\/","article_modified_time":"2026-04-04T15:06:34+00:00","og_image":[{"width":1080,"height":1080,"url":"https:\/\/bozza.com\/wp-content\/uploads\/2026\/04\/12.470.0102_BZ-1900_BOZZA_03.png","type":"image\/png"}],"twitter_card":"summary_large_image","twitter_misc":{"Est. reading time":"1 minute"},"schema":{"@context":"https:\/\/schema.org","@graph":[{"@type":"WebPage","@id":"https:\/\/bozza.com\/en\/produto\/medidor-digital-graxa-bz-1900\/","url":"https:\/\/bozza.com\/en\/produto\/medidor-digital-graxa-bz-1900\/","name":"DIGITAL GREASE METER - BZ-1900 | Bozza","isPartOf":{"@id":"https:\/\/bozza.com\/#website"},"primaryImageOfPage":{"@id":"https:\/\/bozza.com\/en\/produto\/medidor-digital-graxa-bz-1900\/#primaryimage"},"image":{"@id":"https:\/\/bozza.com\/en\/produto\/medidor-digital-graxa-bz-1900\/#primaryimage"},"thumbnailUrl":"https:\/\/bozza.com\/wp-content\/uploads\/2026\/04\/12.470.0102_BZ-1900_BOZZA_03.png","datePublished":"2026-04-01T13:00:28+00:00","dateModified":"2026-04-04T15:06:34+00:00","breadcrumb":{"@id":"https:\/\/bozza.com\/en\/produto\/medidor-digital-graxa-bz-1900\/#breadcrumb"},"inLanguage":"en-US","potentialAction":[{"@type":"ReadAction","target":["https:\/\/bozza.com\/en\/produto\/medidor-digital-graxa-bz-1900\/"]}]},{"@type":"ImageObject","inLanguage":"en-US","@id":"https:\/\/bozza.com\/en\/produto\/medidor-digital-graxa-bz-1900\/#primaryimage","url":"https:\/\/bozza.com\/wp-content\/uploads\/2026\/04\/12.470.0102_BZ-1900_BOZZA_03.png","contentUrl":"https:\/\/bozza.com\/wp-content\/uploads\/2026\/04\/12.470.0102_BZ-1900_BOZZA_03.png","width":1080,"height":1080},{"@type":"BreadcrumbList","@id":"https:\/\/bozza.com\/en\/produto\/medidor-digital-graxa-bz-1900\/#breadcrumb","itemListElement":[{"@type":"ListItem","position":1,"name":"In\u00edcio","item":"https:\/\/bozza.com\/"},{"@type":"ListItem","position":2,"name":"Produtos","item":"https:\/\/bozza.com\/?page_id=70036"},{"@type":"ListItem","position":3,"name":"DIGITAL GREASE METER &#8211; BZ-1900"}]},{"@type":"WebSite","@id":"https:\/\/bozza.com\/#website","url":"https:\/\/bozza.com\/","name":"Bozza","description":"Solu\u00e7\u00f5es em Lubrifica\u00e7\u00e3o","publisher":{"@id":"https:\/\/bozza.com\/#organization"},"potentialAction":[{"@type":"SearchAction","target":{"@type":"EntryPoint","urlTemplate":"https:\/\/bozza.com\/?s={search_term_string}"},"query-input":{"@type":"PropertyValueSpecification","valueRequired":true,"valueName":"search_term_string"}}],"inLanguage":"en-US"},{"@type":"Organization","@id":"https:\/\/bozza.com\/#organization","name":"Bozza","url":"https:\/\/bozza.com\/","logo":{"@type":"ImageObject","inLanguage":"en-US","@id":"https:\/\/bozza.com\/#\/schema\/logo\/image\/","url":"","contentUrl":"","caption":"Bozza"},"image":{"@id":"https:\/\/bozza.com\/#\/schema\/logo\/image\/"},"sameAs":["https:\/\/www.facebook.com\/bozza.oficial\/","https:\/\/www.instagram.com\/bozzaoficial\/","https:\/\/www.linkedin.com\/company\/bozza\/","https:\/\/www.youtube.com\/channel\/UCQRiHYNpM4VQWF9YxVgSTsw?view_as=subscriber"]}]}},"_links":{"self":[{"href":"https:\/\/bozza.com\/en\/wp-json\/wp\/v2\/product\/80891","targetHints":{"allow":["GET"]}}],"collection":[{"href":"https:\/\/bozza.com\/en\/wp-json\/wp\/v2\/product"}],"about":[{"href":"https:\/\/bozza.com\/en\/wp-json\/wp\/v2\/types\/product"}],"wp:featuredmedia":[{"embeddable":true,"href":"https:\/\/bozza.com\/en\/wp-json\/wp\/v2\/media\/80858"}],"wp:attachment":[{"href":"https:\/\/bozza.com\/en\/wp-json\/wp\/v2\/media?parent=80891"}],"wp:term":[{"taxonomy":"product_brand","embeddable":true,"href":"https:\/\/bozza.com\/en\/wp-json\/wp\/v2\/product_brand?post=80891"},{"taxonomy":"product_cat","embeddable":true,"href":"https:\/\/bozza.com\/en\/wp-json\/wp\/v2\/product_cat?post=80891"},{"taxonomy":"product_tag","embeddable":true,"href":"https:\/\/bozza.com\/en\/wp-json\/wp\/v2\/product_tag?post=80891"}],"curies":[{"name":"wp","href":"https:\/\/api.w.org\/{rel}","templated":true}]}}