{"id":81006,"date":"2026-04-15T16:17:40","date_gmt":"2026-04-15T19:17:40","guid":{"rendered":"https:\/\/bozza.com\/produto\/filtro-de-retorno-oleo-diesel-rf30m\/"},"modified":"2026-04-15T17:52:40","modified_gmt":"2026-04-15T20:52:40","slug":"filtro-de-retorno-oleo-diesel-rf30m","status":"publish","type":"product","link":"https:\/\/bozza.com\/en\/produto\/filtro-de-retorno-oleo-diesel-rf30m\/","title":{"rendered":"RETURN FILTER &#8211; DIESEL &#8211; RF-30M"},"content":{"rendered":"<ul>\n<li>Maximum flow rate: 70 L\/min;<\/li>\n<li>Filter medium: Paper;<\/li>\n<li>Product inlet: 1&#8243; BSP female thread;<\/li>\n<li>Product outlet: 1&#8243; BSP female thread;<\/li>\n<li>Maximum filtration: 30\u00b5m;<\/li>\n<li>Maximum working temperature: 60\u00b0C;<\/li>\n<li>Minimum working temperature: 0\u00b0C;<\/li>\n<li>Maximum working pressure: 50psi (3.5BAR)<\/li>\n<li>Compatibility: Diesel oil, Kerosene, oils with a maximum viscosity up to ISO VG32<\/li>\n<\/ul>\n","protected":false},"excerpt":{"rendered":"<p>Diesel fuel return filter. It protects the tank by retaining particles as small as 30 microns, preventing engine wear residue and contaminants from returning to the tank.<\/p>\n","protected":false},"featured_media":81000,"template":"","meta":{"_acf_changed":false},"product_brand":[],"product_cat":[472,463,475],"product_tag":[250,549,1047],"class_list":{"0":"post-81006","1":"product","2":"type-product","3":"status-publish","4":"has-post-thumbnail","6":"product_cat-accessories","7":"product_cat-all-products","8":"product_cat-convoy-equipment","9":"product_tag-oleo-diesel-en","10":"product_tag-filtragem-en","11":"product_tag-filtro-en","13":"first","14":"instock","15":"shipping-taxable","16":"product-type-simple"},"acf":[],"yoast_head":"<!-- This site is optimized with the Yoast SEO plugin v26.9 - https:\/\/yoast.com\/product\/yoast-seo-wordpress\/ -->\n<title>RETURN FILTER - DIESEL - RF-30M | Bozza<\/title>\n<meta name=\"robots\" content=\"index, follow, max-snippet:-1, max-image-preview:large, max-video-preview:-1\" \/>\n<link rel=\"canonical\" href=\"https:\/\/bozza.com\/en\/produto\/filtro-de-retorno-oleo-diesel-rf30m\/\" \/>\n<meta property=\"og:locale\" content=\"en_US\" \/>\n<meta property=\"og:type\" content=\"article\" \/>\n<meta property=\"og:title\" content=\"RETURN FILTER - DIESEL - RF-30M | Bozza\" \/>\n<meta property=\"og:description\" content=\"Diesel fuel return filter. It protects the tank by retaining particles as small as 30 microns, preventing engine wear residue and contaminants from returning to the tank.\" \/>\n<meta property=\"og:url\" content=\"https:\/\/bozza.com\/en\/produto\/filtro-de-retorno-oleo-diesel-rf30m\/\" \/>\n<meta property=\"og:site_name\" content=\"Bozza\" \/>\n<meta property=\"article:publisher\" content=\"https:\/\/www.facebook.com\/bozza.oficial\/\" \/>\n<meta property=\"article:modified_time\" content=\"2026-04-15T20:52:40+00:00\" \/>\n<meta property=\"og:image\" content=\"https:\/\/bozza.com\/wp-content\/uploads\/2026\/04\/12.168.0001_RF-30M-1_BOZZA-scaled.jpg\" \/>\n\t<meta property=\"og:image:width\" content=\"2560\" \/>\n\t<meta property=\"og:image:height\" content=\"2560\" \/>\n\t<meta property=\"og:image:type\" content=\"image\/jpeg\" \/>\n<meta name=\"twitter:card\" content=\"summary_large_image\" \/>\n<meta name=\"twitter:label1\" content=\"Est. reading time\" \/>\n\t<meta name=\"twitter:data1\" content=\"1 minute\" \/>\n<script type=\"application\/ld+json\" class=\"yoast-schema-graph\">{\"@context\":\"https:\/\/schema.org\",\"@graph\":[{\"@type\":\"WebPage\",\"@id\":\"https:\/\/bozza.com\/en\/produto\/filtro-de-retorno-oleo-diesel-rf30m\/\",\"url\":\"https:\/\/bozza.com\/en\/produto\/filtro-de-retorno-oleo-diesel-rf30m\/\",\"name\":\"RETURN FILTER - DIESEL - RF-30M | Bozza\",\"isPartOf\":{\"@id\":\"https:\/\/bozza.com\/#website\"},\"primaryImageOfPage\":{\"@id\":\"https:\/\/bozza.com\/en\/produto\/filtro-de-retorno-oleo-diesel-rf30m\/#primaryimage\"},\"image\":{\"@id\":\"https:\/\/bozza.com\/en\/produto\/filtro-de-retorno-oleo-diesel-rf30m\/#primaryimage\"},\"thumbnailUrl\":\"https:\/\/bozza.com\/wp-content\/uploads\/2026\/04\/12.168.0001_RF-30M-1_BOZZA-scaled.jpg\",\"datePublished\":\"2026-04-15T19:17:40+00:00\",\"dateModified\":\"2026-04-15T20:52:40+00:00\",\"breadcrumb\":{\"@id\":\"https:\/\/bozza.com\/en\/produto\/filtro-de-retorno-oleo-diesel-rf30m\/#breadcrumb\"},\"inLanguage\":\"en-US\",\"potentialAction\":[{\"@type\":\"ReadAction\",\"target\":[\"https:\/\/bozza.com\/en\/produto\/filtro-de-retorno-oleo-diesel-rf30m\/\"]}]},{\"@type\":\"ImageObject\",\"inLanguage\":\"en-US\",\"@id\":\"https:\/\/bozza.com\/en\/produto\/filtro-de-retorno-oleo-diesel-rf30m\/#primaryimage\",\"url\":\"https:\/\/bozza.com\/wp-content\/uploads\/2026\/04\/12.168.0001_RF-30M-1_BOZZA-scaled.jpg\",\"contentUrl\":\"https:\/\/bozza.com\/wp-content\/uploads\/2026\/04\/12.168.0001_RF-30M-1_BOZZA-scaled.jpg\",\"width\":2560,\"height\":2560},{\"@type\":\"BreadcrumbList\",\"@id\":\"https:\/\/bozza.com\/en\/produto\/filtro-de-retorno-oleo-diesel-rf30m\/#breadcrumb\",\"itemListElement\":[{\"@type\":\"ListItem\",\"position\":1,\"name\":\"In\u00edcio\",\"item\":\"https:\/\/bozza.com\/\"},{\"@type\":\"ListItem\",\"position\":2,\"name\":\"Produtos\",\"item\":\"https:\/\/bozza.com\/?page_id=70036\"},{\"@type\":\"ListItem\",\"position\":3,\"name\":\"RETURN FILTER &#8211; DIESEL &#8211; RF-30M\"}]},{\"@type\":\"WebSite\",\"@id\":\"https:\/\/bozza.com\/#website\",\"url\":\"https:\/\/bozza.com\/\",\"name\":\"Bozza\",\"description\":\"Solu\u00e7\u00f5es em Lubrifica\u00e7\u00e3o\",\"publisher\":{\"@id\":\"https:\/\/bozza.com\/#organization\"},\"potentialAction\":[{\"@type\":\"SearchAction\",\"target\":{\"@type\":\"EntryPoint\",\"urlTemplate\":\"https:\/\/bozza.com\/?s={search_term_string}\"},\"query-input\":{\"@type\":\"PropertyValueSpecification\",\"valueRequired\":true,\"valueName\":\"search_term_string\"}}],\"inLanguage\":\"en-US\"},{\"@type\":\"Organization\",\"@id\":\"https:\/\/bozza.com\/#organization\",\"name\":\"Bozza\",\"url\":\"https:\/\/bozza.com\/\",\"logo\":{\"@type\":\"ImageObject\",\"inLanguage\":\"en-US\",\"@id\":\"https:\/\/bozza.com\/#\/schema\/logo\/image\/\",\"url\":\"\",\"contentUrl\":\"\",\"caption\":\"Bozza\"},\"image\":{\"@id\":\"https:\/\/bozza.com\/#\/schema\/logo\/image\/\"},\"sameAs\":[\"https:\/\/www.facebook.com\/bozza.oficial\/\",\"https:\/\/www.instagram.com\/bozzaoficial\/\",\"https:\/\/www.linkedin.com\/company\/bozza\/\",\"https:\/\/www.youtube.com\/channel\/UCQRiHYNpM4VQWF9YxVgSTsw?view_as=subscriber\"]}]}<\/script>\n<!-- \/ Yoast SEO plugin. -->","yoast_head_json":{"title":"RETURN FILTER - DIESEL - RF-30M | Bozza","robots":{"index":"index","follow":"follow","max-snippet":"max-snippet:-1","max-image-preview":"max-image-preview:large","max-video-preview":"max-video-preview:-1"},"canonical":"https:\/\/bozza.com\/en\/produto\/filtro-de-retorno-oleo-diesel-rf30m\/","og_locale":"en_US","og_type":"article","og_title":"RETURN FILTER - DIESEL - RF-30M | Bozza","og_description":"Diesel fuel return filter. It protects the tank by retaining particles as small as 30 microns, preventing engine wear residue and contaminants from returning to the tank.","og_url":"https:\/\/bozza.com\/en\/produto\/filtro-de-retorno-oleo-diesel-rf30m\/","og_site_name":"Bozza","article_publisher":"https:\/\/www.facebook.com\/bozza.oficial\/","article_modified_time":"2026-04-15T20:52:40+00:00","og_image":[{"width":2560,"height":2560,"url":"https:\/\/bozza.com\/wp-content\/uploads\/2026\/04\/12.168.0001_RF-30M-1_BOZZA-scaled.jpg","type":"image\/jpeg"}],"twitter_card":"summary_large_image","twitter_misc":{"Est. reading time":"1 minute"},"schema":{"@context":"https:\/\/schema.org","@graph":[{"@type":"WebPage","@id":"https:\/\/bozza.com\/en\/produto\/filtro-de-retorno-oleo-diesel-rf30m\/","url":"https:\/\/bozza.com\/en\/produto\/filtro-de-retorno-oleo-diesel-rf30m\/","name":"RETURN FILTER - DIESEL - RF-30M | Bozza","isPartOf":{"@id":"https:\/\/bozza.com\/#website"},"primaryImageOfPage":{"@id":"https:\/\/bozza.com\/en\/produto\/filtro-de-retorno-oleo-diesel-rf30m\/#primaryimage"},"image":{"@id":"https:\/\/bozza.com\/en\/produto\/filtro-de-retorno-oleo-diesel-rf30m\/#primaryimage"},"thumbnailUrl":"https:\/\/bozza.com\/wp-content\/uploads\/2026\/04\/12.168.0001_RF-30M-1_BOZZA-scaled.jpg","datePublished":"2026-04-15T19:17:40+00:00","dateModified":"2026-04-15T20:52:40+00:00","breadcrumb":{"@id":"https:\/\/bozza.com\/en\/produto\/filtro-de-retorno-oleo-diesel-rf30m\/#breadcrumb"},"inLanguage":"en-US","potentialAction":[{"@type":"ReadAction","target":["https:\/\/bozza.com\/en\/produto\/filtro-de-retorno-oleo-diesel-rf30m\/"]}]},{"@type":"ImageObject","inLanguage":"en-US","@id":"https:\/\/bozza.com\/en\/produto\/filtro-de-retorno-oleo-diesel-rf30m\/#primaryimage","url":"https:\/\/bozza.com\/wp-content\/uploads\/2026\/04\/12.168.0001_RF-30M-1_BOZZA-scaled.jpg","contentUrl":"https:\/\/bozza.com\/wp-content\/uploads\/2026\/04\/12.168.0001_RF-30M-1_BOZZA-scaled.jpg","width":2560,"height":2560},{"@type":"BreadcrumbList","@id":"https:\/\/bozza.com\/en\/produto\/filtro-de-retorno-oleo-diesel-rf30m\/#breadcrumb","itemListElement":[{"@type":"ListItem","position":1,"name":"In\u00edcio","item":"https:\/\/bozza.com\/"},{"@type":"ListItem","position":2,"name":"Produtos","item":"https:\/\/bozza.com\/?page_id=70036"},{"@type":"ListItem","position":3,"name":"RETURN FILTER &#8211; DIESEL &#8211; RF-30M"}]},{"@type":"WebSite","@id":"https:\/\/bozza.com\/#website","url":"https:\/\/bozza.com\/","name":"Bozza","description":"Solu\u00e7\u00f5es em Lubrifica\u00e7\u00e3o","publisher":{"@id":"https:\/\/bozza.com\/#organization"},"potentialAction":[{"@type":"SearchAction","target":{"@type":"EntryPoint","urlTemplate":"https:\/\/bozza.com\/?s={search_term_string}"},"query-input":{"@type":"PropertyValueSpecification","valueRequired":true,"valueName":"search_term_string"}}],"inLanguage":"en-US"},{"@type":"Organization","@id":"https:\/\/bozza.com\/#organization","name":"Bozza","url":"https:\/\/bozza.com\/","logo":{"@type":"ImageObject","inLanguage":"en-US","@id":"https:\/\/bozza.com\/#\/schema\/logo\/image\/","url":"","contentUrl":"","caption":"Bozza"},"image":{"@id":"https:\/\/bozza.com\/#\/schema\/logo\/image\/"},"sameAs":["https:\/\/www.facebook.com\/bozza.oficial\/","https:\/\/www.instagram.com\/bozzaoficial\/","https:\/\/www.linkedin.com\/company\/bozza\/","https:\/\/www.youtube.com\/channel\/UCQRiHYNpM4VQWF9YxVgSTsw?view_as=subscriber"]}]}},"_links":{"self":[{"href":"https:\/\/bozza.com\/en\/wp-json\/wp\/v2\/product\/81006","targetHints":{"allow":["GET"]}}],"collection":[{"href":"https:\/\/bozza.com\/en\/wp-json\/wp\/v2\/product"}],"about":[{"href":"https:\/\/bozza.com\/en\/wp-json\/wp\/v2\/types\/product"}],"wp:featuredmedia":[{"embeddable":true,"href":"https:\/\/bozza.com\/en\/wp-json\/wp\/v2\/media\/81000"}],"wp:attachment":[{"href":"https:\/\/bozza.com\/en\/wp-json\/wp\/v2\/media?parent=81006"}],"wp:term":[{"taxonomy":"product_brand","embeddable":true,"href":"https:\/\/bozza.com\/en\/wp-json\/wp\/v2\/product_brand?post=81006"},{"taxonomy":"product_cat","embeddable":true,"href":"https:\/\/bozza.com\/en\/wp-json\/wp\/v2\/product_cat?post=81006"},{"taxonomy":"product_tag","embeddable":true,"href":"https:\/\/bozza.com\/en\/wp-json\/wp\/v2\/product_tag?post=81006"}],"curies":[{"name":"wp","href":"https:\/\/api.w.org\/{rel}","templated":true}]}}