{"id":81055,"date":"2026-02-25T09:48:33","date_gmt":"2026-02-25T12:48:33","guid":{"rendered":"https:\/\/bozza.com\/produto\/cartucho-calcio-chassi-graxa-ca-400\/"},"modified":"2026-04-28T13:56:50","modified_gmt":"2026-04-28T16:56:50","slug":"cartucho-calcio-chassi-graxa-ca-400","status":"publish","type":"product","link":"https:\/\/bozza.com\/en\/produto\/cartucho-calcio-chassi-graxa-ca-400\/","title":{"rendered":"Calcium Cartridge Chassis &#8211; Grease &#8211; CA-400"},"content":{"rendered":"<ul>\n<li>Volume: 400 g;\n<p>&nbsp;<\/li>\n<li>NLGI Consistency: 2\/3;\n<p>&nbsp;<\/li>\n<li>Color: Amber;<\/li>\n<li>Thickener: Calcium soap;<\/li>\n<li>Visc. of base oil at 40\u00b0C (cSt): 110;<\/li>\n<li>Worked penetration: 240-260;<\/li>\n<li>Dropping point (\u00b0C): \u2265 140;<\/li>\n<li>Oil separation (%): 3;<\/li>\n<li>Copper blade corrosion: Passed;<\/li>\n<li>Loss on washing (%): 2;<\/li>\n<li>Four Ball Solder (kg): 3500N;<\/li>\n<li>Suggested price:<\/li>\n<\/ul>\n","protected":false},"excerpt":{"rendered":"<p>Calcium Grease &#8211; CA-400 is a premium quality, water-resistant grease suitable for fleet applications, tractors, industrial areas, and other applications where the presence of water, spray, or humid atmospheres can compromise lubrication and corrosion protection. Formulated with a calcium soap-based thickener (12-hydroxystearate) and premium mineral oil, it is suitable for plain bearings and roller bearings (anti-friction elements). Bozza grease cartridges can be used extensively in industrial applications and other sectors.<\/p>\n","protected":false},"featured_media":80369,"template":"","meta":{"_acf_changed":false},"product_brand":[],"product_cat":[463,1006,460,461],"product_tag":[149,525,524],"class_list":{"0":"post-81055","1":"product","2":"type-product","3":"status-publish","4":"has-post-thumbnail","6":"product_cat-all-products","7":"product_cat-for-grease","8":"product_cat-manual-pump","9":"product_cat-releases","10":"product_tag-grease","11":"product_tag-cartucho-de-graxa-en","12":"product_tag-bomba-manual-en","14":"first","15":"instock","16":"shipping-taxable","17":"product-type-simple"},"acf":[],"yoast_head":"<!-- This site is optimized with the Yoast SEO plugin v26.9 - https:\/\/yoast.com\/product\/yoast-seo-wordpress\/ -->\n<title>Calcium Cartridge Chassis - Grease - CA-400 | Bozza<\/title>\n<meta name=\"robots\" content=\"index, follow, max-snippet:-1, max-image-preview:large, max-video-preview:-1\" \/>\n<link rel=\"canonical\" href=\"https:\/\/bozza.com\/en\/produto\/cartucho-calcio-chassi-graxa-ca-400\/\" \/>\n<meta property=\"og:locale\" content=\"en_US\" \/>\n<meta property=\"og:type\" content=\"article\" \/>\n<meta property=\"og:title\" content=\"Calcium Cartridge Chassis - Grease - CA-400 | Bozza\" \/>\n<meta property=\"og:description\" content=\"Calcium Grease - CA-400 is a premium quality, water-resistant grease suitable for fleet applications, tractors, industrial areas, and other applications where the presence of water, spray, or humid atmospheres can compromise lubrication and corrosion protection. Formulated with a calcium soap-based thickener (12-hydroxystearate) and premium mineral oil, it is suitable for plain bearings and roller bearings (anti-friction elements). Bozza grease cartridges can be used extensively in industrial applications and other sectors.\" \/>\n<meta property=\"og:url\" content=\"https:\/\/bozza.com\/en\/produto\/cartucho-calcio-chassi-graxa-ca-400\/\" \/>\n<meta property=\"og:site_name\" content=\"Bozza\" \/>\n<meta property=\"article:publisher\" content=\"https:\/\/www.facebook.com\/bozza.oficial\/\" \/>\n<meta property=\"article:modified_time\" content=\"2026-04-28T16:56:50+00:00\" \/>\n<meta property=\"og:image\" content=\"https:\/\/bozza.com\/wp-content\/uploads\/2026\/02\/06.150.0290_CARTUCHO-GRAXA-CALCIO_CA-400_BOZZA_1.jpg\" \/>\n\t<meta property=\"og:image:width\" content=\"1080\" \/>\n\t<meta property=\"og:image:height\" content=\"1079\" \/>\n\t<meta property=\"og:image:type\" content=\"image\/jpeg\" \/>\n<meta name=\"twitter:card\" content=\"summary_large_image\" \/>\n<meta name=\"twitter:label1\" content=\"Est. reading time\" \/>\n\t<meta name=\"twitter:data1\" content=\"1 minute\" \/>\n<script type=\"application\/ld+json\" class=\"yoast-schema-graph\">{\"@context\":\"https:\/\/schema.org\",\"@graph\":[{\"@type\":\"WebPage\",\"@id\":\"https:\/\/bozza.com\/en\/produto\/cartucho-calcio-chassi-graxa-ca-400\/\",\"url\":\"https:\/\/bozza.com\/en\/produto\/cartucho-calcio-chassi-graxa-ca-400\/\",\"name\":\"Calcium Cartridge Chassis - Grease - CA-400 | Bozza\",\"isPartOf\":{\"@id\":\"https:\/\/bozza.com\/#website\"},\"primaryImageOfPage\":{\"@id\":\"https:\/\/bozza.com\/en\/produto\/cartucho-calcio-chassi-graxa-ca-400\/#primaryimage\"},\"image\":{\"@id\":\"https:\/\/bozza.com\/en\/produto\/cartucho-calcio-chassi-graxa-ca-400\/#primaryimage\"},\"thumbnailUrl\":\"https:\/\/bozza.com\/wp-content\/uploads\/2026\/02\/06.150.0290_CARTUCHO-GRAXA-CALCIO_CA-400_BOZZA_1.jpg\",\"datePublished\":\"2026-02-25T12:48:33+00:00\",\"dateModified\":\"2026-04-28T16:56:50+00:00\",\"breadcrumb\":{\"@id\":\"https:\/\/bozza.com\/en\/produto\/cartucho-calcio-chassi-graxa-ca-400\/#breadcrumb\"},\"inLanguage\":\"en-US\",\"potentialAction\":[{\"@type\":\"ReadAction\",\"target\":[\"https:\/\/bozza.com\/en\/produto\/cartucho-calcio-chassi-graxa-ca-400\/\"]}]},{\"@type\":\"ImageObject\",\"inLanguage\":\"en-US\",\"@id\":\"https:\/\/bozza.com\/en\/produto\/cartucho-calcio-chassi-graxa-ca-400\/#primaryimage\",\"url\":\"https:\/\/bozza.com\/wp-content\/uploads\/2026\/02\/06.150.0290_CARTUCHO-GRAXA-CALCIO_CA-400_BOZZA_1.jpg\",\"contentUrl\":\"https:\/\/bozza.com\/wp-content\/uploads\/2026\/02\/06.150.0290_CARTUCHO-GRAXA-CALCIO_CA-400_BOZZA_1.jpg\",\"width\":1080,\"height\":1079},{\"@type\":\"BreadcrumbList\",\"@id\":\"https:\/\/bozza.com\/en\/produto\/cartucho-calcio-chassi-graxa-ca-400\/#breadcrumb\",\"itemListElement\":[{\"@type\":\"ListItem\",\"position\":1,\"name\":\"In\u00edcio\",\"item\":\"https:\/\/bozza.com\/\"},{\"@type\":\"ListItem\",\"position\":2,\"name\":\"Produtos\",\"item\":\"https:\/\/bozza.com\/?page_id=70036\"},{\"@type\":\"ListItem\",\"position\":3,\"name\":\"Calcium Cartridge Chassis &#8211; Grease &#8211; CA-400\"}]},{\"@type\":\"WebSite\",\"@id\":\"https:\/\/bozza.com\/#website\",\"url\":\"https:\/\/bozza.com\/\",\"name\":\"Bozza\",\"description\":\"Solu\u00e7\u00f5es em Lubrifica\u00e7\u00e3o\",\"publisher\":{\"@id\":\"https:\/\/bozza.com\/#organization\"},\"potentialAction\":[{\"@type\":\"SearchAction\",\"target\":{\"@type\":\"EntryPoint\",\"urlTemplate\":\"https:\/\/bozza.com\/?s={search_term_string}\"},\"query-input\":{\"@type\":\"PropertyValueSpecification\",\"valueRequired\":true,\"valueName\":\"search_term_string\"}}],\"inLanguage\":\"en-US\"},{\"@type\":\"Organization\",\"@id\":\"https:\/\/bozza.com\/#organization\",\"name\":\"Bozza\",\"url\":\"https:\/\/bozza.com\/\",\"logo\":{\"@type\":\"ImageObject\",\"inLanguage\":\"en-US\",\"@id\":\"https:\/\/bozza.com\/#\/schema\/logo\/image\/\",\"url\":\"\",\"contentUrl\":\"\",\"caption\":\"Bozza\"},\"image\":{\"@id\":\"https:\/\/bozza.com\/#\/schema\/logo\/image\/\"},\"sameAs\":[\"https:\/\/www.facebook.com\/bozza.oficial\/\",\"https:\/\/www.instagram.com\/bozzaoficial\/\",\"https:\/\/www.linkedin.com\/company\/bozza\/\",\"https:\/\/www.youtube.com\/channel\/UCQRiHYNpM4VQWF9YxVgSTsw?view_as=subscriber\"]}]}<\/script>\n<!-- \/ Yoast SEO plugin. -->","yoast_head_json":{"title":"Calcium Cartridge Chassis - Grease - CA-400 | Bozza","robots":{"index":"index","follow":"follow","max-snippet":"max-snippet:-1","max-image-preview":"max-image-preview:large","max-video-preview":"max-video-preview:-1"},"canonical":"https:\/\/bozza.com\/en\/produto\/cartucho-calcio-chassi-graxa-ca-400\/","og_locale":"en_US","og_type":"article","og_title":"Calcium Cartridge Chassis - Grease - CA-400 | Bozza","og_description":"Calcium Grease - CA-400 is a premium quality, water-resistant grease suitable for fleet applications, tractors, industrial areas, and other applications where the presence of water, spray, or humid atmospheres can compromise lubrication and corrosion protection. Formulated with a calcium soap-based thickener (12-hydroxystearate) and premium mineral oil, it is suitable for plain bearings and roller bearings (anti-friction elements). Bozza grease cartridges can be used extensively in industrial applications and other sectors.","og_url":"https:\/\/bozza.com\/en\/produto\/cartucho-calcio-chassi-graxa-ca-400\/","og_site_name":"Bozza","article_publisher":"https:\/\/www.facebook.com\/bozza.oficial\/","article_modified_time":"2026-04-28T16:56:50+00:00","og_image":[{"width":1080,"height":1079,"url":"https:\/\/bozza.com\/wp-content\/uploads\/2026\/02\/06.150.0290_CARTUCHO-GRAXA-CALCIO_CA-400_BOZZA_1.jpg","type":"image\/jpeg"}],"twitter_card":"summary_large_image","twitter_misc":{"Est. reading time":"1 minute"},"schema":{"@context":"https:\/\/schema.org","@graph":[{"@type":"WebPage","@id":"https:\/\/bozza.com\/en\/produto\/cartucho-calcio-chassi-graxa-ca-400\/","url":"https:\/\/bozza.com\/en\/produto\/cartucho-calcio-chassi-graxa-ca-400\/","name":"Calcium Cartridge Chassis - Grease - CA-400 | Bozza","isPartOf":{"@id":"https:\/\/bozza.com\/#website"},"primaryImageOfPage":{"@id":"https:\/\/bozza.com\/en\/produto\/cartucho-calcio-chassi-graxa-ca-400\/#primaryimage"},"image":{"@id":"https:\/\/bozza.com\/en\/produto\/cartucho-calcio-chassi-graxa-ca-400\/#primaryimage"},"thumbnailUrl":"https:\/\/bozza.com\/wp-content\/uploads\/2026\/02\/06.150.0290_CARTUCHO-GRAXA-CALCIO_CA-400_BOZZA_1.jpg","datePublished":"2026-02-25T12:48:33+00:00","dateModified":"2026-04-28T16:56:50+00:00","breadcrumb":{"@id":"https:\/\/bozza.com\/en\/produto\/cartucho-calcio-chassi-graxa-ca-400\/#breadcrumb"},"inLanguage":"en-US","potentialAction":[{"@type":"ReadAction","target":["https:\/\/bozza.com\/en\/produto\/cartucho-calcio-chassi-graxa-ca-400\/"]}]},{"@type":"ImageObject","inLanguage":"en-US","@id":"https:\/\/bozza.com\/en\/produto\/cartucho-calcio-chassi-graxa-ca-400\/#primaryimage","url":"https:\/\/bozza.com\/wp-content\/uploads\/2026\/02\/06.150.0290_CARTUCHO-GRAXA-CALCIO_CA-400_BOZZA_1.jpg","contentUrl":"https:\/\/bozza.com\/wp-content\/uploads\/2026\/02\/06.150.0290_CARTUCHO-GRAXA-CALCIO_CA-400_BOZZA_1.jpg","width":1080,"height":1079},{"@type":"BreadcrumbList","@id":"https:\/\/bozza.com\/en\/produto\/cartucho-calcio-chassi-graxa-ca-400\/#breadcrumb","itemListElement":[{"@type":"ListItem","position":1,"name":"In\u00edcio","item":"https:\/\/bozza.com\/"},{"@type":"ListItem","position":2,"name":"Produtos","item":"https:\/\/bozza.com\/?page_id=70036"},{"@type":"ListItem","position":3,"name":"Calcium Cartridge Chassis &#8211; Grease &#8211; CA-400"}]},{"@type":"WebSite","@id":"https:\/\/bozza.com\/#website","url":"https:\/\/bozza.com\/","name":"Bozza","description":"Solu\u00e7\u00f5es em Lubrifica\u00e7\u00e3o","publisher":{"@id":"https:\/\/bozza.com\/#organization"},"potentialAction":[{"@type":"SearchAction","target":{"@type":"EntryPoint","urlTemplate":"https:\/\/bozza.com\/?s={search_term_string}"},"query-input":{"@type":"PropertyValueSpecification","valueRequired":true,"valueName":"search_term_string"}}],"inLanguage":"en-US"},{"@type":"Organization","@id":"https:\/\/bozza.com\/#organization","name":"Bozza","url":"https:\/\/bozza.com\/","logo":{"@type":"ImageObject","inLanguage":"en-US","@id":"https:\/\/bozza.com\/#\/schema\/logo\/image\/","url":"","contentUrl":"","caption":"Bozza"},"image":{"@id":"https:\/\/bozza.com\/#\/schema\/logo\/image\/"},"sameAs":["https:\/\/www.facebook.com\/bozza.oficial\/","https:\/\/www.instagram.com\/bozzaoficial\/","https:\/\/www.linkedin.com\/company\/bozza\/","https:\/\/www.youtube.com\/channel\/UCQRiHYNpM4VQWF9YxVgSTsw?view_as=subscriber"]}]}},"_links":{"self":[{"href":"https:\/\/bozza.com\/en\/wp-json\/wp\/v2\/product\/81055","targetHints":{"allow":["GET"]}}],"collection":[{"href":"https:\/\/bozza.com\/en\/wp-json\/wp\/v2\/product"}],"about":[{"href":"https:\/\/bozza.com\/en\/wp-json\/wp\/v2\/types\/product"}],"wp:featuredmedia":[{"embeddable":true,"href":"https:\/\/bozza.com\/en\/wp-json\/wp\/v2\/media\/80369"}],"wp:attachment":[{"href":"https:\/\/bozza.com\/en\/wp-json\/wp\/v2\/media?parent=81055"}],"wp:term":[{"taxonomy":"product_brand","embeddable":true,"href":"https:\/\/bozza.com\/en\/wp-json\/wp\/v2\/product_brand?post=81055"},{"taxonomy":"product_cat","embeddable":true,"href":"https:\/\/bozza.com\/en\/wp-json\/wp\/v2\/product_cat?post=81055"},{"taxonomy":"product_tag","embeddable":true,"href":"https:\/\/bozza.com\/en\/wp-json\/wp\/v2\/product_tag?post=81055"}],"curies":[{"name":"wp","href":"https:\/\/api.w.org\/{rel}","templated":true}]}}