{"id":66560,"date":"2019-06-13T16:01:22","date_gmt":"2019-06-13T19:01:22","guid":{"rendered":"https:\/\/www.bozza.com\/produto\/propulsora-pneumatica-para-graxa-13020-max-g4\/"},"modified":"2026-02-10T03:06:49","modified_gmt":"2026-02-10T06:06:49","slug":"propulsora-pneumatica-para-graxa-13020-max-g4","status":"publish","type":"product","link":"https:\/\/bozza.com\/es\/produto\/propulsora-pneumatica-para-graxa-13020-max-g4\/","title":{"rendered":"PROPULSORA NEUM\u00c1TICA PARA GRASA 13020-MAX-G4 200KG"},"content":{"rendered":"<ul>\n<li><span style=\"font-weight: 400;\">Caudal<\/span> <span style=\"font-weight: 400;\">libre 9 Kg\/min<\/span><\/li>\n<li><span style=\"font-weight: 400;\">Proporci\u00f3n 50:1<\/span><\/li>\n<li><span style=\"font-weight: 400;\">Entrada de aire 1\/2\u201d NPT<\/span><\/li>\n<li><span style=\"font-weight: 400;\">Salida MF 1\/4\u201d JIC (Interno)<\/span><\/li>\n<li><span style=\"font-weight: 400;\">Presi\u00f3n de Trabajo: 80-100 PSI<\/span><\/li>\n<li><span style=\"font-weight: 400;\">Pres<\/span><span style=\"font-weight: 400;\">i\u00f3n<\/span><span style=\"font-weight: 400;\"> de salida: 4000-5000 PSI<\/span><\/li>\n<li><span style=\"font-weight: 400;\">Consumo de aire 30 pies\u00b3\/min.<\/span><\/li>\n<li><span style=\"font-weight: 400;\">Precio mediante consulta: .<\/span><\/li>\n<li><span style=\"font-weight: 400;\">Presi\u00f3n m\u00e1x. de trabajo 100PSI (6,9 BAR)<\/span><\/li>\n<\/ul>\n","protected":false},"excerpt":{"rendered":"<p><span style=\"font-weight: 400;\">La bomba neum\u00e1tica para grasa es ideal para lubricar m\u00e1quinas y equipos con caudales <\/span><span style=\"font-weight: 400;\">medios a altos.<\/span> <span style=\"font-weight: 400;\">Recomendado para empresas del sector de miner\u00eda, industrial, <\/span><span style=\"font-weight: 400;\">siderurgia, transporte, concesionario <\/span><span style=\"font-weight: 400;\">s, centros de lubricaci\u00f3n multipunto y industria de <\/span><span style=\"font-weight: 400;\">todos los segmentos donde se requieran elevados caudales.<\/span><span style=\"font-weight: 400;\"> 13020-MAX tiene un nuevo motor <\/span><span style=\"font-weight: 400;\">fabricado en aluminio, de f\u00e1cil mantenimiento y peso liviano, viene con <\/span><span style=\"font-weight: 400;\">doble silenciador y conducto de aire reforzado.<\/span> <span style=\"font-weight: 400;\">Su rendimiento permite hasta 10 puntos <\/span><span style=\"font-weight: 400;\">simult\u00e1neos en su l\u00ednea de lubricaci\u00f3n.<\/span><\/p>\n","protected":false},"featured_media":22773,"template":"","meta":{"_acf_changed":false},"product_brand":[],"product_cat":[338,1007,327,328],"product_tag":[349,350,132,363,330],"class_list":{"0":"post-66560","1":"product","2":"type-product","3":"status-publish","4":"has-post-thumbnail","6":"product_cat-equipamentos-para-comboio-es","7":"product_cat-para-grasa","8":"product_cat-propulsoras-pneumaticas-es","9":"product_cat-todos-os-produtos-es","10":"product_tag-construcao-es","11":"product_tag-graxa-es","12":"product_tag-graxa","13":"product_tag-pneumatica-es","14":"product_tag-propulsora-es-2","16":"first","17":"instock","18":"shipping-taxable","19":"product-type-simple"},"acf":[],"yoast_head":"<!-- This site is optimized with the Yoast SEO plugin v26.9 - https:\/\/yoast.com\/product\/yoast-seo-wordpress\/ -->\n<title>PROPULSORA NEUM\u00c1TICA PARA GRASA 13020-MAX-G4 200KG | Bozza<\/title>\n<meta name=\"description\" content=\"Propulsora Pneum\u00e1tica de graxa 13020-MAX-G4 200Kg \u00e9 recomendada para empresas de todos os segmentos onde necessite de vaz\u00e3o elevada.\" \/>\n<meta name=\"robots\" content=\"index, follow, max-snippet:-1, max-image-preview:large, max-video-preview:-1\" \/>\n<link rel=\"canonical\" href=\"https:\/\/bozza.com\/en\/produto\/propulsora-pneumatica-para-graxa-13020-max-g4\/\" \/>\n<meta property=\"og:locale\" content=\"es_ES\" \/>\n<meta property=\"og:type\" content=\"article\" \/>\n<meta property=\"og:title\" content=\"PROPULSORA NEUM\u00c1TICA PARA GRASA 13020-MAX-G4 200KG | Bozza\" \/>\n<meta property=\"og:description\" content=\"Propulsora Pneum\u00e1tica de graxa 13020-MAX-G4 200Kg \u00e9 recomendada para empresas de todos os segmentos onde necessite de vaz\u00e3o elevada.\" \/>\n<meta property=\"og:url\" content=\"https:\/\/bozza.com\/en\/produto\/propulsora-pneumatica-para-graxa-13020-max-g4\/\" \/>\n<meta property=\"og:site_name\" content=\"Bozza\" \/>\n<meta property=\"article:publisher\" content=\"https:\/\/www.facebook.com\/bozza.oficial\/\" \/>\n<meta property=\"article:modified_time\" content=\"2026-02-10T06:06:49+00:00\" \/>\n<meta property=\"og:image\" content=\"https:\/\/bozza.com\/wp-content\/uploads\/2019\/06\/13020-MAX-G4-scaled.jpg\" \/>\n\t<meta property=\"og:image:width\" content=\"2560\" \/>\n\t<meta property=\"og:image:height\" content=\"2560\" \/>\n\t<meta property=\"og:image:type\" content=\"image\/jpeg\" \/>\n<meta name=\"twitter:card\" content=\"summary_large_image\" \/>\n<meta name=\"twitter:label1\" content=\"Tiempo de lectura\" \/>\n\t<meta name=\"twitter:data1\" content=\"1 minuto\" \/>\n<script type=\"application\/ld+json\" class=\"yoast-schema-graph\">{\"@context\":\"https:\/\/schema.org\",\"@graph\":[{\"@type\":\"WebPage\",\"@id\":\"https:\/\/bozza.com\/en\/produto\/propulsora-pneumatica-para-graxa-13020-max-g4\/\",\"url\":\"https:\/\/bozza.com\/en\/produto\/propulsora-pneumatica-para-graxa-13020-max-g4\/\",\"name\":\"PROPULSORA NEUM\u00c1TICA PARA GRASA 13020-MAX-G4 200KG | Bozza\",\"isPartOf\":{\"@id\":\"https:\/\/bozza.com\/#website\"},\"primaryImageOfPage\":{\"@id\":\"https:\/\/bozza.com\/en\/produto\/propulsora-pneumatica-para-graxa-13020-max-g4\/#primaryimage\"},\"image\":{\"@id\":\"https:\/\/bozza.com\/en\/produto\/propulsora-pneumatica-para-graxa-13020-max-g4\/#primaryimage\"},\"thumbnailUrl\":\"https:\/\/bozza.com\/wp-content\/uploads\/2019\/06\/13020-MAX-G4-scaled.jpg\",\"datePublished\":\"2019-06-13T19:01:22+00:00\",\"dateModified\":\"2026-02-10T06:06:49+00:00\",\"description\":\"Propulsora Pneum\u00e1tica de graxa 13020-MAX-G4 200Kg \u00e9 recomendada para empresas de todos os segmentos onde necessite de vaz\u00e3o elevada.\",\"breadcrumb\":{\"@id\":\"https:\/\/bozza.com\/en\/produto\/propulsora-pneumatica-para-graxa-13020-max-g4\/#breadcrumb\"},\"inLanguage\":\"es\",\"potentialAction\":[{\"@type\":\"ReadAction\",\"target\":[\"https:\/\/bozza.com\/en\/produto\/propulsora-pneumatica-para-graxa-13020-max-g4\/\"]}]},{\"@type\":\"ImageObject\",\"inLanguage\":\"es\",\"@id\":\"https:\/\/bozza.com\/en\/produto\/propulsora-pneumatica-para-graxa-13020-max-g4\/#primaryimage\",\"url\":\"https:\/\/bozza.com\/wp-content\/uploads\/2019\/06\/13020-MAX-G4-scaled.jpg\",\"contentUrl\":\"https:\/\/bozza.com\/wp-content\/uploads\/2019\/06\/13020-MAX-G4-scaled.jpg\",\"width\":2560,\"height\":2560,\"caption\":\"Propulsora pneum\u00e1tica para graxa 13020-MAX-G4\"},{\"@type\":\"BreadcrumbList\",\"@id\":\"https:\/\/bozza.com\/en\/produto\/propulsora-pneumatica-para-graxa-13020-max-g4\/#breadcrumb\",\"itemListElement\":[{\"@type\":\"ListItem\",\"position\":1,\"name\":\"In\u00edcio\",\"item\":\"https:\/\/bozza.com\/\"},{\"@type\":\"ListItem\",\"position\":2,\"name\":\"Produtos\",\"item\":\"https:\/\/bozza.com\/?page_id=70036\"},{\"@type\":\"ListItem\",\"position\":3,\"name\":\"PROPULSORA NEUM\u00c1TICA PARA GRASA 13020-MAX-G4 200KG\"}]},{\"@type\":\"WebSite\",\"@id\":\"https:\/\/bozza.com\/#website\",\"url\":\"https:\/\/bozza.com\/\",\"name\":\"Bozza\",\"description\":\"Solu\u00e7\u00f5es em Lubrifica\u00e7\u00e3o\",\"publisher\":{\"@id\":\"https:\/\/bozza.com\/#organization\"},\"potentialAction\":[{\"@type\":\"SearchAction\",\"target\":{\"@type\":\"EntryPoint\",\"urlTemplate\":\"https:\/\/bozza.com\/?s={search_term_string}\"},\"query-input\":{\"@type\":\"PropertyValueSpecification\",\"valueRequired\":true,\"valueName\":\"search_term_string\"}}],\"inLanguage\":\"es\"},{\"@type\":\"Organization\",\"@id\":\"https:\/\/bozza.com\/#organization\",\"name\":\"Bozza\",\"url\":\"https:\/\/bozza.com\/\",\"logo\":{\"@type\":\"ImageObject\",\"inLanguage\":\"es\",\"@id\":\"https:\/\/bozza.com\/#\/schema\/logo\/image\/\",\"url\":\"\",\"contentUrl\":\"\",\"caption\":\"Bozza\"},\"image\":{\"@id\":\"https:\/\/bozza.com\/#\/schema\/logo\/image\/\"},\"sameAs\":[\"https:\/\/www.facebook.com\/bozza.oficial\/\",\"https:\/\/www.instagram.com\/bozzaoficial\/\",\"https:\/\/www.linkedin.com\/company\/bozza\/\",\"https:\/\/www.youtube.com\/channel\/UCQRiHYNpM4VQWF9YxVgSTsw?view_as=subscriber\"]}]}<\/script>\n<!-- \/ Yoast SEO plugin. -->","yoast_head_json":{"title":"PROPULSORA NEUM\u00c1TICA PARA GRASA 13020-MAX-G4 200KG | Bozza","description":"Propulsora Pneum\u00e1tica de graxa 13020-MAX-G4 200Kg \u00e9 recomendada para empresas de todos os segmentos onde necessite de vaz\u00e3o elevada.","robots":{"index":"index","follow":"follow","max-snippet":"max-snippet:-1","max-image-preview":"max-image-preview:large","max-video-preview":"max-video-preview:-1"},"canonical":"https:\/\/bozza.com\/en\/produto\/propulsora-pneumatica-para-graxa-13020-max-g4\/","og_locale":"es_ES","og_type":"article","og_title":"PROPULSORA NEUM\u00c1TICA PARA GRASA 13020-MAX-G4 200KG | Bozza","og_description":"Propulsora Pneum\u00e1tica de graxa 13020-MAX-G4 200Kg \u00e9 recomendada para empresas de todos os segmentos onde necessite de vaz\u00e3o elevada.","og_url":"https:\/\/bozza.com\/en\/produto\/propulsora-pneumatica-para-graxa-13020-max-g4\/","og_site_name":"Bozza","article_publisher":"https:\/\/www.facebook.com\/bozza.oficial\/","article_modified_time":"2026-02-10T06:06:49+00:00","og_image":[{"width":2560,"height":2560,"url":"https:\/\/bozza.com\/wp-content\/uploads\/2019\/06\/13020-MAX-G4-scaled.jpg","type":"image\/jpeg"}],"twitter_card":"summary_large_image","twitter_misc":{"Tiempo de lectura":"1 minuto"},"schema":{"@context":"https:\/\/schema.org","@graph":[{"@type":"WebPage","@id":"https:\/\/bozza.com\/en\/produto\/propulsora-pneumatica-para-graxa-13020-max-g4\/","url":"https:\/\/bozza.com\/en\/produto\/propulsora-pneumatica-para-graxa-13020-max-g4\/","name":"PROPULSORA NEUM\u00c1TICA PARA GRASA 13020-MAX-G4 200KG | Bozza","isPartOf":{"@id":"https:\/\/bozza.com\/#website"},"primaryImageOfPage":{"@id":"https:\/\/bozza.com\/en\/produto\/propulsora-pneumatica-para-graxa-13020-max-g4\/#primaryimage"},"image":{"@id":"https:\/\/bozza.com\/en\/produto\/propulsora-pneumatica-para-graxa-13020-max-g4\/#primaryimage"},"thumbnailUrl":"https:\/\/bozza.com\/wp-content\/uploads\/2019\/06\/13020-MAX-G4-scaled.jpg","datePublished":"2019-06-13T19:01:22+00:00","dateModified":"2026-02-10T06:06:49+00:00","description":"Propulsora Pneum\u00e1tica de graxa 13020-MAX-G4 200Kg \u00e9 recomendada para empresas de todos os segmentos onde necessite de vaz\u00e3o elevada.","breadcrumb":{"@id":"https:\/\/bozza.com\/en\/produto\/propulsora-pneumatica-para-graxa-13020-max-g4\/#breadcrumb"},"inLanguage":"es","potentialAction":[{"@type":"ReadAction","target":["https:\/\/bozza.com\/en\/produto\/propulsora-pneumatica-para-graxa-13020-max-g4\/"]}]},{"@type":"ImageObject","inLanguage":"es","@id":"https:\/\/bozza.com\/en\/produto\/propulsora-pneumatica-para-graxa-13020-max-g4\/#primaryimage","url":"https:\/\/bozza.com\/wp-content\/uploads\/2019\/06\/13020-MAX-G4-scaled.jpg","contentUrl":"https:\/\/bozza.com\/wp-content\/uploads\/2019\/06\/13020-MAX-G4-scaled.jpg","width":2560,"height":2560,"caption":"Propulsora pneum\u00e1tica para graxa 13020-MAX-G4"},{"@type":"BreadcrumbList","@id":"https:\/\/bozza.com\/en\/produto\/propulsora-pneumatica-para-graxa-13020-max-g4\/#breadcrumb","itemListElement":[{"@type":"ListItem","position":1,"name":"In\u00edcio","item":"https:\/\/bozza.com\/"},{"@type":"ListItem","position":2,"name":"Produtos","item":"https:\/\/bozza.com\/?page_id=70036"},{"@type":"ListItem","position":3,"name":"PROPULSORA NEUM\u00c1TICA PARA GRASA 13020-MAX-G4 200KG"}]},{"@type":"WebSite","@id":"https:\/\/bozza.com\/#website","url":"https:\/\/bozza.com\/","name":"Bozza","description":"Solu\u00e7\u00f5es em Lubrifica\u00e7\u00e3o","publisher":{"@id":"https:\/\/bozza.com\/#organization"},"potentialAction":[{"@type":"SearchAction","target":{"@type":"EntryPoint","urlTemplate":"https:\/\/bozza.com\/?s={search_term_string}"},"query-input":{"@type":"PropertyValueSpecification","valueRequired":true,"valueName":"search_term_string"}}],"inLanguage":"es"},{"@type":"Organization","@id":"https:\/\/bozza.com\/#organization","name":"Bozza","url":"https:\/\/bozza.com\/","logo":{"@type":"ImageObject","inLanguage":"es","@id":"https:\/\/bozza.com\/#\/schema\/logo\/image\/","url":"","contentUrl":"","caption":"Bozza"},"image":{"@id":"https:\/\/bozza.com\/#\/schema\/logo\/image\/"},"sameAs":["https:\/\/www.facebook.com\/bozza.oficial\/","https:\/\/www.instagram.com\/bozzaoficial\/","https:\/\/www.linkedin.com\/company\/bozza\/","https:\/\/www.youtube.com\/channel\/UCQRiHYNpM4VQWF9YxVgSTsw?view_as=subscriber"]}]}},"_links":{"self":[{"href":"https:\/\/bozza.com\/es\/wp-json\/wp\/v2\/product\/66560","targetHints":{"allow":["GET"]}}],"collection":[{"href":"https:\/\/bozza.com\/es\/wp-json\/wp\/v2\/product"}],"about":[{"href":"https:\/\/bozza.com\/es\/wp-json\/wp\/v2\/types\/product"}],"wp:featuredmedia":[{"embeddable":true,"href":"https:\/\/bozza.com\/es\/wp-json\/wp\/v2\/media\/22773"}],"wp:attachment":[{"href":"https:\/\/bozza.com\/es\/wp-json\/wp\/v2\/media?parent=66560"}],"wp:term":[{"taxonomy":"product_brand","embeddable":true,"href":"https:\/\/bozza.com\/es\/wp-json\/wp\/v2\/product_brand?post=66560"},{"taxonomy":"product_cat","embeddable":true,"href":"https:\/\/bozza.com\/es\/wp-json\/wp\/v2\/product_cat?post=66560"},{"taxonomy":"product_tag","embeddable":true,"href":"https:\/\/bozza.com\/es\/wp-json\/wp\/v2\/product_tag?post=66560"}],"curies":[{"name":"wp","href":"https:\/\/api.w.org\/{rel}","templated":true}]}}