{"id":66564,"date":"2021-02-02T17:02:41","date_gmt":"2021-02-02T20:02:41","guid":{"rendered":"https:\/\/www.bozza.com\/produto\/bomba-portatil-de-alta-vazao-com-medidor-bt-8500\/"},"modified":"2026-03-27T09:17:51","modified_gmt":"2026-03-27T12:17:51","slug":"bomba-portatil-de-alta-vazao-com-medidor-bt-8500","status":"publish","type":"product","link":"https:\/\/bozza.com\/es\/produto\/bomba-portatil-de-alta-vazao-com-medidor-bt-8500\/","title":{"rendered":"BOMBA PORT\u00c1TIL DE ALTO CAUDAL CON MEDIDOR BT-8500 110V Y 220V"},"content":{"rendered":"<p><span style=\"font-weight: 400;\">Principales sectores de actuaci\u00f3n<\/span><\/p>\n<ul>\n<li><span style=\"font-weight: 400;\">Automotriz: <\/span><span style=\"font-weight: 400;\">Estaciones de combustibles e<\/span><span style=\"font-weight: 400;\">n general, concesionarios, flotas.<\/span><\/li>\n<li><span style=\"font-weight: 400;\">Agr\u00edcola: Abastecimiento de m\u00e1quinas agr\u00edcolas y autom\u00f3viles<\/span><\/li>\n<li><span style=\"font-weight: 400;\">Construcci\u00f3n: Trasvase de <\/span><span style=\"font-weight: 400;\">di\u00e9sel<\/span><\/li>\n<li><span style=\"font-weight: 400;\">Industrial: Abastecimiento de m\u00e1quinas y tanques.<\/span><\/li>\n<\/ul>\n","protected":false},"excerpt":{"rendered":"<p><span style=\"font-weight: 400;\">Bomba de trasvase 110V o 220, ideal para clientes que tienen alto consumo, dotada de <\/span><span style=\"font-weight: 400;\">medidor volum\u00e9trico mec\u00e1nico. Recomendada para abastecimiento de peque\u00f1as y grandes flotas, <\/span><span style=\"font-weight: 400;\">abastecimiento de tanques <\/span><span style=\"font-weight: 400;\">y dep\u00f3sito<\/span><span style=\"font-weight: 400;\"> de veh\u00edculos, implementos agr\u00edcolas y m\u00e1quinas en <\/span><span style=\"font-weight: 400;\">general.<\/span><\/p>\n","protected":false},"featured_media":45264,"template":"","meta":{"_acf_changed":false},"product_brand":[],"product_cat":[251,252,328],"product_tag":[254,255],"class_list":{"0":"post-66564","1":"product","2":"type-product","3":"status-publish","4":"has-post-thumbnail","6":"product_cat-equipamentos-para-postos-de-servicos-es","7":"product_cat-kits-de-abastecimento-es","8":"product_cat-todos-os-produtos-es","9":"product_tag-eletrico-es","10":"product_tag-oleo-diesel-es","12":"first","13":"instock","14":"shipping-taxable","15":"product-type-simple"},"acf":[],"yoast_head":"<!-- This site is optimized with the Yoast SEO plugin v26.9 - https:\/\/yoast.com\/product\/yoast-seo-wordpress\/ -->\n<title>BOMBA PORT\u00c1TIL DE ALTO CAUDAL CON MEDIDOR BT-8500 110V Y 220V | Bozza<\/title>\n<meta name=\"robots\" content=\"index, follow, max-snippet:-1, max-image-preview:large, max-video-preview:-1\" \/>\n<link rel=\"canonical\" href=\"https:\/\/bozza.com\/?post_type=product&p=45261\" \/>\n<meta property=\"og:locale\" content=\"es_ES\" \/>\n<meta property=\"og:type\" content=\"article\" \/>\n<meta property=\"og:title\" content=\"BOMBA PORT\u00c1TIL DE ALTO CAUDAL CON MEDIDOR BT-8500 110V Y 220V | Bozza\" \/>\n<meta property=\"og:description\" content=\"Bomba de trasvase 110V o 220, ideal para clientes que tienen alto consumo, dotada de medidor volum\u00e9trico mec\u00e1nico. Recomendada para abastecimiento de peque\u00f1as y grandes flotas, abastecimiento de tanques y dep\u00f3sito de veh\u00edculos, implementos agr\u00edcolas y m\u00e1quinas en general.\" \/>\n<meta property=\"og:url\" content=\"https:\/\/bozza.com\/?post_type=product&amp;p=45261\" \/>\n<meta property=\"og:site_name\" content=\"Bozza\" \/>\n<meta property=\"article:publisher\" content=\"https:\/\/www.facebook.com\/bozza.oficial\/\" \/>\n<meta property=\"article:modified_time\" content=\"2026-03-27T12:17:51+00:00\" \/>\n<meta property=\"og:image\" content=\"https:\/\/bozza.com\/wp-content\/uploads\/2021\/02\/BT-8500-COMPRESS.jpg\" \/>\n\t<meta property=\"og:image:width\" content=\"1280\" \/>\n\t<meta property=\"og:image:height\" content=\"1024\" \/>\n\t<meta property=\"og:image:type\" content=\"image\/jpeg\" \/>\n<meta name=\"twitter:card\" content=\"summary_large_image\" \/>\n<meta name=\"twitter:label1\" content=\"Tiempo de lectura\" \/>\n\t<meta name=\"twitter:data1\" content=\"1 minuto\" \/>\n<script type=\"application\/ld+json\" class=\"yoast-schema-graph\">{\"@context\":\"https:\/\/schema.org\",\"@graph\":[{\"@type\":\"WebPage\",\"@id\":\"https:\/\/bozza.com\/?post_type=product&p=45261\",\"url\":\"https:\/\/bozza.com\/?post_type=product&p=45261\",\"name\":\"BOMBA PORT\u00c1TIL DE ALTO CAUDAL CON MEDIDOR BT-8500 110V Y 220V | Bozza\",\"isPartOf\":{\"@id\":\"https:\/\/bozza.com\/#website\"},\"primaryImageOfPage\":{\"@id\":\"https:\/\/bozza.com\/?post_type=product&p=45261#primaryimage\"},\"image\":{\"@id\":\"https:\/\/bozza.com\/?post_type=product&p=45261#primaryimage\"},\"thumbnailUrl\":\"https:\/\/bozza.com\/wp-content\/uploads\/2021\/02\/BT-8500-COMPRESS.jpg\",\"datePublished\":\"2021-02-02T20:02:41+00:00\",\"dateModified\":\"2026-03-27T12:17:51+00:00\",\"breadcrumb\":{\"@id\":\"https:\/\/bozza.com\/?post_type=product&p=45261#breadcrumb\"},\"inLanguage\":\"es\",\"potentialAction\":[{\"@type\":\"ReadAction\",\"target\":[\"https:\/\/bozza.com\/?post_type=product&p=45261\"]}]},{\"@type\":\"ImageObject\",\"inLanguage\":\"es\",\"@id\":\"https:\/\/bozza.com\/?post_type=product&p=45261#primaryimage\",\"url\":\"https:\/\/bozza.com\/wp-content\/uploads\/2021\/02\/BT-8500-COMPRESS.jpg\",\"contentUrl\":\"https:\/\/bozza.com\/wp-content\/uploads\/2021\/02\/BT-8500-COMPRESS.jpg\",\"width\":1280,\"height\":1024},{\"@type\":\"BreadcrumbList\",\"@id\":\"https:\/\/bozza.com\/?post_type=product&p=45261#breadcrumb\",\"itemListElement\":[{\"@type\":\"ListItem\",\"position\":1,\"name\":\"In\u00edcio\",\"item\":\"https:\/\/bozza.com\/\"},{\"@type\":\"ListItem\",\"position\":2,\"name\":\"Produtos\",\"item\":\"https:\/\/bozza.com\/?page_id=70036\"},{\"@type\":\"ListItem\",\"position\":3,\"name\":\"BOMBA PORT\u00c1TIL DE ALTO CAUDAL CON MEDIDOR BT-8500 110V Y 220V\"}]},{\"@type\":\"WebSite\",\"@id\":\"https:\/\/bozza.com\/#website\",\"url\":\"https:\/\/bozza.com\/\",\"name\":\"Bozza\",\"description\":\"Solu\u00e7\u00f5es em Lubrifica\u00e7\u00e3o\",\"publisher\":{\"@id\":\"https:\/\/bozza.com\/#organization\"},\"potentialAction\":[{\"@type\":\"SearchAction\",\"target\":{\"@type\":\"EntryPoint\",\"urlTemplate\":\"https:\/\/bozza.com\/?s={search_term_string}\"},\"query-input\":{\"@type\":\"PropertyValueSpecification\",\"valueRequired\":true,\"valueName\":\"search_term_string\"}}],\"inLanguage\":\"es\"},{\"@type\":\"Organization\",\"@id\":\"https:\/\/bozza.com\/#organization\",\"name\":\"Bozza\",\"url\":\"https:\/\/bozza.com\/\",\"logo\":{\"@type\":\"ImageObject\",\"inLanguage\":\"es\",\"@id\":\"https:\/\/bozza.com\/#\/schema\/logo\/image\/\",\"url\":\"\",\"contentUrl\":\"\",\"caption\":\"Bozza\"},\"image\":{\"@id\":\"https:\/\/bozza.com\/#\/schema\/logo\/image\/\"},\"sameAs\":[\"https:\/\/www.facebook.com\/bozza.oficial\/\",\"https:\/\/www.instagram.com\/bozzaoficial\/\",\"https:\/\/www.linkedin.com\/company\/bozza\/\",\"https:\/\/www.youtube.com\/channel\/UCQRiHYNpM4VQWF9YxVgSTsw?view_as=subscriber\"]}]}<\/script>\n<!-- \/ Yoast SEO plugin. -->","yoast_head_json":{"title":"BOMBA PORT\u00c1TIL DE ALTO CAUDAL CON MEDIDOR BT-8500 110V Y 220V | Bozza","robots":{"index":"index","follow":"follow","max-snippet":"max-snippet:-1","max-image-preview":"max-image-preview:large","max-video-preview":"max-video-preview:-1"},"canonical":"https:\/\/bozza.com\/?post_type=product&p=45261","og_locale":"es_ES","og_type":"article","og_title":"BOMBA PORT\u00c1TIL DE ALTO CAUDAL CON MEDIDOR BT-8500 110V Y 220V | Bozza","og_description":"Bomba de trasvase 110V o 220, ideal para clientes que tienen alto consumo, dotada de medidor volum\u00e9trico mec\u00e1nico. Recomendada para abastecimiento de peque\u00f1as y grandes flotas, abastecimiento de tanques y dep\u00f3sito de veh\u00edculos, implementos agr\u00edcolas y m\u00e1quinas en general.","og_url":"https:\/\/bozza.com\/?post_type=product&p=45261","og_site_name":"Bozza","article_publisher":"https:\/\/www.facebook.com\/bozza.oficial\/","article_modified_time":"2026-03-27T12:17:51+00:00","og_image":[{"width":1280,"height":1024,"url":"https:\/\/bozza.com\/wp-content\/uploads\/2021\/02\/BT-8500-COMPRESS.jpg","type":"image\/jpeg"}],"twitter_card":"summary_large_image","twitter_misc":{"Tiempo de lectura":"1 minuto"},"schema":{"@context":"https:\/\/schema.org","@graph":[{"@type":"WebPage","@id":"https:\/\/bozza.com\/?post_type=product&p=45261","url":"https:\/\/bozza.com\/?post_type=product&p=45261","name":"BOMBA PORT\u00c1TIL DE ALTO CAUDAL CON MEDIDOR BT-8500 110V Y 220V | Bozza","isPartOf":{"@id":"https:\/\/bozza.com\/#website"},"primaryImageOfPage":{"@id":"https:\/\/bozza.com\/?post_type=product&p=45261#primaryimage"},"image":{"@id":"https:\/\/bozza.com\/?post_type=product&p=45261#primaryimage"},"thumbnailUrl":"https:\/\/bozza.com\/wp-content\/uploads\/2021\/02\/BT-8500-COMPRESS.jpg","datePublished":"2021-02-02T20:02:41+00:00","dateModified":"2026-03-27T12:17:51+00:00","breadcrumb":{"@id":"https:\/\/bozza.com\/?post_type=product&p=45261#breadcrumb"},"inLanguage":"es","potentialAction":[{"@type":"ReadAction","target":["https:\/\/bozza.com\/?post_type=product&p=45261"]}]},{"@type":"ImageObject","inLanguage":"es","@id":"https:\/\/bozza.com\/?post_type=product&p=45261#primaryimage","url":"https:\/\/bozza.com\/wp-content\/uploads\/2021\/02\/BT-8500-COMPRESS.jpg","contentUrl":"https:\/\/bozza.com\/wp-content\/uploads\/2021\/02\/BT-8500-COMPRESS.jpg","width":1280,"height":1024},{"@type":"BreadcrumbList","@id":"https:\/\/bozza.com\/?post_type=product&p=45261#breadcrumb","itemListElement":[{"@type":"ListItem","position":1,"name":"In\u00edcio","item":"https:\/\/bozza.com\/"},{"@type":"ListItem","position":2,"name":"Produtos","item":"https:\/\/bozza.com\/?page_id=70036"},{"@type":"ListItem","position":3,"name":"BOMBA PORT\u00c1TIL DE ALTO CAUDAL CON MEDIDOR BT-8500 110V Y 220V"}]},{"@type":"WebSite","@id":"https:\/\/bozza.com\/#website","url":"https:\/\/bozza.com\/","name":"Bozza","description":"Solu\u00e7\u00f5es em Lubrifica\u00e7\u00e3o","publisher":{"@id":"https:\/\/bozza.com\/#organization"},"potentialAction":[{"@type":"SearchAction","target":{"@type":"EntryPoint","urlTemplate":"https:\/\/bozza.com\/?s={search_term_string}"},"query-input":{"@type":"PropertyValueSpecification","valueRequired":true,"valueName":"search_term_string"}}],"inLanguage":"es"},{"@type":"Organization","@id":"https:\/\/bozza.com\/#organization","name":"Bozza","url":"https:\/\/bozza.com\/","logo":{"@type":"ImageObject","inLanguage":"es","@id":"https:\/\/bozza.com\/#\/schema\/logo\/image\/","url":"","contentUrl":"","caption":"Bozza"},"image":{"@id":"https:\/\/bozza.com\/#\/schema\/logo\/image\/"},"sameAs":["https:\/\/www.facebook.com\/bozza.oficial\/","https:\/\/www.instagram.com\/bozzaoficial\/","https:\/\/www.linkedin.com\/company\/bozza\/","https:\/\/www.youtube.com\/channel\/UCQRiHYNpM4VQWF9YxVgSTsw?view_as=subscriber"]}]}},"_links":{"self":[{"href":"https:\/\/bozza.com\/es\/wp-json\/wp\/v2\/product\/66564","targetHints":{"allow":["GET"]}}],"collection":[{"href":"https:\/\/bozza.com\/es\/wp-json\/wp\/v2\/product"}],"about":[{"href":"https:\/\/bozza.com\/es\/wp-json\/wp\/v2\/types\/product"}],"wp:featuredmedia":[{"embeddable":true,"href":"https:\/\/bozza.com\/es\/wp-json\/wp\/v2\/media\/45264"}],"wp:attachment":[{"href":"https:\/\/bozza.com\/es\/wp-json\/wp\/v2\/media?parent=66564"}],"wp:term":[{"taxonomy":"product_brand","embeddable":true,"href":"https:\/\/bozza.com\/es\/wp-json\/wp\/v2\/product_brand?post=66564"},{"taxonomy":"product_cat","embeddable":true,"href":"https:\/\/bozza.com\/es\/wp-json\/wp\/v2\/product_cat?post=66564"},{"taxonomy":"product_tag","embeddable":true,"href":"https:\/\/bozza.com\/es\/wp-json\/wp\/v2\/product_tag?post=66564"}],"curies":[{"name":"wp","href":"https:\/\/api.w.org\/{rel}","templated":true}]}}