{"id":66568,"date":"2020-10-01T15:16:55","date_gmt":"2020-10-01T18:16:55","guid":{"rendered":"https:\/\/www.bozza.com\/produto\/7022-t-12v-bomba-de-abastecimento-eletrica-12v\/"},"modified":"2026-04-09T15:48:20","modified_gmt":"2026-04-09T18:48:20","slug":"7022-t-12v-bomba-de-abastecimento-eletrica-12v","status":"publish","type":"product","link":"https:\/\/bozza.com\/es\/produto\/7022-t-12v-bomba-de-abastecimento-eletrica-12v\/","title":{"rendered":"Bomba de Abastecimiento El\u00e9ctrica 7022-T-12V"},"content":{"rendered":"<ul>\n<li><span style=\"font-weight: 400;\">Liviana y compacta que reduce el esfuerzo f\u00edsico del operador;<\/span><\/li>\n<li><span style=\"font-weight: 400;\">Alta resistencia contra <\/span><span style=\"font-weight: 400;\">la <\/span><span style=\"font-weight: 400;\">corrosi\u00f3n y desplazamiento de los componentes;<\/span><\/li>\n<li><span style=\"font-weight: 400;\">Bomba el\u00e9ctrica port\u00e1til, sin necesidad de aire comprimido.<\/span><\/li>\n<li><span style=\"font-weight: 400;\">Alimentada a trav\u00e9s de bater\u00eda de veh\u00edculos en general.<\/span><\/li>\n<li><span style=\"font-weight: 400;\">Interruptor on\/o\ufb00, mayor practicidad.<\/span><\/li>\n<li><span style=\"font-weight: 400;\">PRECIO MEDIANTE CONSULTA<\/span><\/li>\n<\/ul>\n","protected":false},"excerpt":{"rendered":"<p><span style=\"font-weight: 400;\">Bomba para abastecimiento o trasvase de <\/span><span style=\"font-weight: 400;\">di\u00e9sel<\/span><span style=\"font-weight: 400;\"> mediante motor el\u00e9ctrico port\u00e1til de 12 V. Adecuada para clientes que realizan operaciones de campo para abastecer tanques y <\/span><span style=\"font-weight: 400;\">Dep\u00f3sitos de veh\u00edculos, motores, generadores, implementos agr\u00edcolas, etc. Ideal para <\/span><span style=\"font-weight: 400;\">Ios sectores automotriz, agr\u00edcola y de la construcci\u00f3n.<\/span> <span style=\"font-weight: 400;\">Liviana, compacta y port\u00e1til, ofrece mayor <\/span><span style=\"font-weight: 400;\">comodidad al operario. <\/span><span style=\"font-weight: 400;\">Funciona con bater\u00eda de veh\u00edculos y dispone de un <\/span><span style=\"font-weight: 400;\">interruptor <\/span><span style=\"font-weight: 400;\">de encendido\/apagado<\/span><span style=\"font-weight: 400;\"> para mayor practicidad.<\/span><\/p>\n","protected":false},"featured_media":58038,"template":"","meta":{"_acf_changed":false},"product_brand":[],"product_cat":[],"product_tag":[175,157],"class_list":{"0":"post-66568","1":"product","2":"type-product","3":"status-publish","4":"has-post-thumbnail","6":"product_tag-abastecimento","7":"product_tag-abastecimiento","9":"first","10":"instock","11":"shipping-taxable","12":"product-type-simple"},"acf":[],"yoast_head":"<!-- This site is optimized with the Yoast SEO plugin v26.9 - https:\/\/yoast.com\/product\/yoast-seo-wordpress\/ -->\n<title>Bomba de Abastecimiento El\u00e9ctrica 7022-T-12V | Bozza<\/title>\n<meta name=\"robots\" content=\"index, follow, max-snippet:-1, max-image-preview:large, max-video-preview:-1\" \/>\n<link rel=\"canonical\" href=\"https:\/\/bozza.com\/es\/produto\/7022-t-12v-bomba-de-abastecimento-eletrica-12v\/\" \/>\n<meta property=\"og:locale\" content=\"es_ES\" \/>\n<meta property=\"og:type\" content=\"article\" \/>\n<meta property=\"og:title\" content=\"Bomba de Abastecimiento El\u00e9ctrica 7022-T-12V | Bozza\" \/>\n<meta property=\"og:description\" content=\"Bomba para abastecimiento o trasvase de di\u00e9sel mediante motor el\u00e9ctrico port\u00e1til de 12 V. Adecuada para clientes que realizan operaciones de campo para abastecer tanques y Dep\u00f3sitos de veh\u00edculos, motores, generadores, implementos agr\u00edcolas, etc. Ideal para Ios sectores automotriz, agr\u00edcola y de la construcci\u00f3n. Liviana, compacta y port\u00e1til, ofrece mayor comodidad al operario. Funciona con bater\u00eda de veh\u00edculos y dispone de un interruptor de encendido\/apagado para mayor practicidad.\" \/>\n<meta property=\"og:url\" content=\"https:\/\/bozza.com\/es\/produto\/7022-t-12v-bomba-de-abastecimento-eletrica-12v\/\" \/>\n<meta property=\"og:site_name\" content=\"Bozza\" \/>\n<meta property=\"article:publisher\" content=\"https:\/\/www.facebook.com\/bozza.oficial\/\" \/>\n<meta property=\"article:modified_time\" content=\"2026-04-09T18:48:20+00:00\" \/>\n<meta property=\"og:image\" content=\"https:\/\/bozza.com\/wp-content\/uploads\/2020\/10\/12.421.0034_7022-T-12V_BOMBA-ABASTECIMENTO-ELETRICA_1.jpg\" \/>\n\t<meta property=\"og:image:width\" content=\"1080\" \/>\n\t<meta property=\"og:image:height\" content=\"1080\" \/>\n\t<meta property=\"og:image:type\" content=\"image\/jpeg\" \/>\n<meta name=\"twitter:card\" content=\"summary_large_image\" \/>\n<meta name=\"twitter:label1\" content=\"Tiempo de lectura\" \/>\n\t<meta name=\"twitter:data1\" content=\"1 minuto\" \/>\n<script type=\"application\/ld+json\" class=\"yoast-schema-graph\">{\"@context\":\"https:\/\/schema.org\",\"@graph\":[{\"@type\":\"WebPage\",\"@id\":\"https:\/\/bozza.com\/es\/produto\/7022-t-12v-bomba-de-abastecimento-eletrica-12v\/\",\"url\":\"https:\/\/bozza.com\/es\/produto\/7022-t-12v-bomba-de-abastecimento-eletrica-12v\/\",\"name\":\"Bomba de Abastecimiento El\u00e9ctrica 7022-T-12V | Bozza\",\"isPartOf\":{\"@id\":\"https:\/\/bozza.com\/#website\"},\"primaryImageOfPage\":{\"@id\":\"https:\/\/bozza.com\/es\/produto\/7022-t-12v-bomba-de-abastecimento-eletrica-12v\/#primaryimage\"},\"image\":{\"@id\":\"https:\/\/bozza.com\/es\/produto\/7022-t-12v-bomba-de-abastecimento-eletrica-12v\/#primaryimage\"},\"thumbnailUrl\":\"https:\/\/bozza.com\/wp-content\/uploads\/2020\/10\/12.421.0034_7022-T-12V_BOMBA-ABASTECIMENTO-ELETRICA_1.jpg\",\"datePublished\":\"2020-10-01T18:16:55+00:00\",\"dateModified\":\"2026-04-09T18:48:20+00:00\",\"breadcrumb\":{\"@id\":\"https:\/\/bozza.com\/es\/produto\/7022-t-12v-bomba-de-abastecimento-eletrica-12v\/#breadcrumb\"},\"inLanguage\":\"es\",\"potentialAction\":[{\"@type\":\"ReadAction\",\"target\":[\"https:\/\/bozza.com\/es\/produto\/7022-t-12v-bomba-de-abastecimento-eletrica-12v\/\"]}]},{\"@type\":\"ImageObject\",\"inLanguage\":\"es\",\"@id\":\"https:\/\/bozza.com\/es\/produto\/7022-t-12v-bomba-de-abastecimento-eletrica-12v\/#primaryimage\",\"url\":\"https:\/\/bozza.com\/wp-content\/uploads\/2020\/10\/12.421.0034_7022-T-12V_BOMBA-ABASTECIMENTO-ELETRICA_1.jpg\",\"contentUrl\":\"https:\/\/bozza.com\/wp-content\/uploads\/2020\/10\/12.421.0034_7022-T-12V_BOMBA-ABASTECIMENTO-ELETRICA_1.jpg\",\"width\":1080,\"height\":1080},{\"@type\":\"BreadcrumbList\",\"@id\":\"https:\/\/bozza.com\/es\/produto\/7022-t-12v-bomba-de-abastecimento-eletrica-12v\/#breadcrumb\",\"itemListElement\":[{\"@type\":\"ListItem\",\"position\":1,\"name\":\"In\u00edcio\",\"item\":\"https:\/\/bozza.com\/\"},{\"@type\":\"ListItem\",\"position\":2,\"name\":\"Produtos\",\"item\":\"https:\/\/bozza.com\/?page_id=70036\"},{\"@type\":\"ListItem\",\"position\":3,\"name\":\"Bomba de Abastecimiento El\u00e9ctrica 7022-T-12V\"}]},{\"@type\":\"WebSite\",\"@id\":\"https:\/\/bozza.com\/#website\",\"url\":\"https:\/\/bozza.com\/\",\"name\":\"Bozza\",\"description\":\"Solu\u00e7\u00f5es em Lubrifica\u00e7\u00e3o\",\"publisher\":{\"@id\":\"https:\/\/bozza.com\/#organization\"},\"potentialAction\":[{\"@type\":\"SearchAction\",\"target\":{\"@type\":\"EntryPoint\",\"urlTemplate\":\"https:\/\/bozza.com\/?s={search_term_string}\"},\"query-input\":{\"@type\":\"PropertyValueSpecification\",\"valueRequired\":true,\"valueName\":\"search_term_string\"}}],\"inLanguage\":\"es\"},{\"@type\":\"Organization\",\"@id\":\"https:\/\/bozza.com\/#organization\",\"name\":\"Bozza\",\"url\":\"https:\/\/bozza.com\/\",\"logo\":{\"@type\":\"ImageObject\",\"inLanguage\":\"es\",\"@id\":\"https:\/\/bozza.com\/#\/schema\/logo\/image\/\",\"url\":\"\",\"contentUrl\":\"\",\"caption\":\"Bozza\"},\"image\":{\"@id\":\"https:\/\/bozza.com\/#\/schema\/logo\/image\/\"},\"sameAs\":[\"https:\/\/www.facebook.com\/bozza.oficial\/\",\"https:\/\/www.instagram.com\/bozzaoficial\/\",\"https:\/\/www.linkedin.com\/company\/bozza\/\",\"https:\/\/www.youtube.com\/channel\/UCQRiHYNpM4VQWF9YxVgSTsw?view_as=subscriber\"]}]}<\/script>\n<!-- \/ Yoast SEO plugin. -->","yoast_head_json":{"title":"Bomba de Abastecimiento El\u00e9ctrica 7022-T-12V | Bozza","robots":{"index":"index","follow":"follow","max-snippet":"max-snippet:-1","max-image-preview":"max-image-preview:large","max-video-preview":"max-video-preview:-1"},"canonical":"https:\/\/bozza.com\/es\/produto\/7022-t-12v-bomba-de-abastecimento-eletrica-12v\/","og_locale":"es_ES","og_type":"article","og_title":"Bomba de Abastecimiento El\u00e9ctrica 7022-T-12V | Bozza","og_description":"Bomba para abastecimiento o trasvase de di\u00e9sel mediante motor el\u00e9ctrico port\u00e1til de 12 V. Adecuada para clientes que realizan operaciones de campo para abastecer tanques y Dep\u00f3sitos de veh\u00edculos, motores, generadores, implementos agr\u00edcolas, etc. Ideal para Ios sectores automotriz, agr\u00edcola y de la construcci\u00f3n. Liviana, compacta y port\u00e1til, ofrece mayor comodidad al operario. Funciona con bater\u00eda de veh\u00edculos y dispone de un interruptor de encendido\/apagado para mayor practicidad.","og_url":"https:\/\/bozza.com\/es\/produto\/7022-t-12v-bomba-de-abastecimento-eletrica-12v\/","og_site_name":"Bozza","article_publisher":"https:\/\/www.facebook.com\/bozza.oficial\/","article_modified_time":"2026-04-09T18:48:20+00:00","og_image":[{"width":1080,"height":1080,"url":"https:\/\/bozza.com\/wp-content\/uploads\/2020\/10\/12.421.0034_7022-T-12V_BOMBA-ABASTECIMENTO-ELETRICA_1.jpg","type":"image\/jpeg"}],"twitter_card":"summary_large_image","twitter_misc":{"Tiempo de lectura":"1 minuto"},"schema":{"@context":"https:\/\/schema.org","@graph":[{"@type":"WebPage","@id":"https:\/\/bozza.com\/es\/produto\/7022-t-12v-bomba-de-abastecimento-eletrica-12v\/","url":"https:\/\/bozza.com\/es\/produto\/7022-t-12v-bomba-de-abastecimento-eletrica-12v\/","name":"Bomba de Abastecimiento El\u00e9ctrica 7022-T-12V | Bozza","isPartOf":{"@id":"https:\/\/bozza.com\/#website"},"primaryImageOfPage":{"@id":"https:\/\/bozza.com\/es\/produto\/7022-t-12v-bomba-de-abastecimento-eletrica-12v\/#primaryimage"},"image":{"@id":"https:\/\/bozza.com\/es\/produto\/7022-t-12v-bomba-de-abastecimento-eletrica-12v\/#primaryimage"},"thumbnailUrl":"https:\/\/bozza.com\/wp-content\/uploads\/2020\/10\/12.421.0034_7022-T-12V_BOMBA-ABASTECIMENTO-ELETRICA_1.jpg","datePublished":"2020-10-01T18:16:55+00:00","dateModified":"2026-04-09T18:48:20+00:00","breadcrumb":{"@id":"https:\/\/bozza.com\/es\/produto\/7022-t-12v-bomba-de-abastecimento-eletrica-12v\/#breadcrumb"},"inLanguage":"es","potentialAction":[{"@type":"ReadAction","target":["https:\/\/bozza.com\/es\/produto\/7022-t-12v-bomba-de-abastecimento-eletrica-12v\/"]}]},{"@type":"ImageObject","inLanguage":"es","@id":"https:\/\/bozza.com\/es\/produto\/7022-t-12v-bomba-de-abastecimento-eletrica-12v\/#primaryimage","url":"https:\/\/bozza.com\/wp-content\/uploads\/2020\/10\/12.421.0034_7022-T-12V_BOMBA-ABASTECIMENTO-ELETRICA_1.jpg","contentUrl":"https:\/\/bozza.com\/wp-content\/uploads\/2020\/10\/12.421.0034_7022-T-12V_BOMBA-ABASTECIMENTO-ELETRICA_1.jpg","width":1080,"height":1080},{"@type":"BreadcrumbList","@id":"https:\/\/bozza.com\/es\/produto\/7022-t-12v-bomba-de-abastecimento-eletrica-12v\/#breadcrumb","itemListElement":[{"@type":"ListItem","position":1,"name":"In\u00edcio","item":"https:\/\/bozza.com\/"},{"@type":"ListItem","position":2,"name":"Produtos","item":"https:\/\/bozza.com\/?page_id=70036"},{"@type":"ListItem","position":3,"name":"Bomba de Abastecimiento El\u00e9ctrica 7022-T-12V"}]},{"@type":"WebSite","@id":"https:\/\/bozza.com\/#website","url":"https:\/\/bozza.com\/","name":"Bozza","description":"Solu\u00e7\u00f5es em Lubrifica\u00e7\u00e3o","publisher":{"@id":"https:\/\/bozza.com\/#organization"},"potentialAction":[{"@type":"SearchAction","target":{"@type":"EntryPoint","urlTemplate":"https:\/\/bozza.com\/?s={search_term_string}"},"query-input":{"@type":"PropertyValueSpecification","valueRequired":true,"valueName":"search_term_string"}}],"inLanguage":"es"},{"@type":"Organization","@id":"https:\/\/bozza.com\/#organization","name":"Bozza","url":"https:\/\/bozza.com\/","logo":{"@type":"ImageObject","inLanguage":"es","@id":"https:\/\/bozza.com\/#\/schema\/logo\/image\/","url":"","contentUrl":"","caption":"Bozza"},"image":{"@id":"https:\/\/bozza.com\/#\/schema\/logo\/image\/"},"sameAs":["https:\/\/www.facebook.com\/bozza.oficial\/","https:\/\/www.instagram.com\/bozzaoficial\/","https:\/\/www.linkedin.com\/company\/bozza\/","https:\/\/www.youtube.com\/channel\/UCQRiHYNpM4VQWF9YxVgSTsw?view_as=subscriber"]}]}},"_links":{"self":[{"href":"https:\/\/bozza.com\/es\/wp-json\/wp\/v2\/product\/66568","targetHints":{"allow":["GET"]}}],"collection":[{"href":"https:\/\/bozza.com\/es\/wp-json\/wp\/v2\/product"}],"about":[{"href":"https:\/\/bozza.com\/es\/wp-json\/wp\/v2\/types\/product"}],"wp:featuredmedia":[{"embeddable":true,"href":"https:\/\/bozza.com\/es\/wp-json\/wp\/v2\/media\/58038"}],"wp:attachment":[{"href":"https:\/\/bozza.com\/es\/wp-json\/wp\/v2\/media?parent=66568"}],"wp:term":[{"taxonomy":"product_brand","embeddable":true,"href":"https:\/\/bozza.com\/es\/wp-json\/wp\/v2\/product_brand?post=66568"},{"taxonomy":"product_cat","embeddable":true,"href":"https:\/\/bozza.com\/es\/wp-json\/wp\/v2\/product_cat?post=66568"},{"taxonomy":"product_tag","embeddable":true,"href":"https:\/\/bozza.com\/es\/wp-json\/wp\/v2\/product_tag?post=66568"}],"curies":[{"name":"wp","href":"https:\/\/api.w.org\/{rel}","templated":true}]}}