{"id":66588,"date":"2018-09-19T15:11:18","date_gmt":"2018-09-19T18:11:18","guid":{"rendered":"https:\/\/www.bozza.com\/produto\/5522-arla\/"},"modified":"2026-02-10T03:19:49","modified_gmt":"2026-02-10T06:19:49","slug":"5522-arla","status":"publish","type":"product","link":"https:\/\/bozza.com\/es\/produto\/5522-arla\/","title":{"rendered":"BOQUILLA DE ABASTECIMIENTO AUTOM\u00c1TICO 5522-ARLA"},"content":{"rendered":"<ul>\n<li><span style=\"font-weight: 400;\">Caudal<\/span><span style=\"font-weight: 400;\"> m\u00e1ximo 75 L\/min<\/span><\/li>\n<li><span style=\"font-weight: 400;\">Di\u00e1metro de entrada 3\/4\u201d NPT<\/span><\/li>\n<li><span style=\"font-weight: 400;\">Di\u00e1metro de la punta<\/span><span style=\"font-weight: 400;\"> 13\/16\u201d<\/span><\/li>\n<li><span style=\"font-weight: 400;\">Presi\u00f3n m\u00e1x. de trabajo 43,5 PSI\/3 BAR<\/span><\/li>\n<li><span style=\"font-weight: 400;\">Precio mediante consulta<\/span><\/li>\n<\/ul>\n","protected":false},"excerpt":{"rendered":"<p><span style=\"font-weight: 400;\">Boquilla de abastecimiento autom\u00e1tico de acero inoxidable para Arla-32<\/span><\/p>\n","protected":false},"featured_media":45965,"template":"","meta":{"_acf_changed":false},"product_brand":[1028],"product_cat":[416,328],"product_tag":[175,387,388,382,331],"class_list":{"0":"post-66588","1":"product","2":"type-product","3":"status-publish","4":"has-post-thumbnail","6":"product_brand-postos-de-servicos-es","7":"product_cat-arla-32-es-2","8":"product_cat-todos-os-produtos-es","9":"product_tag-abastecimento","10":"product_tag-automatico-es","11":"product_tag-bico-es","12":"product_tag-abastecimento-es","13":"product_tag-transporte-es","15":"first","16":"instock","17":"shipping-taxable","18":"product-type-simple"},"acf":[],"yoast_head":"<!-- This site is optimized with the Yoast SEO plugin v26.9 - https:\/\/yoast.com\/product\/yoast-seo-wordpress\/ -->\n<title>BOQUILLA DE ABASTECIMIENTO AUTOM\u00c1TICO 5522-ARLA | Bozza<\/title>\n<meta name=\"description\" content=\"Bico de abastecimento automa\u0301tico construi\u0301do em ac\u0327o inox para Arla-32\" \/>\n<meta name=\"robots\" content=\"index, follow, max-snippet:-1, max-image-preview:large, max-video-preview:-1\" \/>\n<link rel=\"canonical\" href=\"https:\/\/bozza.com\/es\/produto\/5522-arla\/\" \/>\n<meta property=\"og:locale\" content=\"es_ES\" \/>\n<meta property=\"og:type\" content=\"article\" \/>\n<meta property=\"og:title\" content=\"BOQUILLA DE ABASTECIMIENTO AUTOM\u00c1TICO 5522-ARLA | Bozza\" \/>\n<meta property=\"og:description\" content=\"Bico de abastecimento automa\u0301tico construi\u0301do em ac\u0327o inox para Arla-32\" \/>\n<meta property=\"og:url\" content=\"https:\/\/bozza.com\/es\/produto\/5522-arla\/\" \/>\n<meta property=\"og:site_name\" content=\"Bozza\" \/>\n<meta property=\"article:publisher\" content=\"https:\/\/www.facebook.com\/bozza.oficial\/\" \/>\n<meta property=\"article:modified_time\" content=\"2026-02-10T06:19:49+00:00\" \/>\n<meta property=\"og:image\" content=\"https:\/\/bozza.com\/wp-content\/uploads\/2018\/09\/5522-ARLA.jpg\" \/>\n\t<meta property=\"og:image:width\" content=\"1200\" \/>\n\t<meta property=\"og:image:height\" content=\"1200\" \/>\n\t<meta property=\"og:image:type\" content=\"image\/jpeg\" \/>\n<meta name=\"twitter:card\" content=\"summary_large_image\" \/>\n<meta name=\"twitter:label1\" content=\"Tiempo de lectura\" \/>\n\t<meta name=\"twitter:data1\" content=\"1 minuto\" \/>\n<script type=\"application\/ld+json\" class=\"yoast-schema-graph\">{\"@context\":\"https:\/\/schema.org\",\"@graph\":[{\"@type\":\"WebPage\",\"@id\":\"https:\/\/bozza.com\/es\/produto\/5522-arla\/\",\"url\":\"https:\/\/bozza.com\/es\/produto\/5522-arla\/\",\"name\":\"BOQUILLA DE ABASTECIMIENTO AUTOM\u00c1TICO 5522-ARLA | Bozza\",\"isPartOf\":{\"@id\":\"https:\/\/bozza.com\/#website\"},\"primaryImageOfPage\":{\"@id\":\"https:\/\/bozza.com\/es\/produto\/5522-arla\/#primaryimage\"},\"image\":{\"@id\":\"https:\/\/bozza.com\/es\/produto\/5522-arla\/#primaryimage\"},\"thumbnailUrl\":\"https:\/\/bozza.com\/wp-content\/uploads\/2018\/09\/5522-ARLA.jpg\",\"datePublished\":\"2018-09-19T18:11:18+00:00\",\"dateModified\":\"2026-02-10T06:19:49+00:00\",\"description\":\"Bico de abastecimento automa\u0301tico construi\u0301do em ac\u0327o inox para Arla-32\",\"breadcrumb\":{\"@id\":\"https:\/\/bozza.com\/es\/produto\/5522-arla\/#breadcrumb\"},\"inLanguage\":\"es\",\"potentialAction\":[{\"@type\":\"ReadAction\",\"target\":[\"https:\/\/bozza.com\/es\/produto\/5522-arla\/\"]}]},{\"@type\":\"ImageObject\",\"inLanguage\":\"es\",\"@id\":\"https:\/\/bozza.com\/es\/produto\/5522-arla\/#primaryimage\",\"url\":\"https:\/\/bozza.com\/wp-content\/uploads\/2018\/09\/5522-ARLA.jpg\",\"contentUrl\":\"https:\/\/bozza.com\/wp-content\/uploads\/2018\/09\/5522-ARLA.jpg\",\"width\":1200,\"height\":1200},{\"@type\":\"BreadcrumbList\",\"@id\":\"https:\/\/bozza.com\/es\/produto\/5522-arla\/#breadcrumb\",\"itemListElement\":[{\"@type\":\"ListItem\",\"position\":1,\"name\":\"In\u00edcio\",\"item\":\"https:\/\/bozza.com\/\"},{\"@type\":\"ListItem\",\"position\":2,\"name\":\"Produtos\",\"item\":\"https:\/\/bozza.com\/?page_id=70036\"},{\"@type\":\"ListItem\",\"position\":3,\"name\":\"BOQUILLA DE ABASTECIMIENTO AUTOM\u00c1TICO 5522-ARLA\"}]},{\"@type\":\"WebSite\",\"@id\":\"https:\/\/bozza.com\/#website\",\"url\":\"https:\/\/bozza.com\/\",\"name\":\"Bozza\",\"description\":\"Solu\u00e7\u00f5es em Lubrifica\u00e7\u00e3o\",\"publisher\":{\"@id\":\"https:\/\/bozza.com\/#organization\"},\"potentialAction\":[{\"@type\":\"SearchAction\",\"target\":{\"@type\":\"EntryPoint\",\"urlTemplate\":\"https:\/\/bozza.com\/?s={search_term_string}\"},\"query-input\":{\"@type\":\"PropertyValueSpecification\",\"valueRequired\":true,\"valueName\":\"search_term_string\"}}],\"inLanguage\":\"es\"},{\"@type\":\"Organization\",\"@id\":\"https:\/\/bozza.com\/#organization\",\"name\":\"Bozza\",\"url\":\"https:\/\/bozza.com\/\",\"logo\":{\"@type\":\"ImageObject\",\"inLanguage\":\"es\",\"@id\":\"https:\/\/bozza.com\/#\/schema\/logo\/image\/\",\"url\":\"\",\"contentUrl\":\"\",\"caption\":\"Bozza\"},\"image\":{\"@id\":\"https:\/\/bozza.com\/#\/schema\/logo\/image\/\"},\"sameAs\":[\"https:\/\/www.facebook.com\/bozza.oficial\/\",\"https:\/\/www.instagram.com\/bozzaoficial\/\",\"https:\/\/www.linkedin.com\/company\/bozza\/\",\"https:\/\/www.youtube.com\/channel\/UCQRiHYNpM4VQWF9YxVgSTsw?view_as=subscriber\"]}]}<\/script>\n<!-- \/ Yoast SEO plugin. -->","yoast_head_json":{"title":"BOQUILLA DE ABASTECIMIENTO AUTOM\u00c1TICO 5522-ARLA | Bozza","description":"Bico de abastecimento automa\u0301tico construi\u0301do em ac\u0327o inox para Arla-32","robots":{"index":"index","follow":"follow","max-snippet":"max-snippet:-1","max-image-preview":"max-image-preview:large","max-video-preview":"max-video-preview:-1"},"canonical":"https:\/\/bozza.com\/es\/produto\/5522-arla\/","og_locale":"es_ES","og_type":"article","og_title":"BOQUILLA DE ABASTECIMIENTO AUTOM\u00c1TICO 5522-ARLA | Bozza","og_description":"Bico de abastecimento automa\u0301tico construi\u0301do em ac\u0327o inox para Arla-32","og_url":"https:\/\/bozza.com\/es\/produto\/5522-arla\/","og_site_name":"Bozza","article_publisher":"https:\/\/www.facebook.com\/bozza.oficial\/","article_modified_time":"2026-02-10T06:19:49+00:00","og_image":[{"width":1200,"height":1200,"url":"https:\/\/bozza.com\/wp-content\/uploads\/2018\/09\/5522-ARLA.jpg","type":"image\/jpeg"}],"twitter_card":"summary_large_image","twitter_misc":{"Tiempo de lectura":"1 minuto"},"schema":{"@context":"https:\/\/schema.org","@graph":[{"@type":"WebPage","@id":"https:\/\/bozza.com\/es\/produto\/5522-arla\/","url":"https:\/\/bozza.com\/es\/produto\/5522-arla\/","name":"BOQUILLA DE ABASTECIMIENTO AUTOM\u00c1TICO 5522-ARLA | Bozza","isPartOf":{"@id":"https:\/\/bozza.com\/#website"},"primaryImageOfPage":{"@id":"https:\/\/bozza.com\/es\/produto\/5522-arla\/#primaryimage"},"image":{"@id":"https:\/\/bozza.com\/es\/produto\/5522-arla\/#primaryimage"},"thumbnailUrl":"https:\/\/bozza.com\/wp-content\/uploads\/2018\/09\/5522-ARLA.jpg","datePublished":"2018-09-19T18:11:18+00:00","dateModified":"2026-02-10T06:19:49+00:00","description":"Bico de abastecimento automa\u0301tico construi\u0301do em ac\u0327o inox para Arla-32","breadcrumb":{"@id":"https:\/\/bozza.com\/es\/produto\/5522-arla\/#breadcrumb"},"inLanguage":"es","potentialAction":[{"@type":"ReadAction","target":["https:\/\/bozza.com\/es\/produto\/5522-arla\/"]}]},{"@type":"ImageObject","inLanguage":"es","@id":"https:\/\/bozza.com\/es\/produto\/5522-arla\/#primaryimage","url":"https:\/\/bozza.com\/wp-content\/uploads\/2018\/09\/5522-ARLA.jpg","contentUrl":"https:\/\/bozza.com\/wp-content\/uploads\/2018\/09\/5522-ARLA.jpg","width":1200,"height":1200},{"@type":"BreadcrumbList","@id":"https:\/\/bozza.com\/es\/produto\/5522-arla\/#breadcrumb","itemListElement":[{"@type":"ListItem","position":1,"name":"In\u00edcio","item":"https:\/\/bozza.com\/"},{"@type":"ListItem","position":2,"name":"Produtos","item":"https:\/\/bozza.com\/?page_id=70036"},{"@type":"ListItem","position":3,"name":"BOQUILLA DE ABASTECIMIENTO AUTOM\u00c1TICO 5522-ARLA"}]},{"@type":"WebSite","@id":"https:\/\/bozza.com\/#website","url":"https:\/\/bozza.com\/","name":"Bozza","description":"Solu\u00e7\u00f5es em Lubrifica\u00e7\u00e3o","publisher":{"@id":"https:\/\/bozza.com\/#organization"},"potentialAction":[{"@type":"SearchAction","target":{"@type":"EntryPoint","urlTemplate":"https:\/\/bozza.com\/?s={search_term_string}"},"query-input":{"@type":"PropertyValueSpecification","valueRequired":true,"valueName":"search_term_string"}}],"inLanguage":"es"},{"@type":"Organization","@id":"https:\/\/bozza.com\/#organization","name":"Bozza","url":"https:\/\/bozza.com\/","logo":{"@type":"ImageObject","inLanguage":"es","@id":"https:\/\/bozza.com\/#\/schema\/logo\/image\/","url":"","contentUrl":"","caption":"Bozza"},"image":{"@id":"https:\/\/bozza.com\/#\/schema\/logo\/image\/"},"sameAs":["https:\/\/www.facebook.com\/bozza.oficial\/","https:\/\/www.instagram.com\/bozzaoficial\/","https:\/\/www.linkedin.com\/company\/bozza\/","https:\/\/www.youtube.com\/channel\/UCQRiHYNpM4VQWF9YxVgSTsw?view_as=subscriber"]}]}},"_links":{"self":[{"href":"https:\/\/bozza.com\/es\/wp-json\/wp\/v2\/product\/66588","targetHints":{"allow":["GET"]}}],"collection":[{"href":"https:\/\/bozza.com\/es\/wp-json\/wp\/v2\/product"}],"about":[{"href":"https:\/\/bozza.com\/es\/wp-json\/wp\/v2\/types\/product"}],"wp:featuredmedia":[{"embeddable":true,"href":"https:\/\/bozza.com\/es\/wp-json\/wp\/v2\/media\/45965"}],"wp:attachment":[{"href":"https:\/\/bozza.com\/es\/wp-json\/wp\/v2\/media?parent=66588"}],"wp:term":[{"taxonomy":"product_brand","embeddable":true,"href":"https:\/\/bozza.com\/es\/wp-json\/wp\/v2\/product_brand?post=66588"},{"taxonomy":"product_cat","embeddable":true,"href":"https:\/\/bozza.com\/es\/wp-json\/wp\/v2\/product_cat?post=66588"},{"taxonomy":"product_tag","embeddable":true,"href":"https:\/\/bozza.com\/es\/wp-json\/wp\/v2\/product_tag?post=66588"}],"curies":[{"name":"wp","href":"https:\/\/api.w.org\/{rel}","templated":true}]}}