{"id":66591,"date":"2018-09-19T10:08:20","date_gmt":"2018-09-19T13:08:20","guid":{"rendered":"https:\/\/www.bozza.com\/produto\/6050-c\/"},"modified":"2026-02-10T03:22:24","modified_gmt":"2026-02-10T06:22:24","slug":"6050-c","status":"publish","type":"product","link":"https:\/\/bozza.com\/es\/produto\/6050-c\/","title":{"rendered":"RECOLECTOR DE ACEITE CON CARRITO 6050-C-G4"},"content":{"rendered":"<ul>\n<li><span style=\"font-weight: 400;\">Dep\u00f3sito 50L<\/span><\/li>\n<li><span style=\"font-weight: 400;\">Precio mediante consulta<\/span><\/li>\n<\/ul>\n","protected":false},"excerpt":{"rendered":"<p><span style=\"font-weight: 400;\">Equipo m\u00f3vil adecuado para clientes que necesitan recoger aceite lubricante usado, retirado <\/span><span style=\"font-weight: 400;\">de veh\u00edculos automotrices.<\/span> <span style=\"font-weight: 400;\">Adecuado para concesionarios de autom\u00f3viles, estaciones de <\/span><span style=\"font-weight: 400;\">servicio, cambio de aceite y centros de autom\u00f3viles.<\/span><\/p>\n","protected":false},"featured_media":68992,"template":"","meta":{"_acf_changed":false},"product_brand":[],"product_cat":[],"product_tag":[268,343,331],"class_list":{"0":"post-66591","1":"product","2":"type-product","3":"status-publish","4":"has-post-thumbnail","6":"product_tag-oleo-es","7":"product_tag-coletor-es","8":"product_tag-transporte-es","10":"first","11":"instock","12":"shipping-taxable","13":"product-type-simple"},"acf":[],"yoast_head":"<!-- This site is optimized with the Yoast SEO plugin v26.9 - https:\/\/yoast.com\/product\/yoast-seo-wordpress\/ -->\n<title>RECOLECTOR DE ACEITE CON CARRITO 6050-C-G4 | Bozza<\/title>\n<meta name=\"description\" content=\"Equipamento m\u00f3vel indicado a clientes que necessitam coletar \u00f3leo lubrificante usado, retirado de ve\u00edculos automotivos. Indicado no segmento de concession\u00e1rias de ve\u00edculos, postos de servi\u00e7os, troca de \u00f3leo e centro automotivos.\" \/>\n<meta name=\"robots\" content=\"index, follow, max-snippet:-1, max-image-preview:large, max-video-preview:-1\" \/>\n<link rel=\"canonical\" href=\"https:\/\/bozza.com\/es\/produto\/6050-c\/\" \/>\n<meta property=\"og:locale\" content=\"es_ES\" \/>\n<meta property=\"og:type\" content=\"article\" \/>\n<meta property=\"og:title\" content=\"RECOLECTOR DE ACEITE CON CARRITO 6050-C-G4 | Bozza\" \/>\n<meta property=\"og:description\" content=\"Equipamento m\u00f3vel indicado a clientes que necessitam coletar \u00f3leo lubrificante usado, retirado de ve\u00edculos automotivos. Indicado no segmento de concession\u00e1rias de ve\u00edculos, postos de servi\u00e7os, troca de \u00f3leo e centro automotivos.\" \/>\n<meta property=\"og:url\" content=\"https:\/\/bozza.com\/es\/produto\/6050-c\/\" \/>\n<meta property=\"og:site_name\" content=\"Bozza\" \/>\n<meta property=\"article:publisher\" content=\"https:\/\/www.facebook.com\/bozza.oficial\/\" \/>\n<meta property=\"article:modified_time\" content=\"2026-02-10T06:22:24+00:00\" \/>\n<meta property=\"og:image\" content=\"https:\/\/bozza.com\/wp-content\/uploads\/2018\/09\/01.421.0333_6050-C-G2_COLETOR-OLEO-CARRINHO-50L-2.jpg\" \/>\n\t<meta property=\"og:image:width\" content=\"1000\" \/>\n\t<meta property=\"og:image:height\" content=\"1000\" \/>\n\t<meta property=\"og:image:type\" content=\"image\/jpeg\" \/>\n<meta name=\"twitter:card\" content=\"summary_large_image\" \/>\n<meta name=\"twitter:label1\" content=\"Tiempo de lectura\" \/>\n\t<meta name=\"twitter:data1\" content=\"1 minuto\" \/>\n<script type=\"application\/ld+json\" class=\"yoast-schema-graph\">{\"@context\":\"https:\/\/schema.org\",\"@graph\":[{\"@type\":\"WebPage\",\"@id\":\"https:\/\/bozza.com\/es\/produto\/6050-c\/\",\"url\":\"https:\/\/bozza.com\/es\/produto\/6050-c\/\",\"name\":\"RECOLECTOR DE ACEITE CON CARRITO 6050-C-G4 | Bozza\",\"isPartOf\":{\"@id\":\"https:\/\/bozza.com\/#website\"},\"primaryImageOfPage\":{\"@id\":\"https:\/\/bozza.com\/es\/produto\/6050-c\/#primaryimage\"},\"image\":{\"@id\":\"https:\/\/bozza.com\/es\/produto\/6050-c\/#primaryimage\"},\"thumbnailUrl\":\"https:\/\/bozza.com\/wp-content\/uploads\/2018\/09\/01.421.0333_6050-C-G2_COLETOR-OLEO-CARRINHO-50L-2.jpg\",\"datePublished\":\"2018-09-19T13:08:20+00:00\",\"dateModified\":\"2026-02-10T06:22:24+00:00\",\"description\":\"Equipamento m\u00f3vel indicado a clientes que necessitam coletar \u00f3leo lubrificante usado, retirado de ve\u00edculos automotivos. Indicado no segmento de concession\u00e1rias de ve\u00edculos, postos de servi\u00e7os, troca de \u00f3leo e centro automotivos.\",\"breadcrumb\":{\"@id\":\"https:\/\/bozza.com\/es\/produto\/6050-c\/#breadcrumb\"},\"inLanguage\":\"es\",\"potentialAction\":[{\"@type\":\"ReadAction\",\"target\":[\"https:\/\/bozza.com\/es\/produto\/6050-c\/\"]}]},{\"@type\":\"ImageObject\",\"inLanguage\":\"es\",\"@id\":\"https:\/\/bozza.com\/es\/produto\/6050-c\/#primaryimage\",\"url\":\"https:\/\/bozza.com\/wp-content\/uploads\/2018\/09\/01.421.0333_6050-C-G2_COLETOR-OLEO-CARRINHO-50L-2.jpg\",\"contentUrl\":\"https:\/\/bozza.com\/wp-content\/uploads\/2018\/09\/01.421.0333_6050-C-G2_COLETOR-OLEO-CARRINHO-50L-2.jpg\",\"width\":1000,\"height\":1000},{\"@type\":\"BreadcrumbList\",\"@id\":\"https:\/\/bozza.com\/es\/produto\/6050-c\/#breadcrumb\",\"itemListElement\":[{\"@type\":\"ListItem\",\"position\":1,\"name\":\"In\u00edcio\",\"item\":\"https:\/\/bozza.com\/\"},{\"@type\":\"ListItem\",\"position\":2,\"name\":\"Produtos\",\"item\":\"https:\/\/bozza.com\/?page_id=70036\"},{\"@type\":\"ListItem\",\"position\":3,\"name\":\"RECOLECTOR DE ACEITE CON CARRITO 6050-C-G4\"}]},{\"@type\":\"WebSite\",\"@id\":\"https:\/\/bozza.com\/#website\",\"url\":\"https:\/\/bozza.com\/\",\"name\":\"Bozza\",\"description\":\"Solu\u00e7\u00f5es em Lubrifica\u00e7\u00e3o\",\"publisher\":{\"@id\":\"https:\/\/bozza.com\/#organization\"},\"potentialAction\":[{\"@type\":\"SearchAction\",\"target\":{\"@type\":\"EntryPoint\",\"urlTemplate\":\"https:\/\/bozza.com\/?s={search_term_string}\"},\"query-input\":{\"@type\":\"PropertyValueSpecification\",\"valueRequired\":true,\"valueName\":\"search_term_string\"}}],\"inLanguage\":\"es\"},{\"@type\":\"Organization\",\"@id\":\"https:\/\/bozza.com\/#organization\",\"name\":\"Bozza\",\"url\":\"https:\/\/bozza.com\/\",\"logo\":{\"@type\":\"ImageObject\",\"inLanguage\":\"es\",\"@id\":\"https:\/\/bozza.com\/#\/schema\/logo\/image\/\",\"url\":\"\",\"contentUrl\":\"\",\"caption\":\"Bozza\"},\"image\":{\"@id\":\"https:\/\/bozza.com\/#\/schema\/logo\/image\/\"},\"sameAs\":[\"https:\/\/www.facebook.com\/bozza.oficial\/\",\"https:\/\/www.instagram.com\/bozzaoficial\/\",\"https:\/\/www.linkedin.com\/company\/bozza\/\",\"https:\/\/www.youtube.com\/channel\/UCQRiHYNpM4VQWF9YxVgSTsw?view_as=subscriber\"]}]}<\/script>\n<!-- \/ Yoast SEO plugin. -->","yoast_head_json":{"title":"RECOLECTOR DE ACEITE CON CARRITO 6050-C-G4 | Bozza","description":"Equipamento m\u00f3vel indicado a clientes que necessitam coletar \u00f3leo lubrificante usado, retirado de ve\u00edculos automotivos. Indicado no segmento de concession\u00e1rias de ve\u00edculos, postos de servi\u00e7os, troca de \u00f3leo e centro automotivos.","robots":{"index":"index","follow":"follow","max-snippet":"max-snippet:-1","max-image-preview":"max-image-preview:large","max-video-preview":"max-video-preview:-1"},"canonical":"https:\/\/bozza.com\/es\/produto\/6050-c\/","og_locale":"es_ES","og_type":"article","og_title":"RECOLECTOR DE ACEITE CON CARRITO 6050-C-G4 | Bozza","og_description":"Equipamento m\u00f3vel indicado a clientes que necessitam coletar \u00f3leo lubrificante usado, retirado de ve\u00edculos automotivos. Indicado no segmento de concession\u00e1rias de ve\u00edculos, postos de servi\u00e7os, troca de \u00f3leo e centro automotivos.","og_url":"https:\/\/bozza.com\/es\/produto\/6050-c\/","og_site_name":"Bozza","article_publisher":"https:\/\/www.facebook.com\/bozza.oficial\/","article_modified_time":"2026-02-10T06:22:24+00:00","og_image":[{"width":1000,"height":1000,"url":"https:\/\/bozza.com\/wp-content\/uploads\/2018\/09\/01.421.0333_6050-C-G2_COLETOR-OLEO-CARRINHO-50L-2.jpg","type":"image\/jpeg"}],"twitter_card":"summary_large_image","twitter_misc":{"Tiempo de lectura":"1 minuto"},"schema":{"@context":"https:\/\/schema.org","@graph":[{"@type":"WebPage","@id":"https:\/\/bozza.com\/es\/produto\/6050-c\/","url":"https:\/\/bozza.com\/es\/produto\/6050-c\/","name":"RECOLECTOR DE ACEITE CON CARRITO 6050-C-G4 | Bozza","isPartOf":{"@id":"https:\/\/bozza.com\/#website"},"primaryImageOfPage":{"@id":"https:\/\/bozza.com\/es\/produto\/6050-c\/#primaryimage"},"image":{"@id":"https:\/\/bozza.com\/es\/produto\/6050-c\/#primaryimage"},"thumbnailUrl":"https:\/\/bozza.com\/wp-content\/uploads\/2018\/09\/01.421.0333_6050-C-G2_COLETOR-OLEO-CARRINHO-50L-2.jpg","datePublished":"2018-09-19T13:08:20+00:00","dateModified":"2026-02-10T06:22:24+00:00","description":"Equipamento m\u00f3vel indicado a clientes que necessitam coletar \u00f3leo lubrificante usado, retirado de ve\u00edculos automotivos. Indicado no segmento de concession\u00e1rias de ve\u00edculos, postos de servi\u00e7os, troca de \u00f3leo e centro automotivos.","breadcrumb":{"@id":"https:\/\/bozza.com\/es\/produto\/6050-c\/#breadcrumb"},"inLanguage":"es","potentialAction":[{"@type":"ReadAction","target":["https:\/\/bozza.com\/es\/produto\/6050-c\/"]}]},{"@type":"ImageObject","inLanguage":"es","@id":"https:\/\/bozza.com\/es\/produto\/6050-c\/#primaryimage","url":"https:\/\/bozza.com\/wp-content\/uploads\/2018\/09\/01.421.0333_6050-C-G2_COLETOR-OLEO-CARRINHO-50L-2.jpg","contentUrl":"https:\/\/bozza.com\/wp-content\/uploads\/2018\/09\/01.421.0333_6050-C-G2_COLETOR-OLEO-CARRINHO-50L-2.jpg","width":1000,"height":1000},{"@type":"BreadcrumbList","@id":"https:\/\/bozza.com\/es\/produto\/6050-c\/#breadcrumb","itemListElement":[{"@type":"ListItem","position":1,"name":"In\u00edcio","item":"https:\/\/bozza.com\/"},{"@type":"ListItem","position":2,"name":"Produtos","item":"https:\/\/bozza.com\/?page_id=70036"},{"@type":"ListItem","position":3,"name":"RECOLECTOR DE ACEITE CON CARRITO 6050-C-G4"}]},{"@type":"WebSite","@id":"https:\/\/bozza.com\/#website","url":"https:\/\/bozza.com\/","name":"Bozza","description":"Solu\u00e7\u00f5es em Lubrifica\u00e7\u00e3o","publisher":{"@id":"https:\/\/bozza.com\/#organization"},"potentialAction":[{"@type":"SearchAction","target":{"@type":"EntryPoint","urlTemplate":"https:\/\/bozza.com\/?s={search_term_string}"},"query-input":{"@type":"PropertyValueSpecification","valueRequired":true,"valueName":"search_term_string"}}],"inLanguage":"es"},{"@type":"Organization","@id":"https:\/\/bozza.com\/#organization","name":"Bozza","url":"https:\/\/bozza.com\/","logo":{"@type":"ImageObject","inLanguage":"es","@id":"https:\/\/bozza.com\/#\/schema\/logo\/image\/","url":"","contentUrl":"","caption":"Bozza"},"image":{"@id":"https:\/\/bozza.com\/#\/schema\/logo\/image\/"},"sameAs":["https:\/\/www.facebook.com\/bozza.oficial\/","https:\/\/www.instagram.com\/bozzaoficial\/","https:\/\/www.linkedin.com\/company\/bozza\/","https:\/\/www.youtube.com\/channel\/UCQRiHYNpM4VQWF9YxVgSTsw?view_as=subscriber"]}]}},"_links":{"self":[{"href":"https:\/\/bozza.com\/es\/wp-json\/wp\/v2\/product\/66591","targetHints":{"allow":["GET"]}}],"collection":[{"href":"https:\/\/bozza.com\/es\/wp-json\/wp\/v2\/product"}],"about":[{"href":"https:\/\/bozza.com\/es\/wp-json\/wp\/v2\/types\/product"}],"wp:featuredmedia":[{"embeddable":true,"href":"https:\/\/bozza.com\/es\/wp-json\/wp\/v2\/media\/68992"}],"wp:attachment":[{"href":"https:\/\/bozza.com\/es\/wp-json\/wp\/v2\/media?parent=66591"}],"wp:term":[{"taxonomy":"product_brand","embeddable":true,"href":"https:\/\/bozza.com\/es\/wp-json\/wp\/v2\/product_brand?post=66591"},{"taxonomy":"product_cat","embeddable":true,"href":"https:\/\/bozza.com\/es\/wp-json\/wp\/v2\/product_cat?post=66591"},{"taxonomy":"product_tag","embeddable":true,"href":"https:\/\/bozza.com\/es\/wp-json\/wp\/v2\/product_tag?post=66591"}],"curies":[{"name":"wp","href":"https:\/\/api.w.org\/{rel}","templated":true}]}}