{"id":66592,"date":"2018-09-19T09:49:59","date_gmt":"2018-09-19T12:49:59","guid":{"rendered":"https:\/\/www.bozza.com\/produto\/1010-cf-g3\/"},"modified":"2026-03-03T15:34:37","modified_gmt":"2026-03-03T18:34:37","slug":"1010-cf-g3","status":"publish","type":"product","link":"https:\/\/bozza.com\/es\/produto\/1010-cf-g3\/","title":{"rendered":"ESTANTE RECOLECTORA DE ACEITE CON EMBUDO 1010-CF-R20-G4 20L"},"content":{"rendered":"<ul>\n<li><span style=\"font-weight: 400;\">Recipiente extra\u00edble de 20 litros.<\/span><\/li>\n<li><span style=\"font-weight: 400;\">1 embudo de pl\u00e1stico n\u00b04 &#8211; Di\u00e1metro 115x125mm altura<\/span><\/li>\n<li><span style=\"font-weight: 400;\">1 embudo de pl\u00e1stico n\u00b05 &#8211; Di\u00e1metro 190x230mm altura<\/span><\/li>\n<li><span style=\"font-weight: 400;\">1 embudo de pl\u00e1stico con tubo flexible &#8211; Di\u00e1metro 135 mm<\/span><\/li>\n<li><span style=\"font-weight: 400;\">Precio mediante consulta\u00a0<\/span><\/li>\n<\/ul>\n","protected":false},"excerpt":{"rendered":"<p><span style=\"font-weight: 400;\">Equipo con embudos adecuado para clientes que trabajan con recipientes de aceite <\/span><span style=\"font-weight: 400;\">lubricante y necesitan un recolector para almacenar los residuos de aceite sobrantes de la operaci\u00f3n. <\/span><span style=\"font-weight: 400;\">Recomendado para estaciones de servicio, <\/span><span style=\"font-weight: 400;\">cambio de aceite y<\/span><span style=\"font-weight: 400;\"> similares.<\/span><\/p>\n","protected":false},"featured_media":68986,"template":"","meta":{"_acf_changed":false},"product_brand":[],"product_cat":[251,328],"product_tag":[268,343,344,331],"class_list":{"0":"post-66592","1":"product","2":"type-product","3":"status-publish","4":"has-post-thumbnail","6":"product_cat-equipamentos-para-postos-de-servicos-es","7":"product_cat-todos-os-produtos-es","8":"product_tag-oleo-es","9":"product_tag-coletor-es","10":"product_tag-funis-es","11":"product_tag-transporte-es","13":"first","14":"instock","15":"shipping-taxable","16":"product-type-simple"},"acf":[],"yoast_head":"<!-- This site is optimized with the Yoast SEO plugin v26.9 - https:\/\/yoast.com\/product\/yoast-seo-wordpress\/ -->\n<title>ESTANTE RECOLECTORA DE ACEITE CON EMBUDO 1010-CF-R20-G4 20L | Bozza<\/title>\n<meta name=\"description\" content=\"Equipamento dotado de funis indicado a clientes que operam com embalagens de o\u0301leo lubrificante e necessitam de coletor para armazenar resi\u0301duos de o\u0301leo que sobra na operac\u0327a\u0303o. Indicado para postos de servic\u0327o, troca de o\u0301leo e similares.\" \/>\n<meta name=\"robots\" content=\"index, follow, max-snippet:-1, max-image-preview:large, max-video-preview:-1\" \/>\n<link rel=\"canonical\" href=\"https:\/\/bozza.com\/es\/produto\/1010-cf-g3\/\" \/>\n<meta property=\"og:locale\" content=\"es_ES\" \/>\n<meta property=\"og:type\" content=\"article\" \/>\n<meta property=\"og:title\" content=\"ESTANTE RECOLECTORA DE ACEITE CON EMBUDO 1010-CF-R20-G4 20L | Bozza\" \/>\n<meta property=\"og:description\" content=\"Equipamento dotado de funis indicado a clientes que operam com embalagens de o\u0301leo lubrificante e necessitam de coletor para armazenar resi\u0301duos de o\u0301leo que sobra na operac\u0327a\u0303o. Indicado para postos de servic\u0327o, troca de o\u0301leo e similares.\" \/>\n<meta property=\"og:url\" content=\"https:\/\/bozza.com\/es\/produto\/1010-cf-g3\/\" \/>\n<meta property=\"og:site_name\" content=\"Bozza\" \/>\n<meta property=\"article:publisher\" content=\"https:\/\/www.facebook.com\/bozza.oficial\/\" \/>\n<meta property=\"article:modified_time\" content=\"2026-03-03T18:34:37+00:00\" \/>\n<meta property=\"og:image\" content=\"https:\/\/bozza.com\/wp-content\/uploads\/2018\/09\/01.421.0354_1010-CF_G4.jpg\" \/>\n\t<meta property=\"og:image:width\" content=\"1000\" \/>\n\t<meta property=\"og:image:height\" content=\"1000\" \/>\n\t<meta property=\"og:image:type\" content=\"image\/jpeg\" \/>\n<meta name=\"twitter:card\" content=\"summary_large_image\" \/>\n<meta name=\"twitter:label1\" content=\"Tiempo de lectura\" \/>\n\t<meta name=\"twitter:data1\" content=\"1 minuto\" \/>\n<script type=\"application\/ld+json\" class=\"yoast-schema-graph\">{\"@context\":\"https:\/\/schema.org\",\"@graph\":[{\"@type\":\"WebPage\",\"@id\":\"https:\/\/bozza.com\/es\/produto\/1010-cf-g3\/\",\"url\":\"https:\/\/bozza.com\/es\/produto\/1010-cf-g3\/\",\"name\":\"ESTANTE RECOLECTORA DE ACEITE CON EMBUDO 1010-CF-R20-G4 20L | Bozza\",\"isPartOf\":{\"@id\":\"https:\/\/bozza.com\/#website\"},\"primaryImageOfPage\":{\"@id\":\"https:\/\/bozza.com\/es\/produto\/1010-cf-g3\/#primaryimage\"},\"image\":{\"@id\":\"https:\/\/bozza.com\/es\/produto\/1010-cf-g3\/#primaryimage\"},\"thumbnailUrl\":\"https:\/\/bozza.com\/wp-content\/uploads\/2018\/09\/01.421.0354_1010-CF_G4.jpg\",\"datePublished\":\"2018-09-19T12:49:59+00:00\",\"dateModified\":\"2026-03-03T18:34:37+00:00\",\"description\":\"Equipamento dotado de funis indicado a clientes que operam com embalagens de o\u0301leo lubrificante e necessitam de coletor para armazenar resi\u0301duos de o\u0301leo que sobra na operac\u0327a\u0303o. Indicado para postos de servic\u0327o, troca de o\u0301leo e similares.\",\"breadcrumb\":{\"@id\":\"https:\/\/bozza.com\/es\/produto\/1010-cf-g3\/#breadcrumb\"},\"inLanguage\":\"es\",\"potentialAction\":[{\"@type\":\"ReadAction\",\"target\":[\"https:\/\/bozza.com\/es\/produto\/1010-cf-g3\/\"]}]},{\"@type\":\"ImageObject\",\"inLanguage\":\"es\",\"@id\":\"https:\/\/bozza.com\/es\/produto\/1010-cf-g3\/#primaryimage\",\"url\":\"https:\/\/bozza.com\/wp-content\/uploads\/2018\/09\/01.421.0354_1010-CF_G4.jpg\",\"contentUrl\":\"https:\/\/bozza.com\/wp-content\/uploads\/2018\/09\/01.421.0354_1010-CF_G4.jpg\",\"width\":1000,\"height\":1000},{\"@type\":\"BreadcrumbList\",\"@id\":\"https:\/\/bozza.com\/es\/produto\/1010-cf-g3\/#breadcrumb\",\"itemListElement\":[{\"@type\":\"ListItem\",\"position\":1,\"name\":\"In\u00edcio\",\"item\":\"https:\/\/bozza.com\/\"},{\"@type\":\"ListItem\",\"position\":2,\"name\":\"Produtos\",\"item\":\"https:\/\/bozza.com\/?page_id=70036\"},{\"@type\":\"ListItem\",\"position\":3,\"name\":\"ESTANTE RECOLECTORA DE ACEITE CON EMBUDO 1010-CF-R20-G4 20L\"}]},{\"@type\":\"WebSite\",\"@id\":\"https:\/\/bozza.com\/#website\",\"url\":\"https:\/\/bozza.com\/\",\"name\":\"Bozza\",\"description\":\"Solu\u00e7\u00f5es em Lubrifica\u00e7\u00e3o\",\"publisher\":{\"@id\":\"https:\/\/bozza.com\/#organization\"},\"potentialAction\":[{\"@type\":\"SearchAction\",\"target\":{\"@type\":\"EntryPoint\",\"urlTemplate\":\"https:\/\/bozza.com\/?s={search_term_string}\"},\"query-input\":{\"@type\":\"PropertyValueSpecification\",\"valueRequired\":true,\"valueName\":\"search_term_string\"}}],\"inLanguage\":\"es\"},{\"@type\":\"Organization\",\"@id\":\"https:\/\/bozza.com\/#organization\",\"name\":\"Bozza\",\"url\":\"https:\/\/bozza.com\/\",\"logo\":{\"@type\":\"ImageObject\",\"inLanguage\":\"es\",\"@id\":\"https:\/\/bozza.com\/#\/schema\/logo\/image\/\",\"url\":\"\",\"contentUrl\":\"\",\"caption\":\"Bozza\"},\"image\":{\"@id\":\"https:\/\/bozza.com\/#\/schema\/logo\/image\/\"},\"sameAs\":[\"https:\/\/www.facebook.com\/bozza.oficial\/\",\"https:\/\/www.instagram.com\/bozzaoficial\/\",\"https:\/\/www.linkedin.com\/company\/bozza\/\",\"https:\/\/www.youtube.com\/channel\/UCQRiHYNpM4VQWF9YxVgSTsw?view_as=subscriber\"]}]}<\/script>\n<!-- \/ Yoast SEO plugin. -->","yoast_head_json":{"title":"ESTANTE RECOLECTORA DE ACEITE CON EMBUDO 1010-CF-R20-G4 20L | Bozza","description":"Equipamento dotado de funis indicado a clientes que operam com embalagens de o\u0301leo lubrificante e necessitam de coletor para armazenar resi\u0301duos de o\u0301leo que sobra na operac\u0327a\u0303o. Indicado para postos de servic\u0327o, troca de o\u0301leo e similares.","robots":{"index":"index","follow":"follow","max-snippet":"max-snippet:-1","max-image-preview":"max-image-preview:large","max-video-preview":"max-video-preview:-1"},"canonical":"https:\/\/bozza.com\/es\/produto\/1010-cf-g3\/","og_locale":"es_ES","og_type":"article","og_title":"ESTANTE RECOLECTORA DE ACEITE CON EMBUDO 1010-CF-R20-G4 20L | Bozza","og_description":"Equipamento dotado de funis indicado a clientes que operam com embalagens de o\u0301leo lubrificante e necessitam de coletor para armazenar resi\u0301duos de o\u0301leo que sobra na operac\u0327a\u0303o. Indicado para postos de servic\u0327o, troca de o\u0301leo e similares.","og_url":"https:\/\/bozza.com\/es\/produto\/1010-cf-g3\/","og_site_name":"Bozza","article_publisher":"https:\/\/www.facebook.com\/bozza.oficial\/","article_modified_time":"2026-03-03T18:34:37+00:00","og_image":[{"width":1000,"height":1000,"url":"https:\/\/bozza.com\/wp-content\/uploads\/2018\/09\/01.421.0354_1010-CF_G4.jpg","type":"image\/jpeg"}],"twitter_card":"summary_large_image","twitter_misc":{"Tiempo de lectura":"1 minuto"},"schema":{"@context":"https:\/\/schema.org","@graph":[{"@type":"WebPage","@id":"https:\/\/bozza.com\/es\/produto\/1010-cf-g3\/","url":"https:\/\/bozza.com\/es\/produto\/1010-cf-g3\/","name":"ESTANTE RECOLECTORA DE ACEITE CON EMBUDO 1010-CF-R20-G4 20L | Bozza","isPartOf":{"@id":"https:\/\/bozza.com\/#website"},"primaryImageOfPage":{"@id":"https:\/\/bozza.com\/es\/produto\/1010-cf-g3\/#primaryimage"},"image":{"@id":"https:\/\/bozza.com\/es\/produto\/1010-cf-g3\/#primaryimage"},"thumbnailUrl":"https:\/\/bozza.com\/wp-content\/uploads\/2018\/09\/01.421.0354_1010-CF_G4.jpg","datePublished":"2018-09-19T12:49:59+00:00","dateModified":"2026-03-03T18:34:37+00:00","description":"Equipamento dotado de funis indicado a clientes que operam com embalagens de o\u0301leo lubrificante e necessitam de coletor para armazenar resi\u0301duos de o\u0301leo que sobra na operac\u0327a\u0303o. Indicado para postos de servic\u0327o, troca de o\u0301leo e similares.","breadcrumb":{"@id":"https:\/\/bozza.com\/es\/produto\/1010-cf-g3\/#breadcrumb"},"inLanguage":"es","potentialAction":[{"@type":"ReadAction","target":["https:\/\/bozza.com\/es\/produto\/1010-cf-g3\/"]}]},{"@type":"ImageObject","inLanguage":"es","@id":"https:\/\/bozza.com\/es\/produto\/1010-cf-g3\/#primaryimage","url":"https:\/\/bozza.com\/wp-content\/uploads\/2018\/09\/01.421.0354_1010-CF_G4.jpg","contentUrl":"https:\/\/bozza.com\/wp-content\/uploads\/2018\/09\/01.421.0354_1010-CF_G4.jpg","width":1000,"height":1000},{"@type":"BreadcrumbList","@id":"https:\/\/bozza.com\/es\/produto\/1010-cf-g3\/#breadcrumb","itemListElement":[{"@type":"ListItem","position":1,"name":"In\u00edcio","item":"https:\/\/bozza.com\/"},{"@type":"ListItem","position":2,"name":"Produtos","item":"https:\/\/bozza.com\/?page_id=70036"},{"@type":"ListItem","position":3,"name":"ESTANTE RECOLECTORA DE ACEITE CON EMBUDO 1010-CF-R20-G4 20L"}]},{"@type":"WebSite","@id":"https:\/\/bozza.com\/#website","url":"https:\/\/bozza.com\/","name":"Bozza","description":"Solu\u00e7\u00f5es em Lubrifica\u00e7\u00e3o","publisher":{"@id":"https:\/\/bozza.com\/#organization"},"potentialAction":[{"@type":"SearchAction","target":{"@type":"EntryPoint","urlTemplate":"https:\/\/bozza.com\/?s={search_term_string}"},"query-input":{"@type":"PropertyValueSpecification","valueRequired":true,"valueName":"search_term_string"}}],"inLanguage":"es"},{"@type":"Organization","@id":"https:\/\/bozza.com\/#organization","name":"Bozza","url":"https:\/\/bozza.com\/","logo":{"@type":"ImageObject","inLanguage":"es","@id":"https:\/\/bozza.com\/#\/schema\/logo\/image\/","url":"","contentUrl":"","caption":"Bozza"},"image":{"@id":"https:\/\/bozza.com\/#\/schema\/logo\/image\/"},"sameAs":["https:\/\/www.facebook.com\/bozza.oficial\/","https:\/\/www.instagram.com\/bozzaoficial\/","https:\/\/www.linkedin.com\/company\/bozza\/","https:\/\/www.youtube.com\/channel\/UCQRiHYNpM4VQWF9YxVgSTsw?view_as=subscriber"]}]}},"_links":{"self":[{"href":"https:\/\/bozza.com\/es\/wp-json\/wp\/v2\/product\/66592","targetHints":{"allow":["GET"]}}],"collection":[{"href":"https:\/\/bozza.com\/es\/wp-json\/wp\/v2\/product"}],"about":[{"href":"https:\/\/bozza.com\/es\/wp-json\/wp\/v2\/types\/product"}],"wp:featuredmedia":[{"embeddable":true,"href":"https:\/\/bozza.com\/es\/wp-json\/wp\/v2\/media\/68986"}],"wp:attachment":[{"href":"https:\/\/bozza.com\/es\/wp-json\/wp\/v2\/media?parent=66592"}],"wp:term":[{"taxonomy":"product_brand","embeddable":true,"href":"https:\/\/bozza.com\/es\/wp-json\/wp\/v2\/product_brand?post=66592"},{"taxonomy":"product_cat","embeddable":true,"href":"https:\/\/bozza.com\/es\/wp-json\/wp\/v2\/product_cat?post=66592"},{"taxonomy":"product_tag","embeddable":true,"href":"https:\/\/bozza.com\/es\/wp-json\/wp\/v2\/product_tag?post=66592"}],"curies":[{"name":"wp","href":"https:\/\/api.w.org\/{rel}","templated":true}]}}