{"id":66594,"date":"2018-09-18T17:59:28","date_gmt":"2018-09-18T20:59:28","guid":{"rendered":"https:\/\/www.bozza.com\/produto\/17100ret-gr15\/"},"modified":"2026-02-10T03:24:36","modified_gmt":"2026-02-10T06:24:36","slug":"17100ret-gr15","status":"publish","type":"product","link":"https:\/\/bozza.com\/es\/produto\/17100ret-gr15\/","title":{"rendered":"CARRETE RETR\u00c1CTIL PARA GRASA 17100RET-GR15-V"},"content":{"rendered":"<ul>\n<li><span style=\"font-weight: 400;\">Presi\u00f3n<\/span><span style=\"font-weight: 400;\"> de<\/span><span style=\"font-weight: 400;\"> trabajo 5,000 PSI \/ 344 BAR<\/span><\/li>\n<li><span style=\"font-weight: 400;\">Entrada del producto 1\/4\u201d Rosca Hembra NPT<\/span><\/li>\n<li><span style=\"font-weight: 400;\">Salida del producto 1\/4\u201d Rosca Macho NPT<\/span><\/li>\n<li><span style=\"font-weight: 400;\">Precio mediante consulta <\/span><\/li>\n<\/ul>\n","protected":false},"excerpt":{"rendered":"<p><span style=\"font-weight: 400;\">Equipo que permite enrollar mangueras de grasa de hasta 15 metros en paredes <\/span><span style=\"font-weight: 400;\">y bases. <\/span><span style=\"font-weight: 400;\">Tiene retracci\u00f3n autom\u00e1tica, no requiriendo esfuerzo del operador, evita el desgaste\u00a0<\/span><span style=\"font-weight: 400;\">prematuro de la manguera y mantiene el entorno ordenado.<\/span><span style=\"font-weight: 400;\"> Recomendada para <\/span><span style=\"font-weight: 400;\">lubricaci\u00f3n de m\u00e1quinas y equipos, unidades m\u00f3viles de servicios (convoyes), centros\u00a0<\/span><span style=\"font-weight: 400;\">automotrices y centros fijos de abastecimiento y lubricaci\u00f3n.<\/span> <span style=\"font-weight: 400;\">Se suministra con conexi\u00f3n giratoria <\/span><span style=\"font-weight: 400;\">(7302) y v\u00e1lvula de grasa (5040).<\/span><\/p>\n","protected":false},"featured_media":1607,"template":"","meta":{"_acf_changed":false},"product_brand":[1028],"product_cat":[345,338,1007,328],"product_tag":[347,1026,348,349,350,132],"class_list":{"0":"post-66594","1":"product","2":"type-product","3":"status-publish","4":"has-post-thumbnail","6":"product_brand-postos-de-servicos-es","7":"product_cat-carretes-y-mangueras","8":"product_cat-equipamentos-para-comboio-es","9":"product_cat-para-grasa","10":"product_cat-todos-os-produtos-es","11":"product_tag-agricultura-es","12":"product_tag-agriculture","13":"product_tag-carretel-es","14":"product_tag-construcao-es","15":"product_tag-graxa-es","16":"product_tag-graxa","18":"first","19":"instock","20":"shipping-taxable","21":"product-type-simple"},"acf":[],"yoast_head":"<!-- This site is optimized with the Yoast SEO plugin v26.9 - https:\/\/yoast.com\/product\/yoast-seo-wordpress\/ -->\n<title>CARRETE RETR\u00c1CTIL PARA GRASA 17100RET-GR15-V | Bozza<\/title>\n<meta name=\"description\" content=\"Equipamento que permite enrolar mangueiras de graxa ate\u0301 15 metros para fixac\u0327a\u0303o em paredes e bases. Possui retrac\u0327a\u0303o automa\u0301tica na\u0303o exigindo esforc\u0327o do operador, evita desgaste prematuro da mangueira ale\u0301m de manter o ambiente organizado. Recomendada para lubrifica\u00e7\u00e3o de m\u00e1quinas e equipamentos, unidades mo\u0301veis de lubrificac\u0327a\u0303o (comboio), centros automotivos e centrais fixas de abastecimento e lubrificac\u0327a\u0303o. Acompanha conex\u00e3o girat\u00f3ria (7302) e va\u0301lvula de graxa (5040).\" \/>\n<meta name=\"robots\" content=\"index, follow, max-snippet:-1, max-image-preview:large, max-video-preview:-1\" \/>\n<link rel=\"canonical\" href=\"https:\/\/bozza.com\/es\/produto\/17100ret-gr15\/\" \/>\n<meta property=\"og:locale\" content=\"es_ES\" \/>\n<meta property=\"og:type\" content=\"article\" \/>\n<meta property=\"og:title\" content=\"CARRETE RETR\u00c1CTIL PARA GRASA 17100RET-GR15-V | Bozza\" \/>\n<meta property=\"og:description\" content=\"Equipamento que permite enrolar mangueiras de graxa ate\u0301 15 metros para fixac\u0327a\u0303o em paredes e bases. Possui retrac\u0327a\u0303o automa\u0301tica na\u0303o exigindo esforc\u0327o do operador, evita desgaste prematuro da mangueira ale\u0301m de manter o ambiente organizado. Recomendada para lubrifica\u00e7\u00e3o de m\u00e1quinas e equipamentos, unidades mo\u0301veis de lubrificac\u0327a\u0303o (comboio), centros automotivos e centrais fixas de abastecimento e lubrificac\u0327a\u0303o. Acompanha conex\u00e3o girat\u00f3ria (7302) e va\u0301lvula de graxa (5040).\" \/>\n<meta property=\"og:url\" content=\"https:\/\/bozza.com\/es\/produto\/17100ret-gr15\/\" \/>\n<meta property=\"og:site_name\" content=\"Bozza\" \/>\n<meta property=\"article:publisher\" content=\"https:\/\/www.facebook.com\/bozza.oficial\/\" \/>\n<meta property=\"article:modified_time\" content=\"2026-02-10T06:24:36+00:00\" \/>\n<meta property=\"og:image\" content=\"https:\/\/bozza.com\/wp-content\/uploads\/2018\/09\/17100RETGR15.png\" \/>\n\t<meta property=\"og:image:width\" content=\"1200\" \/>\n\t<meta property=\"og:image:height\" content=\"1200\" \/>\n\t<meta property=\"og:image:type\" content=\"image\/png\" \/>\n<meta name=\"twitter:card\" content=\"summary_large_image\" \/>\n<meta name=\"twitter:label1\" content=\"Tiempo de lectura\" \/>\n\t<meta name=\"twitter:data1\" content=\"1 minuto\" \/>\n<script type=\"application\/ld+json\" class=\"yoast-schema-graph\">{\"@context\":\"https:\/\/schema.org\",\"@graph\":[{\"@type\":\"WebPage\",\"@id\":\"https:\/\/bozza.com\/es\/produto\/17100ret-gr15\/\",\"url\":\"https:\/\/bozza.com\/es\/produto\/17100ret-gr15\/\",\"name\":\"CARRETE RETR\u00c1CTIL PARA GRASA 17100RET-GR15-V | Bozza\",\"isPartOf\":{\"@id\":\"https:\/\/bozza.com\/#website\"},\"primaryImageOfPage\":{\"@id\":\"https:\/\/bozza.com\/es\/produto\/17100ret-gr15\/#primaryimage\"},\"image\":{\"@id\":\"https:\/\/bozza.com\/es\/produto\/17100ret-gr15\/#primaryimage\"},\"thumbnailUrl\":\"https:\/\/bozza.com\/wp-content\/uploads\/2018\/09\/17100RETGR15.png\",\"datePublished\":\"2018-09-18T20:59:28+00:00\",\"dateModified\":\"2026-02-10T06:24:36+00:00\",\"description\":\"Equipamento que permite enrolar mangueiras de graxa ate\u0301 15 metros para fixac\u0327a\u0303o em paredes e bases. Possui retrac\u0327a\u0303o automa\u0301tica na\u0303o exigindo esforc\u0327o do operador, evita desgaste prematuro da mangueira ale\u0301m de manter o ambiente organizado. Recomendada para lubrifica\u00e7\u00e3o de m\u00e1quinas e equipamentos, unidades mo\u0301veis de lubrificac\u0327a\u0303o (comboio), centros automotivos e centrais fixas de abastecimento e lubrificac\u0327a\u0303o. Acompanha conex\u00e3o girat\u00f3ria (7302) e va\u0301lvula de graxa (5040).\",\"breadcrumb\":{\"@id\":\"https:\/\/bozza.com\/es\/produto\/17100ret-gr15\/#breadcrumb\"},\"inLanguage\":\"es\",\"potentialAction\":[{\"@type\":\"ReadAction\",\"target\":[\"https:\/\/bozza.com\/es\/produto\/17100ret-gr15\/\"]}]},{\"@type\":\"ImageObject\",\"inLanguage\":\"es\",\"@id\":\"https:\/\/bozza.com\/es\/produto\/17100ret-gr15\/#primaryimage\",\"url\":\"https:\/\/bozza.com\/wp-content\/uploads\/2018\/09\/17100RETGR15.png\",\"contentUrl\":\"https:\/\/bozza.com\/wp-content\/uploads\/2018\/09\/17100RETGR15.png\",\"width\":1200,\"height\":1200},{\"@type\":\"BreadcrumbList\",\"@id\":\"https:\/\/bozza.com\/es\/produto\/17100ret-gr15\/#breadcrumb\",\"itemListElement\":[{\"@type\":\"ListItem\",\"position\":1,\"name\":\"In\u00edcio\",\"item\":\"https:\/\/bozza.com\/\"},{\"@type\":\"ListItem\",\"position\":2,\"name\":\"Produtos\",\"item\":\"https:\/\/bozza.com\/?page_id=70036\"},{\"@type\":\"ListItem\",\"position\":3,\"name\":\"CARRETE RETR\u00c1CTIL PARA GRASA 17100RET-GR15-V\"}]},{\"@type\":\"WebSite\",\"@id\":\"https:\/\/bozza.com\/#website\",\"url\":\"https:\/\/bozza.com\/\",\"name\":\"Bozza\",\"description\":\"Solu\u00e7\u00f5es em Lubrifica\u00e7\u00e3o\",\"publisher\":{\"@id\":\"https:\/\/bozza.com\/#organization\"},\"potentialAction\":[{\"@type\":\"SearchAction\",\"target\":{\"@type\":\"EntryPoint\",\"urlTemplate\":\"https:\/\/bozza.com\/?s={search_term_string}\"},\"query-input\":{\"@type\":\"PropertyValueSpecification\",\"valueRequired\":true,\"valueName\":\"search_term_string\"}}],\"inLanguage\":\"es\"},{\"@type\":\"Organization\",\"@id\":\"https:\/\/bozza.com\/#organization\",\"name\":\"Bozza\",\"url\":\"https:\/\/bozza.com\/\",\"logo\":{\"@type\":\"ImageObject\",\"inLanguage\":\"es\",\"@id\":\"https:\/\/bozza.com\/#\/schema\/logo\/image\/\",\"url\":\"\",\"contentUrl\":\"\",\"caption\":\"Bozza\"},\"image\":{\"@id\":\"https:\/\/bozza.com\/#\/schema\/logo\/image\/\"},\"sameAs\":[\"https:\/\/www.facebook.com\/bozza.oficial\/\",\"https:\/\/www.instagram.com\/bozzaoficial\/\",\"https:\/\/www.linkedin.com\/company\/bozza\/\",\"https:\/\/www.youtube.com\/channel\/UCQRiHYNpM4VQWF9YxVgSTsw?view_as=subscriber\"]}]}<\/script>\n<!-- \/ Yoast SEO plugin. -->","yoast_head_json":{"title":"CARRETE RETR\u00c1CTIL PARA GRASA 17100RET-GR15-V | Bozza","description":"Equipamento que permite enrolar mangueiras de graxa ate\u0301 15 metros para fixac\u0327a\u0303o em paredes e bases. Possui retrac\u0327a\u0303o automa\u0301tica na\u0303o exigindo esforc\u0327o do operador, evita desgaste prematuro da mangueira ale\u0301m de manter o ambiente organizado. Recomendada para lubrifica\u00e7\u00e3o de m\u00e1quinas e equipamentos, unidades mo\u0301veis de lubrificac\u0327a\u0303o (comboio), centros automotivos e centrais fixas de abastecimento e lubrificac\u0327a\u0303o. Acompanha conex\u00e3o girat\u00f3ria (7302) e va\u0301lvula de graxa (5040).","robots":{"index":"index","follow":"follow","max-snippet":"max-snippet:-1","max-image-preview":"max-image-preview:large","max-video-preview":"max-video-preview:-1"},"canonical":"https:\/\/bozza.com\/es\/produto\/17100ret-gr15\/","og_locale":"es_ES","og_type":"article","og_title":"CARRETE RETR\u00c1CTIL PARA GRASA 17100RET-GR15-V | Bozza","og_description":"Equipamento que permite enrolar mangueiras de graxa ate\u0301 15 metros para fixac\u0327a\u0303o em paredes e bases. Possui retrac\u0327a\u0303o automa\u0301tica na\u0303o exigindo esforc\u0327o do operador, evita desgaste prematuro da mangueira ale\u0301m de manter o ambiente organizado. Recomendada para lubrifica\u00e7\u00e3o de m\u00e1quinas e equipamentos, unidades mo\u0301veis de lubrificac\u0327a\u0303o (comboio), centros automotivos e centrais fixas de abastecimento e lubrificac\u0327a\u0303o. Acompanha conex\u00e3o girat\u00f3ria (7302) e va\u0301lvula de graxa (5040).","og_url":"https:\/\/bozza.com\/es\/produto\/17100ret-gr15\/","og_site_name":"Bozza","article_publisher":"https:\/\/www.facebook.com\/bozza.oficial\/","article_modified_time":"2026-02-10T06:24:36+00:00","og_image":[{"width":1200,"height":1200,"url":"https:\/\/bozza.com\/wp-content\/uploads\/2018\/09\/17100RETGR15.png","type":"image\/png"}],"twitter_card":"summary_large_image","twitter_misc":{"Tiempo de lectura":"1 minuto"},"schema":{"@context":"https:\/\/schema.org","@graph":[{"@type":"WebPage","@id":"https:\/\/bozza.com\/es\/produto\/17100ret-gr15\/","url":"https:\/\/bozza.com\/es\/produto\/17100ret-gr15\/","name":"CARRETE RETR\u00c1CTIL PARA GRASA 17100RET-GR15-V | Bozza","isPartOf":{"@id":"https:\/\/bozza.com\/#website"},"primaryImageOfPage":{"@id":"https:\/\/bozza.com\/es\/produto\/17100ret-gr15\/#primaryimage"},"image":{"@id":"https:\/\/bozza.com\/es\/produto\/17100ret-gr15\/#primaryimage"},"thumbnailUrl":"https:\/\/bozza.com\/wp-content\/uploads\/2018\/09\/17100RETGR15.png","datePublished":"2018-09-18T20:59:28+00:00","dateModified":"2026-02-10T06:24:36+00:00","description":"Equipamento que permite enrolar mangueiras de graxa ate\u0301 15 metros para fixac\u0327a\u0303o em paredes e bases. Possui retrac\u0327a\u0303o automa\u0301tica na\u0303o exigindo esforc\u0327o do operador, evita desgaste prematuro da mangueira ale\u0301m de manter o ambiente organizado. Recomendada para lubrifica\u00e7\u00e3o de m\u00e1quinas e equipamentos, unidades mo\u0301veis de lubrificac\u0327a\u0303o (comboio), centros automotivos e centrais fixas de abastecimento e lubrificac\u0327a\u0303o. Acompanha conex\u00e3o girat\u00f3ria (7302) e va\u0301lvula de graxa (5040).","breadcrumb":{"@id":"https:\/\/bozza.com\/es\/produto\/17100ret-gr15\/#breadcrumb"},"inLanguage":"es","potentialAction":[{"@type":"ReadAction","target":["https:\/\/bozza.com\/es\/produto\/17100ret-gr15\/"]}]},{"@type":"ImageObject","inLanguage":"es","@id":"https:\/\/bozza.com\/es\/produto\/17100ret-gr15\/#primaryimage","url":"https:\/\/bozza.com\/wp-content\/uploads\/2018\/09\/17100RETGR15.png","contentUrl":"https:\/\/bozza.com\/wp-content\/uploads\/2018\/09\/17100RETGR15.png","width":1200,"height":1200},{"@type":"BreadcrumbList","@id":"https:\/\/bozza.com\/es\/produto\/17100ret-gr15\/#breadcrumb","itemListElement":[{"@type":"ListItem","position":1,"name":"In\u00edcio","item":"https:\/\/bozza.com\/"},{"@type":"ListItem","position":2,"name":"Produtos","item":"https:\/\/bozza.com\/?page_id=70036"},{"@type":"ListItem","position":3,"name":"CARRETE RETR\u00c1CTIL PARA GRASA 17100RET-GR15-V"}]},{"@type":"WebSite","@id":"https:\/\/bozza.com\/#website","url":"https:\/\/bozza.com\/","name":"Bozza","description":"Solu\u00e7\u00f5es em Lubrifica\u00e7\u00e3o","publisher":{"@id":"https:\/\/bozza.com\/#organization"},"potentialAction":[{"@type":"SearchAction","target":{"@type":"EntryPoint","urlTemplate":"https:\/\/bozza.com\/?s={search_term_string}"},"query-input":{"@type":"PropertyValueSpecification","valueRequired":true,"valueName":"search_term_string"}}],"inLanguage":"es"},{"@type":"Organization","@id":"https:\/\/bozza.com\/#organization","name":"Bozza","url":"https:\/\/bozza.com\/","logo":{"@type":"ImageObject","inLanguage":"es","@id":"https:\/\/bozza.com\/#\/schema\/logo\/image\/","url":"","contentUrl":"","caption":"Bozza"},"image":{"@id":"https:\/\/bozza.com\/#\/schema\/logo\/image\/"},"sameAs":["https:\/\/www.facebook.com\/bozza.oficial\/","https:\/\/www.instagram.com\/bozzaoficial\/","https:\/\/www.linkedin.com\/company\/bozza\/","https:\/\/www.youtube.com\/channel\/UCQRiHYNpM4VQWF9YxVgSTsw?view_as=subscriber"]}]}},"_links":{"self":[{"href":"https:\/\/bozza.com\/es\/wp-json\/wp\/v2\/product\/66594","targetHints":{"allow":["GET"]}}],"collection":[{"href":"https:\/\/bozza.com\/es\/wp-json\/wp\/v2\/product"}],"about":[{"href":"https:\/\/bozza.com\/es\/wp-json\/wp\/v2\/types\/product"}],"wp:featuredmedia":[{"embeddable":true,"href":"https:\/\/bozza.com\/es\/wp-json\/wp\/v2\/media\/1607"}],"wp:attachment":[{"href":"https:\/\/bozza.com\/es\/wp-json\/wp\/v2\/media?parent=66594"}],"wp:term":[{"taxonomy":"product_brand","embeddable":true,"href":"https:\/\/bozza.com\/es\/wp-json\/wp\/v2\/product_brand?post=66594"},{"taxonomy":"product_cat","embeddable":true,"href":"https:\/\/bozza.com\/es\/wp-json\/wp\/v2\/product_cat?post=66594"},{"taxonomy":"product_tag","embeddable":true,"href":"https:\/\/bozza.com\/es\/wp-json\/wp\/v2\/product_tag?post=66594"}],"curies":[{"name":"wp","href":"https:\/\/api.w.org\/{rel}","templated":true}]}}