{"id":66604,"date":"2023-07-06T17:59:17","date_gmt":"2023-07-06T20:59:17","guid":{"rendered":"https:\/\/www.bozza.com\/produto\/equipamento-movel-eletrico-para-lubrificac%cc%a7a%cc%83o-12201em-hobby-220v\/"},"modified":"2026-04-10T15:14:00","modified_gmt":"2026-04-10T18:14:00","slug":"equipamento-movel-eletrico-para-lubrificac%cc%a7a%cc%83o-12201em-hobby-220v","status":"publish","type":"product","link":"https:\/\/bozza.com\/es\/produto\/equipamento-movel-eletrico-para-lubrificac%cc%a7a%cc%83o-12201em-hobby-220v\/","title":{"rendered":"EQUIPO M\u00d3VIL EL\u00c9CTRICO PARA LUBRICACI\u00d3N 12201EM-HOBBY 220V"},"content":{"rendered":"<ul>\n<li><span style=\"font-weight: 400;\">Capacidad Recipiente de <\/span><span style=\"font-weight: 400;\">209L (no incluido)<\/span><\/li>\n<li><span style=\"font-weight: 400;\">Caudal libre<\/span><span style=\"font-weight: 400;\"> 10L\/min<\/span><\/li>\n<li><span style=\"font-weight: 400;\">Voltaje 220V<\/span><\/li>\n<li><span style=\"font-weight: 400;\">Motor: 1,5 CV<\/span><\/li>\n<li><span style=\"font-weight: 400;\">IP55<\/span><\/li>\n<li><span style=\"font-weight: 400;\">Precio mediante consulta<\/span><\/li>\n<\/ul>\n","protected":false},"excerpt":{"rendered":"<p><span style=\"font-weight: 400;\">Equipo m\u00f3vil para la lubricaci\u00f3n y el transporte de recipientes de aceite de 209 litros, accionado por <\/span><span style=\"font-weight: 400;\">una bomba de trasvase con motor el\u00e9ctrico,<\/span><span style=\"font-weight: 400;\"><br \/>\n<\/span><span style=\"font-weight: 400;\">equipada con una v\u00e1lvula dosificadora digital que permite <\/span><span style=\"font-weight: 400;\">controlar el consumo de lubricante. Ideal para empresas de transporte, concesionarios, agroindustrias e <\/span><span style=\"font-weight: 400;\">industrias en general.<\/span><\/p>\n","protected":false},"featured_media":59294,"template":"","meta":{"_acf_changed":false},"product_brand":[],"product_cat":[324,335,328],"product_tag":[254,355,356],"class_list":{"0":"post-66604","1":"product","2":"type-product","3":"status-publish","4":"has-post-thumbnail","6":"product_cat-lanzamientos","7":"product_cat-linha-industrial-es","8":"product_cat-todos-os-produtos-es","9":"product_tag-eletrico-es","10":"product_tag-lubrificacao-es","11":"product_tag-movel-es","13":"first","14":"instock","15":"shipping-taxable","16":"product-type-simple"},"acf":[],"yoast_head":"<!-- This site is optimized with the Yoast SEO plugin v26.9 - https:\/\/yoast.com\/product\/yoast-seo-wordpress\/ -->\n<title>EQUIPO M\u00d3VIL EL\u00c9CTRICO PARA LUBRICACI\u00d3N 12201EM-HOBBY 220V | Bozza<\/title>\n<meta name=\"robots\" content=\"index, follow, max-snippet:-1, max-image-preview:large, max-video-preview:-1\" \/>\n<link rel=\"canonical\" href=\"https:\/\/bozza.com\/es\/produto\/equipamento-movel-eletrico-para-lubrificac\u0327a\u0303o-12201em-hobby-220v\/\" \/>\n<meta property=\"og:locale\" content=\"es_ES\" \/>\n<meta property=\"og:type\" content=\"article\" \/>\n<meta property=\"og:title\" content=\"EQUIPO M\u00d3VIL EL\u00c9CTRICO PARA LUBRICACI\u00d3N 12201EM-HOBBY 220V | Bozza\" \/>\n<meta property=\"og:description\" content=\"Equipo m\u00f3vil para la lubricaci\u00f3n y el transporte de recipientes de aceite de 209 litros, accionado por una bomba de trasvase con motor el\u00e9ctrico, equipada con una v\u00e1lvula dosificadora digital que permite controlar el consumo de lubricante. Ideal para empresas de transporte, concesionarios, agroindustrias e industrias en general.\" \/>\n<meta property=\"og:url\" content=\"https:\/\/bozza.com\/es\/produto\/equipamento-movel-eletrico-para-lubrificac\u0327a\u0303o-12201em-hobby-220v\/\" \/>\n<meta property=\"og:site_name\" content=\"Bozza\" \/>\n<meta property=\"article:publisher\" content=\"https:\/\/www.facebook.com\/bozza.oficial\/\" \/>\n<meta property=\"article:modified_time\" content=\"2026-04-10T18:14:00+00:00\" \/>\n<meta property=\"og:image\" content=\"https:\/\/bozza.com\/wp-content\/uploads\/2023\/07\/01.421.0632_12201-EM-HOBBY-220V-PRETO_EQUIPAMENTO-MOVEL-ELETRICO-LUBRIFICACAO-scaled.jpg\" \/>\n\t<meta property=\"og:image:width\" content=\"2560\" \/>\n\t<meta property=\"og:image:height\" content=\"2560\" \/>\n\t<meta property=\"og:image:type\" content=\"image\/jpeg\" \/>\n<meta name=\"twitter:card\" content=\"summary_large_image\" \/>\n<meta name=\"twitter:label1\" content=\"Tiempo de lectura\" \/>\n\t<meta name=\"twitter:data1\" content=\"1 minuto\" \/>\n<script type=\"application\/ld+json\" class=\"yoast-schema-graph\">{\"@context\":\"https:\/\/schema.org\",\"@graph\":[{\"@type\":\"WebPage\",\"@id\":\"https:\/\/bozza.com\/es\/produto\/equipamento-movel-eletrico-para-lubrificac%cc%a7a%cc%83o-12201em-hobby-220v\/\",\"url\":\"https:\/\/bozza.com\/es\/produto\/equipamento-movel-eletrico-para-lubrificac%cc%a7a%cc%83o-12201em-hobby-220v\/\",\"name\":\"EQUIPO M\u00d3VIL EL\u00c9CTRICO PARA LUBRICACI\u00d3N 12201EM-HOBBY 220V | Bozza\",\"isPartOf\":{\"@id\":\"https:\/\/bozza.com\/#website\"},\"primaryImageOfPage\":{\"@id\":\"https:\/\/bozza.com\/es\/produto\/equipamento-movel-eletrico-para-lubrificac%cc%a7a%cc%83o-12201em-hobby-220v\/#primaryimage\"},\"image\":{\"@id\":\"https:\/\/bozza.com\/es\/produto\/equipamento-movel-eletrico-para-lubrificac%cc%a7a%cc%83o-12201em-hobby-220v\/#primaryimage\"},\"thumbnailUrl\":\"https:\/\/bozza.com\/wp-content\/uploads\/2023\/07\/01.421.0632_12201-EM-HOBBY-220V-PRETO_EQUIPAMENTO-MOVEL-ELETRICO-LUBRIFICACAO-scaled.jpg\",\"datePublished\":\"2023-07-06T20:59:17+00:00\",\"dateModified\":\"2026-04-10T18:14:00+00:00\",\"breadcrumb\":{\"@id\":\"https:\/\/bozza.com\/es\/produto\/equipamento-movel-eletrico-para-lubrificac%cc%a7a%cc%83o-12201em-hobby-220v\/#breadcrumb\"},\"inLanguage\":\"es\",\"potentialAction\":[{\"@type\":\"ReadAction\",\"target\":[\"https:\/\/bozza.com\/es\/produto\/equipamento-movel-eletrico-para-lubrificac%cc%a7a%cc%83o-12201em-hobby-220v\/\"]}]},{\"@type\":\"ImageObject\",\"inLanguage\":\"es\",\"@id\":\"https:\/\/bozza.com\/es\/produto\/equipamento-movel-eletrico-para-lubrificac%cc%a7a%cc%83o-12201em-hobby-220v\/#primaryimage\",\"url\":\"https:\/\/bozza.com\/wp-content\/uploads\/2023\/07\/01.421.0632_12201-EM-HOBBY-220V-PRETO_EQUIPAMENTO-MOVEL-ELETRICO-LUBRIFICACAO-scaled.jpg\",\"contentUrl\":\"https:\/\/bozza.com\/wp-content\/uploads\/2023\/07\/01.421.0632_12201-EM-HOBBY-220V-PRETO_EQUIPAMENTO-MOVEL-ELETRICO-LUBRIFICACAO-scaled.jpg\",\"width\":2560,\"height\":2560},{\"@type\":\"BreadcrumbList\",\"@id\":\"https:\/\/bozza.com\/es\/produto\/equipamento-movel-eletrico-para-lubrificac%cc%a7a%cc%83o-12201em-hobby-220v\/#breadcrumb\",\"itemListElement\":[{\"@type\":\"ListItem\",\"position\":1,\"name\":\"In\u00edcio\",\"item\":\"https:\/\/bozza.com\/\"},{\"@type\":\"ListItem\",\"position\":2,\"name\":\"Produtos\",\"item\":\"https:\/\/bozza.com\/?page_id=70036\"},{\"@type\":\"ListItem\",\"position\":3,\"name\":\"EQUIPO M\u00d3VIL EL\u00c9CTRICO PARA LUBRICACI\u00d3N 12201EM-HOBBY 220V\"}]},{\"@type\":\"WebSite\",\"@id\":\"https:\/\/bozza.com\/#website\",\"url\":\"https:\/\/bozza.com\/\",\"name\":\"Bozza\",\"description\":\"Solu\u00e7\u00f5es em Lubrifica\u00e7\u00e3o\",\"publisher\":{\"@id\":\"https:\/\/bozza.com\/#organization\"},\"potentialAction\":[{\"@type\":\"SearchAction\",\"target\":{\"@type\":\"EntryPoint\",\"urlTemplate\":\"https:\/\/bozza.com\/?s={search_term_string}\"},\"query-input\":{\"@type\":\"PropertyValueSpecification\",\"valueRequired\":true,\"valueName\":\"search_term_string\"}}],\"inLanguage\":\"es\"},{\"@type\":\"Organization\",\"@id\":\"https:\/\/bozza.com\/#organization\",\"name\":\"Bozza\",\"url\":\"https:\/\/bozza.com\/\",\"logo\":{\"@type\":\"ImageObject\",\"inLanguage\":\"es\",\"@id\":\"https:\/\/bozza.com\/#\/schema\/logo\/image\/\",\"url\":\"\",\"contentUrl\":\"\",\"caption\":\"Bozza\"},\"image\":{\"@id\":\"https:\/\/bozza.com\/#\/schema\/logo\/image\/\"},\"sameAs\":[\"https:\/\/www.facebook.com\/bozza.oficial\/\",\"https:\/\/www.instagram.com\/bozzaoficial\/\",\"https:\/\/www.linkedin.com\/company\/bozza\/\",\"https:\/\/www.youtube.com\/channel\/UCQRiHYNpM4VQWF9YxVgSTsw?view_as=subscriber\"]}]}<\/script>\n<!-- \/ Yoast SEO plugin. -->","yoast_head_json":{"title":"EQUIPO M\u00d3VIL EL\u00c9CTRICO PARA LUBRICACI\u00d3N 12201EM-HOBBY 220V | Bozza","robots":{"index":"index","follow":"follow","max-snippet":"max-snippet:-1","max-image-preview":"max-image-preview:large","max-video-preview":"max-video-preview:-1"},"canonical":"https:\/\/bozza.com\/es\/produto\/equipamento-movel-eletrico-para-lubrificac\u0327a\u0303o-12201em-hobby-220v\/","og_locale":"es_ES","og_type":"article","og_title":"EQUIPO M\u00d3VIL EL\u00c9CTRICO PARA LUBRICACI\u00d3N 12201EM-HOBBY 220V | Bozza","og_description":"Equipo m\u00f3vil para la lubricaci\u00f3n y el transporte de recipientes de aceite de 209 litros, accionado por una bomba de trasvase con motor el\u00e9ctrico, equipada con una v\u00e1lvula dosificadora digital que permite controlar el consumo de lubricante. Ideal para empresas de transporte, concesionarios, agroindustrias e industrias en general.","og_url":"https:\/\/bozza.com\/es\/produto\/equipamento-movel-eletrico-para-lubrificac\u0327a\u0303o-12201em-hobby-220v\/","og_site_name":"Bozza","article_publisher":"https:\/\/www.facebook.com\/bozza.oficial\/","article_modified_time":"2026-04-10T18:14:00+00:00","og_image":[{"width":2560,"height":2560,"url":"https:\/\/bozza.com\/wp-content\/uploads\/2023\/07\/01.421.0632_12201-EM-HOBBY-220V-PRETO_EQUIPAMENTO-MOVEL-ELETRICO-LUBRIFICACAO-scaled.jpg","type":"image\/jpeg"}],"twitter_card":"summary_large_image","twitter_misc":{"Tiempo de lectura":"1 minuto"},"schema":{"@context":"https:\/\/schema.org","@graph":[{"@type":"WebPage","@id":"https:\/\/bozza.com\/es\/produto\/equipamento-movel-eletrico-para-lubrificac%cc%a7a%cc%83o-12201em-hobby-220v\/","url":"https:\/\/bozza.com\/es\/produto\/equipamento-movel-eletrico-para-lubrificac%cc%a7a%cc%83o-12201em-hobby-220v\/","name":"EQUIPO M\u00d3VIL EL\u00c9CTRICO PARA LUBRICACI\u00d3N 12201EM-HOBBY 220V | Bozza","isPartOf":{"@id":"https:\/\/bozza.com\/#website"},"primaryImageOfPage":{"@id":"https:\/\/bozza.com\/es\/produto\/equipamento-movel-eletrico-para-lubrificac%cc%a7a%cc%83o-12201em-hobby-220v\/#primaryimage"},"image":{"@id":"https:\/\/bozza.com\/es\/produto\/equipamento-movel-eletrico-para-lubrificac%cc%a7a%cc%83o-12201em-hobby-220v\/#primaryimage"},"thumbnailUrl":"https:\/\/bozza.com\/wp-content\/uploads\/2023\/07\/01.421.0632_12201-EM-HOBBY-220V-PRETO_EQUIPAMENTO-MOVEL-ELETRICO-LUBRIFICACAO-scaled.jpg","datePublished":"2023-07-06T20:59:17+00:00","dateModified":"2026-04-10T18:14:00+00:00","breadcrumb":{"@id":"https:\/\/bozza.com\/es\/produto\/equipamento-movel-eletrico-para-lubrificac%cc%a7a%cc%83o-12201em-hobby-220v\/#breadcrumb"},"inLanguage":"es","potentialAction":[{"@type":"ReadAction","target":["https:\/\/bozza.com\/es\/produto\/equipamento-movel-eletrico-para-lubrificac%cc%a7a%cc%83o-12201em-hobby-220v\/"]}]},{"@type":"ImageObject","inLanguage":"es","@id":"https:\/\/bozza.com\/es\/produto\/equipamento-movel-eletrico-para-lubrificac%cc%a7a%cc%83o-12201em-hobby-220v\/#primaryimage","url":"https:\/\/bozza.com\/wp-content\/uploads\/2023\/07\/01.421.0632_12201-EM-HOBBY-220V-PRETO_EQUIPAMENTO-MOVEL-ELETRICO-LUBRIFICACAO-scaled.jpg","contentUrl":"https:\/\/bozza.com\/wp-content\/uploads\/2023\/07\/01.421.0632_12201-EM-HOBBY-220V-PRETO_EQUIPAMENTO-MOVEL-ELETRICO-LUBRIFICACAO-scaled.jpg","width":2560,"height":2560},{"@type":"BreadcrumbList","@id":"https:\/\/bozza.com\/es\/produto\/equipamento-movel-eletrico-para-lubrificac%cc%a7a%cc%83o-12201em-hobby-220v\/#breadcrumb","itemListElement":[{"@type":"ListItem","position":1,"name":"In\u00edcio","item":"https:\/\/bozza.com\/"},{"@type":"ListItem","position":2,"name":"Produtos","item":"https:\/\/bozza.com\/?page_id=70036"},{"@type":"ListItem","position":3,"name":"EQUIPO M\u00d3VIL EL\u00c9CTRICO PARA LUBRICACI\u00d3N 12201EM-HOBBY 220V"}]},{"@type":"WebSite","@id":"https:\/\/bozza.com\/#website","url":"https:\/\/bozza.com\/","name":"Bozza","description":"Solu\u00e7\u00f5es em Lubrifica\u00e7\u00e3o","publisher":{"@id":"https:\/\/bozza.com\/#organization"},"potentialAction":[{"@type":"SearchAction","target":{"@type":"EntryPoint","urlTemplate":"https:\/\/bozza.com\/?s={search_term_string}"},"query-input":{"@type":"PropertyValueSpecification","valueRequired":true,"valueName":"search_term_string"}}],"inLanguage":"es"},{"@type":"Organization","@id":"https:\/\/bozza.com\/#organization","name":"Bozza","url":"https:\/\/bozza.com\/","logo":{"@type":"ImageObject","inLanguage":"es","@id":"https:\/\/bozza.com\/#\/schema\/logo\/image\/","url":"","contentUrl":"","caption":"Bozza"},"image":{"@id":"https:\/\/bozza.com\/#\/schema\/logo\/image\/"},"sameAs":["https:\/\/www.facebook.com\/bozza.oficial\/","https:\/\/www.instagram.com\/bozzaoficial\/","https:\/\/www.linkedin.com\/company\/bozza\/","https:\/\/www.youtube.com\/channel\/UCQRiHYNpM4VQWF9YxVgSTsw?view_as=subscriber"]}]}},"_links":{"self":[{"href":"https:\/\/bozza.com\/es\/wp-json\/wp\/v2\/product\/66604","targetHints":{"allow":["GET"]}}],"collection":[{"href":"https:\/\/bozza.com\/es\/wp-json\/wp\/v2\/product"}],"about":[{"href":"https:\/\/bozza.com\/es\/wp-json\/wp\/v2\/types\/product"}],"wp:featuredmedia":[{"embeddable":true,"href":"https:\/\/bozza.com\/es\/wp-json\/wp\/v2\/media\/59294"}],"wp:attachment":[{"href":"https:\/\/bozza.com\/es\/wp-json\/wp\/v2\/media?parent=66604"}],"wp:term":[{"taxonomy":"product_brand","embeddable":true,"href":"https:\/\/bozza.com\/es\/wp-json\/wp\/v2\/product_brand?post=66604"},{"taxonomy":"product_cat","embeddable":true,"href":"https:\/\/bozza.com\/es\/wp-json\/wp\/v2\/product_cat?post=66604"},{"taxonomy":"product_tag","embeddable":true,"href":"https:\/\/bozza.com\/es\/wp-json\/wp\/v2\/product_tag?post=66604"}],"curies":[{"name":"wp","href":"https:\/\/api.w.org\/{rel}","templated":true}]}}