{"id":66625,"date":"2023-05-29T08:49:30","date_gmt":"2023-05-29T11:49:30","guid":{"rendered":"https:\/\/www.bozza.com\/produto\/cartucho-de-graxa-de-litio-lt-400\/"},"modified":"2026-04-10T15:15:30","modified_gmt":"2026-04-10T18:15:30","slug":"cartucho-de-graxa-de-litio-lt-400","status":"publish","type":"product","link":"https:\/\/bozza.com\/es\/produto\/cartucho-de-graxa-de-litio-lt-400\/","title":{"rendered":"CARTUCHO DE GRASA DE LITIO MULTIUSO \u2013 LT-400"},"content":{"rendered":"<ul>\n<li><span style=\"font-weight: 400;\">Excelentes propiedades de extrema presi\u00f3n y antidesgaste<\/span><\/li>\n<li><span style=\"font-weight: 400;\">Excelente resistencia al agua y a la oxidaci\u00f3n<\/span><\/li>\n<li><span style=\"font-weight: 400;\">Protege contra el \u00f3xido y corrosi\u00f3n<\/span><\/li>\n<li><span style=\"font-weight: 400;\">Sumamente estable al cizallamiento<\/span><\/li>\n<li><span style=\"font-weight: 400;\">Resiste el ablandamiento debido al calor<\/span><\/li>\n<li><span style=\"font-weight: 400;\">Buena estabilidad mec\u00e1nica<\/span><\/li>\n<li><span style=\"font-weight: 400;\">Precio mediante consulta<\/span><\/li>\n<\/ul>\n","protected":false},"excerpt":{"rendered":"<p><span style=\"font-weight: 400;\">LA GRASA DE LITIO MULTIUSO LT-400 es una grasa multiuso de calidad y alto rendimiento <\/span><span style=\"font-weight: 400;\">desarrollada para todo tipo de rodamientos sometidos a cargas de <\/span><span style=\"font-weight: 400;\">choque moderadas\/altas y condiciones de vibraci\u00f3n.<\/span> <span style=\"font-weight: 400;\">Formulada a partir de aceites minerales premium y espesante <\/span><span style=\"font-weight: 400;\">a base de Litio y enriquecida con aditivos antioxidantes, antidesgaste y antiherrumbre.<\/span><span style=\"font-weight: 400;\"> El Cartucho <\/span><span style=\"font-weight: 400;\">de Grasa de Bozza puede ser ampliamente utilizado en aplicaciones industriales y otros sectores.<\/span><\/p>\n","protected":false},"featured_media":58761,"template":"","meta":{"_acf_changed":false},"product_brand":[],"product_cat":[353,324,1007,328],"product_tag":[368,369,350],"class_list":{"0":"post-66625","1":"product","2":"type-product","3":"status-publish","4":"has-post-thumbnail","6":"product_cat-bombas-manuais-es","7":"product_cat-lanzamientos","8":"product_cat-para-grasa","9":"product_cat-todos-os-produtos-es","10":"product_tag-bomba-manual-es","11":"product_tag-cartucho-de-graxa-es","12":"product_tag-graxa-es","14":"first","15":"instock","16":"shipping-taxable","17":"product-type-simple"},"acf":[],"yoast_head":"<!-- This site is optimized with the Yoast SEO plugin v26.9 - https:\/\/yoast.com\/product\/yoast-seo-wordpress\/ -->\n<title>CARTUCHO DE GRASA DE LITIO MULTIUSO \u2013 LT-400 | Bozza<\/title>\n<meta name=\"description\" content=\"Conhe\u00e7a o CARTUCHO DE GRASA DE LITIO MULTIUSO \u2013 LT-400 da Bozza , mais efici\u00eancia na utiliza\u00e7\u00e3o das bombas manuais Bozza .\" \/>\n<meta name=\"robots\" content=\"index, follow, max-snippet:-1, max-video-preview:-1, noimageindex\" \/>\n<link rel=\"canonical\" href=\"https:\/\/bozza.com\/es\/produto\/cartucho-de-graxa-de-litio-lt-400\/\" \/>\n<meta property=\"og:locale\" content=\"es_ES\" \/>\n<meta property=\"og:type\" content=\"article\" \/>\n<meta property=\"og:title\" content=\"Cartucho de Graxa de L\u00edtio Bozza\" \/>\n<meta property=\"og:description\" content=\"Conhe\u00e7a a novidade da Bozza, novo cartucho de graxa de 400 gr.\" \/>\n<meta property=\"og:url\" content=\"https:\/\/bozza.com\/es\/produto\/cartucho-de-graxa-de-litio-lt-400\/\" \/>\n<meta property=\"og:site_name\" content=\"Bozza\" \/>\n<meta property=\"article:publisher\" content=\"https:\/\/www.facebook.com\/bozza.oficial\/\" \/>\n<meta property=\"article:modified_time\" content=\"2026-04-10T18:15:30+00:00\" \/>\n<meta name=\"twitter:card\" content=\"summary_large_image\" \/>\n<meta name=\"twitter:image\" content=\"https:\/\/bozza.com\/wp-content\/uploads\/2023\/05\/12.261.0001_LT-400_CARTUCHO-GRACHA-400G-2-UNID.jpg\" \/>\n<meta name=\"twitter:label1\" content=\"Tiempo de lectura\" \/>\n\t<meta name=\"twitter:data1\" content=\"1 minuto\" \/>\n<script type=\"application\/ld+json\" class=\"yoast-schema-graph\">{\"@context\":\"https:\/\/schema.org\",\"@graph\":[{\"@type\":\"WebPage\",\"@id\":\"https:\/\/bozza.com\/es\/produto\/cartucho-de-graxa-de-litio-lt-400\/\",\"url\":\"https:\/\/bozza.com\/es\/produto\/cartucho-de-graxa-de-litio-lt-400\/\",\"name\":\"CARTUCHO DE GRASA DE LITIO MULTIUSO \u2013 LT-400 | Bozza\",\"isPartOf\":{\"@id\":\"https:\/\/bozza.com\/#website\"},\"primaryImageOfPage\":{\"@id\":\"https:\/\/bozza.com\/es\/produto\/cartucho-de-graxa-de-litio-lt-400\/#primaryimage\"},\"image\":{\"@id\":\"https:\/\/bozza.com\/es\/produto\/cartucho-de-graxa-de-litio-lt-400\/#primaryimage\"},\"thumbnailUrl\":\"https:\/\/bozza.com\/wp-content\/uploads\/2023\/05\/12.261.0001_LT-400_CARTUCHO-GRACHA-400G-2-UNID.jpg\",\"datePublished\":\"2023-05-29T11:49:30+00:00\",\"dateModified\":\"2026-04-10T18:15:30+00:00\",\"description\":\"Conhe\u00e7a o CARTUCHO DE GRASA DE LITIO MULTIUSO \u2013 LT-400 da Bozza , mais efici\u00eancia na utiliza\u00e7\u00e3o das bombas manuais Bozza .\",\"breadcrumb\":{\"@id\":\"https:\/\/bozza.com\/es\/produto\/cartucho-de-graxa-de-litio-lt-400\/#breadcrumb\"},\"inLanguage\":\"es\",\"potentialAction\":[{\"@type\":\"ReadAction\",\"target\":[\"https:\/\/bozza.com\/es\/produto\/cartucho-de-graxa-de-litio-lt-400\/\"]}]},{\"@type\":\"ImageObject\",\"inLanguage\":\"es\",\"@id\":\"https:\/\/bozza.com\/es\/produto\/cartucho-de-graxa-de-litio-lt-400\/#primaryimage\",\"url\":\"https:\/\/bozza.com\/wp-content\/uploads\/2023\/05\/12.261.0001_LT-400_CARTUCHO-GRACHA-400G-2-UNID.jpg\",\"contentUrl\":\"https:\/\/bozza.com\/wp-content\/uploads\/2023\/05\/12.261.0001_LT-400_CARTUCHO-GRACHA-400G-2-UNID.jpg\",\"width\":1080,\"height\":1080},{\"@type\":\"BreadcrumbList\",\"@id\":\"https:\/\/bozza.com\/es\/produto\/cartucho-de-graxa-de-litio-lt-400\/#breadcrumb\",\"itemListElement\":[{\"@type\":\"ListItem\",\"position\":1,\"name\":\"In\u00edcio\",\"item\":\"https:\/\/bozza.com\/\"},{\"@type\":\"ListItem\",\"position\":2,\"name\":\"Produtos\",\"item\":\"https:\/\/bozza.com\/?page_id=70036\"},{\"@type\":\"ListItem\",\"position\":3,\"name\":\"CARTUCHO DE GRASA DE LITIO MULTIUSO \u2013 LT-400\"}]},{\"@type\":\"WebSite\",\"@id\":\"https:\/\/bozza.com\/#website\",\"url\":\"https:\/\/bozza.com\/\",\"name\":\"Bozza\",\"description\":\"Solu\u00e7\u00f5es em Lubrifica\u00e7\u00e3o\",\"publisher\":{\"@id\":\"https:\/\/bozza.com\/#organization\"},\"potentialAction\":[{\"@type\":\"SearchAction\",\"target\":{\"@type\":\"EntryPoint\",\"urlTemplate\":\"https:\/\/bozza.com\/?s={search_term_string}\"},\"query-input\":{\"@type\":\"PropertyValueSpecification\",\"valueRequired\":true,\"valueName\":\"search_term_string\"}}],\"inLanguage\":\"es\"},{\"@type\":\"Organization\",\"@id\":\"https:\/\/bozza.com\/#organization\",\"name\":\"Bozza\",\"url\":\"https:\/\/bozza.com\/\",\"logo\":{\"@type\":\"ImageObject\",\"inLanguage\":\"es\",\"@id\":\"https:\/\/bozza.com\/#\/schema\/logo\/image\/\",\"url\":\"\",\"contentUrl\":\"\",\"caption\":\"Bozza\"},\"image\":{\"@id\":\"https:\/\/bozza.com\/#\/schema\/logo\/image\/\"},\"sameAs\":[\"https:\/\/www.facebook.com\/bozza.oficial\/\",\"https:\/\/www.instagram.com\/bozzaoficial\/\",\"https:\/\/www.linkedin.com\/company\/bozza\/\",\"https:\/\/www.youtube.com\/channel\/UCQRiHYNpM4VQWF9YxVgSTsw?view_as=subscriber\"]}]}<\/script>\n<!-- \/ Yoast SEO plugin. -->","yoast_head_json":{"title":"CARTUCHO DE GRASA DE LITIO MULTIUSO \u2013 LT-400 | Bozza","description":"Conhe\u00e7a o CARTUCHO DE GRASA DE LITIO MULTIUSO \u2013 LT-400 da Bozza , mais efici\u00eancia na utiliza\u00e7\u00e3o das bombas manuais Bozza .","robots":{"index":"index","follow":"follow","max-snippet":"max-snippet:-1","max-video-preview":"max-video-preview:-1","imageindex":"noimageindex"},"canonical":"https:\/\/bozza.com\/es\/produto\/cartucho-de-graxa-de-litio-lt-400\/","og_locale":"es_ES","og_type":"article","og_title":"Cartucho de Graxa de L\u00edtio Bozza","og_description":"Conhe\u00e7a a novidade da Bozza, novo cartucho de graxa de 400 gr.","og_url":"https:\/\/bozza.com\/es\/produto\/cartucho-de-graxa-de-litio-lt-400\/","og_site_name":"Bozza","article_publisher":"https:\/\/www.facebook.com\/bozza.oficial\/","article_modified_time":"2026-04-10T18:15:30+00:00","twitter_card":"summary_large_image","twitter_image":"https:\/\/bozza.com\/wp-content\/uploads\/2023\/05\/12.261.0001_LT-400_CARTUCHO-GRACHA-400G-2-UNID.jpg","twitter_misc":{"Tiempo de lectura":"1 minuto"},"schema":{"@context":"https:\/\/schema.org","@graph":[{"@type":"WebPage","@id":"https:\/\/bozza.com\/es\/produto\/cartucho-de-graxa-de-litio-lt-400\/","url":"https:\/\/bozza.com\/es\/produto\/cartucho-de-graxa-de-litio-lt-400\/","name":"CARTUCHO DE GRASA DE LITIO MULTIUSO \u2013 LT-400 | Bozza","isPartOf":{"@id":"https:\/\/bozza.com\/#website"},"primaryImageOfPage":{"@id":"https:\/\/bozza.com\/es\/produto\/cartucho-de-graxa-de-litio-lt-400\/#primaryimage"},"image":{"@id":"https:\/\/bozza.com\/es\/produto\/cartucho-de-graxa-de-litio-lt-400\/#primaryimage"},"thumbnailUrl":"https:\/\/bozza.com\/wp-content\/uploads\/2023\/05\/12.261.0001_LT-400_CARTUCHO-GRACHA-400G-2-UNID.jpg","datePublished":"2023-05-29T11:49:30+00:00","dateModified":"2026-04-10T18:15:30+00:00","description":"Conhe\u00e7a o CARTUCHO DE GRASA DE LITIO MULTIUSO \u2013 LT-400 da Bozza , mais efici\u00eancia na utiliza\u00e7\u00e3o das bombas manuais Bozza .","breadcrumb":{"@id":"https:\/\/bozza.com\/es\/produto\/cartucho-de-graxa-de-litio-lt-400\/#breadcrumb"},"inLanguage":"es","potentialAction":[{"@type":"ReadAction","target":["https:\/\/bozza.com\/es\/produto\/cartucho-de-graxa-de-litio-lt-400\/"]}]},{"@type":"ImageObject","inLanguage":"es","@id":"https:\/\/bozza.com\/es\/produto\/cartucho-de-graxa-de-litio-lt-400\/#primaryimage","url":"https:\/\/bozza.com\/wp-content\/uploads\/2023\/05\/12.261.0001_LT-400_CARTUCHO-GRACHA-400G-2-UNID.jpg","contentUrl":"https:\/\/bozza.com\/wp-content\/uploads\/2023\/05\/12.261.0001_LT-400_CARTUCHO-GRACHA-400G-2-UNID.jpg","width":1080,"height":1080},{"@type":"BreadcrumbList","@id":"https:\/\/bozza.com\/es\/produto\/cartucho-de-graxa-de-litio-lt-400\/#breadcrumb","itemListElement":[{"@type":"ListItem","position":1,"name":"In\u00edcio","item":"https:\/\/bozza.com\/"},{"@type":"ListItem","position":2,"name":"Produtos","item":"https:\/\/bozza.com\/?page_id=70036"},{"@type":"ListItem","position":3,"name":"CARTUCHO DE GRASA DE LITIO MULTIUSO \u2013 LT-400"}]},{"@type":"WebSite","@id":"https:\/\/bozza.com\/#website","url":"https:\/\/bozza.com\/","name":"Bozza","description":"Solu\u00e7\u00f5es em Lubrifica\u00e7\u00e3o","publisher":{"@id":"https:\/\/bozza.com\/#organization"},"potentialAction":[{"@type":"SearchAction","target":{"@type":"EntryPoint","urlTemplate":"https:\/\/bozza.com\/?s={search_term_string}"},"query-input":{"@type":"PropertyValueSpecification","valueRequired":true,"valueName":"search_term_string"}}],"inLanguage":"es"},{"@type":"Organization","@id":"https:\/\/bozza.com\/#organization","name":"Bozza","url":"https:\/\/bozza.com\/","logo":{"@type":"ImageObject","inLanguage":"es","@id":"https:\/\/bozza.com\/#\/schema\/logo\/image\/","url":"","contentUrl":"","caption":"Bozza"},"image":{"@id":"https:\/\/bozza.com\/#\/schema\/logo\/image\/"},"sameAs":["https:\/\/www.facebook.com\/bozza.oficial\/","https:\/\/www.instagram.com\/bozzaoficial\/","https:\/\/www.linkedin.com\/company\/bozza\/","https:\/\/www.youtube.com\/channel\/UCQRiHYNpM4VQWF9YxVgSTsw?view_as=subscriber"]}]}},"_links":{"self":[{"href":"https:\/\/bozza.com\/es\/wp-json\/wp\/v2\/product\/66625","targetHints":{"allow":["GET"]}}],"collection":[{"href":"https:\/\/bozza.com\/es\/wp-json\/wp\/v2\/product"}],"about":[{"href":"https:\/\/bozza.com\/es\/wp-json\/wp\/v2\/types\/product"}],"wp:featuredmedia":[{"embeddable":true,"href":"https:\/\/bozza.com\/es\/wp-json\/wp\/v2\/media\/58761"}],"wp:attachment":[{"href":"https:\/\/bozza.com\/es\/wp-json\/wp\/v2\/media?parent=66625"}],"wp:term":[{"taxonomy":"product_brand","embeddable":true,"href":"https:\/\/bozza.com\/es\/wp-json\/wp\/v2\/product_brand?post=66625"},{"taxonomy":"product_cat","embeddable":true,"href":"https:\/\/bozza.com\/es\/wp-json\/wp\/v2\/product_cat?post=66625"},{"taxonomy":"product_tag","embeddable":true,"href":"https:\/\/bozza.com\/es\/wp-json\/wp\/v2\/product_tag?post=66625"}],"curies":[{"name":"wp","href":"https:\/\/api.w.org\/{rel}","templated":true}]}}