{"id":66627,"date":"2023-05-10T12:24:29","date_gmt":"2023-05-10T15:24:29","guid":{"rendered":"https:\/\/www.bozza.com\/produto\/propulsora-pneumatica-para-oleo-209litros-12021-z-g5\/"},"modified":"2026-04-10T15:52:31","modified_gmt":"2026-04-10T18:52:31","slug":"propulsora-pneumatica-para-oleo-209litros-12021-z-g5","status":"publish","type":"product","link":"https:\/\/bozza.com\/es\/produto\/propulsora-pneumatica-para-oleo-209litros-12021-z-g5\/","title":{"rendered":"PROPULSORA NEUM\u00c1TICA PARA ACEITE 209 LITROS &#8211; 12021-Z-G5"},"content":{"rendered":"<ul>\n<li><span style=\"font-weight: 400;\">Recipiente de Aplicaci\u00f3n: 209L (no incluido)<\/span><\/li>\n<li><span style=\"font-weight: 400;\">Caudal libre:<\/span><span style=\"font-weight: 400;\"> 25 L\/min<\/span><\/li>\n<li><span style=\"font-weight: 400;\">Proporci\u00f3n: 3:1<\/span><\/li>\n<li><span style=\"font-weight: 400;\">Entrada de aire: 1\u20444\u201d Rosca NPT<\/span><\/li>\n<li><span style=\"font-weight: 400;\">Salida del producto: 1\/2\u2033 JIC37<\/span><\/li>\n<li><span style=\"font-weight: 400;\">Presi\u00f3n de Trabajo: 80-100 PSI<\/span><\/li>\n<li><span style=\"font-weight: 400;\">Pres<\/span><span style=\"font-weight: 400;\">i\u00f3n<\/span><span style=\"font-weight: 400;\"> de salida: 240-300 PSI<\/span><\/li>\n<li><span style=\"font-weight: 400;\">Consumo de aire 10,0 pies\u00b3\/min.<\/span><\/li>\n<li><span style=\"font-weight: 400;\">*Viscosidad: hasta SAE 90.<\/span><\/li>\n<li><span style=\"font-weight: 400;\">Presi\u00f3n m\u00e1x. de trabajo 100PSI (6,9 BAR)<\/span><\/li>\n<\/ul>\n","protected":false},"excerpt":{"rendered":"<p><span style=\"font-weight: 400;\">Equipo fijo para aceite lubricante adecuado para clientes que necesitan agilidad y <\/span><span style=\"font-weight: 400;\">eficiencia en el proceso de lubricaci\u00f3n.<\/span> <span style=\"font-weight: 400;\">Recomendado para uso en unidades m\u00f3viles de servicios, centrales fijas <\/span><span style=\"font-weight: 400;\">de lubricaci\u00f3n, estaciones de servicio, empresas de transporte e industrias en general, <\/span><span style=\"font-weight: 400;\">Adaptable a recipientes de 209L.<\/span><\/p>\n","protected":false},"featured_media":58545,"template":"","meta":{"_acf_changed":false},"product_brand":[],"product_cat":[338,1009,327,328],"product_tag":[268,363,330],"class_list":{"0":"post-66627","1":"product","2":"type-product","3":"status-publish","4":"has-post-thumbnail","6":"product_cat-equipamentos-para-comboio-es","7":"product_cat-para-el-petroleo","8":"product_cat-propulsoras-pneumaticas-es","9":"product_cat-todos-os-produtos-es","10":"product_tag-oleo-es","11":"product_tag-pneumatica-es","12":"product_tag-propulsora-es-2","14":"first","15":"instock","16":"shipping-taxable","17":"product-type-simple"},"acf":[],"yoast_head":"<!-- This site is optimized with the Yoast SEO plugin v26.9 - https:\/\/yoast.com\/product\/yoast-seo-wordpress\/ -->\n<title>PROPULSORA NEUM\u00c1TICA PARA ACEITE 209 LITROS - 12021-Z-G5 | Bozza<\/title>\n<meta name=\"description\" content=\"Propulsora Pneum\u00e1tica para \u00d3leo, equipamento fixo para o\u0301leo lubrificante indicado para clientes que necessitam de agilidade e eficie\u0302ncia.\" \/>\n<meta name=\"robots\" content=\"index, follow, max-snippet:-1, max-image-preview:large, max-video-preview:-1\" \/>\n<link rel=\"canonical\" href=\"https:\/\/bozza.com\/es\/produto\/propulsora-pneumatica-para-oleo-209litros-12021-z-g5\/\" \/>\n<meta property=\"og:locale\" content=\"es_ES\" \/>\n<meta property=\"og:type\" content=\"article\" \/>\n<meta property=\"og:title\" content=\"PROPULSORA NEUM\u00c1TICA PARA ACEITE 209 LITROS - 12021-Z-G5 | Bozza\" \/>\n<meta property=\"og:description\" content=\"Propulsora Pneum\u00e1tica para \u00d3leo, equipamento fixo para o\u0301leo lubrificante indicado para clientes que necessitam de agilidade e eficie\u0302ncia.\" \/>\n<meta property=\"og:url\" content=\"https:\/\/bozza.com\/es\/produto\/propulsora-pneumatica-para-oleo-209litros-12021-z-g5\/\" \/>\n<meta property=\"og:site_name\" content=\"Bozza\" \/>\n<meta property=\"article:publisher\" content=\"https:\/\/www.facebook.com\/bozza.oficial\/\" \/>\n<meta property=\"article:modified_time\" content=\"2026-04-10T18:52:31+00:00\" \/>\n<meta property=\"og:image\" content=\"https:\/\/bozza.com\/wp-content\/uploads\/2023\/05\/01.200.0722_12021-Z-G5_PROPULSORA-OLEO.jpg\" \/>\n\t<meta property=\"og:image:width\" content=\"1080\" \/>\n\t<meta property=\"og:image:height\" content=\"1080\" \/>\n\t<meta property=\"og:image:type\" content=\"image\/jpeg\" \/>\n<meta name=\"twitter:card\" content=\"summary_large_image\" \/>\n<meta name=\"twitter:label1\" content=\"Tiempo de lectura\" \/>\n\t<meta name=\"twitter:data1\" content=\"1 minuto\" \/>\n<script type=\"application\/ld+json\" class=\"yoast-schema-graph\">{\"@context\":\"https:\/\/schema.org\",\"@graph\":[{\"@type\":\"WebPage\",\"@id\":\"https:\/\/bozza.com\/es\/produto\/propulsora-pneumatica-para-oleo-209litros-12021-z-g5\/\",\"url\":\"https:\/\/bozza.com\/es\/produto\/propulsora-pneumatica-para-oleo-209litros-12021-z-g5\/\",\"name\":\"PROPULSORA NEUM\u00c1TICA PARA ACEITE 209 LITROS - 12021-Z-G5 | Bozza\",\"isPartOf\":{\"@id\":\"https:\/\/bozza.com\/#website\"},\"primaryImageOfPage\":{\"@id\":\"https:\/\/bozza.com\/es\/produto\/propulsora-pneumatica-para-oleo-209litros-12021-z-g5\/#primaryimage\"},\"image\":{\"@id\":\"https:\/\/bozza.com\/es\/produto\/propulsora-pneumatica-para-oleo-209litros-12021-z-g5\/#primaryimage\"},\"thumbnailUrl\":\"https:\/\/bozza.com\/wp-content\/uploads\/2023\/05\/01.200.0722_12021-Z-G5_PROPULSORA-OLEO.jpg\",\"datePublished\":\"2023-05-10T15:24:29+00:00\",\"dateModified\":\"2026-04-10T18:52:31+00:00\",\"description\":\"Propulsora Pneum\u00e1tica para \u00d3leo, equipamento fixo para o\u0301leo lubrificante indicado para clientes que necessitam de agilidade e eficie\u0302ncia.\",\"breadcrumb\":{\"@id\":\"https:\/\/bozza.com\/es\/produto\/propulsora-pneumatica-para-oleo-209litros-12021-z-g5\/#breadcrumb\"},\"inLanguage\":\"es\",\"potentialAction\":[{\"@type\":\"ReadAction\",\"target\":[\"https:\/\/bozza.com\/es\/produto\/propulsora-pneumatica-para-oleo-209litros-12021-z-g5\/\"]}]},{\"@type\":\"ImageObject\",\"inLanguage\":\"es\",\"@id\":\"https:\/\/bozza.com\/es\/produto\/propulsora-pneumatica-para-oleo-209litros-12021-z-g5\/#primaryimage\",\"url\":\"https:\/\/bozza.com\/wp-content\/uploads\/2023\/05\/01.200.0722_12021-Z-G5_PROPULSORA-OLEO.jpg\",\"contentUrl\":\"https:\/\/bozza.com\/wp-content\/uploads\/2023\/05\/01.200.0722_12021-Z-G5_PROPULSORA-OLEO.jpg\",\"width\":1080,\"height\":1080,\"caption\":\"Propulsora Pneum\u00e1tica para \u00d3leo\"},{\"@type\":\"BreadcrumbList\",\"@id\":\"https:\/\/bozza.com\/es\/produto\/propulsora-pneumatica-para-oleo-209litros-12021-z-g5\/#breadcrumb\",\"itemListElement\":[{\"@type\":\"ListItem\",\"position\":1,\"name\":\"In\u00edcio\",\"item\":\"https:\/\/bozza.com\/\"},{\"@type\":\"ListItem\",\"position\":2,\"name\":\"Produtos\",\"item\":\"https:\/\/bozza.com\/?page_id=70036\"},{\"@type\":\"ListItem\",\"position\":3,\"name\":\"PROPULSORA NEUM\u00c1TICA PARA ACEITE 209 LITROS &#8211; 12021-Z-G5\"}]},{\"@type\":\"WebSite\",\"@id\":\"https:\/\/bozza.com\/#website\",\"url\":\"https:\/\/bozza.com\/\",\"name\":\"Bozza\",\"description\":\"Solu\u00e7\u00f5es em Lubrifica\u00e7\u00e3o\",\"publisher\":{\"@id\":\"https:\/\/bozza.com\/#organization\"},\"potentialAction\":[{\"@type\":\"SearchAction\",\"target\":{\"@type\":\"EntryPoint\",\"urlTemplate\":\"https:\/\/bozza.com\/?s={search_term_string}\"},\"query-input\":{\"@type\":\"PropertyValueSpecification\",\"valueRequired\":true,\"valueName\":\"search_term_string\"}}],\"inLanguage\":\"es\"},{\"@type\":\"Organization\",\"@id\":\"https:\/\/bozza.com\/#organization\",\"name\":\"Bozza\",\"url\":\"https:\/\/bozza.com\/\",\"logo\":{\"@type\":\"ImageObject\",\"inLanguage\":\"es\",\"@id\":\"https:\/\/bozza.com\/#\/schema\/logo\/image\/\",\"url\":\"\",\"contentUrl\":\"\",\"caption\":\"Bozza\"},\"image\":{\"@id\":\"https:\/\/bozza.com\/#\/schema\/logo\/image\/\"},\"sameAs\":[\"https:\/\/www.facebook.com\/bozza.oficial\/\",\"https:\/\/www.instagram.com\/bozzaoficial\/\",\"https:\/\/www.linkedin.com\/company\/bozza\/\",\"https:\/\/www.youtube.com\/channel\/UCQRiHYNpM4VQWF9YxVgSTsw?view_as=subscriber\"]}]}<\/script>\n<!-- \/ Yoast SEO plugin. -->","yoast_head_json":{"title":"PROPULSORA NEUM\u00c1TICA PARA ACEITE 209 LITROS - 12021-Z-G5 | Bozza","description":"Propulsora Pneum\u00e1tica para \u00d3leo, equipamento fixo para o\u0301leo lubrificante indicado para clientes que necessitam de agilidade e eficie\u0302ncia.","robots":{"index":"index","follow":"follow","max-snippet":"max-snippet:-1","max-image-preview":"max-image-preview:large","max-video-preview":"max-video-preview:-1"},"canonical":"https:\/\/bozza.com\/es\/produto\/propulsora-pneumatica-para-oleo-209litros-12021-z-g5\/","og_locale":"es_ES","og_type":"article","og_title":"PROPULSORA NEUM\u00c1TICA PARA ACEITE 209 LITROS - 12021-Z-G5 | Bozza","og_description":"Propulsora Pneum\u00e1tica para \u00d3leo, equipamento fixo para o\u0301leo lubrificante indicado para clientes que necessitam de agilidade e eficie\u0302ncia.","og_url":"https:\/\/bozza.com\/es\/produto\/propulsora-pneumatica-para-oleo-209litros-12021-z-g5\/","og_site_name":"Bozza","article_publisher":"https:\/\/www.facebook.com\/bozza.oficial\/","article_modified_time":"2026-04-10T18:52:31+00:00","og_image":[{"width":1080,"height":1080,"url":"https:\/\/bozza.com\/wp-content\/uploads\/2023\/05\/01.200.0722_12021-Z-G5_PROPULSORA-OLEO.jpg","type":"image\/jpeg"}],"twitter_card":"summary_large_image","twitter_misc":{"Tiempo de lectura":"1 minuto"},"schema":{"@context":"https:\/\/schema.org","@graph":[{"@type":"WebPage","@id":"https:\/\/bozza.com\/es\/produto\/propulsora-pneumatica-para-oleo-209litros-12021-z-g5\/","url":"https:\/\/bozza.com\/es\/produto\/propulsora-pneumatica-para-oleo-209litros-12021-z-g5\/","name":"PROPULSORA NEUM\u00c1TICA PARA ACEITE 209 LITROS - 12021-Z-G5 | Bozza","isPartOf":{"@id":"https:\/\/bozza.com\/#website"},"primaryImageOfPage":{"@id":"https:\/\/bozza.com\/es\/produto\/propulsora-pneumatica-para-oleo-209litros-12021-z-g5\/#primaryimage"},"image":{"@id":"https:\/\/bozza.com\/es\/produto\/propulsora-pneumatica-para-oleo-209litros-12021-z-g5\/#primaryimage"},"thumbnailUrl":"https:\/\/bozza.com\/wp-content\/uploads\/2023\/05\/01.200.0722_12021-Z-G5_PROPULSORA-OLEO.jpg","datePublished":"2023-05-10T15:24:29+00:00","dateModified":"2026-04-10T18:52:31+00:00","description":"Propulsora Pneum\u00e1tica para \u00d3leo, equipamento fixo para o\u0301leo lubrificante indicado para clientes que necessitam de agilidade e eficie\u0302ncia.","breadcrumb":{"@id":"https:\/\/bozza.com\/es\/produto\/propulsora-pneumatica-para-oleo-209litros-12021-z-g5\/#breadcrumb"},"inLanguage":"es","potentialAction":[{"@type":"ReadAction","target":["https:\/\/bozza.com\/es\/produto\/propulsora-pneumatica-para-oleo-209litros-12021-z-g5\/"]}]},{"@type":"ImageObject","inLanguage":"es","@id":"https:\/\/bozza.com\/es\/produto\/propulsora-pneumatica-para-oleo-209litros-12021-z-g5\/#primaryimage","url":"https:\/\/bozza.com\/wp-content\/uploads\/2023\/05\/01.200.0722_12021-Z-G5_PROPULSORA-OLEO.jpg","contentUrl":"https:\/\/bozza.com\/wp-content\/uploads\/2023\/05\/01.200.0722_12021-Z-G5_PROPULSORA-OLEO.jpg","width":1080,"height":1080,"caption":"Propulsora Pneum\u00e1tica para \u00d3leo"},{"@type":"BreadcrumbList","@id":"https:\/\/bozza.com\/es\/produto\/propulsora-pneumatica-para-oleo-209litros-12021-z-g5\/#breadcrumb","itemListElement":[{"@type":"ListItem","position":1,"name":"In\u00edcio","item":"https:\/\/bozza.com\/"},{"@type":"ListItem","position":2,"name":"Produtos","item":"https:\/\/bozza.com\/?page_id=70036"},{"@type":"ListItem","position":3,"name":"PROPULSORA NEUM\u00c1TICA PARA ACEITE 209 LITROS &#8211; 12021-Z-G5"}]},{"@type":"WebSite","@id":"https:\/\/bozza.com\/#website","url":"https:\/\/bozza.com\/","name":"Bozza","description":"Solu\u00e7\u00f5es em Lubrifica\u00e7\u00e3o","publisher":{"@id":"https:\/\/bozza.com\/#organization"},"potentialAction":[{"@type":"SearchAction","target":{"@type":"EntryPoint","urlTemplate":"https:\/\/bozza.com\/?s={search_term_string}"},"query-input":{"@type":"PropertyValueSpecification","valueRequired":true,"valueName":"search_term_string"}}],"inLanguage":"es"},{"@type":"Organization","@id":"https:\/\/bozza.com\/#organization","name":"Bozza","url":"https:\/\/bozza.com\/","logo":{"@type":"ImageObject","inLanguage":"es","@id":"https:\/\/bozza.com\/#\/schema\/logo\/image\/","url":"","contentUrl":"","caption":"Bozza"},"image":{"@id":"https:\/\/bozza.com\/#\/schema\/logo\/image\/"},"sameAs":["https:\/\/www.facebook.com\/bozza.oficial\/","https:\/\/www.instagram.com\/bozzaoficial\/","https:\/\/www.linkedin.com\/company\/bozza\/","https:\/\/www.youtube.com\/channel\/UCQRiHYNpM4VQWF9YxVgSTsw?view_as=subscriber"]}]}},"_links":{"self":[{"href":"https:\/\/bozza.com\/es\/wp-json\/wp\/v2\/product\/66627","targetHints":{"allow":["GET"]}}],"collection":[{"href":"https:\/\/bozza.com\/es\/wp-json\/wp\/v2\/product"}],"about":[{"href":"https:\/\/bozza.com\/es\/wp-json\/wp\/v2\/types\/product"}],"wp:featuredmedia":[{"embeddable":true,"href":"https:\/\/bozza.com\/es\/wp-json\/wp\/v2\/media\/58545"}],"wp:attachment":[{"href":"https:\/\/bozza.com\/es\/wp-json\/wp\/v2\/media?parent=66627"}],"wp:term":[{"taxonomy":"product_brand","embeddable":true,"href":"https:\/\/bozza.com\/es\/wp-json\/wp\/v2\/product_brand?post=66627"},{"taxonomy":"product_cat","embeddable":true,"href":"https:\/\/bozza.com\/es\/wp-json\/wp\/v2\/product_cat?post=66627"},{"taxonomy":"product_tag","embeddable":true,"href":"https:\/\/bozza.com\/es\/wp-json\/wp\/v2\/product_tag?post=66627"}],"curies":[{"name":"wp","href":"https:\/\/api.w.org\/{rel}","templated":true}]}}