{"id":66649,"date":"2023-04-26T14:20:26","date_gmt":"2023-04-26T17:20:26","guid":{"rendered":"https:\/\/www.bozza.com\/produto\/bico-de-limpeza-bl-6\/"},"modified":"2026-04-11T17:17:20","modified_gmt":"2026-04-11T20:17:20","slug":"bico-de-limpeza-bl-6","status":"publish","type":"product","link":"https:\/\/bozza.com\/es\/produto\/bico-de-limpeza-bl-6\/","title":{"rendered":"BOQUILLA DE LIMPIEZA PROFESIONAL \u2013 BL-6"},"content":{"rendered":"<ul>\n<li><span style=\"font-weight: 400;\">Presi\u00f3n M\u00e1x.: 220PSI\/15BAR<\/span><\/li>\n<li><span style=\"font-weight: 400;\">Presi\u00f3n de trabajo: 160PSI\/11BAR<\/span><\/li>\n<li><span style=\"font-weight: 400;\">Entrada de aire 1\/4\u2033 NPT<\/span><\/li>\n<li><span style=\"font-weight: 400;\">Precio mediante<\/span><span style=\"font-weight: 400;\"> consulta.<\/span><\/li>\n<\/ul>\n","protected":false},"excerpt":{"rendered":"<p><span style=\"font-weight: 400;\">Boquilla de limpieza profesional ideal para limpiar y secar veh\u00edculos, maquinaria, herramientas, equipos y objetos diversos mediante chorro de aire comprimido.<\/span><\/p>\n","protected":false},"featured_media":58323,"template":"","meta":{"_acf_changed":false},"product_brand":[],"product_cat":[378,328],"product_tag":[352,381],"class_list":{"0":"post-66649","1":"product","2":"type-product","3":"status-publish","4":"has-post-thumbnail","6":"product_cat-accesorios","7":"product_cat-todos-os-produtos-es","8":"product_tag-ar-es","9":"product_tag-limpeza-es","11":"first","12":"instock","13":"shipping-taxable","14":"product-type-simple"},"acf":[],"yoast_head":"<!-- This site is optimized with the Yoast SEO plugin v26.9 - https:\/\/yoast.com\/product\/yoast-seo-wordpress\/ -->\n<title>BOQUILLA DE LIMPIEZA PROFESIONAL \u2013 BL-6 | Bozza<\/title>\n<meta name=\"robots\" content=\"index, follow, max-snippet:-1, max-image-preview:large, max-video-preview:-1\" \/>\n<link rel=\"canonical\" href=\"https:\/\/bozza.com\/es\/produto\/bico-de-limpeza-bl-6\/\" \/>\n<meta property=\"og:locale\" content=\"es_ES\" \/>\n<meta property=\"og:type\" content=\"article\" \/>\n<meta property=\"og:title\" content=\"BOQUILLA DE LIMPIEZA PROFESIONAL \u2013 BL-6 | Bozza\" \/>\n<meta property=\"og:description\" content=\"Boquilla de limpieza profesional ideal para limpiar y secar veh\u00edculos, maquinaria, herramientas, equipos y objetos diversos mediante chorro de aire comprimido.\" \/>\n<meta property=\"og:url\" content=\"https:\/\/bozza.com\/es\/produto\/bico-de-limpeza-bl-6\/\" \/>\n<meta property=\"og:site_name\" content=\"Bozza\" \/>\n<meta property=\"article:publisher\" content=\"https:\/\/www.facebook.com\/bozza.oficial\/\" \/>\n<meta property=\"article:modified_time\" content=\"2026-04-11T20:17:20+00:00\" \/>\n<meta property=\"og:image\" content=\"https:\/\/bozza.com\/wp-content\/uploads\/2023\/04\/12.420.0077_BL-6_BOZZA.jpg\" \/>\n\t<meta property=\"og:image:width\" content=\"1080\" \/>\n\t<meta property=\"og:image:height\" content=\"1080\" \/>\n\t<meta property=\"og:image:type\" content=\"image\/jpeg\" \/>\n<meta name=\"twitter:card\" content=\"summary_large_image\" \/>\n<meta name=\"twitter:label1\" content=\"Tiempo de lectura\" \/>\n\t<meta name=\"twitter:data1\" content=\"1 minuto\" \/>\n<script type=\"application\/ld+json\" class=\"yoast-schema-graph\">{\"@context\":\"https:\/\/schema.org\",\"@graph\":[{\"@type\":\"WebPage\",\"@id\":\"https:\/\/bozza.com\/es\/produto\/bico-de-limpeza-bl-6\/\",\"url\":\"https:\/\/bozza.com\/es\/produto\/bico-de-limpeza-bl-6\/\",\"name\":\"BOQUILLA DE LIMPIEZA PROFESIONAL \u2013 BL-6 | Bozza\",\"isPartOf\":{\"@id\":\"https:\/\/bozza.com\/#website\"},\"primaryImageOfPage\":{\"@id\":\"https:\/\/bozza.com\/es\/produto\/bico-de-limpeza-bl-6\/#primaryimage\"},\"image\":{\"@id\":\"https:\/\/bozza.com\/es\/produto\/bico-de-limpeza-bl-6\/#primaryimage\"},\"thumbnailUrl\":\"https:\/\/bozza.com\/wp-content\/uploads\/2023\/04\/12.420.0077_BL-6_BOZZA.jpg\",\"datePublished\":\"2023-04-26T17:20:26+00:00\",\"dateModified\":\"2026-04-11T20:17:20+00:00\",\"breadcrumb\":{\"@id\":\"https:\/\/bozza.com\/es\/produto\/bico-de-limpeza-bl-6\/#breadcrumb\"},\"inLanguage\":\"es\",\"potentialAction\":[{\"@type\":\"ReadAction\",\"target\":[\"https:\/\/bozza.com\/es\/produto\/bico-de-limpeza-bl-6\/\"]}]},{\"@type\":\"ImageObject\",\"inLanguage\":\"es\",\"@id\":\"https:\/\/bozza.com\/es\/produto\/bico-de-limpeza-bl-6\/#primaryimage\",\"url\":\"https:\/\/bozza.com\/wp-content\/uploads\/2023\/04\/12.420.0077_BL-6_BOZZA.jpg\",\"contentUrl\":\"https:\/\/bozza.com\/wp-content\/uploads\/2023\/04\/12.420.0077_BL-6_BOZZA.jpg\",\"width\":1080,\"height\":1080},{\"@type\":\"BreadcrumbList\",\"@id\":\"https:\/\/bozza.com\/es\/produto\/bico-de-limpeza-bl-6\/#breadcrumb\",\"itemListElement\":[{\"@type\":\"ListItem\",\"position\":1,\"name\":\"In\u00edcio\",\"item\":\"https:\/\/bozza.com\/\"},{\"@type\":\"ListItem\",\"position\":2,\"name\":\"Produtos\",\"item\":\"https:\/\/bozza.com\/?page_id=70036\"},{\"@type\":\"ListItem\",\"position\":3,\"name\":\"BOQUILLA DE LIMPIEZA PROFESIONAL \u2013 BL-6\"}]},{\"@type\":\"WebSite\",\"@id\":\"https:\/\/bozza.com\/#website\",\"url\":\"https:\/\/bozza.com\/\",\"name\":\"Bozza\",\"description\":\"Solu\u00e7\u00f5es em Lubrifica\u00e7\u00e3o\",\"publisher\":{\"@id\":\"https:\/\/bozza.com\/#organization\"},\"potentialAction\":[{\"@type\":\"SearchAction\",\"target\":{\"@type\":\"EntryPoint\",\"urlTemplate\":\"https:\/\/bozza.com\/?s={search_term_string}\"},\"query-input\":{\"@type\":\"PropertyValueSpecification\",\"valueRequired\":true,\"valueName\":\"search_term_string\"}}],\"inLanguage\":\"es\"},{\"@type\":\"Organization\",\"@id\":\"https:\/\/bozza.com\/#organization\",\"name\":\"Bozza\",\"url\":\"https:\/\/bozza.com\/\",\"logo\":{\"@type\":\"ImageObject\",\"inLanguage\":\"es\",\"@id\":\"https:\/\/bozza.com\/#\/schema\/logo\/image\/\",\"url\":\"\",\"contentUrl\":\"\",\"caption\":\"Bozza\"},\"image\":{\"@id\":\"https:\/\/bozza.com\/#\/schema\/logo\/image\/\"},\"sameAs\":[\"https:\/\/www.facebook.com\/bozza.oficial\/\",\"https:\/\/www.instagram.com\/bozzaoficial\/\",\"https:\/\/www.linkedin.com\/company\/bozza\/\",\"https:\/\/www.youtube.com\/channel\/UCQRiHYNpM4VQWF9YxVgSTsw?view_as=subscriber\"]}]}<\/script>\n<!-- \/ Yoast SEO plugin. -->","yoast_head_json":{"title":"BOQUILLA DE LIMPIEZA PROFESIONAL \u2013 BL-6 | Bozza","robots":{"index":"index","follow":"follow","max-snippet":"max-snippet:-1","max-image-preview":"max-image-preview:large","max-video-preview":"max-video-preview:-1"},"canonical":"https:\/\/bozza.com\/es\/produto\/bico-de-limpeza-bl-6\/","og_locale":"es_ES","og_type":"article","og_title":"BOQUILLA DE LIMPIEZA PROFESIONAL \u2013 BL-6 | Bozza","og_description":"Boquilla de limpieza profesional ideal para limpiar y secar veh\u00edculos, maquinaria, herramientas, equipos y objetos diversos mediante chorro de aire comprimido.","og_url":"https:\/\/bozza.com\/es\/produto\/bico-de-limpeza-bl-6\/","og_site_name":"Bozza","article_publisher":"https:\/\/www.facebook.com\/bozza.oficial\/","article_modified_time":"2026-04-11T20:17:20+00:00","og_image":[{"width":1080,"height":1080,"url":"https:\/\/bozza.com\/wp-content\/uploads\/2023\/04\/12.420.0077_BL-6_BOZZA.jpg","type":"image\/jpeg"}],"twitter_card":"summary_large_image","twitter_misc":{"Tiempo de lectura":"1 minuto"},"schema":{"@context":"https:\/\/schema.org","@graph":[{"@type":"WebPage","@id":"https:\/\/bozza.com\/es\/produto\/bico-de-limpeza-bl-6\/","url":"https:\/\/bozza.com\/es\/produto\/bico-de-limpeza-bl-6\/","name":"BOQUILLA DE LIMPIEZA PROFESIONAL \u2013 BL-6 | Bozza","isPartOf":{"@id":"https:\/\/bozza.com\/#website"},"primaryImageOfPage":{"@id":"https:\/\/bozza.com\/es\/produto\/bico-de-limpeza-bl-6\/#primaryimage"},"image":{"@id":"https:\/\/bozza.com\/es\/produto\/bico-de-limpeza-bl-6\/#primaryimage"},"thumbnailUrl":"https:\/\/bozza.com\/wp-content\/uploads\/2023\/04\/12.420.0077_BL-6_BOZZA.jpg","datePublished":"2023-04-26T17:20:26+00:00","dateModified":"2026-04-11T20:17:20+00:00","breadcrumb":{"@id":"https:\/\/bozza.com\/es\/produto\/bico-de-limpeza-bl-6\/#breadcrumb"},"inLanguage":"es","potentialAction":[{"@type":"ReadAction","target":["https:\/\/bozza.com\/es\/produto\/bico-de-limpeza-bl-6\/"]}]},{"@type":"ImageObject","inLanguage":"es","@id":"https:\/\/bozza.com\/es\/produto\/bico-de-limpeza-bl-6\/#primaryimage","url":"https:\/\/bozza.com\/wp-content\/uploads\/2023\/04\/12.420.0077_BL-6_BOZZA.jpg","contentUrl":"https:\/\/bozza.com\/wp-content\/uploads\/2023\/04\/12.420.0077_BL-6_BOZZA.jpg","width":1080,"height":1080},{"@type":"BreadcrumbList","@id":"https:\/\/bozza.com\/es\/produto\/bico-de-limpeza-bl-6\/#breadcrumb","itemListElement":[{"@type":"ListItem","position":1,"name":"In\u00edcio","item":"https:\/\/bozza.com\/"},{"@type":"ListItem","position":2,"name":"Produtos","item":"https:\/\/bozza.com\/?page_id=70036"},{"@type":"ListItem","position":3,"name":"BOQUILLA DE LIMPIEZA PROFESIONAL \u2013 BL-6"}]},{"@type":"WebSite","@id":"https:\/\/bozza.com\/#website","url":"https:\/\/bozza.com\/","name":"Bozza","description":"Solu\u00e7\u00f5es em Lubrifica\u00e7\u00e3o","publisher":{"@id":"https:\/\/bozza.com\/#organization"},"potentialAction":[{"@type":"SearchAction","target":{"@type":"EntryPoint","urlTemplate":"https:\/\/bozza.com\/?s={search_term_string}"},"query-input":{"@type":"PropertyValueSpecification","valueRequired":true,"valueName":"search_term_string"}}],"inLanguage":"es"},{"@type":"Organization","@id":"https:\/\/bozza.com\/#organization","name":"Bozza","url":"https:\/\/bozza.com\/","logo":{"@type":"ImageObject","inLanguage":"es","@id":"https:\/\/bozza.com\/#\/schema\/logo\/image\/","url":"","contentUrl":"","caption":"Bozza"},"image":{"@id":"https:\/\/bozza.com\/#\/schema\/logo\/image\/"},"sameAs":["https:\/\/www.facebook.com\/bozza.oficial\/","https:\/\/www.instagram.com\/bozzaoficial\/","https:\/\/www.linkedin.com\/company\/bozza\/","https:\/\/www.youtube.com\/channel\/UCQRiHYNpM4VQWF9YxVgSTsw?view_as=subscriber"]}]}},"_links":{"self":[{"href":"https:\/\/bozza.com\/es\/wp-json\/wp\/v2\/product\/66649","targetHints":{"allow":["GET"]}}],"collection":[{"href":"https:\/\/bozza.com\/es\/wp-json\/wp\/v2\/product"}],"about":[{"href":"https:\/\/bozza.com\/es\/wp-json\/wp\/v2\/types\/product"}],"wp:featuredmedia":[{"embeddable":true,"href":"https:\/\/bozza.com\/es\/wp-json\/wp\/v2\/media\/58323"}],"wp:attachment":[{"href":"https:\/\/bozza.com\/es\/wp-json\/wp\/v2\/media?parent=66649"}],"wp:term":[{"taxonomy":"product_brand","embeddable":true,"href":"https:\/\/bozza.com\/es\/wp-json\/wp\/v2\/product_brand?post=66649"},{"taxonomy":"product_cat","embeddable":true,"href":"https:\/\/bozza.com\/es\/wp-json\/wp\/v2\/product_cat?post=66649"},{"taxonomy":"product_tag","embeddable":true,"href":"https:\/\/bozza.com\/es\/wp-json\/wp\/v2\/product_tag?post=66649"}],"curies":[{"name":"wp","href":"https:\/\/api.w.org\/{rel}","templated":true}]}}