{"id":66652,"date":"2023-04-14T09:45:45","date_gmt":"2023-04-14T12:45:45","guid":{"rendered":"https:\/\/www.bozza.com\/produto\/mangueira-combustivel-5725-5\/"},"modified":"2026-04-11T17:17:38","modified_gmt":"2026-04-11T20:17:38","slug":"mangueira-combustivel-5725-5","status":"publish","type":"product","link":"https:\/\/bozza.com\/es\/produto\/mangueira-combustivel-5725-5\/","title":{"rendered":"MANGUERA DE GOMA PARA COMBUSTIBLE 1&#8243; 5725-5"},"content":{"rendered":"<ul>\n<li><span style=\"font-weight: 400;\">Macho Fijo: 1\u2033 NPT (Fijo)<\/span><\/li>\n<li><span style=\"font-weight: 400;\">Macho Giratorio: 1\u2033 NPT (Giratorio)<\/span><\/li>\n<li><span style=\"font-weight: 400;\">Extensi\u00f3n: 5 metros<\/span><\/li>\n<li><span style=\"font-weight: 400;\">Presi\u00f3n de trabajo: 1015 PSI<\/span><\/li>\n<li><span style=\"font-weight: 400;\">Presi\u00f3n<\/span><span style=\"font-weight: 400;\"> de ruptura: 4061 PSI<\/span><\/li>\n<li><span style=\"font-weight: 400;\">Norma: SAE 100 R1 \/ DIN EM 853 1SN<\/span><\/li>\n<\/ul>\n","protected":false},"excerpt":{"rendered":"<p><span style=\"font-weight: 400;\">Recomendada para abastecimiento de peque\u00f1as flotas, maquinaria, equipos agr\u00edcolas, estaciones de servicio. Compatible con combustibles en general como Di\u00e9sel, Etanol, Gasolina, Queroseno, Aceites minerales y solubles, as\u00ed como derivados del petr\u00f3leo.<\/span><\/p>\n","protected":false},"featured_media":58197,"template":"","meta":{"_acf_changed":false},"product_brand":[],"product_cat":[378,345,251,338,1005,1009,328],"product_tag":[175,383,384,386,385,382],"class_list":{"0":"post-66652","1":"product","2":"type-product","3":"status-publish","4":"has-post-thumbnail","6":"product_cat-accesorios","7":"product_cat-carretes-y-mangueras","8":"product_cat-equipamentos-para-postos-de-servicos-es","9":"product_cat-equipamentos-para-comboio-es","10":"product_cat-para-diesel-es","11":"product_cat-para-el-petroleo","12":"product_cat-todos-os-produtos-es","13":"product_tag-abastecimento","14":"product_tag-agro-es","15":"product_tag-comboio-es","16":"product_tag-posto-de-servico-es","17":"product_tag-posto-de-combustivel-es","18":"product_tag-abastecimento-es","20":"first","21":"instock","22":"shipping-taxable","23":"product-type-simple"},"acf":[],"yoast_head":"<!-- This site is optimized with the Yoast SEO plugin v26.9 - https:\/\/yoast.com\/product\/yoast-seo-wordpress\/ -->\n<title>MANGUERA DE GOMA PARA COMBUSTIBLE 1&quot; 5725-5 | Bozza<\/title>\n<meta name=\"robots\" content=\"index, follow, max-snippet:-1, max-image-preview:large, max-video-preview:-1\" \/>\n<link rel=\"canonical\" href=\"https:\/\/bozza.com\/es\/produto\/mangueira-combustivel-5725-5\/\" \/>\n<meta property=\"og:locale\" content=\"es_ES\" \/>\n<meta property=\"og:type\" content=\"article\" \/>\n<meta property=\"og:title\" content=\"MANGUERA DE GOMA PARA COMBUSTIBLE 1&quot; 5725-5 | Bozza\" \/>\n<meta property=\"og:description\" content=\"Recomendada para abastecimiento de peque\u00f1as flotas, maquinaria, equipos agr\u00edcolas, estaciones de servicio. Compatible con combustibles en general como Di\u00e9sel, Etanol, Gasolina, Queroseno, Aceites minerales y solubles, as\u00ed como derivados del petr\u00f3leo.\" \/>\n<meta property=\"og:url\" content=\"https:\/\/bozza.com\/es\/produto\/mangueira-combustivel-5725-5\/\" \/>\n<meta property=\"og:site_name\" content=\"Bozza\" \/>\n<meta property=\"article:publisher\" content=\"https:\/\/www.facebook.com\/bozza.oficial\/\" \/>\n<meta property=\"article:modified_time\" content=\"2026-04-11T20:17:38+00:00\" \/>\n<meta property=\"og:image\" content=\"https:\/\/bozza.com\/wp-content\/uploads\/2023\/04\/02.231.0245_MANGUEIRA-COMBUSTIVEL_1P.jpg\" \/>\n\t<meta property=\"og:image:width\" content=\"1080\" \/>\n\t<meta property=\"og:image:height\" content=\"1080\" \/>\n\t<meta property=\"og:image:type\" content=\"image\/jpeg\" \/>\n<meta name=\"twitter:card\" content=\"summary_large_image\" \/>\n<meta name=\"twitter:label1\" content=\"Tiempo de lectura\" \/>\n\t<meta name=\"twitter:data1\" content=\"1 minuto\" \/>\n<script type=\"application\/ld+json\" class=\"yoast-schema-graph\">{\"@context\":\"https:\/\/schema.org\",\"@graph\":[{\"@type\":\"WebPage\",\"@id\":\"https:\/\/bozza.com\/es\/produto\/mangueira-combustivel-5725-5\/\",\"url\":\"https:\/\/bozza.com\/es\/produto\/mangueira-combustivel-5725-5\/\",\"name\":\"MANGUERA DE GOMA PARA COMBUSTIBLE 1\\\" 5725-5 | Bozza\",\"isPartOf\":{\"@id\":\"https:\/\/bozza.com\/#website\"},\"primaryImageOfPage\":{\"@id\":\"https:\/\/bozza.com\/es\/produto\/mangueira-combustivel-5725-5\/#primaryimage\"},\"image\":{\"@id\":\"https:\/\/bozza.com\/es\/produto\/mangueira-combustivel-5725-5\/#primaryimage\"},\"thumbnailUrl\":\"https:\/\/bozza.com\/wp-content\/uploads\/2023\/04\/02.231.0245_MANGUEIRA-COMBUSTIVEL_1P.jpg\",\"datePublished\":\"2023-04-14T12:45:45+00:00\",\"dateModified\":\"2026-04-11T20:17:38+00:00\",\"breadcrumb\":{\"@id\":\"https:\/\/bozza.com\/es\/produto\/mangueira-combustivel-5725-5\/#breadcrumb\"},\"inLanguage\":\"es\",\"potentialAction\":[{\"@type\":\"ReadAction\",\"target\":[\"https:\/\/bozza.com\/es\/produto\/mangueira-combustivel-5725-5\/\"]}]},{\"@type\":\"ImageObject\",\"inLanguage\":\"es\",\"@id\":\"https:\/\/bozza.com\/es\/produto\/mangueira-combustivel-5725-5\/#primaryimage\",\"url\":\"https:\/\/bozza.com\/wp-content\/uploads\/2023\/04\/02.231.0245_MANGUEIRA-COMBUSTIVEL_1P.jpg\",\"contentUrl\":\"https:\/\/bozza.com\/wp-content\/uploads\/2023\/04\/02.231.0245_MANGUEIRA-COMBUSTIVEL_1P.jpg\",\"width\":1080,\"height\":1080},{\"@type\":\"BreadcrumbList\",\"@id\":\"https:\/\/bozza.com\/es\/produto\/mangueira-combustivel-5725-5\/#breadcrumb\",\"itemListElement\":[{\"@type\":\"ListItem\",\"position\":1,\"name\":\"In\u00edcio\",\"item\":\"https:\/\/bozza.com\/\"},{\"@type\":\"ListItem\",\"position\":2,\"name\":\"Produtos\",\"item\":\"https:\/\/bozza.com\/?page_id=70036\"},{\"@type\":\"ListItem\",\"position\":3,\"name\":\"MANGUERA DE GOMA PARA COMBUSTIBLE 1&#8243; 5725-5\"}]},{\"@type\":\"WebSite\",\"@id\":\"https:\/\/bozza.com\/#website\",\"url\":\"https:\/\/bozza.com\/\",\"name\":\"Bozza\",\"description\":\"Solu\u00e7\u00f5es em Lubrifica\u00e7\u00e3o\",\"publisher\":{\"@id\":\"https:\/\/bozza.com\/#organization\"},\"potentialAction\":[{\"@type\":\"SearchAction\",\"target\":{\"@type\":\"EntryPoint\",\"urlTemplate\":\"https:\/\/bozza.com\/?s={search_term_string}\"},\"query-input\":{\"@type\":\"PropertyValueSpecification\",\"valueRequired\":true,\"valueName\":\"search_term_string\"}}],\"inLanguage\":\"es\"},{\"@type\":\"Organization\",\"@id\":\"https:\/\/bozza.com\/#organization\",\"name\":\"Bozza\",\"url\":\"https:\/\/bozza.com\/\",\"logo\":{\"@type\":\"ImageObject\",\"inLanguage\":\"es\",\"@id\":\"https:\/\/bozza.com\/#\/schema\/logo\/image\/\",\"url\":\"\",\"contentUrl\":\"\",\"caption\":\"Bozza\"},\"image\":{\"@id\":\"https:\/\/bozza.com\/#\/schema\/logo\/image\/\"},\"sameAs\":[\"https:\/\/www.facebook.com\/bozza.oficial\/\",\"https:\/\/www.instagram.com\/bozzaoficial\/\",\"https:\/\/www.linkedin.com\/company\/bozza\/\",\"https:\/\/www.youtube.com\/channel\/UCQRiHYNpM4VQWF9YxVgSTsw?view_as=subscriber\"]}]}<\/script>\n<!-- \/ Yoast SEO plugin. -->","yoast_head_json":{"title":"MANGUERA DE GOMA PARA COMBUSTIBLE 1\" 5725-5 | Bozza","robots":{"index":"index","follow":"follow","max-snippet":"max-snippet:-1","max-image-preview":"max-image-preview:large","max-video-preview":"max-video-preview:-1"},"canonical":"https:\/\/bozza.com\/es\/produto\/mangueira-combustivel-5725-5\/","og_locale":"es_ES","og_type":"article","og_title":"MANGUERA DE GOMA PARA COMBUSTIBLE 1\" 5725-5 | Bozza","og_description":"Recomendada para abastecimiento de peque\u00f1as flotas, maquinaria, equipos agr\u00edcolas, estaciones de servicio. Compatible con combustibles en general como Di\u00e9sel, Etanol, Gasolina, Queroseno, Aceites minerales y solubles, as\u00ed como derivados del petr\u00f3leo.","og_url":"https:\/\/bozza.com\/es\/produto\/mangueira-combustivel-5725-5\/","og_site_name":"Bozza","article_publisher":"https:\/\/www.facebook.com\/bozza.oficial\/","article_modified_time":"2026-04-11T20:17:38+00:00","og_image":[{"width":1080,"height":1080,"url":"https:\/\/bozza.com\/wp-content\/uploads\/2023\/04\/02.231.0245_MANGUEIRA-COMBUSTIVEL_1P.jpg","type":"image\/jpeg"}],"twitter_card":"summary_large_image","twitter_misc":{"Tiempo de lectura":"1 minuto"},"schema":{"@context":"https:\/\/schema.org","@graph":[{"@type":"WebPage","@id":"https:\/\/bozza.com\/es\/produto\/mangueira-combustivel-5725-5\/","url":"https:\/\/bozza.com\/es\/produto\/mangueira-combustivel-5725-5\/","name":"MANGUERA DE GOMA PARA COMBUSTIBLE 1\" 5725-5 | Bozza","isPartOf":{"@id":"https:\/\/bozza.com\/#website"},"primaryImageOfPage":{"@id":"https:\/\/bozza.com\/es\/produto\/mangueira-combustivel-5725-5\/#primaryimage"},"image":{"@id":"https:\/\/bozza.com\/es\/produto\/mangueira-combustivel-5725-5\/#primaryimage"},"thumbnailUrl":"https:\/\/bozza.com\/wp-content\/uploads\/2023\/04\/02.231.0245_MANGUEIRA-COMBUSTIVEL_1P.jpg","datePublished":"2023-04-14T12:45:45+00:00","dateModified":"2026-04-11T20:17:38+00:00","breadcrumb":{"@id":"https:\/\/bozza.com\/es\/produto\/mangueira-combustivel-5725-5\/#breadcrumb"},"inLanguage":"es","potentialAction":[{"@type":"ReadAction","target":["https:\/\/bozza.com\/es\/produto\/mangueira-combustivel-5725-5\/"]}]},{"@type":"ImageObject","inLanguage":"es","@id":"https:\/\/bozza.com\/es\/produto\/mangueira-combustivel-5725-5\/#primaryimage","url":"https:\/\/bozza.com\/wp-content\/uploads\/2023\/04\/02.231.0245_MANGUEIRA-COMBUSTIVEL_1P.jpg","contentUrl":"https:\/\/bozza.com\/wp-content\/uploads\/2023\/04\/02.231.0245_MANGUEIRA-COMBUSTIVEL_1P.jpg","width":1080,"height":1080},{"@type":"BreadcrumbList","@id":"https:\/\/bozza.com\/es\/produto\/mangueira-combustivel-5725-5\/#breadcrumb","itemListElement":[{"@type":"ListItem","position":1,"name":"In\u00edcio","item":"https:\/\/bozza.com\/"},{"@type":"ListItem","position":2,"name":"Produtos","item":"https:\/\/bozza.com\/?page_id=70036"},{"@type":"ListItem","position":3,"name":"MANGUERA DE GOMA PARA COMBUSTIBLE 1&#8243; 5725-5"}]},{"@type":"WebSite","@id":"https:\/\/bozza.com\/#website","url":"https:\/\/bozza.com\/","name":"Bozza","description":"Solu\u00e7\u00f5es em Lubrifica\u00e7\u00e3o","publisher":{"@id":"https:\/\/bozza.com\/#organization"},"potentialAction":[{"@type":"SearchAction","target":{"@type":"EntryPoint","urlTemplate":"https:\/\/bozza.com\/?s={search_term_string}"},"query-input":{"@type":"PropertyValueSpecification","valueRequired":true,"valueName":"search_term_string"}}],"inLanguage":"es"},{"@type":"Organization","@id":"https:\/\/bozza.com\/#organization","name":"Bozza","url":"https:\/\/bozza.com\/","logo":{"@type":"ImageObject","inLanguage":"es","@id":"https:\/\/bozza.com\/#\/schema\/logo\/image\/","url":"","contentUrl":"","caption":"Bozza"},"image":{"@id":"https:\/\/bozza.com\/#\/schema\/logo\/image\/"},"sameAs":["https:\/\/www.facebook.com\/bozza.oficial\/","https:\/\/www.instagram.com\/bozzaoficial\/","https:\/\/www.linkedin.com\/company\/bozza\/","https:\/\/www.youtube.com\/channel\/UCQRiHYNpM4VQWF9YxVgSTsw?view_as=subscriber"]}]}},"_links":{"self":[{"href":"https:\/\/bozza.com\/es\/wp-json\/wp\/v2\/product\/66652","targetHints":{"allow":["GET"]}}],"collection":[{"href":"https:\/\/bozza.com\/es\/wp-json\/wp\/v2\/product"}],"about":[{"href":"https:\/\/bozza.com\/es\/wp-json\/wp\/v2\/types\/product"}],"wp:featuredmedia":[{"embeddable":true,"href":"https:\/\/bozza.com\/es\/wp-json\/wp\/v2\/media\/58197"}],"wp:attachment":[{"href":"https:\/\/bozza.com\/es\/wp-json\/wp\/v2\/media?parent=66652"}],"wp:term":[{"taxonomy":"product_brand","embeddable":true,"href":"https:\/\/bozza.com\/es\/wp-json\/wp\/v2\/product_brand?post=66652"},{"taxonomy":"product_cat","embeddable":true,"href":"https:\/\/bozza.com\/es\/wp-json\/wp\/v2\/product_cat?post=66652"},{"taxonomy":"product_tag","embeddable":true,"href":"https:\/\/bozza.com\/es\/wp-json\/wp\/v2\/product_tag?post=66652"}],"curies":[{"name":"wp","href":"https:\/\/api.w.org\/{rel}","templated":true}]}}