{"id":66667,"date":"2022-09-12T12:01:48","date_gmt":"2022-09-12T15:01:48","guid":{"rendered":"https:\/\/www.bozza.com\/produto\/carretel-retratil-para-diesel-d-15-1\/"},"modified":"2026-04-11T17:19:59","modified_gmt":"2026-04-11T20:19:59","slug":"carretel-retratil-para-diesel-d-15-1-ac","status":"publish","type":"product","link":"https:\/\/bozza.com\/es\/produto\/carretel-retratil-para-diesel-d-15-1-ac\/","title":{"rendered":"CARRETE RETR\u00c1CTIL PARA DI\u00c9SEL 17100RET D15-SV 1\u2033-AC"},"content":{"rendered":"<ul>\n<li><span style=\"font-weight: 400;\">Presi\u00f3n<\/span><span style=\"font-weight: 400;\"> de<\/span><span style=\"font-weight: 400;\"> trabajo 290 PSI \/ 20,0 BAR;<\/span><\/li>\n<li><span style=\"font-weight: 400;\">Entrada del producto 1\u201d Rosca Hembra BSP;<\/span><\/li>\n<li><span style=\"font-weight: 400;\">Salida del producto 1\u201d Rosca Macho BSP;<\/span><\/li>\n<li><span style=\"font-weight: 400;\">Precio mediante consulta<\/span><\/li>\n<\/ul>\n","protected":false},"excerpt":{"rendered":"<p><span style=\"font-weight: 400;\">Carrete retr\u00e1ctil para di\u00e9sel, dispositivo que permite enrollar mangueras de abastecimiento de di\u00e9sel de hasta 15 metros y fijarlas en paredes y bases.<\/span> <span style=\"font-weight: 400;\">Tiene retracci\u00f3n autom\u00e1tica, no requiriendo esfuerzo del operador, evita el desgaste prematuro de la manguera y adem\u00e1s mantiene el <\/span><span style=\"font-weight: 400;\">entorno ordenado. <\/span><span style=\"font-weight: 400;\">Recomendado para concesionarios de autom\u00f3viles y camiones, unidades m\u00f3viles de lubricaci\u00f3n (convoyes) y centrales fijas de lubricaci\u00f3n.<\/span><\/p>\n","protected":false},"featured_media":55723,"template":"","meta":{"_acf_changed":false},"product_brand":[],"product_cat":[345,338,1005,1009,328],"product_tag":[348,151,255,398],"class_list":{"0":"post-66667","1":"product","2":"type-product","3":"status-publish","4":"has-post-thumbnail","6":"product_cat-carretes-y-mangueras","7":"product_cat-equipamentos-para-comboio-es","8":"product_cat-para-diesel-es","9":"product_cat-para-el-petroleo","10":"product_cat-todos-os-produtos-es","11":"product_tag-carretel-es","12":"product_tag-diesel","13":"product_tag-oleo-diesel-es","14":"product_tag-retratil-es","16":"first","17":"instock","18":"shipping-taxable","19":"product-type-simple"},"acf":[],"yoast_head":"<!-- This site is optimized with the Yoast SEO plugin v26.9 - https:\/\/yoast.com\/product\/yoast-seo-wordpress\/ -->\n<title>CARRETE RETR\u00c1CTIL PARA DI\u00c9SEL 17100RET D15-SV 1\u2033-AC | Bozza<\/title>\n<meta name=\"description\" content=\"Carret\u00e9l Retr\u00e1til para diesel | Mangueira de 1&quot; | Ideal para abastecimento de frotas | Abastecimento de Caminh\u00f5es | Clique saiba mais!\" \/>\n<meta name=\"robots\" content=\"index, follow, max-snippet:-1, max-image-preview:large, max-video-preview:-1\" \/>\n<link rel=\"canonical\" href=\"https:\/\/bozza.com\/es\/produto\/carretel-retratil-para-diesel-d-15-1-ac\/\" \/>\n<meta property=\"og:locale\" content=\"es_ES\" \/>\n<meta property=\"og:type\" content=\"article\" \/>\n<meta property=\"og:title\" content=\"CARRETE RETR\u00c1CTIL PARA DI\u00c9SEL 17100RET D15-SV 1\u2033-AC | Bozza\" \/>\n<meta property=\"og:description\" content=\"Carret\u00e9l Retr\u00e1til para diesel | Mangueira de 1&quot; | Ideal para abastecimento de frotas | Abastecimento de Caminh\u00f5es | Clique saiba mais!\" \/>\n<meta property=\"og:url\" content=\"https:\/\/bozza.com\/es\/produto\/carretel-retratil-para-diesel-d-15-1-ac\/\" \/>\n<meta property=\"og:site_name\" content=\"Bozza\" \/>\n<meta property=\"article:publisher\" content=\"https:\/\/www.facebook.com\/bozza.oficial\/\" \/>\n<meta property=\"article:modified_time\" content=\"2026-04-11T20:19:59+00:00\" \/>\n<meta property=\"og:image\" content=\"https:\/\/bozza.com\/wp-content\/uploads\/2022\/09\/carretel-20mts.jpg\" \/>\n\t<meta property=\"og:image:width\" content=\"1080\" \/>\n\t<meta property=\"og:image:height\" content=\"1080\" \/>\n\t<meta property=\"og:image:type\" content=\"image\/jpeg\" \/>\n<meta name=\"twitter:card\" content=\"summary_large_image\" \/>\n<meta name=\"twitter:label1\" content=\"Tiempo de lectura\" \/>\n\t<meta name=\"twitter:data1\" content=\"1 minuto\" \/>\n<script type=\"application\/ld+json\" class=\"yoast-schema-graph\">{\"@context\":\"https:\/\/schema.org\",\"@graph\":[{\"@type\":\"WebPage\",\"@id\":\"https:\/\/bozza.com\/es\/produto\/carretel-retratil-para-diesel-d-15-1-ac\/\",\"url\":\"https:\/\/bozza.com\/es\/produto\/carretel-retratil-para-diesel-d-15-1-ac\/\",\"name\":\"CARRETE RETR\u00c1CTIL PARA DI\u00c9SEL 17100RET D15-SV 1\u2033-AC | Bozza\",\"isPartOf\":{\"@id\":\"https:\/\/bozza.com\/#website\"},\"primaryImageOfPage\":{\"@id\":\"https:\/\/bozza.com\/es\/produto\/carretel-retratil-para-diesel-d-15-1-ac\/#primaryimage\"},\"image\":{\"@id\":\"https:\/\/bozza.com\/es\/produto\/carretel-retratil-para-diesel-d-15-1-ac\/#primaryimage\"},\"thumbnailUrl\":\"https:\/\/bozza.com\/wp-content\/uploads\/2022\/09\/carretel-20mts.jpg\",\"datePublished\":\"2022-09-12T15:01:48+00:00\",\"dateModified\":\"2026-04-11T20:19:59+00:00\",\"description\":\"Carret\u00e9l Retr\u00e1til para diesel | Mangueira de 1\\\" | Ideal para abastecimento de frotas | Abastecimento de Caminh\u00f5es | Clique saiba mais!\",\"breadcrumb\":{\"@id\":\"https:\/\/bozza.com\/es\/produto\/carretel-retratil-para-diesel-d-15-1-ac\/#breadcrumb\"},\"inLanguage\":\"es\",\"potentialAction\":[{\"@type\":\"ReadAction\",\"target\":[\"https:\/\/bozza.com\/es\/produto\/carretel-retratil-para-diesel-d-15-1-ac\/\"]}]},{\"@type\":\"ImageObject\",\"inLanguage\":\"es\",\"@id\":\"https:\/\/bozza.com\/es\/produto\/carretel-retratil-para-diesel-d-15-1-ac\/#primaryimage\",\"url\":\"https:\/\/bozza.com\/wp-content\/uploads\/2022\/09\/carretel-20mts.jpg\",\"contentUrl\":\"https:\/\/bozza.com\/wp-content\/uploads\/2022\/09\/carretel-20mts.jpg\",\"width\":1080,\"height\":1080,\"caption\":\"carretel retr\u00e1til 1700RET-D15\"},{\"@type\":\"BreadcrumbList\",\"@id\":\"https:\/\/bozza.com\/es\/produto\/carretel-retratil-para-diesel-d-15-1-ac\/#breadcrumb\",\"itemListElement\":[{\"@type\":\"ListItem\",\"position\":1,\"name\":\"In\u00edcio\",\"item\":\"https:\/\/bozza.com\/\"},{\"@type\":\"ListItem\",\"position\":2,\"name\":\"Produtos\",\"item\":\"https:\/\/bozza.com\/?page_id=70036\"},{\"@type\":\"ListItem\",\"position\":3,\"name\":\"CARRETE RETR\u00c1CTIL PARA DI\u00c9SEL 17100RET D15-SV 1\u2033-AC\"}]},{\"@type\":\"WebSite\",\"@id\":\"https:\/\/bozza.com\/#website\",\"url\":\"https:\/\/bozza.com\/\",\"name\":\"Bozza\",\"description\":\"Solu\u00e7\u00f5es em Lubrifica\u00e7\u00e3o\",\"publisher\":{\"@id\":\"https:\/\/bozza.com\/#organization\"},\"potentialAction\":[{\"@type\":\"SearchAction\",\"target\":{\"@type\":\"EntryPoint\",\"urlTemplate\":\"https:\/\/bozza.com\/?s={search_term_string}\"},\"query-input\":{\"@type\":\"PropertyValueSpecification\",\"valueRequired\":true,\"valueName\":\"search_term_string\"}}],\"inLanguage\":\"es\"},{\"@type\":\"Organization\",\"@id\":\"https:\/\/bozza.com\/#organization\",\"name\":\"Bozza\",\"url\":\"https:\/\/bozza.com\/\",\"logo\":{\"@type\":\"ImageObject\",\"inLanguage\":\"es\",\"@id\":\"https:\/\/bozza.com\/#\/schema\/logo\/image\/\",\"url\":\"\",\"contentUrl\":\"\",\"caption\":\"Bozza\"},\"image\":{\"@id\":\"https:\/\/bozza.com\/#\/schema\/logo\/image\/\"},\"sameAs\":[\"https:\/\/www.facebook.com\/bozza.oficial\/\",\"https:\/\/www.instagram.com\/bozzaoficial\/\",\"https:\/\/www.linkedin.com\/company\/bozza\/\",\"https:\/\/www.youtube.com\/channel\/UCQRiHYNpM4VQWF9YxVgSTsw?view_as=subscriber\"]}]}<\/script>\n<!-- \/ Yoast SEO plugin. -->","yoast_head_json":{"title":"CARRETE RETR\u00c1CTIL PARA DI\u00c9SEL 17100RET D15-SV 1\u2033-AC | Bozza","description":"Carret\u00e9l Retr\u00e1til para diesel | Mangueira de 1\" | Ideal para abastecimento de frotas | Abastecimento de Caminh\u00f5es | Clique saiba mais!","robots":{"index":"index","follow":"follow","max-snippet":"max-snippet:-1","max-image-preview":"max-image-preview:large","max-video-preview":"max-video-preview:-1"},"canonical":"https:\/\/bozza.com\/es\/produto\/carretel-retratil-para-diesel-d-15-1-ac\/","og_locale":"es_ES","og_type":"article","og_title":"CARRETE RETR\u00c1CTIL PARA DI\u00c9SEL 17100RET D15-SV 1\u2033-AC | Bozza","og_description":"Carret\u00e9l Retr\u00e1til para diesel | Mangueira de 1\" | Ideal para abastecimento de frotas | Abastecimento de Caminh\u00f5es | Clique saiba mais!","og_url":"https:\/\/bozza.com\/es\/produto\/carretel-retratil-para-diesel-d-15-1-ac\/","og_site_name":"Bozza","article_publisher":"https:\/\/www.facebook.com\/bozza.oficial\/","article_modified_time":"2026-04-11T20:19:59+00:00","og_image":[{"width":1080,"height":1080,"url":"https:\/\/bozza.com\/wp-content\/uploads\/2022\/09\/carretel-20mts.jpg","type":"image\/jpeg"}],"twitter_card":"summary_large_image","twitter_misc":{"Tiempo de lectura":"1 minuto"},"schema":{"@context":"https:\/\/schema.org","@graph":[{"@type":"WebPage","@id":"https:\/\/bozza.com\/es\/produto\/carretel-retratil-para-diesel-d-15-1-ac\/","url":"https:\/\/bozza.com\/es\/produto\/carretel-retratil-para-diesel-d-15-1-ac\/","name":"CARRETE RETR\u00c1CTIL PARA DI\u00c9SEL 17100RET D15-SV 1\u2033-AC | Bozza","isPartOf":{"@id":"https:\/\/bozza.com\/#website"},"primaryImageOfPage":{"@id":"https:\/\/bozza.com\/es\/produto\/carretel-retratil-para-diesel-d-15-1-ac\/#primaryimage"},"image":{"@id":"https:\/\/bozza.com\/es\/produto\/carretel-retratil-para-diesel-d-15-1-ac\/#primaryimage"},"thumbnailUrl":"https:\/\/bozza.com\/wp-content\/uploads\/2022\/09\/carretel-20mts.jpg","datePublished":"2022-09-12T15:01:48+00:00","dateModified":"2026-04-11T20:19:59+00:00","description":"Carret\u00e9l Retr\u00e1til para diesel | Mangueira de 1\" | Ideal para abastecimento de frotas | Abastecimento de Caminh\u00f5es | Clique saiba mais!","breadcrumb":{"@id":"https:\/\/bozza.com\/es\/produto\/carretel-retratil-para-diesel-d-15-1-ac\/#breadcrumb"},"inLanguage":"es","potentialAction":[{"@type":"ReadAction","target":["https:\/\/bozza.com\/es\/produto\/carretel-retratil-para-diesel-d-15-1-ac\/"]}]},{"@type":"ImageObject","inLanguage":"es","@id":"https:\/\/bozza.com\/es\/produto\/carretel-retratil-para-diesel-d-15-1-ac\/#primaryimage","url":"https:\/\/bozza.com\/wp-content\/uploads\/2022\/09\/carretel-20mts.jpg","contentUrl":"https:\/\/bozza.com\/wp-content\/uploads\/2022\/09\/carretel-20mts.jpg","width":1080,"height":1080,"caption":"carretel retr\u00e1til 1700RET-D15"},{"@type":"BreadcrumbList","@id":"https:\/\/bozza.com\/es\/produto\/carretel-retratil-para-diesel-d-15-1-ac\/#breadcrumb","itemListElement":[{"@type":"ListItem","position":1,"name":"In\u00edcio","item":"https:\/\/bozza.com\/"},{"@type":"ListItem","position":2,"name":"Produtos","item":"https:\/\/bozza.com\/?page_id=70036"},{"@type":"ListItem","position":3,"name":"CARRETE RETR\u00c1CTIL PARA DI\u00c9SEL 17100RET D15-SV 1\u2033-AC"}]},{"@type":"WebSite","@id":"https:\/\/bozza.com\/#website","url":"https:\/\/bozza.com\/","name":"Bozza","description":"Solu\u00e7\u00f5es em Lubrifica\u00e7\u00e3o","publisher":{"@id":"https:\/\/bozza.com\/#organization"},"potentialAction":[{"@type":"SearchAction","target":{"@type":"EntryPoint","urlTemplate":"https:\/\/bozza.com\/?s={search_term_string}"},"query-input":{"@type":"PropertyValueSpecification","valueRequired":true,"valueName":"search_term_string"}}],"inLanguage":"es"},{"@type":"Organization","@id":"https:\/\/bozza.com\/#organization","name":"Bozza","url":"https:\/\/bozza.com\/","logo":{"@type":"ImageObject","inLanguage":"es","@id":"https:\/\/bozza.com\/#\/schema\/logo\/image\/","url":"","contentUrl":"","caption":"Bozza"},"image":{"@id":"https:\/\/bozza.com\/#\/schema\/logo\/image\/"},"sameAs":["https:\/\/www.facebook.com\/bozza.oficial\/","https:\/\/www.instagram.com\/bozzaoficial\/","https:\/\/www.linkedin.com\/company\/bozza\/","https:\/\/www.youtube.com\/channel\/UCQRiHYNpM4VQWF9YxVgSTsw?view_as=subscriber"]}]}},"_links":{"self":[{"href":"https:\/\/bozza.com\/es\/wp-json\/wp\/v2\/product\/66667","targetHints":{"allow":["GET"]}}],"collection":[{"href":"https:\/\/bozza.com\/es\/wp-json\/wp\/v2\/product"}],"about":[{"href":"https:\/\/bozza.com\/es\/wp-json\/wp\/v2\/types\/product"}],"wp:featuredmedia":[{"embeddable":true,"href":"https:\/\/bozza.com\/es\/wp-json\/wp\/v2\/media\/55723"}],"wp:attachment":[{"href":"https:\/\/bozza.com\/es\/wp-json\/wp\/v2\/media?parent=66667"}],"wp:term":[{"taxonomy":"product_brand","embeddable":true,"href":"https:\/\/bozza.com\/es\/wp-json\/wp\/v2\/product_brand?post=66667"},{"taxonomy":"product_cat","embeddable":true,"href":"https:\/\/bozza.com\/es\/wp-json\/wp\/v2\/product_cat?post=66667"},{"taxonomy":"product_tag","embeddable":true,"href":"https:\/\/bozza.com\/es\/wp-json\/wp\/v2\/product_tag?post=66667"}],"curies":[{"name":"wp","href":"https:\/\/api.w.org\/{rel}","templated":true}]}}