{"id":66679,"date":"2021-05-19T15:59:04","date_gmt":"2021-05-19T18:59:04","guid":{"rendered":"https:\/\/www.bozza.com\/produto\/comando-oleo-extensao-rigida-5021r\/"},"modified":"2026-02-10T04:10:24","modified_gmt":"2026-02-10T07:10:24","slug":"comando-oleo-extensao-rigida-5021r","status":"publish","type":"product","link":"https:\/\/bozza.com\/es\/produto\/comando-oleo-extensao-rigida-5021r\/","title":{"rendered":"CONTROL DE ACEITE 1\/2\u2033 CON EXTENSI\u00d3N R\u00cdGIDA Y BOQUILLA MANUAL 5021-R"},"content":{"rendered":"<ul>\n<li><span style=\"font-weight: 400;\">Caudal<\/span><span style=\"font-weight: 400;\"> m\u00e1ximo 30L\/min<\/span><\/li>\n<li><span style=\"font-weight: 400;\">Caudal<\/span><span style=\"font-weight: 400;\"> M\u00edn. 1L\/min<\/span><\/li>\n<li><span style=\"font-weight: 400;\">Viscosidad M\u00e1x. SAE140<\/span><\/li>\n<li><span style=\"font-weight: 400;\">Presi\u00f3n m\u00e1x. de trabajo 1.000 PSI\/70 BAR<\/span><\/li>\n<li><span style=\"font-weight: 400;\">Temperatura m\u00e1x de trabajo -10\u00b0C a +55\u00b0C<\/span><\/li>\n<li><span style=\"font-weight: 400;\">Rosca hembra de entrada <\/span><span style=\"font-weight: 400;\">manguera <\/span><span style=\"font-weight: 400;\">1\/2\u201d NPT<\/span><\/li>\n<li><span style=\"font-weight: 400;\">Precio mediante consulta\u00a0<\/span><b><br \/>\n<\/b><\/li>\n<\/ul>\n","protected":false},"excerpt":{"rendered":"<p><span style=\"font-weight: 400;\">V\u00e1lvula sin sistema antigoteo para aplicar aceite lubricante directamente en los dep\u00f3sitos de motores y otros equipos, se puede utilizar en todas las bombas neum\u00e1ticas de aceite.<\/span><\/p>\n","protected":false},"featured_media":50270,"template":"","meta":{"_acf_changed":false},"product_brand":[],"product_cat":[266,328],"product_tag":[268,267,269],"class_list":{"0":"post-66679","1":"product","2":"type-product","3":"status-publish","4":"has-post-thumbnail","6":"product_cat-boquillasmedidores-y-valvulas","7":"product_cat-todos-os-produtos-es","8":"product_tag-oleo-es","9":"product_tag-controle-es","10":"product_tag-valvula-es","12":"first","13":"instock","14":"shipping-taxable","15":"product-type-simple"},"acf":[],"yoast_head":"<!-- This site is optimized with the Yoast SEO plugin v26.9 - https:\/\/yoast.com\/product\/yoast-seo-wordpress\/ -->\n<title>CONTROL DE ACEITE 1\/2\u2033 CON EXTENSI\u00d3N R\u00cdGIDA Y BOQUILLA MANUAL 5021-R | Bozza<\/title>\n<meta name=\"robots\" content=\"index, follow, max-snippet:-1, max-image-preview:large, max-video-preview:-1\" \/>\n<link rel=\"canonical\" href=\"https:\/\/bozza.com\/en\/produto\/comando-oleo-extensao-rigida-5021r\/\" \/>\n<meta property=\"og:locale\" content=\"es_ES\" \/>\n<meta property=\"og:type\" content=\"article\" \/>\n<meta property=\"og:title\" content=\"CONTROL DE ACEITE 1\/2\u2033 CON EXTENSI\u00d3N R\u00cdGIDA Y BOQUILLA MANUAL 5021-R | Bozza\" \/>\n<meta property=\"og:description\" content=\"V\u00e1lvula sin sistema antigoteo para aplicar aceite lubricante directamente en los dep\u00f3sitos de motores y otros equipos, se puede utilizar en todas las bombas neum\u00e1ticas de aceite.\" \/>\n<meta property=\"og:url\" content=\"https:\/\/bozza.com\/en\/produto\/comando-oleo-extensao-rigida-5021r\/\" \/>\n<meta property=\"og:site_name\" content=\"Bozza\" \/>\n<meta property=\"article:publisher\" content=\"https:\/\/www.facebook.com\/bozza.oficial\/\" \/>\n<meta property=\"article:modified_time\" content=\"2026-02-10T07:10:24+00:00\" \/>\n<meta property=\"og:image\" content=\"https:\/\/bozza.com\/wp-content\/uploads\/2021\/05\/AnyConv.com__41a6bb3c-e7a7-4ccb-b377-f1a75f693e0f.jpeg\" \/>\n\t<meta property=\"og:image:width\" content=\"510\" \/>\n\t<meta property=\"og:image:height\" content=\"510\" \/>\n\t<meta property=\"og:image:type\" content=\"image\/jpeg\" \/>\n<meta name=\"twitter:card\" content=\"summary_large_image\" \/>\n<meta name=\"twitter:label1\" content=\"Tiempo de lectura\" \/>\n\t<meta name=\"twitter:data1\" content=\"1 minuto\" \/>\n<script type=\"application\/ld+json\" class=\"yoast-schema-graph\">{\"@context\":\"https:\/\/schema.org\",\"@graph\":[{\"@type\":\"WebPage\",\"@id\":\"https:\/\/bozza.com\/en\/produto\/comando-oleo-extensao-rigida-5021r\/\",\"url\":\"https:\/\/bozza.com\/en\/produto\/comando-oleo-extensao-rigida-5021r\/\",\"name\":\"CONTROL DE ACEITE 1\/2\u2033 CON EXTENSI\u00d3N R\u00cdGIDA Y BOQUILLA MANUAL 5021-R | Bozza\",\"isPartOf\":{\"@id\":\"https:\/\/bozza.com\/#website\"},\"primaryImageOfPage\":{\"@id\":\"https:\/\/bozza.com\/en\/produto\/comando-oleo-extensao-rigida-5021r\/#primaryimage\"},\"image\":{\"@id\":\"https:\/\/bozza.com\/en\/produto\/comando-oleo-extensao-rigida-5021r\/#primaryimage\"},\"thumbnailUrl\":\"https:\/\/bozza.com\/wp-content\/uploads\/2021\/05\/AnyConv.com__41a6bb3c-e7a7-4ccb-b377-f1a75f693e0f.jpeg\",\"datePublished\":\"2021-05-19T18:59:04+00:00\",\"dateModified\":\"2026-02-10T07:10:24+00:00\",\"breadcrumb\":{\"@id\":\"https:\/\/bozza.com\/en\/produto\/comando-oleo-extensao-rigida-5021r\/#breadcrumb\"},\"inLanguage\":\"es\",\"potentialAction\":[{\"@type\":\"ReadAction\",\"target\":[\"https:\/\/bozza.com\/en\/produto\/comando-oleo-extensao-rigida-5021r\/\"]}]},{\"@type\":\"ImageObject\",\"inLanguage\":\"es\",\"@id\":\"https:\/\/bozza.com\/en\/produto\/comando-oleo-extensao-rigida-5021r\/#primaryimage\",\"url\":\"https:\/\/bozza.com\/wp-content\/uploads\/2021\/05\/AnyConv.com__41a6bb3c-e7a7-4ccb-b377-f1a75f693e0f.jpeg\",\"contentUrl\":\"https:\/\/bozza.com\/wp-content\/uploads\/2021\/05\/AnyConv.com__41a6bb3c-e7a7-4ccb-b377-f1a75f693e0f.jpeg\",\"width\":510,\"height\":510},{\"@type\":\"BreadcrumbList\",\"@id\":\"https:\/\/bozza.com\/en\/produto\/comando-oleo-extensao-rigida-5021r\/#breadcrumb\",\"itemListElement\":[{\"@type\":\"ListItem\",\"position\":1,\"name\":\"In\u00edcio\",\"item\":\"https:\/\/bozza.com\/\"},{\"@type\":\"ListItem\",\"position\":2,\"name\":\"Produtos\",\"item\":\"https:\/\/bozza.com\/?page_id=70036\"},{\"@type\":\"ListItem\",\"position\":3,\"name\":\"CONTROL DE ACEITE 1\/2\u2033 CON EXTENSI\u00d3N R\u00cdGIDA Y BOQUILLA MANUAL 5021-R\"}]},{\"@type\":\"WebSite\",\"@id\":\"https:\/\/bozza.com\/#website\",\"url\":\"https:\/\/bozza.com\/\",\"name\":\"Bozza\",\"description\":\"Solu\u00e7\u00f5es em Lubrifica\u00e7\u00e3o\",\"publisher\":{\"@id\":\"https:\/\/bozza.com\/#organization\"},\"potentialAction\":[{\"@type\":\"SearchAction\",\"target\":{\"@type\":\"EntryPoint\",\"urlTemplate\":\"https:\/\/bozza.com\/?s={search_term_string}\"},\"query-input\":{\"@type\":\"PropertyValueSpecification\",\"valueRequired\":true,\"valueName\":\"search_term_string\"}}],\"inLanguage\":\"es\"},{\"@type\":\"Organization\",\"@id\":\"https:\/\/bozza.com\/#organization\",\"name\":\"Bozza\",\"url\":\"https:\/\/bozza.com\/\",\"logo\":{\"@type\":\"ImageObject\",\"inLanguage\":\"es\",\"@id\":\"https:\/\/bozza.com\/#\/schema\/logo\/image\/\",\"url\":\"\",\"contentUrl\":\"\",\"caption\":\"Bozza\"},\"image\":{\"@id\":\"https:\/\/bozza.com\/#\/schema\/logo\/image\/\"},\"sameAs\":[\"https:\/\/www.facebook.com\/bozza.oficial\/\",\"https:\/\/www.instagram.com\/bozzaoficial\/\",\"https:\/\/www.linkedin.com\/company\/bozza\/\",\"https:\/\/www.youtube.com\/channel\/UCQRiHYNpM4VQWF9YxVgSTsw?view_as=subscriber\"]}]}<\/script>\n<!-- \/ Yoast SEO plugin. -->","yoast_head_json":{"title":"CONTROL DE ACEITE 1\/2\u2033 CON EXTENSI\u00d3N R\u00cdGIDA Y BOQUILLA MANUAL 5021-R | Bozza","robots":{"index":"index","follow":"follow","max-snippet":"max-snippet:-1","max-image-preview":"max-image-preview:large","max-video-preview":"max-video-preview:-1"},"canonical":"https:\/\/bozza.com\/en\/produto\/comando-oleo-extensao-rigida-5021r\/","og_locale":"es_ES","og_type":"article","og_title":"CONTROL DE ACEITE 1\/2\u2033 CON EXTENSI\u00d3N R\u00cdGIDA Y BOQUILLA MANUAL 5021-R | Bozza","og_description":"V\u00e1lvula sin sistema antigoteo para aplicar aceite lubricante directamente en los dep\u00f3sitos de motores y otros equipos, se puede utilizar en todas las bombas neum\u00e1ticas de aceite.","og_url":"https:\/\/bozza.com\/en\/produto\/comando-oleo-extensao-rigida-5021r\/","og_site_name":"Bozza","article_publisher":"https:\/\/www.facebook.com\/bozza.oficial\/","article_modified_time":"2026-02-10T07:10:24+00:00","og_image":[{"width":510,"height":510,"url":"https:\/\/bozza.com\/wp-content\/uploads\/2021\/05\/AnyConv.com__41a6bb3c-e7a7-4ccb-b377-f1a75f693e0f.jpeg","type":"image\/jpeg"}],"twitter_card":"summary_large_image","twitter_misc":{"Tiempo de lectura":"1 minuto"},"schema":{"@context":"https:\/\/schema.org","@graph":[{"@type":"WebPage","@id":"https:\/\/bozza.com\/en\/produto\/comando-oleo-extensao-rigida-5021r\/","url":"https:\/\/bozza.com\/en\/produto\/comando-oleo-extensao-rigida-5021r\/","name":"CONTROL DE ACEITE 1\/2\u2033 CON EXTENSI\u00d3N R\u00cdGIDA Y BOQUILLA MANUAL 5021-R | Bozza","isPartOf":{"@id":"https:\/\/bozza.com\/#website"},"primaryImageOfPage":{"@id":"https:\/\/bozza.com\/en\/produto\/comando-oleo-extensao-rigida-5021r\/#primaryimage"},"image":{"@id":"https:\/\/bozza.com\/en\/produto\/comando-oleo-extensao-rigida-5021r\/#primaryimage"},"thumbnailUrl":"https:\/\/bozza.com\/wp-content\/uploads\/2021\/05\/AnyConv.com__41a6bb3c-e7a7-4ccb-b377-f1a75f693e0f.jpeg","datePublished":"2021-05-19T18:59:04+00:00","dateModified":"2026-02-10T07:10:24+00:00","breadcrumb":{"@id":"https:\/\/bozza.com\/en\/produto\/comando-oleo-extensao-rigida-5021r\/#breadcrumb"},"inLanguage":"es","potentialAction":[{"@type":"ReadAction","target":["https:\/\/bozza.com\/en\/produto\/comando-oleo-extensao-rigida-5021r\/"]}]},{"@type":"ImageObject","inLanguage":"es","@id":"https:\/\/bozza.com\/en\/produto\/comando-oleo-extensao-rigida-5021r\/#primaryimage","url":"https:\/\/bozza.com\/wp-content\/uploads\/2021\/05\/AnyConv.com__41a6bb3c-e7a7-4ccb-b377-f1a75f693e0f.jpeg","contentUrl":"https:\/\/bozza.com\/wp-content\/uploads\/2021\/05\/AnyConv.com__41a6bb3c-e7a7-4ccb-b377-f1a75f693e0f.jpeg","width":510,"height":510},{"@type":"BreadcrumbList","@id":"https:\/\/bozza.com\/en\/produto\/comando-oleo-extensao-rigida-5021r\/#breadcrumb","itemListElement":[{"@type":"ListItem","position":1,"name":"In\u00edcio","item":"https:\/\/bozza.com\/"},{"@type":"ListItem","position":2,"name":"Produtos","item":"https:\/\/bozza.com\/?page_id=70036"},{"@type":"ListItem","position":3,"name":"CONTROL DE ACEITE 1\/2\u2033 CON EXTENSI\u00d3N R\u00cdGIDA Y BOQUILLA MANUAL 5021-R"}]},{"@type":"WebSite","@id":"https:\/\/bozza.com\/#website","url":"https:\/\/bozza.com\/","name":"Bozza","description":"Solu\u00e7\u00f5es em Lubrifica\u00e7\u00e3o","publisher":{"@id":"https:\/\/bozza.com\/#organization"},"potentialAction":[{"@type":"SearchAction","target":{"@type":"EntryPoint","urlTemplate":"https:\/\/bozza.com\/?s={search_term_string}"},"query-input":{"@type":"PropertyValueSpecification","valueRequired":true,"valueName":"search_term_string"}}],"inLanguage":"es"},{"@type":"Organization","@id":"https:\/\/bozza.com\/#organization","name":"Bozza","url":"https:\/\/bozza.com\/","logo":{"@type":"ImageObject","inLanguage":"es","@id":"https:\/\/bozza.com\/#\/schema\/logo\/image\/","url":"","contentUrl":"","caption":"Bozza"},"image":{"@id":"https:\/\/bozza.com\/#\/schema\/logo\/image\/"},"sameAs":["https:\/\/www.facebook.com\/bozza.oficial\/","https:\/\/www.instagram.com\/bozzaoficial\/","https:\/\/www.linkedin.com\/company\/bozza\/","https:\/\/www.youtube.com\/channel\/UCQRiHYNpM4VQWF9YxVgSTsw?view_as=subscriber"]}]}},"_links":{"self":[{"href":"https:\/\/bozza.com\/es\/wp-json\/wp\/v2\/product\/66679","targetHints":{"allow":["GET"]}}],"collection":[{"href":"https:\/\/bozza.com\/es\/wp-json\/wp\/v2\/product"}],"about":[{"href":"https:\/\/bozza.com\/es\/wp-json\/wp\/v2\/types\/product"}],"wp:featuredmedia":[{"embeddable":true,"href":"https:\/\/bozza.com\/es\/wp-json\/wp\/v2\/media\/50270"}],"wp:attachment":[{"href":"https:\/\/bozza.com\/es\/wp-json\/wp\/v2\/media?parent=66679"}],"wp:term":[{"taxonomy":"product_brand","embeddable":true,"href":"https:\/\/bozza.com\/es\/wp-json\/wp\/v2\/product_brand?post=66679"},{"taxonomy":"product_cat","embeddable":true,"href":"https:\/\/bozza.com\/es\/wp-json\/wp\/v2\/product_cat?post=66679"},{"taxonomy":"product_tag","embeddable":true,"href":"https:\/\/bozza.com\/es\/wp-json\/wp\/v2\/product_tag?post=66679"}],"curies":[{"name":"wp","href":"https:\/\/api.w.org\/{rel}","templated":true}]}}