{"id":66684,"date":"2020-10-29T15:14:48","date_gmt":"2020-10-29T18:14:48","guid":{"rendered":"https:\/\/www.bozza.com\/produto\/kit-para-reservatorio-de-diesel-kit-reab1000\/"},"modified":"2026-02-10T04:13:34","modified_gmt":"2026-02-10T07:13:34","slug":"kit-para-reservatorio-de-diesel-kit-reab1000","status":"publish","type":"product","link":"https:\/\/bozza.com\/es\/produto\/kit-para-reservatorio-de-diesel-kit-reab1000\/","title":{"rendered":"KIT PARA DEP\u00d3SITO DE DI\u00c9SEL KIT-REAB1000"},"content":{"rendered":"<ul>\n<li><span style=\"font-weight: 400;\">Caudal<\/span> <span style=\"font-weight: 400;\">libre 90 L\/min<\/span><\/li>\n<li><span style=\"font-weight: 400;\">Proporci\u00f3n 1: 1<\/span><\/li>\n<li><span style=\"font-weight: 400;\">Presi\u00f3n <\/span><span style=\"font-weight: 400;\">m\u00e1x. trabajo 115 PSI \/ 7,9 BAR<\/span><\/li>\n<li><span style=\"font-weight: 400;\">Precio mediante consulta<\/span><\/li>\n<\/ul>\n<p><span style=\"font-weight: 400;\">Obs.: <\/span><span style=\"font-weight: 400;\">Este producto tambi\u00e9n est\u00e1 disponible en versi\u00f3n el\u00e9ctrica de 12V\/24V (Seg\u00fan imagen).<\/span><\/p>\n","protected":false},"excerpt":{"rendered":"<p><span style=\"font-weight: 400;\">Equipo fijo para uso en dep\u00f3sitos de di\u00e9sel IBC-1000L, con sistema de bombeo de doble diafragma, man\u00f3metro, mangueras y conexiones, ideal para clientes con consumos elevados.<\/span> <span style=\"font-weight: 400;\">Adecuado para miner\u00eda, siderurgia, empresas de autobuses, transportistas y otras industrias.<\/span><\/p>\n","protected":false},"featured_media":48044,"template":"","meta":{"_acf_changed":false},"product_brand":[],"product_cat":[335,328,280],"product_tag":[337,407],"class_list":{"0":"post-66684","1":"product","2":"type-product","3":"status-publish","4":"has-post-thumbnail","6":"product_cat-linha-industrial-es","7":"product_cat-todos-os-produtos-es","8":"product_cat-todos-os-produtos","9":"product_tag-reservatorio-es","10":"product_tag-kit-es","12":"first","13":"instock","14":"shipping-taxable","15":"product-type-simple"},"acf":[],"yoast_head":"<!-- This site is optimized with the Yoast SEO plugin v26.9 - https:\/\/yoast.com\/product\/yoast-seo-wordpress\/ -->\n<title>KIT PARA DEP\u00d3SITO DE DI\u00c9SEL KIT-REAB1000 | Bozza<\/title>\n<meta name=\"robots\" content=\"index, follow, max-snippet:-1, max-image-preview:large, max-video-preview:-1\" \/>\n<link rel=\"canonical\" href=\"https:\/\/bozza.com\/en\/produto\/kit-para-reservatorio-de-diesel-kit-reab1000\/\" \/>\n<meta property=\"og:locale\" content=\"es_ES\" \/>\n<meta property=\"og:type\" content=\"article\" \/>\n<meta property=\"og:title\" content=\"KIT PARA DEP\u00d3SITO DE DI\u00c9SEL KIT-REAB1000 | Bozza\" \/>\n<meta property=\"og:description\" content=\"Equipo fijo para uso en dep\u00f3sitos de di\u00e9sel IBC-1000L, con sistema de bombeo de doble diafragma, man\u00f3metro, mangueras y conexiones, ideal para clientes con consumos elevados. Adecuado para miner\u00eda, siderurgia, empresas de autobuses, transportistas y otras industrias.\" \/>\n<meta property=\"og:url\" content=\"https:\/\/bozza.com\/en\/produto\/kit-para-reservatorio-de-diesel-kit-reab1000\/\" \/>\n<meta property=\"og:site_name\" content=\"Bozza\" \/>\n<meta property=\"article:publisher\" content=\"https:\/\/www.facebook.com\/bozza.oficial\/\" \/>\n<meta property=\"article:modified_time\" content=\"2026-02-10T07:13:34+00:00\" \/>\n<meta property=\"og:image\" content=\"https:\/\/bozza.com\/wp-content\/uploads\/2020\/10\/KIT-REAB-1000-jpeg-2-scaled.jpg\" \/>\n\t<meta property=\"og:image:width\" content=\"2560\" \/>\n\t<meta property=\"og:image:height\" content=\"2560\" \/>\n\t<meta property=\"og:image:type\" content=\"image\/jpeg\" \/>\n<meta name=\"twitter:card\" content=\"summary_large_image\" \/>\n<meta name=\"twitter:label1\" content=\"Tiempo de lectura\" \/>\n\t<meta name=\"twitter:data1\" content=\"1 minuto\" \/>\n<script type=\"application\/ld+json\" class=\"yoast-schema-graph\">{\"@context\":\"https:\/\/schema.org\",\"@graph\":[{\"@type\":\"WebPage\",\"@id\":\"https:\/\/bozza.com\/en\/produto\/kit-para-reservatorio-de-diesel-kit-reab1000\/\",\"url\":\"https:\/\/bozza.com\/en\/produto\/kit-para-reservatorio-de-diesel-kit-reab1000\/\",\"name\":\"KIT PARA DEP\u00d3SITO DE DI\u00c9SEL KIT-REAB1000 | Bozza\",\"isPartOf\":{\"@id\":\"https:\/\/bozza.com\/#website\"},\"primaryImageOfPage\":{\"@id\":\"https:\/\/bozza.com\/en\/produto\/kit-para-reservatorio-de-diesel-kit-reab1000\/#primaryimage\"},\"image\":{\"@id\":\"https:\/\/bozza.com\/en\/produto\/kit-para-reservatorio-de-diesel-kit-reab1000\/#primaryimage\"},\"thumbnailUrl\":\"https:\/\/bozza.com\/wp-content\/uploads\/2020\/10\/KIT-REAB-1000-jpeg-2-scaled.jpg\",\"datePublished\":\"2020-10-29T18:14:48+00:00\",\"dateModified\":\"2026-02-10T07:13:34+00:00\",\"breadcrumb\":{\"@id\":\"https:\/\/bozza.com\/en\/produto\/kit-para-reservatorio-de-diesel-kit-reab1000\/#breadcrumb\"},\"inLanguage\":\"es\",\"potentialAction\":[{\"@type\":\"ReadAction\",\"target\":[\"https:\/\/bozza.com\/en\/produto\/kit-para-reservatorio-de-diesel-kit-reab1000\/\"]}]},{\"@type\":\"ImageObject\",\"inLanguage\":\"es\",\"@id\":\"https:\/\/bozza.com\/en\/produto\/kit-para-reservatorio-de-diesel-kit-reab1000\/#primaryimage\",\"url\":\"https:\/\/bozza.com\/wp-content\/uploads\/2020\/10\/KIT-REAB-1000-jpeg-2-scaled.jpg\",\"contentUrl\":\"https:\/\/bozza.com\/wp-content\/uploads\/2020\/10\/KIT-REAB-1000-jpeg-2-scaled.jpg\",\"width\":2560,\"height\":2560},{\"@type\":\"BreadcrumbList\",\"@id\":\"https:\/\/bozza.com\/en\/produto\/kit-para-reservatorio-de-diesel-kit-reab1000\/#breadcrumb\",\"itemListElement\":[{\"@type\":\"ListItem\",\"position\":1,\"name\":\"In\u00edcio\",\"item\":\"https:\/\/bozza.com\/\"},{\"@type\":\"ListItem\",\"position\":2,\"name\":\"Produtos\",\"item\":\"https:\/\/bozza.com\/?page_id=70036\"},{\"@type\":\"ListItem\",\"position\":3,\"name\":\"KIT PARA DEP\u00d3SITO DE DI\u00c9SEL KIT-REAB1000\"}]},{\"@type\":\"WebSite\",\"@id\":\"https:\/\/bozza.com\/#website\",\"url\":\"https:\/\/bozza.com\/\",\"name\":\"Bozza\",\"description\":\"Solu\u00e7\u00f5es em Lubrifica\u00e7\u00e3o\",\"publisher\":{\"@id\":\"https:\/\/bozza.com\/#organization\"},\"potentialAction\":[{\"@type\":\"SearchAction\",\"target\":{\"@type\":\"EntryPoint\",\"urlTemplate\":\"https:\/\/bozza.com\/?s={search_term_string}\"},\"query-input\":{\"@type\":\"PropertyValueSpecification\",\"valueRequired\":true,\"valueName\":\"search_term_string\"}}],\"inLanguage\":\"es\"},{\"@type\":\"Organization\",\"@id\":\"https:\/\/bozza.com\/#organization\",\"name\":\"Bozza\",\"url\":\"https:\/\/bozza.com\/\",\"logo\":{\"@type\":\"ImageObject\",\"inLanguage\":\"es\",\"@id\":\"https:\/\/bozza.com\/#\/schema\/logo\/image\/\",\"url\":\"\",\"contentUrl\":\"\",\"caption\":\"Bozza\"},\"image\":{\"@id\":\"https:\/\/bozza.com\/#\/schema\/logo\/image\/\"},\"sameAs\":[\"https:\/\/www.facebook.com\/bozza.oficial\/\",\"https:\/\/www.instagram.com\/bozzaoficial\/\",\"https:\/\/www.linkedin.com\/company\/bozza\/\",\"https:\/\/www.youtube.com\/channel\/UCQRiHYNpM4VQWF9YxVgSTsw?view_as=subscriber\"]}]}<\/script>\n<!-- \/ Yoast SEO plugin. -->","yoast_head_json":{"title":"KIT PARA DEP\u00d3SITO DE DI\u00c9SEL KIT-REAB1000 | Bozza","robots":{"index":"index","follow":"follow","max-snippet":"max-snippet:-1","max-image-preview":"max-image-preview:large","max-video-preview":"max-video-preview:-1"},"canonical":"https:\/\/bozza.com\/en\/produto\/kit-para-reservatorio-de-diesel-kit-reab1000\/","og_locale":"es_ES","og_type":"article","og_title":"KIT PARA DEP\u00d3SITO DE DI\u00c9SEL KIT-REAB1000 | Bozza","og_description":"Equipo fijo para uso en dep\u00f3sitos de di\u00e9sel IBC-1000L, con sistema de bombeo de doble diafragma, man\u00f3metro, mangueras y conexiones, ideal para clientes con consumos elevados. Adecuado para miner\u00eda, siderurgia, empresas de autobuses, transportistas y otras industrias.","og_url":"https:\/\/bozza.com\/en\/produto\/kit-para-reservatorio-de-diesel-kit-reab1000\/","og_site_name":"Bozza","article_publisher":"https:\/\/www.facebook.com\/bozza.oficial\/","article_modified_time":"2026-02-10T07:13:34+00:00","og_image":[{"width":2560,"height":2560,"url":"https:\/\/bozza.com\/wp-content\/uploads\/2020\/10\/KIT-REAB-1000-jpeg-2-scaled.jpg","type":"image\/jpeg"}],"twitter_card":"summary_large_image","twitter_misc":{"Tiempo de lectura":"1 minuto"},"schema":{"@context":"https:\/\/schema.org","@graph":[{"@type":"WebPage","@id":"https:\/\/bozza.com\/en\/produto\/kit-para-reservatorio-de-diesel-kit-reab1000\/","url":"https:\/\/bozza.com\/en\/produto\/kit-para-reservatorio-de-diesel-kit-reab1000\/","name":"KIT PARA DEP\u00d3SITO DE DI\u00c9SEL KIT-REAB1000 | Bozza","isPartOf":{"@id":"https:\/\/bozza.com\/#website"},"primaryImageOfPage":{"@id":"https:\/\/bozza.com\/en\/produto\/kit-para-reservatorio-de-diesel-kit-reab1000\/#primaryimage"},"image":{"@id":"https:\/\/bozza.com\/en\/produto\/kit-para-reservatorio-de-diesel-kit-reab1000\/#primaryimage"},"thumbnailUrl":"https:\/\/bozza.com\/wp-content\/uploads\/2020\/10\/KIT-REAB-1000-jpeg-2-scaled.jpg","datePublished":"2020-10-29T18:14:48+00:00","dateModified":"2026-02-10T07:13:34+00:00","breadcrumb":{"@id":"https:\/\/bozza.com\/en\/produto\/kit-para-reservatorio-de-diesel-kit-reab1000\/#breadcrumb"},"inLanguage":"es","potentialAction":[{"@type":"ReadAction","target":["https:\/\/bozza.com\/en\/produto\/kit-para-reservatorio-de-diesel-kit-reab1000\/"]}]},{"@type":"ImageObject","inLanguage":"es","@id":"https:\/\/bozza.com\/en\/produto\/kit-para-reservatorio-de-diesel-kit-reab1000\/#primaryimage","url":"https:\/\/bozza.com\/wp-content\/uploads\/2020\/10\/KIT-REAB-1000-jpeg-2-scaled.jpg","contentUrl":"https:\/\/bozza.com\/wp-content\/uploads\/2020\/10\/KIT-REAB-1000-jpeg-2-scaled.jpg","width":2560,"height":2560},{"@type":"BreadcrumbList","@id":"https:\/\/bozza.com\/en\/produto\/kit-para-reservatorio-de-diesel-kit-reab1000\/#breadcrumb","itemListElement":[{"@type":"ListItem","position":1,"name":"In\u00edcio","item":"https:\/\/bozza.com\/"},{"@type":"ListItem","position":2,"name":"Produtos","item":"https:\/\/bozza.com\/?page_id=70036"},{"@type":"ListItem","position":3,"name":"KIT PARA DEP\u00d3SITO DE DI\u00c9SEL KIT-REAB1000"}]},{"@type":"WebSite","@id":"https:\/\/bozza.com\/#website","url":"https:\/\/bozza.com\/","name":"Bozza","description":"Solu\u00e7\u00f5es em Lubrifica\u00e7\u00e3o","publisher":{"@id":"https:\/\/bozza.com\/#organization"},"potentialAction":[{"@type":"SearchAction","target":{"@type":"EntryPoint","urlTemplate":"https:\/\/bozza.com\/?s={search_term_string}"},"query-input":{"@type":"PropertyValueSpecification","valueRequired":true,"valueName":"search_term_string"}}],"inLanguage":"es"},{"@type":"Organization","@id":"https:\/\/bozza.com\/#organization","name":"Bozza","url":"https:\/\/bozza.com\/","logo":{"@type":"ImageObject","inLanguage":"es","@id":"https:\/\/bozza.com\/#\/schema\/logo\/image\/","url":"","contentUrl":"","caption":"Bozza"},"image":{"@id":"https:\/\/bozza.com\/#\/schema\/logo\/image\/"},"sameAs":["https:\/\/www.facebook.com\/bozza.oficial\/","https:\/\/www.instagram.com\/bozzaoficial\/","https:\/\/www.linkedin.com\/company\/bozza\/","https:\/\/www.youtube.com\/channel\/UCQRiHYNpM4VQWF9YxVgSTsw?view_as=subscriber"]}]}},"_links":{"self":[{"href":"https:\/\/bozza.com\/es\/wp-json\/wp\/v2\/product\/66684","targetHints":{"allow":["GET"]}}],"collection":[{"href":"https:\/\/bozza.com\/es\/wp-json\/wp\/v2\/product"}],"about":[{"href":"https:\/\/bozza.com\/es\/wp-json\/wp\/v2\/types\/product"}],"wp:featuredmedia":[{"embeddable":true,"href":"https:\/\/bozza.com\/es\/wp-json\/wp\/v2\/media\/48044"}],"wp:attachment":[{"href":"https:\/\/bozza.com\/es\/wp-json\/wp\/v2\/media?parent=66684"}],"wp:term":[{"taxonomy":"product_brand","embeddable":true,"href":"https:\/\/bozza.com\/es\/wp-json\/wp\/v2\/product_brand?post=66684"},{"taxonomy":"product_cat","embeddable":true,"href":"https:\/\/bozza.com\/es\/wp-json\/wp\/v2\/product_cat?post=66684"},{"taxonomy":"product_tag","embeddable":true,"href":"https:\/\/bozza.com\/es\/wp-json\/wp\/v2\/product_tag?post=66684"}],"curies":[{"name":"wp","href":"https:\/\/api.w.org\/{rel}","templated":true}]}}