{"id":66688,"date":"2020-10-16T13:47:11","date_gmt":"2020-10-16T16:47:11","guid":{"rendered":"https:\/\/www.bozza.com\/produto\/propulsora-pneumatica-14800-max-g4\/"},"modified":"2026-02-10T04:16:45","modified_gmt":"2026-02-10T07:16:45","slug":"propulsora-pneumatica-14800-max-g4","status":"publish","type":"product","link":"https:\/\/bozza.com\/es\/produto\/propulsora-pneumatica-14800-max-g4\/","title":{"rendered":"PROPULSORA NEUM\u00c1TICA PARA GRASA 14800-MAX-G4"},"content":{"rendered":"<ul>\n<li><span style=\"font-weight: 400;\">Precio mediante consulta <\/span><span style=\"font-weight: 400;\">Presi\u00f3n m\u00e1x. de trabajo 100PSI (6,9 BAR)<\/span><\/li>\n<\/ul>\n","protected":false},"excerpt":{"rendered":"<p><span style=\"font-weight: 400;\">Equipo fijo para grasa, adecuado para clientes que necesitan agilidad y eficiencia en el proceso de lubricaci\u00f3n.<\/span> <span style=\"font-weight: 400;\">Recomendado para empresas de la industria de miner\u00eda, siderurgia y sistemas centralizados de lubricaci\u00f3n que necesiten equipos robustos, de gran caudal o alta presi\u00f3n. Puede trabajar con hasta 10 salidas simult\u00e1neas de grasa y es ideal para lubricar rodamientos, engranajes, cojinetes, reductores, rodillos, cadenas, molinos, reductores, tornos, telares, prensas, motores, engranajes en general, as\u00ed como sistemas centralizados de lubricaci\u00f3n.<\/span><\/p>\n","protected":false},"featured_media":22785,"template":"","meta":{"_acf_changed":false},"product_brand":[],"product_cat":[1007,327,328],"product_tag":[409,361,336,372],"class_list":{"0":"post-66688","1":"product","2":"type-product","3":"status-publish","4":"has-post-thumbnail","6":"product_cat-para-grasa","7":"product_cat-propulsoras-pneumaticas-es","8":"product_cat-todos-os-produtos-es","9":"product_tag-alta-vazao-es","10":"product_tag-industrial-es","11":"product_tag-mineracao-es","12":"product_tag-propulsora-pneumatica-es","14":"first","15":"instock","16":"shipping-taxable","17":"product-type-simple"},"acf":[],"yoast_head":"<!-- This site is optimized with the Yoast SEO plugin v26.9 - https:\/\/yoast.com\/product\/yoast-seo-wordpress\/ -->\n<title>PROPULSORA NEUM\u00c1TICA PARA GRASA 14800-MAX-G4 | Bozza<\/title>\n<meta name=\"description\" content=\"Equipamento fixo para graxa, indicado para clientes que necessitam de agilidade e efici\u00eancia no processo de lubrifica\u00e7\u00e3o. Recomendado para empresas no segmento de minera\u00e7\u00e3o, siderurgia, sistemas de lubrifica\u00e7\u00e3o centralizada, que precisam de um equipamento robusto, com alta vaz\u00e3o e alta press\u00e3o, permite trabalhar com at\u00e9 10 pontos simult\u00e2neos de sa\u00edda de graxa, ideal para lubrifica\u00e7\u00e3o de rolamentos, engrenagens, mancais, redutores, roletes, correntes, moendas, tornos, teares, prensas, motores, engrenagens em geral e sistemas de lubrifica\u00e7\u00e3o centralizada.\" \/>\n<meta name=\"robots\" content=\"index, follow, max-snippet:-1, max-image-preview:large, max-video-preview:-1\" \/>\n<link rel=\"canonical\" href=\"https:\/\/bozza.com\/es\/produto\/propulsora-pneumatica-14800-max-g4\/\" \/>\n<meta property=\"og:locale\" content=\"es_ES\" \/>\n<meta property=\"og:type\" content=\"article\" \/>\n<meta property=\"og:title\" content=\"PROPULSORA NEUM\u00c1TICA PARA GRASA 14800-MAX-G4 | Bozza\" \/>\n<meta property=\"og:description\" content=\"Equipamento fixo para graxa, indicado para clientes que necessitam de agilidade e efici\u00eancia no processo de lubrifica\u00e7\u00e3o. Recomendado para empresas no segmento de minera\u00e7\u00e3o, siderurgia, sistemas de lubrifica\u00e7\u00e3o centralizada, que precisam de um equipamento robusto, com alta vaz\u00e3o e alta press\u00e3o, permite trabalhar com at\u00e9 10 pontos simult\u00e2neos de sa\u00edda de graxa, ideal para lubrifica\u00e7\u00e3o de rolamentos, engrenagens, mancais, redutores, roletes, correntes, moendas, tornos, teares, prensas, motores, engrenagens em geral e sistemas de lubrifica\u00e7\u00e3o centralizada.\" \/>\n<meta property=\"og:url\" content=\"https:\/\/bozza.com\/es\/produto\/propulsora-pneumatica-14800-max-g4\/\" \/>\n<meta property=\"og:site_name\" content=\"Bozza\" \/>\n<meta property=\"article:publisher\" content=\"https:\/\/www.facebook.com\/bozza.oficial\/\" \/>\n<meta property=\"article:modified_time\" content=\"2026-02-10T07:16:45+00:00\" \/>\n<meta property=\"og:image\" content=\"https:\/\/bozza.com\/wp-content\/uploads\/2020\/04\/14800-MAX-G4-scaled.jpg\" \/>\n\t<meta property=\"og:image:width\" content=\"2560\" \/>\n\t<meta property=\"og:image:height\" content=\"2560\" \/>\n\t<meta property=\"og:image:type\" content=\"image\/jpeg\" \/>\n<meta name=\"twitter:card\" content=\"summary_large_image\" \/>\n<meta name=\"twitter:label1\" content=\"Tiempo de lectura\" \/>\n\t<meta name=\"twitter:data1\" content=\"1 minuto\" \/>\n<script type=\"application\/ld+json\" class=\"yoast-schema-graph\">{\"@context\":\"https:\/\/schema.org\",\"@graph\":[{\"@type\":\"WebPage\",\"@id\":\"https:\/\/bozza.com\/es\/produto\/propulsora-pneumatica-14800-max-g4\/\",\"url\":\"https:\/\/bozza.com\/es\/produto\/propulsora-pneumatica-14800-max-g4\/\",\"name\":\"PROPULSORA NEUM\u00c1TICA PARA GRASA 14800-MAX-G4 | Bozza\",\"isPartOf\":{\"@id\":\"https:\/\/bozza.com\/#website\"},\"primaryImageOfPage\":{\"@id\":\"https:\/\/bozza.com\/es\/produto\/propulsora-pneumatica-14800-max-g4\/#primaryimage\"},\"image\":{\"@id\":\"https:\/\/bozza.com\/es\/produto\/propulsora-pneumatica-14800-max-g4\/#primaryimage\"},\"thumbnailUrl\":\"https:\/\/bozza.com\/wp-content\/uploads\/2020\/04\/14800-MAX-G4-scaled.jpg\",\"datePublished\":\"2020-10-16T16:47:11+00:00\",\"dateModified\":\"2026-02-10T07:16:45+00:00\",\"description\":\"Equipamento fixo para graxa, indicado para clientes que necessitam de agilidade e efici\u00eancia no processo de lubrifica\u00e7\u00e3o. Recomendado para empresas no segmento de minera\u00e7\u00e3o, siderurgia, sistemas de lubrifica\u00e7\u00e3o centralizada, que precisam de um equipamento robusto, com alta vaz\u00e3o e alta press\u00e3o, permite trabalhar com at\u00e9 10 pontos simult\u00e2neos de sa\u00edda de graxa, ideal para lubrifica\u00e7\u00e3o de rolamentos, engrenagens, mancais, redutores, roletes, correntes, moendas, tornos, teares, prensas, motores, engrenagens em geral e sistemas de lubrifica\u00e7\u00e3o centralizada.\",\"breadcrumb\":{\"@id\":\"https:\/\/bozza.com\/es\/produto\/propulsora-pneumatica-14800-max-g4\/#breadcrumb\"},\"inLanguage\":\"es\",\"potentialAction\":[{\"@type\":\"ReadAction\",\"target\":[\"https:\/\/bozza.com\/es\/produto\/propulsora-pneumatica-14800-max-g4\/\"]}]},{\"@type\":\"ImageObject\",\"inLanguage\":\"es\",\"@id\":\"https:\/\/bozza.com\/es\/produto\/propulsora-pneumatica-14800-max-g4\/#primaryimage\",\"url\":\"https:\/\/bozza.com\/wp-content\/uploads\/2020\/04\/14800-MAX-G4-scaled.jpg\",\"contentUrl\":\"https:\/\/bozza.com\/wp-content\/uploads\/2020\/04\/14800-MAX-G4-scaled.jpg\",\"width\":2560,\"height\":2560,\"caption\":\"Propulsora pneum\u00e1tica para graxa 14800-MAX-G4\"},{\"@type\":\"BreadcrumbList\",\"@id\":\"https:\/\/bozza.com\/es\/produto\/propulsora-pneumatica-14800-max-g4\/#breadcrumb\",\"itemListElement\":[{\"@type\":\"ListItem\",\"position\":1,\"name\":\"In\u00edcio\",\"item\":\"https:\/\/bozza.com\/\"},{\"@type\":\"ListItem\",\"position\":2,\"name\":\"Produtos\",\"item\":\"https:\/\/bozza.com\/?page_id=70036\"},{\"@type\":\"ListItem\",\"position\":3,\"name\":\"PROPULSORA NEUM\u00c1TICA PARA GRASA 14800-MAX-G4\"}]},{\"@type\":\"WebSite\",\"@id\":\"https:\/\/bozza.com\/#website\",\"url\":\"https:\/\/bozza.com\/\",\"name\":\"Bozza\",\"description\":\"Solu\u00e7\u00f5es em Lubrifica\u00e7\u00e3o\",\"publisher\":{\"@id\":\"https:\/\/bozza.com\/#organization\"},\"potentialAction\":[{\"@type\":\"SearchAction\",\"target\":{\"@type\":\"EntryPoint\",\"urlTemplate\":\"https:\/\/bozza.com\/?s={search_term_string}\"},\"query-input\":{\"@type\":\"PropertyValueSpecification\",\"valueRequired\":true,\"valueName\":\"search_term_string\"}}],\"inLanguage\":\"es\"},{\"@type\":\"Organization\",\"@id\":\"https:\/\/bozza.com\/#organization\",\"name\":\"Bozza\",\"url\":\"https:\/\/bozza.com\/\",\"logo\":{\"@type\":\"ImageObject\",\"inLanguage\":\"es\",\"@id\":\"https:\/\/bozza.com\/#\/schema\/logo\/image\/\",\"url\":\"\",\"contentUrl\":\"\",\"caption\":\"Bozza\"},\"image\":{\"@id\":\"https:\/\/bozza.com\/#\/schema\/logo\/image\/\"},\"sameAs\":[\"https:\/\/www.facebook.com\/bozza.oficial\/\",\"https:\/\/www.instagram.com\/bozzaoficial\/\",\"https:\/\/www.linkedin.com\/company\/bozza\/\",\"https:\/\/www.youtube.com\/channel\/UCQRiHYNpM4VQWF9YxVgSTsw?view_as=subscriber\"]}]}<\/script>\n<!-- \/ Yoast SEO plugin. -->","yoast_head_json":{"title":"PROPULSORA NEUM\u00c1TICA PARA GRASA 14800-MAX-G4 | Bozza","description":"Equipamento fixo para graxa, indicado para clientes que necessitam de agilidade e efici\u00eancia no processo de lubrifica\u00e7\u00e3o. Recomendado para empresas no segmento de minera\u00e7\u00e3o, siderurgia, sistemas de lubrifica\u00e7\u00e3o centralizada, que precisam de um equipamento robusto, com alta vaz\u00e3o e alta press\u00e3o, permite trabalhar com at\u00e9 10 pontos simult\u00e2neos de sa\u00edda de graxa, ideal para lubrifica\u00e7\u00e3o de rolamentos, engrenagens, mancais, redutores, roletes, correntes, moendas, tornos, teares, prensas, motores, engrenagens em geral e sistemas de lubrifica\u00e7\u00e3o centralizada.","robots":{"index":"index","follow":"follow","max-snippet":"max-snippet:-1","max-image-preview":"max-image-preview:large","max-video-preview":"max-video-preview:-1"},"canonical":"https:\/\/bozza.com\/es\/produto\/propulsora-pneumatica-14800-max-g4\/","og_locale":"es_ES","og_type":"article","og_title":"PROPULSORA NEUM\u00c1TICA PARA GRASA 14800-MAX-G4 | Bozza","og_description":"Equipamento fixo para graxa, indicado para clientes que necessitam de agilidade e efici\u00eancia no processo de lubrifica\u00e7\u00e3o. Recomendado para empresas no segmento de minera\u00e7\u00e3o, siderurgia, sistemas de lubrifica\u00e7\u00e3o centralizada, que precisam de um equipamento robusto, com alta vaz\u00e3o e alta press\u00e3o, permite trabalhar com at\u00e9 10 pontos simult\u00e2neos de sa\u00edda de graxa, ideal para lubrifica\u00e7\u00e3o de rolamentos, engrenagens, mancais, redutores, roletes, correntes, moendas, tornos, teares, prensas, motores, engrenagens em geral e sistemas de lubrifica\u00e7\u00e3o centralizada.","og_url":"https:\/\/bozza.com\/es\/produto\/propulsora-pneumatica-14800-max-g4\/","og_site_name":"Bozza","article_publisher":"https:\/\/www.facebook.com\/bozza.oficial\/","article_modified_time":"2026-02-10T07:16:45+00:00","og_image":[{"width":2560,"height":2560,"url":"https:\/\/bozza.com\/wp-content\/uploads\/2020\/04\/14800-MAX-G4-scaled.jpg","type":"image\/jpeg"}],"twitter_card":"summary_large_image","twitter_misc":{"Tiempo de lectura":"1 minuto"},"schema":{"@context":"https:\/\/schema.org","@graph":[{"@type":"WebPage","@id":"https:\/\/bozza.com\/es\/produto\/propulsora-pneumatica-14800-max-g4\/","url":"https:\/\/bozza.com\/es\/produto\/propulsora-pneumatica-14800-max-g4\/","name":"PROPULSORA NEUM\u00c1TICA PARA GRASA 14800-MAX-G4 | Bozza","isPartOf":{"@id":"https:\/\/bozza.com\/#website"},"primaryImageOfPage":{"@id":"https:\/\/bozza.com\/es\/produto\/propulsora-pneumatica-14800-max-g4\/#primaryimage"},"image":{"@id":"https:\/\/bozza.com\/es\/produto\/propulsora-pneumatica-14800-max-g4\/#primaryimage"},"thumbnailUrl":"https:\/\/bozza.com\/wp-content\/uploads\/2020\/04\/14800-MAX-G4-scaled.jpg","datePublished":"2020-10-16T16:47:11+00:00","dateModified":"2026-02-10T07:16:45+00:00","description":"Equipamento fixo para graxa, indicado para clientes que necessitam de agilidade e efici\u00eancia no processo de lubrifica\u00e7\u00e3o. Recomendado para empresas no segmento de minera\u00e7\u00e3o, siderurgia, sistemas de lubrifica\u00e7\u00e3o centralizada, que precisam de um equipamento robusto, com alta vaz\u00e3o e alta press\u00e3o, permite trabalhar com at\u00e9 10 pontos simult\u00e2neos de sa\u00edda de graxa, ideal para lubrifica\u00e7\u00e3o de rolamentos, engrenagens, mancais, redutores, roletes, correntes, moendas, tornos, teares, prensas, motores, engrenagens em geral e sistemas de lubrifica\u00e7\u00e3o centralizada.","breadcrumb":{"@id":"https:\/\/bozza.com\/es\/produto\/propulsora-pneumatica-14800-max-g4\/#breadcrumb"},"inLanguage":"es","potentialAction":[{"@type":"ReadAction","target":["https:\/\/bozza.com\/es\/produto\/propulsora-pneumatica-14800-max-g4\/"]}]},{"@type":"ImageObject","inLanguage":"es","@id":"https:\/\/bozza.com\/es\/produto\/propulsora-pneumatica-14800-max-g4\/#primaryimage","url":"https:\/\/bozza.com\/wp-content\/uploads\/2020\/04\/14800-MAX-G4-scaled.jpg","contentUrl":"https:\/\/bozza.com\/wp-content\/uploads\/2020\/04\/14800-MAX-G4-scaled.jpg","width":2560,"height":2560,"caption":"Propulsora pneum\u00e1tica para graxa 14800-MAX-G4"},{"@type":"BreadcrumbList","@id":"https:\/\/bozza.com\/es\/produto\/propulsora-pneumatica-14800-max-g4\/#breadcrumb","itemListElement":[{"@type":"ListItem","position":1,"name":"In\u00edcio","item":"https:\/\/bozza.com\/"},{"@type":"ListItem","position":2,"name":"Produtos","item":"https:\/\/bozza.com\/?page_id=70036"},{"@type":"ListItem","position":3,"name":"PROPULSORA NEUM\u00c1TICA PARA GRASA 14800-MAX-G4"}]},{"@type":"WebSite","@id":"https:\/\/bozza.com\/#website","url":"https:\/\/bozza.com\/","name":"Bozza","description":"Solu\u00e7\u00f5es em Lubrifica\u00e7\u00e3o","publisher":{"@id":"https:\/\/bozza.com\/#organization"},"potentialAction":[{"@type":"SearchAction","target":{"@type":"EntryPoint","urlTemplate":"https:\/\/bozza.com\/?s={search_term_string}"},"query-input":{"@type":"PropertyValueSpecification","valueRequired":true,"valueName":"search_term_string"}}],"inLanguage":"es"},{"@type":"Organization","@id":"https:\/\/bozza.com\/#organization","name":"Bozza","url":"https:\/\/bozza.com\/","logo":{"@type":"ImageObject","inLanguage":"es","@id":"https:\/\/bozza.com\/#\/schema\/logo\/image\/","url":"","contentUrl":"","caption":"Bozza"},"image":{"@id":"https:\/\/bozza.com\/#\/schema\/logo\/image\/"},"sameAs":["https:\/\/www.facebook.com\/bozza.oficial\/","https:\/\/www.instagram.com\/bozzaoficial\/","https:\/\/www.linkedin.com\/company\/bozza\/","https:\/\/www.youtube.com\/channel\/UCQRiHYNpM4VQWF9YxVgSTsw?view_as=subscriber"]}]}},"_links":{"self":[{"href":"https:\/\/bozza.com\/es\/wp-json\/wp\/v2\/product\/66688","targetHints":{"allow":["GET"]}}],"collection":[{"href":"https:\/\/bozza.com\/es\/wp-json\/wp\/v2\/product"}],"about":[{"href":"https:\/\/bozza.com\/es\/wp-json\/wp\/v2\/types\/product"}],"wp:featuredmedia":[{"embeddable":true,"href":"https:\/\/bozza.com\/es\/wp-json\/wp\/v2\/media\/22785"}],"wp:attachment":[{"href":"https:\/\/bozza.com\/es\/wp-json\/wp\/v2\/media?parent=66688"}],"wp:term":[{"taxonomy":"product_brand","embeddable":true,"href":"https:\/\/bozza.com\/es\/wp-json\/wp\/v2\/product_brand?post=66688"},{"taxonomy":"product_cat","embeddable":true,"href":"https:\/\/bozza.com\/es\/wp-json\/wp\/v2\/product_cat?post=66688"},{"taxonomy":"product_tag","embeddable":true,"href":"https:\/\/bozza.com\/es\/wp-json\/wp\/v2\/product_tag?post=66688"}],"curies":[{"name":"wp","href":"https:\/\/api.w.org\/{rel}","templated":true}]}}