{"id":66690,"date":"2020-10-01T16:46:20","date_gmt":"2020-10-01T19:46:20","guid":{"rendered":"https:\/\/www.bozza.com\/produto\/7070-fp-12v-bomba-de-abastecimento-eletrica-12v\/"},"modified":"2026-03-20T10:03:04","modified_gmt":"2026-03-20T13:03:04","slug":"7070-fp-12v-bomba-de-abastecimento-eletrica-12v","status":"publish","type":"product","link":"https:\/\/bozza.com\/es\/produto\/7070-fp-12v-bomba-de-abastecimento-eletrica-12v\/","title":{"rendered":"7070-FP-12V-Bomba de Abastecimiento El\u00e9ctrica 12V"},"content":{"rendered":"<p><b>DIFERENCIALES:<\/b><\/p>\n<ul>\n<li><span style=\"font-weight: 400;\">Liviana y compacta que reduce el esfuerzo f\u00edsico del operador;<\/span><\/li>\n<li><span style=\"font-weight: 400;\">Alta resistencia contra <\/span><span style=\"font-weight: 400;\">la <\/span><span style=\"font-weight: 400;\">corrosi\u00f3n y desplazamiento de los componentes;<\/span><\/li>\n<li><span style=\"font-weight: 400;\">Bomba el\u00e9ctrica port\u00e1til, elimina el uso de aire comprimido.<\/span><\/li>\n<li><span style=\"font-weight: 400;\">Alimentada a trav\u00e9s de bater\u00eda de veh\u00edculos en general.<\/span><\/li>\n<li><span style=\"font-weight: 400;\">Interruptor on\/o\ufb00 para mayor practicidad.<\/span><\/li>\n<\/ul>\n<p><b>CUIDADOS B\u00c1SICOS:<\/b><\/p>\n<ul>\n<li><span style=\"font-weight: 400;\">Utilizar di\u00e9sel de buena calidad, sin impurezas como polvo, virutas, trapos, etc;<\/span><\/li>\n<li><span style=\"font-weight: 400;\">Al trasvasar di\u00e9sel al dep\u00f3sito, h\u00e1galo en un entorno adecuado, evitando as\u00ed el riesgo de contaminaci\u00f3n.<\/span><\/li>\n<li><span style=\"font-weight: 400;\">Utilizar siempre repuestos originales.<\/span><\/li>\n<li><span style=\"font-weight: 400;\">Evitar ca\u00eddas y golpes.<\/span><\/li>\n<li><span style=\"font-weight: 400;\">No utilizar para etanol y gasolina.<\/span><\/li>\n<li><span style=\"font-weight: 400;\">Precio mediante consulta <\/span><\/li>\n<\/ul>\n","protected":false},"excerpt":{"rendered":"<p><span style=\"font-weight: 400;\">Bomba para abastecimiento o trasvase de agua y di\u00e9sel con motor el\u00e9ctrico port\u00e1til de 12 V, adecuada para clientes que operan en el campo.<\/span> <span style=\"font-weight: 400;\">Abastecimiento de combustible en dep\u00f3sitos y tanques para veh\u00edculos, motores, generadores, implementos agr\u00edcolas y otros.<\/span> <span style=\"font-weight: 400;\">Ideal para Ios sectores automotriz, agr\u00edcola y de la construcci\u00f3n.<\/span> <span style=\"font-weight: 400;\">Liviana, compacta y port\u00e1til, ofrece mayor comodidad al operario.<\/span> <span style=\"font-weight: 400;\">Funciona con bater\u00eda de veh\u00edculos y dispone de un Interruptor on\/o\ufb00 para mayor practicidad.<\/span><\/p>\n","protected":false},"featured_media":58056,"template":"","meta":{"_acf_changed":false},"product_brand":[50],"product_cat":[252,328],"product_tag":[175,156,396,157],"class_list":{"0":"post-66690","1":"product","2":"type-product","3":"status-publish","4":"has-post-thumbnail","6":"product_brand-postos-de-servicos","7":"product_cat-kits-de-abastecimento-es","8":"product_cat-todos-os-produtos-es","9":"product_tag-abastecimento","10":"product_tag-aceite","11":"product_tag-eletrica-es","12":"product_tag-abastecimiento","14":"first","15":"instock","16":"shipping-taxable","17":"product-type-simple"},"acf":[],"yoast_head":"<!-- This site is optimized with the Yoast SEO plugin v26.9 - https:\/\/yoast.com\/product\/yoast-seo-wordpress\/ -->\n<title>7070-FP-12V-Bomba de Abastecimiento El\u00e9ctrica 12V | Bozza<\/title>\n<meta name=\"robots\" content=\"index, follow, max-snippet:-1, max-image-preview:large, max-video-preview:-1\" \/>\n<link rel=\"canonical\" href=\"https:\/\/bozza.com\/produto\/7070-fp-12v-bomba-de-abastecimento-eletrica-12v\/\" \/>\n<meta property=\"og:locale\" content=\"es_ES\" \/>\n<meta property=\"og:type\" content=\"article\" \/>\n<meta property=\"og:title\" content=\"7070-FP-12V-Bomba de Abastecimiento El\u00e9ctrica 12V | Bozza\" \/>\n<meta property=\"og:description\" content=\"Bomba para abastecimiento o trasvase de agua y di\u00e9sel con motor el\u00e9ctrico port\u00e1til de 12 V, adecuada para clientes que operan en el campo. Abastecimiento de combustible en dep\u00f3sitos y tanques para veh\u00edculos, motores, generadores, implementos agr\u00edcolas y otros. Ideal para Ios sectores automotriz, agr\u00edcola y de la construcci\u00f3n. Liviana, compacta y port\u00e1til, ofrece mayor comodidad al operario. Funciona con bater\u00eda de veh\u00edculos y dispone de un Interruptor on\/o\ufb00 para mayor practicidad.\" \/>\n<meta property=\"og:url\" content=\"https:\/\/bozza.com\/produto\/7070-fp-12v-bomba-de-abastecimento-eletrica-12v\/\" \/>\n<meta property=\"og:site_name\" content=\"Bozza\" \/>\n<meta property=\"article:publisher\" content=\"https:\/\/www.facebook.com\/bozza.oficial\/\" \/>\n<meta property=\"article:modified_time\" content=\"2026-03-20T13:03:04+00:00\" \/>\n<meta property=\"og:image\" content=\"https:\/\/bozza.com\/wp-content\/uploads\/2020\/10\/12.421.0057_7070-FP-12V_BOMBA-ABASTECIMENTO-ELETRICA.jpg\" \/>\n\t<meta property=\"og:image:width\" content=\"1080\" \/>\n\t<meta property=\"og:image:height\" content=\"1080\" \/>\n\t<meta property=\"og:image:type\" content=\"image\/jpeg\" \/>\n<meta name=\"twitter:card\" content=\"summary_large_image\" \/>\n<meta name=\"twitter:label1\" content=\"Tiempo de lectura\" \/>\n\t<meta name=\"twitter:data1\" content=\"1 minuto\" \/>\n<script type=\"application\/ld+json\" class=\"yoast-schema-graph\">{\"@context\":\"https:\/\/schema.org\",\"@graph\":[{\"@type\":\"WebPage\",\"@id\":\"https:\/\/bozza.com\/produto\/7070-fp-12v-bomba-de-abastecimento-eletrica-12v\/\",\"url\":\"https:\/\/bozza.com\/produto\/7070-fp-12v-bomba-de-abastecimento-eletrica-12v\/\",\"name\":\"7070-FP-12V-Bomba de Abastecimiento El\u00e9ctrica 12V | Bozza\",\"isPartOf\":{\"@id\":\"https:\/\/bozza.com\/#website\"},\"primaryImageOfPage\":{\"@id\":\"https:\/\/bozza.com\/produto\/7070-fp-12v-bomba-de-abastecimento-eletrica-12v\/#primaryimage\"},\"image\":{\"@id\":\"https:\/\/bozza.com\/produto\/7070-fp-12v-bomba-de-abastecimento-eletrica-12v\/#primaryimage\"},\"thumbnailUrl\":\"https:\/\/bozza.com\/wp-content\/uploads\/2020\/10\/12.421.0057_7070-FP-12V_BOMBA-ABASTECIMENTO-ELETRICA.jpg\",\"datePublished\":\"2020-10-01T19:46:20+00:00\",\"dateModified\":\"2026-03-20T13:03:04+00:00\",\"breadcrumb\":{\"@id\":\"https:\/\/bozza.com\/produto\/7070-fp-12v-bomba-de-abastecimento-eletrica-12v\/#breadcrumb\"},\"inLanguage\":\"es\",\"potentialAction\":[{\"@type\":\"ReadAction\",\"target\":[\"https:\/\/bozza.com\/produto\/7070-fp-12v-bomba-de-abastecimento-eletrica-12v\/\"]}]},{\"@type\":\"ImageObject\",\"inLanguage\":\"es\",\"@id\":\"https:\/\/bozza.com\/produto\/7070-fp-12v-bomba-de-abastecimento-eletrica-12v\/#primaryimage\",\"url\":\"https:\/\/bozza.com\/wp-content\/uploads\/2020\/10\/12.421.0057_7070-FP-12V_BOMBA-ABASTECIMENTO-ELETRICA.jpg\",\"contentUrl\":\"https:\/\/bozza.com\/wp-content\/uploads\/2020\/10\/12.421.0057_7070-FP-12V_BOMBA-ABASTECIMENTO-ELETRICA.jpg\",\"width\":1080,\"height\":1080},{\"@type\":\"BreadcrumbList\",\"@id\":\"https:\/\/bozza.com\/produto\/7070-fp-12v-bomba-de-abastecimento-eletrica-12v\/#breadcrumb\",\"itemListElement\":[{\"@type\":\"ListItem\",\"position\":1,\"name\":\"In\u00edcio\",\"item\":\"https:\/\/bozza.com\/\"},{\"@type\":\"ListItem\",\"position\":2,\"name\":\"Produtos\",\"item\":\"https:\/\/bozza.com\/?page_id=70036\"},{\"@type\":\"ListItem\",\"position\":3,\"name\":\"7070-FP-12V-Bomba de Abastecimiento El\u00e9ctrica 12V\"}]},{\"@type\":\"WebSite\",\"@id\":\"https:\/\/bozza.com\/#website\",\"url\":\"https:\/\/bozza.com\/\",\"name\":\"Bozza\",\"description\":\"Solu\u00e7\u00f5es em Lubrifica\u00e7\u00e3o\",\"publisher\":{\"@id\":\"https:\/\/bozza.com\/#organization\"},\"potentialAction\":[{\"@type\":\"SearchAction\",\"target\":{\"@type\":\"EntryPoint\",\"urlTemplate\":\"https:\/\/bozza.com\/?s={search_term_string}\"},\"query-input\":{\"@type\":\"PropertyValueSpecification\",\"valueRequired\":true,\"valueName\":\"search_term_string\"}}],\"inLanguage\":\"es\"},{\"@type\":\"Organization\",\"@id\":\"https:\/\/bozza.com\/#organization\",\"name\":\"Bozza\",\"url\":\"https:\/\/bozza.com\/\",\"logo\":{\"@type\":\"ImageObject\",\"inLanguage\":\"es\",\"@id\":\"https:\/\/bozza.com\/#\/schema\/logo\/image\/\",\"url\":\"\",\"contentUrl\":\"\",\"caption\":\"Bozza\"},\"image\":{\"@id\":\"https:\/\/bozza.com\/#\/schema\/logo\/image\/\"},\"sameAs\":[\"https:\/\/www.facebook.com\/bozza.oficial\/\",\"https:\/\/www.instagram.com\/bozzaoficial\/\",\"https:\/\/www.linkedin.com\/company\/bozza\/\",\"https:\/\/www.youtube.com\/channel\/UCQRiHYNpM4VQWF9YxVgSTsw?view_as=subscriber\"]}]}<\/script>\n<!-- \/ Yoast SEO plugin. -->","yoast_head_json":{"title":"7070-FP-12V-Bomba de Abastecimiento El\u00e9ctrica 12V | Bozza","robots":{"index":"index","follow":"follow","max-snippet":"max-snippet:-1","max-image-preview":"max-image-preview:large","max-video-preview":"max-video-preview:-1"},"canonical":"https:\/\/bozza.com\/produto\/7070-fp-12v-bomba-de-abastecimento-eletrica-12v\/","og_locale":"es_ES","og_type":"article","og_title":"7070-FP-12V-Bomba de Abastecimiento El\u00e9ctrica 12V | Bozza","og_description":"Bomba para abastecimiento o trasvase de agua y di\u00e9sel con motor el\u00e9ctrico port\u00e1til de 12 V, adecuada para clientes que operan en el campo. Abastecimiento de combustible en dep\u00f3sitos y tanques para veh\u00edculos, motores, generadores, implementos agr\u00edcolas y otros. Ideal para Ios sectores automotriz, agr\u00edcola y de la construcci\u00f3n. Liviana, compacta y port\u00e1til, ofrece mayor comodidad al operario. Funciona con bater\u00eda de veh\u00edculos y dispone de un Interruptor on\/o\ufb00 para mayor practicidad.","og_url":"https:\/\/bozza.com\/produto\/7070-fp-12v-bomba-de-abastecimento-eletrica-12v\/","og_site_name":"Bozza","article_publisher":"https:\/\/www.facebook.com\/bozza.oficial\/","article_modified_time":"2026-03-20T13:03:04+00:00","og_image":[{"width":1080,"height":1080,"url":"https:\/\/bozza.com\/wp-content\/uploads\/2020\/10\/12.421.0057_7070-FP-12V_BOMBA-ABASTECIMENTO-ELETRICA.jpg","type":"image\/jpeg"}],"twitter_card":"summary_large_image","twitter_misc":{"Tiempo de lectura":"1 minuto"},"schema":{"@context":"https:\/\/schema.org","@graph":[{"@type":"WebPage","@id":"https:\/\/bozza.com\/produto\/7070-fp-12v-bomba-de-abastecimento-eletrica-12v\/","url":"https:\/\/bozza.com\/produto\/7070-fp-12v-bomba-de-abastecimento-eletrica-12v\/","name":"7070-FP-12V-Bomba de Abastecimiento El\u00e9ctrica 12V | Bozza","isPartOf":{"@id":"https:\/\/bozza.com\/#website"},"primaryImageOfPage":{"@id":"https:\/\/bozza.com\/produto\/7070-fp-12v-bomba-de-abastecimento-eletrica-12v\/#primaryimage"},"image":{"@id":"https:\/\/bozza.com\/produto\/7070-fp-12v-bomba-de-abastecimento-eletrica-12v\/#primaryimage"},"thumbnailUrl":"https:\/\/bozza.com\/wp-content\/uploads\/2020\/10\/12.421.0057_7070-FP-12V_BOMBA-ABASTECIMENTO-ELETRICA.jpg","datePublished":"2020-10-01T19:46:20+00:00","dateModified":"2026-03-20T13:03:04+00:00","breadcrumb":{"@id":"https:\/\/bozza.com\/produto\/7070-fp-12v-bomba-de-abastecimento-eletrica-12v\/#breadcrumb"},"inLanguage":"es","potentialAction":[{"@type":"ReadAction","target":["https:\/\/bozza.com\/produto\/7070-fp-12v-bomba-de-abastecimento-eletrica-12v\/"]}]},{"@type":"ImageObject","inLanguage":"es","@id":"https:\/\/bozza.com\/produto\/7070-fp-12v-bomba-de-abastecimento-eletrica-12v\/#primaryimage","url":"https:\/\/bozza.com\/wp-content\/uploads\/2020\/10\/12.421.0057_7070-FP-12V_BOMBA-ABASTECIMENTO-ELETRICA.jpg","contentUrl":"https:\/\/bozza.com\/wp-content\/uploads\/2020\/10\/12.421.0057_7070-FP-12V_BOMBA-ABASTECIMENTO-ELETRICA.jpg","width":1080,"height":1080},{"@type":"BreadcrumbList","@id":"https:\/\/bozza.com\/produto\/7070-fp-12v-bomba-de-abastecimento-eletrica-12v\/#breadcrumb","itemListElement":[{"@type":"ListItem","position":1,"name":"In\u00edcio","item":"https:\/\/bozza.com\/"},{"@type":"ListItem","position":2,"name":"Produtos","item":"https:\/\/bozza.com\/?page_id=70036"},{"@type":"ListItem","position":3,"name":"7070-FP-12V-Bomba de Abastecimiento El\u00e9ctrica 12V"}]},{"@type":"WebSite","@id":"https:\/\/bozza.com\/#website","url":"https:\/\/bozza.com\/","name":"Bozza","description":"Solu\u00e7\u00f5es em Lubrifica\u00e7\u00e3o","publisher":{"@id":"https:\/\/bozza.com\/#organization"},"potentialAction":[{"@type":"SearchAction","target":{"@type":"EntryPoint","urlTemplate":"https:\/\/bozza.com\/?s={search_term_string}"},"query-input":{"@type":"PropertyValueSpecification","valueRequired":true,"valueName":"search_term_string"}}],"inLanguage":"es"},{"@type":"Organization","@id":"https:\/\/bozza.com\/#organization","name":"Bozza","url":"https:\/\/bozza.com\/","logo":{"@type":"ImageObject","inLanguage":"es","@id":"https:\/\/bozza.com\/#\/schema\/logo\/image\/","url":"","contentUrl":"","caption":"Bozza"},"image":{"@id":"https:\/\/bozza.com\/#\/schema\/logo\/image\/"},"sameAs":["https:\/\/www.facebook.com\/bozza.oficial\/","https:\/\/www.instagram.com\/bozzaoficial\/","https:\/\/www.linkedin.com\/company\/bozza\/","https:\/\/www.youtube.com\/channel\/UCQRiHYNpM4VQWF9YxVgSTsw?view_as=subscriber"]}]}},"_links":{"self":[{"href":"https:\/\/bozza.com\/es\/wp-json\/wp\/v2\/product\/66690","targetHints":{"allow":["GET"]}}],"collection":[{"href":"https:\/\/bozza.com\/es\/wp-json\/wp\/v2\/product"}],"about":[{"href":"https:\/\/bozza.com\/es\/wp-json\/wp\/v2\/types\/product"}],"wp:featuredmedia":[{"embeddable":true,"href":"https:\/\/bozza.com\/es\/wp-json\/wp\/v2\/media\/58056"}],"wp:attachment":[{"href":"https:\/\/bozza.com\/es\/wp-json\/wp\/v2\/media?parent=66690"}],"wp:term":[{"taxonomy":"product_brand","embeddable":true,"href":"https:\/\/bozza.com\/es\/wp-json\/wp\/v2\/product_brand?post=66690"},{"taxonomy":"product_cat","embeddable":true,"href":"https:\/\/bozza.com\/es\/wp-json\/wp\/v2\/product_cat?post=66690"},{"taxonomy":"product_tag","embeddable":true,"href":"https:\/\/bozza.com\/es\/wp-json\/wp\/v2\/product_tag?post=66690"}],"curies":[{"name":"wp","href":"https:\/\/api.w.org\/{rel}","templated":true}]}}