{"id":66692,"date":"2020-10-01T10:05:42","date_gmt":"2020-10-01T13:05:42","guid":{"rendered":"https:\/\/www.bozza.com\/produto\/14020-max-g4\/"},"modified":"2026-02-10T04:19:05","modified_gmt":"2026-02-10T07:19:05","slug":"14020-max-g4","status":"publish","type":"product","link":"https:\/\/bozza.com\/es\/produto\/14020-max-g4\/","title":{"rendered":"PROPULSORA NEUM\u00c1TICA PARA GRASA 14020-MAX-G4"},"content":{"rendered":"<ul>\n<li><span style=\"font-weight: 400;\">Bomba neum\u00e1tica para grasa con carrito y dep\u00f3sito<\/span><\/li>\n<li><span style=\"font-weight: 400;\">Presi\u00f3n m\u00e1x. de trabajo 100PSI (6,9 BAR)<\/span><\/li>\n<li><span style=\"font-weight: 400;\">Precio mediante consulta<\/span><\/li>\n<\/ul>\n","protected":false},"excerpt":{"rendered":"<p><span style=\"font-weight: 400;\">Equipo m\u00f3vil para grasa, adecuado para clientes que necesitan agilidad y eficiencia en el proceso de lubricaci\u00f3n.<\/span> <span style=\"font-weight: 400;\">Recomendado para empresas de transporte, concesionarios de maquinaria pesada, camiones, industrias de todos los segmentos que necesitan equipos robustos, ideal para uso en l\u00edneas de producci\u00f3n.<\/span><\/p>\n","protected":false},"featured_media":79655,"template":"","meta":{"_acf_changed":false},"product_brand":[],"product_cat":[1007,327,328],"product_tag":[352,350,132,363],"class_list":{"0":"post-66692","1":"product","2":"type-product","3":"status-publish","4":"has-post-thumbnail","6":"product_cat-para-grasa","7":"product_cat-propulsoras-pneumaticas-es","8":"product_cat-todos-os-produtos-es","9":"product_tag-ar-es","10":"product_tag-graxa-es","11":"product_tag-graxa","12":"product_tag-pneumatica-es","14":"first","15":"instock","16":"shipping-taxable","17":"product-type-simple"},"acf":[],"yoast_head":"<!-- This site is optimized with the Yoast SEO plugin v26.9 - https:\/\/yoast.com\/product\/yoast-seo-wordpress\/ -->\n<title>PROPULSORA NEUM\u00c1TICA PARA GRASA 14020-MAX-G4 | Bozza<\/title>\n<meta name=\"robots\" content=\"index, follow, max-snippet:-1, max-image-preview:large, max-video-preview:-1\" \/>\n<link rel=\"canonical\" href=\"https:\/\/bozza.com\/es\/produto\/14020-max-g4\/\" \/>\n<meta property=\"og:locale\" content=\"es_ES\" \/>\n<meta property=\"og:type\" content=\"article\" \/>\n<meta property=\"og:title\" content=\"PROPULSORA NEUM\u00c1TICA PARA GRASA 14020-MAX-G4 | Bozza\" \/>\n<meta property=\"og:description\" content=\"Equipo m\u00f3vil para grasa, adecuado para clientes que necesitan agilidad y eficiencia en el proceso de lubricaci\u00f3n. Recomendado para empresas de transporte, concesionarios de maquinaria pesada, camiones, industrias de todos los segmentos que necesitan equipos robustos, ideal para uso en l\u00edneas de producci\u00f3n.\" \/>\n<meta property=\"og:url\" content=\"https:\/\/bozza.com\/es\/produto\/14020-max-g4\/\" \/>\n<meta property=\"og:site_name\" content=\"Bozza\" \/>\n<meta property=\"article:publisher\" content=\"https:\/\/www.facebook.com\/bozza.oficial\/\" \/>\n<meta property=\"article:modified_time\" content=\"2026-02-10T07:19:05+00:00\" \/>\n<meta property=\"og:image\" content=\"https:\/\/bozza.com\/wp-content\/uploads\/2026\/01\/14020-MAX-V-3-G4.jpg\" \/>\n\t<meta property=\"og:image:width\" content=\"1200\" \/>\n\t<meta property=\"og:image:height\" content=\"1200\" \/>\n\t<meta property=\"og:image:type\" content=\"image\/jpeg\" \/>\n<meta name=\"twitter:card\" content=\"summary_large_image\" \/>\n<meta name=\"twitter:label1\" content=\"Tiempo de lectura\" \/>\n\t<meta name=\"twitter:data1\" content=\"1 minuto\" \/>\n<script type=\"application\/ld+json\" class=\"yoast-schema-graph\">{\"@context\":\"https:\/\/schema.org\",\"@graph\":[{\"@type\":\"WebPage\",\"@id\":\"https:\/\/bozza.com\/es\/produto\/14020-max-g4\/\",\"url\":\"https:\/\/bozza.com\/es\/produto\/14020-max-g4\/\",\"name\":\"PROPULSORA NEUM\u00c1TICA PARA GRASA 14020-MAX-G4 | Bozza\",\"isPartOf\":{\"@id\":\"https:\/\/bozza.com\/#website\"},\"primaryImageOfPage\":{\"@id\":\"https:\/\/bozza.com\/es\/produto\/14020-max-g4\/#primaryimage\"},\"image\":{\"@id\":\"https:\/\/bozza.com\/es\/produto\/14020-max-g4\/#primaryimage\"},\"thumbnailUrl\":\"https:\/\/bozza.com\/wp-content\/uploads\/2026\/01\/14020-MAX-V-3-G4.jpg\",\"datePublished\":\"2020-10-01T13:05:42+00:00\",\"dateModified\":\"2026-02-10T07:19:05+00:00\",\"breadcrumb\":{\"@id\":\"https:\/\/bozza.com\/es\/produto\/14020-max-g4\/#breadcrumb\"},\"inLanguage\":\"es\",\"potentialAction\":[{\"@type\":\"ReadAction\",\"target\":[\"https:\/\/bozza.com\/es\/produto\/14020-max-g4\/\"]}]},{\"@type\":\"ImageObject\",\"inLanguage\":\"es\",\"@id\":\"https:\/\/bozza.com\/es\/produto\/14020-max-g4\/#primaryimage\",\"url\":\"https:\/\/bozza.com\/wp-content\/uploads\/2026\/01\/14020-MAX-V-3-G4.jpg\",\"contentUrl\":\"https:\/\/bozza.com\/wp-content\/uploads\/2026\/01\/14020-MAX-V-3-G4.jpg\",\"width\":1200,\"height\":1200},{\"@type\":\"BreadcrumbList\",\"@id\":\"https:\/\/bozza.com\/es\/produto\/14020-max-g4\/#breadcrumb\",\"itemListElement\":[{\"@type\":\"ListItem\",\"position\":1,\"name\":\"In\u00edcio\",\"item\":\"https:\/\/bozza.com\/\"},{\"@type\":\"ListItem\",\"position\":2,\"name\":\"Produtos\",\"item\":\"https:\/\/bozza.com\/?page_id=70036\"},{\"@type\":\"ListItem\",\"position\":3,\"name\":\"PROPULSORA NEUM\u00c1TICA PARA GRASA 14020-MAX-G4\"}]},{\"@type\":\"WebSite\",\"@id\":\"https:\/\/bozza.com\/#website\",\"url\":\"https:\/\/bozza.com\/\",\"name\":\"Bozza\",\"description\":\"Solu\u00e7\u00f5es em Lubrifica\u00e7\u00e3o\",\"publisher\":{\"@id\":\"https:\/\/bozza.com\/#organization\"},\"potentialAction\":[{\"@type\":\"SearchAction\",\"target\":{\"@type\":\"EntryPoint\",\"urlTemplate\":\"https:\/\/bozza.com\/?s={search_term_string}\"},\"query-input\":{\"@type\":\"PropertyValueSpecification\",\"valueRequired\":true,\"valueName\":\"search_term_string\"}}],\"inLanguage\":\"es\"},{\"@type\":\"Organization\",\"@id\":\"https:\/\/bozza.com\/#organization\",\"name\":\"Bozza\",\"url\":\"https:\/\/bozza.com\/\",\"logo\":{\"@type\":\"ImageObject\",\"inLanguage\":\"es\",\"@id\":\"https:\/\/bozza.com\/#\/schema\/logo\/image\/\",\"url\":\"\",\"contentUrl\":\"\",\"caption\":\"Bozza\"},\"image\":{\"@id\":\"https:\/\/bozza.com\/#\/schema\/logo\/image\/\"},\"sameAs\":[\"https:\/\/www.facebook.com\/bozza.oficial\/\",\"https:\/\/www.instagram.com\/bozzaoficial\/\",\"https:\/\/www.linkedin.com\/company\/bozza\/\",\"https:\/\/www.youtube.com\/channel\/UCQRiHYNpM4VQWF9YxVgSTsw?view_as=subscriber\"]}]}<\/script>\n<!-- \/ Yoast SEO plugin. -->","yoast_head_json":{"title":"PROPULSORA NEUM\u00c1TICA PARA GRASA 14020-MAX-G4 | Bozza","robots":{"index":"index","follow":"follow","max-snippet":"max-snippet:-1","max-image-preview":"max-image-preview:large","max-video-preview":"max-video-preview:-1"},"canonical":"https:\/\/bozza.com\/es\/produto\/14020-max-g4\/","og_locale":"es_ES","og_type":"article","og_title":"PROPULSORA NEUM\u00c1TICA PARA GRASA 14020-MAX-G4 | Bozza","og_description":"Equipo m\u00f3vil para grasa, adecuado para clientes que necesitan agilidad y eficiencia en el proceso de lubricaci\u00f3n. Recomendado para empresas de transporte, concesionarios de maquinaria pesada, camiones, industrias de todos los segmentos que necesitan equipos robustos, ideal para uso en l\u00edneas de producci\u00f3n.","og_url":"https:\/\/bozza.com\/es\/produto\/14020-max-g4\/","og_site_name":"Bozza","article_publisher":"https:\/\/www.facebook.com\/bozza.oficial\/","article_modified_time":"2026-02-10T07:19:05+00:00","og_image":[{"width":1200,"height":1200,"url":"https:\/\/bozza.com\/wp-content\/uploads\/2026\/01\/14020-MAX-V-3-G4.jpg","type":"image\/jpeg"}],"twitter_card":"summary_large_image","twitter_misc":{"Tiempo de lectura":"1 minuto"},"schema":{"@context":"https:\/\/schema.org","@graph":[{"@type":"WebPage","@id":"https:\/\/bozza.com\/es\/produto\/14020-max-g4\/","url":"https:\/\/bozza.com\/es\/produto\/14020-max-g4\/","name":"PROPULSORA NEUM\u00c1TICA PARA GRASA 14020-MAX-G4 | Bozza","isPartOf":{"@id":"https:\/\/bozza.com\/#website"},"primaryImageOfPage":{"@id":"https:\/\/bozza.com\/es\/produto\/14020-max-g4\/#primaryimage"},"image":{"@id":"https:\/\/bozza.com\/es\/produto\/14020-max-g4\/#primaryimage"},"thumbnailUrl":"https:\/\/bozza.com\/wp-content\/uploads\/2026\/01\/14020-MAX-V-3-G4.jpg","datePublished":"2020-10-01T13:05:42+00:00","dateModified":"2026-02-10T07:19:05+00:00","breadcrumb":{"@id":"https:\/\/bozza.com\/es\/produto\/14020-max-g4\/#breadcrumb"},"inLanguage":"es","potentialAction":[{"@type":"ReadAction","target":["https:\/\/bozza.com\/es\/produto\/14020-max-g4\/"]}]},{"@type":"ImageObject","inLanguage":"es","@id":"https:\/\/bozza.com\/es\/produto\/14020-max-g4\/#primaryimage","url":"https:\/\/bozza.com\/wp-content\/uploads\/2026\/01\/14020-MAX-V-3-G4.jpg","contentUrl":"https:\/\/bozza.com\/wp-content\/uploads\/2026\/01\/14020-MAX-V-3-G4.jpg","width":1200,"height":1200},{"@type":"BreadcrumbList","@id":"https:\/\/bozza.com\/es\/produto\/14020-max-g4\/#breadcrumb","itemListElement":[{"@type":"ListItem","position":1,"name":"In\u00edcio","item":"https:\/\/bozza.com\/"},{"@type":"ListItem","position":2,"name":"Produtos","item":"https:\/\/bozza.com\/?page_id=70036"},{"@type":"ListItem","position":3,"name":"PROPULSORA NEUM\u00c1TICA PARA GRASA 14020-MAX-G4"}]},{"@type":"WebSite","@id":"https:\/\/bozza.com\/#website","url":"https:\/\/bozza.com\/","name":"Bozza","description":"Solu\u00e7\u00f5es em Lubrifica\u00e7\u00e3o","publisher":{"@id":"https:\/\/bozza.com\/#organization"},"potentialAction":[{"@type":"SearchAction","target":{"@type":"EntryPoint","urlTemplate":"https:\/\/bozza.com\/?s={search_term_string}"},"query-input":{"@type":"PropertyValueSpecification","valueRequired":true,"valueName":"search_term_string"}}],"inLanguage":"es"},{"@type":"Organization","@id":"https:\/\/bozza.com\/#organization","name":"Bozza","url":"https:\/\/bozza.com\/","logo":{"@type":"ImageObject","inLanguage":"es","@id":"https:\/\/bozza.com\/#\/schema\/logo\/image\/","url":"","contentUrl":"","caption":"Bozza"},"image":{"@id":"https:\/\/bozza.com\/#\/schema\/logo\/image\/"},"sameAs":["https:\/\/www.facebook.com\/bozza.oficial\/","https:\/\/www.instagram.com\/bozzaoficial\/","https:\/\/www.linkedin.com\/company\/bozza\/","https:\/\/www.youtube.com\/channel\/UCQRiHYNpM4VQWF9YxVgSTsw?view_as=subscriber"]}]}},"_links":{"self":[{"href":"https:\/\/bozza.com\/es\/wp-json\/wp\/v2\/product\/66692","targetHints":{"allow":["GET"]}}],"collection":[{"href":"https:\/\/bozza.com\/es\/wp-json\/wp\/v2\/product"}],"about":[{"href":"https:\/\/bozza.com\/es\/wp-json\/wp\/v2\/types\/product"}],"wp:featuredmedia":[{"embeddable":true,"href":"https:\/\/bozza.com\/es\/wp-json\/wp\/v2\/media\/79655"}],"wp:attachment":[{"href":"https:\/\/bozza.com\/es\/wp-json\/wp\/v2\/media?parent=66692"}],"wp:term":[{"taxonomy":"product_brand","embeddable":true,"href":"https:\/\/bozza.com\/es\/wp-json\/wp\/v2\/product_brand?post=66692"},{"taxonomy":"product_cat","embeddable":true,"href":"https:\/\/bozza.com\/es\/wp-json\/wp\/v2\/product_cat?post=66692"},{"taxonomy":"product_tag","embeddable":true,"href":"https:\/\/bozza.com\/es\/wp-json\/wp\/v2\/product_tag?post=66692"}],"curies":[{"name":"wp","href":"https:\/\/api.w.org\/{rel}","templated":true}]}}