{"id":66701,"date":"2020-05-26T16:34:38","date_gmt":"2020-05-26T19:34:38","guid":{"rendered":"https:\/\/www.bozza.com\/produto\/carboz-cav-2902p-cavalete\/"},"modified":"2024-06-26T07:43:46","modified_gmt":"2024-06-26T10:43:46","slug":"carboz-cav-2902p-cavalete","status":"publish","type":"product","link":"https:\/\/bozza.com\/es\/produto\/carboz-cav-2902p-cavalete\/","title":{"rendered":"CABALLETE MEC\u00c1NICO \u2013 CARBOZ-CAV2902P"},"content":{"rendered":"<ul>\n<li><span style=\"font-weight: 400;\">2902P<\/span><\/li>\n<li><span style=\"font-weight: 400;\">Base articulada \u2013 plegable<\/span><\/li>\n<li><span style=\"font-weight: 400;\">Capacidad: 2 ton (el par)<\/span><\/li>\n<li><span style=\"font-weight: 400;\">Altura m\u00ednima: 270mm<\/span><\/li>\n<li><span style=\"font-weight: 400;\">Altura m\u00e1xima: 365mm<\/span><\/li>\n<li><span style=\"font-weight: 400;\">Peso neto: 3,5kg<\/span><\/li>\n<li><span style=\"font-weight: 400;\">Dimensiones de la base: 140x135mm<\/span><\/li>\n<li><span style=\"font-weight: 400;\">Precio mediante consulta<\/span><b><br \/>\n<\/b><\/li>\n<\/ul>\n","protected":false},"excerpt":{"rendered":"<p><span style=\"font-weight: 400;\">Caballetes mec\u00e1nicos de apoyo para reparaciones de autom\u00f3viles, de gran resistencia y estabilidad, dise\u00f1ados para utilizaci\u00f3n en pares.<\/span> <span style=\"font-weight: 400;\">Disponibles con base fija o plegable.<\/span><\/p>\n","protected":false},"featured_media":23273,"template":"","meta":{"_acf_changed":false},"product_brand":[],"product_cat":[461],"product_tag":[],"class_list":{"0":"post-66701","1":"product","2":"type-product","3":"status-publish","4":"has-post-thumbnail","6":"product_cat-releases","8":"first","9":"outofstock","10":"shipping-taxable","11":"product-type-simple"},"acf":[],"yoast_head":"<!-- This site is optimized with the Yoast SEO plugin v26.9 - https:\/\/yoast.com\/product\/yoast-seo-wordpress\/ -->\n<title>CABALLETE MEC\u00c1NICO \u2013 CARBOZ-CAV2902P | Bozza<\/title>\n<meta name=\"robots\" content=\"index, follow, max-snippet:-1, max-image-preview:large, max-video-preview:-1\" \/>\n<link rel=\"canonical\" href=\"https:\/\/bozza.com\/es\/produto\/carboz-cav-2902p-cavalete\/\" \/>\n<meta property=\"og:locale\" content=\"es_ES\" \/>\n<meta property=\"og:type\" content=\"article\" \/>\n<meta property=\"og:title\" content=\"CABALLETE MEC\u00c1NICO \u2013 CARBOZ-CAV2902P | Bozza\" \/>\n<meta property=\"og:description\" content=\"Caballetes mec\u00e1nicos de apoyo para reparaciones de autom\u00f3viles, de gran resistencia y estabilidad, dise\u00f1ados para utilizaci\u00f3n en pares. Disponibles con base fija o plegable.\" \/>\n<meta property=\"og:url\" content=\"https:\/\/bozza.com\/es\/produto\/carboz-cav-2902p-cavalete\/\" \/>\n<meta property=\"og:site_name\" content=\"Bozza\" \/>\n<meta property=\"article:publisher\" content=\"https:\/\/www.facebook.com\/bozza.oficial\/\" \/>\n<meta property=\"article:modified_time\" content=\"2024-06-26T10:43:46+00:00\" \/>\n<meta property=\"og:image\" content=\"https:\/\/bozza.com\/wp-content\/uploads\/2020\/05\/2902P-CARBOZ-CAV-Cavalete-Articul\u00e1vel.png\" \/>\n\t<meta property=\"og:image:width\" content=\"1063\" \/>\n\t<meta property=\"og:image:height\" content=\"1417\" \/>\n\t<meta property=\"og:image:type\" content=\"image\/png\" \/>\n<meta name=\"twitter:card\" content=\"summary_large_image\" \/>\n<meta name=\"twitter:label1\" content=\"Tiempo de lectura\" \/>\n\t<meta name=\"twitter:data1\" content=\"1 minuto\" \/>\n<script type=\"application\/ld+json\" class=\"yoast-schema-graph\">{\"@context\":\"https:\/\/schema.org\",\"@graph\":[{\"@type\":\"WebPage\",\"@id\":\"https:\/\/bozza.com\/es\/produto\/carboz-cav-2902p-cavalete\/\",\"url\":\"https:\/\/bozza.com\/es\/produto\/carboz-cav-2902p-cavalete\/\",\"name\":\"CABALLETE MEC\u00c1NICO \u2013 CARBOZ-CAV2902P | Bozza\",\"isPartOf\":{\"@id\":\"https:\/\/bozza.com\/#website\"},\"primaryImageOfPage\":{\"@id\":\"https:\/\/bozza.com\/es\/produto\/carboz-cav-2902p-cavalete\/#primaryimage\"},\"image\":{\"@id\":\"https:\/\/bozza.com\/es\/produto\/carboz-cav-2902p-cavalete\/#primaryimage\"},\"thumbnailUrl\":\"https:\/\/bozza.com\/wp-content\/uploads\/2020\/05\/2902P-CARBOZ-CAV-Cavalete-Articul\u00e1vel.png\",\"datePublished\":\"2020-05-26T19:34:38+00:00\",\"dateModified\":\"2024-06-26T10:43:46+00:00\",\"breadcrumb\":{\"@id\":\"https:\/\/bozza.com\/es\/produto\/carboz-cav-2902p-cavalete\/#breadcrumb\"},\"inLanguage\":\"es\",\"potentialAction\":[{\"@type\":\"ReadAction\",\"target\":[\"https:\/\/bozza.com\/es\/produto\/carboz-cav-2902p-cavalete\/\"]}]},{\"@type\":\"ImageObject\",\"inLanguage\":\"es\",\"@id\":\"https:\/\/bozza.com\/es\/produto\/carboz-cav-2902p-cavalete\/#primaryimage\",\"url\":\"https:\/\/bozza.com\/wp-content\/uploads\/2020\/05\/2902P-CARBOZ-CAV-Cavalete-Articul\u00e1vel.png\",\"contentUrl\":\"https:\/\/bozza.com\/wp-content\/uploads\/2020\/05\/2902P-CARBOZ-CAV-Cavalete-Articul\u00e1vel.png\",\"width\":1063,\"height\":1417,\"caption\":\"2902P - CARBOZ CAV - Cavalete Articul\u00e1vel\"},{\"@type\":\"BreadcrumbList\",\"@id\":\"https:\/\/bozza.com\/es\/produto\/carboz-cav-2902p-cavalete\/#breadcrumb\",\"itemListElement\":[{\"@type\":\"ListItem\",\"position\":1,\"name\":\"In\u00edcio\",\"item\":\"https:\/\/bozza.com\/\"},{\"@type\":\"ListItem\",\"position\":2,\"name\":\"Produtos\",\"item\":\"https:\/\/bozza.com\/?page_id=70036\"},{\"@type\":\"ListItem\",\"position\":3,\"name\":\"CABALLETE MEC\u00c1NICO \u2013 CARBOZ-CAV2902P\"}]},{\"@type\":\"WebSite\",\"@id\":\"https:\/\/bozza.com\/#website\",\"url\":\"https:\/\/bozza.com\/\",\"name\":\"Bozza\",\"description\":\"Solu\u00e7\u00f5es em Lubrifica\u00e7\u00e3o\",\"publisher\":{\"@id\":\"https:\/\/bozza.com\/#organization\"},\"potentialAction\":[{\"@type\":\"SearchAction\",\"target\":{\"@type\":\"EntryPoint\",\"urlTemplate\":\"https:\/\/bozza.com\/?s={search_term_string}\"},\"query-input\":{\"@type\":\"PropertyValueSpecification\",\"valueRequired\":true,\"valueName\":\"search_term_string\"}}],\"inLanguage\":\"es\"},{\"@type\":\"Organization\",\"@id\":\"https:\/\/bozza.com\/#organization\",\"name\":\"Bozza\",\"url\":\"https:\/\/bozza.com\/\",\"logo\":{\"@type\":\"ImageObject\",\"inLanguage\":\"es\",\"@id\":\"https:\/\/bozza.com\/#\/schema\/logo\/image\/\",\"url\":\"\",\"contentUrl\":\"\",\"caption\":\"Bozza\"},\"image\":{\"@id\":\"https:\/\/bozza.com\/#\/schema\/logo\/image\/\"},\"sameAs\":[\"https:\/\/www.facebook.com\/bozza.oficial\/\",\"https:\/\/www.instagram.com\/bozzaoficial\/\",\"https:\/\/www.linkedin.com\/company\/bozza\/\",\"https:\/\/www.youtube.com\/channel\/UCQRiHYNpM4VQWF9YxVgSTsw?view_as=subscriber\"]}]}<\/script>\n<!-- \/ Yoast SEO plugin. -->","yoast_head_json":{"title":"CABALLETE MEC\u00c1NICO \u2013 CARBOZ-CAV2902P | Bozza","robots":{"index":"index","follow":"follow","max-snippet":"max-snippet:-1","max-image-preview":"max-image-preview:large","max-video-preview":"max-video-preview:-1"},"canonical":"https:\/\/bozza.com\/es\/produto\/carboz-cav-2902p-cavalete\/","og_locale":"es_ES","og_type":"article","og_title":"CABALLETE MEC\u00c1NICO \u2013 CARBOZ-CAV2902P | Bozza","og_description":"Caballetes mec\u00e1nicos de apoyo para reparaciones de autom\u00f3viles, de gran resistencia y estabilidad, dise\u00f1ados para utilizaci\u00f3n en pares. Disponibles con base fija o plegable.","og_url":"https:\/\/bozza.com\/es\/produto\/carboz-cav-2902p-cavalete\/","og_site_name":"Bozza","article_publisher":"https:\/\/www.facebook.com\/bozza.oficial\/","article_modified_time":"2024-06-26T10:43:46+00:00","og_image":[{"width":1063,"height":1417,"url":"https:\/\/bozza.com\/wp-content\/uploads\/2020\/05\/2902P-CARBOZ-CAV-Cavalete-Articul\u00e1vel.png","type":"image\/png"}],"twitter_card":"summary_large_image","twitter_misc":{"Tiempo de lectura":"1 minuto"},"schema":{"@context":"https:\/\/schema.org","@graph":[{"@type":"WebPage","@id":"https:\/\/bozza.com\/es\/produto\/carboz-cav-2902p-cavalete\/","url":"https:\/\/bozza.com\/es\/produto\/carboz-cav-2902p-cavalete\/","name":"CABALLETE MEC\u00c1NICO \u2013 CARBOZ-CAV2902P | Bozza","isPartOf":{"@id":"https:\/\/bozza.com\/#website"},"primaryImageOfPage":{"@id":"https:\/\/bozza.com\/es\/produto\/carboz-cav-2902p-cavalete\/#primaryimage"},"image":{"@id":"https:\/\/bozza.com\/es\/produto\/carboz-cav-2902p-cavalete\/#primaryimage"},"thumbnailUrl":"https:\/\/bozza.com\/wp-content\/uploads\/2020\/05\/2902P-CARBOZ-CAV-Cavalete-Articul\u00e1vel.png","datePublished":"2020-05-26T19:34:38+00:00","dateModified":"2024-06-26T10:43:46+00:00","breadcrumb":{"@id":"https:\/\/bozza.com\/es\/produto\/carboz-cav-2902p-cavalete\/#breadcrumb"},"inLanguage":"es","potentialAction":[{"@type":"ReadAction","target":["https:\/\/bozza.com\/es\/produto\/carboz-cav-2902p-cavalete\/"]}]},{"@type":"ImageObject","inLanguage":"es","@id":"https:\/\/bozza.com\/es\/produto\/carboz-cav-2902p-cavalete\/#primaryimage","url":"https:\/\/bozza.com\/wp-content\/uploads\/2020\/05\/2902P-CARBOZ-CAV-Cavalete-Articul\u00e1vel.png","contentUrl":"https:\/\/bozza.com\/wp-content\/uploads\/2020\/05\/2902P-CARBOZ-CAV-Cavalete-Articul\u00e1vel.png","width":1063,"height":1417,"caption":"2902P - CARBOZ CAV - Cavalete Articul\u00e1vel"},{"@type":"BreadcrumbList","@id":"https:\/\/bozza.com\/es\/produto\/carboz-cav-2902p-cavalete\/#breadcrumb","itemListElement":[{"@type":"ListItem","position":1,"name":"In\u00edcio","item":"https:\/\/bozza.com\/"},{"@type":"ListItem","position":2,"name":"Produtos","item":"https:\/\/bozza.com\/?page_id=70036"},{"@type":"ListItem","position":3,"name":"CABALLETE MEC\u00c1NICO \u2013 CARBOZ-CAV2902P"}]},{"@type":"WebSite","@id":"https:\/\/bozza.com\/#website","url":"https:\/\/bozza.com\/","name":"Bozza","description":"Solu\u00e7\u00f5es em Lubrifica\u00e7\u00e3o","publisher":{"@id":"https:\/\/bozza.com\/#organization"},"potentialAction":[{"@type":"SearchAction","target":{"@type":"EntryPoint","urlTemplate":"https:\/\/bozza.com\/?s={search_term_string}"},"query-input":{"@type":"PropertyValueSpecification","valueRequired":true,"valueName":"search_term_string"}}],"inLanguage":"es"},{"@type":"Organization","@id":"https:\/\/bozza.com\/#organization","name":"Bozza","url":"https:\/\/bozza.com\/","logo":{"@type":"ImageObject","inLanguage":"es","@id":"https:\/\/bozza.com\/#\/schema\/logo\/image\/","url":"","contentUrl":"","caption":"Bozza"},"image":{"@id":"https:\/\/bozza.com\/#\/schema\/logo\/image\/"},"sameAs":["https:\/\/www.facebook.com\/bozza.oficial\/","https:\/\/www.instagram.com\/bozzaoficial\/","https:\/\/www.linkedin.com\/company\/bozza\/","https:\/\/www.youtube.com\/channel\/UCQRiHYNpM4VQWF9YxVgSTsw?view_as=subscriber"]}]}},"_links":{"self":[{"href":"https:\/\/bozza.com\/es\/wp-json\/wp\/v2\/product\/66701","targetHints":{"allow":["GET"]}}],"collection":[{"href":"https:\/\/bozza.com\/es\/wp-json\/wp\/v2\/product"}],"about":[{"href":"https:\/\/bozza.com\/es\/wp-json\/wp\/v2\/types\/product"}],"wp:featuredmedia":[{"embeddable":true,"href":"https:\/\/bozza.com\/es\/wp-json\/wp\/v2\/media\/23273"}],"wp:attachment":[{"href":"https:\/\/bozza.com\/es\/wp-json\/wp\/v2\/media?parent=66701"}],"wp:term":[{"taxonomy":"product_brand","embeddable":true,"href":"https:\/\/bozza.com\/es\/wp-json\/wp\/v2\/product_brand?post=66701"},{"taxonomy":"product_cat","embeddable":true,"href":"https:\/\/bozza.com\/es\/wp-json\/wp\/v2\/product_cat?post=66701"},{"taxonomy":"product_tag","embeddable":true,"href":"https:\/\/bozza.com\/es\/wp-json\/wp\/v2\/product_tag?post=66701"}],"curies":[{"name":"wp","href":"https:\/\/api.w.org\/{rel}","templated":true}]}}