{"id":66734,"date":"2018-09-20T09:55:12","date_gmt":"2018-09-20T12:55:12","guid":{"rendered":"https:\/\/www.bozza.com\/produto\/kmlub-08\/"},"modified":"2026-02-10T04:51:03","modified_gmt":"2026-02-10T07:51:03","slug":"kmlub-08","status":"publish","type":"product","link":"https:\/\/bozza.com\/es\/produto\/kmlub-08\/","title":{"rendered":"KMLUB-08"},"content":{"rendered":"<p><b>ACEITE<\/b><\/p>\n<ul>\n<li><span style=\"font-weight: 400;\">Bomba neum\u00e1tica para aceite (mod. 12021-P-G4)<\/span><\/li>\n<li><span style=\"font-weight: 400;\">Carrete retr\u00e1ctil para aceite \u2013 capac.15 m de manguera (mod. 17100RET-OL)<\/span><\/li>\n<li><span style=\"font-weight: 400;\">Manguera para aceite con 15 m y v\u00e1lvula (mod. 5031-New)<\/span><\/li>\n<li><span style=\"font-weight: 400;\">Manguera de conexi\u00f3n de la tuber\u00eda de aire a la bomba<\/span><\/li>\n<li><span style=\"font-weight: 400;\">Conjunto Lubrifil de 1\u20444\u201d (o FL2000)<\/span><\/li>\n<li><span style=\"font-weight: 400;\">Manguera de conexi\u00f3n de la bomba a la tuber\u00eda de distribuci\u00f3n de aceite<\/span><\/li>\n<li><span style=\"font-weight: 400;\">Manguera de conexi\u00f3n de la tuber\u00eda al carrete<\/span><\/li>\n<\/ul>\n<p><b>GRASA<\/b><\/p>\n<ul>\n<li><span style=\"font-weight: 400;\">Bomba neum\u00e1tica para grasa modelo 12020-G4<\/span><\/li>\n<li><span style=\"font-weight: 400;\">Carrete retr\u00e1ctil para grasa \u2013 capac. 15 m de manguera (mod. 17100RET-GR)<\/span><\/li>\n<li><span style=\"font-weight: 400;\">Manguera para <\/span><span style=\"font-weight: 400;\">grasa con 15 m y <\/span><span style=\"font-weight: 400;\">v\u00e1lvula (mod. 5040)<\/span><\/li>\n<li><span style=\"font-weight: 400;\">Manguera de conexi\u00f3n de la distribuci\u00f3n de aire a la bomba<\/span><\/li>\n<li><span style=\"font-weight: 400;\">Conjunto Lubrifil de 1\u20444\u201d (o FL2000)<\/span><\/li>\n<li><span style=\"font-weight: 400;\">Manguera de conexi\u00f3n de la bomba a la tuber\u00eda de distribuci\u00f3n de grasa<\/span><\/li>\n<li><span style=\"font-weight: 400;\">Manguera de conexi\u00f3n de la tuber\u00eda al carrete<\/span><\/li>\n<\/ul>\n<p><b>AIRE COMPRIMIDO<\/b><\/p>\n<ul>\n<li><span style=\"font-weight: 400;\">Carrete retr\u00e1ctil<\/span><span style=\"font-weight: 400;\"> p<\/span><span style=\"font-weight: 400;\">\/aire \u2013 capac. 15 m de manguera (mod. 17100RET-AR)<\/span><\/li>\n<li><span style=\"font-weight: 400;\">Manguera para aire comprimido con 15 m y enganche r\u00e1pido<\/span><\/li>\n<li><span style=\"font-weight: 400;\">Manguera de conexi\u00f3n de la distribuci\u00f3n de aire al carrete<\/span><\/li>\n<\/ul>\n<p><b>ACEITE<\/b><b> USADO<\/b><\/p>\n<ul>\n<li><span style=\"font-weight: 400;\">Recolector de aceite usado con bandeja regulable en altura y carrito de 2 ruedas.<\/span><span style=\"font-weight: 400;\"> Capac.: 30 L<\/span><\/li>\n<li><span style=\"font-weight: 400;\">Bomba neum\u00e1tica (mod.13700) para bombear p\/ el dep\u00f3sito de almacenamiento<\/span><\/li>\n<\/ul>\n<p><b>AGUA CON ADITIVOS<\/b><\/p>\n<ul>\n<li><span style=\"font-weight: 400;\">Dep\u00f3sito presurizado de agua 250 litros<\/span><\/li>\n<li><span style=\"font-weight: 400;\">Carrete retr\u00e1ctil para agua \u2013 capac. 15 m de manguera (mod. 17100RET-AG)<\/span><\/li>\n<li><span style=\"font-weight: 400;\">Manguera para agua con 15 m y registro de salida<\/span><\/li>\n<li><span style=\"font-weight: 400;\">Manguera de conexi\u00f3n de la distribuci\u00f3n de aire al dep\u00f3sito<\/span><\/li>\n<li><span style=\"font-weight: 400;\">Regulador de pres<\/span><span style=\"font-weight: 400;\">i\u00f3n<\/span><span style=\"font-weight: 400;\"> con man\u00f3metro para aire comprimido (mod. 3032)<\/span><\/li>\n<li><span style=\"font-weight: 400;\">Manguera de conexi\u00f3n de la salida del dep\u00f3sito a la tuber\u00eda de distribuci\u00f3n de agua<\/span><\/li>\n<li><span style=\"font-weight: 400;\">Manguera de conexi\u00f3n de la tuber\u00eda al carrete<\/span><\/li>\n<li><span style=\"font-weight: 400;\">Precio mediante consulta.<\/span><\/li>\n<\/ul>\n","protected":false},"excerpt":{"rendered":"<p><span style=\"font-weight: 400;\">Conjunto de equipos para el montaje de estaciones fijas de lubricaci\u00f3n.<\/span><span style=\"font-weight: 400;\"> Estos conjuntos se pueden pedir en la cantidad que necesite en funci\u00f3n del tama\u00f1o de su estaci\u00f3n.<\/span><\/p>\n","protected":false},"featured_media":1837,"template":"","meta":{"_acf_changed":false},"product_brand":[],"product_cat":[335,328],"product_tag":[],"class_list":{"0":"post-66734","1":"product","2":"type-product","3":"status-publish","4":"has-post-thumbnail","6":"product_cat-linha-industrial-es","7":"product_cat-todos-os-produtos-es","9":"first","10":"instock","11":"shipping-taxable","12":"product-type-simple"},"acf":[],"yoast_head":"<!-- This site is optimized with the Yoast SEO plugin v26.9 - https:\/\/yoast.com\/product\/yoast-seo-wordpress\/ -->\n<title>KMLUB-08 | Bozza<\/title>\n<meta name=\"robots\" content=\"index, follow, max-snippet:-1, max-image-preview:large, max-video-preview:-1\" \/>\n<link rel=\"canonical\" href=\"https:\/\/bozza.com\/es\/produto\/kmlub-08\/\" \/>\n<meta property=\"og:locale\" content=\"es_ES\" \/>\n<meta property=\"og:type\" content=\"article\" \/>\n<meta property=\"og:title\" content=\"KMLUB-08 | Bozza\" \/>\n<meta property=\"og:description\" content=\"Conjunto de equipos para el montaje de estaciones fijas de lubricaci\u00f3n. Estos conjuntos se pueden pedir en la cantidad que necesite en funci\u00f3n del tama\u00f1o de su estaci\u00f3n.\" \/>\n<meta property=\"og:url\" content=\"https:\/\/bozza.com\/es\/produto\/kmlub-08\/\" \/>\n<meta property=\"og:site_name\" content=\"Bozza\" \/>\n<meta property=\"article:publisher\" content=\"https:\/\/www.facebook.com\/bozza.oficial\/\" \/>\n<meta property=\"article:modified_time\" content=\"2026-02-10T07:51:03+00:00\" \/>\n<meta property=\"og:image\" content=\"https:\/\/bozza.com\/wp-content\/uploads\/2018\/09\/Bozza_Recortes_LinhaIndustrial_KMLub.png\" \/>\n\t<meta property=\"og:image:width\" content=\"1200\" \/>\n\t<meta property=\"og:image:height\" content=\"1200\" \/>\n\t<meta property=\"og:image:type\" content=\"image\/png\" \/>\n<meta name=\"twitter:card\" content=\"summary_large_image\" \/>\n<meta name=\"twitter:label1\" content=\"Tiempo de lectura\" \/>\n\t<meta name=\"twitter:data1\" content=\"2 minutos\" \/>\n<script type=\"application\/ld+json\" class=\"yoast-schema-graph\">{\"@context\":\"https:\/\/schema.org\",\"@graph\":[{\"@type\":\"WebPage\",\"@id\":\"https:\/\/bozza.com\/es\/produto\/kmlub-08\/\",\"url\":\"https:\/\/bozza.com\/es\/produto\/kmlub-08\/\",\"name\":\"KMLUB-08 | Bozza\",\"isPartOf\":{\"@id\":\"https:\/\/bozza.com\/#website\"},\"primaryImageOfPage\":{\"@id\":\"https:\/\/bozza.com\/es\/produto\/kmlub-08\/#primaryimage\"},\"image\":{\"@id\":\"https:\/\/bozza.com\/es\/produto\/kmlub-08\/#primaryimage\"},\"thumbnailUrl\":\"https:\/\/bozza.com\/wp-content\/uploads\/2018\/09\/Bozza_Recortes_LinhaIndustrial_KMLub.png\",\"datePublished\":\"2018-09-20T12:55:12+00:00\",\"dateModified\":\"2026-02-10T07:51:03+00:00\",\"breadcrumb\":{\"@id\":\"https:\/\/bozza.com\/es\/produto\/kmlub-08\/#breadcrumb\"},\"inLanguage\":\"es\",\"potentialAction\":[{\"@type\":\"ReadAction\",\"target\":[\"https:\/\/bozza.com\/es\/produto\/kmlub-08\/\"]}]},{\"@type\":\"ImageObject\",\"inLanguage\":\"es\",\"@id\":\"https:\/\/bozza.com\/es\/produto\/kmlub-08\/#primaryimage\",\"url\":\"https:\/\/bozza.com\/wp-content\/uploads\/2018\/09\/Bozza_Recortes_LinhaIndustrial_KMLub.png\",\"contentUrl\":\"https:\/\/bozza.com\/wp-content\/uploads\/2018\/09\/Bozza_Recortes_LinhaIndustrial_KMLub.png\",\"width\":1200,\"height\":1200},{\"@type\":\"BreadcrumbList\",\"@id\":\"https:\/\/bozza.com\/es\/produto\/kmlub-08\/#breadcrumb\",\"itemListElement\":[{\"@type\":\"ListItem\",\"position\":1,\"name\":\"In\u00edcio\",\"item\":\"https:\/\/bozza.com\/\"},{\"@type\":\"ListItem\",\"position\":2,\"name\":\"Produtos\",\"item\":\"https:\/\/bozza.com\/?page_id=70036\"},{\"@type\":\"ListItem\",\"position\":3,\"name\":\"KMLUB-08\"}]},{\"@type\":\"WebSite\",\"@id\":\"https:\/\/bozza.com\/#website\",\"url\":\"https:\/\/bozza.com\/\",\"name\":\"Bozza\",\"description\":\"Solu\u00e7\u00f5es em Lubrifica\u00e7\u00e3o\",\"publisher\":{\"@id\":\"https:\/\/bozza.com\/#organization\"},\"potentialAction\":[{\"@type\":\"SearchAction\",\"target\":{\"@type\":\"EntryPoint\",\"urlTemplate\":\"https:\/\/bozza.com\/?s={search_term_string}\"},\"query-input\":{\"@type\":\"PropertyValueSpecification\",\"valueRequired\":true,\"valueName\":\"search_term_string\"}}],\"inLanguage\":\"es\"},{\"@type\":\"Organization\",\"@id\":\"https:\/\/bozza.com\/#organization\",\"name\":\"Bozza\",\"url\":\"https:\/\/bozza.com\/\",\"logo\":{\"@type\":\"ImageObject\",\"inLanguage\":\"es\",\"@id\":\"https:\/\/bozza.com\/#\/schema\/logo\/image\/\",\"url\":\"\",\"contentUrl\":\"\",\"caption\":\"Bozza\"},\"image\":{\"@id\":\"https:\/\/bozza.com\/#\/schema\/logo\/image\/\"},\"sameAs\":[\"https:\/\/www.facebook.com\/bozza.oficial\/\",\"https:\/\/www.instagram.com\/bozzaoficial\/\",\"https:\/\/www.linkedin.com\/company\/bozza\/\",\"https:\/\/www.youtube.com\/channel\/UCQRiHYNpM4VQWF9YxVgSTsw?view_as=subscriber\"]}]}<\/script>\n<!-- \/ Yoast SEO plugin. -->","yoast_head_json":{"title":"KMLUB-08 | Bozza","robots":{"index":"index","follow":"follow","max-snippet":"max-snippet:-1","max-image-preview":"max-image-preview:large","max-video-preview":"max-video-preview:-1"},"canonical":"https:\/\/bozza.com\/es\/produto\/kmlub-08\/","og_locale":"es_ES","og_type":"article","og_title":"KMLUB-08 | Bozza","og_description":"Conjunto de equipos para el montaje de estaciones fijas de lubricaci\u00f3n. Estos conjuntos se pueden pedir en la cantidad que necesite en funci\u00f3n del tama\u00f1o de su estaci\u00f3n.","og_url":"https:\/\/bozza.com\/es\/produto\/kmlub-08\/","og_site_name":"Bozza","article_publisher":"https:\/\/www.facebook.com\/bozza.oficial\/","article_modified_time":"2026-02-10T07:51:03+00:00","og_image":[{"width":1200,"height":1200,"url":"https:\/\/bozza.com\/wp-content\/uploads\/2018\/09\/Bozza_Recortes_LinhaIndustrial_KMLub.png","type":"image\/png"}],"twitter_card":"summary_large_image","twitter_misc":{"Tiempo de lectura":"2 minutos"},"schema":{"@context":"https:\/\/schema.org","@graph":[{"@type":"WebPage","@id":"https:\/\/bozza.com\/es\/produto\/kmlub-08\/","url":"https:\/\/bozza.com\/es\/produto\/kmlub-08\/","name":"KMLUB-08 | Bozza","isPartOf":{"@id":"https:\/\/bozza.com\/#website"},"primaryImageOfPage":{"@id":"https:\/\/bozza.com\/es\/produto\/kmlub-08\/#primaryimage"},"image":{"@id":"https:\/\/bozza.com\/es\/produto\/kmlub-08\/#primaryimage"},"thumbnailUrl":"https:\/\/bozza.com\/wp-content\/uploads\/2018\/09\/Bozza_Recortes_LinhaIndustrial_KMLub.png","datePublished":"2018-09-20T12:55:12+00:00","dateModified":"2026-02-10T07:51:03+00:00","breadcrumb":{"@id":"https:\/\/bozza.com\/es\/produto\/kmlub-08\/#breadcrumb"},"inLanguage":"es","potentialAction":[{"@type":"ReadAction","target":["https:\/\/bozza.com\/es\/produto\/kmlub-08\/"]}]},{"@type":"ImageObject","inLanguage":"es","@id":"https:\/\/bozza.com\/es\/produto\/kmlub-08\/#primaryimage","url":"https:\/\/bozza.com\/wp-content\/uploads\/2018\/09\/Bozza_Recortes_LinhaIndustrial_KMLub.png","contentUrl":"https:\/\/bozza.com\/wp-content\/uploads\/2018\/09\/Bozza_Recortes_LinhaIndustrial_KMLub.png","width":1200,"height":1200},{"@type":"BreadcrumbList","@id":"https:\/\/bozza.com\/es\/produto\/kmlub-08\/#breadcrumb","itemListElement":[{"@type":"ListItem","position":1,"name":"In\u00edcio","item":"https:\/\/bozza.com\/"},{"@type":"ListItem","position":2,"name":"Produtos","item":"https:\/\/bozza.com\/?page_id=70036"},{"@type":"ListItem","position":3,"name":"KMLUB-08"}]},{"@type":"WebSite","@id":"https:\/\/bozza.com\/#website","url":"https:\/\/bozza.com\/","name":"Bozza","description":"Solu\u00e7\u00f5es em Lubrifica\u00e7\u00e3o","publisher":{"@id":"https:\/\/bozza.com\/#organization"},"potentialAction":[{"@type":"SearchAction","target":{"@type":"EntryPoint","urlTemplate":"https:\/\/bozza.com\/?s={search_term_string}"},"query-input":{"@type":"PropertyValueSpecification","valueRequired":true,"valueName":"search_term_string"}}],"inLanguage":"es"},{"@type":"Organization","@id":"https:\/\/bozza.com\/#organization","name":"Bozza","url":"https:\/\/bozza.com\/","logo":{"@type":"ImageObject","inLanguage":"es","@id":"https:\/\/bozza.com\/#\/schema\/logo\/image\/","url":"","contentUrl":"","caption":"Bozza"},"image":{"@id":"https:\/\/bozza.com\/#\/schema\/logo\/image\/"},"sameAs":["https:\/\/www.facebook.com\/bozza.oficial\/","https:\/\/www.instagram.com\/bozzaoficial\/","https:\/\/www.linkedin.com\/company\/bozza\/","https:\/\/www.youtube.com\/channel\/UCQRiHYNpM4VQWF9YxVgSTsw?view_as=subscriber"]}]}},"_links":{"self":[{"href":"https:\/\/bozza.com\/es\/wp-json\/wp\/v2\/product\/66734","targetHints":{"allow":["GET"]}}],"collection":[{"href":"https:\/\/bozza.com\/es\/wp-json\/wp\/v2\/product"}],"about":[{"href":"https:\/\/bozza.com\/es\/wp-json\/wp\/v2\/types\/product"}],"wp:featuredmedia":[{"embeddable":true,"href":"https:\/\/bozza.com\/es\/wp-json\/wp\/v2\/media\/1837"}],"wp:attachment":[{"href":"https:\/\/bozza.com\/es\/wp-json\/wp\/v2\/media?parent=66734"}],"wp:term":[{"taxonomy":"product_brand","embeddable":true,"href":"https:\/\/bozza.com\/es\/wp-json\/wp\/v2\/product_brand?post=66734"},{"taxonomy":"product_cat","embeddable":true,"href":"https:\/\/bozza.com\/es\/wp-json\/wp\/v2\/product_cat?post=66734"},{"taxonomy":"product_tag","embeddable":true,"href":"https:\/\/bozza.com\/es\/wp-json\/wp\/v2\/product_tag?post=66734"}],"curies":[{"name":"wp","href":"https:\/\/api.w.org\/{rel}","templated":true}]}}