{"id":66737,"date":"2018-09-20T09:50:33","date_gmt":"2018-09-20T12:50:33","guid":{"rendered":"https:\/\/www.bozza.com\/produto\/combfix\/"},"modified":"2024-06-26T08:23:26","modified_gmt":"2024-06-26T11:23:26","slug":"combfix","status":"publish","type":"product","link":"https:\/\/bozza.com\/es\/produto\/combfix\/","title":{"rendered":"COMBFIX"},"content":{"rendered":"<p><strong>1 Conjunto para Combustible (Di\u00e9sel), compuesto por:<\/strong><\/p>\n<ul>\n<li><span style=\"font-weight: 400;\">Bomba centr\u00edfuga con rotor de bronce, accionada por motor el\u00e9ctrico y sistema de filtrado;<\/span><\/li>\n<li><span style=\"font-weight: 400;\">Carrete retr\u00e1ctil para combustible (mod. DS15), con 15 metros de manguera de 1\u201d; Boquilla de abastecimiento autom\u00e1tico de 1\u201d co<\/span><span style=\"font-weight: 400;\">n caudal<\/span><span style=\"font-weight: 400;\"> de 80 litros\/min.<\/span><\/li>\n<\/ul>\n<p><strong>1 Conjunto para Aditivo (Aditivos para Radiador), compuesto por:<\/strong><\/p>\n<ul>\n<li><span style=\"font-weight: 400;\">Bomba centr\u00edfuga, accionada por motor el\u00e9ctrico; Carrete retr\u00e1ctil (mod.<\/span> <span style=\"font-weight: 400;\">17100Ret-OL15) con 15 metros de manguera de 1\u20442&#8243;; Boquilla ajustable con un caudal de 60 litros\/min.<\/span><\/li>\n<\/ul>\n<p><span style=\"font-weight: 400;\"><strong>1 Conjunto de reactivos (Arla 32), compuesto por:<\/strong> <\/span><\/p>\n<ul>\n<li><span style=\"font-weight: 400;\">Bomba de diafragma de 3\/4&#8243; con junta compatible con el reactivo (Arla 32), accionada por aire comprimido; manguera de 3\/4&#8243; con 5 metros; medidor modelo B-32 con un caudal de 10 a 100 litros\/min y una presi\u00f3n de trabajo de 145 PSI con soporte de fijaci\u00f3n; boquilla de abastecimiento Arla con un caudal de 60 litros\/min.<\/span><\/li>\n<li><span style=\"font-weight: 400;\">Precio mediante consulta.<\/span><\/li>\n<\/ul>\n","protected":false},"excerpt":{"rendered":"<p><span style=\"font-weight: 400;\">Conjunto de equipos montados en una estanter\u00eda fija para organizar y agilizar los servicios de abastecimiento de di\u00e9sel, Arla-32 y refrigeraci\u00f3n, adecuado para cualquier segmento que disponga de una flota de veh\u00edculos y camiones.<\/span><\/p>\n","protected":false},"featured_media":1993,"template":"","meta":{"_acf_changed":false},"product_brand":[],"product_cat":[335,328],"product_tag":[],"class_list":{"0":"post-66737","1":"product","2":"type-product","3":"status-publish","4":"has-post-thumbnail","6":"product_cat-linha-industrial-es","7":"product_cat-todos-os-produtos-es","9":"first","10":"instock","11":"shipping-taxable","12":"product-type-simple"},"acf":[],"yoast_head":"<!-- This site is optimized with the Yoast SEO plugin v26.9 - https:\/\/yoast.com\/product\/yoast-seo-wordpress\/ -->\n<title>COMBFIX | Bozza<\/title>\n<meta name=\"robots\" content=\"index, follow, max-snippet:-1, max-image-preview:large, max-video-preview:-1\" \/>\n<link rel=\"canonical\" href=\"https:\/\/bozza.com\/es\/produto\/combfix\/\" \/>\n<meta property=\"og:locale\" content=\"es_ES\" \/>\n<meta property=\"og:type\" content=\"article\" \/>\n<meta property=\"og:title\" content=\"COMBFIX | Bozza\" \/>\n<meta property=\"og:description\" content=\"Conjunto de equipos montados en una estanter\u00eda fija para organizar y agilizar los servicios de abastecimiento de di\u00e9sel, Arla-32 y refrigeraci\u00f3n, adecuado para cualquier segmento que disponga de una flota de veh\u00edculos y camiones.\" \/>\n<meta property=\"og:url\" content=\"https:\/\/bozza.com\/es\/produto\/combfix\/\" \/>\n<meta property=\"og:site_name\" content=\"Bozza\" \/>\n<meta property=\"article:publisher\" content=\"https:\/\/www.facebook.com\/bozza.oficial\/\" \/>\n<meta property=\"article:modified_time\" content=\"2024-06-26T11:23:26+00:00\" \/>\n<meta property=\"og:image\" content=\"https:\/\/bozza.com\/wp-content\/uploads\/2018\/09\/Bozza_Recortes_Restante_Combfix.png\" \/>\n\t<meta property=\"og:image:width\" content=\"1200\" \/>\n\t<meta property=\"og:image:height\" content=\"1200\" \/>\n\t<meta property=\"og:image:type\" content=\"image\/png\" \/>\n<meta name=\"twitter:card\" content=\"summary_large_image\" \/>\n<meta name=\"twitter:label1\" content=\"Tiempo de lectura\" \/>\n\t<meta name=\"twitter:data1\" content=\"1 minuto\" \/>\n<script type=\"application\/ld+json\" class=\"yoast-schema-graph\">{\"@context\":\"https:\/\/schema.org\",\"@graph\":[{\"@type\":\"WebPage\",\"@id\":\"https:\/\/bozza.com\/es\/produto\/combfix\/\",\"url\":\"https:\/\/bozza.com\/es\/produto\/combfix\/\",\"name\":\"COMBFIX | Bozza\",\"isPartOf\":{\"@id\":\"https:\/\/bozza.com\/#website\"},\"primaryImageOfPage\":{\"@id\":\"https:\/\/bozza.com\/es\/produto\/combfix\/#primaryimage\"},\"image\":{\"@id\":\"https:\/\/bozza.com\/es\/produto\/combfix\/#primaryimage\"},\"thumbnailUrl\":\"https:\/\/bozza.com\/wp-content\/uploads\/2018\/09\/Bozza_Recortes_Restante_Combfix.png\",\"datePublished\":\"2018-09-20T12:50:33+00:00\",\"dateModified\":\"2024-06-26T11:23:26+00:00\",\"breadcrumb\":{\"@id\":\"https:\/\/bozza.com\/es\/produto\/combfix\/#breadcrumb\"},\"inLanguage\":\"es\",\"potentialAction\":[{\"@type\":\"ReadAction\",\"target\":[\"https:\/\/bozza.com\/es\/produto\/combfix\/\"]}]},{\"@type\":\"ImageObject\",\"inLanguage\":\"es\",\"@id\":\"https:\/\/bozza.com\/es\/produto\/combfix\/#primaryimage\",\"url\":\"https:\/\/bozza.com\/wp-content\/uploads\/2018\/09\/Bozza_Recortes_Restante_Combfix.png\",\"contentUrl\":\"https:\/\/bozza.com\/wp-content\/uploads\/2018\/09\/Bozza_Recortes_Restante_Combfix.png\",\"width\":1200,\"height\":1200},{\"@type\":\"BreadcrumbList\",\"@id\":\"https:\/\/bozza.com\/es\/produto\/combfix\/#breadcrumb\",\"itemListElement\":[{\"@type\":\"ListItem\",\"position\":1,\"name\":\"In\u00edcio\",\"item\":\"https:\/\/bozza.com\/\"},{\"@type\":\"ListItem\",\"position\":2,\"name\":\"Produtos\",\"item\":\"https:\/\/bozza.com\/?page_id=70036\"},{\"@type\":\"ListItem\",\"position\":3,\"name\":\"COMBFIX\"}]},{\"@type\":\"WebSite\",\"@id\":\"https:\/\/bozza.com\/#website\",\"url\":\"https:\/\/bozza.com\/\",\"name\":\"Bozza\",\"description\":\"Solu\u00e7\u00f5es em Lubrifica\u00e7\u00e3o\",\"publisher\":{\"@id\":\"https:\/\/bozza.com\/#organization\"},\"potentialAction\":[{\"@type\":\"SearchAction\",\"target\":{\"@type\":\"EntryPoint\",\"urlTemplate\":\"https:\/\/bozza.com\/?s={search_term_string}\"},\"query-input\":{\"@type\":\"PropertyValueSpecification\",\"valueRequired\":true,\"valueName\":\"search_term_string\"}}],\"inLanguage\":\"es\"},{\"@type\":\"Organization\",\"@id\":\"https:\/\/bozza.com\/#organization\",\"name\":\"Bozza\",\"url\":\"https:\/\/bozza.com\/\",\"logo\":{\"@type\":\"ImageObject\",\"inLanguage\":\"es\",\"@id\":\"https:\/\/bozza.com\/#\/schema\/logo\/image\/\",\"url\":\"\",\"contentUrl\":\"\",\"caption\":\"Bozza\"},\"image\":{\"@id\":\"https:\/\/bozza.com\/#\/schema\/logo\/image\/\"},\"sameAs\":[\"https:\/\/www.facebook.com\/bozza.oficial\/\",\"https:\/\/www.instagram.com\/bozzaoficial\/\",\"https:\/\/www.linkedin.com\/company\/bozza\/\",\"https:\/\/www.youtube.com\/channel\/UCQRiHYNpM4VQWF9YxVgSTsw?view_as=subscriber\"]}]}<\/script>\n<!-- \/ Yoast SEO plugin. -->","yoast_head_json":{"title":"COMBFIX | Bozza","robots":{"index":"index","follow":"follow","max-snippet":"max-snippet:-1","max-image-preview":"max-image-preview:large","max-video-preview":"max-video-preview:-1"},"canonical":"https:\/\/bozza.com\/es\/produto\/combfix\/","og_locale":"es_ES","og_type":"article","og_title":"COMBFIX | Bozza","og_description":"Conjunto de equipos montados en una estanter\u00eda fija para organizar y agilizar los servicios de abastecimiento de di\u00e9sel, Arla-32 y refrigeraci\u00f3n, adecuado para cualquier segmento que disponga de una flota de veh\u00edculos y camiones.","og_url":"https:\/\/bozza.com\/es\/produto\/combfix\/","og_site_name":"Bozza","article_publisher":"https:\/\/www.facebook.com\/bozza.oficial\/","article_modified_time":"2024-06-26T11:23:26+00:00","og_image":[{"width":1200,"height":1200,"url":"https:\/\/bozza.com\/wp-content\/uploads\/2018\/09\/Bozza_Recortes_Restante_Combfix.png","type":"image\/png"}],"twitter_card":"summary_large_image","twitter_misc":{"Tiempo de lectura":"1 minuto"},"schema":{"@context":"https:\/\/schema.org","@graph":[{"@type":"WebPage","@id":"https:\/\/bozza.com\/es\/produto\/combfix\/","url":"https:\/\/bozza.com\/es\/produto\/combfix\/","name":"COMBFIX | Bozza","isPartOf":{"@id":"https:\/\/bozza.com\/#website"},"primaryImageOfPage":{"@id":"https:\/\/bozza.com\/es\/produto\/combfix\/#primaryimage"},"image":{"@id":"https:\/\/bozza.com\/es\/produto\/combfix\/#primaryimage"},"thumbnailUrl":"https:\/\/bozza.com\/wp-content\/uploads\/2018\/09\/Bozza_Recortes_Restante_Combfix.png","datePublished":"2018-09-20T12:50:33+00:00","dateModified":"2024-06-26T11:23:26+00:00","breadcrumb":{"@id":"https:\/\/bozza.com\/es\/produto\/combfix\/#breadcrumb"},"inLanguage":"es","potentialAction":[{"@type":"ReadAction","target":["https:\/\/bozza.com\/es\/produto\/combfix\/"]}]},{"@type":"ImageObject","inLanguage":"es","@id":"https:\/\/bozza.com\/es\/produto\/combfix\/#primaryimage","url":"https:\/\/bozza.com\/wp-content\/uploads\/2018\/09\/Bozza_Recortes_Restante_Combfix.png","contentUrl":"https:\/\/bozza.com\/wp-content\/uploads\/2018\/09\/Bozza_Recortes_Restante_Combfix.png","width":1200,"height":1200},{"@type":"BreadcrumbList","@id":"https:\/\/bozza.com\/es\/produto\/combfix\/#breadcrumb","itemListElement":[{"@type":"ListItem","position":1,"name":"In\u00edcio","item":"https:\/\/bozza.com\/"},{"@type":"ListItem","position":2,"name":"Produtos","item":"https:\/\/bozza.com\/?page_id=70036"},{"@type":"ListItem","position":3,"name":"COMBFIX"}]},{"@type":"WebSite","@id":"https:\/\/bozza.com\/#website","url":"https:\/\/bozza.com\/","name":"Bozza","description":"Solu\u00e7\u00f5es em Lubrifica\u00e7\u00e3o","publisher":{"@id":"https:\/\/bozza.com\/#organization"},"potentialAction":[{"@type":"SearchAction","target":{"@type":"EntryPoint","urlTemplate":"https:\/\/bozza.com\/?s={search_term_string}"},"query-input":{"@type":"PropertyValueSpecification","valueRequired":true,"valueName":"search_term_string"}}],"inLanguage":"es"},{"@type":"Organization","@id":"https:\/\/bozza.com\/#organization","name":"Bozza","url":"https:\/\/bozza.com\/","logo":{"@type":"ImageObject","inLanguage":"es","@id":"https:\/\/bozza.com\/#\/schema\/logo\/image\/","url":"","contentUrl":"","caption":"Bozza"},"image":{"@id":"https:\/\/bozza.com\/#\/schema\/logo\/image\/"},"sameAs":["https:\/\/www.facebook.com\/bozza.oficial\/","https:\/\/www.instagram.com\/bozzaoficial\/","https:\/\/www.linkedin.com\/company\/bozza\/","https:\/\/www.youtube.com\/channel\/UCQRiHYNpM4VQWF9YxVgSTsw?view_as=subscriber"]}]}},"_links":{"self":[{"href":"https:\/\/bozza.com\/es\/wp-json\/wp\/v2\/product\/66737","targetHints":{"allow":["GET"]}}],"collection":[{"href":"https:\/\/bozza.com\/es\/wp-json\/wp\/v2\/product"}],"about":[{"href":"https:\/\/bozza.com\/es\/wp-json\/wp\/v2\/types\/product"}],"wp:featuredmedia":[{"embeddable":true,"href":"https:\/\/bozza.com\/es\/wp-json\/wp\/v2\/media\/1993"}],"wp:attachment":[{"href":"https:\/\/bozza.com\/es\/wp-json\/wp\/v2\/media?parent=66737"}],"wp:term":[{"taxonomy":"product_brand","embeddable":true,"href":"https:\/\/bozza.com\/es\/wp-json\/wp\/v2\/product_brand?post=66737"},{"taxonomy":"product_cat","embeddable":true,"href":"https:\/\/bozza.com\/es\/wp-json\/wp\/v2\/product_cat?post=66737"},{"taxonomy":"product_tag","embeddable":true,"href":"https:\/\/bozza.com\/es\/wp-json\/wp\/v2\/product_tag?post=66737"}],"curies":[{"name":"wp","href":"https:\/\/api.w.org\/{rel}","templated":true}]}}