{"id":66741,"date":"2018-09-20T09:45:23","date_gmt":"2018-09-20T12:45:23","guid":{"rendered":"https:\/\/www.bozza.com\/produto\/lubfix-pn-5\/"},"modified":"2024-07-01T23:55:38","modified_gmt":"2024-07-02T02:55:38","slug":"lubfix-pn-5","status":"publish","type":"product","link":"https:\/\/bozza.com\/es\/produto\/lubfix-pn-5\/","title":{"rendered":"LUBFIX-PN-5"},"content":{"rendered":"<p><span style=\"font-weight: 400;\"><strong>3 Conjuntos para aceite, compuestos por:<\/strong> <\/span><\/p>\n<ul>\n<li><span style=\"font-weight: 400;\">Bomba neum\u00e1tica para aceite (mod. 12021-P-G4);<\/span><\/li>\n<li><span style=\"font-weight: 400;\">Carrete retr\u00e1ctil para aceite (mod. 17100Ret-OL15) con 15 metros de manguera de 1\u20442\u201d; Medidor digital (mod. B-900) con caudal de 20 litros\/min. y presi\u00f3n de trabajo de 90 PSI.<\/span><\/li>\n<\/ul>\n<p><span style=\"font-weight: 400;\"><strong>1 Conjunto para grasa, compuesto por:<\/strong> <\/span><\/p>\n<ul>\n<li><span style=\"font-weight: 400;\">Bomba neum\u00e1tica para grasa (mod.<\/span><span style=\"font-weight: 400;\"> 12020-G4);<\/span><\/li>\n<li><span style=\"font-weight: 400;\">Carrete Retr\u00e1ctil para Grasa (mod. 17100Ret-GR15) con 15 metros de manguera de 1\u20444\u201d;<\/span><\/li>\n<li><span style=\"font-weight: 400;\">V\u00e1lvula de control de grasa (mod. 5040).<\/span><\/li>\n<\/ul>\n<p><span style=\"font-weight: 400;\"><strong>1 Conjunto para aire, compuesto por:<\/strong> <\/span><\/p>\n<ul>\n<li><span style=\"font-weight: 400;\">Carrete Retr\u00e1ctil para aire (mod. 17100Ret-AR15) con 15 metros de manguera de 1\u20442\u201d.<\/span><\/li>\n<li><span style=\"font-weight: 400;\">Precio mediante consulta.<\/span><\/li>\n<\/ul>\n","protected":false},"excerpt":{"rendered":"<p><span style=\"font-weight: 400;\">Conjunto de equipos montados en un estante fijo para organizar y agilizar los servicios de lubricaci\u00f3n con aceite\/grasa, indicado para cualquier segmento que tenga una flota de autom\u00f3viles y camiones.<\/span><\/p>\n","protected":false},"featured_media":1997,"template":"","meta":{"_acf_changed":false},"product_brand":[],"product_cat":[335,328],"product_tag":[],"class_list":{"0":"post-66741","1":"product","2":"type-product","3":"status-publish","4":"has-post-thumbnail","6":"product_cat-linha-industrial-es","7":"product_cat-todos-os-produtos-es","9":"first","10":"instock","11":"shipping-taxable","12":"product-type-simple"},"acf":[],"yoast_head":"<!-- This site is optimized with the Yoast SEO plugin v26.9 - https:\/\/yoast.com\/product\/yoast-seo-wordpress\/ -->\n<title>LUBFIX-PN-5 | Bozza<\/title>\n<meta name=\"robots\" content=\"index, follow, max-snippet:-1, max-image-preview:large, max-video-preview:-1\" \/>\n<link rel=\"canonical\" href=\"https:\/\/bozza.com\/es\/produto\/lubfix-pn-5\/\" \/>\n<meta property=\"og:locale\" content=\"es_ES\" \/>\n<meta property=\"og:type\" content=\"article\" \/>\n<meta property=\"og:title\" content=\"LUBFIX-PN-5 | Bozza\" \/>\n<meta property=\"og:description\" content=\"Conjunto de equipos montados en un estante fijo para organizar y agilizar los servicios de lubricaci\u00f3n con aceite\/grasa, indicado para cualquier segmento que tenga una flota de autom\u00f3viles y camiones.\" \/>\n<meta property=\"og:url\" content=\"https:\/\/bozza.com\/es\/produto\/lubfix-pn-5\/\" \/>\n<meta property=\"og:site_name\" content=\"Bozza\" \/>\n<meta property=\"article:publisher\" content=\"https:\/\/www.facebook.com\/bozza.oficial\/\" \/>\n<meta property=\"article:modified_time\" content=\"2024-07-02T02:55:38+00:00\" \/>\n<meta property=\"og:image\" content=\"https:\/\/bozza.com\/wp-content\/uploads\/2018\/09\/Bozza_Recortes_Restante_LUBFIX-PN.png\" \/>\n\t<meta property=\"og:image:width\" content=\"1200\" \/>\n\t<meta property=\"og:image:height\" content=\"1200\" \/>\n\t<meta property=\"og:image:type\" content=\"image\/png\" \/>\n<meta name=\"twitter:card\" content=\"summary_large_image\" \/>\n<meta name=\"twitter:label1\" content=\"Tiempo de lectura\" \/>\n\t<meta name=\"twitter:data1\" content=\"1 minuto\" \/>\n<script type=\"application\/ld+json\" class=\"yoast-schema-graph\">{\"@context\":\"https:\/\/schema.org\",\"@graph\":[{\"@type\":\"WebPage\",\"@id\":\"https:\/\/bozza.com\/es\/produto\/lubfix-pn-5\/\",\"url\":\"https:\/\/bozza.com\/es\/produto\/lubfix-pn-5\/\",\"name\":\"LUBFIX-PN-5 | Bozza\",\"isPartOf\":{\"@id\":\"https:\/\/bozza.com\/#website\"},\"primaryImageOfPage\":{\"@id\":\"https:\/\/bozza.com\/es\/produto\/lubfix-pn-5\/#primaryimage\"},\"image\":{\"@id\":\"https:\/\/bozza.com\/es\/produto\/lubfix-pn-5\/#primaryimage\"},\"thumbnailUrl\":\"https:\/\/bozza.com\/wp-content\/uploads\/2018\/09\/Bozza_Recortes_Restante_LUBFIX-PN.png\",\"datePublished\":\"2018-09-20T12:45:23+00:00\",\"dateModified\":\"2024-07-02T02:55:38+00:00\",\"breadcrumb\":{\"@id\":\"https:\/\/bozza.com\/es\/produto\/lubfix-pn-5\/#breadcrumb\"},\"inLanguage\":\"es\",\"potentialAction\":[{\"@type\":\"ReadAction\",\"target\":[\"https:\/\/bozza.com\/es\/produto\/lubfix-pn-5\/\"]}]},{\"@type\":\"ImageObject\",\"inLanguage\":\"es\",\"@id\":\"https:\/\/bozza.com\/es\/produto\/lubfix-pn-5\/#primaryimage\",\"url\":\"https:\/\/bozza.com\/wp-content\/uploads\/2018\/09\/Bozza_Recortes_Restante_LUBFIX-PN.png\",\"contentUrl\":\"https:\/\/bozza.com\/wp-content\/uploads\/2018\/09\/Bozza_Recortes_Restante_LUBFIX-PN.png\",\"width\":1200,\"height\":1200},{\"@type\":\"BreadcrumbList\",\"@id\":\"https:\/\/bozza.com\/es\/produto\/lubfix-pn-5\/#breadcrumb\",\"itemListElement\":[{\"@type\":\"ListItem\",\"position\":1,\"name\":\"In\u00edcio\",\"item\":\"https:\/\/bozza.com\/\"},{\"@type\":\"ListItem\",\"position\":2,\"name\":\"Produtos\",\"item\":\"https:\/\/bozza.com\/?page_id=70036\"},{\"@type\":\"ListItem\",\"position\":3,\"name\":\"LUBFIX-PN-5\"}]},{\"@type\":\"WebSite\",\"@id\":\"https:\/\/bozza.com\/#website\",\"url\":\"https:\/\/bozza.com\/\",\"name\":\"Bozza\",\"description\":\"Solu\u00e7\u00f5es em Lubrifica\u00e7\u00e3o\",\"publisher\":{\"@id\":\"https:\/\/bozza.com\/#organization\"},\"potentialAction\":[{\"@type\":\"SearchAction\",\"target\":{\"@type\":\"EntryPoint\",\"urlTemplate\":\"https:\/\/bozza.com\/?s={search_term_string}\"},\"query-input\":{\"@type\":\"PropertyValueSpecification\",\"valueRequired\":true,\"valueName\":\"search_term_string\"}}],\"inLanguage\":\"es\"},{\"@type\":\"Organization\",\"@id\":\"https:\/\/bozza.com\/#organization\",\"name\":\"Bozza\",\"url\":\"https:\/\/bozza.com\/\",\"logo\":{\"@type\":\"ImageObject\",\"inLanguage\":\"es\",\"@id\":\"https:\/\/bozza.com\/#\/schema\/logo\/image\/\",\"url\":\"\",\"contentUrl\":\"\",\"caption\":\"Bozza\"},\"image\":{\"@id\":\"https:\/\/bozza.com\/#\/schema\/logo\/image\/\"},\"sameAs\":[\"https:\/\/www.facebook.com\/bozza.oficial\/\",\"https:\/\/www.instagram.com\/bozzaoficial\/\",\"https:\/\/www.linkedin.com\/company\/bozza\/\",\"https:\/\/www.youtube.com\/channel\/UCQRiHYNpM4VQWF9YxVgSTsw?view_as=subscriber\"]}]}<\/script>\n<!-- \/ Yoast SEO plugin. -->","yoast_head_json":{"title":"LUBFIX-PN-5 | Bozza","robots":{"index":"index","follow":"follow","max-snippet":"max-snippet:-1","max-image-preview":"max-image-preview:large","max-video-preview":"max-video-preview:-1"},"canonical":"https:\/\/bozza.com\/es\/produto\/lubfix-pn-5\/","og_locale":"es_ES","og_type":"article","og_title":"LUBFIX-PN-5 | Bozza","og_description":"Conjunto de equipos montados en un estante fijo para organizar y agilizar los servicios de lubricaci\u00f3n con aceite\/grasa, indicado para cualquier segmento que tenga una flota de autom\u00f3viles y camiones.","og_url":"https:\/\/bozza.com\/es\/produto\/lubfix-pn-5\/","og_site_name":"Bozza","article_publisher":"https:\/\/www.facebook.com\/bozza.oficial\/","article_modified_time":"2024-07-02T02:55:38+00:00","og_image":[{"width":1200,"height":1200,"url":"https:\/\/bozza.com\/wp-content\/uploads\/2018\/09\/Bozza_Recortes_Restante_LUBFIX-PN.png","type":"image\/png"}],"twitter_card":"summary_large_image","twitter_misc":{"Tiempo de lectura":"1 minuto"},"schema":{"@context":"https:\/\/schema.org","@graph":[{"@type":"WebPage","@id":"https:\/\/bozza.com\/es\/produto\/lubfix-pn-5\/","url":"https:\/\/bozza.com\/es\/produto\/lubfix-pn-5\/","name":"LUBFIX-PN-5 | Bozza","isPartOf":{"@id":"https:\/\/bozza.com\/#website"},"primaryImageOfPage":{"@id":"https:\/\/bozza.com\/es\/produto\/lubfix-pn-5\/#primaryimage"},"image":{"@id":"https:\/\/bozza.com\/es\/produto\/lubfix-pn-5\/#primaryimage"},"thumbnailUrl":"https:\/\/bozza.com\/wp-content\/uploads\/2018\/09\/Bozza_Recortes_Restante_LUBFIX-PN.png","datePublished":"2018-09-20T12:45:23+00:00","dateModified":"2024-07-02T02:55:38+00:00","breadcrumb":{"@id":"https:\/\/bozza.com\/es\/produto\/lubfix-pn-5\/#breadcrumb"},"inLanguage":"es","potentialAction":[{"@type":"ReadAction","target":["https:\/\/bozza.com\/es\/produto\/lubfix-pn-5\/"]}]},{"@type":"ImageObject","inLanguage":"es","@id":"https:\/\/bozza.com\/es\/produto\/lubfix-pn-5\/#primaryimage","url":"https:\/\/bozza.com\/wp-content\/uploads\/2018\/09\/Bozza_Recortes_Restante_LUBFIX-PN.png","contentUrl":"https:\/\/bozza.com\/wp-content\/uploads\/2018\/09\/Bozza_Recortes_Restante_LUBFIX-PN.png","width":1200,"height":1200},{"@type":"BreadcrumbList","@id":"https:\/\/bozza.com\/es\/produto\/lubfix-pn-5\/#breadcrumb","itemListElement":[{"@type":"ListItem","position":1,"name":"In\u00edcio","item":"https:\/\/bozza.com\/"},{"@type":"ListItem","position":2,"name":"Produtos","item":"https:\/\/bozza.com\/?page_id=70036"},{"@type":"ListItem","position":3,"name":"LUBFIX-PN-5"}]},{"@type":"WebSite","@id":"https:\/\/bozza.com\/#website","url":"https:\/\/bozza.com\/","name":"Bozza","description":"Solu\u00e7\u00f5es em Lubrifica\u00e7\u00e3o","publisher":{"@id":"https:\/\/bozza.com\/#organization"},"potentialAction":[{"@type":"SearchAction","target":{"@type":"EntryPoint","urlTemplate":"https:\/\/bozza.com\/?s={search_term_string}"},"query-input":{"@type":"PropertyValueSpecification","valueRequired":true,"valueName":"search_term_string"}}],"inLanguage":"es"},{"@type":"Organization","@id":"https:\/\/bozza.com\/#organization","name":"Bozza","url":"https:\/\/bozza.com\/","logo":{"@type":"ImageObject","inLanguage":"es","@id":"https:\/\/bozza.com\/#\/schema\/logo\/image\/","url":"","contentUrl":"","caption":"Bozza"},"image":{"@id":"https:\/\/bozza.com\/#\/schema\/logo\/image\/"},"sameAs":["https:\/\/www.facebook.com\/bozza.oficial\/","https:\/\/www.instagram.com\/bozzaoficial\/","https:\/\/www.linkedin.com\/company\/bozza\/","https:\/\/www.youtube.com\/channel\/UCQRiHYNpM4VQWF9YxVgSTsw?view_as=subscriber"]}]}},"_links":{"self":[{"href":"https:\/\/bozza.com\/es\/wp-json\/wp\/v2\/product\/66741","targetHints":{"allow":["GET"]}}],"collection":[{"href":"https:\/\/bozza.com\/es\/wp-json\/wp\/v2\/product"}],"about":[{"href":"https:\/\/bozza.com\/es\/wp-json\/wp\/v2\/types\/product"}],"wp:featuredmedia":[{"embeddable":true,"href":"https:\/\/bozza.com\/es\/wp-json\/wp\/v2\/media\/1997"}],"wp:attachment":[{"href":"https:\/\/bozza.com\/es\/wp-json\/wp\/v2\/media?parent=66741"}],"wp:term":[{"taxonomy":"product_brand","embeddable":true,"href":"https:\/\/bozza.com\/es\/wp-json\/wp\/v2\/product_brand?post=66741"},{"taxonomy":"product_cat","embeddable":true,"href":"https:\/\/bozza.com\/es\/wp-json\/wp\/v2\/product_cat?post=66741"},{"taxonomy":"product_tag","embeddable":true,"href":"https:\/\/bozza.com\/es\/wp-json\/wp\/v2\/product_tag?post=66741"}],"curies":[{"name":"wp","href":"https:\/\/api.w.org\/{rel}","templated":true}]}}