{"id":66750,"date":"2018-09-20T09:23:56","date_gmt":"2018-09-20T12:23:56","guid":{"rendered":"https:\/\/www.bozza.com\/produto\/12201-m-n\/"},"modified":"2026-02-10T04:58:22","modified_gmt":"2026-02-10T07:58:22","slug":"12201-m-n","status":"publish","type":"product","link":"https:\/\/bozza.com\/es\/produto\/12201-m-n\/","title":{"rendered":"EQUIPO M\u00d3VIL DE LUBRICACI\u00d3N 12201-M-N"},"content":{"rendered":"<ul>\n<li><span style=\"font-weight: 400;\">Capacidad recipiente de <\/span><span style=\"font-weight: 400;\">200 L (no incluido)<\/span><\/li>\n<li><span style=\"font-weight: 400;\">Caudal<\/span> <span style=\"font-weight: 400;\">libre 25 L\/min<\/span><\/li>\n<li><span style=\"font-weight: 400;\">Proporci\u00f3n 3:1<\/span><\/li>\n<li><span style=\"font-weight: 400;\">Entrada de aire 1\u2044 4\u201d Rosca NPT<\/span><\/li>\n<li><span style=\"font-weight: 400;\">Salida Producto MF 1\/2\u201d JIC37<\/span><\/li>\n<li><span style=\"font-weight: 400;\">Presi\u00f3n trabajo 80 \u2013 100 PSI (5,5 &#8211; 6,9 BAR)<\/span><\/li>\n<li><span style=\"font-weight: 400;\">Presi\u00f3n<\/span><span style=\"font-weight: 400;\"> de<\/span><span style=\"font-weight: 400;\"> salida\u00a0 240 \u2013 300 PSI (16,5 \u2013 20,6 BAR)<\/span><\/li>\n<li><span style=\"font-weight: 400;\">Consumo de aire 10 pies\u00b3\/minuto<\/span><\/li>\n<li><span style=\"font-weight: 400;\">Precio mediante consulta<\/span><\/li>\n<\/ul>\n","protected":false},"excerpt":{"rendered":"<p><span style=\"font-weight: 400;\">Equipo m\u00f3vil para la lubricaci\u00f3n y transporte de recipientes de 200 litros de aceite, accionado por una bomba neum\u00e1tica, dotado de una v\u00e1lvula de medici\u00f3n digital para el control del consumo de lubricante. Ideal para empresas de autobuses, transportistas, concesionarios e industrias en general.<\/span><\/p>\n","protected":false},"featured_media":58072,"template":"","meta":{"_acf_changed":false},"product_brand":[],"product_cat":[335,328],"product_tag":[355,356,331],"class_list":{"0":"post-66750","1":"product","2":"type-product","3":"status-publish","4":"has-post-thumbnail","6":"product_cat-linha-industrial-es","7":"product_cat-todos-os-produtos-es","8":"product_tag-lubrificacao-es","9":"product_tag-movel-es","10":"product_tag-transporte-es","12":"first","13":"instock","14":"featured","15":"shipping-taxable","16":"product-type-simple"},"acf":[],"yoast_head":"<!-- This site is optimized with the Yoast SEO plugin v26.9 - https:\/\/yoast.com\/product\/yoast-seo-wordpress\/ -->\n<title>EQUIPO M\u00d3VIL DE LUBRICACI\u00d3N 12201-M-N | Bozza<\/title>\n<meta name=\"description\" content=\"Equipamento mo\u0301vel para lubrificac\u0327a\u0303o e transporte de tambores de at\u00e9 209 L de o\u0301leo, acionada por propulsora pneuma\u0301tica dotada de pistola medidora digital que permite controlar o consumo do lubrificante ideal para empresas de o\u0302nibus, transportadora, concessiona\u0301rias e indu\u0301strias em geral.\" \/>\n<meta name=\"robots\" content=\"index, follow, max-snippet:-1, max-image-preview:large, max-video-preview:-1\" \/>\n<link rel=\"canonical\" href=\"https:\/\/bozza.com\/produto\/equipamento-movel-para-lubrificacao12201-m-n\/\" \/>\n<meta property=\"og:locale\" content=\"es_ES\" \/>\n<meta property=\"og:type\" content=\"article\" \/>\n<meta property=\"og:title\" content=\"EQUIPO M\u00d3VIL DE LUBRICACI\u00d3N 12201-M-N | Bozza\" \/>\n<meta property=\"og:description\" content=\"Equipamento mo\u0301vel para lubrificac\u0327a\u0303o e transporte de tambores de at\u00e9 209 L de o\u0301leo, acionada por propulsora pneuma\u0301tica dotada de pistola medidora digital que permite controlar o consumo do lubrificante ideal para empresas de o\u0302nibus, transportadora, concessiona\u0301rias e indu\u0301strias em geral.\" \/>\n<meta property=\"og:url\" content=\"https:\/\/bozza.com\/produto\/equipamento-movel-para-lubrificacao12201-m-n\/\" \/>\n<meta property=\"og:site_name\" content=\"Bozza\" \/>\n<meta property=\"article:publisher\" content=\"https:\/\/www.facebook.com\/bozza.oficial\/\" \/>\n<meta property=\"article:modified_time\" content=\"2026-02-10T07:58:22+00:00\" \/>\n<meta property=\"og:image\" content=\"https:\/\/bozza.com\/wp-content\/uploads\/2018\/09\/01.421.0051_12201-M-N-PRETO_EQUIPAMENTO-MOVEL-LUBRIFICACAO.jpg\" \/>\n\t<meta property=\"og:image:width\" content=\"1080\" \/>\n\t<meta property=\"og:image:height\" content=\"1080\" \/>\n\t<meta property=\"og:image:type\" content=\"image\/jpeg\" \/>\n<meta name=\"twitter:card\" content=\"summary_large_image\" \/>\n<meta name=\"twitter:label1\" content=\"Tiempo de lectura\" \/>\n\t<meta name=\"twitter:data1\" content=\"1 minuto\" \/>\n<script type=\"application\/ld+json\" class=\"yoast-schema-graph\">{\"@context\":\"https:\/\/schema.org\",\"@graph\":[{\"@type\":\"WebPage\",\"@id\":\"https:\/\/bozza.com\/produto\/equipamento-movel-para-lubrificacao12201-m-n\/\",\"url\":\"https:\/\/bozza.com\/produto\/equipamento-movel-para-lubrificacao12201-m-n\/\",\"name\":\"EQUIPO M\u00d3VIL DE LUBRICACI\u00d3N 12201-M-N | Bozza\",\"isPartOf\":{\"@id\":\"https:\/\/bozza.com\/#website\"},\"primaryImageOfPage\":{\"@id\":\"https:\/\/bozza.com\/produto\/equipamento-movel-para-lubrificacao12201-m-n\/#primaryimage\"},\"image\":{\"@id\":\"https:\/\/bozza.com\/produto\/equipamento-movel-para-lubrificacao12201-m-n\/#primaryimage\"},\"thumbnailUrl\":\"https:\/\/bozza.com\/wp-content\/uploads\/2018\/09\/01.421.0051_12201-M-N-PRETO_EQUIPAMENTO-MOVEL-LUBRIFICACAO.jpg\",\"datePublished\":\"2018-09-20T12:23:56+00:00\",\"dateModified\":\"2026-02-10T07:58:22+00:00\",\"description\":\"Equipamento mo\u0301vel para lubrificac\u0327a\u0303o e transporte de tambores de at\u00e9 209 L de o\u0301leo, acionada por propulsora pneuma\u0301tica dotada de pistola medidora digital que permite controlar o consumo do lubrificante ideal para empresas de o\u0302nibus, transportadora, concessiona\u0301rias e indu\u0301strias em geral.\",\"breadcrumb\":{\"@id\":\"https:\/\/bozza.com\/produto\/equipamento-movel-para-lubrificacao12201-m-n\/#breadcrumb\"},\"inLanguage\":\"es\",\"potentialAction\":[{\"@type\":\"ReadAction\",\"target\":[\"https:\/\/bozza.com\/produto\/equipamento-movel-para-lubrificacao12201-m-n\/\"]}]},{\"@type\":\"ImageObject\",\"inLanguage\":\"es\",\"@id\":\"https:\/\/bozza.com\/produto\/equipamento-movel-para-lubrificacao12201-m-n\/#primaryimage\",\"url\":\"https:\/\/bozza.com\/wp-content\/uploads\/2018\/09\/01.421.0051_12201-M-N-PRETO_EQUIPAMENTO-MOVEL-LUBRIFICACAO.jpg\",\"contentUrl\":\"https:\/\/bozza.com\/wp-content\/uploads\/2018\/09\/01.421.0051_12201-M-N-PRETO_EQUIPAMENTO-MOVEL-LUBRIFICACAO.jpg\",\"width\":1080,\"height\":1080},{\"@type\":\"BreadcrumbList\",\"@id\":\"https:\/\/bozza.com\/produto\/equipamento-movel-para-lubrificacao12201-m-n\/#breadcrumb\",\"itemListElement\":[{\"@type\":\"ListItem\",\"position\":1,\"name\":\"In\u00edcio\",\"item\":\"https:\/\/bozza.com\/\"},{\"@type\":\"ListItem\",\"position\":2,\"name\":\"Produtos\",\"item\":\"https:\/\/bozza.com\/?page_id=70036\"},{\"@type\":\"ListItem\",\"position\":3,\"name\":\"EQUIPO M\u00d3VIL DE LUBRICACI\u00d3N 12201-M-N\"}]},{\"@type\":\"WebSite\",\"@id\":\"https:\/\/bozza.com\/#website\",\"url\":\"https:\/\/bozza.com\/\",\"name\":\"Bozza\",\"description\":\"Solu\u00e7\u00f5es em Lubrifica\u00e7\u00e3o\",\"publisher\":{\"@id\":\"https:\/\/bozza.com\/#organization\"},\"potentialAction\":[{\"@type\":\"SearchAction\",\"target\":{\"@type\":\"EntryPoint\",\"urlTemplate\":\"https:\/\/bozza.com\/?s={search_term_string}\"},\"query-input\":{\"@type\":\"PropertyValueSpecification\",\"valueRequired\":true,\"valueName\":\"search_term_string\"}}],\"inLanguage\":\"es\"},{\"@type\":\"Organization\",\"@id\":\"https:\/\/bozza.com\/#organization\",\"name\":\"Bozza\",\"url\":\"https:\/\/bozza.com\/\",\"logo\":{\"@type\":\"ImageObject\",\"inLanguage\":\"es\",\"@id\":\"https:\/\/bozza.com\/#\/schema\/logo\/image\/\",\"url\":\"\",\"contentUrl\":\"\",\"caption\":\"Bozza\"},\"image\":{\"@id\":\"https:\/\/bozza.com\/#\/schema\/logo\/image\/\"},\"sameAs\":[\"https:\/\/www.facebook.com\/bozza.oficial\/\",\"https:\/\/www.instagram.com\/bozzaoficial\/\",\"https:\/\/www.linkedin.com\/company\/bozza\/\",\"https:\/\/www.youtube.com\/channel\/UCQRiHYNpM4VQWF9YxVgSTsw?view_as=subscriber\"]}]}<\/script>\n<!-- \/ Yoast SEO plugin. -->","yoast_head_json":{"title":"EQUIPO M\u00d3VIL DE LUBRICACI\u00d3N 12201-M-N | Bozza","description":"Equipamento mo\u0301vel para lubrificac\u0327a\u0303o e transporte de tambores de at\u00e9 209 L de o\u0301leo, acionada por propulsora pneuma\u0301tica dotada de pistola medidora digital que permite controlar o consumo do lubrificante ideal para empresas de o\u0302nibus, transportadora, concessiona\u0301rias e indu\u0301strias em geral.","robots":{"index":"index","follow":"follow","max-snippet":"max-snippet:-1","max-image-preview":"max-image-preview:large","max-video-preview":"max-video-preview:-1"},"canonical":"https:\/\/bozza.com\/produto\/equipamento-movel-para-lubrificacao12201-m-n\/","og_locale":"es_ES","og_type":"article","og_title":"EQUIPO M\u00d3VIL DE LUBRICACI\u00d3N 12201-M-N | Bozza","og_description":"Equipamento mo\u0301vel para lubrificac\u0327a\u0303o e transporte de tambores de at\u00e9 209 L de o\u0301leo, acionada por propulsora pneuma\u0301tica dotada de pistola medidora digital que permite controlar o consumo do lubrificante ideal para empresas de o\u0302nibus, transportadora, concessiona\u0301rias e indu\u0301strias em geral.","og_url":"https:\/\/bozza.com\/produto\/equipamento-movel-para-lubrificacao12201-m-n\/","og_site_name":"Bozza","article_publisher":"https:\/\/www.facebook.com\/bozza.oficial\/","article_modified_time":"2026-02-10T07:58:22+00:00","og_image":[{"width":1080,"height":1080,"url":"https:\/\/bozza.com\/wp-content\/uploads\/2018\/09\/01.421.0051_12201-M-N-PRETO_EQUIPAMENTO-MOVEL-LUBRIFICACAO.jpg","type":"image\/jpeg"}],"twitter_card":"summary_large_image","twitter_misc":{"Tiempo de lectura":"1 minuto"},"schema":{"@context":"https:\/\/schema.org","@graph":[{"@type":"WebPage","@id":"https:\/\/bozza.com\/produto\/equipamento-movel-para-lubrificacao12201-m-n\/","url":"https:\/\/bozza.com\/produto\/equipamento-movel-para-lubrificacao12201-m-n\/","name":"EQUIPO M\u00d3VIL DE LUBRICACI\u00d3N 12201-M-N | Bozza","isPartOf":{"@id":"https:\/\/bozza.com\/#website"},"primaryImageOfPage":{"@id":"https:\/\/bozza.com\/produto\/equipamento-movel-para-lubrificacao12201-m-n\/#primaryimage"},"image":{"@id":"https:\/\/bozza.com\/produto\/equipamento-movel-para-lubrificacao12201-m-n\/#primaryimage"},"thumbnailUrl":"https:\/\/bozza.com\/wp-content\/uploads\/2018\/09\/01.421.0051_12201-M-N-PRETO_EQUIPAMENTO-MOVEL-LUBRIFICACAO.jpg","datePublished":"2018-09-20T12:23:56+00:00","dateModified":"2026-02-10T07:58:22+00:00","description":"Equipamento mo\u0301vel para lubrificac\u0327a\u0303o e transporte de tambores de at\u00e9 209 L de o\u0301leo, acionada por propulsora pneuma\u0301tica dotada de pistola medidora digital que permite controlar o consumo do lubrificante ideal para empresas de o\u0302nibus, transportadora, concessiona\u0301rias e indu\u0301strias em geral.","breadcrumb":{"@id":"https:\/\/bozza.com\/produto\/equipamento-movel-para-lubrificacao12201-m-n\/#breadcrumb"},"inLanguage":"es","potentialAction":[{"@type":"ReadAction","target":["https:\/\/bozza.com\/produto\/equipamento-movel-para-lubrificacao12201-m-n\/"]}]},{"@type":"ImageObject","inLanguage":"es","@id":"https:\/\/bozza.com\/produto\/equipamento-movel-para-lubrificacao12201-m-n\/#primaryimage","url":"https:\/\/bozza.com\/wp-content\/uploads\/2018\/09\/01.421.0051_12201-M-N-PRETO_EQUIPAMENTO-MOVEL-LUBRIFICACAO.jpg","contentUrl":"https:\/\/bozza.com\/wp-content\/uploads\/2018\/09\/01.421.0051_12201-M-N-PRETO_EQUIPAMENTO-MOVEL-LUBRIFICACAO.jpg","width":1080,"height":1080},{"@type":"BreadcrumbList","@id":"https:\/\/bozza.com\/produto\/equipamento-movel-para-lubrificacao12201-m-n\/#breadcrumb","itemListElement":[{"@type":"ListItem","position":1,"name":"In\u00edcio","item":"https:\/\/bozza.com\/"},{"@type":"ListItem","position":2,"name":"Produtos","item":"https:\/\/bozza.com\/?page_id=70036"},{"@type":"ListItem","position":3,"name":"EQUIPO M\u00d3VIL DE LUBRICACI\u00d3N 12201-M-N"}]},{"@type":"WebSite","@id":"https:\/\/bozza.com\/#website","url":"https:\/\/bozza.com\/","name":"Bozza","description":"Solu\u00e7\u00f5es em Lubrifica\u00e7\u00e3o","publisher":{"@id":"https:\/\/bozza.com\/#organization"},"potentialAction":[{"@type":"SearchAction","target":{"@type":"EntryPoint","urlTemplate":"https:\/\/bozza.com\/?s={search_term_string}"},"query-input":{"@type":"PropertyValueSpecification","valueRequired":true,"valueName":"search_term_string"}}],"inLanguage":"es"},{"@type":"Organization","@id":"https:\/\/bozza.com\/#organization","name":"Bozza","url":"https:\/\/bozza.com\/","logo":{"@type":"ImageObject","inLanguage":"es","@id":"https:\/\/bozza.com\/#\/schema\/logo\/image\/","url":"","contentUrl":"","caption":"Bozza"},"image":{"@id":"https:\/\/bozza.com\/#\/schema\/logo\/image\/"},"sameAs":["https:\/\/www.facebook.com\/bozza.oficial\/","https:\/\/www.instagram.com\/bozzaoficial\/","https:\/\/www.linkedin.com\/company\/bozza\/","https:\/\/www.youtube.com\/channel\/UCQRiHYNpM4VQWF9YxVgSTsw?view_as=subscriber"]}]}},"_links":{"self":[{"href":"https:\/\/bozza.com\/es\/wp-json\/wp\/v2\/product\/66750","targetHints":{"allow":["GET"]}}],"collection":[{"href":"https:\/\/bozza.com\/es\/wp-json\/wp\/v2\/product"}],"about":[{"href":"https:\/\/bozza.com\/es\/wp-json\/wp\/v2\/types\/product"}],"wp:featuredmedia":[{"embeddable":true,"href":"https:\/\/bozza.com\/es\/wp-json\/wp\/v2\/media\/58072"}],"wp:attachment":[{"href":"https:\/\/bozza.com\/es\/wp-json\/wp\/v2\/media?parent=66750"}],"wp:term":[{"taxonomy":"product_brand","embeddable":true,"href":"https:\/\/bozza.com\/es\/wp-json\/wp\/v2\/product_brand?post=66750"},{"taxonomy":"product_cat","embeddable":true,"href":"https:\/\/bozza.com\/es\/wp-json\/wp\/v2\/product_cat?post=66750"},{"taxonomy":"product_tag","embeddable":true,"href":"https:\/\/bozza.com\/es\/wp-json\/wp\/v2\/product_tag?post=66750"}],"curies":[{"name":"wp","href":"https:\/\/api.w.org\/{rel}","templated":true}]}}