{"id":66780,"date":"2018-09-19T15:45:52","date_gmt":"2018-09-19T18:45:52","guid":{"rendered":"https:\/\/www.bozza.com\/produto\/bz-2000\/"},"modified":"2026-04-16T10:44:19","modified_gmt":"2026-04-16T13:44:19","slug":"bz-2000","status":"publish","type":"product","link":"https:\/\/bozza.com\/es\/produto\/bz-2000\/","title":{"rendered":"MEDIDOR ELECTR\u00d3NICO PARA GRASA BZ-2000"},"content":{"rendered":"<ul>\n<li><span style=\"font-weight: 400;\">Presi\u00f3n<\/span><span style=\"font-weight: 400;\"> de<\/span><span style=\"font-weight: 400;\"> trabajo 8700 PSI<\/span><\/li>\n<li><span style=\"font-weight: 400;\">Rosca de entrada 1\/4\u201d NPT<\/span><\/li>\n<li><span style=\"font-weight: 400;\">Rosca de salida 1\/8\u201d NPT<\/span><\/li>\n<li><span style=\"font-weight: 400;\">Precisi\u00f3n \u00b1 2%<\/span><\/li>\n<li><span style=\"font-weight: 400;\">Precio mediante consulta<\/span><\/li>\n<\/ul>\n","protected":false},"excerpt":{"rendered":"<p><span style=\"font-weight: 400;\">V\u00e1lvula para aplicaci\u00f3n de grasa en engrasadores, con medidor electr\u00f3nico que permite ver la cantidad aplicada en gramos, reduciendo desperdicios en la operaci\u00f3n y extendiendo la vida \u00fatil del rodamiento.<\/span><span style=\"font-weight: 400;\">\u00a0 <\/span><span style=\"font-weight: 400;\">Adecuado para todas las bombas neum\u00e1ticas de grasa.<\/span><\/p>\n","protected":false},"featured_media":1909,"template":"","meta":{"_acf_changed":false},"product_brand":[],"product_cat":[266,328],"product_tag":[359,1026,341,154,370,393],"class_list":{"0":"post-66780","1":"product","2":"type-product","3":"status-publish","4":"has-post-thumbnail","6":"product_cat-boquillasmedidores-y-valvulas","7":"product_cat-todos-os-produtos-es","8":"product_tag-agropecuaria-es","9":"product_tag-agriculture","10":"product_tag-eletronico-es","11":"product_tag-grasa","12":"product_tag-industria-es","13":"product_tag-medidor-es","15":"first","16":"instock","17":"shipping-taxable","18":"product-type-simple"},"acf":[],"yoast_head":"<!-- This site is optimized with the Yoast SEO plugin v26.9 - https:\/\/yoast.com\/product\/yoast-seo-wordpress\/ -->\n<title>MEDIDOR ELECTR\u00d3NICO PARA GRASA BZ-2000 | Bozza<\/title>\n<meta name=\"description\" content=\"Va\u0301lvula para aplicac\u0327a\u0303o de graxa em pinos graxeiros, com medidor eletro\u0302nico que permite visualizar a quantidade em gramas do volume aplicado, reduzindo o desperdi\u0301cio na operac\u0327a\u0303o prolongando a vida u\u0301til do rolamento. Indicado para todas propulsoras pneuma\u0301ticas de graxa.\" \/>\n<meta name=\"robots\" content=\"index, follow, max-snippet:-1, max-image-preview:large, max-video-preview:-1\" \/>\n<link rel=\"canonical\" href=\"https:\/\/bozza.com\/produto\/medidor-eletronico-para-graxa-bz-2000\/\" \/>\n<meta property=\"og:locale\" content=\"es_ES\" \/>\n<meta property=\"og:type\" content=\"article\" \/>\n<meta property=\"og:title\" content=\"MEDIDOR ELECTR\u00d3NICO PARA GRASA BZ-2000 | Bozza\" \/>\n<meta property=\"og:description\" content=\"Va\u0301lvula para aplicac\u0327a\u0303o de graxa em pinos graxeiros, com medidor eletro\u0302nico que permite visualizar a quantidade em gramas do volume aplicado, reduzindo o desperdi\u0301cio na operac\u0327a\u0303o prolongando a vida u\u0301til do rolamento. Indicado para todas propulsoras pneuma\u0301ticas de graxa.\" \/>\n<meta property=\"og:url\" content=\"https:\/\/bozza.com\/produto\/medidor-eletronico-para-graxa-bz-2000\/\" \/>\n<meta property=\"og:site_name\" content=\"Bozza\" \/>\n<meta property=\"article:publisher\" content=\"https:\/\/www.facebook.com\/bozza.oficial\/\" \/>\n<meta property=\"article:modified_time\" content=\"2026-04-16T13:44:19+00:00\" \/>\n<meta property=\"og:image\" content=\"https:\/\/bozza.com\/wp-content\/uploads\/2018\/09\/Bozza_Recortes_VBMedidores_BZ2000.png\" \/>\n\t<meta property=\"og:image:width\" content=\"1200\" \/>\n\t<meta property=\"og:image:height\" content=\"1200\" \/>\n\t<meta property=\"og:image:type\" content=\"image\/png\" \/>\n<meta name=\"twitter:card\" content=\"summary_large_image\" \/>\n<meta name=\"twitter:label1\" content=\"Tiempo de lectura\" \/>\n\t<meta name=\"twitter:data1\" content=\"1 minuto\" \/>\n<script type=\"application\/ld+json\" class=\"yoast-schema-graph\">{\"@context\":\"https:\/\/schema.org\",\"@graph\":[{\"@type\":\"WebPage\",\"@id\":\"https:\/\/bozza.com\/produto\/medidor-eletronico-para-graxa-bz-2000\/\",\"url\":\"https:\/\/bozza.com\/produto\/medidor-eletronico-para-graxa-bz-2000\/\",\"name\":\"MEDIDOR ELECTR\u00d3NICO PARA GRASA BZ-2000 | Bozza\",\"isPartOf\":{\"@id\":\"https:\/\/bozza.com\/#website\"},\"primaryImageOfPage\":{\"@id\":\"https:\/\/bozza.com\/produto\/medidor-eletronico-para-graxa-bz-2000\/#primaryimage\"},\"image\":{\"@id\":\"https:\/\/bozza.com\/produto\/medidor-eletronico-para-graxa-bz-2000\/#primaryimage\"},\"thumbnailUrl\":\"https:\/\/bozza.com\/wp-content\/uploads\/2018\/09\/Bozza_Recortes_VBMedidores_BZ2000.png\",\"datePublished\":\"2018-09-19T18:45:52+00:00\",\"dateModified\":\"2026-04-16T13:44:19+00:00\",\"description\":\"Va\u0301lvula para aplicac\u0327a\u0303o de graxa em pinos graxeiros, com medidor eletro\u0302nico que permite visualizar a quantidade em gramas do volume aplicado, reduzindo o desperdi\u0301cio na operac\u0327a\u0303o prolongando a vida u\u0301til do rolamento. Indicado para todas propulsoras pneuma\u0301ticas de graxa.\",\"breadcrumb\":{\"@id\":\"https:\/\/bozza.com\/produto\/medidor-eletronico-para-graxa-bz-2000\/#breadcrumb\"},\"inLanguage\":\"es\",\"potentialAction\":[{\"@type\":\"ReadAction\",\"target\":[\"https:\/\/bozza.com\/produto\/medidor-eletronico-para-graxa-bz-2000\/\"]}]},{\"@type\":\"ImageObject\",\"inLanguage\":\"es\",\"@id\":\"https:\/\/bozza.com\/produto\/medidor-eletronico-para-graxa-bz-2000\/#primaryimage\",\"url\":\"https:\/\/bozza.com\/wp-content\/uploads\/2018\/09\/Bozza_Recortes_VBMedidores_BZ2000.png\",\"contentUrl\":\"https:\/\/bozza.com\/wp-content\/uploads\/2018\/09\/Bozza_Recortes_VBMedidores_BZ2000.png\",\"width\":1200,\"height\":1200},{\"@type\":\"BreadcrumbList\",\"@id\":\"https:\/\/bozza.com\/produto\/medidor-eletronico-para-graxa-bz-2000\/#breadcrumb\",\"itemListElement\":[{\"@type\":\"ListItem\",\"position\":1,\"name\":\"In\u00edcio\",\"item\":\"https:\/\/bozza.com\/\"},{\"@type\":\"ListItem\",\"position\":2,\"name\":\"Produtos\",\"item\":\"https:\/\/bozza.com\/?page_id=70036\"},{\"@type\":\"ListItem\",\"position\":3,\"name\":\"MEDIDOR ELECTR\u00d3NICO PARA GRASA BZ-2000\"}]},{\"@type\":\"WebSite\",\"@id\":\"https:\/\/bozza.com\/#website\",\"url\":\"https:\/\/bozza.com\/\",\"name\":\"Bozza\",\"description\":\"Solu\u00e7\u00f5es em Lubrifica\u00e7\u00e3o\",\"publisher\":{\"@id\":\"https:\/\/bozza.com\/#organization\"},\"potentialAction\":[{\"@type\":\"SearchAction\",\"target\":{\"@type\":\"EntryPoint\",\"urlTemplate\":\"https:\/\/bozza.com\/?s={search_term_string}\"},\"query-input\":{\"@type\":\"PropertyValueSpecification\",\"valueRequired\":true,\"valueName\":\"search_term_string\"}}],\"inLanguage\":\"es\"},{\"@type\":\"Organization\",\"@id\":\"https:\/\/bozza.com\/#organization\",\"name\":\"Bozza\",\"url\":\"https:\/\/bozza.com\/\",\"logo\":{\"@type\":\"ImageObject\",\"inLanguage\":\"es\",\"@id\":\"https:\/\/bozza.com\/#\/schema\/logo\/image\/\",\"url\":\"\",\"contentUrl\":\"\",\"caption\":\"Bozza\"},\"image\":{\"@id\":\"https:\/\/bozza.com\/#\/schema\/logo\/image\/\"},\"sameAs\":[\"https:\/\/www.facebook.com\/bozza.oficial\/\",\"https:\/\/www.instagram.com\/bozzaoficial\/\",\"https:\/\/www.linkedin.com\/company\/bozza\/\",\"https:\/\/www.youtube.com\/channel\/UCQRiHYNpM4VQWF9YxVgSTsw?view_as=subscriber\"]}]}<\/script>\n<!-- \/ Yoast SEO plugin. -->","yoast_head_json":{"title":"MEDIDOR ELECTR\u00d3NICO PARA GRASA BZ-2000 | Bozza","description":"Va\u0301lvula para aplicac\u0327a\u0303o de graxa em pinos graxeiros, com medidor eletro\u0302nico que permite visualizar a quantidade em gramas do volume aplicado, reduzindo o desperdi\u0301cio na operac\u0327a\u0303o prolongando a vida u\u0301til do rolamento. Indicado para todas propulsoras pneuma\u0301ticas de graxa.","robots":{"index":"index","follow":"follow","max-snippet":"max-snippet:-1","max-image-preview":"max-image-preview:large","max-video-preview":"max-video-preview:-1"},"canonical":"https:\/\/bozza.com\/produto\/medidor-eletronico-para-graxa-bz-2000\/","og_locale":"es_ES","og_type":"article","og_title":"MEDIDOR ELECTR\u00d3NICO PARA GRASA BZ-2000 | Bozza","og_description":"Va\u0301lvula para aplicac\u0327a\u0303o de graxa em pinos graxeiros, com medidor eletro\u0302nico que permite visualizar a quantidade em gramas do volume aplicado, reduzindo o desperdi\u0301cio na operac\u0327a\u0303o prolongando a vida u\u0301til do rolamento. Indicado para todas propulsoras pneuma\u0301ticas de graxa.","og_url":"https:\/\/bozza.com\/produto\/medidor-eletronico-para-graxa-bz-2000\/","og_site_name":"Bozza","article_publisher":"https:\/\/www.facebook.com\/bozza.oficial\/","article_modified_time":"2026-04-16T13:44:19+00:00","og_image":[{"width":1200,"height":1200,"url":"https:\/\/bozza.com\/wp-content\/uploads\/2018\/09\/Bozza_Recortes_VBMedidores_BZ2000.png","type":"image\/png"}],"twitter_card":"summary_large_image","twitter_misc":{"Tiempo de lectura":"1 minuto"},"schema":{"@context":"https:\/\/schema.org","@graph":[{"@type":"WebPage","@id":"https:\/\/bozza.com\/produto\/medidor-eletronico-para-graxa-bz-2000\/","url":"https:\/\/bozza.com\/produto\/medidor-eletronico-para-graxa-bz-2000\/","name":"MEDIDOR ELECTR\u00d3NICO PARA GRASA BZ-2000 | Bozza","isPartOf":{"@id":"https:\/\/bozza.com\/#website"},"primaryImageOfPage":{"@id":"https:\/\/bozza.com\/produto\/medidor-eletronico-para-graxa-bz-2000\/#primaryimage"},"image":{"@id":"https:\/\/bozza.com\/produto\/medidor-eletronico-para-graxa-bz-2000\/#primaryimage"},"thumbnailUrl":"https:\/\/bozza.com\/wp-content\/uploads\/2018\/09\/Bozza_Recortes_VBMedidores_BZ2000.png","datePublished":"2018-09-19T18:45:52+00:00","dateModified":"2026-04-16T13:44:19+00:00","description":"Va\u0301lvula para aplicac\u0327a\u0303o de graxa em pinos graxeiros, com medidor eletro\u0302nico que permite visualizar a quantidade em gramas do volume aplicado, reduzindo o desperdi\u0301cio na operac\u0327a\u0303o prolongando a vida u\u0301til do rolamento. Indicado para todas propulsoras pneuma\u0301ticas de graxa.","breadcrumb":{"@id":"https:\/\/bozza.com\/produto\/medidor-eletronico-para-graxa-bz-2000\/#breadcrumb"},"inLanguage":"es","potentialAction":[{"@type":"ReadAction","target":["https:\/\/bozza.com\/produto\/medidor-eletronico-para-graxa-bz-2000\/"]}]},{"@type":"ImageObject","inLanguage":"es","@id":"https:\/\/bozza.com\/produto\/medidor-eletronico-para-graxa-bz-2000\/#primaryimage","url":"https:\/\/bozza.com\/wp-content\/uploads\/2018\/09\/Bozza_Recortes_VBMedidores_BZ2000.png","contentUrl":"https:\/\/bozza.com\/wp-content\/uploads\/2018\/09\/Bozza_Recortes_VBMedidores_BZ2000.png","width":1200,"height":1200},{"@type":"BreadcrumbList","@id":"https:\/\/bozza.com\/produto\/medidor-eletronico-para-graxa-bz-2000\/#breadcrumb","itemListElement":[{"@type":"ListItem","position":1,"name":"In\u00edcio","item":"https:\/\/bozza.com\/"},{"@type":"ListItem","position":2,"name":"Produtos","item":"https:\/\/bozza.com\/?page_id=70036"},{"@type":"ListItem","position":3,"name":"MEDIDOR ELECTR\u00d3NICO PARA GRASA BZ-2000"}]},{"@type":"WebSite","@id":"https:\/\/bozza.com\/#website","url":"https:\/\/bozza.com\/","name":"Bozza","description":"Solu\u00e7\u00f5es em Lubrifica\u00e7\u00e3o","publisher":{"@id":"https:\/\/bozza.com\/#organization"},"potentialAction":[{"@type":"SearchAction","target":{"@type":"EntryPoint","urlTemplate":"https:\/\/bozza.com\/?s={search_term_string}"},"query-input":{"@type":"PropertyValueSpecification","valueRequired":true,"valueName":"search_term_string"}}],"inLanguage":"es"},{"@type":"Organization","@id":"https:\/\/bozza.com\/#organization","name":"Bozza","url":"https:\/\/bozza.com\/","logo":{"@type":"ImageObject","inLanguage":"es","@id":"https:\/\/bozza.com\/#\/schema\/logo\/image\/","url":"","contentUrl":"","caption":"Bozza"},"image":{"@id":"https:\/\/bozza.com\/#\/schema\/logo\/image\/"},"sameAs":["https:\/\/www.facebook.com\/bozza.oficial\/","https:\/\/www.instagram.com\/bozzaoficial\/","https:\/\/www.linkedin.com\/company\/bozza\/","https:\/\/www.youtube.com\/channel\/UCQRiHYNpM4VQWF9YxVgSTsw?view_as=subscriber"]}]}},"_links":{"self":[{"href":"https:\/\/bozza.com\/es\/wp-json\/wp\/v2\/product\/66780","targetHints":{"allow":["GET"]}}],"collection":[{"href":"https:\/\/bozza.com\/es\/wp-json\/wp\/v2\/product"}],"about":[{"href":"https:\/\/bozza.com\/es\/wp-json\/wp\/v2\/types\/product"}],"wp:featuredmedia":[{"embeddable":true,"href":"https:\/\/bozza.com\/es\/wp-json\/wp\/v2\/media\/1909"}],"wp:attachment":[{"href":"https:\/\/bozza.com\/es\/wp-json\/wp\/v2\/media?parent=66780"}],"wp:term":[{"taxonomy":"product_brand","embeddable":true,"href":"https:\/\/bozza.com\/es\/wp-json\/wp\/v2\/product_brand?post=66780"},{"taxonomy":"product_cat","embeddable":true,"href":"https:\/\/bozza.com\/es\/wp-json\/wp\/v2\/product_cat?post=66780"},{"taxonomy":"product_tag","embeddable":true,"href":"https:\/\/bozza.com\/es\/wp-json\/wp\/v2\/product_tag?post=66780"}],"curies":[{"name":"wp","href":"https:\/\/api.w.org\/{rel}","templated":true}]}}