{"id":66801,"date":"2018-09-19T14:58:53","date_gmt":"2018-09-19T17:58:53","guid":{"rendered":"https:\/\/www.bozza.com\/produto\/bt-arla32-220v-g2\/"},"modified":"2026-02-10T17:09:48","modified_gmt":"2026-02-10T20:09:48","slug":"bt-arla32-220v-g2","status":"publish","type":"product","link":"https:\/\/bozza.com\/es\/produto\/bt-arla32-220v-g2\/","title":{"rendered":"BOMBA EL\u00c9CTRICA PARA TRASVASE DE ARLA BT-ARLA32-220V G2"},"content":{"rendered":"<ul>\n<li><span style=\"font-weight: 400;\">Kit El\u00e9ctrico para Arla 32<\/span><\/li>\n<li><span style=\"font-weight: 400;\">Bomba El\u00e9ctrica de doble diafragma<\/span><\/li>\n<li><span style=\"font-weight: 400;\">Interruptor On\/Off<\/span><\/li>\n<li><span style=\"font-weight: 400;\">Medidor volum\u00e9trico digital<\/span><\/li>\n<li><span style=\"font-weight: 400;\">Boquilla <\/span><span style=\"font-weight: 400;\">de<\/span><span style=\"font-weight: 400;\"> abastecimiento autom\u00e1tico Mod.<\/span><span style=\"font-weight: 400;\"> 5522-Arla32<\/span><\/li>\n<li><span style=\"font-weight: 400;\">Soporte de fijaci\u00f3n al contenedor (IBC no incluido)<\/span><\/li>\n<li><span style=\"font-weight: 400;\">Manguera de aspiraci\u00f3n de 1,5 metros en EPDM<\/span><\/li>\n<li><span style=\"font-weight: 400;\">Manguera de abastecimiento de 6 metros en EPDM<\/span><\/li>\n<li><span style=\"font-weight: 400;\">Peso: 14,200kg<\/span><\/li>\n<li><span style=\"font-weight: 400;\">L=340mm x An= 200mm x Al= 300mm<\/span><\/li>\n<li><span style=\"font-weight: 400;\">Precio mediante <\/span><span style=\"font-weight: 400;\">consulta<\/span><\/li>\n<\/ul>\n","protected":false},"excerpt":{"rendered":"<p><span style=\"font-weight: 400;\">Bomba el\u00e9ctrica para trasvasar Arla (AD-Blue), completa con mangueras, boquilla de descarga y contador volum\u00e9trico, adecuada para todos los clientes que manipulan Arla-32, el equipo se puede adaptar a IBC. Ideal para transportistas, empresas de autobuses, estaciones de servicio, etc.<\/span><\/p>\n","protected":false},"featured_media":58041,"template":"","meta":{"_acf_changed":false},"product_brand":[1028],"product_cat":[416,338,252,328],"product_tag":[340,396,414,331],"class_list":{"0":"post-66801","1":"product","2":"type-product","3":"status-publish","4":"has-post-thumbnail","6":"product_brand-postos-de-servicos-es","7":"product_cat-arla-32-es-2","8":"product_cat-equipamentos-para-comboio-es","9":"product_cat-kits-de-abastecimento-es","10":"product_cat-todos-os-produtos-es","11":"product_tag-arla32-es","12":"product_tag-eletrica-es","13":"product_tag-transferencia-es","14":"product_tag-transporte-es","16":"first","17":"instock","18":"shipping-taxable","19":"product-type-simple"},"acf":[],"yoast_head":"<!-- This site is optimized with the Yoast SEO plugin v26.9 - https:\/\/yoast.com\/product\/yoast-seo-wordpress\/ -->\n<title>BOMBA EL\u00c9CTRICA PARA TRASVASE DE ARLA BT-ARLA32-220V G2 | Bozza<\/title>\n<meta name=\"description\" content=\"Bomba ele\u0301trica para transfere\u0302ncia de Arla( AD-Blue), completa com mangueiras, bico de descarga e medidor volume\u0301trico, indicado para todos clientes que manuseiam o Arla-32, o equipamento pode ser adaptado em IBC, indicado para o segmento de transportadoras, empresas de o\u0302nibus, postos de servic\u0327os etc.\" \/>\n<meta name=\"robots\" content=\"index, follow, max-snippet:-1, max-image-preview:large, max-video-preview:-1\" \/>\n<link rel=\"canonical\" href=\"https:\/\/bozza.com\/es\/produto\/bt-arla32-220v-g2\/\" \/>\n<meta property=\"og:locale\" content=\"es_ES\" \/>\n<meta property=\"og:type\" content=\"article\" \/>\n<meta property=\"og:title\" content=\"BOMBA EL\u00c9CTRICA PARA TRASVASE DE ARLA BT-ARLA32-220V G2 | Bozza\" \/>\n<meta property=\"og:description\" content=\"Bomba ele\u0301trica para transfere\u0302ncia de Arla( AD-Blue), completa com mangueiras, bico de descarga e medidor volume\u0301trico, indicado para todos clientes que manuseiam o Arla-32, o equipamento pode ser adaptado em IBC, indicado para o segmento de transportadoras, empresas de o\u0302nibus, postos de servic\u0327os etc.\" \/>\n<meta property=\"og:url\" content=\"https:\/\/bozza.com\/es\/produto\/bt-arla32-220v-g2\/\" \/>\n<meta property=\"og:site_name\" content=\"Bozza\" \/>\n<meta property=\"article:publisher\" content=\"https:\/\/www.facebook.com\/bozza.oficial\/\" \/>\n<meta property=\"article:modified_time\" content=\"2026-02-10T20:09:48+00:00\" \/>\n<meta property=\"og:image\" content=\"https:\/\/bozza.com\/wp-content\/uploads\/2018\/09\/12.421.0038_BT-ARLA32_BOMBA-ELETRICA-PARA-TRANSFERENCIA_2.jpg\" \/>\n\t<meta property=\"og:image:width\" content=\"1080\" \/>\n\t<meta property=\"og:image:height\" content=\"1080\" \/>\n\t<meta property=\"og:image:type\" content=\"image\/jpeg\" \/>\n<meta name=\"twitter:card\" content=\"summary_large_image\" \/>\n<meta name=\"twitter:label1\" content=\"Tiempo de lectura\" \/>\n\t<meta name=\"twitter:data1\" content=\"1 minuto\" \/>\n<script type=\"application\/ld+json\" class=\"yoast-schema-graph\">{\"@context\":\"https:\/\/schema.org\",\"@graph\":[{\"@type\":\"WebPage\",\"@id\":\"https:\/\/bozza.com\/es\/produto\/bt-arla32-220v-g2\/\",\"url\":\"https:\/\/bozza.com\/es\/produto\/bt-arla32-220v-g2\/\",\"name\":\"BOMBA EL\u00c9CTRICA PARA TRASVASE DE ARLA BT-ARLA32-220V G2 | Bozza\",\"isPartOf\":{\"@id\":\"https:\/\/bozza.com\/#website\"},\"primaryImageOfPage\":{\"@id\":\"https:\/\/bozza.com\/es\/produto\/bt-arla32-220v-g2\/#primaryimage\"},\"image\":{\"@id\":\"https:\/\/bozza.com\/es\/produto\/bt-arla32-220v-g2\/#primaryimage\"},\"thumbnailUrl\":\"https:\/\/bozza.com\/wp-content\/uploads\/2018\/09\/12.421.0038_BT-ARLA32_BOMBA-ELETRICA-PARA-TRANSFERENCIA_2.jpg\",\"datePublished\":\"2018-09-19T17:58:53+00:00\",\"dateModified\":\"2026-02-10T20:09:48+00:00\",\"description\":\"Bomba ele\u0301trica para transfere\u0302ncia de Arla( AD-Blue), completa com mangueiras, bico de descarga e medidor volume\u0301trico, indicado para todos clientes que manuseiam o Arla-32, o equipamento pode ser adaptado em IBC, indicado para o segmento de transportadoras, empresas de o\u0302nibus, postos de servic\u0327os etc.\",\"breadcrumb\":{\"@id\":\"https:\/\/bozza.com\/es\/produto\/bt-arla32-220v-g2\/#breadcrumb\"},\"inLanguage\":\"es\",\"potentialAction\":[{\"@type\":\"ReadAction\",\"target\":[\"https:\/\/bozza.com\/es\/produto\/bt-arla32-220v-g2\/\"]}]},{\"@type\":\"ImageObject\",\"inLanguage\":\"es\",\"@id\":\"https:\/\/bozza.com\/es\/produto\/bt-arla32-220v-g2\/#primaryimage\",\"url\":\"https:\/\/bozza.com\/wp-content\/uploads\/2018\/09\/12.421.0038_BT-ARLA32_BOMBA-ELETRICA-PARA-TRANSFERENCIA_2.jpg\",\"contentUrl\":\"https:\/\/bozza.com\/wp-content\/uploads\/2018\/09\/12.421.0038_BT-ARLA32_BOMBA-ELETRICA-PARA-TRANSFERENCIA_2.jpg\",\"width\":1080,\"height\":1080},{\"@type\":\"BreadcrumbList\",\"@id\":\"https:\/\/bozza.com\/es\/produto\/bt-arla32-220v-g2\/#breadcrumb\",\"itemListElement\":[{\"@type\":\"ListItem\",\"position\":1,\"name\":\"In\u00edcio\",\"item\":\"https:\/\/bozza.com\/\"},{\"@type\":\"ListItem\",\"position\":2,\"name\":\"Produtos\",\"item\":\"https:\/\/bozza.com\/?page_id=70036\"},{\"@type\":\"ListItem\",\"position\":3,\"name\":\"BOMBA EL\u00c9CTRICA PARA TRASVASE DE ARLA BT-ARLA32-220V G2\"}]},{\"@type\":\"WebSite\",\"@id\":\"https:\/\/bozza.com\/#website\",\"url\":\"https:\/\/bozza.com\/\",\"name\":\"Bozza\",\"description\":\"Solu\u00e7\u00f5es em Lubrifica\u00e7\u00e3o\",\"publisher\":{\"@id\":\"https:\/\/bozza.com\/#organization\"},\"potentialAction\":[{\"@type\":\"SearchAction\",\"target\":{\"@type\":\"EntryPoint\",\"urlTemplate\":\"https:\/\/bozza.com\/?s={search_term_string}\"},\"query-input\":{\"@type\":\"PropertyValueSpecification\",\"valueRequired\":true,\"valueName\":\"search_term_string\"}}],\"inLanguage\":\"es\"},{\"@type\":\"Organization\",\"@id\":\"https:\/\/bozza.com\/#organization\",\"name\":\"Bozza\",\"url\":\"https:\/\/bozza.com\/\",\"logo\":{\"@type\":\"ImageObject\",\"inLanguage\":\"es\",\"@id\":\"https:\/\/bozza.com\/#\/schema\/logo\/image\/\",\"url\":\"\",\"contentUrl\":\"\",\"caption\":\"Bozza\"},\"image\":{\"@id\":\"https:\/\/bozza.com\/#\/schema\/logo\/image\/\"},\"sameAs\":[\"https:\/\/www.facebook.com\/bozza.oficial\/\",\"https:\/\/www.instagram.com\/bozzaoficial\/\",\"https:\/\/www.linkedin.com\/company\/bozza\/\",\"https:\/\/www.youtube.com\/channel\/UCQRiHYNpM4VQWF9YxVgSTsw?view_as=subscriber\"]}]}<\/script>\n<!-- \/ Yoast SEO plugin. -->","yoast_head_json":{"title":"BOMBA EL\u00c9CTRICA PARA TRASVASE DE ARLA BT-ARLA32-220V G2 | Bozza","description":"Bomba ele\u0301trica para transfere\u0302ncia de Arla( AD-Blue), completa com mangueiras, bico de descarga e medidor volume\u0301trico, indicado para todos clientes que manuseiam o Arla-32, o equipamento pode ser adaptado em IBC, indicado para o segmento de transportadoras, empresas de o\u0302nibus, postos de servic\u0327os etc.","robots":{"index":"index","follow":"follow","max-snippet":"max-snippet:-1","max-image-preview":"max-image-preview:large","max-video-preview":"max-video-preview:-1"},"canonical":"https:\/\/bozza.com\/es\/produto\/bt-arla32-220v-g2\/","og_locale":"es_ES","og_type":"article","og_title":"BOMBA EL\u00c9CTRICA PARA TRASVASE DE ARLA BT-ARLA32-220V G2 | Bozza","og_description":"Bomba ele\u0301trica para transfere\u0302ncia de Arla( AD-Blue), completa com mangueiras, bico de descarga e medidor volume\u0301trico, indicado para todos clientes que manuseiam o Arla-32, o equipamento pode ser adaptado em IBC, indicado para o segmento de transportadoras, empresas de o\u0302nibus, postos de servic\u0327os etc.","og_url":"https:\/\/bozza.com\/es\/produto\/bt-arla32-220v-g2\/","og_site_name":"Bozza","article_publisher":"https:\/\/www.facebook.com\/bozza.oficial\/","article_modified_time":"2026-02-10T20:09:48+00:00","og_image":[{"width":1080,"height":1080,"url":"https:\/\/bozza.com\/wp-content\/uploads\/2018\/09\/12.421.0038_BT-ARLA32_BOMBA-ELETRICA-PARA-TRANSFERENCIA_2.jpg","type":"image\/jpeg"}],"twitter_card":"summary_large_image","twitter_misc":{"Tiempo de lectura":"1 minuto"},"schema":{"@context":"https:\/\/schema.org","@graph":[{"@type":"WebPage","@id":"https:\/\/bozza.com\/es\/produto\/bt-arla32-220v-g2\/","url":"https:\/\/bozza.com\/es\/produto\/bt-arla32-220v-g2\/","name":"BOMBA EL\u00c9CTRICA PARA TRASVASE DE ARLA BT-ARLA32-220V G2 | Bozza","isPartOf":{"@id":"https:\/\/bozza.com\/#website"},"primaryImageOfPage":{"@id":"https:\/\/bozza.com\/es\/produto\/bt-arla32-220v-g2\/#primaryimage"},"image":{"@id":"https:\/\/bozza.com\/es\/produto\/bt-arla32-220v-g2\/#primaryimage"},"thumbnailUrl":"https:\/\/bozza.com\/wp-content\/uploads\/2018\/09\/12.421.0038_BT-ARLA32_BOMBA-ELETRICA-PARA-TRANSFERENCIA_2.jpg","datePublished":"2018-09-19T17:58:53+00:00","dateModified":"2026-02-10T20:09:48+00:00","description":"Bomba ele\u0301trica para transfere\u0302ncia de Arla( AD-Blue), completa com mangueiras, bico de descarga e medidor volume\u0301trico, indicado para todos clientes que manuseiam o Arla-32, o equipamento pode ser adaptado em IBC, indicado para o segmento de transportadoras, empresas de o\u0302nibus, postos de servic\u0327os etc.","breadcrumb":{"@id":"https:\/\/bozza.com\/es\/produto\/bt-arla32-220v-g2\/#breadcrumb"},"inLanguage":"es","potentialAction":[{"@type":"ReadAction","target":["https:\/\/bozza.com\/es\/produto\/bt-arla32-220v-g2\/"]}]},{"@type":"ImageObject","inLanguage":"es","@id":"https:\/\/bozza.com\/es\/produto\/bt-arla32-220v-g2\/#primaryimage","url":"https:\/\/bozza.com\/wp-content\/uploads\/2018\/09\/12.421.0038_BT-ARLA32_BOMBA-ELETRICA-PARA-TRANSFERENCIA_2.jpg","contentUrl":"https:\/\/bozza.com\/wp-content\/uploads\/2018\/09\/12.421.0038_BT-ARLA32_BOMBA-ELETRICA-PARA-TRANSFERENCIA_2.jpg","width":1080,"height":1080},{"@type":"BreadcrumbList","@id":"https:\/\/bozza.com\/es\/produto\/bt-arla32-220v-g2\/#breadcrumb","itemListElement":[{"@type":"ListItem","position":1,"name":"In\u00edcio","item":"https:\/\/bozza.com\/"},{"@type":"ListItem","position":2,"name":"Produtos","item":"https:\/\/bozza.com\/?page_id=70036"},{"@type":"ListItem","position":3,"name":"BOMBA EL\u00c9CTRICA PARA TRASVASE DE ARLA BT-ARLA32-220V G2"}]},{"@type":"WebSite","@id":"https:\/\/bozza.com\/#website","url":"https:\/\/bozza.com\/","name":"Bozza","description":"Solu\u00e7\u00f5es em Lubrifica\u00e7\u00e3o","publisher":{"@id":"https:\/\/bozza.com\/#organization"},"potentialAction":[{"@type":"SearchAction","target":{"@type":"EntryPoint","urlTemplate":"https:\/\/bozza.com\/?s={search_term_string}"},"query-input":{"@type":"PropertyValueSpecification","valueRequired":true,"valueName":"search_term_string"}}],"inLanguage":"es"},{"@type":"Organization","@id":"https:\/\/bozza.com\/#organization","name":"Bozza","url":"https:\/\/bozza.com\/","logo":{"@type":"ImageObject","inLanguage":"es","@id":"https:\/\/bozza.com\/#\/schema\/logo\/image\/","url":"","contentUrl":"","caption":"Bozza"},"image":{"@id":"https:\/\/bozza.com\/#\/schema\/logo\/image\/"},"sameAs":["https:\/\/www.facebook.com\/bozza.oficial\/","https:\/\/www.instagram.com\/bozzaoficial\/","https:\/\/www.linkedin.com\/company\/bozza\/","https:\/\/www.youtube.com\/channel\/UCQRiHYNpM4VQWF9YxVgSTsw?view_as=subscriber"]}]}},"_links":{"self":[{"href":"https:\/\/bozza.com\/es\/wp-json\/wp\/v2\/product\/66801","targetHints":{"allow":["GET"]}}],"collection":[{"href":"https:\/\/bozza.com\/es\/wp-json\/wp\/v2\/product"}],"about":[{"href":"https:\/\/bozza.com\/es\/wp-json\/wp\/v2\/types\/product"}],"wp:featuredmedia":[{"embeddable":true,"href":"https:\/\/bozza.com\/es\/wp-json\/wp\/v2\/media\/58041"}],"wp:attachment":[{"href":"https:\/\/bozza.com\/es\/wp-json\/wp\/v2\/media?parent=66801"}],"wp:term":[{"taxonomy":"product_brand","embeddable":true,"href":"https:\/\/bozza.com\/es\/wp-json\/wp\/v2\/product_brand?post=66801"},{"taxonomy":"product_cat","embeddable":true,"href":"https:\/\/bozza.com\/es\/wp-json\/wp\/v2\/product_cat?post=66801"},{"taxonomy":"product_tag","embeddable":true,"href":"https:\/\/bozza.com\/es\/wp-json\/wp\/v2\/product_tag?post=66801"}],"curies":[{"name":"wp","href":"https:\/\/api.w.org\/{rel}","templated":true}]}}