{"id":66812,"date":"2018-09-19T14:33:11","date_gmt":"2018-09-19T17:33:11","guid":{"rendered":"https:\/\/www.bozza.com\/produto\/1102\/"},"modified":"2026-02-10T17:42:03","modified_gmt":"2026-02-10T20:42:03","slug":"1102","status":"publish","type":"product","link":"https:\/\/bozza.com\/es\/produto\/1102\/","title":{"rendered":"BOQUILLA DOBLE PARA INFLAR NEUM\u00c1TICOS 1102"},"content":{"rendered":"<ul>\n<li><span style=\"font-weight: 400;\">Rosca hembra 1\/4\u201d NPT<\/span><\/li>\n<li><span style=\"font-weight: 400;\">Presi\u00f3n<\/span><span style=\"font-weight: 400;\"> de<\/span><span style=\"font-weight: 400;\"> trabajo 125 PSI \/ 8,6 BAR<\/span><\/li>\n<li><span style=\"font-weight: 400;\">Precio mediante consulta<\/span><\/li>\n<\/ul>\n","protected":false},"excerpt":{"rendered":"<p><span style=\"font-weight: 400;\">Boquilla doble para inflar neum\u00e1ticos, para uso en autom\u00f3viles y camiones.<\/span><\/p>\n","protected":false},"featured_media":22695,"template":"","meta":{"_acf_changed":false},"product_brand":[1028],"product_cat":[378,328],"product_tag":[379,380],"class_list":{"0":"post-66812","1":"product","2":"type-product","3":"status-publish","4":"has-post-thumbnail","6":"product_brand-postos-de-servicos-es","7":"product_cat-accesorios","8":"product_cat-todos-os-produtos-es","9":"product_tag-bico-duplo-es","10":"product_tag-pneus-es","12":"first","13":"instock","14":"shipping-taxable","15":"product-type-simple"},"acf":[],"yoast_head":"<!-- This site is optimized with the Yoast SEO plugin v26.9 - https:\/\/yoast.com\/product\/yoast-seo-wordpress\/ -->\n<title>BOQUILLA DOBLE PARA INFLAR NEUM\u00c1TICOS 1102 | Bozza<\/title>\n<meta name=\"robots\" content=\"index, follow, max-snippet:-1, max-image-preview:large, max-video-preview:-1\" \/>\n<link rel=\"canonical\" href=\"https:\/\/bozza.com\/es\/produto\/1102\/\" \/>\n<meta property=\"og:locale\" content=\"es_ES\" \/>\n<meta property=\"og:type\" content=\"article\" \/>\n<meta property=\"og:title\" content=\"BOQUILLA DOBLE PARA INFLAR NEUM\u00c1TICOS 1102 | Bozza\" \/>\n<meta property=\"og:description\" content=\"Boquilla doble para inflar neum\u00e1ticos, para uso en autom\u00f3viles y camiones.\" \/>\n<meta property=\"og:url\" content=\"https:\/\/bozza.com\/es\/produto\/1102\/\" \/>\n<meta property=\"og:site_name\" content=\"Bozza\" \/>\n<meta property=\"article:publisher\" content=\"https:\/\/www.facebook.com\/bozza.oficial\/\" \/>\n<meta property=\"article:modified_time\" content=\"2026-02-10T20:42:03+00:00\" \/>\n<meta property=\"og:image\" content=\"https:\/\/bozza.com\/wp-content\/uploads\/2018\/09\/1102-scaled.jpg\" \/>\n\t<meta property=\"og:image:width\" content=\"2560\" \/>\n\t<meta property=\"og:image:height\" content=\"2560\" \/>\n\t<meta property=\"og:image:type\" content=\"image\/jpeg\" \/>\n<meta name=\"twitter:card\" content=\"summary_large_image\" \/>\n<meta name=\"twitter:label1\" content=\"Tiempo de lectura\" \/>\n\t<meta name=\"twitter:data1\" content=\"1 minuto\" \/>\n<script type=\"application\/ld+json\" class=\"yoast-schema-graph\">{\"@context\":\"https:\/\/schema.org\",\"@graph\":[{\"@type\":\"WebPage\",\"@id\":\"https:\/\/bozza.com\/es\/produto\/1102\/\",\"url\":\"https:\/\/bozza.com\/es\/produto\/1102\/\",\"name\":\"BOQUILLA DOBLE PARA INFLAR NEUM\u00c1TICOS 1102 | Bozza\",\"isPartOf\":{\"@id\":\"https:\/\/bozza.com\/#website\"},\"primaryImageOfPage\":{\"@id\":\"https:\/\/bozza.com\/es\/produto\/1102\/#primaryimage\"},\"image\":{\"@id\":\"https:\/\/bozza.com\/es\/produto\/1102\/#primaryimage\"},\"thumbnailUrl\":\"https:\/\/bozza.com\/wp-content\/uploads\/2018\/09\/1102-scaled.jpg\",\"datePublished\":\"2018-09-19T17:33:11+00:00\",\"dateModified\":\"2026-02-10T20:42:03+00:00\",\"breadcrumb\":{\"@id\":\"https:\/\/bozza.com\/es\/produto\/1102\/#breadcrumb\"},\"inLanguage\":\"es\",\"potentialAction\":[{\"@type\":\"ReadAction\",\"target\":[\"https:\/\/bozza.com\/es\/produto\/1102\/\"]}]},{\"@type\":\"ImageObject\",\"inLanguage\":\"es\",\"@id\":\"https:\/\/bozza.com\/es\/produto\/1102\/#primaryimage\",\"url\":\"https:\/\/bozza.com\/wp-content\/uploads\/2018\/09\/1102-scaled.jpg\",\"contentUrl\":\"https:\/\/bozza.com\/wp-content\/uploads\/2018\/09\/1102-scaled.jpg\",\"width\":2560,\"height\":2560,\"caption\":\"Bico duplo para compressor\"},{\"@type\":\"BreadcrumbList\",\"@id\":\"https:\/\/bozza.com\/es\/produto\/1102\/#breadcrumb\",\"itemListElement\":[{\"@type\":\"ListItem\",\"position\":1,\"name\":\"In\u00edcio\",\"item\":\"https:\/\/bozza.com\/\"},{\"@type\":\"ListItem\",\"position\":2,\"name\":\"Produtos\",\"item\":\"https:\/\/bozza.com\/?page_id=70036\"},{\"@type\":\"ListItem\",\"position\":3,\"name\":\"BOQUILLA DOBLE PARA INFLAR NEUM\u00c1TICOS 1102\"}]},{\"@type\":\"WebSite\",\"@id\":\"https:\/\/bozza.com\/#website\",\"url\":\"https:\/\/bozza.com\/\",\"name\":\"Bozza\",\"description\":\"Solu\u00e7\u00f5es em Lubrifica\u00e7\u00e3o\",\"publisher\":{\"@id\":\"https:\/\/bozza.com\/#organization\"},\"potentialAction\":[{\"@type\":\"SearchAction\",\"target\":{\"@type\":\"EntryPoint\",\"urlTemplate\":\"https:\/\/bozza.com\/?s={search_term_string}\"},\"query-input\":{\"@type\":\"PropertyValueSpecification\",\"valueRequired\":true,\"valueName\":\"search_term_string\"}}],\"inLanguage\":\"es\"},{\"@type\":\"Organization\",\"@id\":\"https:\/\/bozza.com\/#organization\",\"name\":\"Bozza\",\"url\":\"https:\/\/bozza.com\/\",\"logo\":{\"@type\":\"ImageObject\",\"inLanguage\":\"es\",\"@id\":\"https:\/\/bozza.com\/#\/schema\/logo\/image\/\",\"url\":\"\",\"contentUrl\":\"\",\"caption\":\"Bozza\"},\"image\":{\"@id\":\"https:\/\/bozza.com\/#\/schema\/logo\/image\/\"},\"sameAs\":[\"https:\/\/www.facebook.com\/bozza.oficial\/\",\"https:\/\/www.instagram.com\/bozzaoficial\/\",\"https:\/\/www.linkedin.com\/company\/bozza\/\",\"https:\/\/www.youtube.com\/channel\/UCQRiHYNpM4VQWF9YxVgSTsw?view_as=subscriber\"]}]}<\/script>\n<!-- \/ Yoast SEO plugin. -->","yoast_head_json":{"title":"BOQUILLA DOBLE PARA INFLAR NEUM\u00c1TICOS 1102 | Bozza","robots":{"index":"index","follow":"follow","max-snippet":"max-snippet:-1","max-image-preview":"max-image-preview:large","max-video-preview":"max-video-preview:-1"},"canonical":"https:\/\/bozza.com\/es\/produto\/1102\/","og_locale":"es_ES","og_type":"article","og_title":"BOQUILLA DOBLE PARA INFLAR NEUM\u00c1TICOS 1102 | Bozza","og_description":"Boquilla doble para inflar neum\u00e1ticos, para uso en autom\u00f3viles y camiones.","og_url":"https:\/\/bozza.com\/es\/produto\/1102\/","og_site_name":"Bozza","article_publisher":"https:\/\/www.facebook.com\/bozza.oficial\/","article_modified_time":"2026-02-10T20:42:03+00:00","og_image":[{"width":2560,"height":2560,"url":"https:\/\/bozza.com\/wp-content\/uploads\/2018\/09\/1102-scaled.jpg","type":"image\/jpeg"}],"twitter_card":"summary_large_image","twitter_misc":{"Tiempo de lectura":"1 minuto"},"schema":{"@context":"https:\/\/schema.org","@graph":[{"@type":"WebPage","@id":"https:\/\/bozza.com\/es\/produto\/1102\/","url":"https:\/\/bozza.com\/es\/produto\/1102\/","name":"BOQUILLA DOBLE PARA INFLAR NEUM\u00c1TICOS 1102 | Bozza","isPartOf":{"@id":"https:\/\/bozza.com\/#website"},"primaryImageOfPage":{"@id":"https:\/\/bozza.com\/es\/produto\/1102\/#primaryimage"},"image":{"@id":"https:\/\/bozza.com\/es\/produto\/1102\/#primaryimage"},"thumbnailUrl":"https:\/\/bozza.com\/wp-content\/uploads\/2018\/09\/1102-scaled.jpg","datePublished":"2018-09-19T17:33:11+00:00","dateModified":"2026-02-10T20:42:03+00:00","breadcrumb":{"@id":"https:\/\/bozza.com\/es\/produto\/1102\/#breadcrumb"},"inLanguage":"es","potentialAction":[{"@type":"ReadAction","target":["https:\/\/bozza.com\/es\/produto\/1102\/"]}]},{"@type":"ImageObject","inLanguage":"es","@id":"https:\/\/bozza.com\/es\/produto\/1102\/#primaryimage","url":"https:\/\/bozza.com\/wp-content\/uploads\/2018\/09\/1102-scaled.jpg","contentUrl":"https:\/\/bozza.com\/wp-content\/uploads\/2018\/09\/1102-scaled.jpg","width":2560,"height":2560,"caption":"Bico duplo para compressor"},{"@type":"BreadcrumbList","@id":"https:\/\/bozza.com\/es\/produto\/1102\/#breadcrumb","itemListElement":[{"@type":"ListItem","position":1,"name":"In\u00edcio","item":"https:\/\/bozza.com\/"},{"@type":"ListItem","position":2,"name":"Produtos","item":"https:\/\/bozza.com\/?page_id=70036"},{"@type":"ListItem","position":3,"name":"BOQUILLA DOBLE PARA INFLAR NEUM\u00c1TICOS 1102"}]},{"@type":"WebSite","@id":"https:\/\/bozza.com\/#website","url":"https:\/\/bozza.com\/","name":"Bozza","description":"Solu\u00e7\u00f5es em Lubrifica\u00e7\u00e3o","publisher":{"@id":"https:\/\/bozza.com\/#organization"},"potentialAction":[{"@type":"SearchAction","target":{"@type":"EntryPoint","urlTemplate":"https:\/\/bozza.com\/?s={search_term_string}"},"query-input":{"@type":"PropertyValueSpecification","valueRequired":true,"valueName":"search_term_string"}}],"inLanguage":"es"},{"@type":"Organization","@id":"https:\/\/bozza.com\/#organization","name":"Bozza","url":"https:\/\/bozza.com\/","logo":{"@type":"ImageObject","inLanguage":"es","@id":"https:\/\/bozza.com\/#\/schema\/logo\/image\/","url":"","contentUrl":"","caption":"Bozza"},"image":{"@id":"https:\/\/bozza.com\/#\/schema\/logo\/image\/"},"sameAs":["https:\/\/www.facebook.com\/bozza.oficial\/","https:\/\/www.instagram.com\/bozzaoficial\/","https:\/\/www.linkedin.com\/company\/bozza\/","https:\/\/www.youtube.com\/channel\/UCQRiHYNpM4VQWF9YxVgSTsw?view_as=subscriber"]}]}},"_links":{"self":[{"href":"https:\/\/bozza.com\/es\/wp-json\/wp\/v2\/product\/66812","targetHints":{"allow":["GET"]}}],"collection":[{"href":"https:\/\/bozza.com\/es\/wp-json\/wp\/v2\/product"}],"about":[{"href":"https:\/\/bozza.com\/es\/wp-json\/wp\/v2\/types\/product"}],"wp:featuredmedia":[{"embeddable":true,"href":"https:\/\/bozza.com\/es\/wp-json\/wp\/v2\/media\/22695"}],"wp:attachment":[{"href":"https:\/\/bozza.com\/es\/wp-json\/wp\/v2\/media?parent=66812"}],"wp:term":[{"taxonomy":"product_brand","embeddable":true,"href":"https:\/\/bozza.com\/es\/wp-json\/wp\/v2\/product_brand?post=66812"},{"taxonomy":"product_cat","embeddable":true,"href":"https:\/\/bozza.com\/es\/wp-json\/wp\/v2\/product_cat?post=66812"},{"taxonomy":"product_tag","embeddable":true,"href":"https:\/\/bozza.com\/es\/wp-json\/wp\/v2\/product_tag?post=66812"}],"curies":[{"name":"wp","href":"https:\/\/api.w.org\/{rel}","templated":true}]}}