{"id":66833,"date":"2018-09-19T10:24:50","date_gmt":"2018-09-19T13:24:50","guid":{"rendered":"https:\/\/www.bozza.com\/produto\/kit-para-ibc-oleo\/"},"modified":"2026-02-11T15:10:46","modified_gmt":"2026-02-11T18:10:46","slug":"kit-para-ibc-oleo","status":"publish","type":"product","link":"https:\/\/bozza.com\/es\/produto\/kit-para-ibc-oleo\/","title":{"rendered":"KIT PARA IBC \u2013 ACEITE \u2013 IBC-OL-10"},"content":{"rendered":"<ul>\n<li><span style=\"font-weight: 400;\">12021-P-G4<\/span><\/li>\n<li><span style=\"font-weight: 400;\">Caudal libre<\/span><span style=\"font-weight: 400;\"> 25L\/min<\/span><\/li>\n<li><span style=\"font-weight: 400;\">Relaci\u00f3n 3:1<\/span><\/li>\n<li><span style=\"font-weight: 400;\">Presi\u00f3n m\u00e1x. de trabajo 80-100 PSI<\/span><\/li>\n<li><span style=\"font-weight: 400;\">Temperatura m\u00e1x. trabajo 55\u00b0C<\/span><\/li>\n<li><span style=\"font-weight: 400;\">Consumo de aire 10,0 pies\u00b3\/min.<\/span><\/li>\n<li><span style=\"font-weight: 400;\">Entrada de aire 1\/4<\/span><\/li>\n<li><span style=\"font-weight: 400;\">Precio mediante consulta<\/span><\/li>\n<\/ul>\n","protected":false},"excerpt":{"rendered":"<p><span style=\"font-weight: 400;\">Equipo flexible adecuado para clientes que utilizan mucho aceite lubricante. Se puede acoplar a diferentes tama\u00f1os de dep\u00f3sitos (IBC), adecuado para el sector de miner\u00eda, empresas de transporte urbano y por carretera, concesionarios agr\u00edcolas, concesionarios de camiones, etc.<\/span><\/p>\n","protected":false},"featured_media":10450,"template":"","meta":{"_acf_changed":false},"product_brand":[1028],"product_cat":[251,1009,328],"product_tag":[268,407],"class_list":{"0":"post-66833","1":"product","2":"type-product","3":"status-publish","4":"has-post-thumbnail","6":"product_brand-postos-de-servicos-es","7":"product_cat-equipamentos-para-postos-de-servicos-es","8":"product_cat-para-el-petroleo","9":"product_cat-todos-os-produtos-es","10":"product_tag-oleo-es","11":"product_tag-kit-es","13":"first","14":"instock","15":"shipping-taxable","16":"product-type-simple"},"acf":[],"yoast_head":"<!-- This site is optimized with the Yoast SEO plugin v26.9 - https:\/\/yoast.com\/product\/yoast-seo-wordpress\/ -->\n<title>KIT PARA IBC \u2013 ACEITE \u2013 IBC-OL-10 | Bozza<\/title>\n<meta name=\"robots\" content=\"index, follow, max-snippet:-1, max-image-preview:large, max-video-preview:-1\" \/>\n<link rel=\"canonical\" href=\"https:\/\/bozza.com\/es\/produto\/kit-para-ibc-oleo\/\" \/>\n<meta property=\"og:locale\" content=\"es_ES\" \/>\n<meta property=\"og:type\" content=\"article\" \/>\n<meta property=\"og:title\" content=\"KIT PARA IBC \u2013 ACEITE \u2013 IBC-OL-10 | Bozza\" \/>\n<meta property=\"og:description\" content=\"Equipo flexible adecuado para clientes que utilizan mucho aceite lubricante. Se puede acoplar a diferentes tama\u00f1os de dep\u00f3sitos (IBC), adecuado para el sector de miner\u00eda, empresas de transporte urbano y por carretera, concesionarios agr\u00edcolas, concesionarios de camiones, etc.\" \/>\n<meta property=\"og:url\" content=\"https:\/\/bozza.com\/es\/produto\/kit-para-ibc-oleo\/\" \/>\n<meta property=\"og:site_name\" content=\"Bozza\" \/>\n<meta property=\"article:publisher\" content=\"https:\/\/www.facebook.com\/bozza.oficial\/\" \/>\n<meta property=\"article:modified_time\" content=\"2026-02-11T18:10:46+00:00\" \/>\n<meta property=\"og:image\" content=\"https:\/\/bozza.com\/wp-content\/uploads\/2018\/09\/IBC-OL-scaled.jpg\" \/>\n\t<meta property=\"og:image:width\" content=\"2176\" \/>\n\t<meta property=\"og:image:height\" content=\"2560\" \/>\n\t<meta property=\"og:image:type\" content=\"image\/jpeg\" \/>\n<meta name=\"twitter:card\" content=\"summary_large_image\" \/>\n<meta name=\"twitter:label1\" content=\"Tiempo de lectura\" \/>\n\t<meta name=\"twitter:data1\" content=\"1 minuto\" \/>\n<script type=\"application\/ld+json\" class=\"yoast-schema-graph\">{\"@context\":\"https:\/\/schema.org\",\"@graph\":[{\"@type\":\"WebPage\",\"@id\":\"https:\/\/bozza.com\/es\/produto\/kit-para-ibc-oleo\/\",\"url\":\"https:\/\/bozza.com\/es\/produto\/kit-para-ibc-oleo\/\",\"name\":\"KIT PARA IBC \u2013 ACEITE \u2013 IBC-OL-10 | Bozza\",\"isPartOf\":{\"@id\":\"https:\/\/bozza.com\/#website\"},\"primaryImageOfPage\":{\"@id\":\"https:\/\/bozza.com\/es\/produto\/kit-para-ibc-oleo\/#primaryimage\"},\"image\":{\"@id\":\"https:\/\/bozza.com\/es\/produto\/kit-para-ibc-oleo\/#primaryimage\"},\"thumbnailUrl\":\"https:\/\/bozza.com\/wp-content\/uploads\/2018\/09\/IBC-OL-scaled.jpg\",\"datePublished\":\"2018-09-19T13:24:50+00:00\",\"dateModified\":\"2026-02-11T18:10:46+00:00\",\"breadcrumb\":{\"@id\":\"https:\/\/bozza.com\/es\/produto\/kit-para-ibc-oleo\/#breadcrumb\"},\"inLanguage\":\"es\",\"potentialAction\":[{\"@type\":\"ReadAction\",\"target\":[\"https:\/\/bozza.com\/es\/produto\/kit-para-ibc-oleo\/\"]}]},{\"@type\":\"ImageObject\",\"inLanguage\":\"es\",\"@id\":\"https:\/\/bozza.com\/es\/produto\/kit-para-ibc-oleo\/#primaryimage\",\"url\":\"https:\/\/bozza.com\/wp-content\/uploads\/2018\/09\/IBC-OL-scaled.jpg\",\"contentUrl\":\"https:\/\/bozza.com\/wp-content\/uploads\/2018\/09\/IBC-OL-scaled.jpg\",\"width\":2176,\"height\":2560},{\"@type\":\"BreadcrumbList\",\"@id\":\"https:\/\/bozza.com\/es\/produto\/kit-para-ibc-oleo\/#breadcrumb\",\"itemListElement\":[{\"@type\":\"ListItem\",\"position\":1,\"name\":\"In\u00edcio\",\"item\":\"https:\/\/bozza.com\/\"},{\"@type\":\"ListItem\",\"position\":2,\"name\":\"Produtos\",\"item\":\"https:\/\/bozza.com\/?page_id=70036\"},{\"@type\":\"ListItem\",\"position\":3,\"name\":\"KIT PARA IBC \u2013 ACEITE \u2013 IBC-OL-10\"}]},{\"@type\":\"WebSite\",\"@id\":\"https:\/\/bozza.com\/#website\",\"url\":\"https:\/\/bozza.com\/\",\"name\":\"Bozza\",\"description\":\"Solu\u00e7\u00f5es em Lubrifica\u00e7\u00e3o\",\"publisher\":{\"@id\":\"https:\/\/bozza.com\/#organization\"},\"potentialAction\":[{\"@type\":\"SearchAction\",\"target\":{\"@type\":\"EntryPoint\",\"urlTemplate\":\"https:\/\/bozza.com\/?s={search_term_string}\"},\"query-input\":{\"@type\":\"PropertyValueSpecification\",\"valueRequired\":true,\"valueName\":\"search_term_string\"}}],\"inLanguage\":\"es\"},{\"@type\":\"Organization\",\"@id\":\"https:\/\/bozza.com\/#organization\",\"name\":\"Bozza\",\"url\":\"https:\/\/bozza.com\/\",\"logo\":{\"@type\":\"ImageObject\",\"inLanguage\":\"es\",\"@id\":\"https:\/\/bozza.com\/#\/schema\/logo\/image\/\",\"url\":\"\",\"contentUrl\":\"\",\"caption\":\"Bozza\"},\"image\":{\"@id\":\"https:\/\/bozza.com\/#\/schema\/logo\/image\/\"},\"sameAs\":[\"https:\/\/www.facebook.com\/bozza.oficial\/\",\"https:\/\/www.instagram.com\/bozzaoficial\/\",\"https:\/\/www.linkedin.com\/company\/bozza\/\",\"https:\/\/www.youtube.com\/channel\/UCQRiHYNpM4VQWF9YxVgSTsw?view_as=subscriber\"]}]}<\/script>\n<!-- \/ Yoast SEO plugin. -->","yoast_head_json":{"title":"KIT PARA IBC \u2013 ACEITE \u2013 IBC-OL-10 | Bozza","robots":{"index":"index","follow":"follow","max-snippet":"max-snippet:-1","max-image-preview":"max-image-preview:large","max-video-preview":"max-video-preview:-1"},"canonical":"https:\/\/bozza.com\/es\/produto\/kit-para-ibc-oleo\/","og_locale":"es_ES","og_type":"article","og_title":"KIT PARA IBC \u2013 ACEITE \u2013 IBC-OL-10 | Bozza","og_description":"Equipo flexible adecuado para clientes que utilizan mucho aceite lubricante. Se puede acoplar a diferentes tama\u00f1os de dep\u00f3sitos (IBC), adecuado para el sector de miner\u00eda, empresas de transporte urbano y por carretera, concesionarios agr\u00edcolas, concesionarios de camiones, etc.","og_url":"https:\/\/bozza.com\/es\/produto\/kit-para-ibc-oleo\/","og_site_name":"Bozza","article_publisher":"https:\/\/www.facebook.com\/bozza.oficial\/","article_modified_time":"2026-02-11T18:10:46+00:00","og_image":[{"width":2176,"height":2560,"url":"https:\/\/bozza.com\/wp-content\/uploads\/2018\/09\/IBC-OL-scaled.jpg","type":"image\/jpeg"}],"twitter_card":"summary_large_image","twitter_misc":{"Tiempo de lectura":"1 minuto"},"schema":{"@context":"https:\/\/schema.org","@graph":[{"@type":"WebPage","@id":"https:\/\/bozza.com\/es\/produto\/kit-para-ibc-oleo\/","url":"https:\/\/bozza.com\/es\/produto\/kit-para-ibc-oleo\/","name":"KIT PARA IBC \u2013 ACEITE \u2013 IBC-OL-10 | Bozza","isPartOf":{"@id":"https:\/\/bozza.com\/#website"},"primaryImageOfPage":{"@id":"https:\/\/bozza.com\/es\/produto\/kit-para-ibc-oleo\/#primaryimage"},"image":{"@id":"https:\/\/bozza.com\/es\/produto\/kit-para-ibc-oleo\/#primaryimage"},"thumbnailUrl":"https:\/\/bozza.com\/wp-content\/uploads\/2018\/09\/IBC-OL-scaled.jpg","datePublished":"2018-09-19T13:24:50+00:00","dateModified":"2026-02-11T18:10:46+00:00","breadcrumb":{"@id":"https:\/\/bozza.com\/es\/produto\/kit-para-ibc-oleo\/#breadcrumb"},"inLanguage":"es","potentialAction":[{"@type":"ReadAction","target":["https:\/\/bozza.com\/es\/produto\/kit-para-ibc-oleo\/"]}]},{"@type":"ImageObject","inLanguage":"es","@id":"https:\/\/bozza.com\/es\/produto\/kit-para-ibc-oleo\/#primaryimage","url":"https:\/\/bozza.com\/wp-content\/uploads\/2018\/09\/IBC-OL-scaled.jpg","contentUrl":"https:\/\/bozza.com\/wp-content\/uploads\/2018\/09\/IBC-OL-scaled.jpg","width":2176,"height":2560},{"@type":"BreadcrumbList","@id":"https:\/\/bozza.com\/es\/produto\/kit-para-ibc-oleo\/#breadcrumb","itemListElement":[{"@type":"ListItem","position":1,"name":"In\u00edcio","item":"https:\/\/bozza.com\/"},{"@type":"ListItem","position":2,"name":"Produtos","item":"https:\/\/bozza.com\/?page_id=70036"},{"@type":"ListItem","position":3,"name":"KIT PARA IBC \u2013 ACEITE \u2013 IBC-OL-10"}]},{"@type":"WebSite","@id":"https:\/\/bozza.com\/#website","url":"https:\/\/bozza.com\/","name":"Bozza","description":"Solu\u00e7\u00f5es em Lubrifica\u00e7\u00e3o","publisher":{"@id":"https:\/\/bozza.com\/#organization"},"potentialAction":[{"@type":"SearchAction","target":{"@type":"EntryPoint","urlTemplate":"https:\/\/bozza.com\/?s={search_term_string}"},"query-input":{"@type":"PropertyValueSpecification","valueRequired":true,"valueName":"search_term_string"}}],"inLanguage":"es"},{"@type":"Organization","@id":"https:\/\/bozza.com\/#organization","name":"Bozza","url":"https:\/\/bozza.com\/","logo":{"@type":"ImageObject","inLanguage":"es","@id":"https:\/\/bozza.com\/#\/schema\/logo\/image\/","url":"","contentUrl":"","caption":"Bozza"},"image":{"@id":"https:\/\/bozza.com\/#\/schema\/logo\/image\/"},"sameAs":["https:\/\/www.facebook.com\/bozza.oficial\/","https:\/\/www.instagram.com\/bozzaoficial\/","https:\/\/www.linkedin.com\/company\/bozza\/","https:\/\/www.youtube.com\/channel\/UCQRiHYNpM4VQWF9YxVgSTsw?view_as=subscriber"]}]}},"_links":{"self":[{"href":"https:\/\/bozza.com\/es\/wp-json\/wp\/v2\/product\/66833","targetHints":{"allow":["GET"]}}],"collection":[{"href":"https:\/\/bozza.com\/es\/wp-json\/wp\/v2\/product"}],"about":[{"href":"https:\/\/bozza.com\/es\/wp-json\/wp\/v2\/types\/product"}],"wp:featuredmedia":[{"embeddable":true,"href":"https:\/\/bozza.com\/es\/wp-json\/wp\/v2\/media\/10450"}],"wp:attachment":[{"href":"https:\/\/bozza.com\/es\/wp-json\/wp\/v2\/media?parent=66833"}],"wp:term":[{"taxonomy":"product_brand","embeddable":true,"href":"https:\/\/bozza.com\/es\/wp-json\/wp\/v2\/product_brand?post=66833"},{"taxonomy":"product_cat","embeddable":true,"href":"https:\/\/bozza.com\/es\/wp-json\/wp\/v2\/product_cat?post=66833"},{"taxonomy":"product_tag","embeddable":true,"href":"https:\/\/bozza.com\/es\/wp-json\/wp\/v2\/product_tag?post=66833"}],"curies":[{"name":"wp","href":"https:\/\/api.w.org\/{rel}","templated":true}]}}