{"id":66879,"date":"2018-09-19T09:36:15","date_gmt":"2018-09-19T12:36:15","guid":{"rendered":"https:\/\/www.bozza.com\/produto\/17100ret-ol15m\/"},"modified":"2026-02-11T15:23:30","modified_gmt":"2026-02-11T18:23:30","slug":"17100ret-ol15m","status":"publish","type":"product","link":"https:\/\/bozza.com\/es\/produto\/17100ret-ol15m\/","title":{"rendered":"CARRETE RETR\u00c1CTIL PARA ACEITE 17100RET-OL15M"},"content":{"rendered":"<ul>\n<li><span style=\"font-weight: 400;\">Presi\u00f3n<\/span><span style=\"font-weight: 400;\"> de<\/span><span style=\"font-weight: 400;\"> trabajo 2,000 PSI \/ 138 BAR<\/span><\/li>\n<li><span style=\"font-weight: 400;\">Entrada del producto 1\/2\u201d Rosca Hembra NPT<\/span><\/li>\n<li><span style=\"font-weight: 400;\">Salida del producto 1\/2\u201d Rosca Macho NPT<\/span><\/li>\n<li><span style=\"font-weight: 400;\">Precio mediante consulta<\/span><b><br \/>\n<\/b><\/li>\n<\/ul>\n","protected":false},"excerpt":{"rendered":"<p><span style=\"font-weight: 400;\">Equipo que permite enrollar mangueras de aceite hasta 15 metros para fijaci\u00f3n en paredes o bases.<\/span> <span style=\"font-weight: 400;\">Dispone de un medidor electr\u00f3nico que permite controlar el volumen de aceite suministrado en cada operaci\u00f3n, as\u00ed como una manguera con retracci\u00f3n autom\u00e1tica que no requiere esfuerzo por parte del operario, evitando el desgaste prematuro de la misma y manteniendo el entorno ordenado.<\/span> <span style=\"font-weight: 400;\">Recomendado para servicios de cambio de aceite, concesionarios, unidades m\u00f3viles de lubricaci\u00f3n (convoyes), centros automotrices, centros fijos de abastecimiento y lubricaci\u00f3n.<\/span> <span style=\"font-weight: 400;\">Viene con<\/span><span style=\"font-weight: 400;\"> v\u00e1lvula de aceite (B-900).<\/span><\/p>\n","protected":false},"featured_media":1829,"template":"","meta":{"_acf_changed":false},"product_brand":[1028],"product_cat":[345,338,1009,328],"product_tag":[268,348],"class_list":{"0":"post-66879","1":"product","2":"type-product","3":"status-publish","4":"has-post-thumbnail","6":"product_brand-postos-de-servicos-es","7":"product_cat-carretes-y-mangueras","8":"product_cat-equipamentos-para-comboio-es","9":"product_cat-para-el-petroleo","10":"product_cat-todos-os-produtos-es","11":"product_tag-oleo-es","12":"product_tag-carretel-es","14":"first","15":"instock","16":"shipping-taxable","17":"product-type-simple"},"acf":[],"yoast_head":"<!-- This site is optimized with the Yoast SEO plugin v26.9 - https:\/\/yoast.com\/product\/yoast-seo-wordpress\/ -->\n<title>CARRETE RETR\u00c1CTIL PARA ACEITE 17100RET-OL15M | Bozza<\/title>\n<meta name=\"robots\" content=\"index, follow, max-snippet:-1, max-image-preview:large, max-video-preview:-1\" \/>\n<link rel=\"canonical\" href=\"https:\/\/bozza.com\/es\/produto\/17100ret-ol15m\/\" \/>\n<meta property=\"og:locale\" content=\"es_ES\" \/>\n<meta property=\"og:type\" content=\"article\" \/>\n<meta property=\"og:title\" content=\"CARRETE RETR\u00c1CTIL PARA ACEITE 17100RET-OL15M | Bozza\" \/>\n<meta property=\"og:description\" content=\"Equipo que permite enrollar mangueras de aceite hasta 15 metros para fijaci\u00f3n en paredes o bases. Dispone de un medidor electr\u00f3nico que permite controlar el volumen de aceite suministrado en cada operaci\u00f3n, as\u00ed como una manguera con retracci\u00f3n autom\u00e1tica que no requiere esfuerzo por parte del operario, evitando el desgaste prematuro de la misma y manteniendo el entorno ordenado. Recomendado para servicios de cambio de aceite, concesionarios, unidades m\u00f3viles de lubricaci\u00f3n (convoyes), centros automotrices, centros fijos de abastecimiento y lubricaci\u00f3n. Viene con v\u00e1lvula de aceite (B-900).\" \/>\n<meta property=\"og:url\" content=\"https:\/\/bozza.com\/es\/produto\/17100ret-ol15m\/\" \/>\n<meta property=\"og:site_name\" content=\"Bozza\" \/>\n<meta property=\"article:publisher\" content=\"https:\/\/www.facebook.com\/bozza.oficial\/\" \/>\n<meta property=\"article:modified_time\" content=\"2026-02-11T18:23:30+00:00\" \/>\n<meta property=\"og:image\" content=\"https:\/\/bozza.com\/wp-content\/uploads\/2018\/09\/Bozza_Recortes_Carreteis_171000Ret-Oli15M.png\" \/>\n\t<meta property=\"og:image:width\" content=\"1200\" \/>\n\t<meta property=\"og:image:height\" content=\"1200\" \/>\n\t<meta property=\"og:image:type\" content=\"image\/png\" \/>\n<meta name=\"twitter:card\" content=\"summary_large_image\" \/>\n<meta name=\"twitter:label1\" content=\"Tiempo de lectura\" \/>\n\t<meta name=\"twitter:data1\" content=\"1 minuto\" \/>\n<script type=\"application\/ld+json\" class=\"yoast-schema-graph\">{\"@context\":\"https:\/\/schema.org\",\"@graph\":[{\"@type\":\"WebPage\",\"@id\":\"https:\/\/bozza.com\/es\/produto\/17100ret-ol15m\/\",\"url\":\"https:\/\/bozza.com\/es\/produto\/17100ret-ol15m\/\",\"name\":\"CARRETE RETR\u00c1CTIL PARA ACEITE 17100RET-OL15M | Bozza\",\"isPartOf\":{\"@id\":\"https:\/\/bozza.com\/#website\"},\"primaryImageOfPage\":{\"@id\":\"https:\/\/bozza.com\/es\/produto\/17100ret-ol15m\/#primaryimage\"},\"image\":{\"@id\":\"https:\/\/bozza.com\/es\/produto\/17100ret-ol15m\/#primaryimage\"},\"thumbnailUrl\":\"https:\/\/bozza.com\/wp-content\/uploads\/2018\/09\/Bozza_Recortes_Carreteis_171000Ret-Oli15M.png\",\"datePublished\":\"2018-09-19T12:36:15+00:00\",\"dateModified\":\"2026-02-11T18:23:30+00:00\",\"breadcrumb\":{\"@id\":\"https:\/\/bozza.com\/es\/produto\/17100ret-ol15m\/#breadcrumb\"},\"inLanguage\":\"es\",\"potentialAction\":[{\"@type\":\"ReadAction\",\"target\":[\"https:\/\/bozza.com\/es\/produto\/17100ret-ol15m\/\"]}]},{\"@type\":\"ImageObject\",\"inLanguage\":\"es\",\"@id\":\"https:\/\/bozza.com\/es\/produto\/17100ret-ol15m\/#primaryimage\",\"url\":\"https:\/\/bozza.com\/wp-content\/uploads\/2018\/09\/Bozza_Recortes_Carreteis_171000Ret-Oli15M.png\",\"contentUrl\":\"https:\/\/bozza.com\/wp-content\/uploads\/2018\/09\/Bozza_Recortes_Carreteis_171000Ret-Oli15M.png\",\"width\":1200,\"height\":1200},{\"@type\":\"BreadcrumbList\",\"@id\":\"https:\/\/bozza.com\/es\/produto\/17100ret-ol15m\/#breadcrumb\",\"itemListElement\":[{\"@type\":\"ListItem\",\"position\":1,\"name\":\"In\u00edcio\",\"item\":\"https:\/\/bozza.com\/\"},{\"@type\":\"ListItem\",\"position\":2,\"name\":\"Produtos\",\"item\":\"https:\/\/bozza.com\/?page_id=70036\"},{\"@type\":\"ListItem\",\"position\":3,\"name\":\"CARRETE RETR\u00c1CTIL PARA ACEITE 17100RET-OL15M\"}]},{\"@type\":\"WebSite\",\"@id\":\"https:\/\/bozza.com\/#website\",\"url\":\"https:\/\/bozza.com\/\",\"name\":\"Bozza\",\"description\":\"Solu\u00e7\u00f5es em Lubrifica\u00e7\u00e3o\",\"publisher\":{\"@id\":\"https:\/\/bozza.com\/#organization\"},\"potentialAction\":[{\"@type\":\"SearchAction\",\"target\":{\"@type\":\"EntryPoint\",\"urlTemplate\":\"https:\/\/bozza.com\/?s={search_term_string}\"},\"query-input\":{\"@type\":\"PropertyValueSpecification\",\"valueRequired\":true,\"valueName\":\"search_term_string\"}}],\"inLanguage\":\"es\"},{\"@type\":\"Organization\",\"@id\":\"https:\/\/bozza.com\/#organization\",\"name\":\"Bozza\",\"url\":\"https:\/\/bozza.com\/\",\"logo\":{\"@type\":\"ImageObject\",\"inLanguage\":\"es\",\"@id\":\"https:\/\/bozza.com\/#\/schema\/logo\/image\/\",\"url\":\"\",\"contentUrl\":\"\",\"caption\":\"Bozza\"},\"image\":{\"@id\":\"https:\/\/bozza.com\/#\/schema\/logo\/image\/\"},\"sameAs\":[\"https:\/\/www.facebook.com\/bozza.oficial\/\",\"https:\/\/www.instagram.com\/bozzaoficial\/\",\"https:\/\/www.linkedin.com\/company\/bozza\/\",\"https:\/\/www.youtube.com\/channel\/UCQRiHYNpM4VQWF9YxVgSTsw?view_as=subscriber\"]}]}<\/script>\n<!-- \/ Yoast SEO plugin. -->","yoast_head_json":{"title":"CARRETE RETR\u00c1CTIL PARA ACEITE 17100RET-OL15M | Bozza","robots":{"index":"index","follow":"follow","max-snippet":"max-snippet:-1","max-image-preview":"max-image-preview:large","max-video-preview":"max-video-preview:-1"},"canonical":"https:\/\/bozza.com\/es\/produto\/17100ret-ol15m\/","og_locale":"es_ES","og_type":"article","og_title":"CARRETE RETR\u00c1CTIL PARA ACEITE 17100RET-OL15M | Bozza","og_description":"Equipo que permite enrollar mangueras de aceite hasta 15 metros para fijaci\u00f3n en paredes o bases. Dispone de un medidor electr\u00f3nico que permite controlar el volumen de aceite suministrado en cada operaci\u00f3n, as\u00ed como una manguera con retracci\u00f3n autom\u00e1tica que no requiere esfuerzo por parte del operario, evitando el desgaste prematuro de la misma y manteniendo el entorno ordenado. Recomendado para servicios de cambio de aceite, concesionarios, unidades m\u00f3viles de lubricaci\u00f3n (convoyes), centros automotrices, centros fijos de abastecimiento y lubricaci\u00f3n. Viene con v\u00e1lvula de aceite (B-900).","og_url":"https:\/\/bozza.com\/es\/produto\/17100ret-ol15m\/","og_site_name":"Bozza","article_publisher":"https:\/\/www.facebook.com\/bozza.oficial\/","article_modified_time":"2026-02-11T18:23:30+00:00","og_image":[{"width":1200,"height":1200,"url":"https:\/\/bozza.com\/wp-content\/uploads\/2018\/09\/Bozza_Recortes_Carreteis_171000Ret-Oli15M.png","type":"image\/png"}],"twitter_card":"summary_large_image","twitter_misc":{"Tiempo de lectura":"1 minuto"},"schema":{"@context":"https:\/\/schema.org","@graph":[{"@type":"WebPage","@id":"https:\/\/bozza.com\/es\/produto\/17100ret-ol15m\/","url":"https:\/\/bozza.com\/es\/produto\/17100ret-ol15m\/","name":"CARRETE RETR\u00c1CTIL PARA ACEITE 17100RET-OL15M | Bozza","isPartOf":{"@id":"https:\/\/bozza.com\/#website"},"primaryImageOfPage":{"@id":"https:\/\/bozza.com\/es\/produto\/17100ret-ol15m\/#primaryimage"},"image":{"@id":"https:\/\/bozza.com\/es\/produto\/17100ret-ol15m\/#primaryimage"},"thumbnailUrl":"https:\/\/bozza.com\/wp-content\/uploads\/2018\/09\/Bozza_Recortes_Carreteis_171000Ret-Oli15M.png","datePublished":"2018-09-19T12:36:15+00:00","dateModified":"2026-02-11T18:23:30+00:00","breadcrumb":{"@id":"https:\/\/bozza.com\/es\/produto\/17100ret-ol15m\/#breadcrumb"},"inLanguage":"es","potentialAction":[{"@type":"ReadAction","target":["https:\/\/bozza.com\/es\/produto\/17100ret-ol15m\/"]}]},{"@type":"ImageObject","inLanguage":"es","@id":"https:\/\/bozza.com\/es\/produto\/17100ret-ol15m\/#primaryimage","url":"https:\/\/bozza.com\/wp-content\/uploads\/2018\/09\/Bozza_Recortes_Carreteis_171000Ret-Oli15M.png","contentUrl":"https:\/\/bozza.com\/wp-content\/uploads\/2018\/09\/Bozza_Recortes_Carreteis_171000Ret-Oli15M.png","width":1200,"height":1200},{"@type":"BreadcrumbList","@id":"https:\/\/bozza.com\/es\/produto\/17100ret-ol15m\/#breadcrumb","itemListElement":[{"@type":"ListItem","position":1,"name":"In\u00edcio","item":"https:\/\/bozza.com\/"},{"@type":"ListItem","position":2,"name":"Produtos","item":"https:\/\/bozza.com\/?page_id=70036"},{"@type":"ListItem","position":3,"name":"CARRETE RETR\u00c1CTIL PARA ACEITE 17100RET-OL15M"}]},{"@type":"WebSite","@id":"https:\/\/bozza.com\/#website","url":"https:\/\/bozza.com\/","name":"Bozza","description":"Solu\u00e7\u00f5es em Lubrifica\u00e7\u00e3o","publisher":{"@id":"https:\/\/bozza.com\/#organization"},"potentialAction":[{"@type":"SearchAction","target":{"@type":"EntryPoint","urlTemplate":"https:\/\/bozza.com\/?s={search_term_string}"},"query-input":{"@type":"PropertyValueSpecification","valueRequired":true,"valueName":"search_term_string"}}],"inLanguage":"es"},{"@type":"Organization","@id":"https:\/\/bozza.com\/#organization","name":"Bozza","url":"https:\/\/bozza.com\/","logo":{"@type":"ImageObject","inLanguage":"es","@id":"https:\/\/bozza.com\/#\/schema\/logo\/image\/","url":"","contentUrl":"","caption":"Bozza"},"image":{"@id":"https:\/\/bozza.com\/#\/schema\/logo\/image\/"},"sameAs":["https:\/\/www.facebook.com\/bozza.oficial\/","https:\/\/www.instagram.com\/bozzaoficial\/","https:\/\/www.linkedin.com\/company\/bozza\/","https:\/\/www.youtube.com\/channel\/UCQRiHYNpM4VQWF9YxVgSTsw?view_as=subscriber"]}]}},"_links":{"self":[{"href":"https:\/\/bozza.com\/es\/wp-json\/wp\/v2\/product\/66879","targetHints":{"allow":["GET"]}}],"collection":[{"href":"https:\/\/bozza.com\/es\/wp-json\/wp\/v2\/product"}],"about":[{"href":"https:\/\/bozza.com\/es\/wp-json\/wp\/v2\/types\/product"}],"wp:featuredmedia":[{"embeddable":true,"href":"https:\/\/bozza.com\/es\/wp-json\/wp\/v2\/media\/1829"}],"wp:attachment":[{"href":"https:\/\/bozza.com\/es\/wp-json\/wp\/v2\/media?parent=66879"}],"wp:term":[{"taxonomy":"product_brand","embeddable":true,"href":"https:\/\/bozza.com\/es\/wp-json\/wp\/v2\/product_brand?post=66879"},{"taxonomy":"product_cat","embeddable":true,"href":"https:\/\/bozza.com\/es\/wp-json\/wp\/v2\/product_cat?post=66879"},{"taxonomy":"product_tag","embeddable":true,"href":"https:\/\/bozza.com\/es\/wp-json\/wp\/v2\/product_tag?post=66879"}],"curies":[{"name":"wp","href":"https:\/\/api.w.org\/{rel}","templated":true}]}}