{"id":66889,"date":"2018-09-18T17:48:17","date_gmt":"2018-09-18T20:48:17","guid":{"rendered":"https:\/\/www.bozza.com\/produto\/8632-g3\/"},"modified":"2026-04-06T16:07:24","modified_gmt":"2026-04-06T19:07:24","slug":"8632-g3","status":"publish","type":"product","link":"https:\/\/bozza.com\/es\/produto\/8632-g3\/","title":{"rendered":"BOMBA MANUAL PARA ACEITE 8632-R20-G3 20L"},"content":{"rendered":"<ul>\n<li><span style=\"font-weight: 400;\">Dep\u00f3sito de 20 litros (m\u00f3vil de ruedas)<\/span><\/li>\n<li><span style=\"font-weight: 400;\">Caudal<\/span> <span style=\"font-weight: 400;\">libre 0,250 L\/ciclo<\/span><\/li>\n<li><span style=\"font-weight: 400;\">Precio mediante consulta<\/span><\/li>\n<\/ul>\n","protected":false},"excerpt":{"rendered":"<p><span style=\"font-weight: 400;\">Bomba manual m\u00f3vil para trasvasar aceite lubricante a la caja de cambios y diferencial, con sistema de manivela. Adecuada para estaciones de servicio, concesionarios y empresas de transporte en general que no dispongan de aire comprimido.<\/span><\/p>\n","protected":false},"featured_media":62879,"template":"","meta":{"_acf_changed":false},"product_brand":[],"product_cat":[353,415,1009,328],"product_tag":[156,325],"class_list":{"0":"post-66889","1":"product","2":"type-product","3":"status-publish","4":"has-post-thumbnail","6":"product_cat-bombas-manuais-es","7":"product_cat-bombas-manuais-g4-es","8":"product_cat-para-el-petroleo","9":"product_cat-todos-os-produtos-es","10":"product_tag-aceite","11":"product_tag-manual-es","13":"first","14":"instock","15":"shipping-taxable","16":"product-type-simple"},"acf":[],"yoast_head":"<!-- This site is optimized with the Yoast SEO plugin v26.9 - https:\/\/yoast.com\/product\/yoast-seo-wordpress\/ -->\n<title>BOMBA MANUAL PARA ACEITE 8632-R20-G3 20L | Bozza<\/title>\n<meta name=\"robots\" content=\"index, follow, max-snippet:-1, max-image-preview:large, max-video-preview:-1\" \/>\n<link rel=\"canonical\" href=\"https:\/\/bozza.com\/produto\/bomba-manual-para-oleo-8632-g3\/\" \/>\n<meta property=\"og:locale\" content=\"es_ES\" \/>\n<meta property=\"og:type\" content=\"article\" \/>\n<meta property=\"og:title\" content=\"BOMBA MANUAL PARA ACEITE 8632-R20-G3 20L | Bozza\" \/>\n<meta property=\"og:description\" content=\"Bomba manual m\u00f3vil para trasvasar aceite lubricante a la caja de cambios y diferencial, con sistema de manivela. Adecuada para estaciones de servicio, concesionarios y empresas de transporte en general que no dispongan de aire comprimido.\" \/>\n<meta property=\"og:url\" content=\"https:\/\/bozza.com\/produto\/bomba-manual-para-oleo-8632-g3\/\" \/>\n<meta property=\"og:site_name\" content=\"Bozza\" \/>\n<meta property=\"article:publisher\" content=\"https:\/\/www.facebook.com\/bozza.oficial\/\" \/>\n<meta property=\"article:modified_time\" content=\"2026-04-06T19:07:24+00:00\" \/>\n<meta property=\"og:image\" content=\"https:\/\/bozza.com\/wp-content\/uploads\/2024\/05\/01.210.0209_8632-R20-G4.jpg\" \/>\n\t<meta property=\"og:image:width\" content=\"1080\" \/>\n\t<meta property=\"og:image:height\" content=\"1080\" \/>\n\t<meta property=\"og:image:type\" content=\"image\/jpeg\" \/>\n<meta name=\"twitter:card\" content=\"summary_large_image\" \/>\n<meta name=\"twitter:label1\" content=\"Tiempo de lectura\" \/>\n\t<meta name=\"twitter:data1\" content=\"1 minuto\" \/>\n<script type=\"application\/ld+json\" class=\"yoast-schema-graph\">{\"@context\":\"https:\/\/schema.org\",\"@graph\":[{\"@type\":\"WebPage\",\"@id\":\"https:\/\/bozza.com\/produto\/bomba-manual-para-oleo-8632-g3\/\",\"url\":\"https:\/\/bozza.com\/produto\/bomba-manual-para-oleo-8632-g3\/\",\"name\":\"BOMBA MANUAL PARA ACEITE 8632-R20-G3 20L | Bozza\",\"isPartOf\":{\"@id\":\"https:\/\/bozza.com\/#website\"},\"primaryImageOfPage\":{\"@id\":\"https:\/\/bozza.com\/produto\/bomba-manual-para-oleo-8632-g3\/#primaryimage\"},\"image\":{\"@id\":\"https:\/\/bozza.com\/produto\/bomba-manual-para-oleo-8632-g3\/#primaryimage\"},\"thumbnailUrl\":\"https:\/\/bozza.com\/wp-content\/uploads\/2024\/05\/01.210.0209_8632-R20-G4.jpg\",\"datePublished\":\"2018-09-18T20:48:17+00:00\",\"dateModified\":\"2026-04-06T19:07:24+00:00\",\"breadcrumb\":{\"@id\":\"https:\/\/bozza.com\/produto\/bomba-manual-para-oleo-8632-g3\/#breadcrumb\"},\"inLanguage\":\"es\",\"potentialAction\":[{\"@type\":\"ReadAction\",\"target\":[\"https:\/\/bozza.com\/produto\/bomba-manual-para-oleo-8632-g3\/\"]}]},{\"@type\":\"ImageObject\",\"inLanguage\":\"es\",\"@id\":\"https:\/\/bozza.com\/produto\/bomba-manual-para-oleo-8632-g3\/#primaryimage\",\"url\":\"https:\/\/bozza.com\/wp-content\/uploads\/2024\/05\/01.210.0209_8632-R20-G4.jpg\",\"contentUrl\":\"https:\/\/bozza.com\/wp-content\/uploads\/2024\/05\/01.210.0209_8632-R20-G4.jpg\",\"width\":1080,\"height\":1080},{\"@type\":\"BreadcrumbList\",\"@id\":\"https:\/\/bozza.com\/produto\/bomba-manual-para-oleo-8632-g3\/#breadcrumb\",\"itemListElement\":[{\"@type\":\"ListItem\",\"position\":1,\"name\":\"In\u00edcio\",\"item\":\"https:\/\/bozza.com\/\"},{\"@type\":\"ListItem\",\"position\":2,\"name\":\"Produtos\",\"item\":\"https:\/\/bozza.com\/?page_id=70036\"},{\"@type\":\"ListItem\",\"position\":3,\"name\":\"BOMBA MANUAL PARA ACEITE 8632-R20-G3 20L\"}]},{\"@type\":\"WebSite\",\"@id\":\"https:\/\/bozza.com\/#website\",\"url\":\"https:\/\/bozza.com\/\",\"name\":\"Bozza\",\"description\":\"Solu\u00e7\u00f5es em Lubrifica\u00e7\u00e3o\",\"publisher\":{\"@id\":\"https:\/\/bozza.com\/#organization\"},\"potentialAction\":[{\"@type\":\"SearchAction\",\"target\":{\"@type\":\"EntryPoint\",\"urlTemplate\":\"https:\/\/bozza.com\/?s={search_term_string}\"},\"query-input\":{\"@type\":\"PropertyValueSpecification\",\"valueRequired\":true,\"valueName\":\"search_term_string\"}}],\"inLanguage\":\"es\"},{\"@type\":\"Organization\",\"@id\":\"https:\/\/bozza.com\/#organization\",\"name\":\"Bozza\",\"url\":\"https:\/\/bozza.com\/\",\"logo\":{\"@type\":\"ImageObject\",\"inLanguage\":\"es\",\"@id\":\"https:\/\/bozza.com\/#\/schema\/logo\/image\/\",\"url\":\"\",\"contentUrl\":\"\",\"caption\":\"Bozza\"},\"image\":{\"@id\":\"https:\/\/bozza.com\/#\/schema\/logo\/image\/\"},\"sameAs\":[\"https:\/\/www.facebook.com\/bozza.oficial\/\",\"https:\/\/www.instagram.com\/bozzaoficial\/\",\"https:\/\/www.linkedin.com\/company\/bozza\/\",\"https:\/\/www.youtube.com\/channel\/UCQRiHYNpM4VQWF9YxVgSTsw?view_as=subscriber\"]}]}<\/script>\n<!-- \/ Yoast SEO plugin. -->","yoast_head_json":{"title":"BOMBA MANUAL PARA ACEITE 8632-R20-G3 20L | Bozza","robots":{"index":"index","follow":"follow","max-snippet":"max-snippet:-1","max-image-preview":"max-image-preview:large","max-video-preview":"max-video-preview:-1"},"canonical":"https:\/\/bozza.com\/produto\/bomba-manual-para-oleo-8632-g3\/","og_locale":"es_ES","og_type":"article","og_title":"BOMBA MANUAL PARA ACEITE 8632-R20-G3 20L | Bozza","og_description":"Bomba manual m\u00f3vil para trasvasar aceite lubricante a la caja de cambios y diferencial, con sistema de manivela. Adecuada para estaciones de servicio, concesionarios y empresas de transporte en general que no dispongan de aire comprimido.","og_url":"https:\/\/bozza.com\/produto\/bomba-manual-para-oleo-8632-g3\/","og_site_name":"Bozza","article_publisher":"https:\/\/www.facebook.com\/bozza.oficial\/","article_modified_time":"2026-04-06T19:07:24+00:00","og_image":[{"width":1080,"height":1080,"url":"https:\/\/bozza.com\/wp-content\/uploads\/2024\/05\/01.210.0209_8632-R20-G4.jpg","type":"image\/jpeg"}],"twitter_card":"summary_large_image","twitter_misc":{"Tiempo de lectura":"1 minuto"},"schema":{"@context":"https:\/\/schema.org","@graph":[{"@type":"WebPage","@id":"https:\/\/bozza.com\/produto\/bomba-manual-para-oleo-8632-g3\/","url":"https:\/\/bozza.com\/produto\/bomba-manual-para-oleo-8632-g3\/","name":"BOMBA MANUAL PARA ACEITE 8632-R20-G3 20L | Bozza","isPartOf":{"@id":"https:\/\/bozza.com\/#website"},"primaryImageOfPage":{"@id":"https:\/\/bozza.com\/produto\/bomba-manual-para-oleo-8632-g3\/#primaryimage"},"image":{"@id":"https:\/\/bozza.com\/produto\/bomba-manual-para-oleo-8632-g3\/#primaryimage"},"thumbnailUrl":"https:\/\/bozza.com\/wp-content\/uploads\/2024\/05\/01.210.0209_8632-R20-G4.jpg","datePublished":"2018-09-18T20:48:17+00:00","dateModified":"2026-04-06T19:07:24+00:00","breadcrumb":{"@id":"https:\/\/bozza.com\/produto\/bomba-manual-para-oleo-8632-g3\/#breadcrumb"},"inLanguage":"es","potentialAction":[{"@type":"ReadAction","target":["https:\/\/bozza.com\/produto\/bomba-manual-para-oleo-8632-g3\/"]}]},{"@type":"ImageObject","inLanguage":"es","@id":"https:\/\/bozza.com\/produto\/bomba-manual-para-oleo-8632-g3\/#primaryimage","url":"https:\/\/bozza.com\/wp-content\/uploads\/2024\/05\/01.210.0209_8632-R20-G4.jpg","contentUrl":"https:\/\/bozza.com\/wp-content\/uploads\/2024\/05\/01.210.0209_8632-R20-G4.jpg","width":1080,"height":1080},{"@type":"BreadcrumbList","@id":"https:\/\/bozza.com\/produto\/bomba-manual-para-oleo-8632-g3\/#breadcrumb","itemListElement":[{"@type":"ListItem","position":1,"name":"In\u00edcio","item":"https:\/\/bozza.com\/"},{"@type":"ListItem","position":2,"name":"Produtos","item":"https:\/\/bozza.com\/?page_id=70036"},{"@type":"ListItem","position":3,"name":"BOMBA MANUAL PARA ACEITE 8632-R20-G3 20L"}]},{"@type":"WebSite","@id":"https:\/\/bozza.com\/#website","url":"https:\/\/bozza.com\/","name":"Bozza","description":"Solu\u00e7\u00f5es em Lubrifica\u00e7\u00e3o","publisher":{"@id":"https:\/\/bozza.com\/#organization"},"potentialAction":[{"@type":"SearchAction","target":{"@type":"EntryPoint","urlTemplate":"https:\/\/bozza.com\/?s={search_term_string}"},"query-input":{"@type":"PropertyValueSpecification","valueRequired":true,"valueName":"search_term_string"}}],"inLanguage":"es"},{"@type":"Organization","@id":"https:\/\/bozza.com\/#organization","name":"Bozza","url":"https:\/\/bozza.com\/","logo":{"@type":"ImageObject","inLanguage":"es","@id":"https:\/\/bozza.com\/#\/schema\/logo\/image\/","url":"","contentUrl":"","caption":"Bozza"},"image":{"@id":"https:\/\/bozza.com\/#\/schema\/logo\/image\/"},"sameAs":["https:\/\/www.facebook.com\/bozza.oficial\/","https:\/\/www.instagram.com\/bozzaoficial\/","https:\/\/www.linkedin.com\/company\/bozza\/","https:\/\/www.youtube.com\/channel\/UCQRiHYNpM4VQWF9YxVgSTsw?view_as=subscriber"]}]}},"_links":{"self":[{"href":"https:\/\/bozza.com\/es\/wp-json\/wp\/v2\/product\/66889","targetHints":{"allow":["GET"]}}],"collection":[{"href":"https:\/\/bozza.com\/es\/wp-json\/wp\/v2\/product"}],"about":[{"href":"https:\/\/bozza.com\/es\/wp-json\/wp\/v2\/types\/product"}],"wp:featuredmedia":[{"embeddable":true,"href":"https:\/\/bozza.com\/es\/wp-json\/wp\/v2\/media\/62879"}],"wp:attachment":[{"href":"https:\/\/bozza.com\/es\/wp-json\/wp\/v2\/media?parent=66889"}],"wp:term":[{"taxonomy":"product_brand","embeddable":true,"href":"https:\/\/bozza.com\/es\/wp-json\/wp\/v2\/product_brand?post=66889"},{"taxonomy":"product_cat","embeddable":true,"href":"https:\/\/bozza.com\/es\/wp-json\/wp\/v2\/product_cat?post=66889"},{"taxonomy":"product_tag","embeddable":true,"href":"https:\/\/bozza.com\/es\/wp-json\/wp\/v2\/product_tag?post=66889"}],"curies":[{"name":"wp","href":"https:\/\/api.w.org\/{rel}","templated":true}]}}