{"id":66935,"date":"2018-09-18T15:59:06","date_gmt":"2018-09-18T18:59:06","guid":{"rendered":"https:\/\/www.bozza.com\/produto\/11021-e-g4\/"},"modified":"2026-02-11T16:32:00","modified_gmt":"2026-02-11T19:32:00","slug":"11021-e-g4","status":"publish","type":"product","link":"https:\/\/bozza.com\/es\/produto\/11021-e-g4\/","title":{"rendered":"PROPULSORA NEUM\u00c1TICA PARA ACEITE 11021-E-G4 50L"},"content":{"rendered":"<ul>\n<li><span style=\"font-weight: 400;\">Recipiente de Aplicaci\u00f3n 50L<\/span><\/li>\n<li><span style=\"font-weight: 400;\">Caudal<\/span> <span style=\"font-weight: 400;\">libre 25 L\/min<\/span><\/li>\n<li><span style=\"font-weight: 400;\">Proporci\u00f3n 3: 1<\/span><\/li>\n<li><span style=\"font-weight: 400;\">Entrada de aire 1\u2044 4\u201d Rosca NPT<\/span><\/li>\n<li><span style=\"font-weight: 400;\">Salida de Producto MF 1\u20442\u201d JIC37<\/span><\/li>\n<li><span style=\"font-weight: 400;\">Presi\u00f3n<\/span><span style=\"font-weight: 400;\"> de<\/span><span style=\"font-weight: 400;\"> trabajo 80- 100 PSI (5,5- 6,9 BAR)<\/span><\/li>\n<li><span style=\"font-weight: 400;\">Presi\u00f3n<\/span><span style=\"font-weight: 400;\"> de<\/span><span style=\"font-weight: 400;\"> salida\u00a0 240-300 PSI (16,5-20,6 BAR)<\/span><\/li>\n<li><span style=\"font-weight: 400;\">Consumo de aire 10,0 pies\u00b3\/min.<\/span><\/li>\n<li><span style=\"font-weight: 400;\">*Viscosidad hasta SAE 90.<\/span><\/li>\n<li><span style=\"font-weight: 400;\">Precio mediante consulta<\/span><\/li>\n<li><span style=\"font-weight: 400;\">Presi\u00f3n m\u00e1x. de trabajo 100PSI (6,9 BAR)<\/span><\/li>\n<\/ul>\n","protected":false},"excerpt":{"rendered":"<p><span style=\"font-weight: 400;\">Equipo m\u00f3vil para aceite lubricante adecuado para clientes que necesitan agilidad y eficiencia en el proceso de lubricaci\u00f3n.<\/span> <span style=\"font-weight: 400;\">Recomendado para industrias con sistemas hidr\u00e1ulicos, concesionarios de autom\u00f3viles y otros segmentos, permitiendo m\u00e1s autonom\u00eda en la operaci\u00f3n y control de consumo.<\/span><\/p>\n","protected":false},"featured_media":56686,"template":"","meta":{"_acf_changed":false},"product_brand":[],"product_cat":[461],"product_tag":[],"class_list":{"0":"post-66935","1":"product","2":"type-product","3":"status-publish","4":"has-post-thumbnail","6":"product_cat-releases","8":"first","9":"outofstock","10":"shipping-taxable","11":"product-type-simple"},"acf":[],"yoast_head":"<!-- This site is optimized with the Yoast SEO plugin v26.9 - https:\/\/yoast.com\/product\/yoast-seo-wordpress\/ -->\n<title>PROPULSORA NEUM\u00c1TICA PARA ACEITE 11021-E-G4 50L | Bozza<\/title>\n<meta name=\"robots\" content=\"index, follow, max-snippet:-1, max-image-preview:large, max-video-preview:-1\" \/>\n<link rel=\"canonical\" href=\"https:\/\/bozza.com\/es\/produto\/11021-e-g4\/\" \/>\n<meta property=\"og:locale\" content=\"es_ES\" \/>\n<meta property=\"og:type\" content=\"article\" \/>\n<meta property=\"og:title\" content=\"PROPULSORA NEUM\u00c1TICA PARA ACEITE 11021-E-G4 50L | Bozza\" \/>\n<meta property=\"og:description\" content=\"Equipo m\u00f3vil para aceite lubricante adecuado para clientes que necesitan agilidad y eficiencia en el proceso de lubricaci\u00f3n. Recomendado para industrias con sistemas hidr\u00e1ulicos, concesionarios de autom\u00f3viles y otros segmentos, permitiendo m\u00e1s autonom\u00eda en la operaci\u00f3n y control de consumo.\" \/>\n<meta property=\"og:url\" content=\"https:\/\/bozza.com\/es\/produto\/11021-e-g4\/\" \/>\n<meta property=\"og:site_name\" content=\"Bozza\" \/>\n<meta property=\"article:publisher\" content=\"https:\/\/www.facebook.com\/bozza.oficial\/\" \/>\n<meta property=\"article:modified_time\" content=\"2026-02-11T19:32:00+00:00\" \/>\n<meta property=\"og:image\" content=\"https:\/\/bozza.com\/wp-content\/uploads\/2018\/09\/11021-E-G4-2023.png\" \/>\n\t<meta property=\"og:image:width\" content=\"2000\" \/>\n\t<meta property=\"og:image:height\" content=\"2000\" \/>\n\t<meta property=\"og:image:type\" content=\"image\/png\" \/>\n<meta name=\"twitter:card\" content=\"summary_large_image\" \/>\n<meta name=\"twitter:label1\" content=\"Tiempo de lectura\" \/>\n\t<meta name=\"twitter:data1\" content=\"1 minuto\" \/>\n<script type=\"application\/ld+json\" class=\"yoast-schema-graph\">{\"@context\":\"https:\/\/schema.org\",\"@graph\":[{\"@type\":\"WebPage\",\"@id\":\"https:\/\/bozza.com\/es\/produto\/11021-e-g4\/\",\"url\":\"https:\/\/bozza.com\/es\/produto\/11021-e-g4\/\",\"name\":\"PROPULSORA NEUM\u00c1TICA PARA ACEITE 11021-E-G4 50L | Bozza\",\"isPartOf\":{\"@id\":\"https:\/\/bozza.com\/#website\"},\"primaryImageOfPage\":{\"@id\":\"https:\/\/bozza.com\/es\/produto\/11021-e-g4\/#primaryimage\"},\"image\":{\"@id\":\"https:\/\/bozza.com\/es\/produto\/11021-e-g4\/#primaryimage\"},\"thumbnailUrl\":\"https:\/\/bozza.com\/wp-content\/uploads\/2018\/09\/11021-E-G4-2023.png\",\"datePublished\":\"2018-09-18T18:59:06+00:00\",\"dateModified\":\"2026-02-11T19:32:00+00:00\",\"breadcrumb\":{\"@id\":\"https:\/\/bozza.com\/es\/produto\/11021-e-g4\/#breadcrumb\"},\"inLanguage\":\"es\",\"potentialAction\":[{\"@type\":\"ReadAction\",\"target\":[\"https:\/\/bozza.com\/es\/produto\/11021-e-g4\/\"]}]},{\"@type\":\"ImageObject\",\"inLanguage\":\"es\",\"@id\":\"https:\/\/bozza.com\/es\/produto\/11021-e-g4\/#primaryimage\",\"url\":\"https:\/\/bozza.com\/wp-content\/uploads\/2018\/09\/11021-E-G4-2023.png\",\"contentUrl\":\"https:\/\/bozza.com\/wp-content\/uploads\/2018\/09\/11021-E-G4-2023.png\",\"width\":2000,\"height\":2000,\"caption\":\"Propulsora Pneum\u00e1tica_11021-E-G4-2023\"},{\"@type\":\"BreadcrumbList\",\"@id\":\"https:\/\/bozza.com\/es\/produto\/11021-e-g4\/#breadcrumb\",\"itemListElement\":[{\"@type\":\"ListItem\",\"position\":1,\"name\":\"In\u00edcio\",\"item\":\"https:\/\/bozza.com\/\"},{\"@type\":\"ListItem\",\"position\":2,\"name\":\"Produtos\",\"item\":\"https:\/\/bozza.com\/?page_id=70036\"},{\"@type\":\"ListItem\",\"position\":3,\"name\":\"PROPULSORA NEUM\u00c1TICA PARA ACEITE 11021-E-G4 50L\"}]},{\"@type\":\"WebSite\",\"@id\":\"https:\/\/bozza.com\/#website\",\"url\":\"https:\/\/bozza.com\/\",\"name\":\"Bozza\",\"description\":\"Solu\u00e7\u00f5es em Lubrifica\u00e7\u00e3o\",\"publisher\":{\"@id\":\"https:\/\/bozza.com\/#organization\"},\"potentialAction\":[{\"@type\":\"SearchAction\",\"target\":{\"@type\":\"EntryPoint\",\"urlTemplate\":\"https:\/\/bozza.com\/?s={search_term_string}\"},\"query-input\":{\"@type\":\"PropertyValueSpecification\",\"valueRequired\":true,\"valueName\":\"search_term_string\"}}],\"inLanguage\":\"es\"},{\"@type\":\"Organization\",\"@id\":\"https:\/\/bozza.com\/#organization\",\"name\":\"Bozza\",\"url\":\"https:\/\/bozza.com\/\",\"logo\":{\"@type\":\"ImageObject\",\"inLanguage\":\"es\",\"@id\":\"https:\/\/bozza.com\/#\/schema\/logo\/image\/\",\"url\":\"\",\"contentUrl\":\"\",\"caption\":\"Bozza\"},\"image\":{\"@id\":\"https:\/\/bozza.com\/#\/schema\/logo\/image\/\"},\"sameAs\":[\"https:\/\/www.facebook.com\/bozza.oficial\/\",\"https:\/\/www.instagram.com\/bozzaoficial\/\",\"https:\/\/www.linkedin.com\/company\/bozza\/\",\"https:\/\/www.youtube.com\/channel\/UCQRiHYNpM4VQWF9YxVgSTsw?view_as=subscriber\"]}]}<\/script>\n<!-- \/ Yoast SEO plugin. -->","yoast_head_json":{"title":"PROPULSORA NEUM\u00c1TICA PARA ACEITE 11021-E-G4 50L | Bozza","robots":{"index":"index","follow":"follow","max-snippet":"max-snippet:-1","max-image-preview":"max-image-preview:large","max-video-preview":"max-video-preview:-1"},"canonical":"https:\/\/bozza.com\/es\/produto\/11021-e-g4\/","og_locale":"es_ES","og_type":"article","og_title":"PROPULSORA NEUM\u00c1TICA PARA ACEITE 11021-E-G4 50L | Bozza","og_description":"Equipo m\u00f3vil para aceite lubricante adecuado para clientes que necesitan agilidad y eficiencia en el proceso de lubricaci\u00f3n. Recomendado para industrias con sistemas hidr\u00e1ulicos, concesionarios de autom\u00f3viles y otros segmentos, permitiendo m\u00e1s autonom\u00eda en la operaci\u00f3n y control de consumo.","og_url":"https:\/\/bozza.com\/es\/produto\/11021-e-g4\/","og_site_name":"Bozza","article_publisher":"https:\/\/www.facebook.com\/bozza.oficial\/","article_modified_time":"2026-02-11T19:32:00+00:00","og_image":[{"width":2000,"height":2000,"url":"https:\/\/bozza.com\/wp-content\/uploads\/2018\/09\/11021-E-G4-2023.png","type":"image\/png"}],"twitter_card":"summary_large_image","twitter_misc":{"Tiempo de lectura":"1 minuto"},"schema":{"@context":"https:\/\/schema.org","@graph":[{"@type":"WebPage","@id":"https:\/\/bozza.com\/es\/produto\/11021-e-g4\/","url":"https:\/\/bozza.com\/es\/produto\/11021-e-g4\/","name":"PROPULSORA NEUM\u00c1TICA PARA ACEITE 11021-E-G4 50L | Bozza","isPartOf":{"@id":"https:\/\/bozza.com\/#website"},"primaryImageOfPage":{"@id":"https:\/\/bozza.com\/es\/produto\/11021-e-g4\/#primaryimage"},"image":{"@id":"https:\/\/bozza.com\/es\/produto\/11021-e-g4\/#primaryimage"},"thumbnailUrl":"https:\/\/bozza.com\/wp-content\/uploads\/2018\/09\/11021-E-G4-2023.png","datePublished":"2018-09-18T18:59:06+00:00","dateModified":"2026-02-11T19:32:00+00:00","breadcrumb":{"@id":"https:\/\/bozza.com\/es\/produto\/11021-e-g4\/#breadcrumb"},"inLanguage":"es","potentialAction":[{"@type":"ReadAction","target":["https:\/\/bozza.com\/es\/produto\/11021-e-g4\/"]}]},{"@type":"ImageObject","inLanguage":"es","@id":"https:\/\/bozza.com\/es\/produto\/11021-e-g4\/#primaryimage","url":"https:\/\/bozza.com\/wp-content\/uploads\/2018\/09\/11021-E-G4-2023.png","contentUrl":"https:\/\/bozza.com\/wp-content\/uploads\/2018\/09\/11021-E-G4-2023.png","width":2000,"height":2000,"caption":"Propulsora Pneum\u00e1tica_11021-E-G4-2023"},{"@type":"BreadcrumbList","@id":"https:\/\/bozza.com\/es\/produto\/11021-e-g4\/#breadcrumb","itemListElement":[{"@type":"ListItem","position":1,"name":"In\u00edcio","item":"https:\/\/bozza.com\/"},{"@type":"ListItem","position":2,"name":"Produtos","item":"https:\/\/bozza.com\/?page_id=70036"},{"@type":"ListItem","position":3,"name":"PROPULSORA NEUM\u00c1TICA PARA ACEITE 11021-E-G4 50L"}]},{"@type":"WebSite","@id":"https:\/\/bozza.com\/#website","url":"https:\/\/bozza.com\/","name":"Bozza","description":"Solu\u00e7\u00f5es em Lubrifica\u00e7\u00e3o","publisher":{"@id":"https:\/\/bozza.com\/#organization"},"potentialAction":[{"@type":"SearchAction","target":{"@type":"EntryPoint","urlTemplate":"https:\/\/bozza.com\/?s={search_term_string}"},"query-input":{"@type":"PropertyValueSpecification","valueRequired":true,"valueName":"search_term_string"}}],"inLanguage":"es"},{"@type":"Organization","@id":"https:\/\/bozza.com\/#organization","name":"Bozza","url":"https:\/\/bozza.com\/","logo":{"@type":"ImageObject","inLanguage":"es","@id":"https:\/\/bozza.com\/#\/schema\/logo\/image\/","url":"","contentUrl":"","caption":"Bozza"},"image":{"@id":"https:\/\/bozza.com\/#\/schema\/logo\/image\/"},"sameAs":["https:\/\/www.facebook.com\/bozza.oficial\/","https:\/\/www.instagram.com\/bozzaoficial\/","https:\/\/www.linkedin.com\/company\/bozza\/","https:\/\/www.youtube.com\/channel\/UCQRiHYNpM4VQWF9YxVgSTsw?view_as=subscriber"]}]}},"_links":{"self":[{"href":"https:\/\/bozza.com\/es\/wp-json\/wp\/v2\/product\/66935","targetHints":{"allow":["GET"]}}],"collection":[{"href":"https:\/\/bozza.com\/es\/wp-json\/wp\/v2\/product"}],"about":[{"href":"https:\/\/bozza.com\/es\/wp-json\/wp\/v2\/types\/product"}],"wp:featuredmedia":[{"embeddable":true,"href":"https:\/\/bozza.com\/es\/wp-json\/wp\/v2\/media\/56686"}],"wp:attachment":[{"href":"https:\/\/bozza.com\/es\/wp-json\/wp\/v2\/media?parent=66935"}],"wp:term":[{"taxonomy":"product_brand","embeddable":true,"href":"https:\/\/bozza.com\/es\/wp-json\/wp\/v2\/product_brand?post=66935"},{"taxonomy":"product_cat","embeddable":true,"href":"https:\/\/bozza.com\/es\/wp-json\/wp\/v2\/product_cat?post=66935"},{"taxonomy":"product_tag","embeddable":true,"href":"https:\/\/bozza.com\/es\/wp-json\/wp\/v2\/product_tag?post=66935"}],"curies":[{"name":"wp","href":"https:\/\/api.w.org\/{rel}","templated":true}]}}