{"id":66963,"date":"2023-07-26T14:18:55","date_gmt":"2023-07-26T17:18:55","guid":{"rendered":"https:\/\/www.bozza.com\/produto\/bomba-manual-para-graxa-7029-grx-max\/"},"modified":"2026-04-10T15:13:04","modified_gmt":"2026-04-10T18:13:04","slug":"bomba-manual-para-graxa-7029-grx-max","status":"publish","type":"product","link":"https:\/\/bozza.com\/es\/produto\/bomba-manual-para-graxa-7029-grx-max\/","title":{"rendered":"BOMBA MANUAL PARA GRASA 7029-GRX MAX"},"content":{"rendered":"<p><strong>Bomba Manual para Grasa 7029-G2<\/strong><\/p>\n<ul>\n<li><span style=\"font-weight: 400;\">Capacidad 500g<\/span><\/li>\n<li><span style=\"font-weight: 400;\">Caudal libre<\/span><span style=\"font-weight: 400;\"> 1g\/accionamiento<\/span><\/li>\n<li><span style=\"font-weight: 400;\">Presi\u00f3n m\u00e1x.<\/span><span style=\"font-weight: 400;\"> 6.000 PSI (414 BAR)<\/span><\/li>\n<\/ul>\n<p><strong>Acoplador con Enganche R\u00e1pido 350-ER<\/strong><\/p>\n<ul>\n<li><span style=\"font-weight: 400;\">Con 6 esferas de acople para fijaci\u00f3n centralizada;<\/span><\/li>\n<li><span style=\"font-weight: 400;\">Permite el acople en lugares de dif\u00edcil acceso;<\/span><\/li>\n<li><span style=\"font-weight: 400;\">Rosca hembra de entrada 1\/8\u201d NPT<\/span><\/li>\n<\/ul>\n<p><b>Cartucho de Grasa LT-400<\/b><\/p>\n<ul>\n<li><span style=\"font-weight: 400;\">Cartucho de 400g<\/span><\/li>\n<li><span style=\"font-weight: 400;\">Consistencia: NLGI2<\/span><\/li>\n<li><span style=\"font-weight: 400;\">Espesante: Litio<\/span><\/li>\n<li><span style=\"font-weight: 400;\">Color: \u00c1mbar<\/span><\/li>\n<li><span style=\"font-weight: 400;\">Punto de Gota (\u00b0C)185 del aceite base: 40\u00b0C (St) \u2013 180<\/span><\/li>\n<li><span style=\"font-weight: 400;\">Penetraci\u00f3n Trabajada: 265 a 295<\/span><\/li>\n<li><span style=\"font-weight: 400;\">Precio mediante consulta<\/span><\/li>\n<\/ul>\n","protected":false},"excerpt":{"rendered":"<p><span style=\"font-weight: 400;\">Combo de Bomba Manual para Grasa 7029-G2 + Acoplador Hidr\u00e1ulico con enganche R\u00e1pido 350-ER + Cartucho de Grasa Multiuso de Litio LT-400.\u00a0 Recomendado para clientes que necesitan practicidad y eficiencia en el proceso de lubricaci\u00f3n, baja periodicidad y consumo de grasa.<\/span> <span style=\"font-weight: 400;\">Equipo f\u00e1cil de rellenar. Ideal para uso en lugares de dif\u00edcil acceso donde no se dispone de aire comprimido.<\/span><\/p>\n","protected":false},"featured_media":68954,"template":"","meta":{"_acf_changed":false},"product_brand":[],"product_cat":[353,324,1007,328],"product_tag":[],"class_list":{"0":"post-66963","1":"product","2":"type-product","3":"status-publish","4":"has-post-thumbnail","6":"product_cat-bombas-manuais-es","7":"product_cat-lanzamientos","8":"product_cat-para-grasa","9":"product_cat-todos-os-produtos-es","11":"first","12":"instock","13":"shipping-taxable","14":"product-type-simple"},"acf":[],"yoast_head":"<!-- This site is optimized with the Yoast SEO plugin v26.9 - https:\/\/yoast.com\/product\/yoast-seo-wordpress\/ -->\n<title>BOMBA MANUAL PARA GRASA 7029-GRX MAX | Bozza<\/title>\n<meta name=\"robots\" content=\"index, follow, max-snippet:-1, max-image-preview:large, max-video-preview:-1\" \/>\n<link rel=\"canonical\" href=\"https:\/\/bozza.com\/es\/produto\/bomba-manual-para-graxa-7029-grx-max\/\" \/>\n<meta property=\"og:locale\" content=\"es_ES\" \/>\n<meta property=\"og:type\" content=\"article\" \/>\n<meta property=\"og:title\" content=\"BOMBA MANUAL PARA GRASA 7029-GRX MAX | Bozza\" \/>\n<meta property=\"og:description\" content=\"Combo de Bomba Manual para Grasa 7029-G2 + Acoplador Hidr\u00e1ulico con enganche R\u00e1pido 350-ER + Cartucho de Grasa Multiuso de Litio LT-400.\u00a0 Recomendado para clientes que necesitan practicidad y eficiencia en el proceso de lubricaci\u00f3n, baja periodicidad y consumo de grasa. Equipo f\u00e1cil de rellenar. Ideal para uso en lugares de dif\u00edcil acceso donde no se dispone de aire comprimido.\" \/>\n<meta property=\"og:url\" content=\"https:\/\/bozza.com\/es\/produto\/bomba-manual-para-graxa-7029-grx-max\/\" \/>\n<meta property=\"og:site_name\" content=\"Bozza\" \/>\n<meta property=\"article:publisher\" content=\"https:\/\/www.facebook.com\/bozza.oficial\/\" \/>\n<meta property=\"article:modified_time\" content=\"2026-04-10T18:13:04+00:00\" \/>\n<meta property=\"og:image\" content=\"https:\/\/bozza.com\/wp-content\/uploads\/2023\/07\/12.210.0089_7029-GRX-MAX_BOMBA-MANUAL-GRAXAACOPLADOR-300-er-1.jpg\" \/>\n\t<meta property=\"og:image:width\" content=\"1080\" \/>\n\t<meta property=\"og:image:height\" content=\"1080\" \/>\n\t<meta property=\"og:image:type\" content=\"image\/jpeg\" \/>\n<meta name=\"twitter:card\" content=\"summary_large_image\" \/>\n<meta name=\"twitter:label1\" content=\"Tiempo de lectura\" \/>\n\t<meta name=\"twitter:data1\" content=\"1 minuto\" \/>\n<script type=\"application\/ld+json\" class=\"yoast-schema-graph\">{\"@context\":\"https:\/\/schema.org\",\"@graph\":[{\"@type\":\"WebPage\",\"@id\":\"https:\/\/bozza.com\/es\/produto\/bomba-manual-para-graxa-7029-grx-max\/\",\"url\":\"https:\/\/bozza.com\/es\/produto\/bomba-manual-para-graxa-7029-grx-max\/\",\"name\":\"BOMBA MANUAL PARA GRASA 7029-GRX MAX | Bozza\",\"isPartOf\":{\"@id\":\"https:\/\/bozza.com\/#website\"},\"primaryImageOfPage\":{\"@id\":\"https:\/\/bozza.com\/es\/produto\/bomba-manual-para-graxa-7029-grx-max\/#primaryimage\"},\"image\":{\"@id\":\"https:\/\/bozza.com\/es\/produto\/bomba-manual-para-graxa-7029-grx-max\/#primaryimage\"},\"thumbnailUrl\":\"https:\/\/bozza.com\/wp-content\/uploads\/2023\/07\/12.210.0089_7029-GRX-MAX_BOMBA-MANUAL-GRAXAACOPLADOR-300-er-1.jpg\",\"datePublished\":\"2023-07-26T17:18:55+00:00\",\"dateModified\":\"2026-04-10T18:13:04+00:00\",\"breadcrumb\":{\"@id\":\"https:\/\/bozza.com\/es\/produto\/bomba-manual-para-graxa-7029-grx-max\/#breadcrumb\"},\"inLanguage\":\"es\",\"potentialAction\":[{\"@type\":\"ReadAction\",\"target\":[\"https:\/\/bozza.com\/es\/produto\/bomba-manual-para-graxa-7029-grx-max\/\"]}]},{\"@type\":\"ImageObject\",\"inLanguage\":\"es\",\"@id\":\"https:\/\/bozza.com\/es\/produto\/bomba-manual-para-graxa-7029-grx-max\/#primaryimage\",\"url\":\"https:\/\/bozza.com\/wp-content\/uploads\/2023\/07\/12.210.0089_7029-GRX-MAX_BOMBA-MANUAL-GRAXAACOPLADOR-300-er-1.jpg\",\"contentUrl\":\"https:\/\/bozza.com\/wp-content\/uploads\/2023\/07\/12.210.0089_7029-GRX-MAX_BOMBA-MANUAL-GRAXAACOPLADOR-300-er-1.jpg\",\"width\":1080,\"height\":1080},{\"@type\":\"BreadcrumbList\",\"@id\":\"https:\/\/bozza.com\/es\/produto\/bomba-manual-para-graxa-7029-grx-max\/#breadcrumb\",\"itemListElement\":[{\"@type\":\"ListItem\",\"position\":1,\"name\":\"In\u00edcio\",\"item\":\"https:\/\/bozza.com\/\"},{\"@type\":\"ListItem\",\"position\":2,\"name\":\"Produtos\",\"item\":\"https:\/\/bozza.com\/?page_id=70036\"},{\"@type\":\"ListItem\",\"position\":3,\"name\":\"BOMBA MANUAL PARA GRASA 7029-GRX MAX\"}]},{\"@type\":\"WebSite\",\"@id\":\"https:\/\/bozza.com\/#website\",\"url\":\"https:\/\/bozza.com\/\",\"name\":\"Bozza\",\"description\":\"Solu\u00e7\u00f5es em Lubrifica\u00e7\u00e3o\",\"publisher\":{\"@id\":\"https:\/\/bozza.com\/#organization\"},\"potentialAction\":[{\"@type\":\"SearchAction\",\"target\":{\"@type\":\"EntryPoint\",\"urlTemplate\":\"https:\/\/bozza.com\/?s={search_term_string}\"},\"query-input\":{\"@type\":\"PropertyValueSpecification\",\"valueRequired\":true,\"valueName\":\"search_term_string\"}}],\"inLanguage\":\"es\"},{\"@type\":\"Organization\",\"@id\":\"https:\/\/bozza.com\/#organization\",\"name\":\"Bozza\",\"url\":\"https:\/\/bozza.com\/\",\"logo\":{\"@type\":\"ImageObject\",\"inLanguage\":\"es\",\"@id\":\"https:\/\/bozza.com\/#\/schema\/logo\/image\/\",\"url\":\"\",\"contentUrl\":\"\",\"caption\":\"Bozza\"},\"image\":{\"@id\":\"https:\/\/bozza.com\/#\/schema\/logo\/image\/\"},\"sameAs\":[\"https:\/\/www.facebook.com\/bozza.oficial\/\",\"https:\/\/www.instagram.com\/bozzaoficial\/\",\"https:\/\/www.linkedin.com\/company\/bozza\/\",\"https:\/\/www.youtube.com\/channel\/UCQRiHYNpM4VQWF9YxVgSTsw?view_as=subscriber\"]}]}<\/script>\n<!-- \/ Yoast SEO plugin. -->","yoast_head_json":{"title":"BOMBA MANUAL PARA GRASA 7029-GRX MAX | Bozza","robots":{"index":"index","follow":"follow","max-snippet":"max-snippet:-1","max-image-preview":"max-image-preview:large","max-video-preview":"max-video-preview:-1"},"canonical":"https:\/\/bozza.com\/es\/produto\/bomba-manual-para-graxa-7029-grx-max\/","og_locale":"es_ES","og_type":"article","og_title":"BOMBA MANUAL PARA GRASA 7029-GRX MAX | Bozza","og_description":"Combo de Bomba Manual para Grasa 7029-G2 + Acoplador Hidr\u00e1ulico con enganche R\u00e1pido 350-ER + Cartucho de Grasa Multiuso de Litio LT-400.\u00a0 Recomendado para clientes que necesitan practicidad y eficiencia en el proceso de lubricaci\u00f3n, baja periodicidad y consumo de grasa. Equipo f\u00e1cil de rellenar. Ideal para uso en lugares de dif\u00edcil acceso donde no se dispone de aire comprimido.","og_url":"https:\/\/bozza.com\/es\/produto\/bomba-manual-para-graxa-7029-grx-max\/","og_site_name":"Bozza","article_publisher":"https:\/\/www.facebook.com\/bozza.oficial\/","article_modified_time":"2026-04-10T18:13:04+00:00","og_image":[{"width":1080,"height":1080,"url":"https:\/\/bozza.com\/wp-content\/uploads\/2023\/07\/12.210.0089_7029-GRX-MAX_BOMBA-MANUAL-GRAXAACOPLADOR-300-er-1.jpg","type":"image\/jpeg"}],"twitter_card":"summary_large_image","twitter_misc":{"Tiempo de lectura":"1 minuto"},"schema":{"@context":"https:\/\/schema.org","@graph":[{"@type":"WebPage","@id":"https:\/\/bozza.com\/es\/produto\/bomba-manual-para-graxa-7029-grx-max\/","url":"https:\/\/bozza.com\/es\/produto\/bomba-manual-para-graxa-7029-grx-max\/","name":"BOMBA MANUAL PARA GRASA 7029-GRX MAX | Bozza","isPartOf":{"@id":"https:\/\/bozza.com\/#website"},"primaryImageOfPage":{"@id":"https:\/\/bozza.com\/es\/produto\/bomba-manual-para-graxa-7029-grx-max\/#primaryimage"},"image":{"@id":"https:\/\/bozza.com\/es\/produto\/bomba-manual-para-graxa-7029-grx-max\/#primaryimage"},"thumbnailUrl":"https:\/\/bozza.com\/wp-content\/uploads\/2023\/07\/12.210.0089_7029-GRX-MAX_BOMBA-MANUAL-GRAXAACOPLADOR-300-er-1.jpg","datePublished":"2023-07-26T17:18:55+00:00","dateModified":"2026-04-10T18:13:04+00:00","breadcrumb":{"@id":"https:\/\/bozza.com\/es\/produto\/bomba-manual-para-graxa-7029-grx-max\/#breadcrumb"},"inLanguage":"es","potentialAction":[{"@type":"ReadAction","target":["https:\/\/bozza.com\/es\/produto\/bomba-manual-para-graxa-7029-grx-max\/"]}]},{"@type":"ImageObject","inLanguage":"es","@id":"https:\/\/bozza.com\/es\/produto\/bomba-manual-para-graxa-7029-grx-max\/#primaryimage","url":"https:\/\/bozza.com\/wp-content\/uploads\/2023\/07\/12.210.0089_7029-GRX-MAX_BOMBA-MANUAL-GRAXAACOPLADOR-300-er-1.jpg","contentUrl":"https:\/\/bozza.com\/wp-content\/uploads\/2023\/07\/12.210.0089_7029-GRX-MAX_BOMBA-MANUAL-GRAXAACOPLADOR-300-er-1.jpg","width":1080,"height":1080},{"@type":"BreadcrumbList","@id":"https:\/\/bozza.com\/es\/produto\/bomba-manual-para-graxa-7029-grx-max\/#breadcrumb","itemListElement":[{"@type":"ListItem","position":1,"name":"In\u00edcio","item":"https:\/\/bozza.com\/"},{"@type":"ListItem","position":2,"name":"Produtos","item":"https:\/\/bozza.com\/?page_id=70036"},{"@type":"ListItem","position":3,"name":"BOMBA MANUAL PARA GRASA 7029-GRX MAX"}]},{"@type":"WebSite","@id":"https:\/\/bozza.com\/#website","url":"https:\/\/bozza.com\/","name":"Bozza","description":"Solu\u00e7\u00f5es em Lubrifica\u00e7\u00e3o","publisher":{"@id":"https:\/\/bozza.com\/#organization"},"potentialAction":[{"@type":"SearchAction","target":{"@type":"EntryPoint","urlTemplate":"https:\/\/bozza.com\/?s={search_term_string}"},"query-input":{"@type":"PropertyValueSpecification","valueRequired":true,"valueName":"search_term_string"}}],"inLanguage":"es"},{"@type":"Organization","@id":"https:\/\/bozza.com\/#organization","name":"Bozza","url":"https:\/\/bozza.com\/","logo":{"@type":"ImageObject","inLanguage":"es","@id":"https:\/\/bozza.com\/#\/schema\/logo\/image\/","url":"","contentUrl":"","caption":"Bozza"},"image":{"@id":"https:\/\/bozza.com\/#\/schema\/logo\/image\/"},"sameAs":["https:\/\/www.facebook.com\/bozza.oficial\/","https:\/\/www.instagram.com\/bozzaoficial\/","https:\/\/www.linkedin.com\/company\/bozza\/","https:\/\/www.youtube.com\/channel\/UCQRiHYNpM4VQWF9YxVgSTsw?view_as=subscriber"]}]}},"_links":{"self":[{"href":"https:\/\/bozza.com\/es\/wp-json\/wp\/v2\/product\/66963","targetHints":{"allow":["GET"]}}],"collection":[{"href":"https:\/\/bozza.com\/es\/wp-json\/wp\/v2\/product"}],"about":[{"href":"https:\/\/bozza.com\/es\/wp-json\/wp\/v2\/types\/product"}],"wp:featuredmedia":[{"embeddable":true,"href":"https:\/\/bozza.com\/es\/wp-json\/wp\/v2\/media\/68954"}],"wp:attachment":[{"href":"https:\/\/bozza.com\/es\/wp-json\/wp\/v2\/media?parent=66963"}],"wp:term":[{"taxonomy":"product_brand","embeddable":true,"href":"https:\/\/bozza.com\/es\/wp-json\/wp\/v2\/product_brand?post=66963"},{"taxonomy":"product_cat","embeddable":true,"href":"https:\/\/bozza.com\/es\/wp-json\/wp\/v2\/product_cat?post=66963"},{"taxonomy":"product_tag","embeddable":true,"href":"https:\/\/bozza.com\/es\/wp-json\/wp\/v2\/product_tag?post=66963"}],"curies":[{"name":"wp","href":"https:\/\/api.w.org\/{rel}","templated":true}]}}