{"id":66970,"date":"2024-05-29T15:39:17","date_gmt":"2024-05-29T18:39:17","guid":{"rendered":"https:\/\/www.bozza.com\/produto\/bomba-manual-para-graxa-8520-g4-20kg\/"},"modified":"2026-04-10T11:40:45","modified_gmt":"2026-04-10T14:40:45","slug":"bomba-manual-para-graxa-8520-g4-20kg","status":"publish","type":"product","link":"https:\/\/bozza.com\/es\/produto\/bomba-manual-para-graxa-8520-g4-20kg\/","title":{"rendered":"Bomba  Manual para Grasa 8520-g4 20 kg"},"content":{"rendered":"<ul>\n<li>Contenedor de aplicaci\u00f3n: 20-24 kg (no incluido);<\/li>\n<li>Flujo libre: 15 g\/ciclo;<\/li>\n<li>Salida del producto: rosca hembra 1\/4&#8243; NPT;<\/li>\n<li>Presi\u00f3n m\u00e1xima: 3500 PSI (241 BAR);<\/li>\n<li>Compatibilidad: consistencia de grasa hasta grado NLGI 2;<\/li>\n<\/ul>\n","protected":false},"excerpt":{"rendered":"<p>Bomba de engrase manual, recomendada para clientes que no disponen de aire comprimido, aplicaci\u00f3n en lugares de dif\u00edcil acceso y con un volumen de consumo medio. Adaptable a dep\u00f3sitos de 20-24 kg.<\/p>\n","protected":false},"featured_media":1567,"template":"","meta":{"_acf_changed":false},"product_brand":[],"product_cat":[353,415,1007,328],"product_tag":[350,132,325],"class_list":{"0":"post-66970","1":"product","2":"type-product","3":"status-publish","4":"has-post-thumbnail","6":"product_cat-bombas-manuais-es","7":"product_cat-bombas-manuais-g4-es","8":"product_cat-para-grasa","9":"product_cat-todos-os-produtos-es","10":"product_tag-graxa-es","11":"product_tag-graxa","12":"product_tag-manual-es","14":"first","15":"instock","16":"shipping-taxable","17":"product-type-simple"},"acf":[],"yoast_head":"<!-- This site is optimized with the Yoast SEO plugin v26.9 - https:\/\/yoast.com\/product\/yoast-seo-wordpress\/ -->\n<title>Bomba Manual para Grasa 8520-g4 20 kg | Bozza<\/title>\n<meta name=\"robots\" content=\"index, follow, max-snippet:-1, max-image-preview:large, max-video-preview:-1\" \/>\n<link rel=\"canonical\" href=\"https:\/\/bozza.com\/es\/produto\/bomba-manual-para-graxa-8520-g4-20kg\/\" \/>\n<meta property=\"og:locale\" content=\"es_ES\" \/>\n<meta property=\"og:type\" content=\"article\" \/>\n<meta property=\"og:title\" content=\"Bomba Manual para Grasa 8520-g4 20 kg | Bozza\" \/>\n<meta property=\"og:description\" content=\"Bomba de engrase manual, recomendada para clientes que no disponen de aire comprimido, aplicaci\u00f3n en lugares de dif\u00edcil acceso y con un volumen de consumo medio. Adaptable a dep\u00f3sitos de 20-24 kg.\" \/>\n<meta property=\"og:url\" content=\"https:\/\/bozza.com\/es\/produto\/bomba-manual-para-graxa-8520-g4-20kg\/\" \/>\n<meta property=\"og:site_name\" content=\"Bozza\" \/>\n<meta property=\"article:publisher\" content=\"https:\/\/www.facebook.com\/bozza.oficial\/\" \/>\n<meta property=\"article:modified_time\" content=\"2026-04-10T14:40:45+00:00\" \/>\n<meta property=\"og:image\" content=\"https:\/\/bozza.com\/wp-content\/uploads\/2018\/09\/8520G3.png\" \/>\n\t<meta property=\"og:image:width\" content=\"1200\" \/>\n\t<meta property=\"og:image:height\" content=\"1200\" \/>\n\t<meta property=\"og:image:type\" content=\"image\/png\" \/>\n<meta name=\"twitter:card\" content=\"summary_large_image\" \/>\n<meta name=\"twitter:label1\" content=\"Tiempo de lectura\" \/>\n\t<meta name=\"twitter:data1\" content=\"1 minuto\" \/>\n<script type=\"application\/ld+json\" class=\"yoast-schema-graph\">{\"@context\":\"https:\/\/schema.org\",\"@graph\":[{\"@type\":\"WebPage\",\"@id\":\"https:\/\/bozza.com\/es\/produto\/bomba-manual-para-graxa-8520-g4-20kg\/\",\"url\":\"https:\/\/bozza.com\/es\/produto\/bomba-manual-para-graxa-8520-g4-20kg\/\",\"name\":\"Bomba Manual para Grasa 8520-g4 20 kg | Bozza\",\"isPartOf\":{\"@id\":\"https:\/\/bozza.com\/#website\"},\"primaryImageOfPage\":{\"@id\":\"https:\/\/bozza.com\/es\/produto\/bomba-manual-para-graxa-8520-g4-20kg\/#primaryimage\"},\"image\":{\"@id\":\"https:\/\/bozza.com\/es\/produto\/bomba-manual-para-graxa-8520-g4-20kg\/#primaryimage\"},\"thumbnailUrl\":\"https:\/\/bozza.com\/wp-content\/uploads\/2018\/09\/8520G3.png\",\"datePublished\":\"2024-05-29T18:39:17+00:00\",\"dateModified\":\"2026-04-10T14:40:45+00:00\",\"breadcrumb\":{\"@id\":\"https:\/\/bozza.com\/es\/produto\/bomba-manual-para-graxa-8520-g4-20kg\/#breadcrumb\"},\"inLanguage\":\"es\",\"potentialAction\":[{\"@type\":\"ReadAction\",\"target\":[\"https:\/\/bozza.com\/es\/produto\/bomba-manual-para-graxa-8520-g4-20kg\/\"]}]},{\"@type\":\"ImageObject\",\"inLanguage\":\"es\",\"@id\":\"https:\/\/bozza.com\/es\/produto\/bomba-manual-para-graxa-8520-g4-20kg\/#primaryimage\",\"url\":\"https:\/\/bozza.com\/wp-content\/uploads\/2018\/09\/8520G3.png\",\"contentUrl\":\"https:\/\/bozza.com\/wp-content\/uploads\/2018\/09\/8520G3.png\",\"width\":1200,\"height\":1200},{\"@type\":\"BreadcrumbList\",\"@id\":\"https:\/\/bozza.com\/es\/produto\/bomba-manual-para-graxa-8520-g4-20kg\/#breadcrumb\",\"itemListElement\":[{\"@type\":\"ListItem\",\"position\":1,\"name\":\"In\u00edcio\",\"item\":\"https:\/\/bozza.com\/\"},{\"@type\":\"ListItem\",\"position\":2,\"name\":\"Produtos\",\"item\":\"https:\/\/bozza.com\/?page_id=70036\"},{\"@type\":\"ListItem\",\"position\":3,\"name\":\"Bomba Manual para Grasa 8520-g4 20 kg\"}]},{\"@type\":\"WebSite\",\"@id\":\"https:\/\/bozza.com\/#website\",\"url\":\"https:\/\/bozza.com\/\",\"name\":\"Bozza\",\"description\":\"Solu\u00e7\u00f5es em Lubrifica\u00e7\u00e3o\",\"publisher\":{\"@id\":\"https:\/\/bozza.com\/#organization\"},\"potentialAction\":[{\"@type\":\"SearchAction\",\"target\":{\"@type\":\"EntryPoint\",\"urlTemplate\":\"https:\/\/bozza.com\/?s={search_term_string}\"},\"query-input\":{\"@type\":\"PropertyValueSpecification\",\"valueRequired\":true,\"valueName\":\"search_term_string\"}}],\"inLanguage\":\"es\"},{\"@type\":\"Organization\",\"@id\":\"https:\/\/bozza.com\/#organization\",\"name\":\"Bozza\",\"url\":\"https:\/\/bozza.com\/\",\"logo\":{\"@type\":\"ImageObject\",\"inLanguage\":\"es\",\"@id\":\"https:\/\/bozza.com\/#\/schema\/logo\/image\/\",\"url\":\"\",\"contentUrl\":\"\",\"caption\":\"Bozza\"},\"image\":{\"@id\":\"https:\/\/bozza.com\/#\/schema\/logo\/image\/\"},\"sameAs\":[\"https:\/\/www.facebook.com\/bozza.oficial\/\",\"https:\/\/www.instagram.com\/bozzaoficial\/\",\"https:\/\/www.linkedin.com\/company\/bozza\/\",\"https:\/\/www.youtube.com\/channel\/UCQRiHYNpM4VQWF9YxVgSTsw?view_as=subscriber\"]}]}<\/script>\n<!-- \/ Yoast SEO plugin. -->","yoast_head_json":{"title":"Bomba Manual para Grasa 8520-g4 20 kg | Bozza","robots":{"index":"index","follow":"follow","max-snippet":"max-snippet:-1","max-image-preview":"max-image-preview:large","max-video-preview":"max-video-preview:-1"},"canonical":"https:\/\/bozza.com\/es\/produto\/bomba-manual-para-graxa-8520-g4-20kg\/","og_locale":"es_ES","og_type":"article","og_title":"Bomba Manual para Grasa 8520-g4 20 kg | Bozza","og_description":"Bomba de engrase manual, recomendada para clientes que no disponen de aire comprimido, aplicaci\u00f3n en lugares de dif\u00edcil acceso y con un volumen de consumo medio. Adaptable a dep\u00f3sitos de 20-24 kg.","og_url":"https:\/\/bozza.com\/es\/produto\/bomba-manual-para-graxa-8520-g4-20kg\/","og_site_name":"Bozza","article_publisher":"https:\/\/www.facebook.com\/bozza.oficial\/","article_modified_time":"2026-04-10T14:40:45+00:00","og_image":[{"width":1200,"height":1200,"url":"https:\/\/bozza.com\/wp-content\/uploads\/2018\/09\/8520G3.png","type":"image\/png"}],"twitter_card":"summary_large_image","twitter_misc":{"Tiempo de lectura":"1 minuto"},"schema":{"@context":"https:\/\/schema.org","@graph":[{"@type":"WebPage","@id":"https:\/\/bozza.com\/es\/produto\/bomba-manual-para-graxa-8520-g4-20kg\/","url":"https:\/\/bozza.com\/es\/produto\/bomba-manual-para-graxa-8520-g4-20kg\/","name":"Bomba Manual para Grasa 8520-g4 20 kg | Bozza","isPartOf":{"@id":"https:\/\/bozza.com\/#website"},"primaryImageOfPage":{"@id":"https:\/\/bozza.com\/es\/produto\/bomba-manual-para-graxa-8520-g4-20kg\/#primaryimage"},"image":{"@id":"https:\/\/bozza.com\/es\/produto\/bomba-manual-para-graxa-8520-g4-20kg\/#primaryimage"},"thumbnailUrl":"https:\/\/bozza.com\/wp-content\/uploads\/2018\/09\/8520G3.png","datePublished":"2024-05-29T18:39:17+00:00","dateModified":"2026-04-10T14:40:45+00:00","breadcrumb":{"@id":"https:\/\/bozza.com\/es\/produto\/bomba-manual-para-graxa-8520-g4-20kg\/#breadcrumb"},"inLanguage":"es","potentialAction":[{"@type":"ReadAction","target":["https:\/\/bozza.com\/es\/produto\/bomba-manual-para-graxa-8520-g4-20kg\/"]}]},{"@type":"ImageObject","inLanguage":"es","@id":"https:\/\/bozza.com\/es\/produto\/bomba-manual-para-graxa-8520-g4-20kg\/#primaryimage","url":"https:\/\/bozza.com\/wp-content\/uploads\/2018\/09\/8520G3.png","contentUrl":"https:\/\/bozza.com\/wp-content\/uploads\/2018\/09\/8520G3.png","width":1200,"height":1200},{"@type":"BreadcrumbList","@id":"https:\/\/bozza.com\/es\/produto\/bomba-manual-para-graxa-8520-g4-20kg\/#breadcrumb","itemListElement":[{"@type":"ListItem","position":1,"name":"In\u00edcio","item":"https:\/\/bozza.com\/"},{"@type":"ListItem","position":2,"name":"Produtos","item":"https:\/\/bozza.com\/?page_id=70036"},{"@type":"ListItem","position":3,"name":"Bomba Manual para Grasa 8520-g4 20 kg"}]},{"@type":"WebSite","@id":"https:\/\/bozza.com\/#website","url":"https:\/\/bozza.com\/","name":"Bozza","description":"Solu\u00e7\u00f5es em Lubrifica\u00e7\u00e3o","publisher":{"@id":"https:\/\/bozza.com\/#organization"},"potentialAction":[{"@type":"SearchAction","target":{"@type":"EntryPoint","urlTemplate":"https:\/\/bozza.com\/?s={search_term_string}"},"query-input":{"@type":"PropertyValueSpecification","valueRequired":true,"valueName":"search_term_string"}}],"inLanguage":"es"},{"@type":"Organization","@id":"https:\/\/bozza.com\/#organization","name":"Bozza","url":"https:\/\/bozza.com\/","logo":{"@type":"ImageObject","inLanguage":"es","@id":"https:\/\/bozza.com\/#\/schema\/logo\/image\/","url":"","contentUrl":"","caption":"Bozza"},"image":{"@id":"https:\/\/bozza.com\/#\/schema\/logo\/image\/"},"sameAs":["https:\/\/www.facebook.com\/bozza.oficial\/","https:\/\/www.instagram.com\/bozzaoficial\/","https:\/\/www.linkedin.com\/company\/bozza\/","https:\/\/www.youtube.com\/channel\/UCQRiHYNpM4VQWF9YxVgSTsw?view_as=subscriber"]}]}},"_links":{"self":[{"href":"https:\/\/bozza.com\/es\/wp-json\/wp\/v2\/product\/66970","targetHints":{"allow":["GET"]}}],"collection":[{"href":"https:\/\/bozza.com\/es\/wp-json\/wp\/v2\/product"}],"about":[{"href":"https:\/\/bozza.com\/es\/wp-json\/wp\/v2\/types\/product"}],"wp:featuredmedia":[{"embeddable":true,"href":"https:\/\/bozza.com\/es\/wp-json\/wp\/v2\/media\/1567"}],"wp:attachment":[{"href":"https:\/\/bozza.com\/es\/wp-json\/wp\/v2\/media?parent=66970"}],"wp:term":[{"taxonomy":"product_brand","embeddable":true,"href":"https:\/\/bozza.com\/es\/wp-json\/wp\/v2\/product_brand?post=66970"},{"taxonomy":"product_cat","embeddable":true,"href":"https:\/\/bozza.com\/es\/wp-json\/wp\/v2\/product_cat?post=66970"},{"taxonomy":"product_tag","embeddable":true,"href":"https:\/\/bozza.com\/es\/wp-json\/wp\/v2\/product_tag?post=66970"}],"curies":[{"name":"wp","href":"https:\/\/api.w.org\/{rel}","templated":true}]}}