{"id":66986,"date":"2024-03-18T08:35:11","date_gmt":"2024-03-18T11:35:11","guid":{"rendered":"https:\/\/www.bozza.com\/produto\/carretel-retratil-17100ret-arla32-8-g2\/"},"modified":"2026-04-10T15:11:29","modified_gmt":"2026-04-10T18:11:29","slug":"carretel-retratil-17100ret-arla32-8-ac","status":"publish","type":"product","link":"https:\/\/bozza.com\/es\/produto\/carretel-retratil-17100ret-arla32-8-ac\/","title":{"rendered":"Carrete retr\u00e1ctil &#8211; 17100RET-ARLA32-8-AC"},"content":{"rendered":"<ul>\n<li>Longitud de la manguera: 8 metros;<\/li>\n<li>Presi\u00f3n m\u00e1xima de trabajo: 300 PSI (20,7 BAR);<\/li>\n<li>Entrada del producto: rosca hembra NPT de 3\/4&#8243;;<\/li>\n<li>Salida del producto: rosca macho 3\/4&#8243; NPT;<\/li>\n<li>Temperatura m\u00e1xima de trabajo: 70\u00b0C;<\/li>\n<li>Temperatura m\u00ednima de trabajo: -10\u00b0C;<\/li>\n<li>Compatibilidad: Arla-32;<\/li>\n<li>Precio sugerido: A consultar<\/li>\n<\/ul>\n","protected":false},"excerpt":{"rendered":"<p>Equipo para fijaci\u00f3n a paredes y bases, permite enrollar mangueras arla-32 hasta 8 metros, construido con retracci\u00f3n autom\u00e1tica, no requiere esfuerzo por parte del operador, evita el desgaste prematuro de la manguera, adem\u00e1s de mantener el ambiente organizado .<\/p>\n","protected":false},"featured_media":62148,"template":"","meta":{"_acf_changed":false},"product_brand":[],"product_cat":[324],"product_tag":[],"class_list":{"0":"post-66986","1":"product","2":"type-product","3":"status-publish","4":"has-post-thumbnail","6":"product_cat-lanzamientos","8":"first","9":"instock","10":"shipping-taxable","11":"product-type-simple"},"acf":[],"yoast_head":"<!-- This site is optimized with the Yoast SEO plugin v26.9 - https:\/\/yoast.com\/product\/yoast-seo-wordpress\/ -->\n<title>Carrete retr\u00e1ctil - 17100RET-ARLA32-8-AC | Bozza<\/title>\n<meta name=\"description\" content=\"Organiza\u00e7\u00e3o e praticidade na sua opera\u00e7\u00e3o | Abastecimento de ARLA-32 | Ideal para postos de abastecimento e comboios | Fa\u00e7a j\u00e1 um or\u00e7amento!\" \/>\n<meta name=\"robots\" content=\"index, follow, max-snippet:-1, max-image-preview:large, max-video-preview:-1\" \/>\n<link rel=\"canonical\" href=\"https:\/\/bozza.com\/es\/produto\/carretel-retratil-17100ret-arla32-8-ac\/\" \/>\n<meta property=\"og:locale\" content=\"es_ES\" \/>\n<meta property=\"og:type\" content=\"article\" \/>\n<meta property=\"og:title\" content=\"Carrete retr\u00e1ctil - 17100RET-ARLA32-8-AC | Bozza\" \/>\n<meta property=\"og:description\" content=\"Organiza\u00e7\u00e3o e praticidade na sua opera\u00e7\u00e3o | Abastecimento de ARLA-32 | Ideal para postos de abastecimento e comboios | Fa\u00e7a j\u00e1 um or\u00e7amento!\" \/>\n<meta property=\"og:url\" content=\"https:\/\/bozza.com\/es\/produto\/carretel-retratil-17100ret-arla32-8-ac\/\" \/>\n<meta property=\"og:site_name\" content=\"Bozza\" \/>\n<meta property=\"article:publisher\" content=\"https:\/\/www.facebook.com\/bozza.oficial\/\" \/>\n<meta property=\"article:modified_time\" content=\"2026-04-10T18:11:29+00:00\" \/>\n<meta property=\"og:image\" content=\"https:\/\/bozza.com\/wp-content\/uploads\/2024\/03\/12.480.0110_17100RET-ARLA32-8-G2_CARRETEL-RETRATIL.jpg\" \/>\n\t<meta property=\"og:image:width\" content=\"2428\" \/>\n\t<meta property=\"og:image:height\" content=\"2446\" \/>\n\t<meta property=\"og:image:type\" content=\"image\/jpeg\" \/>\n<meta name=\"twitter:card\" content=\"summary_large_image\" \/>\n<meta name=\"twitter:label1\" content=\"Tiempo de lectura\" \/>\n\t<meta name=\"twitter:data1\" content=\"1 minuto\" \/>\n<script type=\"application\/ld+json\" class=\"yoast-schema-graph\">{\"@context\":\"https:\/\/schema.org\",\"@graph\":[{\"@type\":\"WebPage\",\"@id\":\"https:\/\/bozza.com\/es\/produto\/carretel-retratil-17100ret-arla32-8-ac\/\",\"url\":\"https:\/\/bozza.com\/es\/produto\/carretel-retratil-17100ret-arla32-8-ac\/\",\"name\":\"Carrete retr\u00e1ctil - 17100RET-ARLA32-8-AC | Bozza\",\"isPartOf\":{\"@id\":\"https:\/\/bozza.com\/#website\"},\"primaryImageOfPage\":{\"@id\":\"https:\/\/bozza.com\/es\/produto\/carretel-retratil-17100ret-arla32-8-ac\/#primaryimage\"},\"image\":{\"@id\":\"https:\/\/bozza.com\/es\/produto\/carretel-retratil-17100ret-arla32-8-ac\/#primaryimage\"},\"thumbnailUrl\":\"https:\/\/bozza.com\/wp-content\/uploads\/2024\/03\/12.480.0110_17100RET-ARLA32-8-G2_CARRETEL-RETRATIL.jpg\",\"datePublished\":\"2024-03-18T11:35:11+00:00\",\"dateModified\":\"2026-04-10T18:11:29+00:00\",\"description\":\"Organiza\u00e7\u00e3o e praticidade na sua opera\u00e7\u00e3o | Abastecimento de ARLA-32 | Ideal para postos de abastecimento e comboios | Fa\u00e7a j\u00e1 um or\u00e7amento!\",\"breadcrumb\":{\"@id\":\"https:\/\/bozza.com\/es\/produto\/carretel-retratil-17100ret-arla32-8-ac\/#breadcrumb\"},\"inLanguage\":\"es\",\"potentialAction\":[{\"@type\":\"ReadAction\",\"target\":[\"https:\/\/bozza.com\/es\/produto\/carretel-retratil-17100ret-arla32-8-ac\/\"]}]},{\"@type\":\"ImageObject\",\"inLanguage\":\"es\",\"@id\":\"https:\/\/bozza.com\/es\/produto\/carretel-retratil-17100ret-arla32-8-ac\/#primaryimage\",\"url\":\"https:\/\/bozza.com\/wp-content\/uploads\/2024\/03\/12.480.0110_17100RET-ARLA32-8-G2_CARRETEL-RETRATIL.jpg\",\"contentUrl\":\"https:\/\/bozza.com\/wp-content\/uploads\/2024\/03\/12.480.0110_17100RET-ARLA32-8-G2_CARRETEL-RETRATIL.jpg\",\"width\":2428,\"height\":2446,\"caption\":\"Carretel retr\u00e1til para tranfer\u00eancia de Arla 32 com 8 metros de comprimento Bozza\"},{\"@type\":\"BreadcrumbList\",\"@id\":\"https:\/\/bozza.com\/es\/produto\/carretel-retratil-17100ret-arla32-8-ac\/#breadcrumb\",\"itemListElement\":[{\"@type\":\"ListItem\",\"position\":1,\"name\":\"In\u00edcio\",\"item\":\"https:\/\/bozza.com\/\"},{\"@type\":\"ListItem\",\"position\":2,\"name\":\"Produtos\",\"item\":\"https:\/\/bozza.com\/?page_id=70036\"},{\"@type\":\"ListItem\",\"position\":3,\"name\":\"Carrete retr\u00e1ctil &#8211; 17100RET-ARLA32-8-AC\"}]},{\"@type\":\"WebSite\",\"@id\":\"https:\/\/bozza.com\/#website\",\"url\":\"https:\/\/bozza.com\/\",\"name\":\"Bozza\",\"description\":\"Solu\u00e7\u00f5es em Lubrifica\u00e7\u00e3o\",\"publisher\":{\"@id\":\"https:\/\/bozza.com\/#organization\"},\"potentialAction\":[{\"@type\":\"SearchAction\",\"target\":{\"@type\":\"EntryPoint\",\"urlTemplate\":\"https:\/\/bozza.com\/?s={search_term_string}\"},\"query-input\":{\"@type\":\"PropertyValueSpecification\",\"valueRequired\":true,\"valueName\":\"search_term_string\"}}],\"inLanguage\":\"es\"},{\"@type\":\"Organization\",\"@id\":\"https:\/\/bozza.com\/#organization\",\"name\":\"Bozza\",\"url\":\"https:\/\/bozza.com\/\",\"logo\":{\"@type\":\"ImageObject\",\"inLanguage\":\"es\",\"@id\":\"https:\/\/bozza.com\/#\/schema\/logo\/image\/\",\"url\":\"\",\"contentUrl\":\"\",\"caption\":\"Bozza\"},\"image\":{\"@id\":\"https:\/\/bozza.com\/#\/schema\/logo\/image\/\"},\"sameAs\":[\"https:\/\/www.facebook.com\/bozza.oficial\/\",\"https:\/\/www.instagram.com\/bozzaoficial\/\",\"https:\/\/www.linkedin.com\/company\/bozza\/\",\"https:\/\/www.youtube.com\/channel\/UCQRiHYNpM4VQWF9YxVgSTsw?view_as=subscriber\"]}]}<\/script>\n<!-- \/ Yoast SEO plugin. -->","yoast_head_json":{"title":"Carrete retr\u00e1ctil - 17100RET-ARLA32-8-AC | Bozza","description":"Organiza\u00e7\u00e3o e praticidade na sua opera\u00e7\u00e3o | Abastecimento de ARLA-32 | Ideal para postos de abastecimento e comboios | Fa\u00e7a j\u00e1 um or\u00e7amento!","robots":{"index":"index","follow":"follow","max-snippet":"max-snippet:-1","max-image-preview":"max-image-preview:large","max-video-preview":"max-video-preview:-1"},"canonical":"https:\/\/bozza.com\/es\/produto\/carretel-retratil-17100ret-arla32-8-ac\/","og_locale":"es_ES","og_type":"article","og_title":"Carrete retr\u00e1ctil - 17100RET-ARLA32-8-AC | Bozza","og_description":"Organiza\u00e7\u00e3o e praticidade na sua opera\u00e7\u00e3o | Abastecimento de ARLA-32 | Ideal para postos de abastecimento e comboios | Fa\u00e7a j\u00e1 um or\u00e7amento!","og_url":"https:\/\/bozza.com\/es\/produto\/carretel-retratil-17100ret-arla32-8-ac\/","og_site_name":"Bozza","article_publisher":"https:\/\/www.facebook.com\/bozza.oficial\/","article_modified_time":"2026-04-10T18:11:29+00:00","og_image":[{"width":2428,"height":2446,"url":"https:\/\/bozza.com\/wp-content\/uploads\/2024\/03\/12.480.0110_17100RET-ARLA32-8-G2_CARRETEL-RETRATIL.jpg","type":"image\/jpeg"}],"twitter_card":"summary_large_image","twitter_misc":{"Tiempo de lectura":"1 minuto"},"schema":{"@context":"https:\/\/schema.org","@graph":[{"@type":"WebPage","@id":"https:\/\/bozza.com\/es\/produto\/carretel-retratil-17100ret-arla32-8-ac\/","url":"https:\/\/bozza.com\/es\/produto\/carretel-retratil-17100ret-arla32-8-ac\/","name":"Carrete retr\u00e1ctil - 17100RET-ARLA32-8-AC | Bozza","isPartOf":{"@id":"https:\/\/bozza.com\/#website"},"primaryImageOfPage":{"@id":"https:\/\/bozza.com\/es\/produto\/carretel-retratil-17100ret-arla32-8-ac\/#primaryimage"},"image":{"@id":"https:\/\/bozza.com\/es\/produto\/carretel-retratil-17100ret-arla32-8-ac\/#primaryimage"},"thumbnailUrl":"https:\/\/bozza.com\/wp-content\/uploads\/2024\/03\/12.480.0110_17100RET-ARLA32-8-G2_CARRETEL-RETRATIL.jpg","datePublished":"2024-03-18T11:35:11+00:00","dateModified":"2026-04-10T18:11:29+00:00","description":"Organiza\u00e7\u00e3o e praticidade na sua opera\u00e7\u00e3o | Abastecimento de ARLA-32 | Ideal para postos de abastecimento e comboios | Fa\u00e7a j\u00e1 um or\u00e7amento!","breadcrumb":{"@id":"https:\/\/bozza.com\/es\/produto\/carretel-retratil-17100ret-arla32-8-ac\/#breadcrumb"},"inLanguage":"es","potentialAction":[{"@type":"ReadAction","target":["https:\/\/bozza.com\/es\/produto\/carretel-retratil-17100ret-arla32-8-ac\/"]}]},{"@type":"ImageObject","inLanguage":"es","@id":"https:\/\/bozza.com\/es\/produto\/carretel-retratil-17100ret-arla32-8-ac\/#primaryimage","url":"https:\/\/bozza.com\/wp-content\/uploads\/2024\/03\/12.480.0110_17100RET-ARLA32-8-G2_CARRETEL-RETRATIL.jpg","contentUrl":"https:\/\/bozza.com\/wp-content\/uploads\/2024\/03\/12.480.0110_17100RET-ARLA32-8-G2_CARRETEL-RETRATIL.jpg","width":2428,"height":2446,"caption":"Carretel retr\u00e1til para tranfer\u00eancia de Arla 32 com 8 metros de comprimento Bozza"},{"@type":"BreadcrumbList","@id":"https:\/\/bozza.com\/es\/produto\/carretel-retratil-17100ret-arla32-8-ac\/#breadcrumb","itemListElement":[{"@type":"ListItem","position":1,"name":"In\u00edcio","item":"https:\/\/bozza.com\/"},{"@type":"ListItem","position":2,"name":"Produtos","item":"https:\/\/bozza.com\/?page_id=70036"},{"@type":"ListItem","position":3,"name":"Carrete retr\u00e1ctil &#8211; 17100RET-ARLA32-8-AC"}]},{"@type":"WebSite","@id":"https:\/\/bozza.com\/#website","url":"https:\/\/bozza.com\/","name":"Bozza","description":"Solu\u00e7\u00f5es em Lubrifica\u00e7\u00e3o","publisher":{"@id":"https:\/\/bozza.com\/#organization"},"potentialAction":[{"@type":"SearchAction","target":{"@type":"EntryPoint","urlTemplate":"https:\/\/bozza.com\/?s={search_term_string}"},"query-input":{"@type":"PropertyValueSpecification","valueRequired":true,"valueName":"search_term_string"}}],"inLanguage":"es"},{"@type":"Organization","@id":"https:\/\/bozza.com\/#organization","name":"Bozza","url":"https:\/\/bozza.com\/","logo":{"@type":"ImageObject","inLanguage":"es","@id":"https:\/\/bozza.com\/#\/schema\/logo\/image\/","url":"","contentUrl":"","caption":"Bozza"},"image":{"@id":"https:\/\/bozza.com\/#\/schema\/logo\/image\/"},"sameAs":["https:\/\/www.facebook.com\/bozza.oficial\/","https:\/\/www.instagram.com\/bozzaoficial\/","https:\/\/www.linkedin.com\/company\/bozza\/","https:\/\/www.youtube.com\/channel\/UCQRiHYNpM4VQWF9YxVgSTsw?view_as=subscriber"]}]}},"_links":{"self":[{"href":"https:\/\/bozza.com\/es\/wp-json\/wp\/v2\/product\/66986","targetHints":{"allow":["GET"]}}],"collection":[{"href":"https:\/\/bozza.com\/es\/wp-json\/wp\/v2\/product"}],"about":[{"href":"https:\/\/bozza.com\/es\/wp-json\/wp\/v2\/types\/product"}],"wp:featuredmedia":[{"embeddable":true,"href":"https:\/\/bozza.com\/es\/wp-json\/wp\/v2\/media\/62148"}],"wp:attachment":[{"href":"https:\/\/bozza.com\/es\/wp-json\/wp\/v2\/media?parent=66986"}],"wp:term":[{"taxonomy":"product_brand","embeddable":true,"href":"https:\/\/bozza.com\/es\/wp-json\/wp\/v2\/product_brand?post=66986"},{"taxonomy":"product_cat","embeddable":true,"href":"https:\/\/bozza.com\/es\/wp-json\/wp\/v2\/product_cat?post=66986"},{"taxonomy":"product_tag","embeddable":true,"href":"https:\/\/bozza.com\/es\/wp-json\/wp\/v2\/product_tag?post=66986"}],"curies":[{"name":"wp","href":"https:\/\/api.w.org\/{rel}","templated":true}]}}