{"id":66988,"date":"2024-01-30T11:19:49","date_gmt":"2024-01-30T14:19:49","guid":{"rendered":"https:\/\/www.bozza.com\/produto\/acoplador-hidraulico-com-engate-rapido-para-graxa-300-er\/"},"modified":"2026-04-10T15:11:38","modified_gmt":"2026-04-10T18:11:38","slug":"acoplador-hidraulico-com-engate-rapido-para-graxa-300-er","status":"publish","type":"product","link":"https:\/\/bozza.com\/es\/produto\/acoplador-hidraulico-com-engate-rapido-para-graxa-300-er\/","title":{"rendered":"Acoplador hidr\u00e1ulico con acoplamiento r\u00e1pido para grasa 300-ER"},"content":{"rendered":"<ul>\n<li>Doble palanca f\u00e1cil de colocar;<\/li>\n<li>Permite el acoplamiento en lugares de dif\u00edcil acceso;<\/li>\n<li>Sistema de acoplamiento r\u00e1pido para conexi\u00f3n a engrasadores;<\/li>\n<li>No da\u00f1a ni rompe el pasador del engrasador;<\/li>\n<li>Presi\u00f3n m\u00e1xima de trabajo: 10.000 PSI (550 BAR);<\/li>\n<li>Rosca hembra de entrada: 1\/8&#8243; NPT.<\/li>\n<li>Precio sugerido: Bajo petici\u00f3n.<\/li>\n<\/ul>\n","protected":false},"excerpt":{"rendered":"<p>Acoplador hidr\u00e1ulico universal, con doble palanca para f\u00e1cil acoplamiento. Adecuado para pasadores de engrase. Lubricaci\u00f3n de m\u00e1quinas con mayor velocidad de funcionamiento, mayor flexibilidad y menor esfuerzo f\u00edsico por parte del operador. Aplicable a bombas de grasa manuales y neum\u00e1ticas.<\/p>\n","protected":false},"featured_media":61550,"template":"","meta":{"_acf_changed":false},"product_brand":[],"product_cat":[378,353,1007,328],"product_tag":[394,395,388,350,355,363,372,330],"class_list":{"0":"post-66988","1":"product","2":"type-product","3":"status-publish","4":"has-post-thumbnail","6":"product_cat-accesorios","7":"product_cat-bombas-manuais-es","8":"product_cat-para-grasa","9":"product_cat-todos-os-produtos-es","10":"product_tag-acessorio-es","11":"product_tag-adaptador-es","12":"product_tag-bico-es","13":"product_tag-graxa-es","14":"product_tag-lubrificacao-es","15":"product_tag-pneumatica-es","16":"product_tag-propulsora-pneumatica-es","17":"product_tag-propulsora-es-2","19":"first","20":"instock","21":"shipping-taxable","22":"product-type-simple"},"acf":[],"yoast_head":"<!-- This site is optimized with the Yoast SEO plugin v26.9 - https:\/\/yoast.com\/product\/yoast-seo-wordpress\/ -->\n<title>Acoplador hidr\u00e1ulico con acoplamiento r\u00e1pido para grasa 300-ER | Bozza<\/title>\n<meta name=\"description\" content=\"300-ER Bozza | Acoplador para pinos graxeiros | Para bombas manuais e pneum\u00e1ticas | Fa\u00e7a j\u00e1 seu or\u00e7amento | F\u00e1cil Lubrifica\u00e7\u00e3o \u00e9 Bozza.\" \/>\n<meta name=\"robots\" content=\"index, follow, max-snippet:-1, max-image-preview:large, max-video-preview:-1\" \/>\n<link rel=\"canonical\" href=\"https:\/\/bozza.com\/es\/produto\/acoplador-hidraulico-com-engate-rapido-para-graxa-300-er\/\" \/>\n<meta property=\"og:locale\" content=\"es_ES\" \/>\n<meta property=\"og:type\" content=\"article\" \/>\n<meta property=\"og:title\" content=\"Acoplador hidr\u00e1ulico con acoplamiento r\u00e1pido para grasa 300-ER | Bozza\" \/>\n<meta property=\"og:description\" content=\"300-ER Bozza | Acoplador para pinos graxeiros | Para bombas manuais e pneum\u00e1ticas | Fa\u00e7a j\u00e1 seu or\u00e7amento | F\u00e1cil Lubrifica\u00e7\u00e3o \u00e9 Bozza.\" \/>\n<meta property=\"og:url\" content=\"https:\/\/bozza.com\/es\/produto\/acoplador-hidraulico-com-engate-rapido-para-graxa-300-er\/\" \/>\n<meta property=\"og:site_name\" content=\"Bozza\" \/>\n<meta property=\"article:publisher\" content=\"https:\/\/www.facebook.com\/bozza.oficial\/\" \/>\n<meta property=\"article:modified_time\" content=\"2026-04-10T18:11:38+00:00\" \/>\n<meta property=\"og:image\" content=\"https:\/\/bozza.com\/wp-content\/uploads\/2024\/01\/12.420.0090_300-ER_ACOPLADOR-HIDRAULICO-COM-ENGATE-RAPIDO-2_BOZZA_2023.jpg\" \/>\n\t<meta property=\"og:image:width\" content=\"1080\" \/>\n\t<meta property=\"og:image:height\" content=\"1080\" \/>\n\t<meta property=\"og:image:type\" content=\"image\/jpeg\" \/>\n<meta name=\"twitter:card\" content=\"summary_large_image\" \/>\n<meta name=\"twitter:label1\" content=\"Tiempo de lectura\" \/>\n\t<meta name=\"twitter:data1\" content=\"1 minuto\" \/>\n<script type=\"application\/ld+json\" class=\"yoast-schema-graph\">{\"@context\":\"https:\/\/schema.org\",\"@graph\":[{\"@type\":\"WebPage\",\"@id\":\"https:\/\/bozza.com\/es\/produto\/acoplador-hidraulico-com-engate-rapido-para-graxa-300-er\/\",\"url\":\"https:\/\/bozza.com\/es\/produto\/acoplador-hidraulico-com-engate-rapido-para-graxa-300-er\/\",\"name\":\"Acoplador hidr\u00e1ulico con acoplamiento r\u00e1pido para grasa 300-ER | Bozza\",\"isPartOf\":{\"@id\":\"https:\/\/bozza.com\/#website\"},\"primaryImageOfPage\":{\"@id\":\"https:\/\/bozza.com\/es\/produto\/acoplador-hidraulico-com-engate-rapido-para-graxa-300-er\/#primaryimage\"},\"image\":{\"@id\":\"https:\/\/bozza.com\/es\/produto\/acoplador-hidraulico-com-engate-rapido-para-graxa-300-er\/#primaryimage\"},\"thumbnailUrl\":\"https:\/\/bozza.com\/wp-content\/uploads\/2024\/01\/12.420.0090_300-ER_ACOPLADOR-HIDRAULICO-COM-ENGATE-RAPIDO-2_BOZZA_2023.jpg\",\"datePublished\":\"2024-01-30T14:19:49+00:00\",\"dateModified\":\"2026-04-10T18:11:38+00:00\",\"description\":\"300-ER Bozza | Acoplador para pinos graxeiros | Para bombas manuais e pneum\u00e1ticas | Fa\u00e7a j\u00e1 seu or\u00e7amento | F\u00e1cil Lubrifica\u00e7\u00e3o \u00e9 Bozza.\",\"breadcrumb\":{\"@id\":\"https:\/\/bozza.com\/es\/produto\/acoplador-hidraulico-com-engate-rapido-para-graxa-300-er\/#breadcrumb\"},\"inLanguage\":\"es\",\"potentialAction\":[{\"@type\":\"ReadAction\",\"target\":[\"https:\/\/bozza.com\/es\/produto\/acoplador-hidraulico-com-engate-rapido-para-graxa-300-er\/\"]}]},{\"@type\":\"ImageObject\",\"inLanguage\":\"es\",\"@id\":\"https:\/\/bozza.com\/es\/produto\/acoplador-hidraulico-com-engate-rapido-para-graxa-300-er\/#primaryimage\",\"url\":\"https:\/\/bozza.com\/wp-content\/uploads\/2024\/01\/12.420.0090_300-ER_ACOPLADOR-HIDRAULICO-COM-ENGATE-RAPIDO-2_BOZZA_2023.jpg\",\"contentUrl\":\"https:\/\/bozza.com\/wp-content\/uploads\/2024\/01\/12.420.0090_300-ER_ACOPLADOR-HIDRAULICO-COM-ENGATE-RAPIDO-2_BOZZA_2023.jpg\",\"width\":1080,\"height\":1080,\"caption\":\"Acoplador hidr\u00e1ulico com engate r\u00e1pido 300-ER Bozza para lubrifica\u00e7\u00e3o de graxa em pinos graxeiros\"},{\"@type\":\"BreadcrumbList\",\"@id\":\"https:\/\/bozza.com\/es\/produto\/acoplador-hidraulico-com-engate-rapido-para-graxa-300-er\/#breadcrumb\",\"itemListElement\":[{\"@type\":\"ListItem\",\"position\":1,\"name\":\"In\u00edcio\",\"item\":\"https:\/\/bozza.com\/\"},{\"@type\":\"ListItem\",\"position\":2,\"name\":\"Produtos\",\"item\":\"https:\/\/bozza.com\/?page_id=70036\"},{\"@type\":\"ListItem\",\"position\":3,\"name\":\"Acoplador hidr\u00e1ulico con acoplamiento r\u00e1pido para grasa 300-ER\"}]},{\"@type\":\"WebSite\",\"@id\":\"https:\/\/bozza.com\/#website\",\"url\":\"https:\/\/bozza.com\/\",\"name\":\"Bozza\",\"description\":\"Solu\u00e7\u00f5es em Lubrifica\u00e7\u00e3o\",\"publisher\":{\"@id\":\"https:\/\/bozza.com\/#organization\"},\"potentialAction\":[{\"@type\":\"SearchAction\",\"target\":{\"@type\":\"EntryPoint\",\"urlTemplate\":\"https:\/\/bozza.com\/?s={search_term_string}\"},\"query-input\":{\"@type\":\"PropertyValueSpecification\",\"valueRequired\":true,\"valueName\":\"search_term_string\"}}],\"inLanguage\":\"es\"},{\"@type\":\"Organization\",\"@id\":\"https:\/\/bozza.com\/#organization\",\"name\":\"Bozza\",\"url\":\"https:\/\/bozza.com\/\",\"logo\":{\"@type\":\"ImageObject\",\"inLanguage\":\"es\",\"@id\":\"https:\/\/bozza.com\/#\/schema\/logo\/image\/\",\"url\":\"\",\"contentUrl\":\"\",\"caption\":\"Bozza\"},\"image\":{\"@id\":\"https:\/\/bozza.com\/#\/schema\/logo\/image\/\"},\"sameAs\":[\"https:\/\/www.facebook.com\/bozza.oficial\/\",\"https:\/\/www.instagram.com\/bozzaoficial\/\",\"https:\/\/www.linkedin.com\/company\/bozza\/\",\"https:\/\/www.youtube.com\/channel\/UCQRiHYNpM4VQWF9YxVgSTsw?view_as=subscriber\"]}]}<\/script>\n<!-- \/ Yoast SEO plugin. -->","yoast_head_json":{"title":"Acoplador hidr\u00e1ulico con acoplamiento r\u00e1pido para grasa 300-ER | Bozza","description":"300-ER Bozza | Acoplador para pinos graxeiros | Para bombas manuais e pneum\u00e1ticas | Fa\u00e7a j\u00e1 seu or\u00e7amento | F\u00e1cil Lubrifica\u00e7\u00e3o \u00e9 Bozza.","robots":{"index":"index","follow":"follow","max-snippet":"max-snippet:-1","max-image-preview":"max-image-preview:large","max-video-preview":"max-video-preview:-1"},"canonical":"https:\/\/bozza.com\/es\/produto\/acoplador-hidraulico-com-engate-rapido-para-graxa-300-er\/","og_locale":"es_ES","og_type":"article","og_title":"Acoplador hidr\u00e1ulico con acoplamiento r\u00e1pido para grasa 300-ER | Bozza","og_description":"300-ER Bozza | Acoplador para pinos graxeiros | Para bombas manuais e pneum\u00e1ticas | Fa\u00e7a j\u00e1 seu or\u00e7amento | F\u00e1cil Lubrifica\u00e7\u00e3o \u00e9 Bozza.","og_url":"https:\/\/bozza.com\/es\/produto\/acoplador-hidraulico-com-engate-rapido-para-graxa-300-er\/","og_site_name":"Bozza","article_publisher":"https:\/\/www.facebook.com\/bozza.oficial\/","article_modified_time":"2026-04-10T18:11:38+00:00","og_image":[{"width":1080,"height":1080,"url":"https:\/\/bozza.com\/wp-content\/uploads\/2024\/01\/12.420.0090_300-ER_ACOPLADOR-HIDRAULICO-COM-ENGATE-RAPIDO-2_BOZZA_2023.jpg","type":"image\/jpeg"}],"twitter_card":"summary_large_image","twitter_misc":{"Tiempo de lectura":"1 minuto"},"schema":{"@context":"https:\/\/schema.org","@graph":[{"@type":"WebPage","@id":"https:\/\/bozza.com\/es\/produto\/acoplador-hidraulico-com-engate-rapido-para-graxa-300-er\/","url":"https:\/\/bozza.com\/es\/produto\/acoplador-hidraulico-com-engate-rapido-para-graxa-300-er\/","name":"Acoplador hidr\u00e1ulico con acoplamiento r\u00e1pido para grasa 300-ER | Bozza","isPartOf":{"@id":"https:\/\/bozza.com\/#website"},"primaryImageOfPage":{"@id":"https:\/\/bozza.com\/es\/produto\/acoplador-hidraulico-com-engate-rapido-para-graxa-300-er\/#primaryimage"},"image":{"@id":"https:\/\/bozza.com\/es\/produto\/acoplador-hidraulico-com-engate-rapido-para-graxa-300-er\/#primaryimage"},"thumbnailUrl":"https:\/\/bozza.com\/wp-content\/uploads\/2024\/01\/12.420.0090_300-ER_ACOPLADOR-HIDRAULICO-COM-ENGATE-RAPIDO-2_BOZZA_2023.jpg","datePublished":"2024-01-30T14:19:49+00:00","dateModified":"2026-04-10T18:11:38+00:00","description":"300-ER Bozza | Acoplador para pinos graxeiros | Para bombas manuais e pneum\u00e1ticas | Fa\u00e7a j\u00e1 seu or\u00e7amento | F\u00e1cil Lubrifica\u00e7\u00e3o \u00e9 Bozza.","breadcrumb":{"@id":"https:\/\/bozza.com\/es\/produto\/acoplador-hidraulico-com-engate-rapido-para-graxa-300-er\/#breadcrumb"},"inLanguage":"es","potentialAction":[{"@type":"ReadAction","target":["https:\/\/bozza.com\/es\/produto\/acoplador-hidraulico-com-engate-rapido-para-graxa-300-er\/"]}]},{"@type":"ImageObject","inLanguage":"es","@id":"https:\/\/bozza.com\/es\/produto\/acoplador-hidraulico-com-engate-rapido-para-graxa-300-er\/#primaryimage","url":"https:\/\/bozza.com\/wp-content\/uploads\/2024\/01\/12.420.0090_300-ER_ACOPLADOR-HIDRAULICO-COM-ENGATE-RAPIDO-2_BOZZA_2023.jpg","contentUrl":"https:\/\/bozza.com\/wp-content\/uploads\/2024\/01\/12.420.0090_300-ER_ACOPLADOR-HIDRAULICO-COM-ENGATE-RAPIDO-2_BOZZA_2023.jpg","width":1080,"height":1080,"caption":"Acoplador hidr\u00e1ulico com engate r\u00e1pido 300-ER Bozza para lubrifica\u00e7\u00e3o de graxa em pinos graxeiros"},{"@type":"BreadcrumbList","@id":"https:\/\/bozza.com\/es\/produto\/acoplador-hidraulico-com-engate-rapido-para-graxa-300-er\/#breadcrumb","itemListElement":[{"@type":"ListItem","position":1,"name":"In\u00edcio","item":"https:\/\/bozza.com\/"},{"@type":"ListItem","position":2,"name":"Produtos","item":"https:\/\/bozza.com\/?page_id=70036"},{"@type":"ListItem","position":3,"name":"Acoplador hidr\u00e1ulico con acoplamiento r\u00e1pido para grasa 300-ER"}]},{"@type":"WebSite","@id":"https:\/\/bozza.com\/#website","url":"https:\/\/bozza.com\/","name":"Bozza","description":"Solu\u00e7\u00f5es em Lubrifica\u00e7\u00e3o","publisher":{"@id":"https:\/\/bozza.com\/#organization"},"potentialAction":[{"@type":"SearchAction","target":{"@type":"EntryPoint","urlTemplate":"https:\/\/bozza.com\/?s={search_term_string}"},"query-input":{"@type":"PropertyValueSpecification","valueRequired":true,"valueName":"search_term_string"}}],"inLanguage":"es"},{"@type":"Organization","@id":"https:\/\/bozza.com\/#organization","name":"Bozza","url":"https:\/\/bozza.com\/","logo":{"@type":"ImageObject","inLanguage":"es","@id":"https:\/\/bozza.com\/#\/schema\/logo\/image\/","url":"","contentUrl":"","caption":"Bozza"},"image":{"@id":"https:\/\/bozza.com\/#\/schema\/logo\/image\/"},"sameAs":["https:\/\/www.facebook.com\/bozza.oficial\/","https:\/\/www.instagram.com\/bozzaoficial\/","https:\/\/www.linkedin.com\/company\/bozza\/","https:\/\/www.youtube.com\/channel\/UCQRiHYNpM4VQWF9YxVgSTsw?view_as=subscriber"]}]}},"_links":{"self":[{"href":"https:\/\/bozza.com\/es\/wp-json\/wp\/v2\/product\/66988","targetHints":{"allow":["GET"]}}],"collection":[{"href":"https:\/\/bozza.com\/es\/wp-json\/wp\/v2\/product"}],"about":[{"href":"https:\/\/bozza.com\/es\/wp-json\/wp\/v2\/types\/product"}],"wp:featuredmedia":[{"embeddable":true,"href":"https:\/\/bozza.com\/es\/wp-json\/wp\/v2\/media\/61550"}],"wp:attachment":[{"href":"https:\/\/bozza.com\/es\/wp-json\/wp\/v2\/media?parent=66988"}],"wp:term":[{"taxonomy":"product_brand","embeddable":true,"href":"https:\/\/bozza.com\/es\/wp-json\/wp\/v2\/product_brand?post=66988"},{"taxonomy":"product_cat","embeddable":true,"href":"https:\/\/bozza.com\/es\/wp-json\/wp\/v2\/product_cat?post=66988"},{"taxonomy":"product_tag","embeddable":true,"href":"https:\/\/bozza.com\/es\/wp-json\/wp\/v2\/product_tag?post=66988"}],"curies":[{"name":"wp","href":"https:\/\/api.w.org\/{rel}","templated":true}]}}