{"id":66992,"date":"2023-12-22T17:11:39","date_gmt":"2023-12-22T20:11:39","guid":{"rendered":"https:\/\/www.bozza.com\/produto\/bomba-pneumatica-de-duplo-diafragma-beaver-al-1-2-v\/"},"modified":"2026-04-10T15:12:15","modified_gmt":"2026-04-10T18:12:15","slug":"bomba-pneumatica-de-duplo-diafragma-beaver-al-1-2-v","status":"publish","type":"product","link":"https:\/\/bozza.com\/es\/produto\/bomba-pneumatica-de-duplo-diafragma-beaver-al-1-2-v\/","title":{"rendered":"PROPULSORA NEUM\u00c1TICA DE DOBLE DIAFRAGMA BEAVER-AL-1\/2-V"},"content":{"rendered":"<ul>\n<li>Flujo libre: 16 L\/min;<\/li>\n<li>Reparto: 1:1;<\/li>\n<li>Presi\u00f3n m\u00e1xima de trabajo: 100 PSI (6,9 BAR);<\/li>\n<li>Entrada de aire: rosca hembra 1\/2&#8243; NPT;<\/li>\n<li>Entrada del producto: rosca hembra NPT de 1\/2&#8243;;<\/li>\n<li>Salida del producto: rosca hembra 1\/2&#8243; NPT;<\/li>\n<li>Consumo de aire: 10,0 pies\u00b3\/min<\/li>\n<li>Temperatura m\u00e1xima de trabajo: 55\u00b0C<\/li>\n<li>Di\u00e1metro m\u00e1ximo de succi\u00f3n de part\u00edculas: 3 mm;<\/li>\n<li>Precio sugerido: Bajo petici\u00f3n.<\/li>\n<\/ul>\n","protected":false},"excerpt":{"rendered":"<p>Bomba neum\u00e1tica de doble membrana, adecuada para trasvase de aceite, queroseno y di\u00e9sel nuevos y usados.<br \/>\nRecomendado para clientes que necesitan abastecer de combustible su flota, realizar vertidos de petr\u00f3leo y otras operaciones, utilizados en miner\u00eda, acer\u00edas, empresas de transporte urbano y por carretera, etc.<\/p>\n","protected":false},"featured_media":61209,"template":"","meta":{"_acf_changed":false},"product_brand":[],"product_cat":[338,335,1005,328],"product_tag":[418,419,370,363],"class_list":{"0":"post-66992","1":"product","2":"type-product","3":"status-publish","4":"has-post-thumbnail","6":"product_cat-equipamentos-para-comboio-es","7":"product_cat-linha-industrial-es","8":"product_cat-para-diesel-es","9":"product_cat-todos-os-produtos-es","10":"product_tag-diafragma-es","11":"product_tag-duplo-es","12":"product_tag-industria-es","13":"product_tag-pneumatica-es","15":"first","16":"instock","17":"shipping-taxable","18":"product-type-simple"},"acf":[],"yoast_head":"<!-- This site is optimized with the Yoast SEO plugin v26.9 - https:\/\/yoast.com\/product\/yoast-seo-wordpress\/ -->\n<title>PROPULSORA NEUM\u00c1TICA DE DOBLE DIAFRAGMA BEAVER-AL-1\/2-V | Bozza<\/title>\n<meta name=\"description\" content=\"Bomba pneuma\u0301tica de duplo diafragma, indicada para transfere\u0302ncia de o\u0301leo novos e usados, querosene e diesel.Indicadas para clientes que necessitam abastecer sua frota, realizar descarte de o\u0301leo e demais operac\u0327o\u0303es, utilizada em minerac\u0327o\u0303es, sider\u00fargias, empresas de transportes urbanos e rodovia\u0301rios, etc.\" \/>\n<meta name=\"robots\" content=\"index, follow, max-snippet:-1, max-image-preview:large, max-video-preview:-1\" \/>\n<link rel=\"canonical\" href=\"https:\/\/bozza.com\/es\/produto\/bomba-pneumatica-de-duplo-diafragma-beaver-al-1-2-v\/\" \/>\n<meta property=\"og:locale\" content=\"es_ES\" \/>\n<meta property=\"og:type\" content=\"article\" \/>\n<meta property=\"og:title\" content=\"PROPULSORA NEUM\u00c1TICA DE DOBLE DIAFRAGMA BEAVER-AL-1\/2-V | Bozza\" \/>\n<meta property=\"og:description\" content=\"Bomba pneuma\u0301tica de duplo diafragma, indicada para transfere\u0302ncia de o\u0301leo novos e usados, querosene e diesel.Indicadas para clientes que necessitam abastecer sua frota, realizar descarte de o\u0301leo e demais operac\u0327o\u0303es, utilizada em minerac\u0327o\u0303es, sider\u00fargias, empresas de transportes urbanos e rodovia\u0301rios, etc.\" \/>\n<meta property=\"og:url\" content=\"https:\/\/bozza.com\/es\/produto\/bomba-pneumatica-de-duplo-diafragma-beaver-al-1-2-v\/\" \/>\n<meta property=\"og:site_name\" content=\"Bozza\" \/>\n<meta property=\"article:publisher\" content=\"https:\/\/www.facebook.com\/bozza.oficial\/\" \/>\n<meta property=\"article:modified_time\" content=\"2026-04-10T18:12:15+00:00\" \/>\n<meta property=\"og:image\" content=\"https:\/\/bozza.com\/wp-content\/uploads\/2023\/12\/BEAVER-AL_1-2.jpg\" \/>\n\t<meta property=\"og:image:width\" content=\"1080\" \/>\n\t<meta property=\"og:image:height\" content=\"1080\" \/>\n\t<meta property=\"og:image:type\" content=\"image\/jpeg\" \/>\n<meta name=\"twitter:card\" content=\"summary_large_image\" \/>\n<meta name=\"twitter:label1\" content=\"Tiempo de lectura\" \/>\n\t<meta name=\"twitter:data1\" content=\"1 minuto\" \/>\n<script type=\"application\/ld+json\" class=\"yoast-schema-graph\">{\"@context\":\"https:\/\/schema.org\",\"@graph\":[{\"@type\":\"WebPage\",\"@id\":\"https:\/\/bozza.com\/es\/produto\/bomba-pneumatica-de-duplo-diafragma-beaver-al-1-2-v\/\",\"url\":\"https:\/\/bozza.com\/es\/produto\/bomba-pneumatica-de-duplo-diafragma-beaver-al-1-2-v\/\",\"name\":\"PROPULSORA NEUM\u00c1TICA DE DOBLE DIAFRAGMA BEAVER-AL-1\/2-V | Bozza\",\"isPartOf\":{\"@id\":\"https:\/\/bozza.com\/#website\"},\"primaryImageOfPage\":{\"@id\":\"https:\/\/bozza.com\/es\/produto\/bomba-pneumatica-de-duplo-diafragma-beaver-al-1-2-v\/#primaryimage\"},\"image\":{\"@id\":\"https:\/\/bozza.com\/es\/produto\/bomba-pneumatica-de-duplo-diafragma-beaver-al-1-2-v\/#primaryimage\"},\"thumbnailUrl\":\"https:\/\/bozza.com\/wp-content\/uploads\/2023\/12\/BEAVER-AL_1-2.jpg\",\"datePublished\":\"2023-12-22T20:11:39+00:00\",\"dateModified\":\"2026-04-10T18:12:15+00:00\",\"description\":\"Bomba pneuma\u0301tica de duplo diafragma, indicada para transfere\u0302ncia de o\u0301leo novos e usados, querosene e diesel.Indicadas para clientes que necessitam abastecer sua frota, realizar descarte de o\u0301leo e demais operac\u0327o\u0303es, utilizada em minerac\u0327o\u0303es, sider\u00fargias, empresas de transportes urbanos e rodovia\u0301rios, etc.\",\"breadcrumb\":{\"@id\":\"https:\/\/bozza.com\/es\/produto\/bomba-pneumatica-de-duplo-diafragma-beaver-al-1-2-v\/#breadcrumb\"},\"inLanguage\":\"es\",\"potentialAction\":[{\"@type\":\"ReadAction\",\"target\":[\"https:\/\/bozza.com\/es\/produto\/bomba-pneumatica-de-duplo-diafragma-beaver-al-1-2-v\/\"]}]},{\"@type\":\"ImageObject\",\"inLanguage\":\"es\",\"@id\":\"https:\/\/bozza.com\/es\/produto\/bomba-pneumatica-de-duplo-diafragma-beaver-al-1-2-v\/#primaryimage\",\"url\":\"https:\/\/bozza.com\/wp-content\/uploads\/2023\/12\/BEAVER-AL_1-2.jpg\",\"contentUrl\":\"https:\/\/bozza.com\/wp-content\/uploads\/2023\/12\/BEAVER-AL_1-2.jpg\",\"width\":1080,\"height\":1080},{\"@type\":\"BreadcrumbList\",\"@id\":\"https:\/\/bozza.com\/es\/produto\/bomba-pneumatica-de-duplo-diafragma-beaver-al-1-2-v\/#breadcrumb\",\"itemListElement\":[{\"@type\":\"ListItem\",\"position\":1,\"name\":\"In\u00edcio\",\"item\":\"https:\/\/bozza.com\/\"},{\"@type\":\"ListItem\",\"position\":2,\"name\":\"Produtos\",\"item\":\"https:\/\/bozza.com\/?page_id=70036\"},{\"@type\":\"ListItem\",\"position\":3,\"name\":\"PROPULSORA NEUM\u00c1TICA DE DOBLE DIAFRAGMA BEAVER-AL-1\/2-V\"}]},{\"@type\":\"WebSite\",\"@id\":\"https:\/\/bozza.com\/#website\",\"url\":\"https:\/\/bozza.com\/\",\"name\":\"Bozza\",\"description\":\"Solu\u00e7\u00f5es em Lubrifica\u00e7\u00e3o\",\"publisher\":{\"@id\":\"https:\/\/bozza.com\/#organization\"},\"potentialAction\":[{\"@type\":\"SearchAction\",\"target\":{\"@type\":\"EntryPoint\",\"urlTemplate\":\"https:\/\/bozza.com\/?s={search_term_string}\"},\"query-input\":{\"@type\":\"PropertyValueSpecification\",\"valueRequired\":true,\"valueName\":\"search_term_string\"}}],\"inLanguage\":\"es\"},{\"@type\":\"Organization\",\"@id\":\"https:\/\/bozza.com\/#organization\",\"name\":\"Bozza\",\"url\":\"https:\/\/bozza.com\/\",\"logo\":{\"@type\":\"ImageObject\",\"inLanguage\":\"es\",\"@id\":\"https:\/\/bozza.com\/#\/schema\/logo\/image\/\",\"url\":\"\",\"contentUrl\":\"\",\"caption\":\"Bozza\"},\"image\":{\"@id\":\"https:\/\/bozza.com\/#\/schema\/logo\/image\/\"},\"sameAs\":[\"https:\/\/www.facebook.com\/bozza.oficial\/\",\"https:\/\/www.instagram.com\/bozzaoficial\/\",\"https:\/\/www.linkedin.com\/company\/bozza\/\",\"https:\/\/www.youtube.com\/channel\/UCQRiHYNpM4VQWF9YxVgSTsw?view_as=subscriber\"]}]}<\/script>\n<!-- \/ Yoast SEO plugin. -->","yoast_head_json":{"title":"PROPULSORA NEUM\u00c1TICA DE DOBLE DIAFRAGMA BEAVER-AL-1\/2-V | Bozza","description":"Bomba pneuma\u0301tica de duplo diafragma, indicada para transfere\u0302ncia de o\u0301leo novos e usados, querosene e diesel.Indicadas para clientes que necessitam abastecer sua frota, realizar descarte de o\u0301leo e demais operac\u0327o\u0303es, utilizada em minerac\u0327o\u0303es, sider\u00fargias, empresas de transportes urbanos e rodovia\u0301rios, etc.","robots":{"index":"index","follow":"follow","max-snippet":"max-snippet:-1","max-image-preview":"max-image-preview:large","max-video-preview":"max-video-preview:-1"},"canonical":"https:\/\/bozza.com\/es\/produto\/bomba-pneumatica-de-duplo-diafragma-beaver-al-1-2-v\/","og_locale":"es_ES","og_type":"article","og_title":"PROPULSORA NEUM\u00c1TICA DE DOBLE DIAFRAGMA BEAVER-AL-1\/2-V | Bozza","og_description":"Bomba pneuma\u0301tica de duplo diafragma, indicada para transfere\u0302ncia de o\u0301leo novos e usados, querosene e diesel.Indicadas para clientes que necessitam abastecer sua frota, realizar descarte de o\u0301leo e demais operac\u0327o\u0303es, utilizada em minerac\u0327o\u0303es, sider\u00fargias, empresas de transportes urbanos e rodovia\u0301rios, etc.","og_url":"https:\/\/bozza.com\/es\/produto\/bomba-pneumatica-de-duplo-diafragma-beaver-al-1-2-v\/","og_site_name":"Bozza","article_publisher":"https:\/\/www.facebook.com\/bozza.oficial\/","article_modified_time":"2026-04-10T18:12:15+00:00","og_image":[{"width":1080,"height":1080,"url":"https:\/\/bozza.com\/wp-content\/uploads\/2023\/12\/BEAVER-AL_1-2.jpg","type":"image\/jpeg"}],"twitter_card":"summary_large_image","twitter_misc":{"Tiempo de lectura":"1 minuto"},"schema":{"@context":"https:\/\/schema.org","@graph":[{"@type":"WebPage","@id":"https:\/\/bozza.com\/es\/produto\/bomba-pneumatica-de-duplo-diafragma-beaver-al-1-2-v\/","url":"https:\/\/bozza.com\/es\/produto\/bomba-pneumatica-de-duplo-diafragma-beaver-al-1-2-v\/","name":"PROPULSORA NEUM\u00c1TICA DE DOBLE DIAFRAGMA BEAVER-AL-1\/2-V | Bozza","isPartOf":{"@id":"https:\/\/bozza.com\/#website"},"primaryImageOfPage":{"@id":"https:\/\/bozza.com\/es\/produto\/bomba-pneumatica-de-duplo-diafragma-beaver-al-1-2-v\/#primaryimage"},"image":{"@id":"https:\/\/bozza.com\/es\/produto\/bomba-pneumatica-de-duplo-diafragma-beaver-al-1-2-v\/#primaryimage"},"thumbnailUrl":"https:\/\/bozza.com\/wp-content\/uploads\/2023\/12\/BEAVER-AL_1-2.jpg","datePublished":"2023-12-22T20:11:39+00:00","dateModified":"2026-04-10T18:12:15+00:00","description":"Bomba pneuma\u0301tica de duplo diafragma, indicada para transfere\u0302ncia de o\u0301leo novos e usados, querosene e diesel.Indicadas para clientes que necessitam abastecer sua frota, realizar descarte de o\u0301leo e demais operac\u0327o\u0303es, utilizada em minerac\u0327o\u0303es, sider\u00fargias, empresas de transportes urbanos e rodovia\u0301rios, etc.","breadcrumb":{"@id":"https:\/\/bozza.com\/es\/produto\/bomba-pneumatica-de-duplo-diafragma-beaver-al-1-2-v\/#breadcrumb"},"inLanguage":"es","potentialAction":[{"@type":"ReadAction","target":["https:\/\/bozza.com\/es\/produto\/bomba-pneumatica-de-duplo-diafragma-beaver-al-1-2-v\/"]}]},{"@type":"ImageObject","inLanguage":"es","@id":"https:\/\/bozza.com\/es\/produto\/bomba-pneumatica-de-duplo-diafragma-beaver-al-1-2-v\/#primaryimage","url":"https:\/\/bozza.com\/wp-content\/uploads\/2023\/12\/BEAVER-AL_1-2.jpg","contentUrl":"https:\/\/bozza.com\/wp-content\/uploads\/2023\/12\/BEAVER-AL_1-2.jpg","width":1080,"height":1080},{"@type":"BreadcrumbList","@id":"https:\/\/bozza.com\/es\/produto\/bomba-pneumatica-de-duplo-diafragma-beaver-al-1-2-v\/#breadcrumb","itemListElement":[{"@type":"ListItem","position":1,"name":"In\u00edcio","item":"https:\/\/bozza.com\/"},{"@type":"ListItem","position":2,"name":"Produtos","item":"https:\/\/bozza.com\/?page_id=70036"},{"@type":"ListItem","position":3,"name":"PROPULSORA NEUM\u00c1TICA DE DOBLE DIAFRAGMA BEAVER-AL-1\/2-V"}]},{"@type":"WebSite","@id":"https:\/\/bozza.com\/#website","url":"https:\/\/bozza.com\/","name":"Bozza","description":"Solu\u00e7\u00f5es em Lubrifica\u00e7\u00e3o","publisher":{"@id":"https:\/\/bozza.com\/#organization"},"potentialAction":[{"@type":"SearchAction","target":{"@type":"EntryPoint","urlTemplate":"https:\/\/bozza.com\/?s={search_term_string}"},"query-input":{"@type":"PropertyValueSpecification","valueRequired":true,"valueName":"search_term_string"}}],"inLanguage":"es"},{"@type":"Organization","@id":"https:\/\/bozza.com\/#organization","name":"Bozza","url":"https:\/\/bozza.com\/","logo":{"@type":"ImageObject","inLanguage":"es","@id":"https:\/\/bozza.com\/#\/schema\/logo\/image\/","url":"","contentUrl":"","caption":"Bozza"},"image":{"@id":"https:\/\/bozza.com\/#\/schema\/logo\/image\/"},"sameAs":["https:\/\/www.facebook.com\/bozza.oficial\/","https:\/\/www.instagram.com\/bozzaoficial\/","https:\/\/www.linkedin.com\/company\/bozza\/","https:\/\/www.youtube.com\/channel\/UCQRiHYNpM4VQWF9YxVgSTsw?view_as=subscriber"]}]}},"_links":{"self":[{"href":"https:\/\/bozza.com\/es\/wp-json\/wp\/v2\/product\/66992","targetHints":{"allow":["GET"]}}],"collection":[{"href":"https:\/\/bozza.com\/es\/wp-json\/wp\/v2\/product"}],"about":[{"href":"https:\/\/bozza.com\/es\/wp-json\/wp\/v2\/types\/product"}],"wp:featuredmedia":[{"embeddable":true,"href":"https:\/\/bozza.com\/es\/wp-json\/wp\/v2\/media\/61209"}],"wp:attachment":[{"href":"https:\/\/bozza.com\/es\/wp-json\/wp\/v2\/media?parent=66992"}],"wp:term":[{"taxonomy":"product_brand","embeddable":true,"href":"https:\/\/bozza.com\/es\/wp-json\/wp\/v2\/product_brand?post=66992"},{"taxonomy":"product_cat","embeddable":true,"href":"https:\/\/bozza.com\/es\/wp-json\/wp\/v2\/product_cat?post=66992"},{"taxonomy":"product_tag","embeddable":true,"href":"https:\/\/bozza.com\/es\/wp-json\/wp\/v2\/product_tag?post=66992"}],"curies":[{"name":"wp","href":"https:\/\/api.w.org\/{rel}","templated":true}]}}