{"id":66996,"date":"2023-11-07T16:36:37","date_gmt":"2023-11-07T19:36:37","guid":{"rendered":"https:\/\/www.bozza.com\/produto\/bomba-diafragma-plastica-beaver-pp-34\/"},"modified":"2026-04-10T15:12:30","modified_gmt":"2026-04-10T18:12:30","slug":"bomba-diafragma-plastica-beaver-pp-34","status":"publish","type":"product","link":"https:\/\/bozza.com\/es\/produto\/bomba-diafragma-plastica-beaver-pp-34\/","title":{"rendered":"Bomba de Diafragma Plastico 3\/4&#8243; Viton &#8211; BEAVER-PP-3\/4-V"},"content":{"rendered":"<ul>\n<li>Flujo libre: 60 L\/min;<\/li>\n<li>Reparto: 1:1;<\/li>\n<li>Presi\u00f3n m\u00e1xima de trabajo: 115 PSI (8 BAR);<\/li>\n<li>Entrada de aire: rosca hembra NPT de 1\/4&#8243;;<\/li>\n<li>Entrada del producto: rosca hembra NPT de 3\/4&#8243;;<\/li>\n<li>Salida del producto: rosca hembra 3\/4&#8243; NPT;<\/li>\n<li>Consumo de aire: 6,5 pies\u00b3\/min;<\/li>\n<li>Temperatura m\u00e1xima de trabajo: 55\u00b0C;<\/li>\n<li>Di\u00e1metro m\u00e1ximo de succi\u00f3n de part\u00edculas: 3 mm;<\/li>\n<li>Precio en demanda<\/li>\n<\/ul>\n","protected":false},"excerpt":{"rendered":"<p>Bomba neum\u00e1tica de doble diafragma, para succi\u00f3n de aceite lubricante nuevo o usado, queroseno, diesel, arla-32. Apto para cualquier segmento que necesite una bomba de trasvase con excelente caudal.<\/p>\n","protected":false},"featured_media":1999,"template":"","meta":{"_acf_changed":false},"product_brand":[1028],"product_cat":[416,338,1005,328],"product_tag":[418,419,363],"class_list":{"0":"post-66996","1":"product","2":"type-product","3":"status-publish","4":"has-post-thumbnail","6":"product_brand-postos-de-servicos-es","7":"product_cat-arla-32-es-2","8":"product_cat-equipamentos-para-comboio-es","9":"product_cat-para-diesel-es","10":"product_cat-todos-os-produtos-es","11":"product_tag-diafragma-es","12":"product_tag-duplo-es","13":"product_tag-pneumatica-es","15":"first","16":"instock","17":"shipping-taxable","18":"product-type-simple"},"acf":[],"yoast_head":"<!-- This site is optimized with the Yoast SEO plugin v26.9 - https:\/\/yoast.com\/product\/yoast-seo-wordpress\/ -->\n<title>Bomba de Diafragma Plastico 3\/4&quot; Viton - BEAVER-PP-3\/4-V | Bozza<\/title>\n<meta name=\"robots\" content=\"index, follow, max-snippet:-1, max-image-preview:large, max-video-preview:-1\" \/>\n<link rel=\"canonical\" href=\"https:\/\/bozza.com\/es\/produto\/bomba-diafragma-plastica-beaver-pp-34\/\" \/>\n<meta property=\"og:locale\" content=\"es_ES\" \/>\n<meta property=\"og:type\" content=\"article\" \/>\n<meta property=\"og:title\" content=\"Bomba de Diafragma Plastico 3\/4&quot; Viton - BEAVER-PP-3\/4-V | Bozza\" \/>\n<meta property=\"og:description\" content=\"Bomba neum\u00e1tica de doble diafragma, para succi\u00f3n de aceite lubricante nuevo o usado, queroseno, diesel, arla-32. Apto para cualquier segmento que necesite una bomba de trasvase con excelente caudal.\" \/>\n<meta property=\"og:url\" content=\"https:\/\/bozza.com\/es\/produto\/bomba-diafragma-plastica-beaver-pp-34\/\" \/>\n<meta property=\"og:site_name\" content=\"Bozza\" \/>\n<meta property=\"article:publisher\" content=\"https:\/\/www.facebook.com\/bozza.oficial\/\" \/>\n<meta property=\"article:modified_time\" content=\"2026-04-10T18:12:30+00:00\" \/>\n<meta property=\"og:image\" content=\"https:\/\/bozza.com\/wp-content\/uploads\/2018\/09\/Bozza_Recortes_Restante_Beaver-02.png\" \/>\n\t<meta property=\"og:image:width\" content=\"1200\" \/>\n\t<meta property=\"og:image:height\" content=\"1200\" \/>\n\t<meta property=\"og:image:type\" content=\"image\/png\" \/>\n<meta name=\"twitter:card\" content=\"summary_large_image\" \/>\n<meta name=\"twitter:label1\" content=\"Tiempo de lectura\" \/>\n\t<meta name=\"twitter:data1\" content=\"1 minuto\" \/>\n<script type=\"application\/ld+json\" class=\"yoast-schema-graph\">{\"@context\":\"https:\/\/schema.org\",\"@graph\":[{\"@type\":\"WebPage\",\"@id\":\"https:\/\/bozza.com\/es\/produto\/bomba-diafragma-plastica-beaver-pp-34\/\",\"url\":\"https:\/\/bozza.com\/es\/produto\/bomba-diafragma-plastica-beaver-pp-34\/\",\"name\":\"Bomba de Diafragma Plastico 3\/4\\\" Viton - BEAVER-PP-3\/4-V | Bozza\",\"isPartOf\":{\"@id\":\"https:\/\/bozza.com\/#website\"},\"primaryImageOfPage\":{\"@id\":\"https:\/\/bozza.com\/es\/produto\/bomba-diafragma-plastica-beaver-pp-34\/#primaryimage\"},\"image\":{\"@id\":\"https:\/\/bozza.com\/es\/produto\/bomba-diafragma-plastica-beaver-pp-34\/#primaryimage\"},\"thumbnailUrl\":\"https:\/\/bozza.com\/wp-content\/uploads\/2018\/09\/Bozza_Recortes_Restante_Beaver-02.png\",\"datePublished\":\"2023-11-07T19:36:37+00:00\",\"dateModified\":\"2026-04-10T18:12:30+00:00\",\"breadcrumb\":{\"@id\":\"https:\/\/bozza.com\/es\/produto\/bomba-diafragma-plastica-beaver-pp-34\/#breadcrumb\"},\"inLanguage\":\"es\",\"potentialAction\":[{\"@type\":\"ReadAction\",\"target\":[\"https:\/\/bozza.com\/es\/produto\/bomba-diafragma-plastica-beaver-pp-34\/\"]}]},{\"@type\":\"ImageObject\",\"inLanguage\":\"es\",\"@id\":\"https:\/\/bozza.com\/es\/produto\/bomba-diafragma-plastica-beaver-pp-34\/#primaryimage\",\"url\":\"https:\/\/bozza.com\/wp-content\/uploads\/2018\/09\/Bozza_Recortes_Restante_Beaver-02.png\",\"contentUrl\":\"https:\/\/bozza.com\/wp-content\/uploads\/2018\/09\/Bozza_Recortes_Restante_Beaver-02.png\",\"width\":1200,\"height\":1200},{\"@type\":\"BreadcrumbList\",\"@id\":\"https:\/\/bozza.com\/es\/produto\/bomba-diafragma-plastica-beaver-pp-34\/#breadcrumb\",\"itemListElement\":[{\"@type\":\"ListItem\",\"position\":1,\"name\":\"In\u00edcio\",\"item\":\"https:\/\/bozza.com\/\"},{\"@type\":\"ListItem\",\"position\":2,\"name\":\"Produtos\",\"item\":\"https:\/\/bozza.com\/?page_id=70036\"},{\"@type\":\"ListItem\",\"position\":3,\"name\":\"Bomba de Diafragma Plastico 3\/4&#8243; Viton &#8211; BEAVER-PP-3\/4-V\"}]},{\"@type\":\"WebSite\",\"@id\":\"https:\/\/bozza.com\/#website\",\"url\":\"https:\/\/bozza.com\/\",\"name\":\"Bozza\",\"description\":\"Solu\u00e7\u00f5es em Lubrifica\u00e7\u00e3o\",\"publisher\":{\"@id\":\"https:\/\/bozza.com\/#organization\"},\"potentialAction\":[{\"@type\":\"SearchAction\",\"target\":{\"@type\":\"EntryPoint\",\"urlTemplate\":\"https:\/\/bozza.com\/?s={search_term_string}\"},\"query-input\":{\"@type\":\"PropertyValueSpecification\",\"valueRequired\":true,\"valueName\":\"search_term_string\"}}],\"inLanguage\":\"es\"},{\"@type\":\"Organization\",\"@id\":\"https:\/\/bozza.com\/#organization\",\"name\":\"Bozza\",\"url\":\"https:\/\/bozza.com\/\",\"logo\":{\"@type\":\"ImageObject\",\"inLanguage\":\"es\",\"@id\":\"https:\/\/bozza.com\/#\/schema\/logo\/image\/\",\"url\":\"\",\"contentUrl\":\"\",\"caption\":\"Bozza\"},\"image\":{\"@id\":\"https:\/\/bozza.com\/#\/schema\/logo\/image\/\"},\"sameAs\":[\"https:\/\/www.facebook.com\/bozza.oficial\/\",\"https:\/\/www.instagram.com\/bozzaoficial\/\",\"https:\/\/www.linkedin.com\/company\/bozza\/\",\"https:\/\/www.youtube.com\/channel\/UCQRiHYNpM4VQWF9YxVgSTsw?view_as=subscriber\"]}]}<\/script>\n<!-- \/ Yoast SEO plugin. -->","yoast_head_json":{"title":"Bomba de Diafragma Plastico 3\/4\" Viton - BEAVER-PP-3\/4-V | Bozza","robots":{"index":"index","follow":"follow","max-snippet":"max-snippet:-1","max-image-preview":"max-image-preview:large","max-video-preview":"max-video-preview:-1"},"canonical":"https:\/\/bozza.com\/es\/produto\/bomba-diafragma-plastica-beaver-pp-34\/","og_locale":"es_ES","og_type":"article","og_title":"Bomba de Diafragma Plastico 3\/4\" Viton - BEAVER-PP-3\/4-V | Bozza","og_description":"Bomba neum\u00e1tica de doble diafragma, para succi\u00f3n de aceite lubricante nuevo o usado, queroseno, diesel, arla-32. Apto para cualquier segmento que necesite una bomba de trasvase con excelente caudal.","og_url":"https:\/\/bozza.com\/es\/produto\/bomba-diafragma-plastica-beaver-pp-34\/","og_site_name":"Bozza","article_publisher":"https:\/\/www.facebook.com\/bozza.oficial\/","article_modified_time":"2026-04-10T18:12:30+00:00","og_image":[{"width":1200,"height":1200,"url":"https:\/\/bozza.com\/wp-content\/uploads\/2018\/09\/Bozza_Recortes_Restante_Beaver-02.png","type":"image\/png"}],"twitter_card":"summary_large_image","twitter_misc":{"Tiempo de lectura":"1 minuto"},"schema":{"@context":"https:\/\/schema.org","@graph":[{"@type":"WebPage","@id":"https:\/\/bozza.com\/es\/produto\/bomba-diafragma-plastica-beaver-pp-34\/","url":"https:\/\/bozza.com\/es\/produto\/bomba-diafragma-plastica-beaver-pp-34\/","name":"Bomba de Diafragma Plastico 3\/4\" Viton - BEAVER-PP-3\/4-V | Bozza","isPartOf":{"@id":"https:\/\/bozza.com\/#website"},"primaryImageOfPage":{"@id":"https:\/\/bozza.com\/es\/produto\/bomba-diafragma-plastica-beaver-pp-34\/#primaryimage"},"image":{"@id":"https:\/\/bozza.com\/es\/produto\/bomba-diafragma-plastica-beaver-pp-34\/#primaryimage"},"thumbnailUrl":"https:\/\/bozza.com\/wp-content\/uploads\/2018\/09\/Bozza_Recortes_Restante_Beaver-02.png","datePublished":"2023-11-07T19:36:37+00:00","dateModified":"2026-04-10T18:12:30+00:00","breadcrumb":{"@id":"https:\/\/bozza.com\/es\/produto\/bomba-diafragma-plastica-beaver-pp-34\/#breadcrumb"},"inLanguage":"es","potentialAction":[{"@type":"ReadAction","target":["https:\/\/bozza.com\/es\/produto\/bomba-diafragma-plastica-beaver-pp-34\/"]}]},{"@type":"ImageObject","inLanguage":"es","@id":"https:\/\/bozza.com\/es\/produto\/bomba-diafragma-plastica-beaver-pp-34\/#primaryimage","url":"https:\/\/bozza.com\/wp-content\/uploads\/2018\/09\/Bozza_Recortes_Restante_Beaver-02.png","contentUrl":"https:\/\/bozza.com\/wp-content\/uploads\/2018\/09\/Bozza_Recortes_Restante_Beaver-02.png","width":1200,"height":1200},{"@type":"BreadcrumbList","@id":"https:\/\/bozza.com\/es\/produto\/bomba-diafragma-plastica-beaver-pp-34\/#breadcrumb","itemListElement":[{"@type":"ListItem","position":1,"name":"In\u00edcio","item":"https:\/\/bozza.com\/"},{"@type":"ListItem","position":2,"name":"Produtos","item":"https:\/\/bozza.com\/?page_id=70036"},{"@type":"ListItem","position":3,"name":"Bomba de Diafragma Plastico 3\/4&#8243; Viton &#8211; BEAVER-PP-3\/4-V"}]},{"@type":"WebSite","@id":"https:\/\/bozza.com\/#website","url":"https:\/\/bozza.com\/","name":"Bozza","description":"Solu\u00e7\u00f5es em Lubrifica\u00e7\u00e3o","publisher":{"@id":"https:\/\/bozza.com\/#organization"},"potentialAction":[{"@type":"SearchAction","target":{"@type":"EntryPoint","urlTemplate":"https:\/\/bozza.com\/?s={search_term_string}"},"query-input":{"@type":"PropertyValueSpecification","valueRequired":true,"valueName":"search_term_string"}}],"inLanguage":"es"},{"@type":"Organization","@id":"https:\/\/bozza.com\/#organization","name":"Bozza","url":"https:\/\/bozza.com\/","logo":{"@type":"ImageObject","inLanguage":"es","@id":"https:\/\/bozza.com\/#\/schema\/logo\/image\/","url":"","contentUrl":"","caption":"Bozza"},"image":{"@id":"https:\/\/bozza.com\/#\/schema\/logo\/image\/"},"sameAs":["https:\/\/www.facebook.com\/bozza.oficial\/","https:\/\/www.instagram.com\/bozzaoficial\/","https:\/\/www.linkedin.com\/company\/bozza\/","https:\/\/www.youtube.com\/channel\/UCQRiHYNpM4VQWF9YxVgSTsw?view_as=subscriber"]}]}},"_links":{"self":[{"href":"https:\/\/bozza.com\/es\/wp-json\/wp\/v2\/product\/66996","targetHints":{"allow":["GET"]}}],"collection":[{"href":"https:\/\/bozza.com\/es\/wp-json\/wp\/v2\/product"}],"about":[{"href":"https:\/\/bozza.com\/es\/wp-json\/wp\/v2\/types\/product"}],"wp:featuredmedia":[{"embeddable":true,"href":"https:\/\/bozza.com\/es\/wp-json\/wp\/v2\/media\/1999"}],"wp:attachment":[{"href":"https:\/\/bozza.com\/es\/wp-json\/wp\/v2\/media?parent=66996"}],"wp:term":[{"taxonomy":"product_brand","embeddable":true,"href":"https:\/\/bozza.com\/es\/wp-json\/wp\/v2\/product_brand?post=66996"},{"taxonomy":"product_cat","embeddable":true,"href":"https:\/\/bozza.com\/es\/wp-json\/wp\/v2\/product_cat?post=66996"},{"taxonomy":"product_tag","embeddable":true,"href":"https:\/\/bozza.com\/es\/wp-json\/wp\/v2\/product_tag?post=66996"}],"curies":[{"name":"wp","href":"https:\/\/api.w.org\/{rel}","templated":true}]}}