{"id":66999,"date":"2023-05-29T11:30:04","date_gmt":"2023-05-29T14:30:04","guid":{"rendered":"https:\/\/www.bozza.com\/produto\/bomba-eletrica-a-bateria-para-graxa-400gr-7029-premium-g3\/"},"modified":"2026-04-10T15:15:14","modified_gmt":"2026-04-10T18:15:14","slug":"bomba-eletrica-a-bateria-para-graxa-400gr-7029-premium-g3","status":"publish","type":"product","link":"https:\/\/bozza.com\/es\/produto\/bomba-eletrica-a-bateria-para-graxa-400gr-7029-premium-g3\/","title":{"rendered":"Bomba El\u00e9ctrica de Bater\u00eda para Grasa 400g 7029 PREMIUM-G3"},"content":{"rendered":"<ul>\n<li>Bomba de engrase a bater\u00eda;<\/li>\n<li>Liviana y port\u00e1til, de f\u00e1cil lubricaci\u00f3n en lugares de dif\u00edcil acceso;<\/li>\n<li>Reduce el mantenimiento de m\u00e1quinas que requieren lubricaci\u00f3n;<\/li>\n<li>Permite el uso de un cartucho de grasa de 400 g;<\/li>\n<li>Permite una capacidad de recarga de grasa a granel de 500 g;<\/li>\n<li>Eficiencia y agilidad en la lubricaci\u00f3n;<\/li>\n<li>Estuche de transporte reforzado;<\/li>\n<li>Act\u00faa por presi\u00f3n, sistema de disparo;<\/li>\n<li>Cargador bivolt autom\u00e1tico (110V\/220V);<\/li>\n<\/ul>\n","protected":false},"excerpt":{"rendered":"<p>Bomba de engrase el\u00e9ctrica a bater\u00eda 7029-premium G3, recomendada para clientes que utilizan envases de cartucho o a granel y tienen baja periodicidad de lubricaci\u00f3n y consumo de grasa, aplicaci\u00f3n en lugares de dif\u00edcil acceso, no requiere el uso de aire comprimido, ideal para el Todo el segmento de industrias, agricultura, flotas que requieren una lubricaci\u00f3n r\u00e1pida y eficiente.<\/p>\n","protected":false},"featured_media":58826,"template":"","meta":{"_acf_changed":false},"product_brand":[],"product_cat":[353,324,1007,328],"product_tag":[347,1026,410,396,350,132,370],"class_list":{"0":"post-66999","1":"product","2":"type-product","3":"status-publish","4":"has-post-thumbnail","6":"product_cat-bombas-manuais-es","7":"product_cat-lanzamientos","8":"product_cat-para-grasa","9":"product_cat-todos-os-produtos-es","10":"product_tag-agricultura-es","11":"product_tag-agriculture","12":"product_tag-automatica-es","13":"product_tag-eletrica-es","14":"product_tag-graxa-es","15":"product_tag-graxa","16":"product_tag-industria-es","18":"first","19":"instock","20":"shipping-taxable","21":"product-type-simple"},"acf":[],"yoast_head":"<!-- This site is optimized with the Yoast SEO plugin v26.9 - https:\/\/yoast.com\/product\/yoast-seo-wordpress\/ -->\n<title>Bomba El\u00e9ctrica de Bater\u00eda para Grasa 400g 7029 PREMIUM-G3 | Bozza<\/title>\n<meta name=\"description\" content=\"Bomba el\u00e9trica a bateria para graxa 7029-premium G3, recomendada para clientes que utilizam embalagem cartucho ou granel e possuem baixa periodicidade de lubrifica\u00e7\u00e3o e consumo de graxa, aplica\u00e7\u00e3o em locais de dif\u00edcil acesso, dispensa o uso de ar comprimido, ideal para todo o segmento de ind\u00fastrias, agro, frotas que exige uma lubrifica\u00e7\u00e3o r\u00e1pida e eficiente.\" \/>\n<meta name=\"robots\" content=\"index, follow, max-snippet:-1, max-image-preview:large, max-video-preview:-1\" \/>\n<link rel=\"canonical\" href=\"https:\/\/bozza.com\/es\/produto\/bomba-eletrica-a-bateria-para-graxa-400gr-7029-premium-g3\/\" \/>\n<meta property=\"og:locale\" content=\"es_ES\" \/>\n<meta property=\"og:type\" content=\"article\" \/>\n<meta property=\"og:title\" content=\"Bomba El\u00e9ctrica de Bater\u00eda para Grasa 400g 7029 PREMIUM-G3 | Bozza\" \/>\n<meta property=\"og:description\" content=\"Bomba el\u00e9trica a bateria para graxa 7029-premium G3, recomendada para clientes que utilizam embalagem cartucho ou granel e possuem baixa periodicidade de lubrifica\u00e7\u00e3o e consumo de graxa, aplica\u00e7\u00e3o em locais de dif\u00edcil acesso, dispensa o uso de ar comprimido, ideal para todo o segmento de ind\u00fastrias, agro, frotas que exige uma lubrifica\u00e7\u00e3o r\u00e1pida e eficiente.\" \/>\n<meta property=\"og:url\" content=\"https:\/\/bozza.com\/es\/produto\/bomba-eletrica-a-bateria-para-graxa-400gr-7029-premium-g3\/\" \/>\n<meta property=\"og:site_name\" content=\"Bozza\" \/>\n<meta property=\"article:publisher\" content=\"https:\/\/www.facebook.com\/bozza.oficial\/\" \/>\n<meta property=\"article:modified_time\" content=\"2026-04-10T18:15:14+00:00\" \/>\n<meta property=\"og:image\" content=\"https:\/\/bozza.com\/wp-content\/uploads\/2023\/05\/12.421.0055_7029-PREMIUM-G3_BOMBA-ELETRICA-A-BATERIA-GRAXA.jpg\" \/>\n\t<meta property=\"og:image:width\" content=\"1080\" \/>\n\t<meta property=\"og:image:height\" content=\"1080\" \/>\n\t<meta property=\"og:image:type\" content=\"image\/jpeg\" \/>\n<meta name=\"twitter:card\" content=\"summary_large_image\" \/>\n<meta name=\"twitter:label1\" content=\"Tiempo de lectura\" \/>\n\t<meta name=\"twitter:data1\" content=\"1 minuto\" \/>\n<script type=\"application\/ld+json\" class=\"yoast-schema-graph\">{\"@context\":\"https:\/\/schema.org\",\"@graph\":[{\"@type\":\"WebPage\",\"@id\":\"https:\/\/bozza.com\/es\/produto\/bomba-eletrica-a-bateria-para-graxa-400gr-7029-premium-g3\/\",\"url\":\"https:\/\/bozza.com\/es\/produto\/bomba-eletrica-a-bateria-para-graxa-400gr-7029-premium-g3\/\",\"name\":\"Bomba El\u00e9ctrica de Bater\u00eda para Grasa 400g 7029 PREMIUM-G3 | Bozza\",\"isPartOf\":{\"@id\":\"https:\/\/bozza.com\/#website\"},\"primaryImageOfPage\":{\"@id\":\"https:\/\/bozza.com\/es\/produto\/bomba-eletrica-a-bateria-para-graxa-400gr-7029-premium-g3\/#primaryimage\"},\"image\":{\"@id\":\"https:\/\/bozza.com\/es\/produto\/bomba-eletrica-a-bateria-para-graxa-400gr-7029-premium-g3\/#primaryimage\"},\"thumbnailUrl\":\"https:\/\/bozza.com\/wp-content\/uploads\/2023\/05\/12.421.0055_7029-PREMIUM-G3_BOMBA-ELETRICA-A-BATERIA-GRAXA.jpg\",\"datePublished\":\"2023-05-29T14:30:04+00:00\",\"dateModified\":\"2026-04-10T18:15:14+00:00\",\"description\":\"Bomba el\u00e9trica a bateria para graxa 7029-premium G3, recomendada para clientes que utilizam embalagem cartucho ou granel e possuem baixa periodicidade de lubrifica\u00e7\u00e3o e consumo de graxa, aplica\u00e7\u00e3o em locais de dif\u00edcil acesso, dispensa o uso de ar comprimido, ideal para todo o segmento de ind\u00fastrias, agro, frotas que exige uma lubrifica\u00e7\u00e3o r\u00e1pida e eficiente.\",\"breadcrumb\":{\"@id\":\"https:\/\/bozza.com\/es\/produto\/bomba-eletrica-a-bateria-para-graxa-400gr-7029-premium-g3\/#breadcrumb\"},\"inLanguage\":\"es\",\"potentialAction\":[{\"@type\":\"ReadAction\",\"target\":[\"https:\/\/bozza.com\/es\/produto\/bomba-eletrica-a-bateria-para-graxa-400gr-7029-premium-g3\/\"]}]},{\"@type\":\"ImageObject\",\"inLanguage\":\"es\",\"@id\":\"https:\/\/bozza.com\/es\/produto\/bomba-eletrica-a-bateria-para-graxa-400gr-7029-premium-g3\/#primaryimage\",\"url\":\"https:\/\/bozza.com\/wp-content\/uploads\/2023\/05\/12.421.0055_7029-PREMIUM-G3_BOMBA-ELETRICA-A-BATERIA-GRAXA.jpg\",\"contentUrl\":\"https:\/\/bozza.com\/wp-content\/uploads\/2023\/05\/12.421.0055_7029-PREMIUM-G3_BOMBA-ELETRICA-A-BATERIA-GRAXA.jpg\",\"width\":1080,\"height\":1080},{\"@type\":\"BreadcrumbList\",\"@id\":\"https:\/\/bozza.com\/es\/produto\/bomba-eletrica-a-bateria-para-graxa-400gr-7029-premium-g3\/#breadcrumb\",\"itemListElement\":[{\"@type\":\"ListItem\",\"position\":1,\"name\":\"In\u00edcio\",\"item\":\"https:\/\/bozza.com\/\"},{\"@type\":\"ListItem\",\"position\":2,\"name\":\"Produtos\",\"item\":\"https:\/\/bozza.com\/?page_id=70036\"},{\"@type\":\"ListItem\",\"position\":3,\"name\":\"Bomba El\u00e9ctrica de Bater\u00eda para Grasa 400g 7029 PREMIUM-G3\"}]},{\"@type\":\"WebSite\",\"@id\":\"https:\/\/bozza.com\/#website\",\"url\":\"https:\/\/bozza.com\/\",\"name\":\"Bozza\",\"description\":\"Solu\u00e7\u00f5es em Lubrifica\u00e7\u00e3o\",\"publisher\":{\"@id\":\"https:\/\/bozza.com\/#organization\"},\"potentialAction\":[{\"@type\":\"SearchAction\",\"target\":{\"@type\":\"EntryPoint\",\"urlTemplate\":\"https:\/\/bozza.com\/?s={search_term_string}\"},\"query-input\":{\"@type\":\"PropertyValueSpecification\",\"valueRequired\":true,\"valueName\":\"search_term_string\"}}],\"inLanguage\":\"es\"},{\"@type\":\"Organization\",\"@id\":\"https:\/\/bozza.com\/#organization\",\"name\":\"Bozza\",\"url\":\"https:\/\/bozza.com\/\",\"logo\":{\"@type\":\"ImageObject\",\"inLanguage\":\"es\",\"@id\":\"https:\/\/bozza.com\/#\/schema\/logo\/image\/\",\"url\":\"\",\"contentUrl\":\"\",\"caption\":\"Bozza\"},\"image\":{\"@id\":\"https:\/\/bozza.com\/#\/schema\/logo\/image\/\"},\"sameAs\":[\"https:\/\/www.facebook.com\/bozza.oficial\/\",\"https:\/\/www.instagram.com\/bozzaoficial\/\",\"https:\/\/www.linkedin.com\/company\/bozza\/\",\"https:\/\/www.youtube.com\/channel\/UCQRiHYNpM4VQWF9YxVgSTsw?view_as=subscriber\"]}]}<\/script>\n<!-- \/ Yoast SEO plugin. -->","yoast_head_json":{"title":"Bomba El\u00e9ctrica de Bater\u00eda para Grasa 400g 7029 PREMIUM-G3 | Bozza","description":"Bomba el\u00e9trica a bateria para graxa 7029-premium G3, recomendada para clientes que utilizam embalagem cartucho ou granel e possuem baixa periodicidade de lubrifica\u00e7\u00e3o e consumo de graxa, aplica\u00e7\u00e3o em locais de dif\u00edcil acesso, dispensa o uso de ar comprimido, ideal para todo o segmento de ind\u00fastrias, agro, frotas que exige uma lubrifica\u00e7\u00e3o r\u00e1pida e eficiente.","robots":{"index":"index","follow":"follow","max-snippet":"max-snippet:-1","max-image-preview":"max-image-preview:large","max-video-preview":"max-video-preview:-1"},"canonical":"https:\/\/bozza.com\/es\/produto\/bomba-eletrica-a-bateria-para-graxa-400gr-7029-premium-g3\/","og_locale":"es_ES","og_type":"article","og_title":"Bomba El\u00e9ctrica de Bater\u00eda para Grasa 400g 7029 PREMIUM-G3 | Bozza","og_description":"Bomba el\u00e9trica a bateria para graxa 7029-premium G3, recomendada para clientes que utilizam embalagem cartucho ou granel e possuem baixa periodicidade de lubrifica\u00e7\u00e3o e consumo de graxa, aplica\u00e7\u00e3o em locais de dif\u00edcil acesso, dispensa o uso de ar comprimido, ideal para todo o segmento de ind\u00fastrias, agro, frotas que exige uma lubrifica\u00e7\u00e3o r\u00e1pida e eficiente.","og_url":"https:\/\/bozza.com\/es\/produto\/bomba-eletrica-a-bateria-para-graxa-400gr-7029-premium-g3\/","og_site_name":"Bozza","article_publisher":"https:\/\/www.facebook.com\/bozza.oficial\/","article_modified_time":"2026-04-10T18:15:14+00:00","og_image":[{"width":1080,"height":1080,"url":"https:\/\/bozza.com\/wp-content\/uploads\/2023\/05\/12.421.0055_7029-PREMIUM-G3_BOMBA-ELETRICA-A-BATERIA-GRAXA.jpg","type":"image\/jpeg"}],"twitter_card":"summary_large_image","twitter_misc":{"Tiempo de lectura":"1 minuto"},"schema":{"@context":"https:\/\/schema.org","@graph":[{"@type":"WebPage","@id":"https:\/\/bozza.com\/es\/produto\/bomba-eletrica-a-bateria-para-graxa-400gr-7029-premium-g3\/","url":"https:\/\/bozza.com\/es\/produto\/bomba-eletrica-a-bateria-para-graxa-400gr-7029-premium-g3\/","name":"Bomba El\u00e9ctrica de Bater\u00eda para Grasa 400g 7029 PREMIUM-G3 | Bozza","isPartOf":{"@id":"https:\/\/bozza.com\/#website"},"primaryImageOfPage":{"@id":"https:\/\/bozza.com\/es\/produto\/bomba-eletrica-a-bateria-para-graxa-400gr-7029-premium-g3\/#primaryimage"},"image":{"@id":"https:\/\/bozza.com\/es\/produto\/bomba-eletrica-a-bateria-para-graxa-400gr-7029-premium-g3\/#primaryimage"},"thumbnailUrl":"https:\/\/bozza.com\/wp-content\/uploads\/2023\/05\/12.421.0055_7029-PREMIUM-G3_BOMBA-ELETRICA-A-BATERIA-GRAXA.jpg","datePublished":"2023-05-29T14:30:04+00:00","dateModified":"2026-04-10T18:15:14+00:00","description":"Bomba el\u00e9trica a bateria para graxa 7029-premium G3, recomendada para clientes que utilizam embalagem cartucho ou granel e possuem baixa periodicidade de lubrifica\u00e7\u00e3o e consumo de graxa, aplica\u00e7\u00e3o em locais de dif\u00edcil acesso, dispensa o uso de ar comprimido, ideal para todo o segmento de ind\u00fastrias, agro, frotas que exige uma lubrifica\u00e7\u00e3o r\u00e1pida e eficiente.","breadcrumb":{"@id":"https:\/\/bozza.com\/es\/produto\/bomba-eletrica-a-bateria-para-graxa-400gr-7029-premium-g3\/#breadcrumb"},"inLanguage":"es","potentialAction":[{"@type":"ReadAction","target":["https:\/\/bozza.com\/es\/produto\/bomba-eletrica-a-bateria-para-graxa-400gr-7029-premium-g3\/"]}]},{"@type":"ImageObject","inLanguage":"es","@id":"https:\/\/bozza.com\/es\/produto\/bomba-eletrica-a-bateria-para-graxa-400gr-7029-premium-g3\/#primaryimage","url":"https:\/\/bozza.com\/wp-content\/uploads\/2023\/05\/12.421.0055_7029-PREMIUM-G3_BOMBA-ELETRICA-A-BATERIA-GRAXA.jpg","contentUrl":"https:\/\/bozza.com\/wp-content\/uploads\/2023\/05\/12.421.0055_7029-PREMIUM-G3_BOMBA-ELETRICA-A-BATERIA-GRAXA.jpg","width":1080,"height":1080},{"@type":"BreadcrumbList","@id":"https:\/\/bozza.com\/es\/produto\/bomba-eletrica-a-bateria-para-graxa-400gr-7029-premium-g3\/#breadcrumb","itemListElement":[{"@type":"ListItem","position":1,"name":"In\u00edcio","item":"https:\/\/bozza.com\/"},{"@type":"ListItem","position":2,"name":"Produtos","item":"https:\/\/bozza.com\/?page_id=70036"},{"@type":"ListItem","position":3,"name":"Bomba El\u00e9ctrica de Bater\u00eda para Grasa 400g 7029 PREMIUM-G3"}]},{"@type":"WebSite","@id":"https:\/\/bozza.com\/#website","url":"https:\/\/bozza.com\/","name":"Bozza","description":"Solu\u00e7\u00f5es em Lubrifica\u00e7\u00e3o","publisher":{"@id":"https:\/\/bozza.com\/#organization"},"potentialAction":[{"@type":"SearchAction","target":{"@type":"EntryPoint","urlTemplate":"https:\/\/bozza.com\/?s={search_term_string}"},"query-input":{"@type":"PropertyValueSpecification","valueRequired":true,"valueName":"search_term_string"}}],"inLanguage":"es"},{"@type":"Organization","@id":"https:\/\/bozza.com\/#organization","name":"Bozza","url":"https:\/\/bozza.com\/","logo":{"@type":"ImageObject","inLanguage":"es","@id":"https:\/\/bozza.com\/#\/schema\/logo\/image\/","url":"","contentUrl":"","caption":"Bozza"},"image":{"@id":"https:\/\/bozza.com\/#\/schema\/logo\/image\/"},"sameAs":["https:\/\/www.facebook.com\/bozza.oficial\/","https:\/\/www.instagram.com\/bozzaoficial\/","https:\/\/www.linkedin.com\/company\/bozza\/","https:\/\/www.youtube.com\/channel\/UCQRiHYNpM4VQWF9YxVgSTsw?view_as=subscriber"]}]}},"_links":{"self":[{"href":"https:\/\/bozza.com\/es\/wp-json\/wp\/v2\/product\/66999","targetHints":{"allow":["GET"]}}],"collection":[{"href":"https:\/\/bozza.com\/es\/wp-json\/wp\/v2\/product"}],"about":[{"href":"https:\/\/bozza.com\/es\/wp-json\/wp\/v2\/types\/product"}],"wp:featuredmedia":[{"embeddable":true,"href":"https:\/\/bozza.com\/es\/wp-json\/wp\/v2\/media\/58826"}],"wp:attachment":[{"href":"https:\/\/bozza.com\/es\/wp-json\/wp\/v2\/media?parent=66999"}],"wp:term":[{"taxonomy":"product_brand","embeddable":true,"href":"https:\/\/bozza.com\/es\/wp-json\/wp\/v2\/product_brand?post=66999"},{"taxonomy":"product_cat","embeddable":true,"href":"https:\/\/bozza.com\/es\/wp-json\/wp\/v2\/product_cat?post=66999"},{"taxonomy":"product_tag","embeddable":true,"href":"https:\/\/bozza.com\/es\/wp-json\/wp\/v2\/product_tag?post=66999"}],"curies":[{"name":"wp","href":"https:\/\/api.w.org\/{rel}","templated":true}]}}