{"id":67001,"date":"2023-05-10T16:57:42","date_gmt":"2023-05-10T19:57:42","guid":{"rendered":"https:\/\/www.bozza.com\/produto\/bico-abastecimento-automatico-diesel-medidor-digital-bo-15\/"},"modified":"2026-04-10T15:51:52","modified_gmt":"2026-04-10T18:51:52","slug":"bico-abastecimento-automatico-diesel-medidor-digital-bo-15","status":"publish","type":"product","link":"https:\/\/bozza.com\/es\/produto\/bico-abastecimento-automatico-diesel-medidor-digital-bo-15\/","title":{"rendered":"Surtidor Autom\u00e1tico de Combustible Diesel con Medidor Digital &#8211; 15\/16&#8243; &#8211; BO-15"},"content":{"rendered":"<ul>\n<li>Ideal para abastecimiento de camiones en general;<\/li>\n<li>Gatillo con bloqueo;<\/li>\n<li>Desarmado autom\u00e1tico, evita derrames de combustible;<\/li>\n<li>Eficiencia y agilidad en el suministro de combustible en general;<\/li>\n<li>Mayor velocidad de operaci\u00f3n en el suministro;<\/li>\n<li>Alta resistencia a la corrosi\u00f3n;<\/li>\n<li>Producto ligero y robusto, que facilita el manejo del operador;<\/li>\n<li>Medidor digital con conteo parcial y totalizador;<\/li>\n<li>Flujo m\u00e1ximo: 65 L\/min;<\/li>\n<li>Di\u00e1metro de rosca: 3\/4&#8243; NPT;<\/li>\n<li>Di\u00e1metro de la punta: 15\/16&#8243; (24 mm);<\/li>\n<li>presi\u00f3n m\u00e1xima trabajo: 87 PSI (6,0 BAR);<\/li>\n<li>Peso: 1.450 kg;<\/li>\n<li>Dimensiones: largo = 240 x ancho = 60 x alto = 410 mm;<\/li>\n<\/ul>\n","protected":false},"excerpt":{"rendered":"<div class=\"page\" title=\"Page 1\">\n<div class=\"layoutArea\">\n<div class=\"column\">\n<p>Boquilla para Repostaje Diesel 15\/16&#8243;. Ideal para controlar el abastecimiento de combustible de camiones en general. Mayor velocidad de operaci\u00f3n en el llenado. Eficiencia y agilidad en el suministro de combustibles en general, tales como Alcohol, Diesel, Gasolina y Kerosene.<\/p>\n<\/div>\n<\/div>\n<\/div>\n","protected":false},"featured_media":58469,"template":"","meta":{"_acf_changed":false},"product_brand":[],"product_cat":[266,338,328],"product_tag":[],"class_list":{"0":"post-67001","1":"product","2":"type-product","3":"status-publish","4":"has-post-thumbnail","6":"product_cat-boquillasmedidores-y-valvulas","7":"product_cat-equipamentos-para-comboio-es","8":"product_cat-todos-os-produtos-es","10":"first","11":"instock","12":"shipping-taxable","13":"product-type-simple"},"acf":[],"yoast_head":"<!-- This site is optimized with the Yoast SEO plugin v26.9 - https:\/\/yoast.com\/product\/yoast-seo-wordpress\/ -->\n<title>Surtidor Autom\u00e1tico de Combustible Diesel con Medidor Digital - 15\/16&quot; - BO-15 | Bozza<\/title>\n<meta name=\"robots\" content=\"index, follow, max-snippet:-1, max-image-preview:large, max-video-preview:-1\" \/>\n<link rel=\"canonical\" href=\"https:\/\/bozza.com\/es\/produto\/bico-abastecimento-automatico-diesel-medidor-digital-bo-15\/\" \/>\n<meta property=\"og:locale\" content=\"es_ES\" \/>\n<meta property=\"og:type\" content=\"article\" \/>\n<meta property=\"og:title\" content=\"Surtidor Autom\u00e1tico de Combustible Diesel con Medidor Digital - 15\/16&quot; - BO-15 | Bozza\" \/>\n<meta property=\"og:description\" content=\"Boquilla para Repostaje Diesel 15\/16&quot;. Ideal para controlar el abastecimiento de combustible de camiones en general. Mayor velocidad de operaci\u00f3n en el llenado. Eficiencia y agilidad en el suministro de combustibles en general, tales como Alcohol, Diesel, Gasolina y Kerosene.\" \/>\n<meta property=\"og:url\" content=\"https:\/\/bozza.com\/es\/produto\/bico-abastecimento-automatico-diesel-medidor-digital-bo-15\/\" \/>\n<meta property=\"og:site_name\" content=\"Bozza\" \/>\n<meta property=\"article:publisher\" content=\"https:\/\/www.facebook.com\/bozza.oficial\/\" \/>\n<meta property=\"article:modified_time\" content=\"2026-04-10T18:51:52+00:00\" \/>\n<meta property=\"og:image\" content=\"https:\/\/bozza.com\/wp-content\/uploads\/2023\/05\/00.000.0000_0000_BICO-ABASTECIMENTO-MEDIDOR-DIGITAL-AUTO-DIESEL.jpg\" \/>\n\t<meta property=\"og:image:width\" content=\"1080\" \/>\n\t<meta property=\"og:image:height\" content=\"1080\" \/>\n\t<meta property=\"og:image:type\" content=\"image\/jpeg\" \/>\n<meta name=\"twitter:card\" content=\"summary_large_image\" \/>\n<meta name=\"twitter:label1\" content=\"Tiempo de lectura\" \/>\n\t<meta name=\"twitter:data1\" content=\"1 minuto\" \/>\n<script type=\"application\/ld+json\" class=\"yoast-schema-graph\">{\"@context\":\"https:\/\/schema.org\",\"@graph\":[{\"@type\":\"WebPage\",\"@id\":\"https:\/\/bozza.com\/es\/produto\/bico-abastecimento-automatico-diesel-medidor-digital-bo-15\/\",\"url\":\"https:\/\/bozza.com\/es\/produto\/bico-abastecimento-automatico-diesel-medidor-digital-bo-15\/\",\"name\":\"Surtidor Autom\u00e1tico de Combustible Diesel con Medidor Digital - 15\/16\\\" - BO-15 | Bozza\",\"isPartOf\":{\"@id\":\"https:\/\/bozza.com\/#website\"},\"primaryImageOfPage\":{\"@id\":\"https:\/\/bozza.com\/es\/produto\/bico-abastecimento-automatico-diesel-medidor-digital-bo-15\/#primaryimage\"},\"image\":{\"@id\":\"https:\/\/bozza.com\/es\/produto\/bico-abastecimento-automatico-diesel-medidor-digital-bo-15\/#primaryimage\"},\"thumbnailUrl\":\"https:\/\/bozza.com\/wp-content\/uploads\/2023\/05\/00.000.0000_0000_BICO-ABASTECIMENTO-MEDIDOR-DIGITAL-AUTO-DIESEL.jpg\",\"datePublished\":\"2023-05-10T19:57:42+00:00\",\"dateModified\":\"2026-04-10T18:51:52+00:00\",\"breadcrumb\":{\"@id\":\"https:\/\/bozza.com\/es\/produto\/bico-abastecimento-automatico-diesel-medidor-digital-bo-15\/#breadcrumb\"},\"inLanguage\":\"es\",\"potentialAction\":[{\"@type\":\"ReadAction\",\"target\":[\"https:\/\/bozza.com\/es\/produto\/bico-abastecimento-automatico-diesel-medidor-digital-bo-15\/\"]}]},{\"@type\":\"ImageObject\",\"inLanguage\":\"es\",\"@id\":\"https:\/\/bozza.com\/es\/produto\/bico-abastecimento-automatico-diesel-medidor-digital-bo-15\/#primaryimage\",\"url\":\"https:\/\/bozza.com\/wp-content\/uploads\/2023\/05\/00.000.0000_0000_BICO-ABASTECIMENTO-MEDIDOR-DIGITAL-AUTO-DIESEL.jpg\",\"contentUrl\":\"https:\/\/bozza.com\/wp-content\/uploads\/2023\/05\/00.000.0000_0000_BICO-ABASTECIMENTO-MEDIDOR-DIGITAL-AUTO-DIESEL.jpg\",\"width\":1080,\"height\":1080},{\"@type\":\"BreadcrumbList\",\"@id\":\"https:\/\/bozza.com\/es\/produto\/bico-abastecimento-automatico-diesel-medidor-digital-bo-15\/#breadcrumb\",\"itemListElement\":[{\"@type\":\"ListItem\",\"position\":1,\"name\":\"In\u00edcio\",\"item\":\"https:\/\/bozza.com\/\"},{\"@type\":\"ListItem\",\"position\":2,\"name\":\"Produtos\",\"item\":\"https:\/\/bozza.com\/?page_id=70036\"},{\"@type\":\"ListItem\",\"position\":3,\"name\":\"Surtidor Autom\u00e1tico de Combustible Diesel con Medidor Digital &#8211; 15\/16&#8243; &#8211; BO-15\"}]},{\"@type\":\"WebSite\",\"@id\":\"https:\/\/bozza.com\/#website\",\"url\":\"https:\/\/bozza.com\/\",\"name\":\"Bozza\",\"description\":\"Solu\u00e7\u00f5es em Lubrifica\u00e7\u00e3o\",\"publisher\":{\"@id\":\"https:\/\/bozza.com\/#organization\"},\"potentialAction\":[{\"@type\":\"SearchAction\",\"target\":{\"@type\":\"EntryPoint\",\"urlTemplate\":\"https:\/\/bozza.com\/?s={search_term_string}\"},\"query-input\":{\"@type\":\"PropertyValueSpecification\",\"valueRequired\":true,\"valueName\":\"search_term_string\"}}],\"inLanguage\":\"es\"},{\"@type\":\"Organization\",\"@id\":\"https:\/\/bozza.com\/#organization\",\"name\":\"Bozza\",\"url\":\"https:\/\/bozza.com\/\",\"logo\":{\"@type\":\"ImageObject\",\"inLanguage\":\"es\",\"@id\":\"https:\/\/bozza.com\/#\/schema\/logo\/image\/\",\"url\":\"\",\"contentUrl\":\"\",\"caption\":\"Bozza\"},\"image\":{\"@id\":\"https:\/\/bozza.com\/#\/schema\/logo\/image\/\"},\"sameAs\":[\"https:\/\/www.facebook.com\/bozza.oficial\/\",\"https:\/\/www.instagram.com\/bozzaoficial\/\",\"https:\/\/www.linkedin.com\/company\/bozza\/\",\"https:\/\/www.youtube.com\/channel\/UCQRiHYNpM4VQWF9YxVgSTsw?view_as=subscriber\"]}]}<\/script>\n<!-- \/ Yoast SEO plugin. -->","yoast_head_json":{"title":"Surtidor Autom\u00e1tico de Combustible Diesel con Medidor Digital - 15\/16\" - BO-15 | Bozza","robots":{"index":"index","follow":"follow","max-snippet":"max-snippet:-1","max-image-preview":"max-image-preview:large","max-video-preview":"max-video-preview:-1"},"canonical":"https:\/\/bozza.com\/es\/produto\/bico-abastecimento-automatico-diesel-medidor-digital-bo-15\/","og_locale":"es_ES","og_type":"article","og_title":"Surtidor Autom\u00e1tico de Combustible Diesel con Medidor Digital - 15\/16\" - BO-15 | Bozza","og_description":"Boquilla para Repostaje Diesel 15\/16\". Ideal para controlar el abastecimiento de combustible de camiones en general. Mayor velocidad de operaci\u00f3n en el llenado. Eficiencia y agilidad en el suministro de combustibles en general, tales como Alcohol, Diesel, Gasolina y Kerosene.","og_url":"https:\/\/bozza.com\/es\/produto\/bico-abastecimento-automatico-diesel-medidor-digital-bo-15\/","og_site_name":"Bozza","article_publisher":"https:\/\/www.facebook.com\/bozza.oficial\/","article_modified_time":"2026-04-10T18:51:52+00:00","og_image":[{"width":1080,"height":1080,"url":"https:\/\/bozza.com\/wp-content\/uploads\/2023\/05\/00.000.0000_0000_BICO-ABASTECIMENTO-MEDIDOR-DIGITAL-AUTO-DIESEL.jpg","type":"image\/jpeg"}],"twitter_card":"summary_large_image","twitter_misc":{"Tiempo de lectura":"1 minuto"},"schema":{"@context":"https:\/\/schema.org","@graph":[{"@type":"WebPage","@id":"https:\/\/bozza.com\/es\/produto\/bico-abastecimento-automatico-diesel-medidor-digital-bo-15\/","url":"https:\/\/bozza.com\/es\/produto\/bico-abastecimento-automatico-diesel-medidor-digital-bo-15\/","name":"Surtidor Autom\u00e1tico de Combustible Diesel con Medidor Digital - 15\/16\" - BO-15 | Bozza","isPartOf":{"@id":"https:\/\/bozza.com\/#website"},"primaryImageOfPage":{"@id":"https:\/\/bozza.com\/es\/produto\/bico-abastecimento-automatico-diesel-medidor-digital-bo-15\/#primaryimage"},"image":{"@id":"https:\/\/bozza.com\/es\/produto\/bico-abastecimento-automatico-diesel-medidor-digital-bo-15\/#primaryimage"},"thumbnailUrl":"https:\/\/bozza.com\/wp-content\/uploads\/2023\/05\/00.000.0000_0000_BICO-ABASTECIMENTO-MEDIDOR-DIGITAL-AUTO-DIESEL.jpg","datePublished":"2023-05-10T19:57:42+00:00","dateModified":"2026-04-10T18:51:52+00:00","breadcrumb":{"@id":"https:\/\/bozza.com\/es\/produto\/bico-abastecimento-automatico-diesel-medidor-digital-bo-15\/#breadcrumb"},"inLanguage":"es","potentialAction":[{"@type":"ReadAction","target":["https:\/\/bozza.com\/es\/produto\/bico-abastecimento-automatico-diesel-medidor-digital-bo-15\/"]}]},{"@type":"ImageObject","inLanguage":"es","@id":"https:\/\/bozza.com\/es\/produto\/bico-abastecimento-automatico-diesel-medidor-digital-bo-15\/#primaryimage","url":"https:\/\/bozza.com\/wp-content\/uploads\/2023\/05\/00.000.0000_0000_BICO-ABASTECIMENTO-MEDIDOR-DIGITAL-AUTO-DIESEL.jpg","contentUrl":"https:\/\/bozza.com\/wp-content\/uploads\/2023\/05\/00.000.0000_0000_BICO-ABASTECIMENTO-MEDIDOR-DIGITAL-AUTO-DIESEL.jpg","width":1080,"height":1080},{"@type":"BreadcrumbList","@id":"https:\/\/bozza.com\/es\/produto\/bico-abastecimento-automatico-diesel-medidor-digital-bo-15\/#breadcrumb","itemListElement":[{"@type":"ListItem","position":1,"name":"In\u00edcio","item":"https:\/\/bozza.com\/"},{"@type":"ListItem","position":2,"name":"Produtos","item":"https:\/\/bozza.com\/?page_id=70036"},{"@type":"ListItem","position":3,"name":"Surtidor Autom\u00e1tico de Combustible Diesel con Medidor Digital &#8211; 15\/16&#8243; &#8211; BO-15"}]},{"@type":"WebSite","@id":"https:\/\/bozza.com\/#website","url":"https:\/\/bozza.com\/","name":"Bozza","description":"Solu\u00e7\u00f5es em Lubrifica\u00e7\u00e3o","publisher":{"@id":"https:\/\/bozza.com\/#organization"},"potentialAction":[{"@type":"SearchAction","target":{"@type":"EntryPoint","urlTemplate":"https:\/\/bozza.com\/?s={search_term_string}"},"query-input":{"@type":"PropertyValueSpecification","valueRequired":true,"valueName":"search_term_string"}}],"inLanguage":"es"},{"@type":"Organization","@id":"https:\/\/bozza.com\/#organization","name":"Bozza","url":"https:\/\/bozza.com\/","logo":{"@type":"ImageObject","inLanguage":"es","@id":"https:\/\/bozza.com\/#\/schema\/logo\/image\/","url":"","contentUrl":"","caption":"Bozza"},"image":{"@id":"https:\/\/bozza.com\/#\/schema\/logo\/image\/"},"sameAs":["https:\/\/www.facebook.com\/bozza.oficial\/","https:\/\/www.instagram.com\/bozzaoficial\/","https:\/\/www.linkedin.com\/company\/bozza\/","https:\/\/www.youtube.com\/channel\/UCQRiHYNpM4VQWF9YxVgSTsw?view_as=subscriber"]}]}},"_links":{"self":[{"href":"https:\/\/bozza.com\/es\/wp-json\/wp\/v2\/product\/67001","targetHints":{"allow":["GET"]}}],"collection":[{"href":"https:\/\/bozza.com\/es\/wp-json\/wp\/v2\/product"}],"about":[{"href":"https:\/\/bozza.com\/es\/wp-json\/wp\/v2\/types\/product"}],"wp:featuredmedia":[{"embeddable":true,"href":"https:\/\/bozza.com\/es\/wp-json\/wp\/v2\/media\/58469"}],"wp:attachment":[{"href":"https:\/\/bozza.com\/es\/wp-json\/wp\/v2\/media?parent=67001"}],"wp:term":[{"taxonomy":"product_brand","embeddable":true,"href":"https:\/\/bozza.com\/es\/wp-json\/wp\/v2\/product_brand?post=67001"},{"taxonomy":"product_cat","embeddable":true,"href":"https:\/\/bozza.com\/es\/wp-json\/wp\/v2\/product_cat?post=67001"},{"taxonomy":"product_tag","embeddable":true,"href":"https:\/\/bozza.com\/es\/wp-json\/wp\/v2\/product_tag?post=67001"}],"curies":[{"name":"wp","href":"https:\/\/api.w.org\/{rel}","templated":true}]}}