{"id":67005,"date":"2023-05-10T16:43:46","date_gmt":"2023-05-10T19:43:46","guid":{"rendered":"https:\/\/www.bozza.com\/produto\/pistola-medidor-mecanico-oleo-bz-1850\/"},"modified":"2026-02-11T17:18:33","modified_gmt":"2026-02-11T20:18:33","slug":"pistola-medidor-mecanico-oleo-bz-1850","status":"publish","type":"product","link":"https:\/\/bozza.com\/es\/produto\/pistola-medidor-mecanico-oleo-bz-1850\/","title":{"rendered":"Pistola con medidor de aceite mec\u00e1nico &#8211; BZ-1850"},"content":{"rendered":"<ul>\n<li>Flujo m\u00e1ximo: 30 L\/Min;<\/li>\n<li>Flujo m\u00ednimo: 1 L\/Min;<\/li>\n<li>Presi\u00f3n m\u00e1xima de trabajo: 1000 PSI (68,9 BAR);<\/li>\n<li>Entrada del producto: rosca hembra NPT de 1\/2&#8243;;<\/li>\n<li>Precisi\u00f3n: \u00b11,0%;<\/li>\n<li>Temperatura m\u00e1xima de trabajo: 55\u00b0C;<\/li>\n<li>Temperatura m\u00ednima de trabajo: -10\u00b0C;<\/li>\n<li>Compatibilidad: Aceite lubricante hasta SAE-90;<\/li>\n<li>Comprobado y sellado por Bozza;<\/li>\n<\/ul>\n","protected":false},"excerpt":{"rendered":"<p>V\u00e1lvula BZ-1850 con sistema antigoteo y medidor mec\u00e1nico, que permite controlar el volumen de aceite entregado en cada operaci\u00f3n, ideal para trasvasar y medir la salida de fluido de aceite lubricante (hasta SAE-90).<\/p>\n","protected":false},"featured_media":58861,"template":"","meta":{"_acf_changed":false},"product_brand":[],"product_cat":[266,324],"product_tag":[347,359,295,360,361],"class_list":{"0":"post-67005","1":"product","2":"type-product","3":"status-publish","4":"has-post-thumbnail","6":"product_cat-boquillasmedidores-y-valvulas","7":"product_cat-lanzamientos","8":"product_tag-agricultura-es","9":"product_tag-agropecuaria-es","10":"product_tag-agropecuaria","11":"product_tag-automotivo-es","12":"product_tag-industrial-es","14":"first","15":"instock","16":"shipping-taxable","17":"product-type-simple"},"acf":[],"yoast_head":"<!-- This site is optimized with the Yoast SEO plugin v26.9 - https:\/\/yoast.com\/product\/yoast-seo-wordpress\/ -->\n<title>Pistola con medidor de aceite mec\u00e1nico - BZ-1850 | Bozza<\/title>\n<meta name=\"robots\" content=\"index, follow, max-snippet:-1, max-image-preview:large, max-video-preview:-1\" \/>\n<link rel=\"canonical\" href=\"https:\/\/bozza.com\/es\/produto\/pistola-medidor-mecanico-oleo-bz-1850\/\" \/>\n<meta property=\"og:locale\" content=\"es_ES\" \/>\n<meta property=\"og:type\" content=\"article\" \/>\n<meta property=\"og:title\" content=\"Pistola con medidor de aceite mec\u00e1nico - BZ-1850 | Bozza\" \/>\n<meta property=\"og:description\" content=\"V\u00e1lvula BZ-1850 con sistema antigoteo y medidor mec\u00e1nico, que permite controlar el volumen de aceite entregado en cada operaci\u00f3n, ideal para trasvasar y medir la salida de fluido de aceite lubricante (hasta SAE-90).\" \/>\n<meta property=\"og:url\" content=\"https:\/\/bozza.com\/es\/produto\/pistola-medidor-mecanico-oleo-bz-1850\/\" \/>\n<meta property=\"og:site_name\" content=\"Bozza\" \/>\n<meta property=\"article:publisher\" content=\"https:\/\/www.facebook.com\/bozza.oficial\/\" \/>\n<meta property=\"article:modified_time\" content=\"2026-02-11T20:18:33+00:00\" \/>\n<meta property=\"og:image\" content=\"https:\/\/bozza.com\/wp-content\/uploads\/2023\/05\/12.470.0080_BZ-1850_MEDIDOR-MECANICO-OLEO.jpg\" \/>\n\t<meta property=\"og:image:width\" content=\"1080\" \/>\n\t<meta property=\"og:image:height\" content=\"1080\" \/>\n\t<meta property=\"og:image:type\" content=\"image\/jpeg\" \/>\n<meta name=\"twitter:card\" content=\"summary_large_image\" \/>\n<meta name=\"twitter:label1\" content=\"Tiempo de lectura\" \/>\n\t<meta name=\"twitter:data1\" content=\"1 minuto\" \/>\n<script type=\"application\/ld+json\" class=\"yoast-schema-graph\">{\"@context\":\"https:\/\/schema.org\",\"@graph\":[{\"@type\":\"WebPage\",\"@id\":\"https:\/\/bozza.com\/es\/produto\/pistola-medidor-mecanico-oleo-bz-1850\/\",\"url\":\"https:\/\/bozza.com\/es\/produto\/pistola-medidor-mecanico-oleo-bz-1850\/\",\"name\":\"Pistola con medidor de aceite mec\u00e1nico - BZ-1850 | Bozza\",\"isPartOf\":{\"@id\":\"https:\/\/bozza.com\/#website\"},\"primaryImageOfPage\":{\"@id\":\"https:\/\/bozza.com\/es\/produto\/pistola-medidor-mecanico-oleo-bz-1850\/#primaryimage\"},\"image\":{\"@id\":\"https:\/\/bozza.com\/es\/produto\/pistola-medidor-mecanico-oleo-bz-1850\/#primaryimage\"},\"thumbnailUrl\":\"https:\/\/bozza.com\/wp-content\/uploads\/2023\/05\/12.470.0080_BZ-1850_MEDIDOR-MECANICO-OLEO.jpg\",\"datePublished\":\"2023-05-10T19:43:46+00:00\",\"dateModified\":\"2026-02-11T20:18:33+00:00\",\"breadcrumb\":{\"@id\":\"https:\/\/bozza.com\/es\/produto\/pistola-medidor-mecanico-oleo-bz-1850\/#breadcrumb\"},\"inLanguage\":\"es\",\"potentialAction\":[{\"@type\":\"ReadAction\",\"target\":[\"https:\/\/bozza.com\/es\/produto\/pistola-medidor-mecanico-oleo-bz-1850\/\"]}]},{\"@type\":\"ImageObject\",\"inLanguage\":\"es\",\"@id\":\"https:\/\/bozza.com\/es\/produto\/pistola-medidor-mecanico-oleo-bz-1850\/#primaryimage\",\"url\":\"https:\/\/bozza.com\/wp-content\/uploads\/2023\/05\/12.470.0080_BZ-1850_MEDIDOR-MECANICO-OLEO.jpg\",\"contentUrl\":\"https:\/\/bozza.com\/wp-content\/uploads\/2023\/05\/12.470.0080_BZ-1850_MEDIDOR-MECANICO-OLEO.jpg\",\"width\":1080,\"height\":1080},{\"@type\":\"BreadcrumbList\",\"@id\":\"https:\/\/bozza.com\/es\/produto\/pistola-medidor-mecanico-oleo-bz-1850\/#breadcrumb\",\"itemListElement\":[{\"@type\":\"ListItem\",\"position\":1,\"name\":\"In\u00edcio\",\"item\":\"https:\/\/bozza.com\/es\/\"},{\"@type\":\"ListItem\",\"position\":2,\"name\":\"Produtos\",\"item\":\"https:\/\/bozza.com\/?page_id=70036\"},{\"@type\":\"ListItem\",\"position\":3,\"name\":\"Pistola con medidor de aceite mec\u00e1nico &#8211; BZ-1850\"}]},{\"@type\":\"WebSite\",\"@id\":\"https:\/\/bozza.com\/#website\",\"url\":\"https:\/\/bozza.com\/\",\"name\":\"Bozza\",\"description\":\"Solu\u00e7\u00f5es em Lubrifica\u00e7\u00e3o\",\"publisher\":{\"@id\":\"https:\/\/bozza.com\/#organization\"},\"potentialAction\":[{\"@type\":\"SearchAction\",\"target\":{\"@type\":\"EntryPoint\",\"urlTemplate\":\"https:\/\/bozza.com\/?s={search_term_string}\"},\"query-input\":{\"@type\":\"PropertyValueSpecification\",\"valueRequired\":true,\"valueName\":\"search_term_string\"}}],\"inLanguage\":\"es\"},{\"@type\":\"Organization\",\"@id\":\"https:\/\/bozza.com\/#organization\",\"name\":\"Bozza\",\"url\":\"https:\/\/bozza.com\/\",\"logo\":{\"@type\":\"ImageObject\",\"inLanguage\":\"es\",\"@id\":\"https:\/\/bozza.com\/#\/schema\/logo\/image\/\",\"url\":\"\",\"contentUrl\":\"\",\"caption\":\"Bozza\"},\"image\":{\"@id\":\"https:\/\/bozza.com\/#\/schema\/logo\/image\/\"},\"sameAs\":[\"https:\/\/www.facebook.com\/bozza.oficial\/\",\"https:\/\/www.instagram.com\/bozzaoficial\/\",\"https:\/\/www.linkedin.com\/company\/bozza\/\",\"https:\/\/www.youtube.com\/channel\/UCQRiHYNpM4VQWF9YxVgSTsw?view_as=subscriber\"]}]}<\/script>\n<!-- \/ Yoast SEO plugin. -->","yoast_head_json":{"title":"Pistola con medidor de aceite mec\u00e1nico - BZ-1850 | Bozza","robots":{"index":"index","follow":"follow","max-snippet":"max-snippet:-1","max-image-preview":"max-image-preview:large","max-video-preview":"max-video-preview:-1"},"canonical":"https:\/\/bozza.com\/es\/produto\/pistola-medidor-mecanico-oleo-bz-1850\/","og_locale":"es_ES","og_type":"article","og_title":"Pistola con medidor de aceite mec\u00e1nico - BZ-1850 | Bozza","og_description":"V\u00e1lvula BZ-1850 con sistema antigoteo y medidor mec\u00e1nico, que permite controlar el volumen de aceite entregado en cada operaci\u00f3n, ideal para trasvasar y medir la salida de fluido de aceite lubricante (hasta SAE-90).","og_url":"https:\/\/bozza.com\/es\/produto\/pistola-medidor-mecanico-oleo-bz-1850\/","og_site_name":"Bozza","article_publisher":"https:\/\/www.facebook.com\/bozza.oficial\/","article_modified_time":"2026-02-11T20:18:33+00:00","og_image":[{"width":1080,"height":1080,"url":"https:\/\/bozza.com\/wp-content\/uploads\/2023\/05\/12.470.0080_BZ-1850_MEDIDOR-MECANICO-OLEO.jpg","type":"image\/jpeg"}],"twitter_card":"summary_large_image","twitter_misc":{"Tiempo de lectura":"1 minuto"},"schema":{"@context":"https:\/\/schema.org","@graph":[{"@type":"WebPage","@id":"https:\/\/bozza.com\/es\/produto\/pistola-medidor-mecanico-oleo-bz-1850\/","url":"https:\/\/bozza.com\/es\/produto\/pistola-medidor-mecanico-oleo-bz-1850\/","name":"Pistola con medidor de aceite mec\u00e1nico - BZ-1850 | Bozza","isPartOf":{"@id":"https:\/\/bozza.com\/#website"},"primaryImageOfPage":{"@id":"https:\/\/bozza.com\/es\/produto\/pistola-medidor-mecanico-oleo-bz-1850\/#primaryimage"},"image":{"@id":"https:\/\/bozza.com\/es\/produto\/pistola-medidor-mecanico-oleo-bz-1850\/#primaryimage"},"thumbnailUrl":"https:\/\/bozza.com\/wp-content\/uploads\/2023\/05\/12.470.0080_BZ-1850_MEDIDOR-MECANICO-OLEO.jpg","datePublished":"2023-05-10T19:43:46+00:00","dateModified":"2026-02-11T20:18:33+00:00","breadcrumb":{"@id":"https:\/\/bozza.com\/es\/produto\/pistola-medidor-mecanico-oleo-bz-1850\/#breadcrumb"},"inLanguage":"es","potentialAction":[{"@type":"ReadAction","target":["https:\/\/bozza.com\/es\/produto\/pistola-medidor-mecanico-oleo-bz-1850\/"]}]},{"@type":"ImageObject","inLanguage":"es","@id":"https:\/\/bozza.com\/es\/produto\/pistola-medidor-mecanico-oleo-bz-1850\/#primaryimage","url":"https:\/\/bozza.com\/wp-content\/uploads\/2023\/05\/12.470.0080_BZ-1850_MEDIDOR-MECANICO-OLEO.jpg","contentUrl":"https:\/\/bozza.com\/wp-content\/uploads\/2023\/05\/12.470.0080_BZ-1850_MEDIDOR-MECANICO-OLEO.jpg","width":1080,"height":1080},{"@type":"BreadcrumbList","@id":"https:\/\/bozza.com\/es\/produto\/pistola-medidor-mecanico-oleo-bz-1850\/#breadcrumb","itemListElement":[{"@type":"ListItem","position":1,"name":"In\u00edcio","item":"https:\/\/bozza.com\/es\/"},{"@type":"ListItem","position":2,"name":"Produtos","item":"https:\/\/bozza.com\/?page_id=70036"},{"@type":"ListItem","position":3,"name":"Pistola con medidor de aceite mec\u00e1nico &#8211; BZ-1850"}]},{"@type":"WebSite","@id":"https:\/\/bozza.com\/#website","url":"https:\/\/bozza.com\/","name":"Bozza","description":"Solu\u00e7\u00f5es em Lubrifica\u00e7\u00e3o","publisher":{"@id":"https:\/\/bozza.com\/#organization"},"potentialAction":[{"@type":"SearchAction","target":{"@type":"EntryPoint","urlTemplate":"https:\/\/bozza.com\/?s={search_term_string}"},"query-input":{"@type":"PropertyValueSpecification","valueRequired":true,"valueName":"search_term_string"}}],"inLanguage":"es"},{"@type":"Organization","@id":"https:\/\/bozza.com\/#organization","name":"Bozza","url":"https:\/\/bozza.com\/","logo":{"@type":"ImageObject","inLanguage":"es","@id":"https:\/\/bozza.com\/#\/schema\/logo\/image\/","url":"","contentUrl":"","caption":"Bozza"},"image":{"@id":"https:\/\/bozza.com\/#\/schema\/logo\/image\/"},"sameAs":["https:\/\/www.facebook.com\/bozza.oficial\/","https:\/\/www.instagram.com\/bozzaoficial\/","https:\/\/www.linkedin.com\/company\/bozza\/","https:\/\/www.youtube.com\/channel\/UCQRiHYNpM4VQWF9YxVgSTsw?view_as=subscriber"]}]}},"_links":{"self":[{"href":"https:\/\/bozza.com\/es\/wp-json\/wp\/v2\/product\/67005","targetHints":{"allow":["GET"]}}],"collection":[{"href":"https:\/\/bozza.com\/es\/wp-json\/wp\/v2\/product"}],"about":[{"href":"https:\/\/bozza.com\/es\/wp-json\/wp\/v2\/types\/product"}],"wp:featuredmedia":[{"embeddable":true,"href":"https:\/\/bozza.com\/es\/wp-json\/wp\/v2\/media\/58861"}],"wp:attachment":[{"href":"https:\/\/bozza.com\/es\/wp-json\/wp\/v2\/media?parent=67005"}],"wp:term":[{"taxonomy":"product_brand","embeddable":true,"href":"https:\/\/bozza.com\/es\/wp-json\/wp\/v2\/product_brand?post=67005"},{"taxonomy":"product_cat","embeddable":true,"href":"https:\/\/bozza.com\/es\/wp-json\/wp\/v2\/product_cat?post=67005"},{"taxonomy":"product_tag","embeddable":true,"href":"https:\/\/bozza.com\/es\/wp-json\/wp\/v2\/product_tag?post=67005"}],"curies":[{"name":"wp","href":"https:\/\/api.w.org\/{rel}","templated":true}]}}