{"id":68648,"date":"2025-01-28T16:35:51","date_gmt":"2025-01-28T19:35:51","guid":{"rendered":"https:\/\/www.bozza.com\/produto\/bomba-portatil-de-alta-vazao-oleo-bt-9000\/"},"modified":"2026-04-10T11:39:31","modified_gmt":"2026-04-10T14:39:31","slug":"bomba-portatil-de-alto-caudal-aceite-bt-9000","status":"publish","type":"product","link":"https:\/\/bozza.com\/es\/produto\/bomba-portatil-de-alto-caudal-aceite-bt-9000\/","title":{"rendered":"BOMBA PORT\u00c1TIL DE ALTO CAUDAL &#8211; ACEITE BT-9000"},"content":{"rendered":"<ul>\n<li>Recipiente de aplicaci\u00f3n: bidones, tanques, dep\u00f3sitos (no incluidos);<\/li>\n<li>Flujo libre: 25 L\/min;<\/li>\n<li>Rede: Trif\u00e1sica;<\/li>\n<li>Voltaje: 220V;<\/li>\n<li>Entrada de producto: Rosca 1&#8243; BSP hembra;<\/li>\n<li>Sai\u0301da de producto: Rosca 1&#8243; BSP hembra;<\/li>\n<li>Pressi\u00f3n de trabajo: 87 PSI (6 BAR);<\/li>\n<li>Motor El\u00e9ctrico: 1 CV;<\/li>\n<li>Rotaci\u00f3n: 1400 rpm;<\/li>\n<li>Viscosidad m\u00e1xima: at\u00e9 SAE-90;<\/li>\n<li>Ciclo de Trabajo: 30min;<\/li>\n<li>Ciclo m\u00e1x. de Bypass: 2-3min;<\/li>\n<li>Amperes del motor: 3,5A;<\/li>\n<li>Protecci\u00f3n del motor: IP55.<\/li>\n<\/ul>\n","protected":false},"excerpt":{"rendered":"<p>Equipo mo\u0301vil ele\u0301ctrico de suministro o transfere\u0302ncia de aceite lubricante, recomendada para peque\u00f1as y grandes flotas,\u00a0abastecimiento de tanques\u00a0y dep\u00f3sito\u00a0de veh\u00edculos, implementos agr\u00edcolas y m\u00e1quinas en\u00a0general.<\/p>\n","protected":false},"featured_media":68614,"template":"","meta":{"_acf_changed":false},"product_brand":[],"product_cat":[252,1009,328],"product_tag":[],"class_list":{"0":"post-68648","1":"product","2":"type-product","3":"status-publish","4":"has-post-thumbnail","6":"product_cat-kits-de-abastecimento-es","7":"product_cat-para-el-petroleo","8":"product_cat-todos-os-produtos-es","10":"first","11":"instock","12":"shipping-taxable","13":"product-type-simple"},"acf":[],"yoast_head":"<!-- This site is optimized with the Yoast SEO plugin v26.9 - https:\/\/yoast.com\/product\/yoast-seo-wordpress\/ -->\n<title>BOMBA PORT\u00c1TIL DE ALTO CAUDAL - ACEITE BT-9000 | Bozza<\/title>\n<meta name=\"robots\" content=\"index, follow, max-snippet:-1, max-image-preview:large, max-video-preview:-1\" \/>\n<link rel=\"canonical\" href=\"https:\/\/bozza.com\/es\/produto\/bomba-portatil-de-alto-caudal-aceite-bt-9000\/\" \/>\n<meta property=\"og:locale\" content=\"es_ES\" \/>\n<meta property=\"og:type\" content=\"article\" \/>\n<meta property=\"og:title\" content=\"BOMBA PORT\u00c1TIL DE ALTO CAUDAL - ACEITE BT-9000 | Bozza\" \/>\n<meta property=\"og:description\" content=\"Equipo mo\u0301vil ele\u0301ctrico de suministro o transfere\u0302ncia de aceite lubricante, recomendada para peque\u00f1as y grandes flotas,\u00a0abastecimiento de tanques\u00a0y dep\u00f3sito\u00a0de veh\u00edculos, implementos agr\u00edcolas y m\u00e1quinas en\u00a0general.\" \/>\n<meta property=\"og:url\" content=\"https:\/\/bozza.com\/es\/produto\/bomba-portatil-de-alto-caudal-aceite-bt-9000\/\" \/>\n<meta property=\"og:site_name\" content=\"Bozza\" \/>\n<meta property=\"article:publisher\" content=\"https:\/\/www.facebook.com\/bozza.oficial\/\" \/>\n<meta property=\"article:modified_time\" content=\"2026-04-10T14:39:31+00:00\" \/>\n<meta property=\"og:image\" content=\"https:\/\/bozza.com\/wp-content\/uploads\/2025\/01\/01.421.0733_BT-9000_BOMBA-PORTATIL-DE-ALTA-VAZAO.jpg\" \/>\n\t<meta property=\"og:image:width\" content=\"1080\" \/>\n\t<meta property=\"og:image:height\" content=\"1080\" \/>\n\t<meta property=\"og:image:type\" content=\"image\/jpeg\" \/>\n<meta name=\"twitter:card\" content=\"summary_large_image\" \/>\n<meta name=\"twitter:label1\" content=\"Tiempo de lectura\" \/>\n\t<meta name=\"twitter:data1\" content=\"1 minuto\" \/>\n<script type=\"application\/ld+json\" class=\"yoast-schema-graph\">{\"@context\":\"https:\/\/schema.org\",\"@graph\":[{\"@type\":\"WebPage\",\"@id\":\"https:\/\/bozza.com\/es\/produto\/bomba-portatil-de-alto-caudal-aceite-bt-9000\/\",\"url\":\"https:\/\/bozza.com\/es\/produto\/bomba-portatil-de-alto-caudal-aceite-bt-9000\/\",\"name\":\"BOMBA PORT\u00c1TIL DE ALTO CAUDAL - ACEITE BT-9000 | Bozza\",\"isPartOf\":{\"@id\":\"https:\/\/bozza.com\/#website\"},\"primaryImageOfPage\":{\"@id\":\"https:\/\/bozza.com\/es\/produto\/bomba-portatil-de-alto-caudal-aceite-bt-9000\/#primaryimage\"},\"image\":{\"@id\":\"https:\/\/bozza.com\/es\/produto\/bomba-portatil-de-alto-caudal-aceite-bt-9000\/#primaryimage\"},\"thumbnailUrl\":\"https:\/\/bozza.com\/wp-content\/uploads\/2025\/01\/01.421.0733_BT-9000_BOMBA-PORTATIL-DE-ALTA-VAZAO.jpg\",\"datePublished\":\"2025-01-28T19:35:51+00:00\",\"dateModified\":\"2026-04-10T14:39:31+00:00\",\"breadcrumb\":{\"@id\":\"https:\/\/bozza.com\/es\/produto\/bomba-portatil-de-alto-caudal-aceite-bt-9000\/#breadcrumb\"},\"inLanguage\":\"es\",\"potentialAction\":[{\"@type\":\"ReadAction\",\"target\":[\"https:\/\/bozza.com\/es\/produto\/bomba-portatil-de-alto-caudal-aceite-bt-9000\/\"]}]},{\"@type\":\"ImageObject\",\"inLanguage\":\"es\",\"@id\":\"https:\/\/bozza.com\/es\/produto\/bomba-portatil-de-alto-caudal-aceite-bt-9000\/#primaryimage\",\"url\":\"https:\/\/bozza.com\/wp-content\/uploads\/2025\/01\/01.421.0733_BT-9000_BOMBA-PORTATIL-DE-ALTA-VAZAO.jpg\",\"contentUrl\":\"https:\/\/bozza.com\/wp-content\/uploads\/2025\/01\/01.421.0733_BT-9000_BOMBA-PORTATIL-DE-ALTA-VAZAO.jpg\",\"width\":1080,\"height\":1080},{\"@type\":\"BreadcrumbList\",\"@id\":\"https:\/\/bozza.com\/es\/produto\/bomba-portatil-de-alto-caudal-aceite-bt-9000\/#breadcrumb\",\"itemListElement\":[{\"@type\":\"ListItem\",\"position\":1,\"name\":\"In\u00edcio\",\"item\":\"https:\/\/bozza.com\/\"},{\"@type\":\"ListItem\",\"position\":2,\"name\":\"Produtos\",\"item\":\"https:\/\/bozza.com\/?page_id=70036\"},{\"@type\":\"ListItem\",\"position\":3,\"name\":\"BOMBA PORT\u00c1TIL DE ALTO CAUDAL &#8211; ACEITE BT-9000\"}]},{\"@type\":\"WebSite\",\"@id\":\"https:\/\/bozza.com\/#website\",\"url\":\"https:\/\/bozza.com\/\",\"name\":\"Bozza\",\"description\":\"Solu\u00e7\u00f5es em Lubrifica\u00e7\u00e3o\",\"publisher\":{\"@id\":\"https:\/\/bozza.com\/#organization\"},\"potentialAction\":[{\"@type\":\"SearchAction\",\"target\":{\"@type\":\"EntryPoint\",\"urlTemplate\":\"https:\/\/bozza.com\/?s={search_term_string}\"},\"query-input\":{\"@type\":\"PropertyValueSpecification\",\"valueRequired\":true,\"valueName\":\"search_term_string\"}}],\"inLanguage\":\"es\"},{\"@type\":\"Organization\",\"@id\":\"https:\/\/bozza.com\/#organization\",\"name\":\"Bozza\",\"url\":\"https:\/\/bozza.com\/\",\"logo\":{\"@type\":\"ImageObject\",\"inLanguage\":\"es\",\"@id\":\"https:\/\/bozza.com\/#\/schema\/logo\/image\/\",\"url\":\"\",\"contentUrl\":\"\",\"caption\":\"Bozza\"},\"image\":{\"@id\":\"https:\/\/bozza.com\/#\/schema\/logo\/image\/\"},\"sameAs\":[\"https:\/\/www.facebook.com\/bozza.oficial\/\",\"https:\/\/www.instagram.com\/bozzaoficial\/\",\"https:\/\/www.linkedin.com\/company\/bozza\/\",\"https:\/\/www.youtube.com\/channel\/UCQRiHYNpM4VQWF9YxVgSTsw?view_as=subscriber\"]}]}<\/script>\n<!-- \/ Yoast SEO plugin. -->","yoast_head_json":{"title":"BOMBA PORT\u00c1TIL DE ALTO CAUDAL - ACEITE BT-9000 | Bozza","robots":{"index":"index","follow":"follow","max-snippet":"max-snippet:-1","max-image-preview":"max-image-preview:large","max-video-preview":"max-video-preview:-1"},"canonical":"https:\/\/bozza.com\/es\/produto\/bomba-portatil-de-alto-caudal-aceite-bt-9000\/","og_locale":"es_ES","og_type":"article","og_title":"BOMBA PORT\u00c1TIL DE ALTO CAUDAL - ACEITE BT-9000 | Bozza","og_description":"Equipo mo\u0301vil ele\u0301ctrico de suministro o transfere\u0302ncia de aceite lubricante, recomendada para peque\u00f1as y grandes flotas,\u00a0abastecimiento de tanques\u00a0y dep\u00f3sito\u00a0de veh\u00edculos, implementos agr\u00edcolas y m\u00e1quinas en\u00a0general.","og_url":"https:\/\/bozza.com\/es\/produto\/bomba-portatil-de-alto-caudal-aceite-bt-9000\/","og_site_name":"Bozza","article_publisher":"https:\/\/www.facebook.com\/bozza.oficial\/","article_modified_time":"2026-04-10T14:39:31+00:00","og_image":[{"width":1080,"height":1080,"url":"https:\/\/bozza.com\/wp-content\/uploads\/2025\/01\/01.421.0733_BT-9000_BOMBA-PORTATIL-DE-ALTA-VAZAO.jpg","type":"image\/jpeg"}],"twitter_card":"summary_large_image","twitter_misc":{"Tiempo de lectura":"1 minuto"},"schema":{"@context":"https:\/\/schema.org","@graph":[{"@type":"WebPage","@id":"https:\/\/bozza.com\/es\/produto\/bomba-portatil-de-alto-caudal-aceite-bt-9000\/","url":"https:\/\/bozza.com\/es\/produto\/bomba-portatil-de-alto-caudal-aceite-bt-9000\/","name":"BOMBA PORT\u00c1TIL DE ALTO CAUDAL - ACEITE BT-9000 | Bozza","isPartOf":{"@id":"https:\/\/bozza.com\/#website"},"primaryImageOfPage":{"@id":"https:\/\/bozza.com\/es\/produto\/bomba-portatil-de-alto-caudal-aceite-bt-9000\/#primaryimage"},"image":{"@id":"https:\/\/bozza.com\/es\/produto\/bomba-portatil-de-alto-caudal-aceite-bt-9000\/#primaryimage"},"thumbnailUrl":"https:\/\/bozza.com\/wp-content\/uploads\/2025\/01\/01.421.0733_BT-9000_BOMBA-PORTATIL-DE-ALTA-VAZAO.jpg","datePublished":"2025-01-28T19:35:51+00:00","dateModified":"2026-04-10T14:39:31+00:00","breadcrumb":{"@id":"https:\/\/bozza.com\/es\/produto\/bomba-portatil-de-alto-caudal-aceite-bt-9000\/#breadcrumb"},"inLanguage":"es","potentialAction":[{"@type":"ReadAction","target":["https:\/\/bozza.com\/es\/produto\/bomba-portatil-de-alto-caudal-aceite-bt-9000\/"]}]},{"@type":"ImageObject","inLanguage":"es","@id":"https:\/\/bozza.com\/es\/produto\/bomba-portatil-de-alto-caudal-aceite-bt-9000\/#primaryimage","url":"https:\/\/bozza.com\/wp-content\/uploads\/2025\/01\/01.421.0733_BT-9000_BOMBA-PORTATIL-DE-ALTA-VAZAO.jpg","contentUrl":"https:\/\/bozza.com\/wp-content\/uploads\/2025\/01\/01.421.0733_BT-9000_BOMBA-PORTATIL-DE-ALTA-VAZAO.jpg","width":1080,"height":1080},{"@type":"BreadcrumbList","@id":"https:\/\/bozza.com\/es\/produto\/bomba-portatil-de-alto-caudal-aceite-bt-9000\/#breadcrumb","itemListElement":[{"@type":"ListItem","position":1,"name":"In\u00edcio","item":"https:\/\/bozza.com\/"},{"@type":"ListItem","position":2,"name":"Produtos","item":"https:\/\/bozza.com\/?page_id=70036"},{"@type":"ListItem","position":3,"name":"BOMBA PORT\u00c1TIL DE ALTO CAUDAL &#8211; ACEITE BT-9000"}]},{"@type":"WebSite","@id":"https:\/\/bozza.com\/#website","url":"https:\/\/bozza.com\/","name":"Bozza","description":"Solu\u00e7\u00f5es em Lubrifica\u00e7\u00e3o","publisher":{"@id":"https:\/\/bozza.com\/#organization"},"potentialAction":[{"@type":"SearchAction","target":{"@type":"EntryPoint","urlTemplate":"https:\/\/bozza.com\/?s={search_term_string}"},"query-input":{"@type":"PropertyValueSpecification","valueRequired":true,"valueName":"search_term_string"}}],"inLanguage":"es"},{"@type":"Organization","@id":"https:\/\/bozza.com\/#organization","name":"Bozza","url":"https:\/\/bozza.com\/","logo":{"@type":"ImageObject","inLanguage":"es","@id":"https:\/\/bozza.com\/#\/schema\/logo\/image\/","url":"","contentUrl":"","caption":"Bozza"},"image":{"@id":"https:\/\/bozza.com\/#\/schema\/logo\/image\/"},"sameAs":["https:\/\/www.facebook.com\/bozza.oficial\/","https:\/\/www.instagram.com\/bozzaoficial\/","https:\/\/www.linkedin.com\/company\/bozza\/","https:\/\/www.youtube.com\/channel\/UCQRiHYNpM4VQWF9YxVgSTsw?view_as=subscriber"]}]}},"_links":{"self":[{"href":"https:\/\/bozza.com\/es\/wp-json\/wp\/v2\/product\/68648","targetHints":{"allow":["GET"]}}],"collection":[{"href":"https:\/\/bozza.com\/es\/wp-json\/wp\/v2\/product"}],"about":[{"href":"https:\/\/bozza.com\/es\/wp-json\/wp\/v2\/types\/product"}],"wp:featuredmedia":[{"embeddable":true,"href":"https:\/\/bozza.com\/es\/wp-json\/wp\/v2\/media\/68614"}],"wp:attachment":[{"href":"https:\/\/bozza.com\/es\/wp-json\/wp\/v2\/media?parent=68648"}],"wp:term":[{"taxonomy":"product_brand","embeddable":true,"href":"https:\/\/bozza.com\/es\/wp-json\/wp\/v2\/product_brand?post=68648"},{"taxonomy":"product_cat","embeddable":true,"href":"https:\/\/bozza.com\/es\/wp-json\/wp\/v2\/product_cat?post=68648"},{"taxonomy":"product_tag","embeddable":true,"href":"https:\/\/bozza.com\/es\/wp-json\/wp\/v2\/product_tag?post=68648"}],"curies":[{"name":"wp","href":"https:\/\/api.w.org\/{rel}","templated":true}]}}