{"id":68673,"date":"2025-01-17T15:32:22","date_gmt":"2025-01-17T18:32:22","guid":{"rendered":"https:\/\/www.bozza.com\/produto\/pistola-de-pintura-hvlp-sprayboz600\/"},"modified":"2026-04-10T11:40:17","modified_gmt":"2026-04-10T14:40:17","slug":"pistola-de-pintura-hvlp-sprayboz600","status":"publish","type":"product","link":"https:\/\/bozza.com\/es\/produto\/pistola-de-pintura-hvlp-sprayboz600\/","title":{"rendered":"PISTOLA DE PINTURA HVLP &#8211; GRAVIDADE &#8211; SPRAYBOZ-600"},"content":{"rendered":"<ul>\n<li>Tama\u00f1o de la boquilla: \u00d81,4mm;<\/li>\n<li>Presi\u00f3n de aire: 43 PSI;<\/li>\n<li>Rosca de entrada: 1\/4&#8243; BSP F\u00eamea;<\/li>\n<li>Entrada de aire: 1\/4&#8243;;<\/li>\n<li>Capacidad del recipiente: 600 ml;<\/li>\n<li>Rango de pulveriza\u00e7\u00e3o: 180-320mm;<\/li>\n<li>Tipo de alimentaci\u00f3n: Gravidade;<\/li>\n<li>Entrega de fluido: 150-310ml\/min;<\/li>\n<li>Distancia recomendada: 150-200mm.<\/li>\n<\/ul>\n","protected":false},"excerpt":{"rendered":"<p>Pistola de pintura neum\u00e1tica con recipiente y sistema de regulaci\u00f3n. Presi\u00f3n de aire y pintura, indicada para la realizaci\u00f3n de trabajos internos, externos y aplicaci\u00f3n en diversas superficies como: pl\u00e1stico, metal, madera y cer\u00e1mica.<\/p>\n","protected":false},"featured_media":68709,"template":"","meta":{"_acf_changed":false},"product_brand":[],"product_cat":[266,324,328],"product_tag":[],"class_list":{"0":"post-68673","1":"product","2":"type-product","3":"status-publish","4":"has-post-thumbnail","6":"product_cat-boquillasmedidores-y-valvulas","7":"product_cat-lanzamientos","8":"product_cat-todos-os-produtos-es","10":"first","11":"instock","12":"shipping-taxable","13":"product-type-simple"},"acf":[],"yoast_head":"<!-- This site is optimized with the Yoast SEO plugin v26.9 - https:\/\/yoast.com\/product\/yoast-seo-wordpress\/ -->\n<title>PISTOLA DE PINTURA HVLP - GRAVIDADE - SPRAYBOZ-600 | Bozza<\/title>\n<meta name=\"description\" content=\"Spray de Pintura Bozza: Acabado profesional, eficiencia y precisi\u00f3n en cada aplicaci\u00f3n. Ideal en diversas superficies. \u00a1Desc\u00fabrelo ahora!\" \/>\n<meta name=\"robots\" content=\"index, follow, max-snippet:-1, max-image-preview:large, max-video-preview:-1\" \/>\n<link rel=\"canonical\" href=\"https:\/\/bozza.com\/es\/produto\/pistola-de-pintura-hvlp-sprayboz600\/\" \/>\n<meta property=\"og:locale\" content=\"es_ES\" \/>\n<meta property=\"og:type\" content=\"article\" \/>\n<meta property=\"og:title\" content=\"PISTOLA DE PINTURA HVLP - GRAVIDADE - SPRAYBOZ-600 | Bozza\" \/>\n<meta property=\"og:description\" content=\"Spray de Pintura Bozza: Acabado profesional, eficiencia y precisi\u00f3n en cada aplicaci\u00f3n. Ideal en diversas superficies. \u00a1Desc\u00fabrelo ahora!\" \/>\n<meta property=\"og:url\" content=\"https:\/\/bozza.com\/es\/produto\/pistola-de-pintura-hvlp-sprayboz600\/\" \/>\n<meta property=\"og:site_name\" content=\"Bozza\" \/>\n<meta property=\"article:publisher\" content=\"https:\/\/www.facebook.com\/bozza.oficial\/\" \/>\n<meta property=\"article:modified_time\" content=\"2026-04-10T14:40:17+00:00\" \/>\n<meta property=\"og:image\" content=\"https:\/\/bozza.com\/wp-content\/uploads\/2025\/01\/SPRAYBOZ-600.jpg\" \/>\n\t<meta property=\"og:image:width\" content=\"1080\" \/>\n\t<meta property=\"og:image:height\" content=\"1080\" \/>\n\t<meta property=\"og:image:type\" content=\"image\/jpeg\" \/>\n<meta name=\"twitter:card\" content=\"summary_large_image\" \/>\n<meta name=\"twitter:label1\" content=\"Tiempo de lectura\" \/>\n\t<meta name=\"twitter:data1\" content=\"1 minuto\" \/>\n<script type=\"application\/ld+json\" class=\"yoast-schema-graph\">{\"@context\":\"https:\/\/schema.org\",\"@graph\":[{\"@type\":\"WebPage\",\"@id\":\"https:\/\/bozza.com\/es\/produto\/pistola-de-pintura-hvlp-sprayboz600\/\",\"url\":\"https:\/\/bozza.com\/es\/produto\/pistola-de-pintura-hvlp-sprayboz600\/\",\"name\":\"PISTOLA DE PINTURA HVLP - GRAVIDADE - SPRAYBOZ-600 | Bozza\",\"isPartOf\":{\"@id\":\"https:\/\/bozza.com\/#website\"},\"primaryImageOfPage\":{\"@id\":\"https:\/\/bozza.com\/es\/produto\/pistola-de-pintura-hvlp-sprayboz600\/#primaryimage\"},\"image\":{\"@id\":\"https:\/\/bozza.com\/es\/produto\/pistola-de-pintura-hvlp-sprayboz600\/#primaryimage\"},\"thumbnailUrl\":\"https:\/\/bozza.com\/wp-content\/uploads\/2025\/01\/SPRAYBOZ-600.jpg\",\"datePublished\":\"2025-01-17T18:32:22+00:00\",\"dateModified\":\"2026-04-10T14:40:17+00:00\",\"description\":\"Spray de Pintura Bozza: Acabado profesional, eficiencia y precisi\u00f3n en cada aplicaci\u00f3n. Ideal en diversas superficies. \u00a1Desc\u00fabrelo ahora!\",\"breadcrumb\":{\"@id\":\"https:\/\/bozza.com\/es\/produto\/pistola-de-pintura-hvlp-sprayboz600\/#breadcrumb\"},\"inLanguage\":\"es\",\"potentialAction\":[{\"@type\":\"ReadAction\",\"target\":[\"https:\/\/bozza.com\/es\/produto\/pistola-de-pintura-hvlp-sprayboz600\/\"]}]},{\"@type\":\"ImageObject\",\"inLanguage\":\"es\",\"@id\":\"https:\/\/bozza.com\/es\/produto\/pistola-de-pintura-hvlp-sprayboz600\/#primaryimage\",\"url\":\"https:\/\/bozza.com\/wp-content\/uploads\/2025\/01\/SPRAYBOZ-600.jpg\",\"contentUrl\":\"https:\/\/bozza.com\/wp-content\/uploads\/2025\/01\/SPRAYBOZ-600.jpg\",\"width\":1080,\"height\":1080,\"caption\":\"PISTOLA DE PINTURA HVLP \u2013 GRAVIDADE \u2013 SPRAYBOZ-600\"},{\"@type\":\"BreadcrumbList\",\"@id\":\"https:\/\/bozza.com\/es\/produto\/pistola-de-pintura-hvlp-sprayboz600\/#breadcrumb\",\"itemListElement\":[{\"@type\":\"ListItem\",\"position\":1,\"name\":\"In\u00edcio\",\"item\":\"https:\/\/bozza.com\/\"},{\"@type\":\"ListItem\",\"position\":2,\"name\":\"Produtos\",\"item\":\"https:\/\/bozza.com\/?page_id=70036\"},{\"@type\":\"ListItem\",\"position\":3,\"name\":\"PISTOLA DE PINTURA HVLP &#8211; GRAVIDADE &#8211; SPRAYBOZ-600\"}]},{\"@type\":\"WebSite\",\"@id\":\"https:\/\/bozza.com\/#website\",\"url\":\"https:\/\/bozza.com\/\",\"name\":\"Bozza\",\"description\":\"Solu\u00e7\u00f5es em Lubrifica\u00e7\u00e3o\",\"publisher\":{\"@id\":\"https:\/\/bozza.com\/#organization\"},\"potentialAction\":[{\"@type\":\"SearchAction\",\"target\":{\"@type\":\"EntryPoint\",\"urlTemplate\":\"https:\/\/bozza.com\/?s={search_term_string}\"},\"query-input\":{\"@type\":\"PropertyValueSpecification\",\"valueRequired\":true,\"valueName\":\"search_term_string\"}}],\"inLanguage\":\"es\"},{\"@type\":\"Organization\",\"@id\":\"https:\/\/bozza.com\/#organization\",\"name\":\"Bozza\",\"url\":\"https:\/\/bozza.com\/\",\"logo\":{\"@type\":\"ImageObject\",\"inLanguage\":\"es\",\"@id\":\"https:\/\/bozza.com\/#\/schema\/logo\/image\/\",\"url\":\"\",\"contentUrl\":\"\",\"caption\":\"Bozza\"},\"image\":{\"@id\":\"https:\/\/bozza.com\/#\/schema\/logo\/image\/\"},\"sameAs\":[\"https:\/\/www.facebook.com\/bozza.oficial\/\",\"https:\/\/www.instagram.com\/bozzaoficial\/\",\"https:\/\/www.linkedin.com\/company\/bozza\/\",\"https:\/\/www.youtube.com\/channel\/UCQRiHYNpM4VQWF9YxVgSTsw?view_as=subscriber\"]}]}<\/script>\n<!-- \/ Yoast SEO plugin. -->","yoast_head_json":{"title":"PISTOLA DE PINTURA HVLP - GRAVIDADE - SPRAYBOZ-600 | Bozza","description":"Spray de Pintura Bozza: Acabado profesional, eficiencia y precisi\u00f3n en cada aplicaci\u00f3n. Ideal en diversas superficies. \u00a1Desc\u00fabrelo ahora!","robots":{"index":"index","follow":"follow","max-snippet":"max-snippet:-1","max-image-preview":"max-image-preview:large","max-video-preview":"max-video-preview:-1"},"canonical":"https:\/\/bozza.com\/es\/produto\/pistola-de-pintura-hvlp-sprayboz600\/","og_locale":"es_ES","og_type":"article","og_title":"PISTOLA DE PINTURA HVLP - GRAVIDADE - SPRAYBOZ-600 | Bozza","og_description":"Spray de Pintura Bozza: Acabado profesional, eficiencia y precisi\u00f3n en cada aplicaci\u00f3n. Ideal en diversas superficies. \u00a1Desc\u00fabrelo ahora!","og_url":"https:\/\/bozza.com\/es\/produto\/pistola-de-pintura-hvlp-sprayboz600\/","og_site_name":"Bozza","article_publisher":"https:\/\/www.facebook.com\/bozza.oficial\/","article_modified_time":"2026-04-10T14:40:17+00:00","og_image":[{"width":1080,"height":1080,"url":"https:\/\/bozza.com\/wp-content\/uploads\/2025\/01\/SPRAYBOZ-600.jpg","type":"image\/jpeg"}],"twitter_card":"summary_large_image","twitter_misc":{"Tiempo de lectura":"1 minuto"},"schema":{"@context":"https:\/\/schema.org","@graph":[{"@type":"WebPage","@id":"https:\/\/bozza.com\/es\/produto\/pistola-de-pintura-hvlp-sprayboz600\/","url":"https:\/\/bozza.com\/es\/produto\/pistola-de-pintura-hvlp-sprayboz600\/","name":"PISTOLA DE PINTURA HVLP - GRAVIDADE - SPRAYBOZ-600 | Bozza","isPartOf":{"@id":"https:\/\/bozza.com\/#website"},"primaryImageOfPage":{"@id":"https:\/\/bozza.com\/es\/produto\/pistola-de-pintura-hvlp-sprayboz600\/#primaryimage"},"image":{"@id":"https:\/\/bozza.com\/es\/produto\/pistola-de-pintura-hvlp-sprayboz600\/#primaryimage"},"thumbnailUrl":"https:\/\/bozza.com\/wp-content\/uploads\/2025\/01\/SPRAYBOZ-600.jpg","datePublished":"2025-01-17T18:32:22+00:00","dateModified":"2026-04-10T14:40:17+00:00","description":"Spray de Pintura Bozza: Acabado profesional, eficiencia y precisi\u00f3n en cada aplicaci\u00f3n. Ideal en diversas superficies. \u00a1Desc\u00fabrelo ahora!","breadcrumb":{"@id":"https:\/\/bozza.com\/es\/produto\/pistola-de-pintura-hvlp-sprayboz600\/#breadcrumb"},"inLanguage":"es","potentialAction":[{"@type":"ReadAction","target":["https:\/\/bozza.com\/es\/produto\/pistola-de-pintura-hvlp-sprayboz600\/"]}]},{"@type":"ImageObject","inLanguage":"es","@id":"https:\/\/bozza.com\/es\/produto\/pistola-de-pintura-hvlp-sprayboz600\/#primaryimage","url":"https:\/\/bozza.com\/wp-content\/uploads\/2025\/01\/SPRAYBOZ-600.jpg","contentUrl":"https:\/\/bozza.com\/wp-content\/uploads\/2025\/01\/SPRAYBOZ-600.jpg","width":1080,"height":1080,"caption":"PISTOLA DE PINTURA HVLP \u2013 GRAVIDADE \u2013 SPRAYBOZ-600"},{"@type":"BreadcrumbList","@id":"https:\/\/bozza.com\/es\/produto\/pistola-de-pintura-hvlp-sprayboz600\/#breadcrumb","itemListElement":[{"@type":"ListItem","position":1,"name":"In\u00edcio","item":"https:\/\/bozza.com\/"},{"@type":"ListItem","position":2,"name":"Produtos","item":"https:\/\/bozza.com\/?page_id=70036"},{"@type":"ListItem","position":3,"name":"PISTOLA DE PINTURA HVLP &#8211; GRAVIDADE &#8211; SPRAYBOZ-600"}]},{"@type":"WebSite","@id":"https:\/\/bozza.com\/#website","url":"https:\/\/bozza.com\/","name":"Bozza","description":"Solu\u00e7\u00f5es em Lubrifica\u00e7\u00e3o","publisher":{"@id":"https:\/\/bozza.com\/#organization"},"potentialAction":[{"@type":"SearchAction","target":{"@type":"EntryPoint","urlTemplate":"https:\/\/bozza.com\/?s={search_term_string}"},"query-input":{"@type":"PropertyValueSpecification","valueRequired":true,"valueName":"search_term_string"}}],"inLanguage":"es"},{"@type":"Organization","@id":"https:\/\/bozza.com\/#organization","name":"Bozza","url":"https:\/\/bozza.com\/","logo":{"@type":"ImageObject","inLanguage":"es","@id":"https:\/\/bozza.com\/#\/schema\/logo\/image\/","url":"","contentUrl":"","caption":"Bozza"},"image":{"@id":"https:\/\/bozza.com\/#\/schema\/logo\/image\/"},"sameAs":["https:\/\/www.facebook.com\/bozza.oficial\/","https:\/\/www.instagram.com\/bozzaoficial\/","https:\/\/www.linkedin.com\/company\/bozza\/","https:\/\/www.youtube.com\/channel\/UCQRiHYNpM4VQWF9YxVgSTsw?view_as=subscriber"]}]}},"_links":{"self":[{"href":"https:\/\/bozza.com\/es\/wp-json\/wp\/v2\/product\/68673","targetHints":{"allow":["GET"]}}],"collection":[{"href":"https:\/\/bozza.com\/es\/wp-json\/wp\/v2\/product"}],"about":[{"href":"https:\/\/bozza.com\/es\/wp-json\/wp\/v2\/types\/product"}],"wp:featuredmedia":[{"embeddable":true,"href":"https:\/\/bozza.com\/es\/wp-json\/wp\/v2\/media\/68709"}],"wp:attachment":[{"href":"https:\/\/bozza.com\/es\/wp-json\/wp\/v2\/media?parent=68673"}],"wp:term":[{"taxonomy":"product_brand","embeddable":true,"href":"https:\/\/bozza.com\/es\/wp-json\/wp\/v2\/product_brand?post=68673"},{"taxonomy":"product_cat","embeddable":true,"href":"https:\/\/bozza.com\/es\/wp-json\/wp\/v2\/product_cat?post=68673"},{"taxonomy":"product_tag","embeddable":true,"href":"https:\/\/bozza.com\/es\/wp-json\/wp\/v2\/product_tag?post=68673"}],"curies":[{"name":"wp","href":"https:\/\/api.w.org\/{rel}","templated":true}]}}