{"id":68676,"date":"2025-01-28T07:32:58","date_gmt":"2025-01-28T10:32:58","guid":{"rendered":"https:\/\/www.bozza.com\/produto\/valvula-medidor-digital-para-oleo-bz-950\/"},"modified":"2026-04-10T11:39:52","modified_gmt":"2026-04-10T14:39:52","slug":"boquilla-medidor-digital-para-aceite-bz-950","status":"publish","type":"product","link":"https:\/\/bozza.com\/es\/produto\/boquilla-medidor-digital-para-aceite-bz-950\/","title":{"rendered":"BOQUILLA CON MEDIDOR DIGITAL PARA ACEITE BZ-950"},"content":{"rendered":"<ul>\n<li>Caudal\u00a0m\u00e1ximo 35 L\/min<\/li>\n<li>Caudal\u00a0m\u00e1ximo 1 L\/min<\/li>\n<li>Presi\u00f3n de trabajo: 725 PSI (51,7 BAR);<\/li>\n<li>Rosca de entrada: Rosca 1\/2&#8243; NPT hembra;<\/li>\n<li>Rosca de salida: Rosca 1\/2&#8243; NPT hembra;<\/li>\n<li>Precisi\u00f3n \u00b1 0,5%<\/li>\n<li>Temperatura m\u00e1xima de trabajo: 50\u00b0C;<\/li>\n<li>Temperatura m\u00ednima de trabajo: -10\u00b0C;<\/li>\n<li>Compatibilidad: Aceite lubricante hasta SAE-140;<\/li>\n<li>Certificaci\u00f3n de calibraci\u00f3n y sellado por Bozza.<\/li>\n<\/ul>\n","protected":false},"excerpt":{"rendered":"<p>Boquilla con medidor digital integrado, fabricada en Brasil con tecnolog\u00eda de punta. Equipada con un sistema antigoteo avanzado y un medidor electr\u00f3nico, proporcionando un control preciso del volumen de aceite entregado en cada operaci\u00f3n. Ideal para aplicaciones que requieren la transferencia de aceite lubricante a granel con mayor control y precisi\u00f3n.<\/p>\n<p><span style=\"color: #ffffff;\"> <span style=\"color: #ffffff;\">01<\/span>.470.0004 BZ 950 BZ950 BZ-950 B-950 B950 950 95 B95 B9<\/span><\/p>\n","protected":false},"featured_media":68574,"template":"","meta":{"_acf_changed":false},"product_brand":[],"product_cat":[266,251,324,328],"product_tag":[268,329,330,331],"class_list":{"0":"post-68676","1":"product","2":"type-product","3":"status-publish","4":"has-post-thumbnail","6":"product_cat-boquillasmedidores-y-valvulas","7":"product_cat-equipamentos-para-postos-de-servicos-es","8":"product_cat-lanzamientos","9":"product_cat-todos-os-produtos-es","10":"product_tag-oleo-es","11":"product_tag-medidor-digital-es","12":"product_tag-propulsora-es-2","13":"product_tag-transporte-es","15":"first","16":"instock","17":"shipping-taxable","18":"product-type-simple"},"acf":[],"yoast_head":"<!-- This site is optimized with the Yoast SEO plugin v26.9 - https:\/\/yoast.com\/product\/yoast-seo-wordpress\/ -->\n<title>BOQUILLA CON MEDIDOR DIGITAL PARA ACEITE BZ-950 | Bozza<\/title>\n<meta name=\"description\" content=\"Medidor de Aceite Digital BZ-950 con v\u00e1lvula y sistema antigoteo, que permite un mayor control sobre la transferencia del volumen de aceite.\" \/>\n<meta name=\"robots\" content=\"index, follow, max-snippet:-1, max-image-preview:large, max-video-preview:-1\" \/>\n<link rel=\"canonical\" href=\"https:\/\/bozza.com\/es\/produto\/boquilla-medidor-digital-para-aceite-bz-950\/\" \/>\n<meta property=\"og:locale\" content=\"es_ES\" \/>\n<meta property=\"og:type\" content=\"article\" \/>\n<meta property=\"og:title\" content=\"BOQUILLA CON MEDIDOR DIGITAL PARA ACEITE BZ-950 | Bozza\" \/>\n<meta property=\"og:description\" content=\"Medidor de Aceite Digital BZ-950 con v\u00e1lvula y sistema antigoteo, que permite un mayor control sobre la transferencia del volumen de aceite.\" \/>\n<meta property=\"og:url\" content=\"https:\/\/bozza.com\/es\/produto\/boquilla-medidor-digital-para-aceite-bz-950\/\" \/>\n<meta property=\"og:site_name\" content=\"Bozza\" \/>\n<meta property=\"article:publisher\" content=\"https:\/\/www.facebook.com\/bozza.oficial\/\" \/>\n<meta property=\"article:modified_time\" content=\"2026-04-10T14:39:52+00:00\" \/>\n<meta property=\"og:image\" content=\"https:\/\/bozza.com\/wp-content\/uploads\/2025\/01\/01.470.0004_BZ-950_MEDIDOR-DIGITAL-OLEO.jpg\" \/>\n\t<meta property=\"og:image:width\" content=\"1080\" \/>\n\t<meta property=\"og:image:height\" content=\"1080\" \/>\n\t<meta property=\"og:image:type\" content=\"image\/jpeg\" \/>\n<meta name=\"twitter:card\" content=\"summary_large_image\" \/>\n<meta name=\"twitter:label1\" content=\"Tiempo de lectura\" \/>\n\t<meta name=\"twitter:data1\" content=\"1 minuto\" \/>\n<script type=\"application\/ld+json\" class=\"yoast-schema-graph\">{\"@context\":\"https:\/\/schema.org\",\"@graph\":[{\"@type\":\"WebPage\",\"@id\":\"https:\/\/bozza.com\/es\/produto\/boquilla-medidor-digital-para-aceite-bz-950\/\",\"url\":\"https:\/\/bozza.com\/es\/produto\/boquilla-medidor-digital-para-aceite-bz-950\/\",\"name\":\"BOQUILLA CON MEDIDOR DIGITAL PARA ACEITE BZ-950 | Bozza\",\"isPartOf\":{\"@id\":\"https:\/\/bozza.com\/#website\"},\"primaryImageOfPage\":{\"@id\":\"https:\/\/bozza.com\/es\/produto\/boquilla-medidor-digital-para-aceite-bz-950\/#primaryimage\"},\"image\":{\"@id\":\"https:\/\/bozza.com\/es\/produto\/boquilla-medidor-digital-para-aceite-bz-950\/#primaryimage\"},\"thumbnailUrl\":\"https:\/\/bozza.com\/wp-content\/uploads\/2025\/01\/01.470.0004_BZ-950_MEDIDOR-DIGITAL-OLEO.jpg\",\"datePublished\":\"2025-01-28T10:32:58+00:00\",\"dateModified\":\"2026-04-10T14:39:52+00:00\",\"description\":\"Medidor de Aceite Digital BZ-950 con v\u00e1lvula y sistema antigoteo, que permite un mayor control sobre la transferencia del volumen de aceite.\",\"breadcrumb\":{\"@id\":\"https:\/\/bozza.com\/es\/produto\/boquilla-medidor-digital-para-aceite-bz-950\/#breadcrumb\"},\"inLanguage\":\"es\",\"potentialAction\":[{\"@type\":\"ReadAction\",\"target\":[\"https:\/\/bozza.com\/es\/produto\/boquilla-medidor-digital-para-aceite-bz-950\/\"]}]},{\"@type\":\"ImageObject\",\"inLanguage\":\"es\",\"@id\":\"https:\/\/bozza.com\/es\/produto\/boquilla-medidor-digital-para-aceite-bz-950\/#primaryimage\",\"url\":\"https:\/\/bozza.com\/wp-content\/uploads\/2025\/01\/01.470.0004_BZ-950_MEDIDOR-DIGITAL-OLEO.jpg\",\"contentUrl\":\"https:\/\/bozza.com\/wp-content\/uploads\/2025\/01\/01.470.0004_BZ-950_MEDIDOR-DIGITAL-OLEO.jpg\",\"width\":1080,\"height\":1080,\"caption\":\"BZ-950_MEDIDOR-DIGITAL-OLEO-BOZZA\"},{\"@type\":\"BreadcrumbList\",\"@id\":\"https:\/\/bozza.com\/es\/produto\/boquilla-medidor-digital-para-aceite-bz-950\/#breadcrumb\",\"itemListElement\":[{\"@type\":\"ListItem\",\"position\":1,\"name\":\"In\u00edcio\",\"item\":\"https:\/\/bozza.com\/\"},{\"@type\":\"ListItem\",\"position\":2,\"name\":\"Produtos\",\"item\":\"https:\/\/bozza.com\/?page_id=70036\"},{\"@type\":\"ListItem\",\"position\":3,\"name\":\"BOQUILLA CON MEDIDOR DIGITAL PARA ACEITE BZ-950\"}]},{\"@type\":\"WebSite\",\"@id\":\"https:\/\/bozza.com\/#website\",\"url\":\"https:\/\/bozza.com\/\",\"name\":\"Bozza\",\"description\":\"Solu\u00e7\u00f5es em Lubrifica\u00e7\u00e3o\",\"publisher\":{\"@id\":\"https:\/\/bozza.com\/#organization\"},\"potentialAction\":[{\"@type\":\"SearchAction\",\"target\":{\"@type\":\"EntryPoint\",\"urlTemplate\":\"https:\/\/bozza.com\/?s={search_term_string}\"},\"query-input\":{\"@type\":\"PropertyValueSpecification\",\"valueRequired\":true,\"valueName\":\"search_term_string\"}}],\"inLanguage\":\"es\"},{\"@type\":\"Organization\",\"@id\":\"https:\/\/bozza.com\/#organization\",\"name\":\"Bozza\",\"url\":\"https:\/\/bozza.com\/\",\"logo\":{\"@type\":\"ImageObject\",\"inLanguage\":\"es\",\"@id\":\"https:\/\/bozza.com\/#\/schema\/logo\/image\/\",\"url\":\"\",\"contentUrl\":\"\",\"caption\":\"Bozza\"},\"image\":{\"@id\":\"https:\/\/bozza.com\/#\/schema\/logo\/image\/\"},\"sameAs\":[\"https:\/\/www.facebook.com\/bozza.oficial\/\",\"https:\/\/www.instagram.com\/bozzaoficial\/\",\"https:\/\/www.linkedin.com\/company\/bozza\/\",\"https:\/\/www.youtube.com\/channel\/UCQRiHYNpM4VQWF9YxVgSTsw?view_as=subscriber\"]}]}<\/script>\n<!-- \/ Yoast SEO plugin. -->","yoast_head_json":{"title":"BOQUILLA CON MEDIDOR DIGITAL PARA ACEITE BZ-950 | Bozza","description":"Medidor de Aceite Digital BZ-950 con v\u00e1lvula y sistema antigoteo, que permite un mayor control sobre la transferencia del volumen de aceite.","robots":{"index":"index","follow":"follow","max-snippet":"max-snippet:-1","max-image-preview":"max-image-preview:large","max-video-preview":"max-video-preview:-1"},"canonical":"https:\/\/bozza.com\/es\/produto\/boquilla-medidor-digital-para-aceite-bz-950\/","og_locale":"es_ES","og_type":"article","og_title":"BOQUILLA CON MEDIDOR DIGITAL PARA ACEITE BZ-950 | Bozza","og_description":"Medidor de Aceite Digital BZ-950 con v\u00e1lvula y sistema antigoteo, que permite un mayor control sobre la transferencia del volumen de aceite.","og_url":"https:\/\/bozza.com\/es\/produto\/boquilla-medidor-digital-para-aceite-bz-950\/","og_site_name":"Bozza","article_publisher":"https:\/\/www.facebook.com\/bozza.oficial\/","article_modified_time":"2026-04-10T14:39:52+00:00","og_image":[{"width":1080,"height":1080,"url":"https:\/\/bozza.com\/wp-content\/uploads\/2025\/01\/01.470.0004_BZ-950_MEDIDOR-DIGITAL-OLEO.jpg","type":"image\/jpeg"}],"twitter_card":"summary_large_image","twitter_misc":{"Tiempo de lectura":"1 minuto"},"schema":{"@context":"https:\/\/schema.org","@graph":[{"@type":"WebPage","@id":"https:\/\/bozza.com\/es\/produto\/boquilla-medidor-digital-para-aceite-bz-950\/","url":"https:\/\/bozza.com\/es\/produto\/boquilla-medidor-digital-para-aceite-bz-950\/","name":"BOQUILLA CON MEDIDOR DIGITAL PARA ACEITE BZ-950 | Bozza","isPartOf":{"@id":"https:\/\/bozza.com\/#website"},"primaryImageOfPage":{"@id":"https:\/\/bozza.com\/es\/produto\/boquilla-medidor-digital-para-aceite-bz-950\/#primaryimage"},"image":{"@id":"https:\/\/bozza.com\/es\/produto\/boquilla-medidor-digital-para-aceite-bz-950\/#primaryimage"},"thumbnailUrl":"https:\/\/bozza.com\/wp-content\/uploads\/2025\/01\/01.470.0004_BZ-950_MEDIDOR-DIGITAL-OLEO.jpg","datePublished":"2025-01-28T10:32:58+00:00","dateModified":"2026-04-10T14:39:52+00:00","description":"Medidor de Aceite Digital BZ-950 con v\u00e1lvula y sistema antigoteo, que permite un mayor control sobre la transferencia del volumen de aceite.","breadcrumb":{"@id":"https:\/\/bozza.com\/es\/produto\/boquilla-medidor-digital-para-aceite-bz-950\/#breadcrumb"},"inLanguage":"es","potentialAction":[{"@type":"ReadAction","target":["https:\/\/bozza.com\/es\/produto\/boquilla-medidor-digital-para-aceite-bz-950\/"]}]},{"@type":"ImageObject","inLanguage":"es","@id":"https:\/\/bozza.com\/es\/produto\/boquilla-medidor-digital-para-aceite-bz-950\/#primaryimage","url":"https:\/\/bozza.com\/wp-content\/uploads\/2025\/01\/01.470.0004_BZ-950_MEDIDOR-DIGITAL-OLEO.jpg","contentUrl":"https:\/\/bozza.com\/wp-content\/uploads\/2025\/01\/01.470.0004_BZ-950_MEDIDOR-DIGITAL-OLEO.jpg","width":1080,"height":1080,"caption":"BZ-950_MEDIDOR-DIGITAL-OLEO-BOZZA"},{"@type":"BreadcrumbList","@id":"https:\/\/bozza.com\/es\/produto\/boquilla-medidor-digital-para-aceite-bz-950\/#breadcrumb","itemListElement":[{"@type":"ListItem","position":1,"name":"In\u00edcio","item":"https:\/\/bozza.com\/"},{"@type":"ListItem","position":2,"name":"Produtos","item":"https:\/\/bozza.com\/?page_id=70036"},{"@type":"ListItem","position":3,"name":"BOQUILLA CON MEDIDOR DIGITAL PARA ACEITE BZ-950"}]},{"@type":"WebSite","@id":"https:\/\/bozza.com\/#website","url":"https:\/\/bozza.com\/","name":"Bozza","description":"Solu\u00e7\u00f5es em Lubrifica\u00e7\u00e3o","publisher":{"@id":"https:\/\/bozza.com\/#organization"},"potentialAction":[{"@type":"SearchAction","target":{"@type":"EntryPoint","urlTemplate":"https:\/\/bozza.com\/?s={search_term_string}"},"query-input":{"@type":"PropertyValueSpecification","valueRequired":true,"valueName":"search_term_string"}}],"inLanguage":"es"},{"@type":"Organization","@id":"https:\/\/bozza.com\/#organization","name":"Bozza","url":"https:\/\/bozza.com\/","logo":{"@type":"ImageObject","inLanguage":"es","@id":"https:\/\/bozza.com\/#\/schema\/logo\/image\/","url":"","contentUrl":"","caption":"Bozza"},"image":{"@id":"https:\/\/bozza.com\/#\/schema\/logo\/image\/"},"sameAs":["https:\/\/www.facebook.com\/bozza.oficial\/","https:\/\/www.instagram.com\/bozzaoficial\/","https:\/\/www.linkedin.com\/company\/bozza\/","https:\/\/www.youtube.com\/channel\/UCQRiHYNpM4VQWF9YxVgSTsw?view_as=subscriber"]}]}},"_links":{"self":[{"href":"https:\/\/bozza.com\/es\/wp-json\/wp\/v2\/product\/68676","targetHints":{"allow":["GET"]}}],"collection":[{"href":"https:\/\/bozza.com\/es\/wp-json\/wp\/v2\/product"}],"about":[{"href":"https:\/\/bozza.com\/es\/wp-json\/wp\/v2\/types\/product"}],"wp:featuredmedia":[{"embeddable":true,"href":"https:\/\/bozza.com\/es\/wp-json\/wp\/v2\/media\/68574"}],"wp:attachment":[{"href":"https:\/\/bozza.com\/es\/wp-json\/wp\/v2\/media?parent=68676"}],"wp:term":[{"taxonomy":"product_brand","embeddable":true,"href":"https:\/\/bozza.com\/es\/wp-json\/wp\/v2\/product_brand?post=68676"},{"taxonomy":"product_cat","embeddable":true,"href":"https:\/\/bozza.com\/es\/wp-json\/wp\/v2\/product_cat?post=68676"},{"taxonomy":"product_tag","embeddable":true,"href":"https:\/\/bozza.com\/es\/wp-json\/wp\/v2\/product_tag?post=68676"}],"curies":[{"name":"wp","href":"https:\/\/api.w.org\/{rel}","templated":true}]}}