{"id":69107,"date":"2025-04-02T07:12:31","date_gmt":"2025-04-02T10:12:31","guid":{"rendered":"https:\/\/www.bozza.com\/produto\/medidor-volumetrico-eletronico-bozza-b-32-g2-i\/"},"modified":"2026-04-10T11:39:21","modified_gmt":"2026-04-10T14:39:21","slug":"medidor-volumetrico-eletronico-bozza-b-32-g2-i","status":"publish","type":"product","link":"https:\/\/bozza.com\/es\/produto\/medidor-volumetrico-eletronico-bozza-b-32-g2-i\/","title":{"rendered":"Medidor volum\u00e9trico electr\u00f3nico B-32-G2-I"},"content":{"rendered":"<ul>\n<li>Modelo: B-32 \u2013 RE<\/li>\n<li>Caudal m\u00e1ximo: 100 L\/min<\/li>\n<li>Caudal m\u00ednimo: 10 L\/min<\/li>\n<li>Entrada NPT de 1 pulgada (Accesorio incluido: Manguito BSP de 1 pulgada)<\/li>\n<li>Salida NPT de 1 pulgada (Accesorio incluido: Manguito BSP de 1 pulgada)<\/li>\n<li>Presi\u00f3n m\u00e1xima de trabajo: 145 PSI \/ 10 BAR<\/li>\n<li>Precisi\u00f3n \u00b11 %<\/li>\n<\/ul>\n","protected":false},"excerpt":{"rendered":"<p>Medidor volum\u00e9trico electr\u00f3nico con manga BSP de 1\u2033 incluida para gas\u00f3leo, queroseno y arla-32, recomendado para clientes con bajo consumo de fluidos.<\/p>\n<p><strong>*Accesorio incluido: 2x &#8211; 1&#8243; BSP SLEEVE\u00bb<br \/>\n<\/strong><\/p>\n<p><span style=\"color: #ffffff;\">12.470.0014 <span data-sheets-root=\"1\">B 32 RE B32RE B 32 RE<\/span><\/span><\/p>\n","protected":false},"featured_media":1893,"template":"","meta":{"_acf_changed":false},"product_brand":[],"product_cat":[416,266,338,328],"product_tag":[340,341,342],"class_list":{"0":"post-69107","1":"product","2":"type-product","3":"status-publish","4":"has-post-thumbnail","6":"product_cat-arla-32-es-2","7":"product_cat-boquillasmedidores-y-valvulas","8":"product_cat-equipamentos-para-comboio-es","9":"product_cat-todos-os-produtos-es","10":"product_tag-arla32-es","11":"product_tag-eletronico-es","12":"product_tag-medidor-volumetrico-es","14":"first","15":"instock","16":"shipping-taxable","17":"product-type-simple"},"acf":[],"yoast_head":"<!-- This site is optimized with the Yoast SEO plugin v26.9 - https:\/\/yoast.com\/product\/yoast-seo-wordpress\/ -->\n<title>Medidor volum\u00e9trico electr\u00f3nico B-32-G2-I | Bozza Lubrifica\u00e7\u00e3o<\/title>\n<meta name=\"description\" content=\"Medidor volum\u00e9trico eletr\u00f4nico Bozza com luva 1&quot; inclusa, indicado para clientes que consomem \u00f3leo diesel, querosene e arla-32.\" \/>\n<meta name=\"robots\" content=\"index, follow, max-snippet:-1, max-image-preview:large, max-video-preview:-1\" \/>\n<link rel=\"canonical\" href=\"https:\/\/bozza.com\/es\/produto\/medidor-volumetrico-eletronico-bozza-b-32-g2-i\/\" \/>\n<meta property=\"og:locale\" content=\"es_ES\" \/>\n<meta property=\"og:type\" content=\"article\" \/>\n<meta property=\"og:title\" content=\"Medidor volum\u00e9trico electr\u00f3nico B-32-G2-I | Bozza Lubrifica\u00e7\u00e3o\" \/>\n<meta property=\"og:description\" content=\"Medidor volum\u00e9trico eletr\u00f4nico Bozza com luva 1&quot; inclusa, indicado para clientes que consomem \u00f3leo diesel, querosene e arla-32.\" \/>\n<meta property=\"og:url\" content=\"https:\/\/bozza.com\/es\/produto\/medidor-volumetrico-eletronico-bozza-b-32-g2-i\/\" \/>\n<meta property=\"og:site_name\" content=\"Bozza\" \/>\n<meta property=\"article:publisher\" content=\"https:\/\/www.facebook.com\/bozza.oficial\/\" \/>\n<meta property=\"article:modified_time\" content=\"2026-04-10T14:39:21+00:00\" \/>\n<meta property=\"og:image\" content=\"https:\/\/bozza.com\/wp-content\/uploads\/2018\/09\/Bozza_Recortes_VBMedidores_B32.png\" \/>\n\t<meta property=\"og:image:width\" content=\"1200\" \/>\n\t<meta property=\"og:image:height\" content=\"1200\" \/>\n\t<meta property=\"og:image:type\" content=\"image\/png\" \/>\n<meta name=\"twitter:card\" content=\"summary_large_image\" \/>\n<meta name=\"twitter:label1\" content=\"Tiempo de lectura\" \/>\n\t<meta name=\"twitter:data1\" content=\"1 minuto\" \/>\n<script type=\"application\/ld+json\" class=\"yoast-schema-graph\">{\"@context\":\"https:\/\/schema.org\",\"@graph\":[{\"@type\":\"WebPage\",\"@id\":\"https:\/\/bozza.com\/es\/produto\/medidor-volumetrico-eletronico-bozza-b-32-g2-i\/\",\"url\":\"https:\/\/bozza.com\/es\/produto\/medidor-volumetrico-eletronico-bozza-b-32-g2-i\/\",\"name\":\"Medidor volum\u00e9trico electr\u00f3nico B-32-G2-I | Bozza Lubrifica\u00e7\u00e3o\",\"isPartOf\":{\"@id\":\"https:\/\/bozza.com\/#website\"},\"primaryImageOfPage\":{\"@id\":\"https:\/\/bozza.com\/es\/produto\/medidor-volumetrico-eletronico-bozza-b-32-g2-i\/#primaryimage\"},\"image\":{\"@id\":\"https:\/\/bozza.com\/es\/produto\/medidor-volumetrico-eletronico-bozza-b-32-g2-i\/#primaryimage\"},\"thumbnailUrl\":\"https:\/\/bozza.com\/wp-content\/uploads\/2018\/09\/Bozza_Recortes_VBMedidores_B32.png\",\"datePublished\":\"2025-04-02T10:12:31+00:00\",\"dateModified\":\"2026-04-10T14:39:21+00:00\",\"description\":\"Medidor volum\u00e9trico eletr\u00f4nico Bozza com luva 1\\\" inclusa, indicado para clientes que consomem \u00f3leo diesel, querosene e arla-32.\",\"breadcrumb\":{\"@id\":\"https:\/\/bozza.com\/es\/produto\/medidor-volumetrico-eletronico-bozza-b-32-g2-i\/#breadcrumb\"},\"inLanguage\":\"es\",\"potentialAction\":[{\"@type\":\"ReadAction\",\"target\":[\"https:\/\/bozza.com\/es\/produto\/medidor-volumetrico-eletronico-bozza-b-32-g2-i\/\"]}]},{\"@type\":\"ImageObject\",\"inLanguage\":\"es\",\"@id\":\"https:\/\/bozza.com\/es\/produto\/medidor-volumetrico-eletronico-bozza-b-32-g2-i\/#primaryimage\",\"url\":\"https:\/\/bozza.com\/wp-content\/uploads\/2018\/09\/Bozza_Recortes_VBMedidores_B32.png\",\"contentUrl\":\"https:\/\/bozza.com\/wp-content\/uploads\/2018\/09\/Bozza_Recortes_VBMedidores_B32.png\",\"width\":1200,\"height\":1200},{\"@type\":\"BreadcrumbList\",\"@id\":\"https:\/\/bozza.com\/es\/produto\/medidor-volumetrico-eletronico-bozza-b-32-g2-i\/#breadcrumb\",\"itemListElement\":[{\"@type\":\"ListItem\",\"position\":1,\"name\":\"In\u00edcio\",\"item\":\"https:\/\/bozza.com\/\"},{\"@type\":\"ListItem\",\"position\":2,\"name\":\"Produtos\",\"item\":\"https:\/\/bozza.com\/?page_id=70036\"},{\"@type\":\"ListItem\",\"position\":3,\"name\":\"Medidor volum\u00e9trico electr\u00f3nico B-32-G2-I\"}]},{\"@type\":\"WebSite\",\"@id\":\"https:\/\/bozza.com\/#website\",\"url\":\"https:\/\/bozza.com\/\",\"name\":\"Bozza\",\"description\":\"Solu\u00e7\u00f5es em Lubrifica\u00e7\u00e3o\",\"publisher\":{\"@id\":\"https:\/\/bozza.com\/#organization\"},\"potentialAction\":[{\"@type\":\"SearchAction\",\"target\":{\"@type\":\"EntryPoint\",\"urlTemplate\":\"https:\/\/bozza.com\/?s={search_term_string}\"},\"query-input\":{\"@type\":\"PropertyValueSpecification\",\"valueRequired\":true,\"valueName\":\"search_term_string\"}}],\"inLanguage\":\"es\"},{\"@type\":\"Organization\",\"@id\":\"https:\/\/bozza.com\/#organization\",\"name\":\"Bozza\",\"url\":\"https:\/\/bozza.com\/\",\"logo\":{\"@type\":\"ImageObject\",\"inLanguage\":\"es\",\"@id\":\"https:\/\/bozza.com\/#\/schema\/logo\/image\/\",\"url\":\"\",\"contentUrl\":\"\",\"caption\":\"Bozza\"},\"image\":{\"@id\":\"https:\/\/bozza.com\/#\/schema\/logo\/image\/\"},\"sameAs\":[\"https:\/\/www.facebook.com\/bozza.oficial\/\",\"https:\/\/www.instagram.com\/bozzaoficial\/\",\"https:\/\/www.linkedin.com\/company\/bozza\/\",\"https:\/\/www.youtube.com\/channel\/UCQRiHYNpM4VQWF9YxVgSTsw?view_as=subscriber\"]}]}<\/script>\n<!-- \/ Yoast SEO plugin. -->","yoast_head_json":{"title":"Medidor volum\u00e9trico electr\u00f3nico B-32-G2-I | Bozza Lubrifica\u00e7\u00e3o","description":"Medidor volum\u00e9trico eletr\u00f4nico Bozza com luva 1\" inclusa, indicado para clientes que consomem \u00f3leo diesel, querosene e arla-32.","robots":{"index":"index","follow":"follow","max-snippet":"max-snippet:-1","max-image-preview":"max-image-preview:large","max-video-preview":"max-video-preview:-1"},"canonical":"https:\/\/bozza.com\/es\/produto\/medidor-volumetrico-eletronico-bozza-b-32-g2-i\/","og_locale":"es_ES","og_type":"article","og_title":"Medidor volum\u00e9trico electr\u00f3nico B-32-G2-I | Bozza Lubrifica\u00e7\u00e3o","og_description":"Medidor volum\u00e9trico eletr\u00f4nico Bozza com luva 1\" inclusa, indicado para clientes que consomem \u00f3leo diesel, querosene e arla-32.","og_url":"https:\/\/bozza.com\/es\/produto\/medidor-volumetrico-eletronico-bozza-b-32-g2-i\/","og_site_name":"Bozza","article_publisher":"https:\/\/www.facebook.com\/bozza.oficial\/","article_modified_time":"2026-04-10T14:39:21+00:00","og_image":[{"width":1200,"height":1200,"url":"https:\/\/bozza.com\/wp-content\/uploads\/2018\/09\/Bozza_Recortes_VBMedidores_B32.png","type":"image\/png"}],"twitter_card":"summary_large_image","twitter_misc":{"Tiempo de lectura":"1 minuto"},"schema":{"@context":"https:\/\/schema.org","@graph":[{"@type":"WebPage","@id":"https:\/\/bozza.com\/es\/produto\/medidor-volumetrico-eletronico-bozza-b-32-g2-i\/","url":"https:\/\/bozza.com\/es\/produto\/medidor-volumetrico-eletronico-bozza-b-32-g2-i\/","name":"Medidor volum\u00e9trico electr\u00f3nico B-32-G2-I | Bozza Lubrifica\u00e7\u00e3o","isPartOf":{"@id":"https:\/\/bozza.com\/#website"},"primaryImageOfPage":{"@id":"https:\/\/bozza.com\/es\/produto\/medidor-volumetrico-eletronico-bozza-b-32-g2-i\/#primaryimage"},"image":{"@id":"https:\/\/bozza.com\/es\/produto\/medidor-volumetrico-eletronico-bozza-b-32-g2-i\/#primaryimage"},"thumbnailUrl":"https:\/\/bozza.com\/wp-content\/uploads\/2018\/09\/Bozza_Recortes_VBMedidores_B32.png","datePublished":"2025-04-02T10:12:31+00:00","dateModified":"2026-04-10T14:39:21+00:00","description":"Medidor volum\u00e9trico eletr\u00f4nico Bozza com luva 1\" inclusa, indicado para clientes que consomem \u00f3leo diesel, querosene e arla-32.","breadcrumb":{"@id":"https:\/\/bozza.com\/es\/produto\/medidor-volumetrico-eletronico-bozza-b-32-g2-i\/#breadcrumb"},"inLanguage":"es","potentialAction":[{"@type":"ReadAction","target":["https:\/\/bozza.com\/es\/produto\/medidor-volumetrico-eletronico-bozza-b-32-g2-i\/"]}]},{"@type":"ImageObject","inLanguage":"es","@id":"https:\/\/bozza.com\/es\/produto\/medidor-volumetrico-eletronico-bozza-b-32-g2-i\/#primaryimage","url":"https:\/\/bozza.com\/wp-content\/uploads\/2018\/09\/Bozza_Recortes_VBMedidores_B32.png","contentUrl":"https:\/\/bozza.com\/wp-content\/uploads\/2018\/09\/Bozza_Recortes_VBMedidores_B32.png","width":1200,"height":1200},{"@type":"BreadcrumbList","@id":"https:\/\/bozza.com\/es\/produto\/medidor-volumetrico-eletronico-bozza-b-32-g2-i\/#breadcrumb","itemListElement":[{"@type":"ListItem","position":1,"name":"In\u00edcio","item":"https:\/\/bozza.com\/"},{"@type":"ListItem","position":2,"name":"Produtos","item":"https:\/\/bozza.com\/?page_id=70036"},{"@type":"ListItem","position":3,"name":"Medidor volum\u00e9trico electr\u00f3nico B-32-G2-I"}]},{"@type":"WebSite","@id":"https:\/\/bozza.com\/#website","url":"https:\/\/bozza.com\/","name":"Bozza","description":"Solu\u00e7\u00f5es em Lubrifica\u00e7\u00e3o","publisher":{"@id":"https:\/\/bozza.com\/#organization"},"potentialAction":[{"@type":"SearchAction","target":{"@type":"EntryPoint","urlTemplate":"https:\/\/bozza.com\/?s={search_term_string}"},"query-input":{"@type":"PropertyValueSpecification","valueRequired":true,"valueName":"search_term_string"}}],"inLanguage":"es"},{"@type":"Organization","@id":"https:\/\/bozza.com\/#organization","name":"Bozza","url":"https:\/\/bozza.com\/","logo":{"@type":"ImageObject","inLanguage":"es","@id":"https:\/\/bozza.com\/#\/schema\/logo\/image\/","url":"","contentUrl":"","caption":"Bozza"},"image":{"@id":"https:\/\/bozza.com\/#\/schema\/logo\/image\/"},"sameAs":["https:\/\/www.facebook.com\/bozza.oficial\/","https:\/\/www.instagram.com\/bozzaoficial\/","https:\/\/www.linkedin.com\/company\/bozza\/","https:\/\/www.youtube.com\/channel\/UCQRiHYNpM4VQWF9YxVgSTsw?view_as=subscriber"]}]}},"_links":{"self":[{"href":"https:\/\/bozza.com\/es\/wp-json\/wp\/v2\/product\/69107","targetHints":{"allow":["GET"]}}],"collection":[{"href":"https:\/\/bozza.com\/es\/wp-json\/wp\/v2\/product"}],"about":[{"href":"https:\/\/bozza.com\/es\/wp-json\/wp\/v2\/types\/product"}],"wp:featuredmedia":[{"embeddable":true,"href":"https:\/\/bozza.com\/es\/wp-json\/wp\/v2\/media\/1893"}],"wp:attachment":[{"href":"https:\/\/bozza.com\/es\/wp-json\/wp\/v2\/media?parent=69107"}],"wp:term":[{"taxonomy":"product_brand","embeddable":true,"href":"https:\/\/bozza.com\/es\/wp-json\/wp\/v2\/product_brand?post=69107"},{"taxonomy":"product_cat","embeddable":true,"href":"https:\/\/bozza.com\/es\/wp-json\/wp\/v2\/product_cat?post=69107"},{"taxonomy":"product_tag","embeddable":true,"href":"https:\/\/bozza.com\/es\/wp-json\/wp\/v2\/product_tag?post=69107"}],"curies":[{"name":"wp","href":"https:\/\/api.w.org\/{rel}","templated":true}]}}