{"id":81005,"date":"2026-04-15T13:53:43","date_gmt":"2026-04-15T16:53:43","guid":{"rendered":"https:\/\/bozza.com\/produto\/filtro-coalescente-oleo-diesel-cf30m\/"},"modified":"2026-04-15T17:13:36","modified_gmt":"2026-04-15T20:13:36","slug":"filtro-coalescente-oleo-diesel-cf30m","status":"publish","type":"product","link":"https:\/\/bozza.com\/es\/produto\/filtro-coalescente-oleo-diesel-cf30m\/","title":{"rendered":"FILTRO COALESCENTE &#8211; DI\u00c9SEL &#8211; CF-30M"},"content":{"rendered":"<ul>\n<li>Caudal m\u00e1ximo: 100 l\/min;<\/li>\n<li>Medio filtrante: Papel;<\/li>\n<li>Entrada de producto: Rosca hembra BSP de 1&#8243;;<\/li>\n<li>Salida de producto: Rosca hembra BSP de 1&#8243;;<\/li>\n<li>Filtraci\u00f3n m\u00e1xima: 30 \u00b5m;<\/li>\n<li>Temperatura m\u00e1xima de funcionamiento: 60 \u00b0C;<\/li>\n<li>Temperatura m\u00ednima de funcionamiento: 0 \u00b0C;<\/li>\n<li>Presi\u00f3n m\u00e1xima de funcionamiento: 75,5 psi (5 bar)<\/li>\n<li>Compatibilidad: Gas\u00f3leo<\/li>\n<\/ul>\n","protected":false},"excerpt":{"rendered":"<p>Filtro coalescente para gas\u00f3leo. Protege el dep\u00f3sito eliminando el agua del fluido y reteniendo part\u00edculas de hasta 30 micras, evitando que los residuos del motor y los contaminantes regresen al dep\u00f3sito.<\/p>\n","protected":false},"featured_media":80992,"template":"","meta":{"_acf_changed":false},"product_brand":[],"product_cat":[378,338,328],"product_tag":[442,1048,255],"class_list":{"0":"post-81005","1":"product","2":"type-product","3":"status-publish","4":"has-post-thumbnail","6":"product_cat-accesorios","7":"product_cat-equipamentos-para-comboio-es","8":"product_cat-todos-os-produtos-es","9":"product_tag-filtragem-es","10":"product_tag-filtro-es","11":"product_tag-oleo-diesel-es","13":"first","14":"instock","15":"shipping-taxable","16":"product-type-simple"},"acf":[],"yoast_head":"<!-- This site is optimized with the Yoast SEO plugin v26.9 - https:\/\/yoast.com\/product\/yoast-seo-wordpress\/ -->\n<title>FILTRO COALESCENTE - DI\u00c9SEL - CF-30M | Bozza<\/title>\n<meta name=\"robots\" content=\"index, follow, max-snippet:-1, max-image-preview:large, max-video-preview:-1\" \/>\n<link rel=\"canonical\" href=\"https:\/\/bozza.com\/es\/produto\/filtro-coalescente-oleo-diesel-cf30m\/\" \/>\n<meta property=\"og:locale\" content=\"es_ES\" \/>\n<meta property=\"og:type\" content=\"article\" \/>\n<meta property=\"og:title\" content=\"FILTRO COALESCENTE - DI\u00c9SEL - CF-30M | Bozza\" \/>\n<meta property=\"og:description\" content=\"Filtro coalescente para gas\u00f3leo. Protege el dep\u00f3sito eliminando el agua del fluido y reteniendo part\u00edculas de hasta 30 micras, evitando que los residuos del motor y los contaminantes regresen al dep\u00f3sito.\" \/>\n<meta property=\"og:url\" content=\"https:\/\/bozza.com\/es\/produto\/filtro-coalescente-oleo-diesel-cf30m\/\" \/>\n<meta property=\"og:site_name\" content=\"Bozza\" \/>\n<meta property=\"article:publisher\" content=\"https:\/\/www.facebook.com\/bozza.oficial\/\" \/>\n<meta property=\"article:modified_time\" content=\"2026-04-15T20:13:36+00:00\" \/>\n<meta property=\"og:image\" content=\"https:\/\/bozza.com\/wp-content\/uploads\/2026\/04\/12.168.0002_CF-30M_BOZZA-scaled.jpg\" \/>\n\t<meta property=\"og:image:width\" content=\"2560\" \/>\n\t<meta property=\"og:image:height\" content=\"2560\" \/>\n\t<meta property=\"og:image:type\" content=\"image\/jpeg\" \/>\n<meta name=\"twitter:card\" content=\"summary_large_image\" \/>\n<meta name=\"twitter:label1\" content=\"Tiempo de lectura\" \/>\n\t<meta name=\"twitter:data1\" content=\"1 minuto\" \/>\n<script type=\"application\/ld+json\" class=\"yoast-schema-graph\">{\"@context\":\"https:\/\/schema.org\",\"@graph\":[{\"@type\":\"WebPage\",\"@id\":\"https:\/\/bozza.com\/es\/produto\/filtro-coalescente-oleo-diesel-cf30m\/\",\"url\":\"https:\/\/bozza.com\/es\/produto\/filtro-coalescente-oleo-diesel-cf30m\/\",\"name\":\"FILTRO COALESCENTE - DI\u00c9SEL - CF-30M | Bozza\",\"isPartOf\":{\"@id\":\"https:\/\/bozza.com\/#website\"},\"primaryImageOfPage\":{\"@id\":\"https:\/\/bozza.com\/es\/produto\/filtro-coalescente-oleo-diesel-cf30m\/#primaryimage\"},\"image\":{\"@id\":\"https:\/\/bozza.com\/es\/produto\/filtro-coalescente-oleo-diesel-cf30m\/#primaryimage\"},\"thumbnailUrl\":\"https:\/\/bozza.com\/wp-content\/uploads\/2026\/04\/12.168.0002_CF-30M_BOZZA-scaled.jpg\",\"datePublished\":\"2026-04-15T16:53:43+00:00\",\"dateModified\":\"2026-04-15T20:13:36+00:00\",\"breadcrumb\":{\"@id\":\"https:\/\/bozza.com\/es\/produto\/filtro-coalescente-oleo-diesel-cf30m\/#breadcrumb\"},\"inLanguage\":\"es\",\"potentialAction\":[{\"@type\":\"ReadAction\",\"target\":[\"https:\/\/bozza.com\/es\/produto\/filtro-coalescente-oleo-diesel-cf30m\/\"]}]},{\"@type\":\"ImageObject\",\"inLanguage\":\"es\",\"@id\":\"https:\/\/bozza.com\/es\/produto\/filtro-coalescente-oleo-diesel-cf30m\/#primaryimage\",\"url\":\"https:\/\/bozza.com\/wp-content\/uploads\/2026\/04\/12.168.0002_CF-30M_BOZZA-scaled.jpg\",\"contentUrl\":\"https:\/\/bozza.com\/wp-content\/uploads\/2026\/04\/12.168.0002_CF-30M_BOZZA-scaled.jpg\",\"width\":2560,\"height\":2560},{\"@type\":\"BreadcrumbList\",\"@id\":\"https:\/\/bozza.com\/es\/produto\/filtro-coalescente-oleo-diesel-cf30m\/#breadcrumb\",\"itemListElement\":[{\"@type\":\"ListItem\",\"position\":1,\"name\":\"In\u00edcio\",\"item\":\"https:\/\/bozza.com\/\"},{\"@type\":\"ListItem\",\"position\":2,\"name\":\"Produtos\",\"item\":\"https:\/\/bozza.com\/?page_id=70036\"},{\"@type\":\"ListItem\",\"position\":3,\"name\":\"FILTRO COALESCENTE &#8211; DI\u00c9SEL &#8211; CF-30M\"}]},{\"@type\":\"WebSite\",\"@id\":\"https:\/\/bozza.com\/#website\",\"url\":\"https:\/\/bozza.com\/\",\"name\":\"Bozza\",\"description\":\"Solu\u00e7\u00f5es em Lubrifica\u00e7\u00e3o\",\"publisher\":{\"@id\":\"https:\/\/bozza.com\/#organization\"},\"potentialAction\":[{\"@type\":\"SearchAction\",\"target\":{\"@type\":\"EntryPoint\",\"urlTemplate\":\"https:\/\/bozza.com\/?s={search_term_string}\"},\"query-input\":{\"@type\":\"PropertyValueSpecification\",\"valueRequired\":true,\"valueName\":\"search_term_string\"}}],\"inLanguage\":\"es\"},{\"@type\":\"Organization\",\"@id\":\"https:\/\/bozza.com\/#organization\",\"name\":\"Bozza\",\"url\":\"https:\/\/bozza.com\/\",\"logo\":{\"@type\":\"ImageObject\",\"inLanguage\":\"es\",\"@id\":\"https:\/\/bozza.com\/#\/schema\/logo\/image\/\",\"url\":\"\",\"contentUrl\":\"\",\"caption\":\"Bozza\"},\"image\":{\"@id\":\"https:\/\/bozza.com\/#\/schema\/logo\/image\/\"},\"sameAs\":[\"https:\/\/www.facebook.com\/bozza.oficial\/\",\"https:\/\/www.instagram.com\/bozzaoficial\/\",\"https:\/\/www.linkedin.com\/company\/bozza\/\",\"https:\/\/www.youtube.com\/channel\/UCQRiHYNpM4VQWF9YxVgSTsw?view_as=subscriber\"]}]}<\/script>\n<!-- \/ Yoast SEO plugin. -->","yoast_head_json":{"title":"FILTRO COALESCENTE - DI\u00c9SEL - CF-30M | Bozza","robots":{"index":"index","follow":"follow","max-snippet":"max-snippet:-1","max-image-preview":"max-image-preview:large","max-video-preview":"max-video-preview:-1"},"canonical":"https:\/\/bozza.com\/es\/produto\/filtro-coalescente-oleo-diesel-cf30m\/","og_locale":"es_ES","og_type":"article","og_title":"FILTRO COALESCENTE - DI\u00c9SEL - CF-30M | Bozza","og_description":"Filtro coalescente para gas\u00f3leo. Protege el dep\u00f3sito eliminando el agua del fluido y reteniendo part\u00edculas de hasta 30 micras, evitando que los residuos del motor y los contaminantes regresen al dep\u00f3sito.","og_url":"https:\/\/bozza.com\/es\/produto\/filtro-coalescente-oleo-diesel-cf30m\/","og_site_name":"Bozza","article_publisher":"https:\/\/www.facebook.com\/bozza.oficial\/","article_modified_time":"2026-04-15T20:13:36+00:00","og_image":[{"width":2560,"height":2560,"url":"https:\/\/bozza.com\/wp-content\/uploads\/2026\/04\/12.168.0002_CF-30M_BOZZA-scaled.jpg","type":"image\/jpeg"}],"twitter_card":"summary_large_image","twitter_misc":{"Tiempo de lectura":"1 minuto"},"schema":{"@context":"https:\/\/schema.org","@graph":[{"@type":"WebPage","@id":"https:\/\/bozza.com\/es\/produto\/filtro-coalescente-oleo-diesel-cf30m\/","url":"https:\/\/bozza.com\/es\/produto\/filtro-coalescente-oleo-diesel-cf30m\/","name":"FILTRO COALESCENTE - DI\u00c9SEL - CF-30M | Bozza","isPartOf":{"@id":"https:\/\/bozza.com\/#website"},"primaryImageOfPage":{"@id":"https:\/\/bozza.com\/es\/produto\/filtro-coalescente-oleo-diesel-cf30m\/#primaryimage"},"image":{"@id":"https:\/\/bozza.com\/es\/produto\/filtro-coalescente-oleo-diesel-cf30m\/#primaryimage"},"thumbnailUrl":"https:\/\/bozza.com\/wp-content\/uploads\/2026\/04\/12.168.0002_CF-30M_BOZZA-scaled.jpg","datePublished":"2026-04-15T16:53:43+00:00","dateModified":"2026-04-15T20:13:36+00:00","breadcrumb":{"@id":"https:\/\/bozza.com\/es\/produto\/filtro-coalescente-oleo-diesel-cf30m\/#breadcrumb"},"inLanguage":"es","potentialAction":[{"@type":"ReadAction","target":["https:\/\/bozza.com\/es\/produto\/filtro-coalescente-oleo-diesel-cf30m\/"]}]},{"@type":"ImageObject","inLanguage":"es","@id":"https:\/\/bozza.com\/es\/produto\/filtro-coalescente-oleo-diesel-cf30m\/#primaryimage","url":"https:\/\/bozza.com\/wp-content\/uploads\/2026\/04\/12.168.0002_CF-30M_BOZZA-scaled.jpg","contentUrl":"https:\/\/bozza.com\/wp-content\/uploads\/2026\/04\/12.168.0002_CF-30M_BOZZA-scaled.jpg","width":2560,"height":2560},{"@type":"BreadcrumbList","@id":"https:\/\/bozza.com\/es\/produto\/filtro-coalescente-oleo-diesel-cf30m\/#breadcrumb","itemListElement":[{"@type":"ListItem","position":1,"name":"In\u00edcio","item":"https:\/\/bozza.com\/"},{"@type":"ListItem","position":2,"name":"Produtos","item":"https:\/\/bozza.com\/?page_id=70036"},{"@type":"ListItem","position":3,"name":"FILTRO COALESCENTE &#8211; DI\u00c9SEL &#8211; CF-30M"}]},{"@type":"WebSite","@id":"https:\/\/bozza.com\/#website","url":"https:\/\/bozza.com\/","name":"Bozza","description":"Solu\u00e7\u00f5es em Lubrifica\u00e7\u00e3o","publisher":{"@id":"https:\/\/bozza.com\/#organization"},"potentialAction":[{"@type":"SearchAction","target":{"@type":"EntryPoint","urlTemplate":"https:\/\/bozza.com\/?s={search_term_string}"},"query-input":{"@type":"PropertyValueSpecification","valueRequired":true,"valueName":"search_term_string"}}],"inLanguage":"es"},{"@type":"Organization","@id":"https:\/\/bozza.com\/#organization","name":"Bozza","url":"https:\/\/bozza.com\/","logo":{"@type":"ImageObject","inLanguage":"es","@id":"https:\/\/bozza.com\/#\/schema\/logo\/image\/","url":"","contentUrl":"","caption":"Bozza"},"image":{"@id":"https:\/\/bozza.com\/#\/schema\/logo\/image\/"},"sameAs":["https:\/\/www.facebook.com\/bozza.oficial\/","https:\/\/www.instagram.com\/bozzaoficial\/","https:\/\/www.linkedin.com\/company\/bozza\/","https:\/\/www.youtube.com\/channel\/UCQRiHYNpM4VQWF9YxVgSTsw?view_as=subscriber"]}]}},"_links":{"self":[{"href":"https:\/\/bozza.com\/es\/wp-json\/wp\/v2\/product\/81005","targetHints":{"allow":["GET"]}}],"collection":[{"href":"https:\/\/bozza.com\/es\/wp-json\/wp\/v2\/product"}],"about":[{"href":"https:\/\/bozza.com\/es\/wp-json\/wp\/v2\/types\/product"}],"wp:featuredmedia":[{"embeddable":true,"href":"https:\/\/bozza.com\/es\/wp-json\/wp\/v2\/media\/80992"}],"wp:attachment":[{"href":"https:\/\/bozza.com\/es\/wp-json\/wp\/v2\/media?parent=81005"}],"wp:term":[{"taxonomy":"product_brand","embeddable":true,"href":"https:\/\/bozza.com\/es\/wp-json\/wp\/v2\/product_brand?post=81005"},{"taxonomy":"product_cat","embeddable":true,"href":"https:\/\/bozza.com\/es\/wp-json\/wp\/v2\/product_cat?post=81005"},{"taxonomy":"product_tag","embeddable":true,"href":"https:\/\/bozza.com\/es\/wp-json\/wp\/v2\/product_tag?post=81005"}],"curies":[{"name":"wp","href":"https:\/\/api.w.org\/{rel}","templated":true}]}}